{"id":10429,"date":"2024-03-08T00:00:00","date_gmt":"2024-03-07T23:00:00","guid":{"rendered":"https:\/\/www.l-iz.de\/finanzen\/mieteinnahmen-krankenversicherung\/"},"modified":"2024-05-08T18:11:45","modified_gmt":"2024-05-08T16:11:45","slug":"mieteinnahmen-krankenversicherung","status":"publish","type":"page","link":"https:\/\/www.l-iz.de\/finanzen\/private-krankenversicherung\/mieteinnahmen-krankenversicherung\/","title":{"rendered":"Mieteinnahmen gef\u00e4hrden Beitragsfreiheit: Krankenversicherung 2026"},"content":{"rendered":"<h2 class=\"whitespace-pre-wrap\">Familienversicherung in der GKV: Vorsicht bei Zusatzeink\u00fcnften!<\/h2>\n<h3 class=\"whitespace-pre-wrap\">Die Familienversicherung ist zweifelsohne ein attraktives Angebot<\/h3>\n<p class=\"whitespace-pre-wrap\">F\u00fcr viele Familien ist die kostenlose Mitversicherung von Kindern und Ehepartnern in der Gesetzlichen Krankenversicherung (GKV) eine willkommene finanzielle Entlastung. Doch wie so oft im Leben gibt es auch bei dieser Regelung einige Fallstricke zu beachten. Ein k\u00fcrzlich ergangenes Gerichtsurteil zeigt, dass Zusatzeink\u00fcnfte der Mitversicherten schnell zum Verlust des Anspruchs auf die beitragsfreie Familienversicherung f\u00fchren k\u00f6nnen.<\/p>\n<div style=\"width: 100%\" id=\"tcpp-iframe-pkv\"><\/div>\n<p><script src=\"https:\/\/form.partner-versicherung.de\/widgets\/135180\/tcpp-iframe-pkv\/pkv-iframe.js\"><\/script><\/p>\n<h3 class=\"whitespace-pre-wrap\">Einkommensgrenze beachten!<\/h3>\n<p class=\"whitespace-pre-wrap\">Der Kern der Sache ist eine Einkommensgrenze, die f\u00fcr die Mitversicherung in der Familienversicherung nicht \u00fcberschritten werden darf. Im Jahr 2023 liegt diese Grenze bei monatlich 470 Euro. Nur wer unter dieser Schwelle bleibt, kann von seinem Ehepartner oder den Eltern kostenfrei mitversichert werden.<\/p>\n<p class=\"whitespace-pre-wrap\">Ausnahmen, aber&#8230; Nun gibt es zwar einige Ausnahmen, die vor\u00fcbergehend ein \u00dcberschreiten der Grenze erlauben, etwa durch Elterngeld oder gelegentliche Aushilfsjobs. Allerdings: Wer dauerhaft oder in gr\u00f6\u00dferem Umfang weitere Eink\u00fcnfte erzielt, riskiert den Verlust der Familienversicherung.<\/p>\n<h2 class=\"whitespace-pre-wrap\">Gerichtsurteil zeigt Konsequenzen<\/h2>\n<p class=\"whitespace-pre-wrap\">Wie ernst die Krankenkassen dieses Thema nehmen, zeigt ein aktuelles Urteil des Sozialgerichts D\u00fcsseldorf. In dem Fall ging es um eine 79-j\u00e4hrige Frau, die jahrelang Mieteinnahmen aus Immobilien verschwiegen und so unrechtm\u00e4\u00dfig in der Familienversicherung ihres Ehemanns verblieben war.<\/p>\n<p class=\"whitespace-pre-wrap\">Die Krankenkasse erfuhr schlie\u00dflich von den Eink\u00fcnften aus Vermietung und Verpachtung, die sich auf j\u00e4hrlich rund 20.000 bis 30.000 Euro beliefen \u2013 deutlich \u00fcber der Einkommensgrenze. Die Kasse hob daraufhin die Familienversicherung der Frau r\u00fcckwirkend auf und wandelte sie in eine beitragspflichtige Mitgliedschaft um.<\/p>\n<h3 class=\"whitespace-pre-wrap\">Rosinenpickerei wird kritisiert<\/h3>\n<p class=\"whitespace-pre-wrap\">Die Kl\u00e4gerin versuchte, sich mit dem Argument zu wehren, dass die &#8222;Zusammenveranlagung im Steuerrecht f\u00fcr die Sozialversicherung nicht verbindlich sei&#8220;. Das Gericht wies diese Argumentation jedoch entschieden zur\u00fcck.<\/p>\n<p class=\"whitespace-pre-wrap\">In der Urteilsbegr\u00fcndung hei\u00dft es, ein &#8222;Dispositionsrecht k\u00f6nne nicht in Anpassung an die jeweilige Vorteilhaftigkeit einzelner Rechtsgebiete unterschiedlich ausge\u00fcbt werden&#8220;. Mit anderen Worten: Die Frau konnte sich nicht einfach die f\u00fcr sie jeweils g\u00fcnstigsten Angaben zur Einkommensh\u00f6he herauspicken.<\/p>\n<p class=\"whitespace-pre-wrap\"><strong>Das Urteil ist eindeutig<\/strong>: Die Krankenkasse handelte rechtm\u00e4\u00dfig, als sie die Familienversicherung r\u00fcckwirkend aufhob und Beitr\u00e4ge nachforderte \u2013 denn die Kl\u00e4gerin hatte \u00fcber Jahre gegen die Vorschriften versto\u00dfen.<\/p>\n<p class=\"whitespace-pre-wrap\">Korrekte Angaben sind Pflicht Das Urteil unterstreicht, wie wichtig es ist, der Krankenkasse korrekte und vollst\u00e4ndige Angaben zu allen Eink\u00fcnften zu machen. Andernfalls droht nicht nur der Verlust der Familienversicherung, sondern im schlimmsten Fall auch eine saftige Nachzahlungsforderung.<\/p>\n<p class=\"whitespace-pre-wrap\">Wer sicher gehen m\u00f6chte, sollte vorab alle m\u00f6glichen Einkommensquellen sorgf\u00e4ltig pr\u00fcfen und offenlegen. Dazu geh\u00f6ren neben Mieteinnahmen beispielsweise auch Kapitalertr\u00e4ge, Unterhalts- oder Unterst\u00fctzungszahlungen und selbst gelegentliche Nebeneink\u00fcnfte aus Gelegenheitsjobs.<\/p>\n<h3 class=\"whitespace-pre-wrap\">Lohnendes Angebot mit Pflichten<\/h3>\n<p class=\"whitespace-pre-wrap\">Die Familienversicherung bleibt f\u00fcr die meisten Haushalte trotz der strengen Regeln ein sehr attraktives Angebot: Kinder und Ehepartner sind ohne Zusatzkosten abgesichert, solange die Einkommensgrenze eingehalten wird.<\/p>\n<p class=\"whitespace-pre-wrap\">Wer die Vorschriften beachtet und der Krankenkasse gegen\u00fcber vollst\u00e4ndige und korrekte Angaben macht, kann die finanzielle Entlastung durch die Familienversicherung ohne Bedenken in Anspruch nehmen. Eine lohnende Option \u2013 aber nur bei korrektem Vorgehen.<\/p>\n<p class=\"whitespace-pre-wrap\">Abseits der reinen Geldfrage bringt die Familienversicherung noch einen weiteren Pluspunkt mit sich: Alle Familienmitglieder sind in einem Vertrag zusammengefasst, was den \u00dcberblick erleichtert und im Krankheitsfall viele Formalit\u00e4ten erspart.<\/p>\n<h3 class=\"whitespace-pre-wrap\">Vorteile auf beiden Seiten<\/h3>\n<p class=\"whitespace-pre-wrap\">F\u00fcr die Krankenkassen ist die Familienversicherung ebenfalls attraktiv, denn sie sichert ihnen langfristig die Beitragszahler von morgen. Es ist also ein Geben und Nehmen: Die Versicherten profitieren von der kostenlosen Absicherung, die Kassen binden bereits in jungen Jahren potenzielle Kunden.<\/p>\n<h2 class=\"whitespace-pre-wrap\">Fazit: Ein faires Angebot<\/h2>\n<p class=\"whitespace-pre-wrap\">Solange die Regeln eingehalten werden, ist die Familienversicherung in der Gesetzlichen Krankenversicherung ein faires und ausgewogenes Angebot f\u00fcr Versicherte und Kassen gleicherma\u00dfen. Als Kunde sollte man jedoch stets korrekt mit den Eink\u00fcnften umgehen \u2013 der rechtliche Weg f\u00fchrt hier zu keinem Vorteil.<\/p>\n<p class=\"whitespace-pre-wrap\">Stattdessen lohnt es sich, die komfortable M\u00f6glichkeit der Familienversicherung bestm\u00f6glich zu nutzen und dabei die Vorgaben zu respektieren. Eine bequeme und vor allem kosteng\u00fcnstige Option, die den Familienhaushalt sp\u00fcrbar entlastet.<\/p>\n","protected":false},"excerpt":{"rendered":"<p>Familienversicherung in der GKV: Vorsicht bei Zusatzeink\u00fcnften! Die Familienversicherung ist zweifelsohne ein attraktives Angebot F\u00fcr viele Familien ist die kostenlose Mitversicherung von Kindern und Ehepartnern in der Gesetzlichen Krankenversicherung (GKV) eine willkommene finanzielle Entlastung. Doch wie so oft im Leben gibt es auch bei dieser Regelung einige Fallstricke zu beachten. Ein k\u00fcrzlich ergangenes Gerichtsurteil zeigt, [&hellip;]<\/p>\n","protected":false},"author":1,"featured_media":0,"parent":0,"menu_order":0,"comment_status":"open","ping_status":"closed","template":"","meta":{"footnotes":""},"class_list":["post-10429","page","type-page","status-publish","hentry"],"yoast_head":"<!-- This site is optimized with the Yoast SEO plugin v25.4 - https:\/\/yoast.com\/wordpress\/plugins\/seo\/ -->\n<title>Mieteinnahmen gef\u00e4hrden Beitragsfreiheit: Krankenversicherung 2026 - Leipziger Zeitung<\/title>\n<meta name=\"robots\" content=\"index, follow, max-snippet:-1, max-image-preview:large, max-video-preview:-1\" \/>\n<link rel=\"canonical\" href=\"https:\/\/www.l-iz.de\/finanzen\/private-krankenversicherung\/mieteinnahmen-krankenversicherung\/\" \/>\n<meta property=\"og:locale\" content=\"de_DE\" \/>\n<meta property=\"og:type\" content=\"article\" \/>\n<meta property=\"og:title\" content=\"Mieteinnahmen gef\u00e4hrden Beitragsfreiheit: Krankenversicherung [yyyy] - Leipziger Zeitung\" \/>\n<meta property=\"og:description\" content=\"Familienversicherung in der GKV: Vorsicht bei Zusatzeink\u00fcnften! Die Familienversicherung ist zweifelsohne ein attraktives Angebot F\u00fcr viele Familien ist die kostenlose Mitversicherung von Kindern und Ehepartnern in der Gesetzlichen Krankenversicherung (GKV) eine willkommene finanzielle Entlastung. Doch wie so oft im Leben gibt es auch bei dieser Regelung einige Fallstricke zu beachten. Ein k\u00fcrzlich ergangenes Gerichtsurteil zeigt, [&hellip;]\" \/>\n<meta property=\"og:url\" content=\"https:\/\/www.l-iz.de\/finanzen\/private-krankenversicherung\/mieteinnahmen-krankenversicherung\/\" \/>\n<meta property=\"og:site_name\" content=\"Leipziger Zeitung\" \/>\n<meta property=\"article:publisher\" content=\"https:\/\/www.facebook.com\/LeipzigerInternetZeitung\" \/>\n<meta property=\"article:modified_time\" content=\"2024-05-08T16:11:45+00:00\" \/>\n<meta name=\"twitter:card\" content=\"summary_large_image\" \/>\n<meta name=\"twitter:label1\" content=\"Gesch\u00e4tzte Lesezeit\" \/>\n\t<meta name=\"twitter:data1\" content=\"4\u00a0Minuten\" \/>\n<script type=\"application\/ld+json\" class=\"yoast-schema-graph\">{\"@context\":\"https:\/\/schema.org\",\"@graph\":[{\"@type\":\"WebPage\",\"@id\":\"https:\/\/www.l-iz.de\/finanzen\/private-krankenversicherung\/mieteinnahmen-krankenversicherung\/\",\"url\":\"https:\/\/www.l-iz.de\/finanzen\/private-krankenversicherung\/mieteinnahmen-krankenversicherung\/\",\"name\":\"Mieteinnahmen gef\u00e4hrden Beitragsfreiheit: Krankenversicherung [yyyy] - Leipziger Zeitung\",\"isPartOf\":{\"@id\":\"https:\/\/www.l-iz.de\/finanzen\/#website\"},\"datePublished\":\"2024-03-07T23:00:00+00:00\",\"dateModified\":\"2024-05-08T16:11:45+00:00\",\"breadcrumb\":{\"@id\":\"https:\/\/www.l-iz.de\/finanzen\/private-krankenversicherung\/mieteinnahmen-krankenversicherung\/#breadcrumb\"},\"inLanguage\":\"de\",\"potentialAction\":[{\"@type\":\"ReadAction\",\"target\":[\"https:\/\/www.l-iz.de\/finanzen\/private-krankenversicherung\/mieteinnahmen-krankenversicherung\/\"]}]},{\"@type\":\"BreadcrumbList\",\"@id\":\"https:\/\/www.l-iz.de\/finanzen\/private-krankenversicherung\/mieteinnahmen-krankenversicherung\/#breadcrumb\",\"itemListElement\":[{\"@type\":\"ListItem\",\"position\":1,\"name\":\"Startseite\",\"item\":\"https:\/\/www.l-iz.de\/finanzen\/\"},{\"@type\":\"ListItem\",\"position\":2,\"name\":\"Mieteinnahmen gef\u00e4hrden Beitragsfreiheit: Krankenversicherung 2024\"}]},{\"@type\":\"WebSite\",\"@id\":\"https:\/\/www.l-iz.de\/finanzen\/#website\",\"url\":\"https:\/\/www.l-iz.de\/finanzen\/\",\"name\":\"Leipziger Zeitung\",\"description\":\"Finanz-Anbieter Vergleich &amp; Test [yyyy]: Bewertungen + Erfahrungen\",\"publisher\":{\"@id\":\"https:\/\/www.l-iz.de\/finanzen\/#organization\"},\"potentialAction\":[{\"@type\":\"SearchAction\",\"target\":{\"@type\":\"EntryPoint\",\"urlTemplate\":\"https:\/\/www.l-iz.de\/finanzen\/?s={search_term_string}\"},\"query-input\":{\"@type\":\"PropertyValueSpecification\",\"valueRequired\":true,\"valueName\":\"search_term_string\"}}],\"inLanguage\":\"de\"},{\"@type\":\"Organization\",\"@id\":\"https:\/\/www.l-iz.de\/finanzen\/#organization\",\"name\":\"LZ Medien GmbH\",\"url\":\"https:\/\/www.l-iz.de\/finanzen\/\",\"logo\":{\"@type\":\"ImageObject\",\"inLanguage\":\"de\",\"@id\":\"https:\/\/www.l-iz.de\/finanzen\/#\/schema\/logo\/image\/\",\"url\":\"https:\/\/www.l-iz.de\/finanzen\/wp-content\/uploads\/2022\/09\/cropped-l-iz-logo.jpg\",\"contentUrl\":\"https:\/\/www.l-iz.de\/finanzen\/wp-content\/uploads\/2022\/09\/cropped-l-iz-logo.jpg\",\"width\":1280,\"height\":387,\"caption\":\"LZ Medien GmbH\"},\"image\":{\"@id\":\"https:\/\/www.l-iz.de\/finanzen\/#\/schema\/logo\/image\/\"},\"sameAs\":[\"https:\/\/www.facebook.com\/LeipzigerInternetZeitung\",\"https:\/\/www.youtube.com\/c\/L-izDe\"]}]}<\/script>\n<!-- \/ Yoast SEO plugin. -->","yoast_head_json":{"title":"Mieteinnahmen gef\u00e4hrden Beitragsfreiheit: Krankenversicherung 2026 - Leipziger Zeitung","robots":{"index":"index","follow":"follow","max-snippet":"max-snippet:-1","max-image-preview":"max-image-preview:large","max-video-preview":"max-video-preview:-1"},"canonical":"https:\/\/www.l-iz.de\/finanzen\/private-krankenversicherung\/mieteinnahmen-krankenversicherung\/","og_locale":"de_DE","og_type":"article","og_title":"Mieteinnahmen gef\u00e4hrden Beitragsfreiheit: Krankenversicherung [yyyy] - Leipziger Zeitung","og_description":"Familienversicherung in der GKV: Vorsicht bei Zusatzeink\u00fcnften! Die Familienversicherung ist zweifelsohne ein attraktives Angebot F\u00fcr viele Familien ist die kostenlose Mitversicherung von Kindern und Ehepartnern in der Gesetzlichen Krankenversicherung (GKV) eine willkommene finanzielle Entlastung. Doch wie so oft im Leben gibt es auch bei dieser Regelung einige Fallstricke zu beachten. Ein k\u00fcrzlich ergangenes Gerichtsurteil zeigt, [&hellip;]","og_url":"https:\/\/www.l-iz.de\/finanzen\/private-krankenversicherung\/mieteinnahmen-krankenversicherung\/","og_site_name":"Leipziger Zeitung","article_publisher":"https:\/\/www.facebook.com\/LeipzigerInternetZeitung","article_modified_time":"2024-05-08T16:11:45+00:00","twitter_card":"summary_large_image","twitter_misc":{"Gesch\u00e4tzte Lesezeit":"4\u00a0Minuten"},"schema":{"@context":"https:\/\/schema.org","@graph":[{"@type":"WebPage","@id":"https:\/\/www.l-iz.de\/finanzen\/private-krankenversicherung\/mieteinnahmen-krankenversicherung\/","url":"https:\/\/www.l-iz.de\/finanzen\/private-krankenversicherung\/mieteinnahmen-krankenversicherung\/","name":"Mieteinnahmen gef\u00e4hrden Beitragsfreiheit: Krankenversicherung [yyyy] - Leipziger Zeitung","isPartOf":{"@id":"https:\/\/www.l-iz.de\/finanzen\/#website"},"datePublished":"2024-03-07T23:00:00+00:00","dateModified":"2024-05-08T16:11:45+00:00","breadcrumb":{"@id":"https:\/\/www.l-iz.de\/finanzen\/private-krankenversicherung\/mieteinnahmen-krankenversicherung\/#breadcrumb"},"inLanguage":"de","potentialAction":[{"@type":"ReadAction","target":["https:\/\/www.l-iz.de\/finanzen\/private-krankenversicherung\/mieteinnahmen-krankenversicherung\/"]}]},{"@type":"BreadcrumbList","@id":"https:\/\/www.l-iz.de\/finanzen\/private-krankenversicherung\/mieteinnahmen-krankenversicherung\/#breadcrumb","itemListElement":[{"@type":"ListItem","position":1,"name":"Startseite","item":"https:\/\/www.l-iz.de\/finanzen\/"},{"@type":"ListItem","position":2,"name":"Mieteinnahmen gef\u00e4hrden Beitragsfreiheit: Krankenversicherung 2024"}]},{"@type":"WebSite","@id":"https:\/\/www.l-iz.de\/finanzen\/#website","url":"https:\/\/www.l-iz.de\/finanzen\/","name":"Leipziger Zeitung","description":"Finanz-Anbieter Vergleich &amp; Test [yyyy]: Bewertungen + Erfahrungen","publisher":{"@id":"https:\/\/www.l-iz.de\/finanzen\/#organization"},"potentialAction":[{"@type":"SearchAction","target":{"@type":"EntryPoint","urlTemplate":"https:\/\/www.l-iz.de\/finanzen\/?s={search_term_string}"},"query-input":{"@type":"PropertyValueSpecification","valueRequired":true,"valueName":"search_term_string"}}],"inLanguage":"de"},{"@type":"Organization","@id":"https:\/\/www.l-iz.de\/finanzen\/#organization","name":"LZ Medien GmbH","url":"https:\/\/www.l-iz.de\/finanzen\/","logo":{"@type":"ImageObject","inLanguage":"de","@id":"https:\/\/www.l-iz.de\/finanzen\/#\/schema\/logo\/image\/","url":"https:\/\/www.l-iz.de\/finanzen\/wp-content\/uploads\/2022\/09\/cropped-l-iz-logo.jpg","contentUrl":"https:\/\/www.l-iz.de\/finanzen\/wp-content\/uploads\/2022\/09\/cropped-l-iz-logo.jpg","width":1280,"height":387,"caption":"LZ Medien GmbH"},"image":{"@id":"https:\/\/www.l-iz.de\/finanzen\/#\/schema\/logo\/image\/"},"sameAs":["https:\/\/www.facebook.com\/LeipzigerInternetZeitung","https:\/\/www.youtube.com\/c\/L-izDe"]}]}},"_links":{"self":[{"href":"https:\/\/www.l-iz.de\/finanzen\/wp-json\/wp\/v2\/pages\/10429","targetHints":{"allow":["GET"]}}],"collection":[{"href":"https:\/\/www.l-iz.de\/finanzen\/wp-json\/wp\/v2\/pages"}],"about":[{"href":"https:\/\/www.l-iz.de\/finanzen\/wp-json\/wp\/v2\/types\/page"}],"author":[{"embeddable":true,"href":"https:\/\/www.l-iz.de\/finanzen\/wp-json\/wp\/v2\/users\/1"}],"replies":[{"embeddable":true,"href":"https:\/\/www.l-iz.de\/finanzen\/wp-json\/wp\/v2\/comments?post=10429"}],"version-history":[{"count":3,"href":"https:\/\/www.l-iz.de\/finanzen\/wp-json\/wp\/v2\/pages\/10429\/revisions"}],"predecessor-version":[{"id":10799,"href":"https:\/\/www.l-iz.de\/finanzen\/wp-json\/wp\/v2\/pages\/10429\/revisions\/10799"}],"wp:attachment":[{"href":"https:\/\/www.l-iz.de\/finanzen\/wp-json\/wp\/v2\/media?parent=10429"}],"curies":[{"name":"wp","href":"https:\/\/api.w.org\/{rel}","templated":true}]}}