{"id":10782,"date":"2024-05-07T00:00:00","date_gmt":"2024-05-06T22:00:00","guid":{"rendered":"https:\/\/www.l-iz.de\/finanzen\/hausratversicherungen-testsieger\/"},"modified":"2024-05-07T00:00:00","modified_gmt":"2024-05-06T22:00:00","slug":"hausratversicherungen-testsieger","status":"publish","type":"page","link":"https:\/\/www.l-iz.de\/finanzen\/hausratversicherungen-testsieger\/","title":{"rendered":"Die Hausratversicherungen Testsieger 2026"},"content":{"rendered":"<p>Hausratversicherungen sind f\u00fcr viele Menschen ein wichtiges Thema, schlie\u00dflich sollen sie im Falle eines Schadens oder Diebstahls den Wert ihres Hausrats absichern. Doch bei der gro\u00dfen Auswahl an Anbietern und Tarifen f\u00e4llt es oft schwer, den \u00dcberblick zu behalten. Aus diesem Grund haben wir uns die besten Hausratversicherungen auf dem deutschen Markt genauer angesehen und einen Test durchgef\u00fchrt. In diesem Artikel stellen wir Ihnen die Testsieger vor und zeigen Ihnen, worauf Sie bei der Auswahl einer Hausratversicherung achten sollten.<\/p>\n<p>(Shortcode)<br \/>\nWas ist eine Hausratversicherung?<\/p>\n<p>Eine Hausratversicherung ist eine Sachversicherung, die den Hausrat des Versicherungsnehmers gegen Sch\u00e4den oder Verluste absichert. Zum Hausrat z\u00e4hlen alle beweglichen Gegenst\u00e4nde, die sich in der Wohnung oder dem Haus befinden, wie M\u00f6bel, Elektroger\u00e4te, Kleidung oder Schmuck. Auch Fahrr\u00e4der und andere Wertgegenst\u00e4nde sind in der Regel mitversichert.<\/p>\n<p>Im Schadensfall \u00fcbernimmt die Versicherung die Kosten f\u00fcr Reparaturen oder den Ersatz des besch\u00e4digten oder gestohlenen Hausrats. Die genauen Leistungen k\u00f6nnen je nach Versicherungstarif variieren, deshalb ist es wichtig, im Vorfeld die Bedingungen der Versicherung zu pr\u00fcfen.<\/p>\n<p>Welche Kriterien sollte eine gute Hausratversicherung erf\u00fcllen?<\/p>\n<p>Bevor Sie sich f\u00fcr eine Hausratversicherung entscheiden, sollten Sie einige Kriterien beachten. Dazu z\u00e4hlen unter anderem:<\/p>\n<p>&#8211; Deckungssumme: Die H\u00f6he der Deckungssumme sollte ausreichend hoch sein, um im Schadensfall den gesamten Hausrat abzudecken. Eine Unterversicherung kann dazu f\u00fchren, dass die Versicherung im Ernstfall nicht alle Kosten \u00fcbernimmt.<\/p>\n<p>&#8211; Versicherungsumfang: Achten Sie darauf, dass alle wichtigen Sch\u00e4den, wie z.B. Feuer-, Einbruch- oder Wassersch\u00e4den, in der Versicherung mit abgedeckt sind.<\/p>\n<p>&#8211; Selbstbeteiligung: Oftmals bieten Versicherungen niedrigere Beitr\u00e4ge an, wenn der Versicherte bereit ist, im Schadensfall einen Teil der Kosten selbst zu tragen. \u00dcberlegen Sie, ob Sie eine h\u00f6here Selbstbeteiligung in Kauf nehmen m\u00f6chten, um die Beitr\u00e4ge zu senken.<\/p>\n<p>&#8211; Versicherungsort: Die meisten Hausratversicherungen bieten einen Versicherungsschutz f\u00fcr die Wohnung oder das Haus an. Wenn Sie h\u00e4ufig unterwegs sind und auch dort wertvolle Gegenst\u00e4nde aufbewahren, ist es sinnvoll, eine Versicherung abzuschlie\u00dfen, die auch au\u00dferhalb des Versicherungsorts gilt.<\/p>\n<p>&#8211; Zusatzleistungen: Manche Versicherungen bieten Zusatzleistungen an, wie z.B. einen Fahrradschutzbrief oder eine Absicherung f\u00fcr Elementarsch\u00e4den. Diese k\u00f6nnen je nach Bedarf sinnvoll sein.<\/p>\n<p>Welche Hausratversicherungen haben im Test \u00fcberzeugt?<\/p>\n<p>Im Rahmen unseres Tests haben wir verschiedene Hausratversicherungen auf Herz und Nieren gepr\u00fcft. Dabei haben wir nicht nur die Konditionen, sondern auch den Service und die Erfahrungen anderer Kunden miteinbezogen. Folgende Versicherungen haben uns besonders \u00fcberzeugt:<\/p>\n<p>1. HUK-COBURG: Die Hausratversicherung der HUK-COBURG konnte in unserem Test mit einem sehr guten Preis-Leistungs-Verh\u00e4ltnis punkten. Auch der Service und die schnelle Schadensregulierung haben uns \u00fcberzeugt.<\/p>\n<p>2. Allianz: Die Hausratversicherung der Allianz bietet einen umfassenden Versicherungsschutz und \u00fcberzeugt zudem mit einem guten Preis-Leistungs-Verh\u00e4ltnis. Auch die schnelle Schadensregulierung und der kompetente Kundenservice haben uns \u00fcberzeugt.<\/p>\n<p>3. DEVK: Die Hausratversicherung der DEVK \u00fcberzeugt mit einem sehr guten Versicherungsumfang zu einem fairen Preis. Auch der kundenorientierte Service und die schnelle Schadensregulierung haben uns im Test \u00fcberzeugt.<\/p>\n<p>Schadensfall: Was tun bei einem Schaden?<\/p>\n<p>Im Falle eines Schadens sollten Sie schnell handeln, um weitere Sch\u00e4den zu vermeiden. Informieren Sie zun\u00e4chst die Versicherung \u00fcber den Schaden und lassen Sie sich die Schadensmeldung best\u00e4tigen. Sammeln Sie au\u00dferdem alle relevanten Unterlagen, wie z.B. Rechnungen oder Fotos des besch\u00e4digten Hausrats.<\/p>\n<p>In der Regel muss der Schaden innerhalb einer bestimmten Frist bei der Versicherung gemeldet werden, deshalb ist es wichtig, schnell zu handeln. Die Versicherung wird den Schaden begutachten und die Kosten f\u00fcr Reparaturen oder den Ersatz des besch\u00e4digten Hausrats \u00fcbernehmen.<\/p>\n<p>Fazit<\/p>\n<p>Eine Hausratversicherung ist f\u00fcr Mieter und Eigent\u00fcmer gleicherma\u00dfen wichtig, um den Wert ihres Hausrats zu sch\u00fctzen. Bei der Auswahl einer Versicherung sollten Sie die Konditionen, den Versicherungsumfang und den Service genau pr\u00fcfen. Unsere Testsieger HUK-COBURG, Allianz und DEVK bieten einen umfassenden Versicherungsschutz zu einem fairen Preis und konnten uns im Test \u00fcberzeugen. Im Schadensfall ist es wichtig, schnell zu handeln und alle relevanten Unterlagen zu sammeln, um eine schnelle Schadensregulierung zu gew\u00e4hrleisten.<\/p>\n<p>Hausratversicherungen \u2013 Testbericht: Welche ist die beste f\u00fcr Sie?<\/p>\n<p>In der heutigen Zeit ist es wichtig, seinen Besitz abzusichern. Ein wichtiger Schritt hierbei ist der Abschluss einer Hausratversicherung, die im Falle eines Schadens an Ihrem Hausrat f\u00fcr finanzielle Sicherheit sorgt. Doch bei der Vielzahl an Angeboten ist es oft schwierig, die passende Hausratversicherung zu finden. In diesem Testbericht werden wir uns die Testsieger der Hausratversicherungen genauer ansehen und Ihnen Tipps geben, worauf Sie bei der Auswahl achten sollten.<\/p>\n<p>Hintergrundinformationen zur Hausratversicherung<\/p>\n<p>Eine Hausratversicherung sch\u00fctzt Ihr Hab und Gut in Ihren eigenen vier W\u00e4nden. Sie deckt Sch\u00e4den, die durch Einbruch, Brand, Sturm, Wasser oder Leitungswasser entstehen k\u00f6nnen. Auch Sch\u00e4den durch Vandalismus oder Diebstahl sind in der Regel mitversichert.<\/p>\n<p>In der Regel deckt eine Hausratversicherung Sch\u00e4den an M\u00f6beln, Elektroger\u00e4ten, Kleidung und anderen Gegenst\u00e4nden im Haushalt ab. Auch Gartenm\u00f6bel, Fahrr\u00e4der und Wertsachen wie Schmuck oder Bargeld k\u00f6nnen je nach Versicherungssumme mitversichert werden.<\/p>\n<p>Step-by-Step Anleitung f\u00fcr den Abschluss einer Hausratversicherung<\/p>\n<p>1. Schritt: Bestandsaufnahme machen<br \/>\nBevor Sie eine Hausratversicherung abschlie\u00dfen, sollten Sie eine Bestandsaufnahme machen und Ihre Besitzt\u00fcmer sch\u00e4tzen. Hierbei sollten Sie nicht nur den Neuwert, sondern auch den Zeitwert ber\u00fccksichtigen. Der Zeitwert entspricht dem aktuellen Wert des Gegenstandes unter Ber\u00fccksichtigung der Abnutzung.<\/p>\n<p>2. Schritt: Versicherungssumme festlegen<br \/>\nBasierend auf der Bestandsaufnahme sollten Sie die Versicherungssumme festlegen. Diese sollte ausreichend hoch sein, um im Schadensfall alle Gegenst\u00e4nde ersetzen zu k\u00f6nnen. Achten Sie jedoch darauf, nicht zu hoch zu versichern, da Sie sonst zu hohe Beitr\u00e4ge zahlen.<\/p>\n<p>3. Schritt: Versicherungsangebote vergleichen<br \/>\nIm Internet finden Sie zahlreiche Vergleichsportale, die Ihnen dabei helfen, die passende Hausratversicherung zu finden. Geben Sie hierbei Ihre pers\u00f6nlichen Daten und die gew\u00fcnschte Versicherungssumme ein, um passende Angebote zu erhalten.<\/p>\n<p>4. Schritt: Leistungen vergleichen<br \/>\nNeben dem Preis ist es auch wichtig, die Leistungen der verschiedenen Anbieter zu vergleichen. Achten Sie hierbei besonders auf eventuelle Ausschl\u00fcsse in den Versicherungsbedingungen und vergleichen Sie, welche Sch\u00e4den abgedeckt sind.<\/p>\n<p>5. Schritt: Kontakt zum Versicherer aufnehmen<br \/>\nWenn Sie sich f\u00fcr einen Anbieter entschieden haben, k\u00f6nnen Sie \u00fcber das Vergleichsportal oder direkt beim Versicherer Kontakt aufnehmen. Hier erhalten Sie weitere Informationen und k\u00f6nnen den Vertrag abschlie\u00dfen.<\/p>\n<p>Testbericht: Die besten Hausratversicherungen im Vergleich<\/p>\n<p>In verschiedenen Tests wurden die Leistungen und der Service von Hausratversicherungen verglichen. Dabei wurden folgende Anbieter als Testsieger gek\u00fcrt:<\/p>\n<p>1. Platz: HUK-Coburg<br \/>\nDie HUK-Coburg \u00fcberzeugt mit g\u00fcnstigen Beitr\u00e4gen und einer umfangreichen Absicherung. Auch der Service wurde von den Testern als sehr gut bewertet.<\/p>\n<p>2. Platz: Allianz<br \/>\nDie Allianz bietet ebenfalls eine gute Absicherung, jedoch zu etwas h\u00f6heren Beitr\u00e4gen als die HUK-Coburg. Daf\u00fcr \u00fcberzeugt sie mit einem guten Kundenservice und schneller Schadensregulierung.<\/p>\n<p>3. Platz: Debeka<br \/>\nDie Debeka punktet vor allem mit dem besten Preis-Leistungs-Verh\u00e4ltnis. Auch in puncto Service und Schadensregulierung wird sie von den Testern positiv bewertet.<\/p>\n<p>Tipps f\u00fcr den Abschluss einer Hausratversicherung<\/p>\n<p>&#8211; Achten Sie unbedingt auf die Versicherungsbedingungen und schlie\u00dfen Sie keine Versicherung ab, die wichtige Sch\u00e4den ausschlie\u00dft.<br \/>\n&#8211; Vergleichen Sie nicht nur die Beitr\u00e4ge, sondern auch die Leistungen der verschiedenen Anbieter.<br \/>\n&#8211; \u00dcberpr\u00fcfen Sie regelm\u00e4\u00dfig Ihre Versicherungssumme und passen Sie diese bei Bedarf an.<br \/>\n&#8211; Informieren Sie sich \u00fcber eventuelle Rabatte, z.B. bei Abschluss mehrerer Versicherungen beim gleichen Anbieter.<br \/>\n&#8211; Lesen Sie vor Vertragsabschluss alle Unterlagen sorgf\u00e4ltig durch und lassen Sie sich bei Unklarheiten beraten.<\/p>\n<p>Fazit: Eine Hausratversicherung ist ein wichtiger Schutz f\u00fcr Ihr Hab und Gut. Bevor Sie sich f\u00fcr einen Anbieter entscheiden, sollten Sie jedoch verschiedene Angebote vergleichen und auf die Leistungen achten. Mit den oben genannten Tipps sind Sie bestens f\u00fcr den Abschluss einer Hausratversicherung ger\u00fcstet.<\/p>\n","protected":false},"excerpt":{"rendered":"<p>Hausratversicherungen sind f\u00fcr viele Menschen ein wichtiges Thema, schlie\u00dflich sollen sie im Falle eines Schadens oder Diebstahls den Wert ihres Hausrats absichern. Doch bei der gro\u00dfen Auswahl an Anbietern und Tarifen f\u00e4llt es oft schwer, den \u00dcberblick zu behalten. Aus diesem Grund haben wir uns die besten Hausratversicherungen auf dem deutschen Markt genauer angesehen und [&hellip;]<\/p>\n","protected":false},"author":1,"featured_media":0,"parent":0,"menu_order":0,"comment_status":"open","ping_status":"closed","template":"","meta":{"footnotes":""},"class_list":["post-10782","page","type-page","status-publish","hentry"],"yoast_head":"<!-- This site is optimized with the Yoast SEO plugin v25.4 - https:\/\/yoast.com\/wordpress\/plugins\/seo\/ -->\n<title>Die Hausratversicherungen Testsieger 2026 - Leipziger Zeitung<\/title>\n<meta name=\"robots\" content=\"index, follow, max-snippet:-1, max-image-preview:large, max-video-preview:-1\" \/>\n<link rel=\"canonical\" href=\"https:\/\/www.l-iz.de\/finanzen\/hausratversicherungen-testsieger\/\" \/>\n<meta property=\"og:locale\" content=\"de_DE\" \/>\n<meta property=\"og:type\" content=\"article\" \/>\n<meta property=\"og:title\" content=\"Die Hausratversicherungen Testsieger [yyyy] - Leipziger Zeitung\" \/>\n<meta property=\"og:description\" content=\"Hausratversicherungen sind f\u00fcr viele Menschen ein wichtiges Thema, schlie\u00dflich sollen sie im Falle eines Schadens oder Diebstahls den Wert ihres Hausrats absichern. Doch bei der gro\u00dfen Auswahl an Anbietern und Tarifen f\u00e4llt es oft schwer, den \u00dcberblick zu behalten. Aus diesem Grund haben wir uns die besten Hausratversicherungen auf dem deutschen Markt genauer angesehen und [&hellip;]\" \/>\n<meta property=\"og:url\" content=\"https:\/\/www.l-iz.de\/finanzen\/hausratversicherungen-testsieger\/\" \/>\n<meta property=\"og:site_name\" content=\"Leipziger Zeitung\" \/>\n<meta property=\"article:publisher\" content=\"https:\/\/www.facebook.com\/LeipzigerInternetZeitung\" \/>\n<meta name=\"twitter:card\" content=\"summary_large_image\" \/>\n<meta name=\"twitter:label1\" content=\"Gesch\u00e4tzte Lesezeit\" \/>\n\t<meta name=\"twitter:data1\" content=\"6\u00a0Minuten\" \/>\n<script type=\"application\/ld+json\" class=\"yoast-schema-graph\">{\"@context\":\"https:\/\/schema.org\",\"@graph\":[{\"@type\":\"WebPage\",\"@id\":\"https:\/\/www.l-iz.de\/finanzen\/hausratversicherungen-testsieger\/\",\"url\":\"https:\/\/www.l-iz.de\/finanzen\/hausratversicherungen-testsieger\/\",\"name\":\"Die Hausratversicherungen Testsieger [yyyy] - Leipziger Zeitung\",\"isPartOf\":{\"@id\":\"https:\/\/www.l-iz.de\/finanzen\/#website\"},\"datePublished\":\"2024-05-06T22:00:00+00:00\",\"breadcrumb\":{\"@id\":\"https:\/\/www.l-iz.de\/finanzen\/hausratversicherungen-testsieger\/#breadcrumb\"},\"inLanguage\":\"de\",\"potentialAction\":[{\"@type\":\"ReadAction\",\"target\":[\"https:\/\/www.l-iz.de\/finanzen\/hausratversicherungen-testsieger\/\"]}]},{\"@type\":\"BreadcrumbList\",\"@id\":\"https:\/\/www.l-iz.de\/finanzen\/hausratversicherungen-testsieger\/#breadcrumb\",\"itemListElement\":[{\"@type\":\"ListItem\",\"position\":1,\"name\":\"Startseite\",\"item\":\"https:\/\/www.l-iz.de\/finanzen\/\"},{\"@type\":\"ListItem\",\"position\":2,\"name\":\"Die Hausratversicherungen Testsieger 2024\"}]},{\"@type\":\"WebSite\",\"@id\":\"https:\/\/www.l-iz.de\/finanzen\/#website\",\"url\":\"https:\/\/www.l-iz.de\/finanzen\/\",\"name\":\"Leipziger Zeitung\",\"description\":\"Finanz-Anbieter Vergleich &amp; Test [yyyy]: Bewertungen + Erfahrungen\",\"publisher\":{\"@id\":\"https:\/\/www.l-iz.de\/finanzen\/#organization\"},\"potentialAction\":[{\"@type\":\"SearchAction\",\"target\":{\"@type\":\"EntryPoint\",\"urlTemplate\":\"https:\/\/www.l-iz.de\/finanzen\/?s={search_term_string}\"},\"query-input\":{\"@type\":\"PropertyValueSpecification\",\"valueRequired\":true,\"valueName\":\"search_term_string\"}}],\"inLanguage\":\"de\"},{\"@type\":\"Organization\",\"@id\":\"https:\/\/www.l-iz.de\/finanzen\/#organization\",\"name\":\"LZ Medien GmbH\",\"url\":\"https:\/\/www.l-iz.de\/finanzen\/\",\"logo\":{\"@type\":\"ImageObject\",\"inLanguage\":\"de\",\"@id\":\"https:\/\/www.l-iz.de\/finanzen\/#\/schema\/logo\/image\/\",\"url\":\"https:\/\/www.l-iz.de\/finanzen\/wp-content\/uploads\/2022\/09\/cropped-l-iz-logo.jpg\",\"contentUrl\":\"https:\/\/www.l-iz.de\/finanzen\/wp-content\/uploads\/2022\/09\/cropped-l-iz-logo.jpg\",\"width\":1280,\"height\":387,\"caption\":\"LZ Medien GmbH\"},\"image\":{\"@id\":\"https:\/\/www.l-iz.de\/finanzen\/#\/schema\/logo\/image\/\"},\"sameAs\":[\"https:\/\/www.facebook.com\/LeipzigerInternetZeitung\",\"https:\/\/www.youtube.com\/c\/L-izDe\"]}]}<\/script>\n<!-- \/ Yoast SEO plugin. -->","yoast_head_json":{"title":"Die Hausratversicherungen Testsieger 2026 - Leipziger Zeitung","robots":{"index":"index","follow":"follow","max-snippet":"max-snippet:-1","max-image-preview":"max-image-preview:large","max-video-preview":"max-video-preview:-1"},"canonical":"https:\/\/www.l-iz.de\/finanzen\/hausratversicherungen-testsieger\/","og_locale":"de_DE","og_type":"article","og_title":"Die Hausratversicherungen Testsieger [yyyy] - Leipziger Zeitung","og_description":"Hausratversicherungen sind f\u00fcr viele Menschen ein wichtiges Thema, schlie\u00dflich sollen sie im Falle eines Schadens oder Diebstahls den Wert ihres Hausrats absichern. Doch bei der gro\u00dfen Auswahl an Anbietern und Tarifen f\u00e4llt es oft schwer, den \u00dcberblick zu behalten. Aus diesem Grund haben wir uns die besten Hausratversicherungen auf dem deutschen Markt genauer angesehen und [&hellip;]","og_url":"https:\/\/www.l-iz.de\/finanzen\/hausratversicherungen-testsieger\/","og_site_name":"Leipziger Zeitung","article_publisher":"https:\/\/www.facebook.com\/LeipzigerInternetZeitung","twitter_card":"summary_large_image","twitter_misc":{"Gesch\u00e4tzte Lesezeit":"6\u00a0Minuten"},"schema":{"@context":"https:\/\/schema.org","@graph":[{"@type":"WebPage","@id":"https:\/\/www.l-iz.de\/finanzen\/hausratversicherungen-testsieger\/","url":"https:\/\/www.l-iz.de\/finanzen\/hausratversicherungen-testsieger\/","name":"Die Hausratversicherungen Testsieger [yyyy] - Leipziger Zeitung","isPartOf":{"@id":"https:\/\/www.l-iz.de\/finanzen\/#website"},"datePublished":"2024-05-06T22:00:00+00:00","breadcrumb":{"@id":"https:\/\/www.l-iz.de\/finanzen\/hausratversicherungen-testsieger\/#breadcrumb"},"inLanguage":"de","potentialAction":[{"@type":"ReadAction","target":["https:\/\/www.l-iz.de\/finanzen\/hausratversicherungen-testsieger\/"]}]},{"@type":"BreadcrumbList","@id":"https:\/\/www.l-iz.de\/finanzen\/hausratversicherungen-testsieger\/#breadcrumb","itemListElement":[{"@type":"ListItem","position":1,"name":"Startseite","item":"https:\/\/www.l-iz.de\/finanzen\/"},{"@type":"ListItem","position":2,"name":"Die Hausratversicherungen Testsieger 2024"}]},{"@type":"WebSite","@id":"https:\/\/www.l-iz.de\/finanzen\/#website","url":"https:\/\/www.l-iz.de\/finanzen\/","name":"Leipziger Zeitung","description":"Finanz-Anbieter Vergleich &amp; Test [yyyy]: Bewertungen + Erfahrungen","publisher":{"@id":"https:\/\/www.l-iz.de\/finanzen\/#organization"},"potentialAction":[{"@type":"SearchAction","target":{"@type":"EntryPoint","urlTemplate":"https:\/\/www.l-iz.de\/finanzen\/?s={search_term_string}"},"query-input":{"@type":"PropertyValueSpecification","valueRequired":true,"valueName":"search_term_string"}}],"inLanguage":"de"},{"@type":"Organization","@id":"https:\/\/www.l-iz.de\/finanzen\/#organization","name":"LZ Medien GmbH","url":"https:\/\/www.l-iz.de\/finanzen\/","logo":{"@type":"ImageObject","inLanguage":"de","@id":"https:\/\/www.l-iz.de\/finanzen\/#\/schema\/logo\/image\/","url":"https:\/\/www.l-iz.de\/finanzen\/wp-content\/uploads\/2022\/09\/cropped-l-iz-logo.jpg","contentUrl":"https:\/\/www.l-iz.de\/finanzen\/wp-content\/uploads\/2022\/09\/cropped-l-iz-logo.jpg","width":1280,"height":387,"caption":"LZ Medien GmbH"},"image":{"@id":"https:\/\/www.l-iz.de\/finanzen\/#\/schema\/logo\/image\/"},"sameAs":["https:\/\/www.facebook.com\/LeipzigerInternetZeitung","https:\/\/www.youtube.com\/c\/L-izDe"]}]}},"_links":{"self":[{"href":"https:\/\/www.l-iz.de\/finanzen\/wp-json\/wp\/v2\/pages\/10782","targetHints":{"allow":["GET"]}}],"collection":[{"href":"https:\/\/www.l-iz.de\/finanzen\/wp-json\/wp\/v2\/pages"}],"about":[{"href":"https:\/\/www.l-iz.de\/finanzen\/wp-json\/wp\/v2\/types\/page"}],"author":[{"embeddable":true,"href":"https:\/\/www.l-iz.de\/finanzen\/wp-json\/wp\/v2\/users\/1"}],"replies":[{"embeddable":true,"href":"https:\/\/www.l-iz.de\/finanzen\/wp-json\/wp\/v2\/comments?post=10782"}],"version-history":[{"count":0,"href":"https:\/\/www.l-iz.de\/finanzen\/wp-json\/wp\/v2\/pages\/10782\/revisions"}],"wp:attachment":[{"href":"https:\/\/www.l-iz.de\/finanzen\/wp-json\/wp\/v2\/media?parent=10782"}],"curies":[{"name":"wp","href":"https:\/\/api.w.org\/{rel}","templated":true}]}}