{"id":2932,"date":"2023-03-08T15:50:26","date_gmt":"2023-03-08T14:50:26","guid":{"rendered":"https:\/\/soccerfield24.com\/?page_id=2932"},"modified":"2025-05-19T15:55:41","modified_gmt":"2025-05-19T13:55:41","slug":"electrum-wallet-test","status":"publish","type":"page","link":"https:\/\/www.l-iz.de\/finanzen\/electrum-wallet-test\/","title":{"rendered":"Electrum Wallet \u2013 Test, Erfahrungen &#038; Anleitung der beliebten Bitcoin Wallet"},"content":{"rendered":"<p>Die Electrum Wallet ist eine der beliebtesten Bitcoin Wallets auf dem Markt und wurde im Jahr 2011 von Thomas Voegtlin entwickelt. Electrum ist eine sogenannte &#8222;Desktop Wallet&#8220;, was bedeutet, dass sie auf einem Computer installiert und von dort aus genutzt wird.<\/p>\n<table>\n<thead>\n<tr>\n<th>Schritt<\/th>\n<th>Beschreibung<\/th>\n<\/tr>\n<\/thead>\n<tbody>\n<tr>\n<td>1.<\/td>\n<td>Gehen Sie auf die offizielle Electrum-Website.<\/td>\n<\/tr>\n<tr>\n<td>2.<\/td>\n<td>Laden Sie die entsprechende Version der Electrum Wallet f\u00fcr Ihr Betriebssystem herunter.<\/td>\n<\/tr>\n<tr>\n<td>3.<\/td>\n<td>Starten Sie die Installation der Electrum Wallet.<\/td>\n<\/tr>\n<tr>\n<td>4.<\/td>\n<td>W\u00e4hlen Sie die Sprache aus, in der Sie die Wallet nutzen m\u00f6chten.<\/td>\n<\/tr>\n<tr>\n<td>5.<\/td>\n<td>Lesen Sie die Nutzungsbedingungen und best\u00e4tigen Sie diese.<\/td>\n<\/tr>\n<tr>\n<td>6.<\/td>\n<td>W\u00e4hlen Sie das Installationsverzeichnis aus und starten Sie die Installation.<\/td>\n<\/tr>\n<tr>\n<td>7.<\/td>\n<td>\u00d6ffnen Sie die Electrum Wallet nach Abschluss der Installation.<\/td>\n<\/tr>\n<tr>\n<td>8.<\/td>\n<td>W\u00e4hlen Sie die Art des Wallets aus, das Sie erstellen m\u00f6chten (Standard-Wallet oder Wallet mit erweiterter Funktionen).<\/td>\n<\/tr>\n<tr>\n<td>9.<\/td>\n<td>Geben Sie einen Namen f\u00fcr Ihr Wallet ein.<\/td>\n<\/tr>\n<tr>\n<td>10.<\/td>\n<td>W\u00e4hlen Sie eine Passphrase f\u00fcr Ihr Wallet aus (optional).<\/td>\n<\/tr>\n<tr>\n<td>11.<\/td>\n<td>Schreiben Sie das Seed-Wort auf und bewahren Sie es an einem sicheren Ort auf.<\/td>\n<\/tr>\n<tr>\n<td>12.<\/td>\n<td>Schlie\u00dfen Sie die Wallet-Einrichtung ab und beginnen Sie mit der Nutzung Ihrer Electrum Wallet.<\/td>\n<\/tr>\n<\/tbody>\n<\/table>\n<p>Die Electrum Wallet ist besonders beliebt aufgrund ihrer Sicherheit und einfachen Bedienbarkeit. Sie bietet viele Funktionen, wie beispielsweise die M\u00f6glichkeit, Bitcoin-Transaktionen zu signieren und zu verifizieren, sowie die Unterst\u00fctzung von <a href=\"https:\/\/www.l-iz.de\/finanzen\/beste-hardware-wallet\/\" data-internallinksmanager029f6b8e52c=\"29\" title=\"Beste Hardware Wallet\">Hardware Wallets<\/a> zur zus\u00e4tzlichen Absicherung der Wallet.<\/p>\n<div class=\"space-organization-content-button relative\" style=\"text-align: center;\"><a title=\"Jetzt zur besten Kryptowallet von eToro\" href=\"https:\/\/www.l-iz.de\/finanzen\/zu\/etoro\/\" target=\"_blank\" rel=\"nofollow noopener\">Jetzt zur besten Kryptowallet von eToro <i class=\"fas fa-arrow-alt-circle-right\" aria-hidden=\"true\"><\/i><\/a><\/div>\n<div class=\"space-organizations-archive-item-detailed-tc-ins relative etdsc\">Crypto investing carries a high risk and is highly volatile. <a href=\"https:\/\/www.l-iz.de\/finanzen\/erfahrungen\/etoro\/\" data-internallinksmanager029f6b8e52c=\"600\" title=\"eToro Erfahrungen und Test [yyyy]\">eToro<\/a> (Europe) Ltd crypto trading is provided via DLT Finance, crypto custody by Tangany. Tax may apply.<\/div>\n<p>Testberichte und Erfahrungen zeigen, dass die Electrum Wallet eine zuverl\u00e4ssige und benutzerfreundliche Wallet ist. Viele Nutzer sch\u00e4tzen auch die M\u00f6glichkeit, ihre Wallet durch die Nutzung von Seed-W\u00f6rtern zu sichern, die es ihnen erm\u00f6glichen, ihre Wallet wiederherzustellen, falls ihr Computer abst\u00fcrzt oder gestohlen wird.<\/p>\n<p>Die Installation und Nutzung der Electrum Wallet ist relativ einfach. Zun\u00e4chst muss die Software von der offiziellen Electrum-Website heruntergeladen und installiert werden. Nach der Installation kann die Wallet sofort genutzt werden. Es empfiehlt sich jedoch, das Wallet durch Einrichtung einer Passphrase und einem Seed-Wort abzusichern, um das Risiko von Hacks oder Diebst\u00e4hlen zu minimieren.<\/p>\n<table>\n<thead>\n<tr>\n<th>Element<\/th>\n<th>Beschreibung<\/th>\n<\/tr>\n<\/thead>\n<tbody>\n<tr>\n<td>Men\u00fcleiste<\/td>\n<td>Die Men\u00fcleiste befindet sich am oberen Rand der Wallet und enth\u00e4lt die wichtigsten Funktionen wie das Senden und Empfangen von Bitcoin, das \u00dcberpr\u00fcfen von Adressen und Transaktionen sowie das \u00c4ndern von Einstellungen.<\/td>\n<\/tr>\n<tr>\n<td>Wallet-Guthaben<\/td>\n<td>In der Wallet-Guthaben-\u00dcbersicht k\u00f6nnen Sie den aktuellen Kontostand Ihrer Bitcoin-Wallet sehen.<\/td>\n<\/tr>\n<tr>\n<td>Transaktionsverlauf<\/td>\n<td>Im Transaktionsverlauf k\u00f6nnen Sie alle Transaktionen einsehen, die mit Ihrer Wallet get\u00e4tigt wurden.<\/td>\n<\/tr>\n<tr>\n<td>Adressbuch<\/td>\n<td>Das Adressbuch erm\u00f6glicht es Ihnen, h\u00e4ufig genutzte Adressen zu speichern und schneller auf diese zuzugreifen.<\/td>\n<\/tr>\n<tr>\n<td>QR-Code-Scanner<\/td>\n<td>Der QR-Code-Scanner kann genutzt werden, um schnell und einfach Bitcoin-Adressen zu scannen und Transaktionen auszuf\u00fchren.<\/td>\n<\/tr>\n<tr>\n<td>Einstellungen<\/td>\n<td>\u00dcber die Einstellungen k\u00f6nnen Sie Ihre Wallet-Konfiguration anpassen, Passw\u00f6rter \u00e4ndern, Seed-W\u00f6rter einrichten, Geb\u00fchren anpassen und mehr.<\/td>\n<\/tr>\n<tr>\n<td>Hardware Wallet-Integration<\/td>\n<td>Die Electrum Wallet unterst\u00fctzt die Verwendung von Hardware Wallets, um die Sicherheit Ihrer Bitcoin zu erh\u00f6hen.<\/td>\n<\/tr>\n<tr>\n<td>Suchfunktion<\/td>\n<td>Die Suchfunktion erm\u00f6glicht es Ihnen, schnell nach bestimmten Transaktionen oder Adressen in Ihrem Transaktionsverlauf oder Adressbuch zu suchen.<\/td>\n<\/tr>\n<\/tbody>\n<\/table>\n<p>Insgesamt ist die Electrum Wallet eine der besten und sichersten Optionen auf dem Markt, wenn es um die Speicherung von Bitcoin geht. Ihre benutzerfreundliche Oberfl\u00e4che und die vielen Sicherheitsfunktionen machen sie sowohl f\u00fcr Anf\u00e4nger als auch f\u00fcr erfahrene Nutzer geeignet.<\/p>\n<h2>Electrum Wallet: Bitcoin senden<\/h2>\n<p>Die Electrum Wallet ist eine der beliebtesten Bitcoin-Wallets auf dem Markt und bietet eine Vielzahl von Funktionen f\u00fcr die Verwaltung Ihrer Bitcoin. Eines dieser Funktionen ist das Senden von Bitcoin an andere Adressen, sei es an eine andere Person oder an eine B\u00f6rse.<\/p>\n<div class=\"space-organization-content-button relative\" style=\"text-align: center;\"><a title=\"Jetzt zur besten Kryptowallet von eToro\" href=\"https:\/\/www.l-iz.de\/finanzen\/zu\/etoro\/\" target=\"_blank\" rel=\"nofollow noopener\">Jetzt zur besten Kryptowallet von eToro <i class=\"fas fa-arrow-alt-circle-right\" aria-hidden=\"true\"><\/i><\/a><\/div>\n<div class=\"space-organizations-archive-item-detailed-tc-ins relative etdsc\">Crypto investing carries a high risk and is highly volatile. eToro (Europe) Ltd crypto trading is provided via DLT Finance, crypto custody by Tangany. Tax may apply.<\/div>\n<p>In diesem Artikel werden wir Ihnen Schritt f\u00fcr Schritt zeigen, wie Sie Bitcoin mit der Electrum Wallet senden k\u00f6nnen.<\/p>\n<p><strong>Schritt 1<\/strong>: \u00d6ffnen Sie die Electrum Wallet \u00d6ffnen Sie zun\u00e4chst die Electrum Wallet auf Ihrem Computer. Wenn Sie Ihre Wallet bereits eingerichtet haben, wird sie automatisch ge\u00f6ffnet. Andernfalls m\u00fcssen Sie das Wallet installieren und einrichten, bevor Sie Bitcoin senden k\u00f6nnen.<\/p>\n<p><strong>Schritt 2:<\/strong> W\u00e4hlen Sie die Bitcoin-Adresse, von der Sie senden m\u00f6chten W\u00e4hlen Sie in der Wallet-Guthaben-\u00dcbersicht die Bitcoin-Adresse aus, von der aus Sie Bitcoin senden m\u00f6chten. Wenn Sie mehrere Adressen haben, w\u00e4hlen Sie diejenige aus, die \u00fcber gen\u00fcgend Guthaben f\u00fcr die Transaktion verf\u00fcgt.<\/p>\n<p><strong>Schritt 3:<\/strong> Klicken Sie auf die Schaltfl\u00e4che &#8222;Senden&#8220; Klicken Sie auf die Schaltfl\u00e4che &#8222;Senden&#8220; in der Men\u00fcleiste. Es \u00f6ffnet sich ein neues Fenster, in dem Sie die Details Ihrer Transaktion eingeben k\u00f6nnen.<\/p>\n<p><strong>Schritt 4<\/strong>: Geben Sie die Bitcoin-Adresse ein, an die Sie senden m\u00f6chten Geben Sie im Feld &#8222;Zieladresse&#8220; die Bitcoin-Adresse ein, an die Sie senden m\u00f6chten. Es ist wichtig, die Adresse sorgf\u00e4ltig zu pr\u00fcfen, um sicherzustellen, dass sie korrekt ist. Andernfalls k\u00f6nnte Ihre Bitcoin an eine falsche Adresse gesendet werden.<\/p>\n<p><strong>Schritt 5:<\/strong> Geben Sie den Betrag ein, den Sie senden m\u00f6chten Geben Sie im Feld &#8222;Betrag&#8220; den Betrag ein, den Sie senden m\u00f6chten. Beachten Sie, dass die Electrum Wallet automatisch die Netzwerkgeb\u00fchr f\u00fcr die Transaktion berechnet, um sicherzustellen, dass Ihre Transaktion schnell best\u00e4tigt wird. Wenn Sie m\u00f6chten, k\u00f6nnen Sie die Geb\u00fchr manuell anpassen.<\/p>\n<p><strong>Schritt 6<\/strong>: \u00dcberpr\u00fcfen Sie die Details der Transaktion \u00dcberpr\u00fcfen Sie alle Details Ihrer Transaktion, einschlie\u00dflich der Zieladresse, des Betrags und der Netzwerkgeb\u00fchr. Stellen Sie sicher, dass alles korrekt ist, bevor Sie die Transaktion best\u00e4tigen.<\/p>\n<p><strong>Schritt 7:<\/strong> Geben Sie Ihre Passphrase ein Wenn Sie eine Passphrase f\u00fcr Ihre Electrum Wallet eingerichtet haben, werden Sie aufgefordert, diese einzugeben, um die Transaktion zu best\u00e4tigen. Geben Sie Ihre Passphrase ein und klicken Sie auf &#8222;Senden&#8220;, um die Transaktion abzuschlie\u00dfen.<\/p>\n<p><strong>Schritt 8<\/strong>: \u00dcberpr\u00fcfen Sie den Transaktionsverlauf Nachdem Sie die Transaktion abgeschickt haben, wird sie in Ihrem Transaktionsverlauf angezeigt. Hier k\u00f6nnen Sie den Status der Transaktion verfolgen und sehen, wie viele Best\u00e4tigungen sie erhalten hat.<\/p>\n<div class=\"space-organization-content-button relative\" style=\"text-align: center;\"><a title=\"Jetzt zur besten Kryptowallet von eToro\" href=\"https:\/\/www.l-iz.de\/finanzen\/zu\/etoro\/\" target=\"_blank\" rel=\"nofollow noopener\">Jetzt zur besten Kryptowallet von eToro <i class=\"fas fa-arrow-alt-circle-right\" aria-hidden=\"true\"><\/i><\/a><\/div>\n<div class=\"space-organizations-archive-item-detailed-tc-ins relative etdsc\">Crypto investing carries a high risk and is highly volatile. eToro (Europe) Ltd crypto trading is provided via DLT Finance, crypto custody by Tangany. Tax may apply.<\/div>\n","protected":false},"excerpt":{"rendered":"<p>Die Electrum Wallet ist eine der beliebtesten Bitcoin Wallets auf dem Markt und wurde im Jahr 2011 von Thomas Voegtlin entwickelt. Electrum ist eine sogenannte &#8222;Desktop Wallet&#8220;, was bedeutet, dass sie auf einem Computer installiert und von dort aus genutzt wird. Schritt Beschreibung 1. Gehen Sie auf die offizielle Electrum-Website. 2. Laden Sie die entsprechende [&hellip;]<\/p>\n","protected":false},"author":2,"featured_media":0,"parent":0,"menu_order":0,"comment_status":"closed","ping_status":"closed","template":"","meta":{"footnotes":""},"class_list":["post-2932","page","type-page","status-publish","hentry"],"yoast_head":"<!-- This site is optimized with the Yoast SEO plugin v25.4 - https:\/\/yoast.com\/wordpress\/plugins\/seo\/ -->\n<title>Electrum Wallet \u2013 Test, Erfahrungen &amp; Anleitung der beliebten Bitcoin Wallet - Leipziger Zeitung<\/title>\n<meta name=\"robots\" content=\"index, follow, max-snippet:-1, max-image-preview:large, max-video-preview:-1\" \/>\n<link rel=\"canonical\" href=\"https:\/\/www.l-iz.de\/finanzen\/electrum-wallet-test\/\" \/>\n<meta property=\"og:locale\" content=\"de_DE\" \/>\n<meta property=\"og:type\" content=\"article\" \/>\n<meta property=\"og:title\" content=\"Electrum Wallet \u2013 Test, Erfahrungen &amp; Anleitung der beliebten Bitcoin Wallet - Leipziger Zeitung\" \/>\n<meta property=\"og:description\" content=\"Die Electrum Wallet ist eine der beliebtesten Bitcoin Wallets auf dem Markt und wurde im Jahr 2011 von Thomas Voegtlin entwickelt. Electrum ist eine sogenannte &#8222;Desktop Wallet&#8220;, was bedeutet, dass sie auf einem Computer installiert und von dort aus genutzt wird. Schritt Beschreibung 1. Gehen Sie auf die offizielle Electrum-Website. 2. Laden Sie die entsprechende [&hellip;]\" \/>\n<meta property=\"og:url\" content=\"https:\/\/www.l-iz.de\/finanzen\/electrum-wallet-test\/\" \/>\n<meta property=\"og:site_name\" content=\"Leipziger Zeitung\" \/>\n<meta property=\"article:publisher\" content=\"https:\/\/www.facebook.com\/LeipzigerInternetZeitung\" \/>\n<meta property=\"article:modified_time\" content=\"2025-05-19T13:55:41+00:00\" \/>\n<meta name=\"twitter:card\" content=\"summary_large_image\" \/>\n<meta name=\"twitter:label1\" content=\"Gesch\u00e4tzte Lesezeit\" \/>\n\t<meta name=\"twitter:data1\" content=\"6\u00a0Minuten\" \/>\n<script type=\"application\/ld+json\" class=\"yoast-schema-graph\">{\"@context\":\"https:\/\/schema.org\",\"@graph\":[{\"@type\":\"WebPage\",\"@id\":\"https:\/\/www.l-iz.de\/finanzen\/electrum-wallet-test\/\",\"url\":\"https:\/\/www.l-iz.de\/finanzen\/electrum-wallet-test\/\",\"name\":\"Electrum Wallet \u2013 Test, Erfahrungen & Anleitung der beliebten Bitcoin Wallet - Leipziger Zeitung\",\"isPartOf\":{\"@id\":\"https:\/\/www.l-iz.de\/finanzen\/#website\"},\"datePublished\":\"2023-03-08T14:50:26+00:00\",\"dateModified\":\"2025-05-19T13:55:41+00:00\",\"breadcrumb\":{\"@id\":\"https:\/\/www.l-iz.de\/finanzen\/electrum-wallet-test\/#breadcrumb\"},\"inLanguage\":\"de\",\"potentialAction\":[{\"@type\":\"ReadAction\",\"target\":[\"https:\/\/www.l-iz.de\/finanzen\/electrum-wallet-test\/\"]}]},{\"@type\":\"BreadcrumbList\",\"@id\":\"https:\/\/www.l-iz.de\/finanzen\/electrum-wallet-test\/#breadcrumb\",\"itemListElement\":[{\"@type\":\"ListItem\",\"position\":1,\"name\":\"Startseite\",\"item\":\"https:\/\/www.l-iz.de\/finanzen\/\"},{\"@type\":\"ListItem\",\"position\":2,\"name\":\"Electrum Wallet \u2013 Test, Erfahrungen &#038; Anleitung der beliebten Bitcoin Wallet\"}]},{\"@type\":\"WebSite\",\"@id\":\"https:\/\/www.l-iz.de\/finanzen\/#website\",\"url\":\"https:\/\/www.l-iz.de\/finanzen\/\",\"name\":\"Leipziger Zeitung\",\"description\":\"Finanz-Anbieter Vergleich &amp; Test [yyyy]: Bewertungen + Erfahrungen\",\"publisher\":{\"@id\":\"https:\/\/www.l-iz.de\/finanzen\/#organization\"},\"potentialAction\":[{\"@type\":\"SearchAction\",\"target\":{\"@type\":\"EntryPoint\",\"urlTemplate\":\"https:\/\/www.l-iz.de\/finanzen\/?s={search_term_string}\"},\"query-input\":{\"@type\":\"PropertyValueSpecification\",\"valueRequired\":true,\"valueName\":\"search_term_string\"}}],\"inLanguage\":\"de\"},{\"@type\":\"Organization\",\"@id\":\"https:\/\/www.l-iz.de\/finanzen\/#organization\",\"name\":\"LZ Medien GmbH\",\"url\":\"https:\/\/www.l-iz.de\/finanzen\/\",\"logo\":{\"@type\":\"ImageObject\",\"inLanguage\":\"de\",\"@id\":\"https:\/\/www.l-iz.de\/finanzen\/#\/schema\/logo\/image\/\",\"url\":\"https:\/\/www.l-iz.de\/finanzen\/wp-content\/uploads\/2022\/09\/cropped-l-iz-logo.jpg\",\"contentUrl\":\"https:\/\/www.l-iz.de\/finanzen\/wp-content\/uploads\/2022\/09\/cropped-l-iz-logo.jpg\",\"width\":1280,\"height\":387,\"caption\":\"LZ Medien GmbH\"},\"image\":{\"@id\":\"https:\/\/www.l-iz.de\/finanzen\/#\/schema\/logo\/image\/\"},\"sameAs\":[\"https:\/\/www.facebook.com\/LeipzigerInternetZeitung\",\"https:\/\/www.youtube.com\/c\/L-izDe\"]}]}<\/script>\n<!-- \/ Yoast SEO plugin. -->","yoast_head_json":{"title":"Electrum Wallet \u2013 Test, Erfahrungen & Anleitung der beliebten Bitcoin Wallet - Leipziger Zeitung","robots":{"index":"index","follow":"follow","max-snippet":"max-snippet:-1","max-image-preview":"max-image-preview:large","max-video-preview":"max-video-preview:-1"},"canonical":"https:\/\/www.l-iz.de\/finanzen\/electrum-wallet-test\/","og_locale":"de_DE","og_type":"article","og_title":"Electrum Wallet \u2013 Test, Erfahrungen & Anleitung der beliebten Bitcoin Wallet - Leipziger Zeitung","og_description":"Die Electrum Wallet ist eine der beliebtesten Bitcoin Wallets auf dem Markt und wurde im Jahr 2011 von Thomas Voegtlin entwickelt. Electrum ist eine sogenannte &#8222;Desktop Wallet&#8220;, was bedeutet, dass sie auf einem Computer installiert und von dort aus genutzt wird. Schritt Beschreibung 1. Gehen Sie auf die offizielle Electrum-Website. 2. Laden Sie die entsprechende [&hellip;]","og_url":"https:\/\/www.l-iz.de\/finanzen\/electrum-wallet-test\/","og_site_name":"Leipziger Zeitung","article_publisher":"https:\/\/www.facebook.com\/LeipzigerInternetZeitung","article_modified_time":"2025-05-19T13:55:41+00:00","twitter_card":"summary_large_image","twitter_misc":{"Gesch\u00e4tzte Lesezeit":"6\u00a0Minuten"},"schema":{"@context":"https:\/\/schema.org","@graph":[{"@type":"WebPage","@id":"https:\/\/www.l-iz.de\/finanzen\/electrum-wallet-test\/","url":"https:\/\/www.l-iz.de\/finanzen\/electrum-wallet-test\/","name":"Electrum Wallet \u2013 Test, Erfahrungen & Anleitung der beliebten Bitcoin Wallet - Leipziger Zeitung","isPartOf":{"@id":"https:\/\/www.l-iz.de\/finanzen\/#website"},"datePublished":"2023-03-08T14:50:26+00:00","dateModified":"2025-05-19T13:55:41+00:00","breadcrumb":{"@id":"https:\/\/www.l-iz.de\/finanzen\/electrum-wallet-test\/#breadcrumb"},"inLanguage":"de","potentialAction":[{"@type":"ReadAction","target":["https:\/\/www.l-iz.de\/finanzen\/electrum-wallet-test\/"]}]},{"@type":"BreadcrumbList","@id":"https:\/\/www.l-iz.de\/finanzen\/electrum-wallet-test\/#breadcrumb","itemListElement":[{"@type":"ListItem","position":1,"name":"Startseite","item":"https:\/\/www.l-iz.de\/finanzen\/"},{"@type":"ListItem","position":2,"name":"Electrum Wallet \u2013 Test, Erfahrungen &#038; Anleitung der beliebten Bitcoin Wallet"}]},{"@type":"WebSite","@id":"https:\/\/www.l-iz.de\/finanzen\/#website","url":"https:\/\/www.l-iz.de\/finanzen\/","name":"Leipziger Zeitung","description":"Finanz-Anbieter Vergleich &amp; Test [yyyy]: Bewertungen + Erfahrungen","publisher":{"@id":"https:\/\/www.l-iz.de\/finanzen\/#organization"},"potentialAction":[{"@type":"SearchAction","target":{"@type":"EntryPoint","urlTemplate":"https:\/\/www.l-iz.de\/finanzen\/?s={search_term_string}"},"query-input":{"@type":"PropertyValueSpecification","valueRequired":true,"valueName":"search_term_string"}}],"inLanguage":"de"},{"@type":"Organization","@id":"https:\/\/www.l-iz.de\/finanzen\/#organization","name":"LZ Medien GmbH","url":"https:\/\/www.l-iz.de\/finanzen\/","logo":{"@type":"ImageObject","inLanguage":"de","@id":"https:\/\/www.l-iz.de\/finanzen\/#\/schema\/logo\/image\/","url":"https:\/\/www.l-iz.de\/finanzen\/wp-content\/uploads\/2022\/09\/cropped-l-iz-logo.jpg","contentUrl":"https:\/\/www.l-iz.de\/finanzen\/wp-content\/uploads\/2022\/09\/cropped-l-iz-logo.jpg","width":1280,"height":387,"caption":"LZ Medien GmbH"},"image":{"@id":"https:\/\/www.l-iz.de\/finanzen\/#\/schema\/logo\/image\/"},"sameAs":["https:\/\/www.facebook.com\/LeipzigerInternetZeitung","https:\/\/www.youtube.com\/c\/L-izDe"]}]}},"_links":{"self":[{"href":"https:\/\/www.l-iz.de\/finanzen\/wp-json\/wp\/v2\/pages\/2932","targetHints":{"allow":["GET"]}}],"collection":[{"href":"https:\/\/www.l-iz.de\/finanzen\/wp-json\/wp\/v2\/pages"}],"about":[{"href":"https:\/\/www.l-iz.de\/finanzen\/wp-json\/wp\/v2\/types\/page"}],"author":[{"embeddable":true,"href":"https:\/\/www.l-iz.de\/finanzen\/wp-json\/wp\/v2\/users\/2"}],"replies":[{"embeddable":true,"href":"https:\/\/www.l-iz.de\/finanzen\/wp-json\/wp\/v2\/comments?post=2932"}],"version-history":[{"count":7,"href":"https:\/\/www.l-iz.de\/finanzen\/wp-json\/wp\/v2\/pages\/2932\/revisions"}],"predecessor-version":[{"id":11149,"href":"https:\/\/www.l-iz.de\/finanzen\/wp-json\/wp\/v2\/pages\/2932\/revisions\/11149"}],"wp:attachment":[{"href":"https:\/\/www.l-iz.de\/finanzen\/wp-json\/wp\/v2\/media?parent=2932"}],"curies":[{"name":"wp","href":"https:\/\/api.w.org\/{rel}","templated":true}]}}