{"id":3122,"date":"2023-03-22T19:54:37","date_gmt":"2023-03-22T18:54:37","guid":{"rendered":"https:\/\/soccerfield24.com\/ledger-erfahrungen\/"},"modified":"2023-07-06T15:58:33","modified_gmt":"2023-07-06T13:58:33","slug":"ledger-erfahrungen","status":"publish","type":"page","link":"https:\/\/www.l-iz.de\/finanzen\/ledger-erfahrungen\/","title":{"rendered":"Ledger Erfahrungen"},"content":{"rendered":"<p>Ledger-Erfahrungen sind ein wichtiges Thema f\u00fcr diejenigen, die sich f\u00fcr Krypto-W\u00e4hrungen interessieren. Ein Ledger ist ein Ger\u00e4t, das verwendet wird, um digitale Transaktionen zu speichern und zu sch\u00fctzen. Es ist ein sicheres Netzwerk, das den Benutzern erm\u00f6glicht, weltweit problemlos und sicher Kryptow\u00e4hrungen zu handeln. In den letzten Jahren hat sich der Markt f\u00fcr Kryptow\u00e4hrungen rasant entwickelt. Mit dem Wachstum des Marktes hat sich auch die Anzahl der Ledger-Benutzer erh\u00f6ht.<\/p>\n<p>Ledger-Erfahrungen sind eine sehr n\u00fctzliche Ressource f\u00fcr Menschen, die sich f\u00fcr den Handel mit Kryptow\u00e4hrungen interessieren. Durch die Lekt\u00fcre der Erfahrungsberichte anderer k\u00f6nnen sich Benutzer \u00fcber die verschiedenen Ledger-Modelle informieren, die verf\u00fcgbar sind, und eine fundierte Entscheidung treffen. Dar\u00fcber hinaus k\u00f6nnen Benutzer die verschiedenen Funktionen und Eigenschaften der verschiedenen Ledger-Ger\u00e4te verstehen, um zu entscheiden, welches das richtige f\u00fcr sie ist.<\/p>\n<p>Ledger-Erfahrungen k\u00f6nnen auch eine hervorragende Ressource f\u00fcr diejenigen sein, die sich f\u00fcr den Handel mit Kryptow\u00e4hrungen interessieren. Durch die Lekt\u00fcre der verschiedenen Erfahrungsberichte anderer Benutzer k\u00f6nnen sie mehr \u00fcber die verschiedenen Funktionen und Optionen erfahren, die ein bestimmtes Ledger-Ger\u00e4t bietet. Auf diese Weise k\u00f6nnen sie entscheiden, welches Ger\u00e4t am besten f\u00fcr ihre spezifischen Bed\u00fcrfnisse geeignet ist.<\/p>\n<p>Ein weiterer wichtiger Aspekt von Ledger-Erfahrungen ist die Sicherheit des Netzwerks. Da die meisten Ledger-Ger\u00e4te f\u00fcr den Handel mit Kryptow\u00e4hrungen verwendet werden, ist es wichtig, dass Benutzer die Sicherheitsma\u00dfnahmen verstehen, die in den Ger\u00e4ten implementiert sind. Benutzer k\u00f6nnen sich durch die Lekt\u00fcre der Erfahrungsberichte anderer Benutzer \u00fcber die verschiedenen Sicherheitsfunktionen informieren, die in einem bestimmten Ledger-Ger\u00e4t implementiert sind. Auf diese Weise k\u00f6nnen sie entscheiden, welches Ger\u00e4t f\u00fcr ihre spezifischen Bed\u00fcrfnisse am besten geeignet ist.<\/p>\n<p>Abschlie\u00dfend l\u00e4sst sich sagen, dass Ledger-Erfahrungen eine sehr n\u00fctzliche Ressource f\u00fcr Benutzer sein k\u00f6nnen, die sich f\u00fcr den Handel mit Kryptow\u00e4hrungen interessieren. Es gibt viele verschiedene Ledger-Ger\u00e4te auf dem Markt, und durch die Lekt\u00fcre der Erfahrungsberichte anderer Benutzer k\u00f6nnen sie mehr \u00fcber die verschiedenen Funktionen und Optionen erfahren, die jedes bietet. Sie k\u00f6nnen auch die Sicherheitsma\u00dfnahmen in den Ger\u00e4ten verstehen, um zu entscheiden, welches Ger\u00e4t das richtige f\u00fcr ihre spezifischen Bed\u00fcrfnisse ist.<\/p>\n","protected":false},"excerpt":{"rendered":"<p>Ledger-Erfahrungen sind ein wichtiges Thema f\u00fcr diejenigen, die sich f\u00fcr Krypto-W\u00e4hrungen interessieren. Ein Ledger ist ein Ger\u00e4t, das verwendet wird, um digitale Transaktionen zu speichern und zu sch\u00fctzen. Es ist ein sicheres Netzwerk, das den Benutzern erm\u00f6glicht, weltweit problemlos und sicher Kryptow\u00e4hrungen zu handeln. In den letzten Jahren hat sich der Markt f\u00fcr Kryptow\u00e4hrungen rasant [&hellip;]<\/p>\n","protected":false},"author":1,"featured_media":0,"parent":0,"menu_order":0,"comment_status":"closed","ping_status":"closed","template":"","meta":{"footnotes":""},"class_list":["post-3122","page","type-page","status-publish","hentry"],"yoast_head":"<!-- This site is optimized with the Yoast SEO plugin v25.4 - https:\/\/yoast.com\/wordpress\/plugins\/seo\/ -->\n<title>Ledger Erfahrungen - Leipziger Zeitung<\/title>\n<meta name=\"robots\" content=\"index, follow, max-snippet:-1, max-image-preview:large, max-video-preview:-1\" \/>\n<link rel=\"canonical\" href=\"https:\/\/www.l-iz.de\/finanzen\/ledger-erfahrungen\/\" \/>\n<meta property=\"og:locale\" content=\"de_DE\" \/>\n<meta property=\"og:type\" content=\"article\" \/>\n<meta property=\"og:title\" content=\"Ledger Erfahrungen - Leipziger Zeitung\" \/>\n<meta property=\"og:description\" content=\"Ledger-Erfahrungen sind ein wichtiges Thema f\u00fcr diejenigen, die sich f\u00fcr Krypto-W\u00e4hrungen interessieren. Ein Ledger ist ein Ger\u00e4t, das verwendet wird, um digitale Transaktionen zu speichern und zu sch\u00fctzen. Es ist ein sicheres Netzwerk, das den Benutzern erm\u00f6glicht, weltweit problemlos und sicher Kryptow\u00e4hrungen zu handeln. In den letzten Jahren hat sich der Markt f\u00fcr Kryptow\u00e4hrungen rasant [&hellip;]\" \/>\n<meta property=\"og:url\" content=\"https:\/\/www.l-iz.de\/finanzen\/ledger-erfahrungen\/\" \/>\n<meta property=\"og:site_name\" content=\"Leipziger Zeitung\" \/>\n<meta property=\"article:publisher\" content=\"https:\/\/www.facebook.com\/LeipzigerInternetZeitung\" \/>\n<meta property=\"article:modified_time\" content=\"2023-07-06T13:58:33+00:00\" \/>\n<meta name=\"twitter:card\" content=\"summary_large_image\" \/>\n<meta name=\"twitter:label1\" content=\"Gesch\u00e4tzte Lesezeit\" \/>\n\t<meta name=\"twitter:data1\" content=\"2\u00a0Minuten\" \/>\n<script type=\"application\/ld+json\" class=\"yoast-schema-graph\">{\"@context\":\"https:\/\/schema.org\",\"@graph\":[{\"@type\":\"WebPage\",\"@id\":\"https:\/\/www.l-iz.de\/finanzen\/ledger-erfahrungen\/\",\"url\":\"https:\/\/www.l-iz.de\/finanzen\/ledger-erfahrungen\/\",\"name\":\"Ledger Erfahrungen - Leipziger Zeitung\",\"isPartOf\":{\"@id\":\"https:\/\/www.l-iz.de\/finanzen\/#website\"},\"datePublished\":\"2023-03-22T18:54:37+00:00\",\"dateModified\":\"2023-07-06T13:58:33+00:00\",\"breadcrumb\":{\"@id\":\"https:\/\/www.l-iz.de\/finanzen\/ledger-erfahrungen\/#breadcrumb\"},\"inLanguage\":\"de\",\"potentialAction\":[{\"@type\":\"ReadAction\",\"target\":[\"https:\/\/www.l-iz.de\/finanzen\/ledger-erfahrungen\/\"]}]},{\"@type\":\"BreadcrumbList\",\"@id\":\"https:\/\/www.l-iz.de\/finanzen\/ledger-erfahrungen\/#breadcrumb\",\"itemListElement\":[{\"@type\":\"ListItem\",\"position\":1,\"name\":\"Startseite\",\"item\":\"https:\/\/www.l-iz.de\/finanzen\/\"},{\"@type\":\"ListItem\",\"position\":2,\"name\":\"Ledger Erfahrungen\"}]},{\"@type\":\"WebSite\",\"@id\":\"https:\/\/www.l-iz.de\/finanzen\/#website\",\"url\":\"https:\/\/www.l-iz.de\/finanzen\/\",\"name\":\"Leipziger Zeitung\",\"description\":\"Finanz-Anbieter Vergleich &amp; Test [yyyy]: Bewertungen + Erfahrungen\",\"publisher\":{\"@id\":\"https:\/\/www.l-iz.de\/finanzen\/#organization\"},\"potentialAction\":[{\"@type\":\"SearchAction\",\"target\":{\"@type\":\"EntryPoint\",\"urlTemplate\":\"https:\/\/www.l-iz.de\/finanzen\/?s={search_term_string}\"},\"query-input\":{\"@type\":\"PropertyValueSpecification\",\"valueRequired\":true,\"valueName\":\"search_term_string\"}}],\"inLanguage\":\"de\"},{\"@type\":\"Organization\",\"@id\":\"https:\/\/www.l-iz.de\/finanzen\/#organization\",\"name\":\"LZ Medien GmbH\",\"url\":\"https:\/\/www.l-iz.de\/finanzen\/\",\"logo\":{\"@type\":\"ImageObject\",\"inLanguage\":\"de\",\"@id\":\"https:\/\/www.l-iz.de\/finanzen\/#\/schema\/logo\/image\/\",\"url\":\"https:\/\/www.l-iz.de\/finanzen\/wp-content\/uploads\/2022\/09\/cropped-l-iz-logo.jpg\",\"contentUrl\":\"https:\/\/www.l-iz.de\/finanzen\/wp-content\/uploads\/2022\/09\/cropped-l-iz-logo.jpg\",\"width\":1280,\"height\":387,\"caption\":\"LZ Medien GmbH\"},\"image\":{\"@id\":\"https:\/\/www.l-iz.de\/finanzen\/#\/schema\/logo\/image\/\"},\"sameAs\":[\"https:\/\/www.facebook.com\/LeipzigerInternetZeitung\",\"https:\/\/www.youtube.com\/c\/L-izDe\"]}]}<\/script>\n<!-- \/ Yoast SEO plugin. -->","yoast_head_json":{"title":"Ledger Erfahrungen - Leipziger Zeitung","robots":{"index":"index","follow":"follow","max-snippet":"max-snippet:-1","max-image-preview":"max-image-preview:large","max-video-preview":"max-video-preview:-1"},"canonical":"https:\/\/www.l-iz.de\/finanzen\/ledger-erfahrungen\/","og_locale":"de_DE","og_type":"article","og_title":"Ledger Erfahrungen - Leipziger Zeitung","og_description":"Ledger-Erfahrungen sind ein wichtiges Thema f\u00fcr diejenigen, die sich f\u00fcr Krypto-W\u00e4hrungen interessieren. Ein Ledger ist ein Ger\u00e4t, das verwendet wird, um digitale Transaktionen zu speichern und zu sch\u00fctzen. Es ist ein sicheres Netzwerk, das den Benutzern erm\u00f6glicht, weltweit problemlos und sicher Kryptow\u00e4hrungen zu handeln. In den letzten Jahren hat sich der Markt f\u00fcr Kryptow\u00e4hrungen rasant [&hellip;]","og_url":"https:\/\/www.l-iz.de\/finanzen\/ledger-erfahrungen\/","og_site_name":"Leipziger Zeitung","article_publisher":"https:\/\/www.facebook.com\/LeipzigerInternetZeitung","article_modified_time":"2023-07-06T13:58:33+00:00","twitter_card":"summary_large_image","twitter_misc":{"Gesch\u00e4tzte Lesezeit":"2\u00a0Minuten"},"schema":{"@context":"https:\/\/schema.org","@graph":[{"@type":"WebPage","@id":"https:\/\/www.l-iz.de\/finanzen\/ledger-erfahrungen\/","url":"https:\/\/www.l-iz.de\/finanzen\/ledger-erfahrungen\/","name":"Ledger Erfahrungen - Leipziger Zeitung","isPartOf":{"@id":"https:\/\/www.l-iz.de\/finanzen\/#website"},"datePublished":"2023-03-22T18:54:37+00:00","dateModified":"2023-07-06T13:58:33+00:00","breadcrumb":{"@id":"https:\/\/www.l-iz.de\/finanzen\/ledger-erfahrungen\/#breadcrumb"},"inLanguage":"de","potentialAction":[{"@type":"ReadAction","target":["https:\/\/www.l-iz.de\/finanzen\/ledger-erfahrungen\/"]}]},{"@type":"BreadcrumbList","@id":"https:\/\/www.l-iz.de\/finanzen\/ledger-erfahrungen\/#breadcrumb","itemListElement":[{"@type":"ListItem","position":1,"name":"Startseite","item":"https:\/\/www.l-iz.de\/finanzen\/"},{"@type":"ListItem","position":2,"name":"Ledger Erfahrungen"}]},{"@type":"WebSite","@id":"https:\/\/www.l-iz.de\/finanzen\/#website","url":"https:\/\/www.l-iz.de\/finanzen\/","name":"Leipziger Zeitung","description":"Finanz-Anbieter Vergleich &amp; Test [yyyy]: Bewertungen + Erfahrungen","publisher":{"@id":"https:\/\/www.l-iz.de\/finanzen\/#organization"},"potentialAction":[{"@type":"SearchAction","target":{"@type":"EntryPoint","urlTemplate":"https:\/\/www.l-iz.de\/finanzen\/?s={search_term_string}"},"query-input":{"@type":"PropertyValueSpecification","valueRequired":true,"valueName":"search_term_string"}}],"inLanguage":"de"},{"@type":"Organization","@id":"https:\/\/www.l-iz.de\/finanzen\/#organization","name":"LZ Medien GmbH","url":"https:\/\/www.l-iz.de\/finanzen\/","logo":{"@type":"ImageObject","inLanguage":"de","@id":"https:\/\/www.l-iz.de\/finanzen\/#\/schema\/logo\/image\/","url":"https:\/\/www.l-iz.de\/finanzen\/wp-content\/uploads\/2022\/09\/cropped-l-iz-logo.jpg","contentUrl":"https:\/\/www.l-iz.de\/finanzen\/wp-content\/uploads\/2022\/09\/cropped-l-iz-logo.jpg","width":1280,"height":387,"caption":"LZ Medien GmbH"},"image":{"@id":"https:\/\/www.l-iz.de\/finanzen\/#\/schema\/logo\/image\/"},"sameAs":["https:\/\/www.facebook.com\/LeipzigerInternetZeitung","https:\/\/www.youtube.com\/c\/L-izDe"]}]}},"_links":{"self":[{"href":"https:\/\/www.l-iz.de\/finanzen\/wp-json\/wp\/v2\/pages\/3122","targetHints":{"allow":["GET"]}}],"collection":[{"href":"https:\/\/www.l-iz.de\/finanzen\/wp-json\/wp\/v2\/pages"}],"about":[{"href":"https:\/\/www.l-iz.de\/finanzen\/wp-json\/wp\/v2\/types\/page"}],"author":[{"embeddable":true,"href":"https:\/\/www.l-iz.de\/finanzen\/wp-json\/wp\/v2\/users\/1"}],"replies":[{"embeddable":true,"href":"https:\/\/www.l-iz.de\/finanzen\/wp-json\/wp\/v2\/comments?post=3122"}],"version-history":[{"count":1,"href":"https:\/\/www.l-iz.de\/finanzen\/wp-json\/wp\/v2\/pages\/3122\/revisions"}],"predecessor-version":[{"id":7595,"href":"https:\/\/www.l-iz.de\/finanzen\/wp-json\/wp\/v2\/pages\/3122\/revisions\/7595"}],"wp:attachment":[{"href":"https:\/\/www.l-iz.de\/finanzen\/wp-json\/wp\/v2\/media?parent=3122"}],"curies":[{"name":"wp","href":"https:\/\/api.w.org\/{rel}","templated":true}]}}