{"id":3127,"date":"2023-03-22T20:00:46","date_gmt":"2023-03-22T19:00:46","guid":{"rendered":"https:\/\/soccerfield24.com\/metamask-wallet-erfahrungen\/"},"modified":"2023-07-06T15:58:34","modified_gmt":"2023-07-06T13:58:34","slug":"metamask-wallet-erfahrungen","status":"publish","type":"page","link":"https:\/\/www.l-iz.de\/finanzen\/metamask-wallet-erfahrungen\/","title":{"rendered":"Metamask Wallet Erfahrungen"},"content":{"rendered":"<p><a href=\"https:\/\/www.l-iz.de\/finanzen\/beste-metamask-wallet\/\" data-internallinksmanager029f6b8e52c=\"36\" title=\"Beste Metamask Wallet\">Metamask Wallet<\/a> ist ein beliebtes Ethereum-Wallet, das es Benutzern erm\u00f6glicht, Ethereum, ERC20-Token und andere Kryptow\u00e4hrungen zu speichern, senden und empfangen. Es ist eine der sichersten und einfachsten Wallets auf dem Markt. In diesem Artikel werden einige der Erfahrungen und Eindr\u00fccke er\u00f6rtert, die Benutzer mit Metamask Wallet gesammelt haben.<\/p>\n<p>Das Setup und die Anmeldung bei Metamask Wallet ist denkbar einfach. Es ist ein One-Click-Setup und die Anmeldedaten werden nie auf dem Rechner gespeichert. Benutzer m\u00fcssen sich nur einmal anmelden und dann k\u00f6nnen sie auf ihr Wallet zugreifen. Die Sicherheit ist sehr hoch, da das Wallet mit einem Passwort gesch\u00fctzt ist, das nur der Benutzer kennt. Es gibt auch eine Zwei-Faktor-Authentifizierung f\u00fcr zus\u00e4tzlichen Schutz.<\/p>\n<p>Eine der besten Eigenschaften von Metamask Wallet ist die einfache, intuitive Benutzeroberfl\u00e4che. Das Wallet kann \u00fcber die offizielle Website heruntergeladen werden, aber es ist auch \u00fcber den Chrome-Webstore verf\u00fcgbar. Es ist sehr einfach zu bedienen und die Benutzeroberfl\u00e4che ist sehr intuitiv. Benutzer k\u00f6nnen auf ihre Wallets zugreifen und Transaktionen durchf\u00fchren, ohne sich \u00fcber die technischen Details der Kryptow\u00e4hrungen Gedanken machen zu m\u00fcssen.<\/p>\n<p>Metamask Wallet bietet auch eine sehr ansprechende Benutzeroberfl\u00e4che, die es den Benutzern erm\u00f6glicht, schnell und einfach auf ihre Wallets zuzugreifen und Transaktionen auszuf\u00fchren. Es ist einfach, Einzahlungen zu t\u00e4tigen und Auszahlungen zu veranlassen. Benutzer k\u00f6nnen auch ihre Konten sicher verwalten, indem sie private Schl\u00fcssel speichern, ein Backup erstellen und die Kontrollen \u00fcber ihre Wallets behalten.<\/p>\n<p>Metamask Wallet ist eine sehr beliebte Ethereum-Wallet, die eine einfache, benutzerfreundliche und sichere Plattform bietet, um Kryptow\u00e4hrungen zu speichern, zu senden und zu empfangen. Es ist eine der besten Wallets auf dem Markt, mit einer intuitiven Benutzeroberfl\u00e4che, einer einfachen Einrichtung und einem hohen Ma\u00df an Sicherheit. Benutzer k\u00f6nnen ihre Wallets schnell und einfach verwalten und Transaktionen durchf\u00fchren. Metamask Wallet bietet eine hervorragende Benutzererfahrung.<\/p>\n","protected":false},"excerpt":{"rendered":"<p>Metamask Wallet ist ein beliebtes Ethereum-Wallet, das es Benutzern erm\u00f6glicht, Ethereum, ERC20-Token und andere Kryptow\u00e4hrungen zu speichern, senden und empfangen. Es ist eine der sichersten und einfachsten Wallets auf dem Markt. In diesem Artikel werden einige der Erfahrungen und Eindr\u00fccke er\u00f6rtert, die Benutzer mit Metamask Wallet gesammelt haben. Das Setup und die Anmeldung bei Metamask [&hellip;]<\/p>\n","protected":false},"author":1,"featured_media":0,"parent":0,"menu_order":0,"comment_status":"closed","ping_status":"closed","template":"","meta":{"footnotes":""},"class_list":["post-3127","page","type-page","status-publish","hentry"],"yoast_head":"<!-- This site is optimized with the Yoast SEO plugin v25.4 - https:\/\/yoast.com\/wordpress\/plugins\/seo\/ -->\n<title>Metamask Wallet Erfahrungen - Leipziger Zeitung<\/title>\n<meta name=\"robots\" content=\"index, follow, max-snippet:-1, max-image-preview:large, max-video-preview:-1\" \/>\n<link rel=\"canonical\" href=\"https:\/\/www.l-iz.de\/finanzen\/metamask-wallet-erfahrungen\/\" \/>\n<meta property=\"og:locale\" content=\"de_DE\" \/>\n<meta property=\"og:type\" content=\"article\" \/>\n<meta property=\"og:title\" content=\"Metamask Wallet Erfahrungen - Leipziger Zeitung\" \/>\n<meta property=\"og:description\" content=\"Metamask Wallet ist ein beliebtes Ethereum-Wallet, das es Benutzern erm\u00f6glicht, Ethereum, ERC20-Token und andere Kryptow\u00e4hrungen zu speichern, senden und empfangen. Es ist eine der sichersten und einfachsten Wallets auf dem Markt. In diesem Artikel werden einige der Erfahrungen und Eindr\u00fccke er\u00f6rtert, die Benutzer mit Metamask Wallet gesammelt haben. Das Setup und die Anmeldung bei Metamask [&hellip;]\" \/>\n<meta property=\"og:url\" content=\"https:\/\/www.l-iz.de\/finanzen\/metamask-wallet-erfahrungen\/\" \/>\n<meta property=\"og:site_name\" content=\"Leipziger Zeitung\" \/>\n<meta property=\"article:publisher\" content=\"https:\/\/www.facebook.com\/LeipzigerInternetZeitung\" \/>\n<meta property=\"article:modified_time\" content=\"2023-07-06T13:58:34+00:00\" \/>\n<meta name=\"twitter:card\" content=\"summary_large_image\" \/>\n<meta name=\"twitter:label1\" content=\"Gesch\u00e4tzte Lesezeit\" \/>\n\t<meta name=\"twitter:data1\" content=\"2\u00a0Minuten\" \/>\n<script type=\"application\/ld+json\" class=\"yoast-schema-graph\">{\"@context\":\"https:\/\/schema.org\",\"@graph\":[{\"@type\":\"WebPage\",\"@id\":\"https:\/\/www.l-iz.de\/finanzen\/metamask-wallet-erfahrungen\/\",\"url\":\"https:\/\/www.l-iz.de\/finanzen\/metamask-wallet-erfahrungen\/\",\"name\":\"Metamask Wallet Erfahrungen - Leipziger Zeitung\",\"isPartOf\":{\"@id\":\"https:\/\/www.l-iz.de\/finanzen\/#website\"},\"datePublished\":\"2023-03-22T19:00:46+00:00\",\"dateModified\":\"2023-07-06T13:58:34+00:00\",\"breadcrumb\":{\"@id\":\"https:\/\/www.l-iz.de\/finanzen\/metamask-wallet-erfahrungen\/#breadcrumb\"},\"inLanguage\":\"de\",\"potentialAction\":[{\"@type\":\"ReadAction\",\"target\":[\"https:\/\/www.l-iz.de\/finanzen\/metamask-wallet-erfahrungen\/\"]}]},{\"@type\":\"BreadcrumbList\",\"@id\":\"https:\/\/www.l-iz.de\/finanzen\/metamask-wallet-erfahrungen\/#breadcrumb\",\"itemListElement\":[{\"@type\":\"ListItem\",\"position\":1,\"name\":\"Startseite\",\"item\":\"https:\/\/www.l-iz.de\/finanzen\/\"},{\"@type\":\"ListItem\",\"position\":2,\"name\":\"Metamask Wallet Erfahrungen\"}]},{\"@type\":\"WebSite\",\"@id\":\"https:\/\/www.l-iz.de\/finanzen\/#website\",\"url\":\"https:\/\/www.l-iz.de\/finanzen\/\",\"name\":\"Leipziger Zeitung\",\"description\":\"Finanz-Anbieter Vergleich &amp; Test [yyyy]: Bewertungen + Erfahrungen\",\"publisher\":{\"@id\":\"https:\/\/www.l-iz.de\/finanzen\/#organization\"},\"potentialAction\":[{\"@type\":\"SearchAction\",\"target\":{\"@type\":\"EntryPoint\",\"urlTemplate\":\"https:\/\/www.l-iz.de\/finanzen\/?s={search_term_string}\"},\"query-input\":{\"@type\":\"PropertyValueSpecification\",\"valueRequired\":true,\"valueName\":\"search_term_string\"}}],\"inLanguage\":\"de\"},{\"@type\":\"Organization\",\"@id\":\"https:\/\/www.l-iz.de\/finanzen\/#organization\",\"name\":\"LZ Medien GmbH\",\"url\":\"https:\/\/www.l-iz.de\/finanzen\/\",\"logo\":{\"@type\":\"ImageObject\",\"inLanguage\":\"de\",\"@id\":\"https:\/\/www.l-iz.de\/finanzen\/#\/schema\/logo\/image\/\",\"url\":\"https:\/\/www.l-iz.de\/finanzen\/wp-content\/uploads\/2022\/09\/cropped-l-iz-logo.jpg\",\"contentUrl\":\"https:\/\/www.l-iz.de\/finanzen\/wp-content\/uploads\/2022\/09\/cropped-l-iz-logo.jpg\",\"width\":1280,\"height\":387,\"caption\":\"LZ Medien GmbH\"},\"image\":{\"@id\":\"https:\/\/www.l-iz.de\/finanzen\/#\/schema\/logo\/image\/\"},\"sameAs\":[\"https:\/\/www.facebook.com\/LeipzigerInternetZeitung\",\"https:\/\/www.youtube.com\/c\/L-izDe\"]}]}<\/script>\n<!-- \/ Yoast SEO plugin. -->","yoast_head_json":{"title":"Metamask Wallet Erfahrungen - Leipziger Zeitung","robots":{"index":"index","follow":"follow","max-snippet":"max-snippet:-1","max-image-preview":"max-image-preview:large","max-video-preview":"max-video-preview:-1"},"canonical":"https:\/\/www.l-iz.de\/finanzen\/metamask-wallet-erfahrungen\/","og_locale":"de_DE","og_type":"article","og_title":"Metamask Wallet Erfahrungen - Leipziger Zeitung","og_description":"Metamask Wallet ist ein beliebtes Ethereum-Wallet, das es Benutzern erm\u00f6glicht, Ethereum, ERC20-Token und andere Kryptow\u00e4hrungen zu speichern, senden und empfangen. Es ist eine der sichersten und einfachsten Wallets auf dem Markt. In diesem Artikel werden einige der Erfahrungen und Eindr\u00fccke er\u00f6rtert, die Benutzer mit Metamask Wallet gesammelt haben. Das Setup und die Anmeldung bei Metamask [&hellip;]","og_url":"https:\/\/www.l-iz.de\/finanzen\/metamask-wallet-erfahrungen\/","og_site_name":"Leipziger Zeitung","article_publisher":"https:\/\/www.facebook.com\/LeipzigerInternetZeitung","article_modified_time":"2023-07-06T13:58:34+00:00","twitter_card":"summary_large_image","twitter_misc":{"Gesch\u00e4tzte Lesezeit":"2\u00a0Minuten"},"schema":{"@context":"https:\/\/schema.org","@graph":[{"@type":"WebPage","@id":"https:\/\/www.l-iz.de\/finanzen\/metamask-wallet-erfahrungen\/","url":"https:\/\/www.l-iz.de\/finanzen\/metamask-wallet-erfahrungen\/","name":"Metamask Wallet Erfahrungen - Leipziger Zeitung","isPartOf":{"@id":"https:\/\/www.l-iz.de\/finanzen\/#website"},"datePublished":"2023-03-22T19:00:46+00:00","dateModified":"2023-07-06T13:58:34+00:00","breadcrumb":{"@id":"https:\/\/www.l-iz.de\/finanzen\/metamask-wallet-erfahrungen\/#breadcrumb"},"inLanguage":"de","potentialAction":[{"@type":"ReadAction","target":["https:\/\/www.l-iz.de\/finanzen\/metamask-wallet-erfahrungen\/"]}]},{"@type":"BreadcrumbList","@id":"https:\/\/www.l-iz.de\/finanzen\/metamask-wallet-erfahrungen\/#breadcrumb","itemListElement":[{"@type":"ListItem","position":1,"name":"Startseite","item":"https:\/\/www.l-iz.de\/finanzen\/"},{"@type":"ListItem","position":2,"name":"Metamask Wallet Erfahrungen"}]},{"@type":"WebSite","@id":"https:\/\/www.l-iz.de\/finanzen\/#website","url":"https:\/\/www.l-iz.de\/finanzen\/","name":"Leipziger Zeitung","description":"Finanz-Anbieter Vergleich &amp; Test [yyyy]: Bewertungen + Erfahrungen","publisher":{"@id":"https:\/\/www.l-iz.de\/finanzen\/#organization"},"potentialAction":[{"@type":"SearchAction","target":{"@type":"EntryPoint","urlTemplate":"https:\/\/www.l-iz.de\/finanzen\/?s={search_term_string}"},"query-input":{"@type":"PropertyValueSpecification","valueRequired":true,"valueName":"search_term_string"}}],"inLanguage":"de"},{"@type":"Organization","@id":"https:\/\/www.l-iz.de\/finanzen\/#organization","name":"LZ Medien GmbH","url":"https:\/\/www.l-iz.de\/finanzen\/","logo":{"@type":"ImageObject","inLanguage":"de","@id":"https:\/\/www.l-iz.de\/finanzen\/#\/schema\/logo\/image\/","url":"https:\/\/www.l-iz.de\/finanzen\/wp-content\/uploads\/2022\/09\/cropped-l-iz-logo.jpg","contentUrl":"https:\/\/www.l-iz.de\/finanzen\/wp-content\/uploads\/2022\/09\/cropped-l-iz-logo.jpg","width":1280,"height":387,"caption":"LZ Medien GmbH"},"image":{"@id":"https:\/\/www.l-iz.de\/finanzen\/#\/schema\/logo\/image\/"},"sameAs":["https:\/\/www.facebook.com\/LeipzigerInternetZeitung","https:\/\/www.youtube.com\/c\/L-izDe"]}]}},"_links":{"self":[{"href":"https:\/\/www.l-iz.de\/finanzen\/wp-json\/wp\/v2\/pages\/3127","targetHints":{"allow":["GET"]}}],"collection":[{"href":"https:\/\/www.l-iz.de\/finanzen\/wp-json\/wp\/v2\/pages"}],"about":[{"href":"https:\/\/www.l-iz.de\/finanzen\/wp-json\/wp\/v2\/types\/page"}],"author":[{"embeddable":true,"href":"https:\/\/www.l-iz.de\/finanzen\/wp-json\/wp\/v2\/users\/1"}],"replies":[{"embeddable":true,"href":"https:\/\/www.l-iz.de\/finanzen\/wp-json\/wp\/v2\/comments?post=3127"}],"version-history":[{"count":1,"href":"https:\/\/www.l-iz.de\/finanzen\/wp-json\/wp\/v2\/pages\/3127\/revisions"}],"predecessor-version":[{"id":7609,"href":"https:\/\/www.l-iz.de\/finanzen\/wp-json\/wp\/v2\/pages\/3127\/revisions\/7609"}],"wp:attachment":[{"href":"https:\/\/www.l-iz.de\/finanzen\/wp-json\/wp\/v2\/media?parent=3127"}],"curies":[{"name":"wp","href":"https:\/\/api.w.org\/{rel}","templated":true}]}}