{"id":3129,"date":"2023-03-22T20:02:40","date_gmt":"2023-03-22T19:02:40","guid":{"rendered":"https:\/\/soccerfield24.com\/hot-wallet\/"},"modified":"2023-07-06T15:58:30","modified_gmt":"2023-07-06T13:58:30","slug":"hot-wallet","status":"publish","type":"page","link":"https:\/\/www.l-iz.de\/finanzen\/hot-wallet\/","title":{"rendered":"Hot Wallet"},"content":{"rendered":"<p>Eine Hot Wallet, auch als Online-Wallet oder Web-Wallet bekannt, ist eine Art von digitalem Portemonnaie, das es Benutzern erm\u00f6glicht, digitale W\u00e4hrungen zu speichern und zu verarbeiten. Im Gegensatz zu einer Cold Wallet, die eine Form der Offline-Speicherung ist, speichert und verarbeitet eine Hot Wallet ihre Transaktionen in Echtzeit.<\/p>\n<p>Im Allgemeinen wird eine Hot Wallet als die bequemste und einfachste Art der digitalen W\u00e4hrungsaufbewahrung angesehen, da sie eine direkte Verbindung mit dem Netzwerk der digitalen W\u00e4hrung herstellen kann, ohne dass eine separate, externe Quelle erforderlich ist. Eine Hot Wallet ist auch ideal f\u00fcr den t\u00e4glichen Gebrauch, da sie sehr einfach zu bedienen ist und in der Regel mit anderen Wallets, B\u00f6rsen und Handelsplattformen kompatibel ist.<\/p>\n<p>Allerdings bieten Hot Wallets nicht immer die beste Sicherheit. Da sie direkt mit dem Netzwerk verbunden sind, k\u00f6nnen sie leichter anf\u00e4llig f\u00fcr Cyberangriffe und Hacks sein. W\u00e4hrend die meisten Hot Wallets mit hochwertigen Sicherheitsfunktionen ausgestattet sind, ist es immer noch ratsam, nur so viel Geld in einer Hot Wallet zu speichern, wie Sie ben\u00f6tigen und den Rest auf einer Cold Wallet zu speichern.<\/p>\n<p>Hot Wallets sind in drei verschiedenen Arten erh\u00e4ltlich: Desktop-Wallets, mobile Wallets und Web-Wallets. Desktop-Wallets werden auf Ihrem Computer installiert und bieten eine h\u00f6here Sicherheit als mobile oder Web-Wallets, da sie nicht mit dem Internet verbunden sind. Mobile Wallets sind ebenfalls sehr sicher, da sie in der Regel mit einer zus\u00e4tzlichen Authentifizierungsmethode wie Face ID oder Fingerabdruck gesichert sind. Web-Wallets sind jedoch die bequemste Art von Hot Wallet, da sie \u00fcberall auf der Welt \u00fcber einen Webbrowser zug\u00e4nglich sind.<\/p>\n<p>Obwohl Hot Wallets nicht immer die sicherste Wahl sind, sind sie eine bequeme und einfache M\u00f6glichkeit, digitale W\u00e4hrungen zu speichern und zu verarbeiten. Es ist daher wichtig, dass Sie Ihre Hot Wallet stets mit einem starken Passwort, einer zweistufigen Authentifizierung und einer separaten Cold Wallet f\u00fcr den gr\u00f6\u00dften Teil Ihres Guthabens sichern.<\/p>\n","protected":false},"excerpt":{"rendered":"<p>Eine Hot Wallet, auch als Online-Wallet oder Web-Wallet bekannt, ist eine Art von digitalem Portemonnaie, das es Benutzern erm\u00f6glicht, digitale W\u00e4hrungen zu speichern und zu verarbeiten. Im Gegensatz zu einer Cold Wallet, die eine Form der Offline-Speicherung ist, speichert und verarbeitet eine Hot Wallet ihre Transaktionen in Echtzeit. Im Allgemeinen wird eine Hot Wallet als [&hellip;]<\/p>\n","protected":false},"author":1,"featured_media":0,"parent":0,"menu_order":0,"comment_status":"closed","ping_status":"closed","template":"","meta":{"footnotes":""},"class_list":["post-3129","page","type-page","status-publish","hentry"],"yoast_head":"<!-- This site is optimized with the Yoast SEO plugin v25.4 - https:\/\/yoast.com\/wordpress\/plugins\/seo\/ -->\n<title>Hot Wallet - Leipziger Zeitung<\/title>\n<meta name=\"robots\" content=\"index, follow, max-snippet:-1, max-image-preview:large, max-video-preview:-1\" \/>\n<link rel=\"canonical\" href=\"https:\/\/www.l-iz.de\/finanzen\/hot-wallet\/\" \/>\n<meta property=\"og:locale\" content=\"de_DE\" \/>\n<meta property=\"og:type\" content=\"article\" \/>\n<meta property=\"og:title\" content=\"Hot Wallet - Leipziger Zeitung\" \/>\n<meta property=\"og:description\" content=\"Eine Hot Wallet, auch als Online-Wallet oder Web-Wallet bekannt, ist eine Art von digitalem Portemonnaie, das es Benutzern erm\u00f6glicht, digitale W\u00e4hrungen zu speichern und zu verarbeiten. Im Gegensatz zu einer Cold Wallet, die eine Form der Offline-Speicherung ist, speichert und verarbeitet eine Hot Wallet ihre Transaktionen in Echtzeit. Im Allgemeinen wird eine Hot Wallet als [&hellip;]\" \/>\n<meta property=\"og:url\" content=\"https:\/\/www.l-iz.de\/finanzen\/hot-wallet\/\" \/>\n<meta property=\"og:site_name\" content=\"Leipziger Zeitung\" \/>\n<meta property=\"article:publisher\" content=\"https:\/\/www.facebook.com\/LeipzigerInternetZeitung\" \/>\n<meta property=\"article:modified_time\" content=\"2023-07-06T13:58:30+00:00\" \/>\n<meta name=\"twitter:card\" content=\"summary_large_image\" \/>\n<meta name=\"twitter:label1\" content=\"Gesch\u00e4tzte Lesezeit\" \/>\n\t<meta name=\"twitter:data1\" content=\"2\u00a0Minuten\" \/>\n<script type=\"application\/ld+json\" class=\"yoast-schema-graph\">{\"@context\":\"https:\/\/schema.org\",\"@graph\":[{\"@type\":\"WebPage\",\"@id\":\"https:\/\/www.l-iz.de\/finanzen\/hot-wallet\/\",\"url\":\"https:\/\/www.l-iz.de\/finanzen\/hot-wallet\/\",\"name\":\"Hot Wallet - Leipziger Zeitung\",\"isPartOf\":{\"@id\":\"https:\/\/www.l-iz.de\/finanzen\/#website\"},\"datePublished\":\"2023-03-22T19:02:40+00:00\",\"dateModified\":\"2023-07-06T13:58:30+00:00\",\"breadcrumb\":{\"@id\":\"https:\/\/www.l-iz.de\/finanzen\/hot-wallet\/#breadcrumb\"},\"inLanguage\":\"de\",\"potentialAction\":[{\"@type\":\"ReadAction\",\"target\":[\"https:\/\/www.l-iz.de\/finanzen\/hot-wallet\/\"]}]},{\"@type\":\"BreadcrumbList\",\"@id\":\"https:\/\/www.l-iz.de\/finanzen\/hot-wallet\/#breadcrumb\",\"itemListElement\":[{\"@type\":\"ListItem\",\"position\":1,\"name\":\"Startseite\",\"item\":\"https:\/\/www.l-iz.de\/finanzen\/\"},{\"@type\":\"ListItem\",\"position\":2,\"name\":\"Hot Wallet\"}]},{\"@type\":\"WebSite\",\"@id\":\"https:\/\/www.l-iz.de\/finanzen\/#website\",\"url\":\"https:\/\/www.l-iz.de\/finanzen\/\",\"name\":\"Leipziger Zeitung\",\"description\":\"Finanz-Anbieter Vergleich &amp; Test [yyyy]: Bewertungen + Erfahrungen\",\"publisher\":{\"@id\":\"https:\/\/www.l-iz.de\/finanzen\/#organization\"},\"potentialAction\":[{\"@type\":\"SearchAction\",\"target\":{\"@type\":\"EntryPoint\",\"urlTemplate\":\"https:\/\/www.l-iz.de\/finanzen\/?s={search_term_string}\"},\"query-input\":{\"@type\":\"PropertyValueSpecification\",\"valueRequired\":true,\"valueName\":\"search_term_string\"}}],\"inLanguage\":\"de\"},{\"@type\":\"Organization\",\"@id\":\"https:\/\/www.l-iz.de\/finanzen\/#organization\",\"name\":\"LZ Medien GmbH\",\"url\":\"https:\/\/www.l-iz.de\/finanzen\/\",\"logo\":{\"@type\":\"ImageObject\",\"inLanguage\":\"de\",\"@id\":\"https:\/\/www.l-iz.de\/finanzen\/#\/schema\/logo\/image\/\",\"url\":\"https:\/\/www.l-iz.de\/finanzen\/wp-content\/uploads\/2022\/09\/cropped-l-iz-logo.jpg\",\"contentUrl\":\"https:\/\/www.l-iz.de\/finanzen\/wp-content\/uploads\/2022\/09\/cropped-l-iz-logo.jpg\",\"width\":1280,\"height\":387,\"caption\":\"LZ Medien GmbH\"},\"image\":{\"@id\":\"https:\/\/www.l-iz.de\/finanzen\/#\/schema\/logo\/image\/\"},\"sameAs\":[\"https:\/\/www.facebook.com\/LeipzigerInternetZeitung\",\"https:\/\/www.youtube.com\/c\/L-izDe\"]}]}<\/script>\n<!-- \/ Yoast SEO plugin. -->","yoast_head_json":{"title":"Hot Wallet - Leipziger Zeitung","robots":{"index":"index","follow":"follow","max-snippet":"max-snippet:-1","max-image-preview":"max-image-preview:large","max-video-preview":"max-video-preview:-1"},"canonical":"https:\/\/www.l-iz.de\/finanzen\/hot-wallet\/","og_locale":"de_DE","og_type":"article","og_title":"Hot Wallet - Leipziger Zeitung","og_description":"Eine Hot Wallet, auch als Online-Wallet oder Web-Wallet bekannt, ist eine Art von digitalem Portemonnaie, das es Benutzern erm\u00f6glicht, digitale W\u00e4hrungen zu speichern und zu verarbeiten. Im Gegensatz zu einer Cold Wallet, die eine Form der Offline-Speicherung ist, speichert und verarbeitet eine Hot Wallet ihre Transaktionen in Echtzeit. Im Allgemeinen wird eine Hot Wallet als [&hellip;]","og_url":"https:\/\/www.l-iz.de\/finanzen\/hot-wallet\/","og_site_name":"Leipziger Zeitung","article_publisher":"https:\/\/www.facebook.com\/LeipzigerInternetZeitung","article_modified_time":"2023-07-06T13:58:30+00:00","twitter_card":"summary_large_image","twitter_misc":{"Gesch\u00e4tzte Lesezeit":"2\u00a0Minuten"},"schema":{"@context":"https:\/\/schema.org","@graph":[{"@type":"WebPage","@id":"https:\/\/www.l-iz.de\/finanzen\/hot-wallet\/","url":"https:\/\/www.l-iz.de\/finanzen\/hot-wallet\/","name":"Hot Wallet - Leipziger Zeitung","isPartOf":{"@id":"https:\/\/www.l-iz.de\/finanzen\/#website"},"datePublished":"2023-03-22T19:02:40+00:00","dateModified":"2023-07-06T13:58:30+00:00","breadcrumb":{"@id":"https:\/\/www.l-iz.de\/finanzen\/hot-wallet\/#breadcrumb"},"inLanguage":"de","potentialAction":[{"@type":"ReadAction","target":["https:\/\/www.l-iz.de\/finanzen\/hot-wallet\/"]}]},{"@type":"BreadcrumbList","@id":"https:\/\/www.l-iz.de\/finanzen\/hot-wallet\/#breadcrumb","itemListElement":[{"@type":"ListItem","position":1,"name":"Startseite","item":"https:\/\/www.l-iz.de\/finanzen\/"},{"@type":"ListItem","position":2,"name":"Hot Wallet"}]},{"@type":"WebSite","@id":"https:\/\/www.l-iz.de\/finanzen\/#website","url":"https:\/\/www.l-iz.de\/finanzen\/","name":"Leipziger Zeitung","description":"Finanz-Anbieter Vergleich &amp; Test [yyyy]: Bewertungen + Erfahrungen","publisher":{"@id":"https:\/\/www.l-iz.de\/finanzen\/#organization"},"potentialAction":[{"@type":"SearchAction","target":{"@type":"EntryPoint","urlTemplate":"https:\/\/www.l-iz.de\/finanzen\/?s={search_term_string}"},"query-input":{"@type":"PropertyValueSpecification","valueRequired":true,"valueName":"search_term_string"}}],"inLanguage":"de"},{"@type":"Organization","@id":"https:\/\/www.l-iz.de\/finanzen\/#organization","name":"LZ Medien GmbH","url":"https:\/\/www.l-iz.de\/finanzen\/","logo":{"@type":"ImageObject","inLanguage":"de","@id":"https:\/\/www.l-iz.de\/finanzen\/#\/schema\/logo\/image\/","url":"https:\/\/www.l-iz.de\/finanzen\/wp-content\/uploads\/2022\/09\/cropped-l-iz-logo.jpg","contentUrl":"https:\/\/www.l-iz.de\/finanzen\/wp-content\/uploads\/2022\/09\/cropped-l-iz-logo.jpg","width":1280,"height":387,"caption":"LZ Medien GmbH"},"image":{"@id":"https:\/\/www.l-iz.de\/finanzen\/#\/schema\/logo\/image\/"},"sameAs":["https:\/\/www.facebook.com\/LeipzigerInternetZeitung","https:\/\/www.youtube.com\/c\/L-izDe"]}]}},"_links":{"self":[{"href":"https:\/\/www.l-iz.de\/finanzen\/wp-json\/wp\/v2\/pages\/3129","targetHints":{"allow":["GET"]}}],"collection":[{"href":"https:\/\/www.l-iz.de\/finanzen\/wp-json\/wp\/v2\/pages"}],"about":[{"href":"https:\/\/www.l-iz.de\/finanzen\/wp-json\/wp\/v2\/types\/page"}],"author":[{"embeddable":true,"href":"https:\/\/www.l-iz.de\/finanzen\/wp-json\/wp\/v2\/users\/1"}],"replies":[{"embeddable":true,"href":"https:\/\/www.l-iz.de\/finanzen\/wp-json\/wp\/v2\/comments?post=3129"}],"version-history":[{"count":1,"href":"https:\/\/www.l-iz.de\/finanzen\/wp-json\/wp\/v2\/pages\/3129\/revisions"}],"predecessor-version":[{"id":7552,"href":"https:\/\/www.l-iz.de\/finanzen\/wp-json\/wp\/v2\/pages\/3129\/revisions\/7552"}],"wp:attachment":[{"href":"https:\/\/www.l-iz.de\/finanzen\/wp-json\/wp\/v2\/media?parent=3129"}],"curies":[{"name":"wp","href":"https:\/\/api.w.org\/{rel}","templated":true}]}}