{"id":3131,"date":"2023-03-22T20:04:48","date_gmt":"2023-03-22T19:04:48","guid":{"rendered":"https:\/\/soccerfield24.com\/multi-signature-wallet\/"},"modified":"2023-07-06T15:58:55","modified_gmt":"2023-07-06T13:58:55","slug":"multi-signature-wallet","status":"publish","type":"page","link":"https:\/\/www.l-iz.de\/finanzen\/multi-signature-wallet\/","title":{"rendered":"Multi Signature Wallet"},"content":{"rendered":"<p>Multi-Signatur-Wallet (auch Multi-Sig-Wallet genannt) ist eine Form der digitalen Geldb\u00f6rse, die mehrere Private Keys f\u00fcr verschiedene Benutzer zul\u00e4sst. Dies bedeutet, dass mehrere Benutzer f\u00fcr jeden Transaktionsprozess ihre eigenen Private Keys (auch als Signatur bezeichnet) haben und somit f\u00fcr die Ausf\u00fchrung des Transaktionsprozesses \u201esignieren\u201c m\u00fcssen.<\/p>\n<p>Multi-Signatur-Wallets werden haupts\u00e4chlich verwendet, um mehreren Benutzern die Kontrolle \u00fcber ein Konto zu geben, wobei jeder Benutzer \u00fcber mindestens einen seiner Private Keys verf\u00fcgt. Es erm\u00f6glicht es einer Gruppe von Benutzern, Sicherheit und Kontrolle \u00fcber das Konto zu haben, ohne dass ein einzelner Benutzer mehr Kontrolle hat als die anderen.<\/p>\n<p>Multi-Signatur-Wallets bieten mehr Sicherheit als Single-Signatur-Wallets, bei denen nur ein Benutzer Zugang und Kontrolle hat. Mit Multi-Signatur-Wallets muss die Mehrheit der Benutzer dem Vorgang zustimmen, bevor es zu einer Transaktion kommen kann. Dadurch wird sichergestellt, dass ein einzelner Benutzer nicht mehr Kontrolle \u00fcber das Konto oder dessen Guthaben hat als die anderen Benutzer.<\/p>\n<p>Diese Art der Wallet ist n\u00fctzlich, wenn ein Konto oder ein Verm\u00f6gen unter mehreren Benutzern geteilt wird, denn es bietet ein hohes Ma\u00df an Sicherheit und Kontrolle f\u00fcr jeden Benutzer. Es ist auch n\u00fctzlich, wenn ein einzelner Benutzer mehrere Konten hat, die mit einander verbunden sind, aber nicht alle Konten auf einmal \u00fcberwacht werden k\u00f6nnen, da jeder Benutzer nur seinen eigenen Private Key ben\u00f6tigt.<\/p>\n<p>Multi-Signatur-Wallets k\u00f6nnen auch verwendet werden, um die Benutzer bei Unstimmigkeiten zwischen ihnen abzusichern. In diesem Fall k\u00f6nnen die Benutzer auf eine vereinbarte Mehrheitsregel zur\u00fcckgreifen, um die Situation zu l\u00f6sen. Dies kann sehr n\u00fctzlich sein, wenn eine Gruppe von Benutzern ein gemeinsames Konto verwendet, aber nicht einverstanden ist, wie das Geld verwendet werden soll.<\/p>\n<p>Multi-Signatur-Wallets sind eine sehr n\u00fctzliche Technologie und eine wichtige Komponente des sicheren digitalen Geldverkehrs. Sie bieten mehr Sicherheit und Kontrolle als traditionelle Single-Signatur-Wallets und erm\u00f6glichen es mehreren Benutzern, gleichzeitig an einem Konto zu arbeiten. Wenn Sie ein Konto oder ein Verm\u00f6gen mit einer Gruppe von Menschen teilen, ist es eine gute Option, eine Multi-Signatur-Wallet zu verwenden, um alle beteiligten Benutzer zu sch\u00fctzen.<\/p>\n","protected":false},"excerpt":{"rendered":"<p>Multi-Signatur-Wallet (auch Multi-Sig-Wallet genannt) ist eine Form der digitalen Geldb\u00f6rse, die mehrere Private Keys f\u00fcr verschiedene Benutzer zul\u00e4sst. Dies bedeutet, dass mehrere Benutzer f\u00fcr jeden Transaktionsprozess ihre eigenen Private Keys (auch als Signatur bezeichnet) haben und somit f\u00fcr die Ausf\u00fchrung des Transaktionsprozesses \u201esignieren\u201c m\u00fcssen. Multi-Signatur-Wallets werden haupts\u00e4chlich verwendet, um mehreren Benutzern die Kontrolle \u00fcber ein [&hellip;]<\/p>\n","protected":false},"author":1,"featured_media":0,"parent":0,"menu_order":0,"comment_status":"closed","ping_status":"closed","template":"","meta":{"footnotes":""},"class_list":["post-3131","page","type-page","status-publish","hentry"],"yoast_head":"<!-- This site is optimized with the Yoast SEO plugin v25.4 - https:\/\/yoast.com\/wordpress\/plugins\/seo\/ -->\n<title>Multi Signature Wallet - Leipziger Zeitung<\/title>\n<meta name=\"robots\" content=\"index, follow, max-snippet:-1, max-image-preview:large, max-video-preview:-1\" \/>\n<link rel=\"canonical\" href=\"https:\/\/www.l-iz.de\/finanzen\/multi-signature-wallet\/\" \/>\n<meta property=\"og:locale\" content=\"de_DE\" \/>\n<meta property=\"og:type\" content=\"article\" \/>\n<meta property=\"og:title\" content=\"Multi Signature Wallet - Leipziger Zeitung\" \/>\n<meta property=\"og:description\" content=\"Multi-Signatur-Wallet (auch Multi-Sig-Wallet genannt) ist eine Form der digitalen Geldb\u00f6rse, die mehrere Private Keys f\u00fcr verschiedene Benutzer zul\u00e4sst. Dies bedeutet, dass mehrere Benutzer f\u00fcr jeden Transaktionsprozess ihre eigenen Private Keys (auch als Signatur bezeichnet) haben und somit f\u00fcr die Ausf\u00fchrung des Transaktionsprozesses \u201esignieren\u201c m\u00fcssen. Multi-Signatur-Wallets werden haupts\u00e4chlich verwendet, um mehreren Benutzern die Kontrolle \u00fcber ein [&hellip;]\" \/>\n<meta property=\"og:url\" content=\"https:\/\/www.l-iz.de\/finanzen\/multi-signature-wallet\/\" \/>\n<meta property=\"og:site_name\" content=\"Leipziger Zeitung\" \/>\n<meta property=\"article:publisher\" content=\"https:\/\/www.facebook.com\/LeipzigerInternetZeitung\" \/>\n<meta property=\"article:modified_time\" content=\"2023-07-06T13:58:55+00:00\" \/>\n<meta name=\"twitter:card\" content=\"summary_large_image\" \/>\n<meta name=\"twitter:label1\" content=\"Gesch\u00e4tzte Lesezeit\" \/>\n\t<meta name=\"twitter:data1\" content=\"2\u00a0Minuten\" \/>\n<script type=\"application\/ld+json\" class=\"yoast-schema-graph\">{\"@context\":\"https:\/\/schema.org\",\"@graph\":[{\"@type\":\"WebPage\",\"@id\":\"https:\/\/www.l-iz.de\/finanzen\/multi-signature-wallet\/\",\"url\":\"https:\/\/www.l-iz.de\/finanzen\/multi-signature-wallet\/\",\"name\":\"Multi Signature Wallet - Leipziger Zeitung\",\"isPartOf\":{\"@id\":\"https:\/\/www.l-iz.de\/finanzen\/#website\"},\"datePublished\":\"2023-03-22T19:04:48+00:00\",\"dateModified\":\"2023-07-06T13:58:55+00:00\",\"breadcrumb\":{\"@id\":\"https:\/\/www.l-iz.de\/finanzen\/multi-signature-wallet\/#breadcrumb\"},\"inLanguage\":\"de\",\"potentialAction\":[{\"@type\":\"ReadAction\",\"target\":[\"https:\/\/www.l-iz.de\/finanzen\/multi-signature-wallet\/\"]}]},{\"@type\":\"BreadcrumbList\",\"@id\":\"https:\/\/www.l-iz.de\/finanzen\/multi-signature-wallet\/#breadcrumb\",\"itemListElement\":[{\"@type\":\"ListItem\",\"position\":1,\"name\":\"Startseite\",\"item\":\"https:\/\/www.l-iz.de\/finanzen\/\"},{\"@type\":\"ListItem\",\"position\":2,\"name\":\"Multi Signature Wallet\"}]},{\"@type\":\"WebSite\",\"@id\":\"https:\/\/www.l-iz.de\/finanzen\/#website\",\"url\":\"https:\/\/www.l-iz.de\/finanzen\/\",\"name\":\"Leipziger Zeitung\",\"description\":\"Finanz-Anbieter Vergleich &amp; Test [yyyy]: Bewertungen + Erfahrungen\",\"publisher\":{\"@id\":\"https:\/\/www.l-iz.de\/finanzen\/#organization\"},\"potentialAction\":[{\"@type\":\"SearchAction\",\"target\":{\"@type\":\"EntryPoint\",\"urlTemplate\":\"https:\/\/www.l-iz.de\/finanzen\/?s={search_term_string}\"},\"query-input\":{\"@type\":\"PropertyValueSpecification\",\"valueRequired\":true,\"valueName\":\"search_term_string\"}}],\"inLanguage\":\"de\"},{\"@type\":\"Organization\",\"@id\":\"https:\/\/www.l-iz.de\/finanzen\/#organization\",\"name\":\"LZ Medien GmbH\",\"url\":\"https:\/\/www.l-iz.de\/finanzen\/\",\"logo\":{\"@type\":\"ImageObject\",\"inLanguage\":\"de\",\"@id\":\"https:\/\/www.l-iz.de\/finanzen\/#\/schema\/logo\/image\/\",\"url\":\"https:\/\/www.l-iz.de\/finanzen\/wp-content\/uploads\/2022\/09\/cropped-l-iz-logo.jpg\",\"contentUrl\":\"https:\/\/www.l-iz.de\/finanzen\/wp-content\/uploads\/2022\/09\/cropped-l-iz-logo.jpg\",\"width\":1280,\"height\":387,\"caption\":\"LZ Medien GmbH\"},\"image\":{\"@id\":\"https:\/\/www.l-iz.de\/finanzen\/#\/schema\/logo\/image\/\"},\"sameAs\":[\"https:\/\/www.facebook.com\/LeipzigerInternetZeitung\",\"https:\/\/www.youtube.com\/c\/L-izDe\"]}]}<\/script>\n<!-- \/ Yoast SEO plugin. -->","yoast_head_json":{"title":"Multi Signature Wallet - Leipziger Zeitung","robots":{"index":"index","follow":"follow","max-snippet":"max-snippet:-1","max-image-preview":"max-image-preview:large","max-video-preview":"max-video-preview:-1"},"canonical":"https:\/\/www.l-iz.de\/finanzen\/multi-signature-wallet\/","og_locale":"de_DE","og_type":"article","og_title":"Multi Signature Wallet - Leipziger Zeitung","og_description":"Multi-Signatur-Wallet (auch Multi-Sig-Wallet genannt) ist eine Form der digitalen Geldb\u00f6rse, die mehrere Private Keys f\u00fcr verschiedene Benutzer zul\u00e4sst. Dies bedeutet, dass mehrere Benutzer f\u00fcr jeden Transaktionsprozess ihre eigenen Private Keys (auch als Signatur bezeichnet) haben und somit f\u00fcr die Ausf\u00fchrung des Transaktionsprozesses \u201esignieren\u201c m\u00fcssen. Multi-Signatur-Wallets werden haupts\u00e4chlich verwendet, um mehreren Benutzern die Kontrolle \u00fcber ein [&hellip;]","og_url":"https:\/\/www.l-iz.de\/finanzen\/multi-signature-wallet\/","og_site_name":"Leipziger Zeitung","article_publisher":"https:\/\/www.facebook.com\/LeipzigerInternetZeitung","article_modified_time":"2023-07-06T13:58:55+00:00","twitter_card":"summary_large_image","twitter_misc":{"Gesch\u00e4tzte Lesezeit":"2\u00a0Minuten"},"schema":{"@context":"https:\/\/schema.org","@graph":[{"@type":"WebPage","@id":"https:\/\/www.l-iz.de\/finanzen\/multi-signature-wallet\/","url":"https:\/\/www.l-iz.de\/finanzen\/multi-signature-wallet\/","name":"Multi Signature Wallet - Leipziger Zeitung","isPartOf":{"@id":"https:\/\/www.l-iz.de\/finanzen\/#website"},"datePublished":"2023-03-22T19:04:48+00:00","dateModified":"2023-07-06T13:58:55+00:00","breadcrumb":{"@id":"https:\/\/www.l-iz.de\/finanzen\/multi-signature-wallet\/#breadcrumb"},"inLanguage":"de","potentialAction":[{"@type":"ReadAction","target":["https:\/\/www.l-iz.de\/finanzen\/multi-signature-wallet\/"]}]},{"@type":"BreadcrumbList","@id":"https:\/\/www.l-iz.de\/finanzen\/multi-signature-wallet\/#breadcrumb","itemListElement":[{"@type":"ListItem","position":1,"name":"Startseite","item":"https:\/\/www.l-iz.de\/finanzen\/"},{"@type":"ListItem","position":2,"name":"Multi Signature Wallet"}]},{"@type":"WebSite","@id":"https:\/\/www.l-iz.de\/finanzen\/#website","url":"https:\/\/www.l-iz.de\/finanzen\/","name":"Leipziger Zeitung","description":"Finanz-Anbieter Vergleich &amp; Test [yyyy]: Bewertungen + Erfahrungen","publisher":{"@id":"https:\/\/www.l-iz.de\/finanzen\/#organization"},"potentialAction":[{"@type":"SearchAction","target":{"@type":"EntryPoint","urlTemplate":"https:\/\/www.l-iz.de\/finanzen\/?s={search_term_string}"},"query-input":{"@type":"PropertyValueSpecification","valueRequired":true,"valueName":"search_term_string"}}],"inLanguage":"de"},{"@type":"Organization","@id":"https:\/\/www.l-iz.de\/finanzen\/#organization","name":"LZ Medien GmbH","url":"https:\/\/www.l-iz.de\/finanzen\/","logo":{"@type":"ImageObject","inLanguage":"de","@id":"https:\/\/www.l-iz.de\/finanzen\/#\/schema\/logo\/image\/","url":"https:\/\/www.l-iz.de\/finanzen\/wp-content\/uploads\/2022\/09\/cropped-l-iz-logo.jpg","contentUrl":"https:\/\/www.l-iz.de\/finanzen\/wp-content\/uploads\/2022\/09\/cropped-l-iz-logo.jpg","width":1280,"height":387,"caption":"LZ Medien GmbH"},"image":{"@id":"https:\/\/www.l-iz.de\/finanzen\/#\/schema\/logo\/image\/"},"sameAs":["https:\/\/www.facebook.com\/LeipzigerInternetZeitung","https:\/\/www.youtube.com\/c\/L-izDe"]}]}},"_links":{"self":[{"href":"https:\/\/www.l-iz.de\/finanzen\/wp-json\/wp\/v2\/pages\/3131","targetHints":{"allow":["GET"]}}],"collection":[{"href":"https:\/\/www.l-iz.de\/finanzen\/wp-json\/wp\/v2\/pages"}],"about":[{"href":"https:\/\/www.l-iz.de\/finanzen\/wp-json\/wp\/v2\/types\/page"}],"author":[{"embeddable":true,"href":"https:\/\/www.l-iz.de\/finanzen\/wp-json\/wp\/v2\/users\/1"}],"replies":[{"embeddable":true,"href":"https:\/\/www.l-iz.de\/finanzen\/wp-json\/wp\/v2\/comments?post=3131"}],"version-history":[{"count":1,"href":"https:\/\/www.l-iz.de\/finanzen\/wp-json\/wp\/v2\/pages\/3131\/revisions"}],"predecessor-version":[{"id":7631,"href":"https:\/\/www.l-iz.de\/finanzen\/wp-json\/wp\/v2\/pages\/3131\/revisions\/7631"}],"wp:attachment":[{"href":"https:\/\/www.l-iz.de\/finanzen\/wp-json\/wp\/v2\/media?parent=3131"}],"curies":[{"name":"wp","href":"https:\/\/api.w.org\/{rel}","templated":true}]}}