{"id":3132,"date":"2023-03-22T20:06:22","date_gmt":"2023-03-22T19:06:22","guid":{"rendered":"https:\/\/soccerfield24.com\/guarda-wallet-erfahrungen\/"},"modified":"2023-07-06T15:58:29","modified_gmt":"2023-07-06T13:58:29","slug":"guarda-wallet-erfahrungen","status":"publish","type":"page","link":"https:\/\/www.l-iz.de\/finanzen\/guarda-wallet-erfahrungen\/","title":{"rendered":"Guarda Wallet Erfahrungen"},"content":{"rendered":"<p>Guarda Wallet ist ein digitales Geldb\u00f6rsen- und Kryptow\u00e4hrungs-Portfolio, das Benutzern erm\u00f6glicht, Kryptow\u00e4hrungen sicher und einfach aufzubewahren, zu erwerben und zu handeln. Es ist eine der am meisten empfohlenen Plattformen f\u00fcr die Verwaltung von Kryptow\u00e4hrungen, da es \u00fcber eine benutzerfreundliche Schnittstelle, zahlreiche Funktionen und Sicherheitsprotokolle verf\u00fcgt.<\/p>\n<p>Der erste Eindruck der Benutzer bei der Nutzung der Guarda Wallet ist, dass die Benutzeroberfl\u00e4che leicht zu bedienen ist und sehr benutzerfreundlich ist. Es hat auch ein modernes und intuitives Design, das es einfach macht, verschiedene Kryptow\u00e4hrungen zu verwalten. Bei der Verwendung der Guarda Wallet wird ein sicherer Schl\u00fcssel generiert, der den Benutzern Zugang zu ihrem Konto gibt. Dieser Schl\u00fcssel ist ein kryptografischer Code, der es Benutzern erm\u00f6glicht, ihre Geldb\u00f6rse jederzeit und \u00fcberall zu \u00f6ffnen.<\/p>\n<p>Die Guarda Wallet bietet Benutzern auch eine Vielzahl von Funktionen, mit denen sie Kryptow\u00e4hrungen schnell, einfach und sicher kaufen und verkaufen k\u00f6nnen. Zu diesen Funktionen geh\u00f6ren unter anderem das Erstellen und Verwalten von Kryptow\u00e4hrungs-Portfolios, das Senden und Empfangen von Kryptow\u00e4hrungen, das Einrichten von limitierten Handelsauftr\u00e4gen und das Anzeigen von Kontoausz\u00fcgen. Es gibt auch eine integrierte Brieftasche in der App, die es Benutzern erm\u00f6glicht, Kryptow\u00e4hrungen sicher offline aufzubewahren.<\/p>\n<p>In Bezug auf die Sicherheit ist die Guarda Wallet eine der sichersten auf dem Markt. Es verwendet eine Reihe von Sicherheitsprotokollen, um Benutzerkonten und Transaktionen zu sch\u00fctzen. Zu diesen Protokollen geh\u00f6ren unter anderem die Verwendung von mehrschichtigen Sicherheitsprotokollen, Verschl\u00fcsselungstechnologien, Zwei-Faktor-Authentifizierung und E-Mail-Benachrichtigungen. Auf diese Weise k\u00f6nnen Benutzer sicherstellen, dass ihre Geldb\u00f6rsen sicher sind und dass ihre Transaktionen gesch\u00fctzt sind.<\/p>\n<p>Insgesamt haben Benutzer, die die Guarda Wallet verwenden, sehr gute Erfahrungen gemacht. Viele Benutzer haben berichtet, dass sie die benutzerfreundliche Schnittstelle, die Sicherheitsprotokolle und die Funktionen, die die Guarda Wallet bietet, sehr sch\u00e4tzen. Aufgrund des modernen und intuitiven Designs der Guarda Wallet, der hohen Sicherheitsstandards und der umfangreichen Funktionen ist es eine der besten Plattformen f\u00fcr die Verwaltung von Kryptow\u00e4hrungen.<\/p>\n","protected":false},"excerpt":{"rendered":"<p>Guarda Wallet ist ein digitales Geldb\u00f6rsen- und Kryptow\u00e4hrungs-Portfolio, das Benutzern erm\u00f6glicht, Kryptow\u00e4hrungen sicher und einfach aufzubewahren, zu erwerben und zu handeln. Es ist eine der am meisten empfohlenen Plattformen f\u00fcr die Verwaltung von Kryptow\u00e4hrungen, da es \u00fcber eine benutzerfreundliche Schnittstelle, zahlreiche Funktionen und Sicherheitsprotokolle verf\u00fcgt. Der erste Eindruck der Benutzer bei der Nutzung der Guarda [&hellip;]<\/p>\n","protected":false},"author":1,"featured_media":0,"parent":0,"menu_order":0,"comment_status":"closed","ping_status":"closed","template":"","meta":{"footnotes":""},"class_list":["post-3132","page","type-page","status-publish","hentry"],"yoast_head":"<!-- This site is optimized with the Yoast SEO plugin v25.4 - https:\/\/yoast.com\/wordpress\/plugins\/seo\/ -->\n<title>Guarda Wallet Erfahrungen - Leipziger Zeitung<\/title>\n<meta name=\"robots\" content=\"index, follow, max-snippet:-1, max-image-preview:large, max-video-preview:-1\" \/>\n<link rel=\"canonical\" href=\"https:\/\/www.l-iz.de\/finanzen\/guarda-wallet-erfahrungen\/\" \/>\n<meta property=\"og:locale\" content=\"de_DE\" \/>\n<meta property=\"og:type\" content=\"article\" \/>\n<meta property=\"og:title\" content=\"Guarda Wallet Erfahrungen - Leipziger Zeitung\" \/>\n<meta property=\"og:description\" content=\"Guarda Wallet ist ein digitales Geldb\u00f6rsen- und Kryptow\u00e4hrungs-Portfolio, das Benutzern erm\u00f6glicht, Kryptow\u00e4hrungen sicher und einfach aufzubewahren, zu erwerben und zu handeln. Es ist eine der am meisten empfohlenen Plattformen f\u00fcr die Verwaltung von Kryptow\u00e4hrungen, da es \u00fcber eine benutzerfreundliche Schnittstelle, zahlreiche Funktionen und Sicherheitsprotokolle verf\u00fcgt. Der erste Eindruck der Benutzer bei der Nutzung der Guarda [&hellip;]\" \/>\n<meta property=\"og:url\" content=\"https:\/\/www.l-iz.de\/finanzen\/guarda-wallet-erfahrungen\/\" \/>\n<meta property=\"og:site_name\" content=\"Leipziger Zeitung\" \/>\n<meta property=\"article:publisher\" content=\"https:\/\/www.facebook.com\/LeipzigerInternetZeitung\" \/>\n<meta property=\"article:modified_time\" content=\"2023-07-06T13:58:29+00:00\" \/>\n<meta name=\"twitter:card\" content=\"summary_large_image\" \/>\n<meta name=\"twitter:label1\" content=\"Gesch\u00e4tzte Lesezeit\" \/>\n\t<meta name=\"twitter:data1\" content=\"2\u00a0Minuten\" \/>\n<script type=\"application\/ld+json\" class=\"yoast-schema-graph\">{\"@context\":\"https:\/\/schema.org\",\"@graph\":[{\"@type\":\"WebPage\",\"@id\":\"https:\/\/www.l-iz.de\/finanzen\/guarda-wallet-erfahrungen\/\",\"url\":\"https:\/\/www.l-iz.de\/finanzen\/guarda-wallet-erfahrungen\/\",\"name\":\"Guarda Wallet Erfahrungen - Leipziger Zeitung\",\"isPartOf\":{\"@id\":\"https:\/\/www.l-iz.de\/finanzen\/#website\"},\"datePublished\":\"2023-03-22T19:06:22+00:00\",\"dateModified\":\"2023-07-06T13:58:29+00:00\",\"breadcrumb\":{\"@id\":\"https:\/\/www.l-iz.de\/finanzen\/guarda-wallet-erfahrungen\/#breadcrumb\"},\"inLanguage\":\"de\",\"potentialAction\":[{\"@type\":\"ReadAction\",\"target\":[\"https:\/\/www.l-iz.de\/finanzen\/guarda-wallet-erfahrungen\/\"]}]},{\"@type\":\"BreadcrumbList\",\"@id\":\"https:\/\/www.l-iz.de\/finanzen\/guarda-wallet-erfahrungen\/#breadcrumb\",\"itemListElement\":[{\"@type\":\"ListItem\",\"position\":1,\"name\":\"Startseite\",\"item\":\"https:\/\/www.l-iz.de\/finanzen\/\"},{\"@type\":\"ListItem\",\"position\":2,\"name\":\"Guarda Wallet Erfahrungen\"}]},{\"@type\":\"WebSite\",\"@id\":\"https:\/\/www.l-iz.de\/finanzen\/#website\",\"url\":\"https:\/\/www.l-iz.de\/finanzen\/\",\"name\":\"Leipziger Zeitung\",\"description\":\"Finanz-Anbieter Vergleich &amp; Test [yyyy]: Bewertungen + Erfahrungen\",\"publisher\":{\"@id\":\"https:\/\/www.l-iz.de\/finanzen\/#organization\"},\"potentialAction\":[{\"@type\":\"SearchAction\",\"target\":{\"@type\":\"EntryPoint\",\"urlTemplate\":\"https:\/\/www.l-iz.de\/finanzen\/?s={search_term_string}\"},\"query-input\":{\"@type\":\"PropertyValueSpecification\",\"valueRequired\":true,\"valueName\":\"search_term_string\"}}],\"inLanguage\":\"de\"},{\"@type\":\"Organization\",\"@id\":\"https:\/\/www.l-iz.de\/finanzen\/#organization\",\"name\":\"LZ Medien GmbH\",\"url\":\"https:\/\/www.l-iz.de\/finanzen\/\",\"logo\":{\"@type\":\"ImageObject\",\"inLanguage\":\"de\",\"@id\":\"https:\/\/www.l-iz.de\/finanzen\/#\/schema\/logo\/image\/\",\"url\":\"https:\/\/www.l-iz.de\/finanzen\/wp-content\/uploads\/2022\/09\/cropped-l-iz-logo.jpg\",\"contentUrl\":\"https:\/\/www.l-iz.de\/finanzen\/wp-content\/uploads\/2022\/09\/cropped-l-iz-logo.jpg\",\"width\":1280,\"height\":387,\"caption\":\"LZ Medien GmbH\"},\"image\":{\"@id\":\"https:\/\/www.l-iz.de\/finanzen\/#\/schema\/logo\/image\/\"},\"sameAs\":[\"https:\/\/www.facebook.com\/LeipzigerInternetZeitung\",\"https:\/\/www.youtube.com\/c\/L-izDe\"]}]}<\/script>\n<!-- \/ Yoast SEO plugin. -->","yoast_head_json":{"title":"Guarda Wallet Erfahrungen - Leipziger Zeitung","robots":{"index":"index","follow":"follow","max-snippet":"max-snippet:-1","max-image-preview":"max-image-preview:large","max-video-preview":"max-video-preview:-1"},"canonical":"https:\/\/www.l-iz.de\/finanzen\/guarda-wallet-erfahrungen\/","og_locale":"de_DE","og_type":"article","og_title":"Guarda Wallet Erfahrungen - Leipziger Zeitung","og_description":"Guarda Wallet ist ein digitales Geldb\u00f6rsen- und Kryptow\u00e4hrungs-Portfolio, das Benutzern erm\u00f6glicht, Kryptow\u00e4hrungen sicher und einfach aufzubewahren, zu erwerben und zu handeln. Es ist eine der am meisten empfohlenen Plattformen f\u00fcr die Verwaltung von Kryptow\u00e4hrungen, da es \u00fcber eine benutzerfreundliche Schnittstelle, zahlreiche Funktionen und Sicherheitsprotokolle verf\u00fcgt. Der erste Eindruck der Benutzer bei der Nutzung der Guarda [&hellip;]","og_url":"https:\/\/www.l-iz.de\/finanzen\/guarda-wallet-erfahrungen\/","og_site_name":"Leipziger Zeitung","article_publisher":"https:\/\/www.facebook.com\/LeipzigerInternetZeitung","article_modified_time":"2023-07-06T13:58:29+00:00","twitter_card":"summary_large_image","twitter_misc":{"Gesch\u00e4tzte Lesezeit":"2\u00a0Minuten"},"schema":{"@context":"https:\/\/schema.org","@graph":[{"@type":"WebPage","@id":"https:\/\/www.l-iz.de\/finanzen\/guarda-wallet-erfahrungen\/","url":"https:\/\/www.l-iz.de\/finanzen\/guarda-wallet-erfahrungen\/","name":"Guarda Wallet Erfahrungen - Leipziger Zeitung","isPartOf":{"@id":"https:\/\/www.l-iz.de\/finanzen\/#website"},"datePublished":"2023-03-22T19:06:22+00:00","dateModified":"2023-07-06T13:58:29+00:00","breadcrumb":{"@id":"https:\/\/www.l-iz.de\/finanzen\/guarda-wallet-erfahrungen\/#breadcrumb"},"inLanguage":"de","potentialAction":[{"@type":"ReadAction","target":["https:\/\/www.l-iz.de\/finanzen\/guarda-wallet-erfahrungen\/"]}]},{"@type":"BreadcrumbList","@id":"https:\/\/www.l-iz.de\/finanzen\/guarda-wallet-erfahrungen\/#breadcrumb","itemListElement":[{"@type":"ListItem","position":1,"name":"Startseite","item":"https:\/\/www.l-iz.de\/finanzen\/"},{"@type":"ListItem","position":2,"name":"Guarda Wallet Erfahrungen"}]},{"@type":"WebSite","@id":"https:\/\/www.l-iz.de\/finanzen\/#website","url":"https:\/\/www.l-iz.de\/finanzen\/","name":"Leipziger Zeitung","description":"Finanz-Anbieter Vergleich &amp; Test [yyyy]: Bewertungen + Erfahrungen","publisher":{"@id":"https:\/\/www.l-iz.de\/finanzen\/#organization"},"potentialAction":[{"@type":"SearchAction","target":{"@type":"EntryPoint","urlTemplate":"https:\/\/www.l-iz.de\/finanzen\/?s={search_term_string}"},"query-input":{"@type":"PropertyValueSpecification","valueRequired":true,"valueName":"search_term_string"}}],"inLanguage":"de"},{"@type":"Organization","@id":"https:\/\/www.l-iz.de\/finanzen\/#organization","name":"LZ Medien GmbH","url":"https:\/\/www.l-iz.de\/finanzen\/","logo":{"@type":"ImageObject","inLanguage":"de","@id":"https:\/\/www.l-iz.de\/finanzen\/#\/schema\/logo\/image\/","url":"https:\/\/www.l-iz.de\/finanzen\/wp-content\/uploads\/2022\/09\/cropped-l-iz-logo.jpg","contentUrl":"https:\/\/www.l-iz.de\/finanzen\/wp-content\/uploads\/2022\/09\/cropped-l-iz-logo.jpg","width":1280,"height":387,"caption":"LZ Medien GmbH"},"image":{"@id":"https:\/\/www.l-iz.de\/finanzen\/#\/schema\/logo\/image\/"},"sameAs":["https:\/\/www.facebook.com\/LeipzigerInternetZeitung","https:\/\/www.youtube.com\/c\/L-izDe"]}]}},"_links":{"self":[{"href":"https:\/\/www.l-iz.de\/finanzen\/wp-json\/wp\/v2\/pages\/3132","targetHints":{"allow":["GET"]}}],"collection":[{"href":"https:\/\/www.l-iz.de\/finanzen\/wp-json\/wp\/v2\/pages"}],"about":[{"href":"https:\/\/www.l-iz.de\/finanzen\/wp-json\/wp\/v2\/types\/page"}],"author":[{"embeddable":true,"href":"https:\/\/www.l-iz.de\/finanzen\/wp-json\/wp\/v2\/users\/1"}],"replies":[{"embeddable":true,"href":"https:\/\/www.l-iz.de\/finanzen\/wp-json\/wp\/v2\/comments?post=3132"}],"version-history":[{"count":1,"href":"https:\/\/www.l-iz.de\/finanzen\/wp-json\/wp\/v2\/pages\/3132\/revisions"}],"predecessor-version":[{"id":7542,"href":"https:\/\/www.l-iz.de\/finanzen\/wp-json\/wp\/v2\/pages\/3132\/revisions\/7542"}],"wp:attachment":[{"href":"https:\/\/www.l-iz.de\/finanzen\/wp-json\/wp\/v2\/media?parent=3132"}],"curies":[{"name":"wp","href":"https:\/\/api.w.org\/{rel}","templated":true}]}}