{"id":3133,"date":"2023-03-22T20:07:18","date_gmt":"2023-03-22T19:07:18","guid":{"rendered":"https:\/\/soccerfield24.com\/exodus-wallet-erfahrungen\/"},"modified":"2023-07-06T15:58:12","modified_gmt":"2023-07-06T13:58:12","slug":"exodus-wallet-erfahrungen","status":"publish","type":"page","link":"https:\/\/www.l-iz.de\/finanzen\/exodus-wallet-erfahrungen\/","title":{"rendered":"Exodus Wallet Erfahrungen"},"content":{"rendered":"<p>Der Exodus Wallet ist eine beliebte Desktop- und Mobile-Wallet, die es Benutzern erm\u00f6glicht, verschiedene Kryptow\u00e4hrungen wie Bitcoin, Litecoin, Ethereum und andere zu speichern, zu senden und zu empfangen. Das Exodus Wallet wird von einer Gruppe von Blockchain-Enthusiasten entwickelt und bietet eine einfache und intuitive Benutzeroberfl\u00e4che, die es Benutzern erm\u00f6glicht, Kryptow\u00e4hrungen schnell und sicher zu verwalten.<\/p>\n<p>Das Exodus Wallet ist eine der am h\u00e4ufigsten empfohlenen Wallets f\u00fcr diejenigen, die gerade erst in die Kryptow\u00e4hrung Welt eintauchen. Es ist eine der einfachsten Wallets, mit der man Kryptow\u00e4hrungen verwalten kann. Es bietet auch eine benutzerfreundliche Oberfl\u00e4che, die es erm\u00f6glicht, in kurzer Zeit mit Bitcoin, Ethereum, Litecoin und anderen Kryptow\u00e4hrungen zu handeln.<\/p>\n<p>Ein weiteres gro\u00dfartiges Merkmal des Exodus Wallet ist, dass es einen integrierten Kryptow\u00e4hrungs-Austausch hat. Dieser Austausch erm\u00f6glicht es Benutzern, direkt aus der Wallet Kryptow\u00e4hrungen zu kaufen und zu verkaufen. Benutzer k\u00f6nnen auch ihre Kryptow\u00e4hrungen in eine andere Kryptow\u00e4hrung tauschen.<\/p>\n<p>Eine weitere gro\u00dfartige Funktion des Exodus Wallet ist, dass es einen guten Support f\u00fcr neue Benutzer bietet. Es bietet eine Reihe von Dokumentationen, Tutorials und FAQs, die den Benutzern helfen, die Software zu verstehen und zu verwenden. Es gibt auch einen Kundendienst, der bei Fragen und Problemen zur Verf\u00fcgung steht.<\/p>\n<p>Der Exodus Wallet bietet auch eine anst\u00e4ndige Sicherheit. Benutzer m\u00fcssen ein Passwort eingeben, um mit ihrem Wallet zu interagieren. Da keine pers\u00f6nlichen Daten an den Server des Unternehmens \u00fcbertragen werden, ist die Gefahr eines Hacks sehr gering.<\/p>\n<p>Insgesamt bietet der Exodus Wallet Benutzern eine einfache und sichere M\u00f6glichkeit, Kryptow\u00e4hrungen zu verwalten. Es bietet einfache und intuitive Benutzeroberfl\u00e4chen, eine integrierte Kryptow\u00e4hrungsb\u00f6rse und einen guten Support f\u00fcr neue Benutzer. Au\u00dferdem bietet es eine anst\u00e4ndige Sicherheit, indem es Benutzern erm\u00f6glicht, ein Passwort einzugeben, um mit dem Wallet zu interagieren. All diese Merkmale machen es zu einer der beliebtesten Wallets in der Kryptow\u00e4hrungswelt.<\/p>\n","protected":false},"excerpt":{"rendered":"<p>Der Exodus Wallet ist eine beliebte Desktop- und Mobile-Wallet, die es Benutzern erm\u00f6glicht, verschiedene Kryptow\u00e4hrungen wie Bitcoin, Litecoin, Ethereum und andere zu speichern, zu senden und zu empfangen. Das Exodus Wallet wird von einer Gruppe von Blockchain-Enthusiasten entwickelt und bietet eine einfache und intuitive Benutzeroberfl\u00e4che, die es Benutzern erm\u00f6glicht, Kryptow\u00e4hrungen schnell und sicher zu verwalten. [&hellip;]<\/p>\n","protected":false},"author":1,"featured_media":0,"parent":0,"menu_order":0,"comment_status":"closed","ping_status":"closed","template":"","meta":{"footnotes":""},"class_list":["post-3133","page","type-page","status-publish","hentry"],"yoast_head":"<!-- This site is optimized with the Yoast SEO plugin v25.4 - https:\/\/yoast.com\/wordpress\/plugins\/seo\/ -->\n<title>Exodus Wallet Erfahrungen - Leipziger Zeitung<\/title>\n<meta name=\"robots\" content=\"index, follow, max-snippet:-1, max-image-preview:large, max-video-preview:-1\" \/>\n<link rel=\"canonical\" href=\"https:\/\/www.l-iz.de\/finanzen\/exodus-wallet-erfahrungen\/\" \/>\n<meta property=\"og:locale\" content=\"de_DE\" \/>\n<meta property=\"og:type\" content=\"article\" \/>\n<meta property=\"og:title\" content=\"Exodus Wallet Erfahrungen - Leipziger Zeitung\" \/>\n<meta property=\"og:description\" content=\"Der Exodus Wallet ist eine beliebte Desktop- und Mobile-Wallet, die es Benutzern erm\u00f6glicht, verschiedene Kryptow\u00e4hrungen wie Bitcoin, Litecoin, Ethereum und andere zu speichern, zu senden und zu empfangen. Das Exodus Wallet wird von einer Gruppe von Blockchain-Enthusiasten entwickelt und bietet eine einfache und intuitive Benutzeroberfl\u00e4che, die es Benutzern erm\u00f6glicht, Kryptow\u00e4hrungen schnell und sicher zu verwalten. [&hellip;]\" \/>\n<meta property=\"og:url\" content=\"https:\/\/www.l-iz.de\/finanzen\/exodus-wallet-erfahrungen\/\" \/>\n<meta property=\"og:site_name\" content=\"Leipziger Zeitung\" \/>\n<meta property=\"article:publisher\" content=\"https:\/\/www.facebook.com\/LeipzigerInternetZeitung\" \/>\n<meta property=\"article:modified_time\" content=\"2023-07-06T13:58:12+00:00\" \/>\n<meta name=\"twitter:card\" content=\"summary_large_image\" \/>\n<meta name=\"twitter:label1\" content=\"Gesch\u00e4tzte Lesezeit\" \/>\n\t<meta name=\"twitter:data1\" content=\"2\u00a0Minuten\" \/>\n<script type=\"application\/ld+json\" class=\"yoast-schema-graph\">{\"@context\":\"https:\/\/schema.org\",\"@graph\":[{\"@type\":\"WebPage\",\"@id\":\"https:\/\/www.l-iz.de\/finanzen\/exodus-wallet-erfahrungen\/\",\"url\":\"https:\/\/www.l-iz.de\/finanzen\/exodus-wallet-erfahrungen\/\",\"name\":\"Exodus Wallet Erfahrungen - Leipziger Zeitung\",\"isPartOf\":{\"@id\":\"https:\/\/www.l-iz.de\/finanzen\/#website\"},\"datePublished\":\"2023-03-22T19:07:18+00:00\",\"dateModified\":\"2023-07-06T13:58:12+00:00\",\"breadcrumb\":{\"@id\":\"https:\/\/www.l-iz.de\/finanzen\/exodus-wallet-erfahrungen\/#breadcrumb\"},\"inLanguage\":\"de\",\"potentialAction\":[{\"@type\":\"ReadAction\",\"target\":[\"https:\/\/www.l-iz.de\/finanzen\/exodus-wallet-erfahrungen\/\"]}]},{\"@type\":\"BreadcrumbList\",\"@id\":\"https:\/\/www.l-iz.de\/finanzen\/exodus-wallet-erfahrungen\/#breadcrumb\",\"itemListElement\":[{\"@type\":\"ListItem\",\"position\":1,\"name\":\"Startseite\",\"item\":\"https:\/\/www.l-iz.de\/finanzen\/\"},{\"@type\":\"ListItem\",\"position\":2,\"name\":\"Exodus Wallet Erfahrungen\"}]},{\"@type\":\"WebSite\",\"@id\":\"https:\/\/www.l-iz.de\/finanzen\/#website\",\"url\":\"https:\/\/www.l-iz.de\/finanzen\/\",\"name\":\"Leipziger Zeitung\",\"description\":\"Finanz-Anbieter Vergleich &amp; Test [yyyy]: Bewertungen + Erfahrungen\",\"publisher\":{\"@id\":\"https:\/\/www.l-iz.de\/finanzen\/#organization\"},\"potentialAction\":[{\"@type\":\"SearchAction\",\"target\":{\"@type\":\"EntryPoint\",\"urlTemplate\":\"https:\/\/www.l-iz.de\/finanzen\/?s={search_term_string}\"},\"query-input\":{\"@type\":\"PropertyValueSpecification\",\"valueRequired\":true,\"valueName\":\"search_term_string\"}}],\"inLanguage\":\"de\"},{\"@type\":\"Organization\",\"@id\":\"https:\/\/www.l-iz.de\/finanzen\/#organization\",\"name\":\"LZ Medien GmbH\",\"url\":\"https:\/\/www.l-iz.de\/finanzen\/\",\"logo\":{\"@type\":\"ImageObject\",\"inLanguage\":\"de\",\"@id\":\"https:\/\/www.l-iz.de\/finanzen\/#\/schema\/logo\/image\/\",\"url\":\"https:\/\/www.l-iz.de\/finanzen\/wp-content\/uploads\/2022\/09\/cropped-l-iz-logo.jpg\",\"contentUrl\":\"https:\/\/www.l-iz.de\/finanzen\/wp-content\/uploads\/2022\/09\/cropped-l-iz-logo.jpg\",\"width\":1280,\"height\":387,\"caption\":\"LZ Medien GmbH\"},\"image\":{\"@id\":\"https:\/\/www.l-iz.de\/finanzen\/#\/schema\/logo\/image\/\"},\"sameAs\":[\"https:\/\/www.facebook.com\/LeipzigerInternetZeitung\",\"https:\/\/www.youtube.com\/c\/L-izDe\"]}]}<\/script>\n<!-- \/ Yoast SEO plugin. -->","yoast_head_json":{"title":"Exodus Wallet Erfahrungen - Leipziger Zeitung","robots":{"index":"index","follow":"follow","max-snippet":"max-snippet:-1","max-image-preview":"max-image-preview:large","max-video-preview":"max-video-preview:-1"},"canonical":"https:\/\/www.l-iz.de\/finanzen\/exodus-wallet-erfahrungen\/","og_locale":"de_DE","og_type":"article","og_title":"Exodus Wallet Erfahrungen - Leipziger Zeitung","og_description":"Der Exodus Wallet ist eine beliebte Desktop- und Mobile-Wallet, die es Benutzern erm\u00f6glicht, verschiedene Kryptow\u00e4hrungen wie Bitcoin, Litecoin, Ethereum und andere zu speichern, zu senden und zu empfangen. Das Exodus Wallet wird von einer Gruppe von Blockchain-Enthusiasten entwickelt und bietet eine einfache und intuitive Benutzeroberfl\u00e4che, die es Benutzern erm\u00f6glicht, Kryptow\u00e4hrungen schnell und sicher zu verwalten. [&hellip;]","og_url":"https:\/\/www.l-iz.de\/finanzen\/exodus-wallet-erfahrungen\/","og_site_name":"Leipziger Zeitung","article_publisher":"https:\/\/www.facebook.com\/LeipzigerInternetZeitung","article_modified_time":"2023-07-06T13:58:12+00:00","twitter_card":"summary_large_image","twitter_misc":{"Gesch\u00e4tzte Lesezeit":"2\u00a0Minuten"},"schema":{"@context":"https:\/\/schema.org","@graph":[{"@type":"WebPage","@id":"https:\/\/www.l-iz.de\/finanzen\/exodus-wallet-erfahrungen\/","url":"https:\/\/www.l-iz.de\/finanzen\/exodus-wallet-erfahrungen\/","name":"Exodus Wallet Erfahrungen - Leipziger Zeitung","isPartOf":{"@id":"https:\/\/www.l-iz.de\/finanzen\/#website"},"datePublished":"2023-03-22T19:07:18+00:00","dateModified":"2023-07-06T13:58:12+00:00","breadcrumb":{"@id":"https:\/\/www.l-iz.de\/finanzen\/exodus-wallet-erfahrungen\/#breadcrumb"},"inLanguage":"de","potentialAction":[{"@type":"ReadAction","target":["https:\/\/www.l-iz.de\/finanzen\/exodus-wallet-erfahrungen\/"]}]},{"@type":"BreadcrumbList","@id":"https:\/\/www.l-iz.de\/finanzen\/exodus-wallet-erfahrungen\/#breadcrumb","itemListElement":[{"@type":"ListItem","position":1,"name":"Startseite","item":"https:\/\/www.l-iz.de\/finanzen\/"},{"@type":"ListItem","position":2,"name":"Exodus Wallet Erfahrungen"}]},{"@type":"WebSite","@id":"https:\/\/www.l-iz.de\/finanzen\/#website","url":"https:\/\/www.l-iz.de\/finanzen\/","name":"Leipziger Zeitung","description":"Finanz-Anbieter Vergleich &amp; Test [yyyy]: Bewertungen + Erfahrungen","publisher":{"@id":"https:\/\/www.l-iz.de\/finanzen\/#organization"},"potentialAction":[{"@type":"SearchAction","target":{"@type":"EntryPoint","urlTemplate":"https:\/\/www.l-iz.de\/finanzen\/?s={search_term_string}"},"query-input":{"@type":"PropertyValueSpecification","valueRequired":true,"valueName":"search_term_string"}}],"inLanguage":"de"},{"@type":"Organization","@id":"https:\/\/www.l-iz.de\/finanzen\/#organization","name":"LZ Medien GmbH","url":"https:\/\/www.l-iz.de\/finanzen\/","logo":{"@type":"ImageObject","inLanguage":"de","@id":"https:\/\/www.l-iz.de\/finanzen\/#\/schema\/logo\/image\/","url":"https:\/\/www.l-iz.de\/finanzen\/wp-content\/uploads\/2022\/09\/cropped-l-iz-logo.jpg","contentUrl":"https:\/\/www.l-iz.de\/finanzen\/wp-content\/uploads\/2022\/09\/cropped-l-iz-logo.jpg","width":1280,"height":387,"caption":"LZ Medien GmbH"},"image":{"@id":"https:\/\/www.l-iz.de\/finanzen\/#\/schema\/logo\/image\/"},"sameAs":["https:\/\/www.facebook.com\/LeipzigerInternetZeitung","https:\/\/www.youtube.com\/c\/L-izDe"]}]}},"_links":{"self":[{"href":"https:\/\/www.l-iz.de\/finanzen\/wp-json\/wp\/v2\/pages\/3133","targetHints":{"allow":["GET"]}}],"collection":[{"href":"https:\/\/www.l-iz.de\/finanzen\/wp-json\/wp\/v2\/pages"}],"about":[{"href":"https:\/\/www.l-iz.de\/finanzen\/wp-json\/wp\/v2\/types\/page"}],"author":[{"embeddable":true,"href":"https:\/\/www.l-iz.de\/finanzen\/wp-json\/wp\/v2\/users\/1"}],"replies":[{"embeddable":true,"href":"https:\/\/www.l-iz.de\/finanzen\/wp-json\/wp\/v2\/comments?post=3133"}],"version-history":[{"count":1,"href":"https:\/\/www.l-iz.de\/finanzen\/wp-json\/wp\/v2\/pages\/3133\/revisions"}],"predecessor-version":[{"id":7499,"href":"https:\/\/www.l-iz.de\/finanzen\/wp-json\/wp\/v2\/pages\/3133\/revisions\/7499"}],"wp:attachment":[{"href":"https:\/\/www.l-iz.de\/finanzen\/wp-json\/wp\/v2\/media?parent=3133"}],"curies":[{"name":"wp","href":"https:\/\/api.w.org\/{rel}","templated":true}]}}