{"id":3134,"date":"2023-03-22T20:10:10","date_gmt":"2023-03-22T19:10:10","guid":{"rendered":"https:\/\/soccerfield24.com\/beste-tron-wallet\/"},"modified":"2023-07-06T15:57:07","modified_gmt":"2023-07-06T13:57:07","slug":"beste-tron-wallet","status":"publish","type":"page","link":"https:\/\/www.l-iz.de\/finanzen\/beste-tron-wallet\/","title":{"rendered":"Beste Tron Wallet"},"content":{"rendered":"<p>Tron Wallet ist ein digitales Zahlungsinstrument, mit dem Sie Ihre Tron-Token (TRX) aufbewahren, senden und empfangen k\u00f6nnen. Es ist ein sehr wichtiges Werkzeug, das Sie verwenden m\u00fcssen, wenn Sie mit Tron-Token handeln. Tron Wallet ist ein digitaler Geldbeutel, in dem Sie Ihre Tron-Token speichern k\u00f6nnen. Das Wallet ist der Ort, an dem Sie Ihre Tron-Token speichern und senden und empfangen k\u00f6nnen.<\/p>\n<p>Die Wahl des richtigen Tron-Wallets ist eine sehr wichtige Entscheidung, da es Ihnen die Kontrolle \u00fcber Ihre Tron-Token gibt. Es gibt viele verschiedene Arten von Tron-Wallets, aber nicht alle sind gleich sicher oder benutzerfreundlich. Wenn Sie ein gutes Tron-Wallet finden m\u00f6chten, m\u00fcssen Sie einige Faktoren ber\u00fccksichtigen.<\/p>\n<p>Der erste Faktor ist die Sicherheit. Sie m\u00fcssen ein Wallet w\u00e4hlen, das Ihre Token sicher aufbewahrt. Es sollte mindestens ein hochwertiges Sicherheitssystem haben, um Ihre Tron-Token vor unerw\u00fcnschten Eingriffen zu sch\u00fctzen. Einige Wallets bieten zus\u00e4tzliche Sicherheitsfunktionen, wie z.B. Zwei-Faktor-Authentifizierung, die Ihnen zus\u00e4tzlichen Schutz bieten.<\/p>\n<p>Der zweite Faktor ist die Benutzerfreundlichkeit. Sie m\u00fcssen ein Wallet w\u00e4hlen, das einfach zu verwenden ist. Wenn Sie es einrichten und verwenden, sollten Sie in der Lage sein, die Funktionen ohne Probleme zu verstehen. Einige Wallets sind einfacher als andere, also stellen Sie sicher, dass Sie ein Wallet w\u00e4hlen, das einfach zu verwenden ist.<\/p>\n<p>Der letzte Faktor ist die Kosten. Sie sollten ein Wallet w\u00e4hlen, das sowohl kosteng\u00fcnstig als auch sicher ist. Einige Wallets sind kostenlos, aber Sie m\u00fcssen sicherstellen, dass Sie ein Wallet w\u00e4hlen, das Ihre Token sicher aufbewahrt und nicht zu viel kostet.<\/p>\n<p>Nachdem Sie die oben genannten Faktoren ber\u00fccksichtigt haben, wird es Zeit, ein Tron-Wallet auszuw\u00e4hlen. Es gibt viele verschiedene Arten von Wallets, aber einige der besten sind: Exodus, Ledger Nano S, Trezor, MyEtherWallet und JAXX. Alle diese Wallets sind sicher und benutzerfreundlich, aber Sie m\u00fcssen sicherstellen, dass Sie ein Wallet w\u00e4hlen, das Ihren Anforderungen entspricht.<\/p>\n<p>Um sicherzustellen, dass Sie das beste Tron-Wallet f\u00fcr Ihre Bed\u00fcrfnisse ausw\u00e4hlen, sollten Sie sich die Zeit nehmen, die verschiedenen Optionen zu vergleichen. Nehmen Sie sich etwas Zeit, um zu sehen, welches Wallet f\u00fcr Sie am besten geeignet ist. Es ist sehr wichtig, dass Sie ein Wallet w\u00e4hlen, das Ihnen Sicherheit und Benutzerfreundlichkeit bietet.<\/p>\n","protected":false},"excerpt":{"rendered":"<p>Tron Wallet ist ein digitales Zahlungsinstrument, mit dem Sie Ihre Tron-Token (TRX) aufbewahren, senden und empfangen k\u00f6nnen. Es ist ein sehr wichtiges Werkzeug, das Sie verwenden m\u00fcssen, wenn Sie mit Tron-Token handeln. Tron Wallet ist ein digitaler Geldbeutel, in dem Sie Ihre Tron-Token speichern k\u00f6nnen. Das Wallet ist der Ort, an dem Sie Ihre Tron-Token [&hellip;]<\/p>\n","protected":false},"author":1,"featured_media":0,"parent":0,"menu_order":0,"comment_status":"closed","ping_status":"closed","template":"","meta":{"footnotes":""},"class_list":["post-3134","page","type-page","status-publish","hentry"],"yoast_head":"<!-- This site is optimized with the Yoast SEO plugin v25.4 - https:\/\/yoast.com\/wordpress\/plugins\/seo\/ -->\n<title>Beste Tron Wallet - Leipziger Zeitung<\/title>\n<meta name=\"robots\" content=\"index, follow, max-snippet:-1, max-image-preview:large, max-video-preview:-1\" \/>\n<link rel=\"canonical\" href=\"https:\/\/www.l-iz.de\/finanzen\/beste-tron-wallet\/\" \/>\n<meta property=\"og:locale\" content=\"de_DE\" \/>\n<meta property=\"og:type\" content=\"article\" \/>\n<meta property=\"og:title\" content=\"Beste Tron Wallet - Leipziger Zeitung\" \/>\n<meta property=\"og:description\" content=\"Tron Wallet ist ein digitales Zahlungsinstrument, mit dem Sie Ihre Tron-Token (TRX) aufbewahren, senden und empfangen k\u00f6nnen. Es ist ein sehr wichtiges Werkzeug, das Sie verwenden m\u00fcssen, wenn Sie mit Tron-Token handeln. Tron Wallet ist ein digitaler Geldbeutel, in dem Sie Ihre Tron-Token speichern k\u00f6nnen. Das Wallet ist der Ort, an dem Sie Ihre Tron-Token [&hellip;]\" \/>\n<meta property=\"og:url\" content=\"https:\/\/www.l-iz.de\/finanzen\/beste-tron-wallet\/\" \/>\n<meta property=\"og:site_name\" content=\"Leipziger Zeitung\" \/>\n<meta property=\"article:publisher\" content=\"https:\/\/www.facebook.com\/LeipzigerInternetZeitung\" \/>\n<meta property=\"article:modified_time\" content=\"2023-07-06T13:57:07+00:00\" \/>\n<meta name=\"twitter:card\" content=\"summary_large_image\" \/>\n<meta name=\"twitter:label1\" content=\"Gesch\u00e4tzte Lesezeit\" \/>\n\t<meta name=\"twitter:data1\" content=\"2\u00a0Minuten\" \/>\n<script type=\"application\/ld+json\" class=\"yoast-schema-graph\">{\"@context\":\"https:\/\/schema.org\",\"@graph\":[{\"@type\":\"WebPage\",\"@id\":\"https:\/\/www.l-iz.de\/finanzen\/beste-tron-wallet\/\",\"url\":\"https:\/\/www.l-iz.de\/finanzen\/beste-tron-wallet\/\",\"name\":\"Beste Tron Wallet - Leipziger Zeitung\",\"isPartOf\":{\"@id\":\"https:\/\/www.l-iz.de\/finanzen\/#website\"},\"datePublished\":\"2023-03-22T19:10:10+00:00\",\"dateModified\":\"2023-07-06T13:57:07+00:00\",\"breadcrumb\":{\"@id\":\"https:\/\/www.l-iz.de\/finanzen\/beste-tron-wallet\/#breadcrumb\"},\"inLanguage\":\"de\",\"potentialAction\":[{\"@type\":\"ReadAction\",\"target\":[\"https:\/\/www.l-iz.de\/finanzen\/beste-tron-wallet\/\"]}]},{\"@type\":\"BreadcrumbList\",\"@id\":\"https:\/\/www.l-iz.de\/finanzen\/beste-tron-wallet\/#breadcrumb\",\"itemListElement\":[{\"@type\":\"ListItem\",\"position\":1,\"name\":\"Startseite\",\"item\":\"https:\/\/www.l-iz.de\/finanzen\/\"},{\"@type\":\"ListItem\",\"position\":2,\"name\":\"Beste Tron Wallet\"}]},{\"@type\":\"WebSite\",\"@id\":\"https:\/\/www.l-iz.de\/finanzen\/#website\",\"url\":\"https:\/\/www.l-iz.de\/finanzen\/\",\"name\":\"Leipziger Zeitung\",\"description\":\"Finanz-Anbieter Vergleich &amp; Test [yyyy]: Bewertungen + Erfahrungen\",\"publisher\":{\"@id\":\"https:\/\/www.l-iz.de\/finanzen\/#organization\"},\"potentialAction\":[{\"@type\":\"SearchAction\",\"target\":{\"@type\":\"EntryPoint\",\"urlTemplate\":\"https:\/\/www.l-iz.de\/finanzen\/?s={search_term_string}\"},\"query-input\":{\"@type\":\"PropertyValueSpecification\",\"valueRequired\":true,\"valueName\":\"search_term_string\"}}],\"inLanguage\":\"de\"},{\"@type\":\"Organization\",\"@id\":\"https:\/\/www.l-iz.de\/finanzen\/#organization\",\"name\":\"LZ Medien GmbH\",\"url\":\"https:\/\/www.l-iz.de\/finanzen\/\",\"logo\":{\"@type\":\"ImageObject\",\"inLanguage\":\"de\",\"@id\":\"https:\/\/www.l-iz.de\/finanzen\/#\/schema\/logo\/image\/\",\"url\":\"https:\/\/www.l-iz.de\/finanzen\/wp-content\/uploads\/2022\/09\/cropped-l-iz-logo.jpg\",\"contentUrl\":\"https:\/\/www.l-iz.de\/finanzen\/wp-content\/uploads\/2022\/09\/cropped-l-iz-logo.jpg\",\"width\":1280,\"height\":387,\"caption\":\"LZ Medien GmbH\"},\"image\":{\"@id\":\"https:\/\/www.l-iz.de\/finanzen\/#\/schema\/logo\/image\/\"},\"sameAs\":[\"https:\/\/www.facebook.com\/LeipzigerInternetZeitung\",\"https:\/\/www.youtube.com\/c\/L-izDe\"]}]}<\/script>\n<!-- \/ Yoast SEO plugin. -->","yoast_head_json":{"title":"Beste Tron Wallet - Leipziger Zeitung","robots":{"index":"index","follow":"follow","max-snippet":"max-snippet:-1","max-image-preview":"max-image-preview:large","max-video-preview":"max-video-preview:-1"},"canonical":"https:\/\/www.l-iz.de\/finanzen\/beste-tron-wallet\/","og_locale":"de_DE","og_type":"article","og_title":"Beste Tron Wallet - Leipziger Zeitung","og_description":"Tron Wallet ist ein digitales Zahlungsinstrument, mit dem Sie Ihre Tron-Token (TRX) aufbewahren, senden und empfangen k\u00f6nnen. Es ist ein sehr wichtiges Werkzeug, das Sie verwenden m\u00fcssen, wenn Sie mit Tron-Token handeln. Tron Wallet ist ein digitaler Geldbeutel, in dem Sie Ihre Tron-Token speichern k\u00f6nnen. Das Wallet ist der Ort, an dem Sie Ihre Tron-Token [&hellip;]","og_url":"https:\/\/www.l-iz.de\/finanzen\/beste-tron-wallet\/","og_site_name":"Leipziger Zeitung","article_publisher":"https:\/\/www.facebook.com\/LeipzigerInternetZeitung","article_modified_time":"2023-07-06T13:57:07+00:00","twitter_card":"summary_large_image","twitter_misc":{"Gesch\u00e4tzte Lesezeit":"2\u00a0Minuten"},"schema":{"@context":"https:\/\/schema.org","@graph":[{"@type":"WebPage","@id":"https:\/\/www.l-iz.de\/finanzen\/beste-tron-wallet\/","url":"https:\/\/www.l-iz.de\/finanzen\/beste-tron-wallet\/","name":"Beste Tron Wallet - Leipziger Zeitung","isPartOf":{"@id":"https:\/\/www.l-iz.de\/finanzen\/#website"},"datePublished":"2023-03-22T19:10:10+00:00","dateModified":"2023-07-06T13:57:07+00:00","breadcrumb":{"@id":"https:\/\/www.l-iz.de\/finanzen\/beste-tron-wallet\/#breadcrumb"},"inLanguage":"de","potentialAction":[{"@type":"ReadAction","target":["https:\/\/www.l-iz.de\/finanzen\/beste-tron-wallet\/"]}]},{"@type":"BreadcrumbList","@id":"https:\/\/www.l-iz.de\/finanzen\/beste-tron-wallet\/#breadcrumb","itemListElement":[{"@type":"ListItem","position":1,"name":"Startseite","item":"https:\/\/www.l-iz.de\/finanzen\/"},{"@type":"ListItem","position":2,"name":"Beste Tron Wallet"}]},{"@type":"WebSite","@id":"https:\/\/www.l-iz.de\/finanzen\/#website","url":"https:\/\/www.l-iz.de\/finanzen\/","name":"Leipziger Zeitung","description":"Finanz-Anbieter Vergleich &amp; Test [yyyy]: Bewertungen + Erfahrungen","publisher":{"@id":"https:\/\/www.l-iz.de\/finanzen\/#organization"},"potentialAction":[{"@type":"SearchAction","target":{"@type":"EntryPoint","urlTemplate":"https:\/\/www.l-iz.de\/finanzen\/?s={search_term_string}"},"query-input":{"@type":"PropertyValueSpecification","valueRequired":true,"valueName":"search_term_string"}}],"inLanguage":"de"},{"@type":"Organization","@id":"https:\/\/www.l-iz.de\/finanzen\/#organization","name":"LZ Medien GmbH","url":"https:\/\/www.l-iz.de\/finanzen\/","logo":{"@type":"ImageObject","inLanguage":"de","@id":"https:\/\/www.l-iz.de\/finanzen\/#\/schema\/logo\/image\/","url":"https:\/\/www.l-iz.de\/finanzen\/wp-content\/uploads\/2022\/09\/cropped-l-iz-logo.jpg","contentUrl":"https:\/\/www.l-iz.de\/finanzen\/wp-content\/uploads\/2022\/09\/cropped-l-iz-logo.jpg","width":1280,"height":387,"caption":"LZ Medien GmbH"},"image":{"@id":"https:\/\/www.l-iz.de\/finanzen\/#\/schema\/logo\/image\/"},"sameAs":["https:\/\/www.facebook.com\/LeipzigerInternetZeitung","https:\/\/www.youtube.com\/c\/L-izDe"]}]}},"_links":{"self":[{"href":"https:\/\/www.l-iz.de\/finanzen\/wp-json\/wp\/v2\/pages\/3134","targetHints":{"allow":["GET"]}}],"collection":[{"href":"https:\/\/www.l-iz.de\/finanzen\/wp-json\/wp\/v2\/pages"}],"about":[{"href":"https:\/\/www.l-iz.de\/finanzen\/wp-json\/wp\/v2\/types\/page"}],"author":[{"embeddable":true,"href":"https:\/\/www.l-iz.de\/finanzen\/wp-json\/wp\/v2\/users\/1"}],"replies":[{"embeddable":true,"href":"https:\/\/www.l-iz.de\/finanzen\/wp-json\/wp\/v2\/comments?post=3134"}],"version-history":[{"count":1,"href":"https:\/\/www.l-iz.de\/finanzen\/wp-json\/wp\/v2\/pages\/3134\/revisions"}],"predecessor-version":[{"id":7339,"href":"https:\/\/www.l-iz.de\/finanzen\/wp-json\/wp\/v2\/pages\/3134\/revisions\/7339"}],"wp:attachment":[{"href":"https:\/\/www.l-iz.de\/finanzen\/wp-json\/wp\/v2\/media?parent=3134"}],"curies":[{"name":"wp","href":"https:\/\/api.w.org\/{rel}","templated":true}]}}