{"id":3148,"date":"2023-03-22T20:17:48","date_gmt":"2023-03-22T19:17:48","guid":{"rendered":"https:\/\/soccerfield24.com\/beste-atomic-wallet\/"},"modified":"2023-07-06T15:57:05","modified_gmt":"2023-07-06T13:57:05","slug":"beste-atomic-wallet","status":"publish","type":"page","link":"https:\/\/www.l-iz.de\/finanzen\/beste-atomic-wallet\/","title":{"rendered":"Beste Atomic Wallet"},"content":{"rendered":"<p>Atomic Wallet ist eine Multi-Asset-Wallet, die es Benutzern erm\u00f6glicht, mehrere Kryptow\u00e4hrungen und Token sicher zu verwalten. Mit ihrer kryptosicheren, benutzerfreundlichen Plattform ist Atomic Wallet eine beliebte Wahl unter H\u00e4ndlern und Investoren.<\/p>\n<p>Atomic Wallet ist eine Multi-Asset-Wallet, die es Benutzern erm\u00f6glicht, mehrere Kryptow\u00e4hrungen und Token sicher zu verwalten. Die Plattform wurde von der Atomic Solutions Ltd. entwickelt und verf\u00fcgt \u00fcber eine intuitive und benutzerfreundliche Oberfl\u00e4che, die schnell und einfach zu bedienen ist. Mit Atomic Wallet k\u00f6nnen Benutzer Kryptow\u00e4hrungen wie Bitcoin, Ethereum, Litecoin, Dash, Cardano, Ripple, Monero und viele andere verwalten.<\/p>\n<p>Atomic Wallet verf\u00fcgt \u00fcber ein integriertes Exchange-System, mit dem Benutzer ihre Kryptow\u00e4hrungen schnell und einfach austauschen k\u00f6nnen. Atomic Wallet bietet auch eine Reihe n\u00fctzlicher Tools, mit denen Benutzer ihre Kryptow\u00e4hrungen verfolgen und verwalten k\u00f6nnen. Die Plattform bietet auch eine sichere und vertrauliche Umgebung, in der Benutzer ihre Gelder sicher und privat aufbewahren k\u00f6nnen.<\/p>\n<p>Atomic Wallet ist eine der wenigen Plattformen, die das sichere und moderne Konzept des Atomic Swaps unterst\u00fctzt. Atomic Swaps erm\u00f6glichen es Benutzern, Kryptow\u00e4hrungen ohne die Notwendigkeit einer dritten Partei zu \u00fcbertragen und zu handeln. Diese Funktion erm\u00f6glicht es Benutzern, Kryptow\u00e4hrungen mit einem geringen Transaktionspreis zu tauschen und zu handeln.<\/p>\n<p>Atomic Wallet bietet auch eine Reihe von Sicherheitsfunktionen, um Benutzern den Schutz ihrer Gelder zu erm\u00f6glichen. Die Plattform verf\u00fcgt \u00fcber ein mehrstufiges Sicherheitssystem, das die Konten der Benutzer vor Hackern und anderen Bedrohungen sch\u00fctzt. Au\u00dferdem bietet Atomic Wallet eine Reihe von Schutzmechanismen, um zu verhindern, dass Benutzer Opfer von Betrug werden.<\/p>\n<p>Atomic Wallet ist eine der beliebtesten Plattformen, um Kryptow\u00e4hrungen und Token zu verwalten. Mit ihrer benutzerfreundlichen Plattform, n\u00fctzlichen Funktionen und fortschrittlichen Sicherheitsmechanismen ist Atomic Wallet eine der besten Wallets f\u00fcr H\u00e4ndler und Investoren. Mit Atomic Wallet k\u00f6nnen Benutzer sicher und schnell Kryptow\u00e4hrungen tauschen und handeln und ihre Gelder sicher und vertraulich aufbewahren.<\/p>\n","protected":false},"excerpt":{"rendered":"<p>Atomic Wallet ist eine Multi-Asset-Wallet, die es Benutzern erm\u00f6glicht, mehrere Kryptow\u00e4hrungen und Token sicher zu verwalten. Mit ihrer kryptosicheren, benutzerfreundlichen Plattform ist Atomic Wallet eine beliebte Wahl unter H\u00e4ndlern und Investoren. Atomic Wallet ist eine Multi-Asset-Wallet, die es Benutzern erm\u00f6glicht, mehrere Kryptow\u00e4hrungen und Token sicher zu verwalten. Die Plattform wurde von der Atomic Solutions Ltd. [&hellip;]<\/p>\n","protected":false},"author":1,"featured_media":0,"parent":0,"menu_order":0,"comment_status":"closed","ping_status":"closed","template":"","meta":{"footnotes":""},"class_list":["post-3148","page","type-page","status-publish","hentry"],"yoast_head":"<!-- This site is optimized with the Yoast SEO plugin v25.4 - https:\/\/yoast.com\/wordpress\/plugins\/seo\/ -->\n<title>Beste Atomic Wallet - Leipziger Zeitung<\/title>\n<meta name=\"robots\" content=\"index, follow, max-snippet:-1, max-image-preview:large, max-video-preview:-1\" \/>\n<link rel=\"canonical\" href=\"https:\/\/www.l-iz.de\/finanzen\/beste-atomic-wallet\/\" \/>\n<meta property=\"og:locale\" content=\"de_DE\" \/>\n<meta property=\"og:type\" content=\"article\" \/>\n<meta property=\"og:title\" content=\"Beste Atomic Wallet - Leipziger Zeitung\" \/>\n<meta property=\"og:description\" content=\"Atomic Wallet ist eine Multi-Asset-Wallet, die es Benutzern erm\u00f6glicht, mehrere Kryptow\u00e4hrungen und Token sicher zu verwalten. Mit ihrer kryptosicheren, benutzerfreundlichen Plattform ist Atomic Wallet eine beliebte Wahl unter H\u00e4ndlern und Investoren. Atomic Wallet ist eine Multi-Asset-Wallet, die es Benutzern erm\u00f6glicht, mehrere Kryptow\u00e4hrungen und Token sicher zu verwalten. Die Plattform wurde von der Atomic Solutions Ltd. [&hellip;]\" \/>\n<meta property=\"og:url\" content=\"https:\/\/www.l-iz.de\/finanzen\/beste-atomic-wallet\/\" \/>\n<meta property=\"og:site_name\" content=\"Leipziger Zeitung\" \/>\n<meta property=\"article:publisher\" content=\"https:\/\/www.facebook.com\/LeipzigerInternetZeitung\" \/>\n<meta property=\"article:modified_time\" content=\"2023-07-06T13:57:05+00:00\" \/>\n<meta name=\"twitter:card\" content=\"summary_large_image\" \/>\n<meta name=\"twitter:label1\" content=\"Gesch\u00e4tzte Lesezeit\" \/>\n\t<meta name=\"twitter:data1\" content=\"2\u00a0Minuten\" \/>\n<script type=\"application\/ld+json\" class=\"yoast-schema-graph\">{\"@context\":\"https:\/\/schema.org\",\"@graph\":[{\"@type\":\"WebPage\",\"@id\":\"https:\/\/www.l-iz.de\/finanzen\/beste-atomic-wallet\/\",\"url\":\"https:\/\/www.l-iz.de\/finanzen\/beste-atomic-wallet\/\",\"name\":\"Beste Atomic Wallet - Leipziger Zeitung\",\"isPartOf\":{\"@id\":\"https:\/\/www.l-iz.de\/finanzen\/#website\"},\"datePublished\":\"2023-03-22T19:17:48+00:00\",\"dateModified\":\"2023-07-06T13:57:05+00:00\",\"breadcrumb\":{\"@id\":\"https:\/\/www.l-iz.de\/finanzen\/beste-atomic-wallet\/#breadcrumb\"},\"inLanguage\":\"de\",\"potentialAction\":[{\"@type\":\"ReadAction\",\"target\":[\"https:\/\/www.l-iz.de\/finanzen\/beste-atomic-wallet\/\"]}]},{\"@type\":\"BreadcrumbList\",\"@id\":\"https:\/\/www.l-iz.de\/finanzen\/beste-atomic-wallet\/#breadcrumb\",\"itemListElement\":[{\"@type\":\"ListItem\",\"position\":1,\"name\":\"Startseite\",\"item\":\"https:\/\/www.l-iz.de\/finanzen\/\"},{\"@type\":\"ListItem\",\"position\":2,\"name\":\"Beste Atomic Wallet\"}]},{\"@type\":\"WebSite\",\"@id\":\"https:\/\/www.l-iz.de\/finanzen\/#website\",\"url\":\"https:\/\/www.l-iz.de\/finanzen\/\",\"name\":\"Leipziger Zeitung\",\"description\":\"Finanz-Anbieter Vergleich &amp; Test [yyyy]: Bewertungen + Erfahrungen\",\"publisher\":{\"@id\":\"https:\/\/www.l-iz.de\/finanzen\/#organization\"},\"potentialAction\":[{\"@type\":\"SearchAction\",\"target\":{\"@type\":\"EntryPoint\",\"urlTemplate\":\"https:\/\/www.l-iz.de\/finanzen\/?s={search_term_string}\"},\"query-input\":{\"@type\":\"PropertyValueSpecification\",\"valueRequired\":true,\"valueName\":\"search_term_string\"}}],\"inLanguage\":\"de\"},{\"@type\":\"Organization\",\"@id\":\"https:\/\/www.l-iz.de\/finanzen\/#organization\",\"name\":\"LZ Medien GmbH\",\"url\":\"https:\/\/www.l-iz.de\/finanzen\/\",\"logo\":{\"@type\":\"ImageObject\",\"inLanguage\":\"de\",\"@id\":\"https:\/\/www.l-iz.de\/finanzen\/#\/schema\/logo\/image\/\",\"url\":\"https:\/\/www.l-iz.de\/finanzen\/wp-content\/uploads\/2022\/09\/cropped-l-iz-logo.jpg\",\"contentUrl\":\"https:\/\/www.l-iz.de\/finanzen\/wp-content\/uploads\/2022\/09\/cropped-l-iz-logo.jpg\",\"width\":1280,\"height\":387,\"caption\":\"LZ Medien GmbH\"},\"image\":{\"@id\":\"https:\/\/www.l-iz.de\/finanzen\/#\/schema\/logo\/image\/\"},\"sameAs\":[\"https:\/\/www.facebook.com\/LeipzigerInternetZeitung\",\"https:\/\/www.youtube.com\/c\/L-izDe\"]}]}<\/script>\n<!-- \/ Yoast SEO plugin. -->","yoast_head_json":{"title":"Beste Atomic Wallet - Leipziger Zeitung","robots":{"index":"index","follow":"follow","max-snippet":"max-snippet:-1","max-image-preview":"max-image-preview:large","max-video-preview":"max-video-preview:-1"},"canonical":"https:\/\/www.l-iz.de\/finanzen\/beste-atomic-wallet\/","og_locale":"de_DE","og_type":"article","og_title":"Beste Atomic Wallet - Leipziger Zeitung","og_description":"Atomic Wallet ist eine Multi-Asset-Wallet, die es Benutzern erm\u00f6glicht, mehrere Kryptow\u00e4hrungen und Token sicher zu verwalten. Mit ihrer kryptosicheren, benutzerfreundlichen Plattform ist Atomic Wallet eine beliebte Wahl unter H\u00e4ndlern und Investoren. Atomic Wallet ist eine Multi-Asset-Wallet, die es Benutzern erm\u00f6glicht, mehrere Kryptow\u00e4hrungen und Token sicher zu verwalten. Die Plattform wurde von der Atomic Solutions Ltd. [&hellip;]","og_url":"https:\/\/www.l-iz.de\/finanzen\/beste-atomic-wallet\/","og_site_name":"Leipziger Zeitung","article_publisher":"https:\/\/www.facebook.com\/LeipzigerInternetZeitung","article_modified_time":"2023-07-06T13:57:05+00:00","twitter_card":"summary_large_image","twitter_misc":{"Gesch\u00e4tzte Lesezeit":"2\u00a0Minuten"},"schema":{"@context":"https:\/\/schema.org","@graph":[{"@type":"WebPage","@id":"https:\/\/www.l-iz.de\/finanzen\/beste-atomic-wallet\/","url":"https:\/\/www.l-iz.de\/finanzen\/beste-atomic-wallet\/","name":"Beste Atomic Wallet - Leipziger Zeitung","isPartOf":{"@id":"https:\/\/www.l-iz.de\/finanzen\/#website"},"datePublished":"2023-03-22T19:17:48+00:00","dateModified":"2023-07-06T13:57:05+00:00","breadcrumb":{"@id":"https:\/\/www.l-iz.de\/finanzen\/beste-atomic-wallet\/#breadcrumb"},"inLanguage":"de","potentialAction":[{"@type":"ReadAction","target":["https:\/\/www.l-iz.de\/finanzen\/beste-atomic-wallet\/"]}]},{"@type":"BreadcrumbList","@id":"https:\/\/www.l-iz.de\/finanzen\/beste-atomic-wallet\/#breadcrumb","itemListElement":[{"@type":"ListItem","position":1,"name":"Startseite","item":"https:\/\/www.l-iz.de\/finanzen\/"},{"@type":"ListItem","position":2,"name":"Beste Atomic Wallet"}]},{"@type":"WebSite","@id":"https:\/\/www.l-iz.de\/finanzen\/#website","url":"https:\/\/www.l-iz.de\/finanzen\/","name":"Leipziger Zeitung","description":"Finanz-Anbieter Vergleich &amp; Test [yyyy]: Bewertungen + Erfahrungen","publisher":{"@id":"https:\/\/www.l-iz.de\/finanzen\/#organization"},"potentialAction":[{"@type":"SearchAction","target":{"@type":"EntryPoint","urlTemplate":"https:\/\/www.l-iz.de\/finanzen\/?s={search_term_string}"},"query-input":{"@type":"PropertyValueSpecification","valueRequired":true,"valueName":"search_term_string"}}],"inLanguage":"de"},{"@type":"Organization","@id":"https:\/\/www.l-iz.de\/finanzen\/#organization","name":"LZ Medien GmbH","url":"https:\/\/www.l-iz.de\/finanzen\/","logo":{"@type":"ImageObject","inLanguage":"de","@id":"https:\/\/www.l-iz.de\/finanzen\/#\/schema\/logo\/image\/","url":"https:\/\/www.l-iz.de\/finanzen\/wp-content\/uploads\/2022\/09\/cropped-l-iz-logo.jpg","contentUrl":"https:\/\/www.l-iz.de\/finanzen\/wp-content\/uploads\/2022\/09\/cropped-l-iz-logo.jpg","width":1280,"height":387,"caption":"LZ Medien GmbH"},"image":{"@id":"https:\/\/www.l-iz.de\/finanzen\/#\/schema\/logo\/image\/"},"sameAs":["https:\/\/www.facebook.com\/LeipzigerInternetZeitung","https:\/\/www.youtube.com\/c\/L-izDe"]}]}},"_links":{"self":[{"href":"https:\/\/www.l-iz.de\/finanzen\/wp-json\/wp\/v2\/pages\/3148","targetHints":{"allow":["GET"]}}],"collection":[{"href":"https:\/\/www.l-iz.de\/finanzen\/wp-json\/wp\/v2\/pages"}],"about":[{"href":"https:\/\/www.l-iz.de\/finanzen\/wp-json\/wp\/v2\/types\/page"}],"author":[{"embeddable":true,"href":"https:\/\/www.l-iz.de\/finanzen\/wp-json\/wp\/v2\/users\/1"}],"replies":[{"embeddable":true,"href":"https:\/\/www.l-iz.de\/finanzen\/wp-json\/wp\/v2\/comments?post=3148"}],"version-history":[{"count":1,"href":"https:\/\/www.l-iz.de\/finanzen\/wp-json\/wp\/v2\/pages\/3148\/revisions"}],"predecessor-version":[{"id":7306,"href":"https:\/\/www.l-iz.de\/finanzen\/wp-json\/wp\/v2\/pages\/3148\/revisions\/7306"}],"wp:attachment":[{"href":"https:\/\/www.l-iz.de\/finanzen\/wp-json\/wp\/v2\/media?parent=3148"}],"curies":[{"name":"wp","href":"https:\/\/api.w.org\/{rel}","templated":true}]}}