{"id":3149,"date":"2023-03-22T20:18:08","date_gmt":"2023-03-22T19:18:08","guid":{"rendered":"https:\/\/soccerfield24.com\/beste-brd-wallet\/"},"modified":"2023-07-06T15:57:06","modified_gmt":"2023-07-06T13:57:06","slug":"beste-brd-wallet","status":"publish","type":"page","link":"https:\/\/www.l-iz.de\/finanzen\/beste-brd-wallet\/","title":{"rendered":"Beste BRD Wallet"},"content":{"rendered":"<p>Ein Beste Brd Wallet ist ein digitales Geldb\u00f6rse, die es Benutzern erm\u00f6glicht, digitale W\u00e4hrungen sicher und einfach zu speichern, zu senden und zu empfangen. Es ist ein wesentliches Element jeder Krypto-Transaktion. Um ein Beste Brd Wallet zu erhalten, m\u00fcssen Benutzer eine Anwendung auf ihrem Smartphone oder Computer herunterladen. Wenn Sie ein Beste Brd Wallet erwerben, erhalten Sie eine Kombination aus \u00f6ffentlichem und privatem Schl\u00fcssel. Der \u00f6ffentliche Schl\u00fcssel wird im Allgemeinen als Adresse bezeichnet, die zur \u00dcberweisung von Kryptow\u00e4hrungen verwendet wird, w\u00e4hrend der private Schl\u00fcssel zum Zugriff auf das Wallet verwendet wird.<\/p>\n<p>Es gibt verschiedene Arten von Beste Brd Wallets, je nachdem, welche Art von Kryptow\u00e4hrung Sie speichern m\u00f6chten. Einige der am h\u00e4ufigsten verwendeten Arten von Beste Brd Wallets sind Desktop-Wallets, Online-Wallets und mobile Wallets. Desktop-Wallets erm\u00f6glichen es Benutzern, seine Beste Brd Wallet auf seinem Desktop-Computer oder Laptop zu speichern. Online-Wallets erm\u00f6glichen es Benutzern, ihre Beste Brd Wallet auf einem Online-Server zu speichern. Mobile Wallets erm\u00f6glichen es Benutzern, ihre Beste Brd Wallet auf ihrem Smartphone zu speichern und zu verwalten.<\/p>\n<p>Da Beste Brd Wallets als digitale Geldb\u00f6rsen fungieren, sind sie eine sehr sichere M\u00f6glichkeit, Kryptow\u00e4hrungen zu speichern. Der private Schl\u00fcssel des Benutzers wird verschl\u00fcsselt gespeichert, was es sehr schwierig macht, auf das Wallet zuzugreifen, wenn es nicht auf dem richtigen Ger\u00e4t verwendet wird. Es ist auch sehr wichtig, dass Benutzer ihren privaten Schl\u00fcssel sicher aufbewahren, da er der einzige Weg ist, auf das Wallet zuzugreifen.<\/p>\n<p>Beste Brd Wallets sind eine sehr n\u00fctzliche M\u00f6glichkeit, Kryptow\u00e4hrungen zu speichern und zu verwalten. Der Vorteil eines Beste Brd Wallets ist, dass es Benutzern erm\u00f6glicht, ihre Kryptow\u00e4hrungen sicher und einfach zu speichern, zu senden und zu empfangen. Wenn Sie nach einer sicheren und einfachen M\u00f6glichkeit suchen, Kryptow\u00e4hrungen zu speichern und zu verwalten, ist ein Beste Brd Wallet eine sehr gute Option.<\/p>\n","protected":false},"excerpt":{"rendered":"<p>Ein Beste Brd Wallet ist ein digitales Geldb\u00f6rse, die es Benutzern erm\u00f6glicht, digitale W\u00e4hrungen sicher und einfach zu speichern, zu senden und zu empfangen. Es ist ein wesentliches Element jeder Krypto-Transaktion. Um ein Beste Brd Wallet zu erhalten, m\u00fcssen Benutzer eine Anwendung auf ihrem Smartphone oder Computer herunterladen. Wenn Sie ein Beste Brd Wallet erwerben, [&hellip;]<\/p>\n","protected":false},"author":1,"featured_media":0,"parent":0,"menu_order":0,"comment_status":"closed","ping_status":"closed","template":"","meta":{"footnotes":""},"class_list":["post-3149","page","type-page","status-publish","hentry"],"yoast_head":"<!-- This site is optimized with the Yoast SEO plugin v25.4 - https:\/\/yoast.com\/wordpress\/plugins\/seo\/ -->\n<title>Beste BRD Wallet - Leipziger Zeitung<\/title>\n<meta name=\"robots\" content=\"index, follow, max-snippet:-1, max-image-preview:large, max-video-preview:-1\" \/>\n<link rel=\"canonical\" href=\"https:\/\/www.l-iz.de\/finanzen\/beste-brd-wallet\/\" \/>\n<meta property=\"og:locale\" content=\"de_DE\" \/>\n<meta property=\"og:type\" content=\"article\" \/>\n<meta property=\"og:title\" content=\"Beste BRD Wallet - Leipziger Zeitung\" \/>\n<meta property=\"og:description\" content=\"Ein Beste Brd Wallet ist ein digitales Geldb\u00f6rse, die es Benutzern erm\u00f6glicht, digitale W\u00e4hrungen sicher und einfach zu speichern, zu senden und zu empfangen. Es ist ein wesentliches Element jeder Krypto-Transaktion. Um ein Beste Brd Wallet zu erhalten, m\u00fcssen Benutzer eine Anwendung auf ihrem Smartphone oder Computer herunterladen. Wenn Sie ein Beste Brd Wallet erwerben, [&hellip;]\" \/>\n<meta property=\"og:url\" content=\"https:\/\/www.l-iz.de\/finanzen\/beste-brd-wallet\/\" \/>\n<meta property=\"og:site_name\" content=\"Leipziger Zeitung\" \/>\n<meta property=\"article:publisher\" content=\"https:\/\/www.facebook.com\/LeipzigerInternetZeitung\" \/>\n<meta property=\"article:modified_time\" content=\"2023-07-06T13:57:06+00:00\" \/>\n<meta name=\"twitter:card\" content=\"summary_large_image\" \/>\n<meta name=\"twitter:label1\" content=\"Gesch\u00e4tzte Lesezeit\" \/>\n\t<meta name=\"twitter:data1\" content=\"2\u00a0Minuten\" \/>\n<script type=\"application\/ld+json\" class=\"yoast-schema-graph\">{\"@context\":\"https:\/\/schema.org\",\"@graph\":[{\"@type\":\"WebPage\",\"@id\":\"https:\/\/www.l-iz.de\/finanzen\/beste-brd-wallet\/\",\"url\":\"https:\/\/www.l-iz.de\/finanzen\/beste-brd-wallet\/\",\"name\":\"Beste BRD Wallet - Leipziger Zeitung\",\"isPartOf\":{\"@id\":\"https:\/\/www.l-iz.de\/finanzen\/#website\"},\"datePublished\":\"2023-03-22T19:18:08+00:00\",\"dateModified\":\"2023-07-06T13:57:06+00:00\",\"breadcrumb\":{\"@id\":\"https:\/\/www.l-iz.de\/finanzen\/beste-brd-wallet\/#breadcrumb\"},\"inLanguage\":\"de\",\"potentialAction\":[{\"@type\":\"ReadAction\",\"target\":[\"https:\/\/www.l-iz.de\/finanzen\/beste-brd-wallet\/\"]}]},{\"@type\":\"BreadcrumbList\",\"@id\":\"https:\/\/www.l-iz.de\/finanzen\/beste-brd-wallet\/#breadcrumb\",\"itemListElement\":[{\"@type\":\"ListItem\",\"position\":1,\"name\":\"Startseite\",\"item\":\"https:\/\/www.l-iz.de\/finanzen\/\"},{\"@type\":\"ListItem\",\"position\":2,\"name\":\"Beste BRD Wallet\"}]},{\"@type\":\"WebSite\",\"@id\":\"https:\/\/www.l-iz.de\/finanzen\/#website\",\"url\":\"https:\/\/www.l-iz.de\/finanzen\/\",\"name\":\"Leipziger Zeitung\",\"description\":\"Finanz-Anbieter Vergleich &amp; Test [yyyy]: Bewertungen + Erfahrungen\",\"publisher\":{\"@id\":\"https:\/\/www.l-iz.de\/finanzen\/#organization\"},\"potentialAction\":[{\"@type\":\"SearchAction\",\"target\":{\"@type\":\"EntryPoint\",\"urlTemplate\":\"https:\/\/www.l-iz.de\/finanzen\/?s={search_term_string}\"},\"query-input\":{\"@type\":\"PropertyValueSpecification\",\"valueRequired\":true,\"valueName\":\"search_term_string\"}}],\"inLanguage\":\"de\"},{\"@type\":\"Organization\",\"@id\":\"https:\/\/www.l-iz.de\/finanzen\/#organization\",\"name\":\"LZ Medien GmbH\",\"url\":\"https:\/\/www.l-iz.de\/finanzen\/\",\"logo\":{\"@type\":\"ImageObject\",\"inLanguage\":\"de\",\"@id\":\"https:\/\/www.l-iz.de\/finanzen\/#\/schema\/logo\/image\/\",\"url\":\"https:\/\/www.l-iz.de\/finanzen\/wp-content\/uploads\/2022\/09\/cropped-l-iz-logo.jpg\",\"contentUrl\":\"https:\/\/www.l-iz.de\/finanzen\/wp-content\/uploads\/2022\/09\/cropped-l-iz-logo.jpg\",\"width\":1280,\"height\":387,\"caption\":\"LZ Medien GmbH\"},\"image\":{\"@id\":\"https:\/\/www.l-iz.de\/finanzen\/#\/schema\/logo\/image\/\"},\"sameAs\":[\"https:\/\/www.facebook.com\/LeipzigerInternetZeitung\",\"https:\/\/www.youtube.com\/c\/L-izDe\"]}]}<\/script>\n<!-- \/ Yoast SEO plugin. -->","yoast_head_json":{"title":"Beste BRD Wallet - Leipziger Zeitung","robots":{"index":"index","follow":"follow","max-snippet":"max-snippet:-1","max-image-preview":"max-image-preview:large","max-video-preview":"max-video-preview:-1"},"canonical":"https:\/\/www.l-iz.de\/finanzen\/beste-brd-wallet\/","og_locale":"de_DE","og_type":"article","og_title":"Beste BRD Wallet - Leipziger Zeitung","og_description":"Ein Beste Brd Wallet ist ein digitales Geldb\u00f6rse, die es Benutzern erm\u00f6glicht, digitale W\u00e4hrungen sicher und einfach zu speichern, zu senden und zu empfangen. Es ist ein wesentliches Element jeder Krypto-Transaktion. Um ein Beste Brd Wallet zu erhalten, m\u00fcssen Benutzer eine Anwendung auf ihrem Smartphone oder Computer herunterladen. Wenn Sie ein Beste Brd Wallet erwerben, [&hellip;]","og_url":"https:\/\/www.l-iz.de\/finanzen\/beste-brd-wallet\/","og_site_name":"Leipziger Zeitung","article_publisher":"https:\/\/www.facebook.com\/LeipzigerInternetZeitung","article_modified_time":"2023-07-06T13:57:06+00:00","twitter_card":"summary_large_image","twitter_misc":{"Gesch\u00e4tzte Lesezeit":"2\u00a0Minuten"},"schema":{"@context":"https:\/\/schema.org","@graph":[{"@type":"WebPage","@id":"https:\/\/www.l-iz.de\/finanzen\/beste-brd-wallet\/","url":"https:\/\/www.l-iz.de\/finanzen\/beste-brd-wallet\/","name":"Beste BRD Wallet - Leipziger Zeitung","isPartOf":{"@id":"https:\/\/www.l-iz.de\/finanzen\/#website"},"datePublished":"2023-03-22T19:18:08+00:00","dateModified":"2023-07-06T13:57:06+00:00","breadcrumb":{"@id":"https:\/\/www.l-iz.de\/finanzen\/beste-brd-wallet\/#breadcrumb"},"inLanguage":"de","potentialAction":[{"@type":"ReadAction","target":["https:\/\/www.l-iz.de\/finanzen\/beste-brd-wallet\/"]}]},{"@type":"BreadcrumbList","@id":"https:\/\/www.l-iz.de\/finanzen\/beste-brd-wallet\/#breadcrumb","itemListElement":[{"@type":"ListItem","position":1,"name":"Startseite","item":"https:\/\/www.l-iz.de\/finanzen\/"},{"@type":"ListItem","position":2,"name":"Beste BRD Wallet"}]},{"@type":"WebSite","@id":"https:\/\/www.l-iz.de\/finanzen\/#website","url":"https:\/\/www.l-iz.de\/finanzen\/","name":"Leipziger Zeitung","description":"Finanz-Anbieter Vergleich &amp; Test [yyyy]: Bewertungen + Erfahrungen","publisher":{"@id":"https:\/\/www.l-iz.de\/finanzen\/#organization"},"potentialAction":[{"@type":"SearchAction","target":{"@type":"EntryPoint","urlTemplate":"https:\/\/www.l-iz.de\/finanzen\/?s={search_term_string}"},"query-input":{"@type":"PropertyValueSpecification","valueRequired":true,"valueName":"search_term_string"}}],"inLanguage":"de"},{"@type":"Organization","@id":"https:\/\/www.l-iz.de\/finanzen\/#organization","name":"LZ Medien GmbH","url":"https:\/\/www.l-iz.de\/finanzen\/","logo":{"@type":"ImageObject","inLanguage":"de","@id":"https:\/\/www.l-iz.de\/finanzen\/#\/schema\/logo\/image\/","url":"https:\/\/www.l-iz.de\/finanzen\/wp-content\/uploads\/2022\/09\/cropped-l-iz-logo.jpg","contentUrl":"https:\/\/www.l-iz.de\/finanzen\/wp-content\/uploads\/2022\/09\/cropped-l-iz-logo.jpg","width":1280,"height":387,"caption":"LZ Medien GmbH"},"image":{"@id":"https:\/\/www.l-iz.de\/finanzen\/#\/schema\/logo\/image\/"},"sameAs":["https:\/\/www.facebook.com\/LeipzigerInternetZeitung","https:\/\/www.youtube.com\/c\/L-izDe"]}]}},"_links":{"self":[{"href":"https:\/\/www.l-iz.de\/finanzen\/wp-json\/wp\/v2\/pages\/3149","targetHints":{"allow":["GET"]}}],"collection":[{"href":"https:\/\/www.l-iz.de\/finanzen\/wp-json\/wp\/v2\/pages"}],"about":[{"href":"https:\/\/www.l-iz.de\/finanzen\/wp-json\/wp\/v2\/types\/page"}],"author":[{"embeddable":true,"href":"https:\/\/www.l-iz.de\/finanzen\/wp-json\/wp\/v2\/users\/1"}],"replies":[{"embeddable":true,"href":"https:\/\/www.l-iz.de\/finanzen\/wp-json\/wp\/v2\/comments?post=3149"}],"version-history":[{"count":1,"href":"https:\/\/www.l-iz.de\/finanzen\/wp-json\/wp\/v2\/pages\/3149\/revisions"}],"predecessor-version":[{"id":3271,"href":"https:\/\/www.l-iz.de\/finanzen\/wp-json\/wp\/v2\/pages\/3149\/revisions\/3271"}],"wp:attachment":[{"href":"https:\/\/www.l-iz.de\/finanzen\/wp-json\/wp\/v2\/media?parent=3149"}],"curies":[{"name":"wp","href":"https:\/\/api.w.org\/{rel}","templated":true}]}}