{"id":3152,"date":"2023-03-22T20:19:23","date_gmt":"2023-03-22T19:19:23","guid":{"rendered":"https:\/\/soccerfield24.com\/beste-enjin-wallet\/"},"modified":"2023-07-06T15:57:06","modified_gmt":"2023-07-06T13:57:06","slug":"beste-enjin-wallet","status":"publish","type":"page","link":"https:\/\/www.l-iz.de\/finanzen\/beste-enjin-wallet\/","title":{"rendered":"Beste Enjin Wallet"},"content":{"rendered":"<p>Enjin Wallet ist eine der am besten bewerteten und sichersten Kryptow\u00e4hrungswallets auf dem Markt. Es wurde als eine der ersten Ethereum- und Multi-Coin-Wallets entwickelt und ist dank seiner multifunktionalen Funktionen und seiner einfachen Bedienung sehr beliebt. Enjin Wallet bietet ein H\u00f6chstma\u00df an Sicherheit, Benutzerfreundlichkeit und Funktionalit\u00e4t.<\/p>\n<p>Enjin Wallet ist in der Lage, mehrere Kryptow\u00e4hrungen zu speichern, darunter Ethereum, Bitcoin, Litecoin, Bitcoin Cash, ERC20-Token und ERC721-Token. Es bietet auch zahlreiche Funktionen, die es zur bevorzugten Wallet f\u00fcr viele Benutzer machen, darunter die M\u00f6glichkeit, auf mehreren Ger\u00e4ten zu synchronisieren, ein einfaches Backup zu erstellen, ein integriertes Exchange-Feature, ein integriertes Web3-Browser-Feature und ein benutzerfreundliches Interface.<\/p>\n<p>Enjin Wallet bietet ein H\u00f6chstma\u00df an Sicherheit. Es verwendet eine 2-Faktor-Authentifizierung und ein Passwort-Management-System, um den Zugang zu Ihrem Wallet zu sch\u00fctzen und die Sicherheit Ihrer privaten Schl\u00fcssel zu gew\u00e4hrleisten. Dar\u00fcber hinaus k\u00f6nnen Benutzer ihren privaten Schl\u00fcssel auch auf einem separaten Ger\u00e4t speichern, um zus\u00e4tzlichen Schutz zu bieten.<\/p>\n<p>Enjin Wallet ist einfach zu bedienen. Benutzer k\u00f6nnen auf ihr Wallet \u00fcber die App oder die Website zugreifen, wobei beide ein einfaches und benutzerfreundliches Interface bieten. Es bietet auch eine Reihe von Tutorials, die Benutzer durch die verschiedenen Funktionen der Wallet f\u00fchren.<\/p>\n<p>Enjin Wallet bietet auch ein integriertes Exchange-Feature, mit dem Benutzer Kryptow\u00e4hrungen einfach und bequem zwischen ihren Wallets und anderen B\u00f6rsen austauschen k\u00f6nnen. Es bietet auch ein integriertes Web3-Browser-Feature, mit dem Benutzer auf Ethereum-basierte DApps zugreifen k\u00f6nnen.<\/p>\n<p>Insgesamt bietet Enjin Wallet ein H\u00f6chstma\u00df an Sicherheit und Funktionalit\u00e4t. Es ist eine der am besten bewerteten und sichersten Kryptow\u00e4hrungswallets auf dem Markt und wird von vielen Benutzern aufgrund seiner Benutzerfreundlichkeit und seiner Funktionalit\u00e4t gesch\u00e4tzt.<\/p>\n","protected":false},"excerpt":{"rendered":"<p>Enjin Wallet ist eine der am besten bewerteten und sichersten Kryptow\u00e4hrungswallets auf dem Markt. Es wurde als eine der ersten Ethereum- und Multi-Coin-Wallets entwickelt und ist dank seiner multifunktionalen Funktionen und seiner einfachen Bedienung sehr beliebt. Enjin Wallet bietet ein H\u00f6chstma\u00df an Sicherheit, Benutzerfreundlichkeit und Funktionalit\u00e4t. Enjin Wallet ist in der Lage, mehrere Kryptow\u00e4hrungen zu [&hellip;]<\/p>\n","protected":false},"author":1,"featured_media":0,"parent":0,"menu_order":0,"comment_status":"closed","ping_status":"closed","template":"","meta":{"footnotes":""},"class_list":["post-3152","page","type-page","status-publish","hentry"],"yoast_head":"<!-- This site is optimized with the Yoast SEO plugin v25.4 - https:\/\/yoast.com\/wordpress\/plugins\/seo\/ -->\n<title>Beste Enjin Wallet - Leipziger Zeitung<\/title>\n<meta name=\"robots\" content=\"index, follow, max-snippet:-1, max-image-preview:large, max-video-preview:-1\" \/>\n<link rel=\"canonical\" href=\"https:\/\/www.l-iz.de\/finanzen\/beste-enjin-wallet\/\" \/>\n<meta property=\"og:locale\" content=\"de_DE\" \/>\n<meta property=\"og:type\" content=\"article\" \/>\n<meta property=\"og:title\" content=\"Beste Enjin Wallet - Leipziger Zeitung\" \/>\n<meta property=\"og:description\" content=\"Enjin Wallet ist eine der am besten bewerteten und sichersten Kryptow\u00e4hrungswallets auf dem Markt. Es wurde als eine der ersten Ethereum- und Multi-Coin-Wallets entwickelt und ist dank seiner multifunktionalen Funktionen und seiner einfachen Bedienung sehr beliebt. Enjin Wallet bietet ein H\u00f6chstma\u00df an Sicherheit, Benutzerfreundlichkeit und Funktionalit\u00e4t. Enjin Wallet ist in der Lage, mehrere Kryptow\u00e4hrungen zu [&hellip;]\" \/>\n<meta property=\"og:url\" content=\"https:\/\/www.l-iz.de\/finanzen\/beste-enjin-wallet\/\" \/>\n<meta property=\"og:site_name\" content=\"Leipziger Zeitung\" \/>\n<meta property=\"article:publisher\" content=\"https:\/\/www.facebook.com\/LeipzigerInternetZeitung\" \/>\n<meta property=\"article:modified_time\" content=\"2023-07-06T13:57:06+00:00\" \/>\n<meta name=\"twitter:card\" content=\"summary_large_image\" \/>\n<meta name=\"twitter:label1\" content=\"Gesch\u00e4tzte Lesezeit\" \/>\n\t<meta name=\"twitter:data1\" content=\"1\u00a0Minute\" \/>\n<script type=\"application\/ld+json\" class=\"yoast-schema-graph\">{\"@context\":\"https:\/\/schema.org\",\"@graph\":[{\"@type\":\"WebPage\",\"@id\":\"https:\/\/www.l-iz.de\/finanzen\/beste-enjin-wallet\/\",\"url\":\"https:\/\/www.l-iz.de\/finanzen\/beste-enjin-wallet\/\",\"name\":\"Beste Enjin Wallet - Leipziger Zeitung\",\"isPartOf\":{\"@id\":\"https:\/\/www.l-iz.de\/finanzen\/#website\"},\"datePublished\":\"2023-03-22T19:19:23+00:00\",\"dateModified\":\"2023-07-06T13:57:06+00:00\",\"breadcrumb\":{\"@id\":\"https:\/\/www.l-iz.de\/finanzen\/beste-enjin-wallet\/#breadcrumb\"},\"inLanguage\":\"de\",\"potentialAction\":[{\"@type\":\"ReadAction\",\"target\":[\"https:\/\/www.l-iz.de\/finanzen\/beste-enjin-wallet\/\"]}]},{\"@type\":\"BreadcrumbList\",\"@id\":\"https:\/\/www.l-iz.de\/finanzen\/beste-enjin-wallet\/#breadcrumb\",\"itemListElement\":[{\"@type\":\"ListItem\",\"position\":1,\"name\":\"Startseite\",\"item\":\"https:\/\/www.l-iz.de\/finanzen\/\"},{\"@type\":\"ListItem\",\"position\":2,\"name\":\"Beste Enjin Wallet\"}]},{\"@type\":\"WebSite\",\"@id\":\"https:\/\/www.l-iz.de\/finanzen\/#website\",\"url\":\"https:\/\/www.l-iz.de\/finanzen\/\",\"name\":\"Leipziger Zeitung\",\"description\":\"Finanz-Anbieter Vergleich &amp; Test [yyyy]: Bewertungen + Erfahrungen\",\"publisher\":{\"@id\":\"https:\/\/www.l-iz.de\/finanzen\/#organization\"},\"potentialAction\":[{\"@type\":\"SearchAction\",\"target\":{\"@type\":\"EntryPoint\",\"urlTemplate\":\"https:\/\/www.l-iz.de\/finanzen\/?s={search_term_string}\"},\"query-input\":{\"@type\":\"PropertyValueSpecification\",\"valueRequired\":true,\"valueName\":\"search_term_string\"}}],\"inLanguage\":\"de\"},{\"@type\":\"Organization\",\"@id\":\"https:\/\/www.l-iz.de\/finanzen\/#organization\",\"name\":\"LZ Medien GmbH\",\"url\":\"https:\/\/www.l-iz.de\/finanzen\/\",\"logo\":{\"@type\":\"ImageObject\",\"inLanguage\":\"de\",\"@id\":\"https:\/\/www.l-iz.de\/finanzen\/#\/schema\/logo\/image\/\",\"url\":\"https:\/\/www.l-iz.de\/finanzen\/wp-content\/uploads\/2022\/09\/cropped-l-iz-logo.jpg\",\"contentUrl\":\"https:\/\/www.l-iz.de\/finanzen\/wp-content\/uploads\/2022\/09\/cropped-l-iz-logo.jpg\",\"width\":1280,\"height\":387,\"caption\":\"LZ Medien GmbH\"},\"image\":{\"@id\":\"https:\/\/www.l-iz.de\/finanzen\/#\/schema\/logo\/image\/\"},\"sameAs\":[\"https:\/\/www.facebook.com\/LeipzigerInternetZeitung\",\"https:\/\/www.youtube.com\/c\/L-izDe\"]}]}<\/script>\n<!-- \/ Yoast SEO plugin. -->","yoast_head_json":{"title":"Beste Enjin Wallet - Leipziger Zeitung","robots":{"index":"index","follow":"follow","max-snippet":"max-snippet:-1","max-image-preview":"max-image-preview:large","max-video-preview":"max-video-preview:-1"},"canonical":"https:\/\/www.l-iz.de\/finanzen\/beste-enjin-wallet\/","og_locale":"de_DE","og_type":"article","og_title":"Beste Enjin Wallet - Leipziger Zeitung","og_description":"Enjin Wallet ist eine der am besten bewerteten und sichersten Kryptow\u00e4hrungswallets auf dem Markt. Es wurde als eine der ersten Ethereum- und Multi-Coin-Wallets entwickelt und ist dank seiner multifunktionalen Funktionen und seiner einfachen Bedienung sehr beliebt. Enjin Wallet bietet ein H\u00f6chstma\u00df an Sicherheit, Benutzerfreundlichkeit und Funktionalit\u00e4t. Enjin Wallet ist in der Lage, mehrere Kryptow\u00e4hrungen zu [&hellip;]","og_url":"https:\/\/www.l-iz.de\/finanzen\/beste-enjin-wallet\/","og_site_name":"Leipziger Zeitung","article_publisher":"https:\/\/www.facebook.com\/LeipzigerInternetZeitung","article_modified_time":"2023-07-06T13:57:06+00:00","twitter_card":"summary_large_image","twitter_misc":{"Gesch\u00e4tzte Lesezeit":"1\u00a0Minute"},"schema":{"@context":"https:\/\/schema.org","@graph":[{"@type":"WebPage","@id":"https:\/\/www.l-iz.de\/finanzen\/beste-enjin-wallet\/","url":"https:\/\/www.l-iz.de\/finanzen\/beste-enjin-wallet\/","name":"Beste Enjin Wallet - Leipziger Zeitung","isPartOf":{"@id":"https:\/\/www.l-iz.de\/finanzen\/#website"},"datePublished":"2023-03-22T19:19:23+00:00","dateModified":"2023-07-06T13:57:06+00:00","breadcrumb":{"@id":"https:\/\/www.l-iz.de\/finanzen\/beste-enjin-wallet\/#breadcrumb"},"inLanguage":"de","potentialAction":[{"@type":"ReadAction","target":["https:\/\/www.l-iz.de\/finanzen\/beste-enjin-wallet\/"]}]},{"@type":"BreadcrumbList","@id":"https:\/\/www.l-iz.de\/finanzen\/beste-enjin-wallet\/#breadcrumb","itemListElement":[{"@type":"ListItem","position":1,"name":"Startseite","item":"https:\/\/www.l-iz.de\/finanzen\/"},{"@type":"ListItem","position":2,"name":"Beste Enjin Wallet"}]},{"@type":"WebSite","@id":"https:\/\/www.l-iz.de\/finanzen\/#website","url":"https:\/\/www.l-iz.de\/finanzen\/","name":"Leipziger Zeitung","description":"Finanz-Anbieter Vergleich &amp; Test [yyyy]: Bewertungen + Erfahrungen","publisher":{"@id":"https:\/\/www.l-iz.de\/finanzen\/#organization"},"potentialAction":[{"@type":"SearchAction","target":{"@type":"EntryPoint","urlTemplate":"https:\/\/www.l-iz.de\/finanzen\/?s={search_term_string}"},"query-input":{"@type":"PropertyValueSpecification","valueRequired":true,"valueName":"search_term_string"}}],"inLanguage":"de"},{"@type":"Organization","@id":"https:\/\/www.l-iz.de\/finanzen\/#organization","name":"LZ Medien GmbH","url":"https:\/\/www.l-iz.de\/finanzen\/","logo":{"@type":"ImageObject","inLanguage":"de","@id":"https:\/\/www.l-iz.de\/finanzen\/#\/schema\/logo\/image\/","url":"https:\/\/www.l-iz.de\/finanzen\/wp-content\/uploads\/2022\/09\/cropped-l-iz-logo.jpg","contentUrl":"https:\/\/www.l-iz.de\/finanzen\/wp-content\/uploads\/2022\/09\/cropped-l-iz-logo.jpg","width":1280,"height":387,"caption":"LZ Medien GmbH"},"image":{"@id":"https:\/\/www.l-iz.de\/finanzen\/#\/schema\/logo\/image\/"},"sameAs":["https:\/\/www.facebook.com\/LeipzigerInternetZeitung","https:\/\/www.youtube.com\/c\/L-izDe"]}]}},"_links":{"self":[{"href":"https:\/\/www.l-iz.de\/finanzen\/wp-json\/wp\/v2\/pages\/3152","targetHints":{"allow":["GET"]}}],"collection":[{"href":"https:\/\/www.l-iz.de\/finanzen\/wp-json\/wp\/v2\/pages"}],"about":[{"href":"https:\/\/www.l-iz.de\/finanzen\/wp-json\/wp\/v2\/types\/page"}],"author":[{"embeddable":true,"href":"https:\/\/www.l-iz.de\/finanzen\/wp-json\/wp\/v2\/users\/1"}],"replies":[{"embeddable":true,"href":"https:\/\/www.l-iz.de\/finanzen\/wp-json\/wp\/v2\/comments?post=3152"}],"version-history":[{"count":1,"href":"https:\/\/www.l-iz.de\/finanzen\/wp-json\/wp\/v2\/pages\/3152\/revisions"}],"predecessor-version":[{"id":7313,"href":"https:\/\/www.l-iz.de\/finanzen\/wp-json\/wp\/v2\/pages\/3152\/revisions\/7313"}],"wp:attachment":[{"href":"https:\/\/www.l-iz.de\/finanzen\/wp-json\/wp\/v2\/media?parent=3152"}],"curies":[{"name":"wp","href":"https:\/\/api.w.org\/{rel}","templated":true}]}}