{"id":3153,"date":"2023-03-22T20:20:45","date_gmt":"2023-03-22T19:20:45","guid":{"rendered":"https:\/\/soccerfield24.com\/beste-wasabi-wallet\/"},"modified":"2023-07-06T15:57:07","modified_gmt":"2023-07-06T13:57:07","slug":"beste-wasabi-wallet","status":"publish","type":"page","link":"https:\/\/www.l-iz.de\/finanzen\/beste-wasabi-wallet\/","title":{"rendered":"Beste Wasabi Wallet"},"content":{"rendered":"<p>Wasabi Wallet ist eine Open-Source-Software, die es Benutzern erm\u00f6glicht, Bitcoin und andere Kryptow\u00e4hrungen auf eine sichere und anonyme Art und Weise zu speichern und zu verwenden. Es ist eine sehr benutzerfreundliche, sichere und private Art, Kryptow\u00e4hrungen zu verwalten, und es ist die beste L\u00f6sung f\u00fcr diejenigen, die mehr Datenschutz und Sicherheit w\u00fcnschen.<\/p>\n<p>Wasabi Wallet ist eine Desktop-Wallet, was bedeutet, dass sie auf dem lokalen Computer des Benutzers installiert ist und erm\u00f6glicht es ihm, seine Kryptow\u00e4hrungen offline zu speichern. Es nutzt einige hochentwickelte Technologien, um seine Benutzer vor Hackern, Betr\u00fcgern und anderen Cyberkriminellen zu sch\u00fctzen.<\/p>\n<p>Wasabi Wallet verwendet eine sogenannte \u201eCoinJoin\u201d-Technologie, die es Benutzern erm\u00f6glicht, ihre Transaktionen anonym zu machen. Dies ist eine sehr starke Sicherheitstechnologie, die es den Benutzern erm\u00f6glicht, ihre Transaktionen so unsichtbar wie m\u00f6glich zu machen. Durch die Verwendung dieser Technologie k\u00f6nnen Benutzer sicherstellen, dass ihre Transaktionen und ihre Daten so privat wie m\u00f6glich bleiben.<\/p>\n<p>Wasabi Wallet verf\u00fcgt auch \u00fcber einige zus\u00e4tzliche Sicherheitsfunktionen wie die 2-Faktor-Authentifizierung und die Unterst\u00fctzung von Hardware-Wallets. Dadurch k\u00f6nnen Benutzer ihre Wallets noch sicherer machen. Dar\u00fcber hinaus bietet Wasabi Wallet auch Unterst\u00fctzung f\u00fcr die meisten beliebten Kryptow\u00e4hrungen, einschlie\u00dflich Bitcoin, Ethereum, Litecoin, Ripple und vielen anderen.<\/p>\n<p>Wasabi Wallet ist eine der besten Optionen f\u00fcr diejenigen, die mehr Kontrolle \u00fcber ihre Kryptow\u00e4hrungen haben m\u00f6chten. Es ist sehr einfach zu bedienen und bietet eine sehr hohe Sicherheit. Dies macht es zu einer sehr beliebten Wahl f\u00fcr Benutzer, die einfach und bequem Kryptow\u00e4hrungen verwenden m\u00f6chten. Es ist auch eine sehr gute Option f\u00fcr diejenigen, die mehr Privatsph\u00e4re und Sicherheit w\u00fcnschen.<\/p>\n","protected":false},"excerpt":{"rendered":"<p>Wasabi Wallet ist eine Open-Source-Software, die es Benutzern erm\u00f6glicht, Bitcoin und andere Kryptow\u00e4hrungen auf eine sichere und anonyme Art und Weise zu speichern und zu verwenden. Es ist eine sehr benutzerfreundliche, sichere und private Art, Kryptow\u00e4hrungen zu verwalten, und es ist die beste L\u00f6sung f\u00fcr diejenigen, die mehr Datenschutz und Sicherheit w\u00fcnschen. Wasabi Wallet ist [&hellip;]<\/p>\n","protected":false},"author":1,"featured_media":0,"parent":0,"menu_order":0,"comment_status":"closed","ping_status":"closed","template":"","meta":{"footnotes":""},"class_list":["post-3153","page","type-page","status-publish","hentry"],"yoast_head":"<!-- This site is optimized with the Yoast SEO plugin v25.4 - https:\/\/yoast.com\/wordpress\/plugins\/seo\/ -->\n<title>Beste Wasabi Wallet - Leipziger Zeitung<\/title>\n<meta name=\"robots\" content=\"index, follow, max-snippet:-1, max-image-preview:large, max-video-preview:-1\" \/>\n<link rel=\"canonical\" href=\"https:\/\/www.l-iz.de\/finanzen\/beste-wasabi-wallet\/\" \/>\n<meta property=\"og:locale\" content=\"de_DE\" \/>\n<meta property=\"og:type\" content=\"article\" \/>\n<meta property=\"og:title\" content=\"Beste Wasabi Wallet - Leipziger Zeitung\" \/>\n<meta property=\"og:description\" content=\"Wasabi Wallet ist eine Open-Source-Software, die es Benutzern erm\u00f6glicht, Bitcoin und andere Kryptow\u00e4hrungen auf eine sichere und anonyme Art und Weise zu speichern und zu verwenden. Es ist eine sehr benutzerfreundliche, sichere und private Art, Kryptow\u00e4hrungen zu verwalten, und es ist die beste L\u00f6sung f\u00fcr diejenigen, die mehr Datenschutz und Sicherheit w\u00fcnschen. Wasabi Wallet ist [&hellip;]\" \/>\n<meta property=\"og:url\" content=\"https:\/\/www.l-iz.de\/finanzen\/beste-wasabi-wallet\/\" \/>\n<meta property=\"og:site_name\" content=\"Leipziger Zeitung\" \/>\n<meta property=\"article:publisher\" content=\"https:\/\/www.facebook.com\/LeipzigerInternetZeitung\" \/>\n<meta property=\"article:modified_time\" content=\"2023-07-06T13:57:07+00:00\" \/>\n<meta name=\"twitter:card\" content=\"summary_large_image\" \/>\n<meta name=\"twitter:label1\" content=\"Gesch\u00e4tzte Lesezeit\" \/>\n\t<meta name=\"twitter:data1\" content=\"1\u00a0Minute\" \/>\n<script type=\"application\/ld+json\" class=\"yoast-schema-graph\">{\"@context\":\"https:\/\/schema.org\",\"@graph\":[{\"@type\":\"WebPage\",\"@id\":\"https:\/\/www.l-iz.de\/finanzen\/beste-wasabi-wallet\/\",\"url\":\"https:\/\/www.l-iz.de\/finanzen\/beste-wasabi-wallet\/\",\"name\":\"Beste Wasabi Wallet - Leipziger Zeitung\",\"isPartOf\":{\"@id\":\"https:\/\/www.l-iz.de\/finanzen\/#website\"},\"datePublished\":\"2023-03-22T19:20:45+00:00\",\"dateModified\":\"2023-07-06T13:57:07+00:00\",\"breadcrumb\":{\"@id\":\"https:\/\/www.l-iz.de\/finanzen\/beste-wasabi-wallet\/#breadcrumb\"},\"inLanguage\":\"de\",\"potentialAction\":[{\"@type\":\"ReadAction\",\"target\":[\"https:\/\/www.l-iz.de\/finanzen\/beste-wasabi-wallet\/\"]}]},{\"@type\":\"BreadcrumbList\",\"@id\":\"https:\/\/www.l-iz.de\/finanzen\/beste-wasabi-wallet\/#breadcrumb\",\"itemListElement\":[{\"@type\":\"ListItem\",\"position\":1,\"name\":\"Startseite\",\"item\":\"https:\/\/www.l-iz.de\/finanzen\/\"},{\"@type\":\"ListItem\",\"position\":2,\"name\":\"Beste Wasabi Wallet\"}]},{\"@type\":\"WebSite\",\"@id\":\"https:\/\/www.l-iz.de\/finanzen\/#website\",\"url\":\"https:\/\/www.l-iz.de\/finanzen\/\",\"name\":\"Leipziger Zeitung\",\"description\":\"Finanz-Anbieter Vergleich &amp; Test [yyyy]: Bewertungen + Erfahrungen\",\"publisher\":{\"@id\":\"https:\/\/www.l-iz.de\/finanzen\/#organization\"},\"potentialAction\":[{\"@type\":\"SearchAction\",\"target\":{\"@type\":\"EntryPoint\",\"urlTemplate\":\"https:\/\/www.l-iz.de\/finanzen\/?s={search_term_string}\"},\"query-input\":{\"@type\":\"PropertyValueSpecification\",\"valueRequired\":true,\"valueName\":\"search_term_string\"}}],\"inLanguage\":\"de\"},{\"@type\":\"Organization\",\"@id\":\"https:\/\/www.l-iz.de\/finanzen\/#organization\",\"name\":\"LZ Medien GmbH\",\"url\":\"https:\/\/www.l-iz.de\/finanzen\/\",\"logo\":{\"@type\":\"ImageObject\",\"inLanguage\":\"de\",\"@id\":\"https:\/\/www.l-iz.de\/finanzen\/#\/schema\/logo\/image\/\",\"url\":\"https:\/\/www.l-iz.de\/finanzen\/wp-content\/uploads\/2022\/09\/cropped-l-iz-logo.jpg\",\"contentUrl\":\"https:\/\/www.l-iz.de\/finanzen\/wp-content\/uploads\/2022\/09\/cropped-l-iz-logo.jpg\",\"width\":1280,\"height\":387,\"caption\":\"LZ Medien GmbH\"},\"image\":{\"@id\":\"https:\/\/www.l-iz.de\/finanzen\/#\/schema\/logo\/image\/\"},\"sameAs\":[\"https:\/\/www.facebook.com\/LeipzigerInternetZeitung\",\"https:\/\/www.youtube.com\/c\/L-izDe\"]}]}<\/script>\n<!-- \/ Yoast SEO plugin. -->","yoast_head_json":{"title":"Beste Wasabi Wallet - Leipziger Zeitung","robots":{"index":"index","follow":"follow","max-snippet":"max-snippet:-1","max-image-preview":"max-image-preview:large","max-video-preview":"max-video-preview:-1"},"canonical":"https:\/\/www.l-iz.de\/finanzen\/beste-wasabi-wallet\/","og_locale":"de_DE","og_type":"article","og_title":"Beste Wasabi Wallet - Leipziger Zeitung","og_description":"Wasabi Wallet ist eine Open-Source-Software, die es Benutzern erm\u00f6glicht, Bitcoin und andere Kryptow\u00e4hrungen auf eine sichere und anonyme Art und Weise zu speichern und zu verwenden. Es ist eine sehr benutzerfreundliche, sichere und private Art, Kryptow\u00e4hrungen zu verwalten, und es ist die beste L\u00f6sung f\u00fcr diejenigen, die mehr Datenschutz und Sicherheit w\u00fcnschen. Wasabi Wallet ist [&hellip;]","og_url":"https:\/\/www.l-iz.de\/finanzen\/beste-wasabi-wallet\/","og_site_name":"Leipziger Zeitung","article_publisher":"https:\/\/www.facebook.com\/LeipzigerInternetZeitung","article_modified_time":"2023-07-06T13:57:07+00:00","twitter_card":"summary_large_image","twitter_misc":{"Gesch\u00e4tzte Lesezeit":"1\u00a0Minute"},"schema":{"@context":"https:\/\/schema.org","@graph":[{"@type":"WebPage","@id":"https:\/\/www.l-iz.de\/finanzen\/beste-wasabi-wallet\/","url":"https:\/\/www.l-iz.de\/finanzen\/beste-wasabi-wallet\/","name":"Beste Wasabi Wallet - Leipziger Zeitung","isPartOf":{"@id":"https:\/\/www.l-iz.de\/finanzen\/#website"},"datePublished":"2023-03-22T19:20:45+00:00","dateModified":"2023-07-06T13:57:07+00:00","breadcrumb":{"@id":"https:\/\/www.l-iz.de\/finanzen\/beste-wasabi-wallet\/#breadcrumb"},"inLanguage":"de","potentialAction":[{"@type":"ReadAction","target":["https:\/\/www.l-iz.de\/finanzen\/beste-wasabi-wallet\/"]}]},{"@type":"BreadcrumbList","@id":"https:\/\/www.l-iz.de\/finanzen\/beste-wasabi-wallet\/#breadcrumb","itemListElement":[{"@type":"ListItem","position":1,"name":"Startseite","item":"https:\/\/www.l-iz.de\/finanzen\/"},{"@type":"ListItem","position":2,"name":"Beste Wasabi Wallet"}]},{"@type":"WebSite","@id":"https:\/\/www.l-iz.de\/finanzen\/#website","url":"https:\/\/www.l-iz.de\/finanzen\/","name":"Leipziger Zeitung","description":"Finanz-Anbieter Vergleich &amp; Test [yyyy]: Bewertungen + Erfahrungen","publisher":{"@id":"https:\/\/www.l-iz.de\/finanzen\/#organization"},"potentialAction":[{"@type":"SearchAction","target":{"@type":"EntryPoint","urlTemplate":"https:\/\/www.l-iz.de\/finanzen\/?s={search_term_string}"},"query-input":{"@type":"PropertyValueSpecification","valueRequired":true,"valueName":"search_term_string"}}],"inLanguage":"de"},{"@type":"Organization","@id":"https:\/\/www.l-iz.de\/finanzen\/#organization","name":"LZ Medien GmbH","url":"https:\/\/www.l-iz.de\/finanzen\/","logo":{"@type":"ImageObject","inLanguage":"de","@id":"https:\/\/www.l-iz.de\/finanzen\/#\/schema\/logo\/image\/","url":"https:\/\/www.l-iz.de\/finanzen\/wp-content\/uploads\/2022\/09\/cropped-l-iz-logo.jpg","contentUrl":"https:\/\/www.l-iz.de\/finanzen\/wp-content\/uploads\/2022\/09\/cropped-l-iz-logo.jpg","width":1280,"height":387,"caption":"LZ Medien GmbH"},"image":{"@id":"https:\/\/www.l-iz.de\/finanzen\/#\/schema\/logo\/image\/"},"sameAs":["https:\/\/www.facebook.com\/LeipzigerInternetZeitung","https:\/\/www.youtube.com\/c\/L-izDe"]}]}},"_links":{"self":[{"href":"https:\/\/www.l-iz.de\/finanzen\/wp-json\/wp\/v2\/pages\/3153","targetHints":{"allow":["GET"]}}],"collection":[{"href":"https:\/\/www.l-iz.de\/finanzen\/wp-json\/wp\/v2\/pages"}],"about":[{"href":"https:\/\/www.l-iz.de\/finanzen\/wp-json\/wp\/v2\/types\/page"}],"author":[{"embeddable":true,"href":"https:\/\/www.l-iz.de\/finanzen\/wp-json\/wp\/v2\/users\/1"}],"replies":[{"embeddable":true,"href":"https:\/\/www.l-iz.de\/finanzen\/wp-json\/wp\/v2\/comments?post=3153"}],"version-history":[{"count":1,"href":"https:\/\/www.l-iz.de\/finanzen\/wp-json\/wp\/v2\/pages\/3153\/revisions"}],"predecessor-version":[{"id":7341,"href":"https:\/\/www.l-iz.de\/finanzen\/wp-json\/wp\/v2\/pages\/3153\/revisions\/7341"}],"wp:attachment":[{"href":"https:\/\/www.l-iz.de\/finanzen\/wp-json\/wp\/v2\/media?parent=3153"}],"curies":[{"name":"wp","href":"https:\/\/api.w.org\/{rel}","templated":true}]}}