{"id":3154,"date":"2023-03-22T20:21:02","date_gmt":"2023-03-22T19:21:02","guid":{"rendered":"https:\/\/soccerfield24.com\/beste-metamask-wallet\/"},"modified":"2023-07-06T15:57:06","modified_gmt":"2023-07-06T13:57:06","slug":"beste-metamask-wallet","status":"publish","type":"page","link":"https:\/\/www.l-iz.de\/finanzen\/beste-metamask-wallet\/","title":{"rendered":"Beste Metamask Wallet"},"content":{"rendered":"<p><a href=\"https:\/\/www.l-iz.de\/finanzen\/metamask-wallet-erfahrungen\/\" data-internallinksmanager029f6b8e52c=\"9\" title=\"Metamask Wallet Erfahrungen\">Metamask<\/a> ist eine beliebte und einfach zu bedienende Wallet f\u00fcr Krypto-W\u00e4hrungen, die es Benutzern erm\u00f6glicht, ihre Krypto-Assets schnell und sicher zu verwalten. Es ist eine Art virtueller Geldb\u00f6rse, durch die Benutzer ihre Krypto-Assets verwalten und sie zwischen verschiedenen Adressen senden und empfangen k\u00f6nnen. Metamask ist eine sichere, schnelle und einfach zu bedienende Wallet, die Benutzern die M\u00f6glichkeit bietet, ihre Assets jederzeit und \u00fcberall zu verwalten.<\/p>\n<p>Metamask ist eine der bekanntesten Krypto-Wallets und wird von einer Vielzahl von Krypto-Benutzern sowohl auf mobilen Ger\u00e4ten als auch auf dem Desktop verwendet. Es ist eine sehr sichere und vertrauensw\u00fcrdige Wallet, die die Benutzer mit einem leistungsstarken Tool ausstattet, um ihre Krypto-Assets zu verwalten. Die Benutzer k\u00f6nnen ihre Assets durch die Metamask-Wallet sicher speichern, senden und empfangen.<\/p>\n<p>Metamask bietet viele Vorteile, darunter ein einfaches und intuitives Design, eine benutzerfreundliche Oberfl\u00e4che und ein hohes Ma\u00df an Sicherheit. Es verf\u00fcgt \u00fcber ein mehrstufiges Sicherheitssystem, das darauf ausgelegt ist, die Benutzer vor Betrug, Diebstahl und Betrug zu sch\u00fctzen. Es verf\u00fcgt auch \u00fcber ein eingebautes Verifizierungssystem, das Benutzern hilft, ihre Identit\u00e4t zu best\u00e4tigen, bevor sie Transaktionen durchf\u00fchren.<\/p>\n<p>Dar\u00fcber hinaus ist die Metamask-Wallet sehr benutzerfreundlich und bietet Benutzern die M\u00f6glichkeit, Krypto-Assets von verschiedenen Ger\u00e4ten aus zu verwalten und zu handeln. Benutzer k\u00f6nnen auch mit ihrem mobilen Ger\u00e4t auf die Metamask-Wallet zugreifen. Die Metamask-Wallet bietet auch eine Reihe von Funktionen, die es Benutzern erm\u00f6glichen, Krypto-Assets zu kaufen, zu verkaufen, zu handeln und sicher zu speichern.<\/p>\n<p>Insgesamt ist Metamask eine sehr benutzerfreundliche und sichere Wallet, die es Benutzern erm\u00f6glicht, ihre Krypto-Assets sicher zu speichern und zu verwalten. Es ist ein vertrauensw\u00fcrdiges Tool, das Benutzern eine einfache und intuitive Oberfl\u00e4che bietet, um ihre Krypto-Assets zu verwalten. Es ist ein sehr leistungsf\u00e4higes Tool, das es Benutzern erm\u00f6glicht, ihre Krypto-Assets schnell und sicher zu speichern, zu verwalten und zu handeln.<\/p>\n","protected":false},"excerpt":{"rendered":"<p>Metamask ist eine beliebte und einfach zu bedienende Wallet f\u00fcr Krypto-W\u00e4hrungen, die es Benutzern erm\u00f6glicht, ihre Krypto-Assets schnell und sicher zu verwalten. Es ist eine Art virtueller Geldb\u00f6rse, durch die Benutzer ihre Krypto-Assets verwalten und sie zwischen verschiedenen Adressen senden und empfangen k\u00f6nnen. Metamask ist eine sichere, schnelle und einfach zu bedienende Wallet, die Benutzern [&hellip;]<\/p>\n","protected":false},"author":1,"featured_media":0,"parent":0,"menu_order":0,"comment_status":"closed","ping_status":"closed","template":"","meta":{"footnotes":""},"class_list":["post-3154","page","type-page","status-publish","hentry"],"yoast_head":"<!-- This site is optimized with the Yoast SEO plugin v25.4 - https:\/\/yoast.com\/wordpress\/plugins\/seo\/ -->\n<title>Beste Metamask Wallet - Leipziger Zeitung<\/title>\n<meta name=\"robots\" content=\"index, follow, max-snippet:-1, max-image-preview:large, max-video-preview:-1\" \/>\n<link rel=\"canonical\" href=\"https:\/\/www.l-iz.de\/finanzen\/beste-metamask-wallet\/\" \/>\n<meta property=\"og:locale\" content=\"de_DE\" \/>\n<meta property=\"og:type\" content=\"article\" \/>\n<meta property=\"og:title\" content=\"Beste Metamask Wallet - Leipziger Zeitung\" \/>\n<meta property=\"og:description\" content=\"Metamask ist eine beliebte und einfach zu bedienende Wallet f\u00fcr Krypto-W\u00e4hrungen, die es Benutzern erm\u00f6glicht, ihre Krypto-Assets schnell und sicher zu verwalten. Es ist eine Art virtueller Geldb\u00f6rse, durch die Benutzer ihre Krypto-Assets verwalten und sie zwischen verschiedenen Adressen senden und empfangen k\u00f6nnen. Metamask ist eine sichere, schnelle und einfach zu bedienende Wallet, die Benutzern [&hellip;]\" \/>\n<meta property=\"og:url\" content=\"https:\/\/www.l-iz.de\/finanzen\/beste-metamask-wallet\/\" \/>\n<meta property=\"og:site_name\" content=\"Leipziger Zeitung\" \/>\n<meta property=\"article:publisher\" content=\"https:\/\/www.facebook.com\/LeipzigerInternetZeitung\" \/>\n<meta property=\"article:modified_time\" content=\"2023-07-06T13:57:06+00:00\" \/>\n<meta name=\"twitter:card\" content=\"summary_large_image\" \/>\n<meta name=\"twitter:label1\" content=\"Gesch\u00e4tzte Lesezeit\" \/>\n\t<meta name=\"twitter:data1\" content=\"2\u00a0Minuten\" \/>\n<script type=\"application\/ld+json\" class=\"yoast-schema-graph\">{\"@context\":\"https:\/\/schema.org\",\"@graph\":[{\"@type\":\"WebPage\",\"@id\":\"https:\/\/www.l-iz.de\/finanzen\/beste-metamask-wallet\/\",\"url\":\"https:\/\/www.l-iz.de\/finanzen\/beste-metamask-wallet\/\",\"name\":\"Beste Metamask Wallet - Leipziger Zeitung\",\"isPartOf\":{\"@id\":\"https:\/\/www.l-iz.de\/finanzen\/#website\"},\"datePublished\":\"2023-03-22T19:21:02+00:00\",\"dateModified\":\"2023-07-06T13:57:06+00:00\",\"breadcrumb\":{\"@id\":\"https:\/\/www.l-iz.de\/finanzen\/beste-metamask-wallet\/#breadcrumb\"},\"inLanguage\":\"de\",\"potentialAction\":[{\"@type\":\"ReadAction\",\"target\":[\"https:\/\/www.l-iz.de\/finanzen\/beste-metamask-wallet\/\"]}]},{\"@type\":\"BreadcrumbList\",\"@id\":\"https:\/\/www.l-iz.de\/finanzen\/beste-metamask-wallet\/#breadcrumb\",\"itemListElement\":[{\"@type\":\"ListItem\",\"position\":1,\"name\":\"Startseite\",\"item\":\"https:\/\/www.l-iz.de\/finanzen\/\"},{\"@type\":\"ListItem\",\"position\":2,\"name\":\"Beste Metamask Wallet\"}]},{\"@type\":\"WebSite\",\"@id\":\"https:\/\/www.l-iz.de\/finanzen\/#website\",\"url\":\"https:\/\/www.l-iz.de\/finanzen\/\",\"name\":\"Leipziger Zeitung\",\"description\":\"Finanz-Anbieter Vergleich &amp; Test [yyyy]: Bewertungen + Erfahrungen\",\"publisher\":{\"@id\":\"https:\/\/www.l-iz.de\/finanzen\/#organization\"},\"potentialAction\":[{\"@type\":\"SearchAction\",\"target\":{\"@type\":\"EntryPoint\",\"urlTemplate\":\"https:\/\/www.l-iz.de\/finanzen\/?s={search_term_string}\"},\"query-input\":{\"@type\":\"PropertyValueSpecification\",\"valueRequired\":true,\"valueName\":\"search_term_string\"}}],\"inLanguage\":\"de\"},{\"@type\":\"Organization\",\"@id\":\"https:\/\/www.l-iz.de\/finanzen\/#organization\",\"name\":\"LZ Medien GmbH\",\"url\":\"https:\/\/www.l-iz.de\/finanzen\/\",\"logo\":{\"@type\":\"ImageObject\",\"inLanguage\":\"de\",\"@id\":\"https:\/\/www.l-iz.de\/finanzen\/#\/schema\/logo\/image\/\",\"url\":\"https:\/\/www.l-iz.de\/finanzen\/wp-content\/uploads\/2022\/09\/cropped-l-iz-logo.jpg\",\"contentUrl\":\"https:\/\/www.l-iz.de\/finanzen\/wp-content\/uploads\/2022\/09\/cropped-l-iz-logo.jpg\",\"width\":1280,\"height\":387,\"caption\":\"LZ Medien GmbH\"},\"image\":{\"@id\":\"https:\/\/www.l-iz.de\/finanzen\/#\/schema\/logo\/image\/\"},\"sameAs\":[\"https:\/\/www.facebook.com\/LeipzigerInternetZeitung\",\"https:\/\/www.youtube.com\/c\/L-izDe\"]}]}<\/script>\n<!-- \/ Yoast SEO plugin. -->","yoast_head_json":{"title":"Beste Metamask Wallet - Leipziger Zeitung","robots":{"index":"index","follow":"follow","max-snippet":"max-snippet:-1","max-image-preview":"max-image-preview:large","max-video-preview":"max-video-preview:-1"},"canonical":"https:\/\/www.l-iz.de\/finanzen\/beste-metamask-wallet\/","og_locale":"de_DE","og_type":"article","og_title":"Beste Metamask Wallet - Leipziger Zeitung","og_description":"Metamask ist eine beliebte und einfach zu bedienende Wallet f\u00fcr Krypto-W\u00e4hrungen, die es Benutzern erm\u00f6glicht, ihre Krypto-Assets schnell und sicher zu verwalten. Es ist eine Art virtueller Geldb\u00f6rse, durch die Benutzer ihre Krypto-Assets verwalten und sie zwischen verschiedenen Adressen senden und empfangen k\u00f6nnen. Metamask ist eine sichere, schnelle und einfach zu bedienende Wallet, die Benutzern [&hellip;]","og_url":"https:\/\/www.l-iz.de\/finanzen\/beste-metamask-wallet\/","og_site_name":"Leipziger Zeitung","article_publisher":"https:\/\/www.facebook.com\/LeipzigerInternetZeitung","article_modified_time":"2023-07-06T13:57:06+00:00","twitter_card":"summary_large_image","twitter_misc":{"Gesch\u00e4tzte Lesezeit":"2\u00a0Minuten"},"schema":{"@context":"https:\/\/schema.org","@graph":[{"@type":"WebPage","@id":"https:\/\/www.l-iz.de\/finanzen\/beste-metamask-wallet\/","url":"https:\/\/www.l-iz.de\/finanzen\/beste-metamask-wallet\/","name":"Beste Metamask Wallet - Leipziger Zeitung","isPartOf":{"@id":"https:\/\/www.l-iz.de\/finanzen\/#website"},"datePublished":"2023-03-22T19:21:02+00:00","dateModified":"2023-07-06T13:57:06+00:00","breadcrumb":{"@id":"https:\/\/www.l-iz.de\/finanzen\/beste-metamask-wallet\/#breadcrumb"},"inLanguage":"de","potentialAction":[{"@type":"ReadAction","target":["https:\/\/www.l-iz.de\/finanzen\/beste-metamask-wallet\/"]}]},{"@type":"BreadcrumbList","@id":"https:\/\/www.l-iz.de\/finanzen\/beste-metamask-wallet\/#breadcrumb","itemListElement":[{"@type":"ListItem","position":1,"name":"Startseite","item":"https:\/\/www.l-iz.de\/finanzen\/"},{"@type":"ListItem","position":2,"name":"Beste Metamask Wallet"}]},{"@type":"WebSite","@id":"https:\/\/www.l-iz.de\/finanzen\/#website","url":"https:\/\/www.l-iz.de\/finanzen\/","name":"Leipziger Zeitung","description":"Finanz-Anbieter Vergleich &amp; Test [yyyy]: Bewertungen + Erfahrungen","publisher":{"@id":"https:\/\/www.l-iz.de\/finanzen\/#organization"},"potentialAction":[{"@type":"SearchAction","target":{"@type":"EntryPoint","urlTemplate":"https:\/\/www.l-iz.de\/finanzen\/?s={search_term_string}"},"query-input":{"@type":"PropertyValueSpecification","valueRequired":true,"valueName":"search_term_string"}}],"inLanguage":"de"},{"@type":"Organization","@id":"https:\/\/www.l-iz.de\/finanzen\/#organization","name":"LZ Medien GmbH","url":"https:\/\/www.l-iz.de\/finanzen\/","logo":{"@type":"ImageObject","inLanguage":"de","@id":"https:\/\/www.l-iz.de\/finanzen\/#\/schema\/logo\/image\/","url":"https:\/\/www.l-iz.de\/finanzen\/wp-content\/uploads\/2022\/09\/cropped-l-iz-logo.jpg","contentUrl":"https:\/\/www.l-iz.de\/finanzen\/wp-content\/uploads\/2022\/09\/cropped-l-iz-logo.jpg","width":1280,"height":387,"caption":"LZ Medien GmbH"},"image":{"@id":"https:\/\/www.l-iz.de\/finanzen\/#\/schema\/logo\/image\/"},"sameAs":["https:\/\/www.facebook.com\/LeipzigerInternetZeitung","https:\/\/www.youtube.com\/c\/L-izDe"]}]}},"_links":{"self":[{"href":"https:\/\/www.l-iz.de\/finanzen\/wp-json\/wp\/v2\/pages\/3154","targetHints":{"allow":["GET"]}}],"collection":[{"href":"https:\/\/www.l-iz.de\/finanzen\/wp-json\/wp\/v2\/pages"}],"about":[{"href":"https:\/\/www.l-iz.de\/finanzen\/wp-json\/wp\/v2\/types\/page"}],"author":[{"embeddable":true,"href":"https:\/\/www.l-iz.de\/finanzen\/wp-json\/wp\/v2\/users\/1"}],"replies":[{"embeddable":true,"href":"https:\/\/www.l-iz.de\/finanzen\/wp-json\/wp\/v2\/comments?post=3154"}],"version-history":[{"count":1,"href":"https:\/\/www.l-iz.de\/finanzen\/wp-json\/wp\/v2\/pages\/3154\/revisions"}],"predecessor-version":[{"id":7322,"href":"https:\/\/www.l-iz.de\/finanzen\/wp-json\/wp\/v2\/pages\/3154\/revisions\/7322"}],"wp:attachment":[{"href":"https:\/\/www.l-iz.de\/finanzen\/wp-json\/wp\/v2\/media?parent=3154"}],"curies":[{"name":"wp","href":"https:\/\/api.w.org\/{rel}","templated":true}]}}