{"id":3155,"date":"2023-03-22T20:21:12","date_gmt":"2023-03-22T19:21:12","guid":{"rendered":"https:\/\/soccerfield24.com\/jaxx-wallet-erfahrungen\/"},"modified":"2023-07-06T15:58:31","modified_gmt":"2023-07-06T13:58:31","slug":"jaxx-wallet-erfahrungen","status":"publish","type":"page","link":"https:\/\/www.l-iz.de\/finanzen\/jaxx-wallet-erfahrungen\/","title":{"rendered":"Jaxx Wallet Erfahrungen"},"content":{"rendered":"<p>Jaxx ist eine sichere und einfach zu bedienende Multi-Krypto-Wallet, mit der Benutzer mehrere Kryptow\u00e4hrungen verwalten und Handel betreiben k\u00f6nnen. Es wurde im Jahr 2014 von Anthony Di Iorio, Gr\u00fcnder und CEO von Decentral, einer f\u00fchrenden Blockchain-Organisation, entwickelt. Seitdem hat es viele positive Bewertungen und Erfahrungen von Benutzern gesammelt.<\/p>\n<p>Jaxx bietet seinen Benutzern eine einfache und intuitiv zu bedienende Oberfl\u00e4che, die es ihnen erm\u00f6glicht, ihre Kryptow\u00e4hrungen schnell und einfach zu verwalten und zu handeln. Es ist auf allen g\u00e4ngigen Plattformen verf\u00fcgbar, einschlie\u00dflich Windows, Mac, Linux, iOS, Android und Web-Browser. Es ist auch ein Open-Source-Projekt und kann somit von jedermann \u00fcberpr\u00fcft und kontrolliert werden.<\/p>\n<p>Das Jaxx-Team hat sich auf die Entwicklung einer sicheren und benutzerfreundlichen Plattform konzentriert, die allen Benutzern eine sichere und einfache Handelserfahrung bietet. Es verf\u00fcgt \u00fcber ein integriertes Sicherheitssystem, das Benutzer vor Hackerangriffen sch\u00fctzt und den Zugriff auf private Schl\u00fcssel und Wallet-Adressen verhindert.<\/p>\n<p>Jaxx bietet seinen Benutzern auch die M\u00f6glichkeit, verschiedene Kryptow\u00e4hrungen auf einer sicheren und vertrauensw\u00fcrdigen Plattform zu handeln. Benutzer k\u00f6nnen zwischen verschiedenen Kryptow\u00e4hrungen, Fiat-W\u00e4hrungen und anderen Verm\u00f6genswerten w\u00e4hlen, um sowohl kurz- als auch langfristig Gewinne zu erzielen.<\/p>\n<p>Benutzer k\u00f6nnen Jaxx auch als Portemonnaie verwenden, um Zahlungen zu senden und zu empfangen. Es ist so konzipiert, dass es schnelle und sichere \u00dcberweisungen zwischen verschiedenen Kryptow\u00e4hrungen und Fiat-W\u00e4hrungen erm\u00f6glicht. Es bietet auch ein integriertes Kontosystem, mit dem Benutzer mehrere Konten f\u00fcr verschiedene Kryptow\u00e4hrungen erstellen k\u00f6nnen.<\/p>\n<p>Insgesamt hat Jaxx eine sehr positive Erfahrung bei Benutzern erzielt, die seine einfache Handhabung, benutzerfreundliche Oberfl\u00e4che und die Sicherheitsfunktionen zu sch\u00e4tzen wissen. Es ist eine solide und zuverl\u00e4ssige Plattform, auf der Benutzer ihre Kryptow\u00e4hrungen einfach und sicher verwalten und handeln k\u00f6nnen.<\/p>\n","protected":false},"excerpt":{"rendered":"<p>Jaxx ist eine sichere und einfach zu bedienende Multi-Krypto-Wallet, mit der Benutzer mehrere Kryptow\u00e4hrungen verwalten und Handel betreiben k\u00f6nnen. Es wurde im Jahr 2014 von Anthony Di Iorio, Gr\u00fcnder und CEO von Decentral, einer f\u00fchrenden Blockchain-Organisation, entwickelt. Seitdem hat es viele positive Bewertungen und Erfahrungen von Benutzern gesammelt. Jaxx bietet seinen Benutzern eine einfache und [&hellip;]<\/p>\n","protected":false},"author":1,"featured_media":0,"parent":0,"menu_order":0,"comment_status":"closed","ping_status":"closed","template":"","meta":{"footnotes":""},"class_list":["post-3155","page","type-page","status-publish","hentry"],"yoast_head":"<!-- This site is optimized with the Yoast SEO plugin v25.4 - https:\/\/yoast.com\/wordpress\/plugins\/seo\/ -->\n<title>Jaxx Wallet Erfahrungen - Leipziger Zeitung<\/title>\n<meta name=\"robots\" content=\"index, follow, max-snippet:-1, max-image-preview:large, max-video-preview:-1\" \/>\n<link rel=\"canonical\" href=\"https:\/\/www.l-iz.de\/finanzen\/jaxx-wallet-erfahrungen\/\" \/>\n<meta property=\"og:locale\" content=\"de_DE\" \/>\n<meta property=\"og:type\" content=\"article\" \/>\n<meta property=\"og:title\" content=\"Jaxx Wallet Erfahrungen - Leipziger Zeitung\" \/>\n<meta property=\"og:description\" content=\"Jaxx ist eine sichere und einfach zu bedienende Multi-Krypto-Wallet, mit der Benutzer mehrere Kryptow\u00e4hrungen verwalten und Handel betreiben k\u00f6nnen. Es wurde im Jahr 2014 von Anthony Di Iorio, Gr\u00fcnder und CEO von Decentral, einer f\u00fchrenden Blockchain-Organisation, entwickelt. Seitdem hat es viele positive Bewertungen und Erfahrungen von Benutzern gesammelt. Jaxx bietet seinen Benutzern eine einfache und [&hellip;]\" \/>\n<meta property=\"og:url\" content=\"https:\/\/www.l-iz.de\/finanzen\/jaxx-wallet-erfahrungen\/\" \/>\n<meta property=\"og:site_name\" content=\"Leipziger Zeitung\" \/>\n<meta property=\"article:publisher\" content=\"https:\/\/www.facebook.com\/LeipzigerInternetZeitung\" \/>\n<meta property=\"article:modified_time\" content=\"2023-07-06T13:58:31+00:00\" \/>\n<meta name=\"twitter:card\" content=\"summary_large_image\" \/>\n<meta name=\"twitter:label1\" content=\"Gesch\u00e4tzte Lesezeit\" \/>\n\t<meta name=\"twitter:data1\" content=\"2\u00a0Minuten\" \/>\n<script type=\"application\/ld+json\" class=\"yoast-schema-graph\">{\"@context\":\"https:\/\/schema.org\",\"@graph\":[{\"@type\":\"WebPage\",\"@id\":\"https:\/\/www.l-iz.de\/finanzen\/jaxx-wallet-erfahrungen\/\",\"url\":\"https:\/\/www.l-iz.de\/finanzen\/jaxx-wallet-erfahrungen\/\",\"name\":\"Jaxx Wallet Erfahrungen - Leipziger Zeitung\",\"isPartOf\":{\"@id\":\"https:\/\/www.l-iz.de\/finanzen\/#website\"},\"datePublished\":\"2023-03-22T19:21:12+00:00\",\"dateModified\":\"2023-07-06T13:58:31+00:00\",\"breadcrumb\":{\"@id\":\"https:\/\/www.l-iz.de\/finanzen\/jaxx-wallet-erfahrungen\/#breadcrumb\"},\"inLanguage\":\"de\",\"potentialAction\":[{\"@type\":\"ReadAction\",\"target\":[\"https:\/\/www.l-iz.de\/finanzen\/jaxx-wallet-erfahrungen\/\"]}]},{\"@type\":\"BreadcrumbList\",\"@id\":\"https:\/\/www.l-iz.de\/finanzen\/jaxx-wallet-erfahrungen\/#breadcrumb\",\"itemListElement\":[{\"@type\":\"ListItem\",\"position\":1,\"name\":\"Startseite\",\"item\":\"https:\/\/www.l-iz.de\/finanzen\/\"},{\"@type\":\"ListItem\",\"position\":2,\"name\":\"Jaxx Wallet Erfahrungen\"}]},{\"@type\":\"WebSite\",\"@id\":\"https:\/\/www.l-iz.de\/finanzen\/#website\",\"url\":\"https:\/\/www.l-iz.de\/finanzen\/\",\"name\":\"Leipziger Zeitung\",\"description\":\"Finanz-Anbieter Vergleich &amp; Test [yyyy]: Bewertungen + Erfahrungen\",\"publisher\":{\"@id\":\"https:\/\/www.l-iz.de\/finanzen\/#organization\"},\"potentialAction\":[{\"@type\":\"SearchAction\",\"target\":{\"@type\":\"EntryPoint\",\"urlTemplate\":\"https:\/\/www.l-iz.de\/finanzen\/?s={search_term_string}\"},\"query-input\":{\"@type\":\"PropertyValueSpecification\",\"valueRequired\":true,\"valueName\":\"search_term_string\"}}],\"inLanguage\":\"de\"},{\"@type\":\"Organization\",\"@id\":\"https:\/\/www.l-iz.de\/finanzen\/#organization\",\"name\":\"LZ Medien GmbH\",\"url\":\"https:\/\/www.l-iz.de\/finanzen\/\",\"logo\":{\"@type\":\"ImageObject\",\"inLanguage\":\"de\",\"@id\":\"https:\/\/www.l-iz.de\/finanzen\/#\/schema\/logo\/image\/\",\"url\":\"https:\/\/www.l-iz.de\/finanzen\/wp-content\/uploads\/2022\/09\/cropped-l-iz-logo.jpg\",\"contentUrl\":\"https:\/\/www.l-iz.de\/finanzen\/wp-content\/uploads\/2022\/09\/cropped-l-iz-logo.jpg\",\"width\":1280,\"height\":387,\"caption\":\"LZ Medien GmbH\"},\"image\":{\"@id\":\"https:\/\/www.l-iz.de\/finanzen\/#\/schema\/logo\/image\/\"},\"sameAs\":[\"https:\/\/www.facebook.com\/LeipzigerInternetZeitung\",\"https:\/\/www.youtube.com\/c\/L-izDe\"]}]}<\/script>\n<!-- \/ Yoast SEO plugin. -->","yoast_head_json":{"title":"Jaxx Wallet Erfahrungen - Leipziger Zeitung","robots":{"index":"index","follow":"follow","max-snippet":"max-snippet:-1","max-image-preview":"max-image-preview:large","max-video-preview":"max-video-preview:-1"},"canonical":"https:\/\/www.l-iz.de\/finanzen\/jaxx-wallet-erfahrungen\/","og_locale":"de_DE","og_type":"article","og_title":"Jaxx Wallet Erfahrungen - Leipziger Zeitung","og_description":"Jaxx ist eine sichere und einfach zu bedienende Multi-Krypto-Wallet, mit der Benutzer mehrere Kryptow\u00e4hrungen verwalten und Handel betreiben k\u00f6nnen. Es wurde im Jahr 2014 von Anthony Di Iorio, Gr\u00fcnder und CEO von Decentral, einer f\u00fchrenden Blockchain-Organisation, entwickelt. Seitdem hat es viele positive Bewertungen und Erfahrungen von Benutzern gesammelt. Jaxx bietet seinen Benutzern eine einfache und [&hellip;]","og_url":"https:\/\/www.l-iz.de\/finanzen\/jaxx-wallet-erfahrungen\/","og_site_name":"Leipziger Zeitung","article_publisher":"https:\/\/www.facebook.com\/LeipzigerInternetZeitung","article_modified_time":"2023-07-06T13:58:31+00:00","twitter_card":"summary_large_image","twitter_misc":{"Gesch\u00e4tzte Lesezeit":"2\u00a0Minuten"},"schema":{"@context":"https:\/\/schema.org","@graph":[{"@type":"WebPage","@id":"https:\/\/www.l-iz.de\/finanzen\/jaxx-wallet-erfahrungen\/","url":"https:\/\/www.l-iz.de\/finanzen\/jaxx-wallet-erfahrungen\/","name":"Jaxx Wallet Erfahrungen - Leipziger Zeitung","isPartOf":{"@id":"https:\/\/www.l-iz.de\/finanzen\/#website"},"datePublished":"2023-03-22T19:21:12+00:00","dateModified":"2023-07-06T13:58:31+00:00","breadcrumb":{"@id":"https:\/\/www.l-iz.de\/finanzen\/jaxx-wallet-erfahrungen\/#breadcrumb"},"inLanguage":"de","potentialAction":[{"@type":"ReadAction","target":["https:\/\/www.l-iz.de\/finanzen\/jaxx-wallet-erfahrungen\/"]}]},{"@type":"BreadcrumbList","@id":"https:\/\/www.l-iz.de\/finanzen\/jaxx-wallet-erfahrungen\/#breadcrumb","itemListElement":[{"@type":"ListItem","position":1,"name":"Startseite","item":"https:\/\/www.l-iz.de\/finanzen\/"},{"@type":"ListItem","position":2,"name":"Jaxx Wallet Erfahrungen"}]},{"@type":"WebSite","@id":"https:\/\/www.l-iz.de\/finanzen\/#website","url":"https:\/\/www.l-iz.de\/finanzen\/","name":"Leipziger Zeitung","description":"Finanz-Anbieter Vergleich &amp; Test [yyyy]: Bewertungen + Erfahrungen","publisher":{"@id":"https:\/\/www.l-iz.de\/finanzen\/#organization"},"potentialAction":[{"@type":"SearchAction","target":{"@type":"EntryPoint","urlTemplate":"https:\/\/www.l-iz.de\/finanzen\/?s={search_term_string}"},"query-input":{"@type":"PropertyValueSpecification","valueRequired":true,"valueName":"search_term_string"}}],"inLanguage":"de"},{"@type":"Organization","@id":"https:\/\/www.l-iz.de\/finanzen\/#organization","name":"LZ Medien GmbH","url":"https:\/\/www.l-iz.de\/finanzen\/","logo":{"@type":"ImageObject","inLanguage":"de","@id":"https:\/\/www.l-iz.de\/finanzen\/#\/schema\/logo\/image\/","url":"https:\/\/www.l-iz.de\/finanzen\/wp-content\/uploads\/2022\/09\/cropped-l-iz-logo.jpg","contentUrl":"https:\/\/www.l-iz.de\/finanzen\/wp-content\/uploads\/2022\/09\/cropped-l-iz-logo.jpg","width":1280,"height":387,"caption":"LZ Medien GmbH"},"image":{"@id":"https:\/\/www.l-iz.de\/finanzen\/#\/schema\/logo\/image\/"},"sameAs":["https:\/\/www.facebook.com\/LeipzigerInternetZeitung","https:\/\/www.youtube.com\/c\/L-izDe"]}]}},"_links":{"self":[{"href":"https:\/\/www.l-iz.de\/finanzen\/wp-json\/wp\/v2\/pages\/3155","targetHints":{"allow":["GET"]}}],"collection":[{"href":"https:\/\/www.l-iz.de\/finanzen\/wp-json\/wp\/v2\/pages"}],"about":[{"href":"https:\/\/www.l-iz.de\/finanzen\/wp-json\/wp\/v2\/types\/page"}],"author":[{"embeddable":true,"href":"https:\/\/www.l-iz.de\/finanzen\/wp-json\/wp\/v2\/users\/1"}],"replies":[{"embeddable":true,"href":"https:\/\/www.l-iz.de\/finanzen\/wp-json\/wp\/v2\/comments?post=3155"}],"version-history":[{"count":1,"href":"https:\/\/www.l-iz.de\/finanzen\/wp-json\/wp\/v2\/pages\/3155\/revisions"}],"predecessor-version":[{"id":7568,"href":"https:\/\/www.l-iz.de\/finanzen\/wp-json\/wp\/v2\/pages\/3155\/revisions\/7568"}],"wp:attachment":[{"href":"https:\/\/www.l-iz.de\/finanzen\/wp-json\/wp\/v2\/media?parent=3155"}],"curies":[{"name":"wp","href":"https:\/\/api.w.org\/{rel}","templated":true}]}}