{"id":3158,"date":"2023-03-22T20:23:03","date_gmt":"2023-03-22T19:23:03","guid":{"rendered":"https:\/\/soccerfield24.com\/samourai-wallet-erfahrungen\/"},"modified":"2023-07-06T15:58:59","modified_gmt":"2023-07-06T13:58:59","slug":"samourai-wallet-erfahrungen","status":"publish","type":"page","link":"https:\/\/www.l-iz.de\/finanzen\/samourai-wallet-erfahrungen\/","title":{"rendered":"Samourai Wallet Erfahrungen"},"content":{"rendered":"<p>Samourai Wallet ist eine beliebte, benutzerfreundliche Bitcoin-Wallet, die auf dem Markt im Jahr 2015 eingef\u00fchrt wurde. Es ist einfach, sicher und schnell, und bietet einige der besten Funktionen, die man in einer Bitcoin-Wallet finden kann.<\/p>\n<p>Der Anfang ist einfach und es ist wirklich einfach, Samourai Wallet zu installieren und zu verwenden. Die App ist sowohl f\u00fcr Android als auch f\u00fcr iOS verf\u00fcgbar und verf\u00fcgt \u00fcber eine intuitive Benutzeroberfl\u00e4che, die es einfach macht, mit Bitcoin zu handeln. Einmal in der App angemeldet, ist es einfach, Bitcoin-Transaktionen zu senden und zu empfangen.<\/p>\n<p>Samourai Wallet bietet auch eine Reihe von Sicherheitsfunktionen, die es den Benutzern erm\u00f6glichen, ihre Gelder zu sch\u00fctzen. Zu diesen Funktionen geh\u00f6ren ein Passwort, das beim Starten der App eingegeben werden muss, und ein 2-Faktor-Authentifizierungssystem, das es dem Benutzer erm\u00f6glicht, seine Transaktionen zu sch\u00fctzen. Dar\u00fcber hinaus ist die App mit einem PIN-Schutz ausgestattet, der verhindert, dass Unbefugte Zugriff auf Ihr Konto haben.<\/p>\n<p>Ein weiterer Vorteil von Samourai Wallet ist die Tatsache, dass es die Benutzern erm\u00f6glicht, ihre Transaktionen \u00fcber ein sehr anonymes Netzwerk zu senden. Dies bedeutet, dass Ihre Transaktionen nicht auf \u00f6ffentlichen Blockketten verfolgt werden k\u00f6nnen. Es gibt auch eine Reihe von anderen Tools, die den Benutzern helfen, ihre Transaktionen zu verschleiern, einschlie\u00dflich einer Tarnkappenfunktion, die die IP-Adresse des Benutzers verschleiert, wenn er Bitcoin-Transaktionen sendet.<\/p>\n<p>Die Samourai Wallet-Erfahrung ist in der Regel sehr positiv. Viele Benutzer berichten, dass die App sehr einfach zu bedienen ist und dass die Transaktionsgeb\u00fchren sehr niedrig sind. Dar\u00fcber hinaus haben viele Benutzer berichtet, dass die App sehr sicher ist und dass die Benutzer ihre Bitcoin-Transaktionen sicher und sicher durchf\u00fchren k\u00f6nnen.<\/p>\n<p>Insgesamt ist Samourai Wallet eine sehr benutzerfreundliche und sichere Bitcoin-Wallet, die es den Benutzern erm\u00f6glicht, Bitcoin-Transaktionen schnell und sicher zu senden. Es bietet eine Reihe von Sicherheitsfunktionen, einschlie\u00dflich eines Passworts, einer 2-Faktor-Authentifizierung und einer IP-Adressenverschleierung, die es Benutzern erm\u00f6glichen, ihre Transaktionen sicher und sicher durchzuf\u00fchren. Aufgrund seiner Benutzerfreundlichkeit und seiner Sicherheitsfunktionen ist die Samourai Wallet eine sehr beliebte Option f\u00fcr Benutzer, die nach einer zuverl\u00e4ssigen Bitcoin-Wallet suchen.<\/p>\n","protected":false},"excerpt":{"rendered":"<p>Samourai Wallet ist eine beliebte, benutzerfreundliche Bitcoin-Wallet, die auf dem Markt im Jahr 2015 eingef\u00fchrt wurde. Es ist einfach, sicher und schnell, und bietet einige der besten Funktionen, die man in einer Bitcoin-Wallet finden kann. Der Anfang ist einfach und es ist wirklich einfach, Samourai Wallet zu installieren und zu verwenden. Die App ist sowohl [&hellip;]<\/p>\n","protected":false},"author":1,"featured_media":0,"parent":0,"menu_order":0,"comment_status":"closed","ping_status":"closed","template":"","meta":{"footnotes":""},"class_list":["post-3158","page","type-page","status-publish","hentry"],"yoast_head":"<!-- This site is optimized with the Yoast SEO plugin v25.4 - https:\/\/yoast.com\/wordpress\/plugins\/seo\/ -->\n<title>Samourai Wallet Erfahrungen - Leipziger Zeitung<\/title>\n<meta name=\"robots\" content=\"index, follow, max-snippet:-1, max-image-preview:large, max-video-preview:-1\" \/>\n<link rel=\"canonical\" href=\"https:\/\/www.l-iz.de\/finanzen\/samourai-wallet-erfahrungen\/\" \/>\n<meta property=\"og:locale\" content=\"de_DE\" \/>\n<meta property=\"og:type\" content=\"article\" \/>\n<meta property=\"og:title\" content=\"Samourai Wallet Erfahrungen - Leipziger Zeitung\" \/>\n<meta property=\"og:description\" content=\"Samourai Wallet ist eine beliebte, benutzerfreundliche Bitcoin-Wallet, die auf dem Markt im Jahr 2015 eingef\u00fchrt wurde. Es ist einfach, sicher und schnell, und bietet einige der besten Funktionen, die man in einer Bitcoin-Wallet finden kann. Der Anfang ist einfach und es ist wirklich einfach, Samourai Wallet zu installieren und zu verwenden. Die App ist sowohl [&hellip;]\" \/>\n<meta property=\"og:url\" content=\"https:\/\/www.l-iz.de\/finanzen\/samourai-wallet-erfahrungen\/\" \/>\n<meta property=\"og:site_name\" content=\"Leipziger Zeitung\" \/>\n<meta property=\"article:publisher\" content=\"https:\/\/www.facebook.com\/LeipzigerInternetZeitung\" \/>\n<meta property=\"article:modified_time\" content=\"2023-07-06T13:58:59+00:00\" \/>\n<meta name=\"twitter:card\" content=\"summary_large_image\" \/>\n<meta name=\"twitter:label1\" content=\"Gesch\u00e4tzte Lesezeit\" \/>\n\t<meta name=\"twitter:data1\" content=\"2\u00a0Minuten\" \/>\n<script type=\"application\/ld+json\" class=\"yoast-schema-graph\">{\"@context\":\"https:\/\/schema.org\",\"@graph\":[{\"@type\":\"WebPage\",\"@id\":\"https:\/\/www.l-iz.de\/finanzen\/samourai-wallet-erfahrungen\/\",\"url\":\"https:\/\/www.l-iz.de\/finanzen\/samourai-wallet-erfahrungen\/\",\"name\":\"Samourai Wallet Erfahrungen - Leipziger Zeitung\",\"isPartOf\":{\"@id\":\"https:\/\/www.l-iz.de\/finanzen\/#website\"},\"datePublished\":\"2023-03-22T19:23:03+00:00\",\"dateModified\":\"2023-07-06T13:58:59+00:00\",\"breadcrumb\":{\"@id\":\"https:\/\/www.l-iz.de\/finanzen\/samourai-wallet-erfahrungen\/#breadcrumb\"},\"inLanguage\":\"de\",\"potentialAction\":[{\"@type\":\"ReadAction\",\"target\":[\"https:\/\/www.l-iz.de\/finanzen\/samourai-wallet-erfahrungen\/\"]}]},{\"@type\":\"BreadcrumbList\",\"@id\":\"https:\/\/www.l-iz.de\/finanzen\/samourai-wallet-erfahrungen\/#breadcrumb\",\"itemListElement\":[{\"@type\":\"ListItem\",\"position\":1,\"name\":\"Startseite\",\"item\":\"https:\/\/www.l-iz.de\/finanzen\/\"},{\"@type\":\"ListItem\",\"position\":2,\"name\":\"Samourai Wallet Erfahrungen\"}]},{\"@type\":\"WebSite\",\"@id\":\"https:\/\/www.l-iz.de\/finanzen\/#website\",\"url\":\"https:\/\/www.l-iz.de\/finanzen\/\",\"name\":\"Leipziger Zeitung\",\"description\":\"Finanz-Anbieter Vergleich &amp; Test [yyyy]: Bewertungen + Erfahrungen\",\"publisher\":{\"@id\":\"https:\/\/www.l-iz.de\/finanzen\/#organization\"},\"potentialAction\":[{\"@type\":\"SearchAction\",\"target\":{\"@type\":\"EntryPoint\",\"urlTemplate\":\"https:\/\/www.l-iz.de\/finanzen\/?s={search_term_string}\"},\"query-input\":{\"@type\":\"PropertyValueSpecification\",\"valueRequired\":true,\"valueName\":\"search_term_string\"}}],\"inLanguage\":\"de\"},{\"@type\":\"Organization\",\"@id\":\"https:\/\/www.l-iz.de\/finanzen\/#organization\",\"name\":\"LZ Medien GmbH\",\"url\":\"https:\/\/www.l-iz.de\/finanzen\/\",\"logo\":{\"@type\":\"ImageObject\",\"inLanguage\":\"de\",\"@id\":\"https:\/\/www.l-iz.de\/finanzen\/#\/schema\/logo\/image\/\",\"url\":\"https:\/\/www.l-iz.de\/finanzen\/wp-content\/uploads\/2022\/09\/cropped-l-iz-logo.jpg\",\"contentUrl\":\"https:\/\/www.l-iz.de\/finanzen\/wp-content\/uploads\/2022\/09\/cropped-l-iz-logo.jpg\",\"width\":1280,\"height\":387,\"caption\":\"LZ Medien GmbH\"},\"image\":{\"@id\":\"https:\/\/www.l-iz.de\/finanzen\/#\/schema\/logo\/image\/\"},\"sameAs\":[\"https:\/\/www.facebook.com\/LeipzigerInternetZeitung\",\"https:\/\/www.youtube.com\/c\/L-izDe\"]}]}<\/script>\n<!-- \/ Yoast SEO plugin. -->","yoast_head_json":{"title":"Samourai Wallet Erfahrungen - Leipziger Zeitung","robots":{"index":"index","follow":"follow","max-snippet":"max-snippet:-1","max-image-preview":"max-image-preview:large","max-video-preview":"max-video-preview:-1"},"canonical":"https:\/\/www.l-iz.de\/finanzen\/samourai-wallet-erfahrungen\/","og_locale":"de_DE","og_type":"article","og_title":"Samourai Wallet Erfahrungen - Leipziger Zeitung","og_description":"Samourai Wallet ist eine beliebte, benutzerfreundliche Bitcoin-Wallet, die auf dem Markt im Jahr 2015 eingef\u00fchrt wurde. Es ist einfach, sicher und schnell, und bietet einige der besten Funktionen, die man in einer Bitcoin-Wallet finden kann. Der Anfang ist einfach und es ist wirklich einfach, Samourai Wallet zu installieren und zu verwenden. Die App ist sowohl [&hellip;]","og_url":"https:\/\/www.l-iz.de\/finanzen\/samourai-wallet-erfahrungen\/","og_site_name":"Leipziger Zeitung","article_publisher":"https:\/\/www.facebook.com\/LeipzigerInternetZeitung","article_modified_time":"2023-07-06T13:58:59+00:00","twitter_card":"summary_large_image","twitter_misc":{"Gesch\u00e4tzte Lesezeit":"2\u00a0Minuten"},"schema":{"@context":"https:\/\/schema.org","@graph":[{"@type":"WebPage","@id":"https:\/\/www.l-iz.de\/finanzen\/samourai-wallet-erfahrungen\/","url":"https:\/\/www.l-iz.de\/finanzen\/samourai-wallet-erfahrungen\/","name":"Samourai Wallet Erfahrungen - Leipziger Zeitung","isPartOf":{"@id":"https:\/\/www.l-iz.de\/finanzen\/#website"},"datePublished":"2023-03-22T19:23:03+00:00","dateModified":"2023-07-06T13:58:59+00:00","breadcrumb":{"@id":"https:\/\/www.l-iz.de\/finanzen\/samourai-wallet-erfahrungen\/#breadcrumb"},"inLanguage":"de","potentialAction":[{"@type":"ReadAction","target":["https:\/\/www.l-iz.de\/finanzen\/samourai-wallet-erfahrungen\/"]}]},{"@type":"BreadcrumbList","@id":"https:\/\/www.l-iz.de\/finanzen\/samourai-wallet-erfahrungen\/#breadcrumb","itemListElement":[{"@type":"ListItem","position":1,"name":"Startseite","item":"https:\/\/www.l-iz.de\/finanzen\/"},{"@type":"ListItem","position":2,"name":"Samourai Wallet Erfahrungen"}]},{"@type":"WebSite","@id":"https:\/\/www.l-iz.de\/finanzen\/#website","url":"https:\/\/www.l-iz.de\/finanzen\/","name":"Leipziger Zeitung","description":"Finanz-Anbieter Vergleich &amp; Test [yyyy]: Bewertungen + Erfahrungen","publisher":{"@id":"https:\/\/www.l-iz.de\/finanzen\/#organization"},"potentialAction":[{"@type":"SearchAction","target":{"@type":"EntryPoint","urlTemplate":"https:\/\/www.l-iz.de\/finanzen\/?s={search_term_string}"},"query-input":{"@type":"PropertyValueSpecification","valueRequired":true,"valueName":"search_term_string"}}],"inLanguage":"de"},{"@type":"Organization","@id":"https:\/\/www.l-iz.de\/finanzen\/#organization","name":"LZ Medien GmbH","url":"https:\/\/www.l-iz.de\/finanzen\/","logo":{"@type":"ImageObject","inLanguage":"de","@id":"https:\/\/www.l-iz.de\/finanzen\/#\/schema\/logo\/image\/","url":"https:\/\/www.l-iz.de\/finanzen\/wp-content\/uploads\/2022\/09\/cropped-l-iz-logo.jpg","contentUrl":"https:\/\/www.l-iz.de\/finanzen\/wp-content\/uploads\/2022\/09\/cropped-l-iz-logo.jpg","width":1280,"height":387,"caption":"LZ Medien GmbH"},"image":{"@id":"https:\/\/www.l-iz.de\/finanzen\/#\/schema\/logo\/image\/"},"sameAs":["https:\/\/www.facebook.com\/LeipzigerInternetZeitung","https:\/\/www.youtube.com\/c\/L-izDe"]}]}},"_links":{"self":[{"href":"https:\/\/www.l-iz.de\/finanzen\/wp-json\/wp\/v2\/pages\/3158","targetHints":{"allow":["GET"]}}],"collection":[{"href":"https:\/\/www.l-iz.de\/finanzen\/wp-json\/wp\/v2\/pages"}],"about":[{"href":"https:\/\/www.l-iz.de\/finanzen\/wp-json\/wp\/v2\/types\/page"}],"author":[{"embeddable":true,"href":"https:\/\/www.l-iz.de\/finanzen\/wp-json\/wp\/v2\/users\/1"}],"replies":[{"embeddable":true,"href":"https:\/\/www.l-iz.de\/finanzen\/wp-json\/wp\/v2\/comments?post=3158"}],"version-history":[{"count":1,"href":"https:\/\/www.l-iz.de\/finanzen\/wp-json\/wp\/v2\/pages\/3158\/revisions"}],"predecessor-version":[{"id":7687,"href":"https:\/\/www.l-iz.de\/finanzen\/wp-json\/wp\/v2\/pages\/3158\/revisions\/7687"}],"wp:attachment":[{"href":"https:\/\/www.l-iz.de\/finanzen\/wp-json\/wp\/v2\/media?parent=3158"}],"curies":[{"name":"wp","href":"https:\/\/api.w.org\/{rel}","templated":true}]}}