{"id":4437,"date":"2023-04-04T21:32:03","date_gmt":"2023-04-04T19:32:03","guid":{"rendered":"https:\/\/soccerfield24.com\/hfx-trading\/"},"modified":"2023-09-26T08:42:24","modified_gmt":"2023-09-26T06:42:24","slug":"hfx-trading","status":"publish","type":"page","link":"https:\/\/www.l-iz.de\/finanzen\/erfahrungen\/hfx\/","title":{"rendered":"HFX Trading Erfahrungen und Test 2026"},"content":{"rendered":"<p>HFX Trading ist eine Plattform f\u00fcr den Handel mit W\u00e4hrungen, Indizes, <a href=\"https:\/\/www.l-iz.de\/finanzen\/beste-aktien\/\" data-internallinksmanager029f6b8e52c=\"595\" title=\"Die besten Aktien [yyyy]\">Aktien<\/a> und anderen Finanzinstrumenten. Es ist eine aufstrebende Handelsplattform, die einige der neuesten Technologien und Funktionen zur Unterst\u00fctzung des Handels bietet. Mit HFX Trading k\u00f6nnen H\u00e4ndler \u00fcber den Handel von Finanzinstrumenten wie Aktien, W\u00e4hrungen, Indizes und vieles mehr lernen.<\/p>\n<p>HFX Trading bietet eine breite Palette von Trading-Features, einschlie\u00dflich der M\u00f6glichkeit, den Handel zu automatisieren und strategische Alarme zu erstellen. Es bietet auch verschiedene Analyse-Tools, um den Handel zu optimieren. Dazu geh\u00f6ren technische Analyse-Tools wie Fibonacci-Retracements, Trendlinien und Oszillatoren. Es gibt auch ein News-Widget, das Benutzern den Zugriff auf aktuelle Marktmeldungen erm\u00f6glicht.<\/p>\n<p>Ein wesentliches Merkmal von HFX Trading ist die M\u00f6glichkeit, den Handel \u00fcber eine mobile App zu betreiben. Die mobile App ist ein wichtiges Tool f\u00fcr H\u00e4ndler, um auf ihren Handel zuzugreifen und zu verwalten, wenn sie unterwegs sind. Dar\u00fcber hinaus k\u00f6nnen H\u00e4ndler \u00fcber die mobile App auch Echtzeit-Marktquoten abrufen.<\/p>\n<p>HFX Trading ist eine benutzerfreundliche Plattform, die f\u00fcr Anf\u00e4nger und erfahrene H\u00e4ndler geeignet ist. Es bietet eine Reihe von Tutorials, um den Einstieg zu erleichtern. Dar\u00fcber hinaus bietet es eine Vielzahl von Kundensupportoptionen, einschlie\u00dflich Live-Chat und E-Mail-Support.<\/p>\n<p>Zusammenfassend l\u00e4sst sich sagen, dass HFX Trading eine benutzerfreundliche Handelsplattform ist, die eine breite Palette von Funktionen und Tools bietet, um den Handel zu optimieren. Es ist eine hervorragende Option f\u00fcr H\u00e4ndler aller Erfahrungsstufen. Mit der mobilen App und dem Kundensupport k\u00f6nnen H\u00e4ndler ihren Handel \u00fcberall und jederzeit verwalten und \u00fcberwachen.<\/p>\n","protected":false},"excerpt":{"rendered":"<p>HFX Trading ist eine Plattform f\u00fcr den Handel mit W\u00e4hrungen, Indizes, Aktien und anderen Finanzinstrumenten. Es ist eine aufstrebende Handelsplattform, die einige der neuesten Technologien und Funktionen zur Unterst\u00fctzung des Handels bietet. Mit HFX Trading k\u00f6nnen H\u00e4ndler \u00fcber den Handel von Finanzinstrumenten wie Aktien, W\u00e4hrungen, Indizes und vieles mehr lernen. HFX Trading bietet eine breite [&hellip;]<\/p>\n","protected":false},"author":1,"featured_media":0,"parent":0,"menu_order":0,"comment_status":"closed","ping_status":"closed","template":"","meta":{"footnotes":""},"class_list":["post-4437","page","type-page","status-publish","hentry"],"yoast_head":"<!-- This site is optimized with the Yoast SEO plugin v25.4 - https:\/\/yoast.com\/wordpress\/plugins\/seo\/ -->\n<title>HFX Trading Erfahrungen und Test 2026 - Leipziger Zeitung<\/title>\n<meta name=\"robots\" content=\"index, follow, max-snippet:-1, max-image-preview:large, max-video-preview:-1\" \/>\n<link rel=\"canonical\" href=\"https:\/\/www.l-iz.de\/finanzen\/erfahrungen\/hfx\/\" \/>\n<meta property=\"og:locale\" content=\"de_DE\" \/>\n<meta property=\"og:type\" content=\"article\" \/>\n<meta property=\"og:title\" content=\"HFX Trading Erfahrungen und Test [yyyy] - Leipziger Zeitung\" \/>\n<meta property=\"og:description\" content=\"HFX Trading ist eine Plattform f\u00fcr den Handel mit W\u00e4hrungen, Indizes, Aktien und anderen Finanzinstrumenten. Es ist eine aufstrebende Handelsplattform, die einige der neuesten Technologien und Funktionen zur Unterst\u00fctzung des Handels bietet. Mit HFX Trading k\u00f6nnen H\u00e4ndler \u00fcber den Handel von Finanzinstrumenten wie Aktien, W\u00e4hrungen, Indizes und vieles mehr lernen. HFX Trading bietet eine breite [&hellip;]\" \/>\n<meta property=\"og:url\" content=\"https:\/\/www.l-iz.de\/finanzen\/erfahrungen\/hfx\/\" \/>\n<meta property=\"og:site_name\" content=\"Leipziger Zeitung\" \/>\n<meta property=\"article:publisher\" content=\"https:\/\/www.facebook.com\/LeipzigerInternetZeitung\" \/>\n<meta property=\"article:modified_time\" content=\"2023-09-26T06:42:24+00:00\" \/>\n<meta name=\"twitter:card\" content=\"summary_large_image\" \/>\n<meta name=\"twitter:label1\" content=\"Gesch\u00e4tzte Lesezeit\" \/>\n\t<meta name=\"twitter:data1\" content=\"2\u00a0Minuten\" \/>\n<script type=\"application\/ld+json\" class=\"yoast-schema-graph\">{\"@context\":\"https:\/\/schema.org\",\"@graph\":[{\"@type\":\"WebPage\",\"@id\":\"https:\/\/www.l-iz.de\/finanzen\/erfahrungen\/hfx\/\",\"url\":\"https:\/\/www.l-iz.de\/finanzen\/erfahrungen\/hfx\/\",\"name\":\"HFX Trading Erfahrungen und Test [yyyy] - Leipziger Zeitung\",\"isPartOf\":{\"@id\":\"https:\/\/www.l-iz.de\/finanzen\/#website\"},\"datePublished\":\"2023-04-04T19:32:03+00:00\",\"dateModified\":\"2023-09-26T06:42:24+00:00\",\"breadcrumb\":{\"@id\":\"https:\/\/www.l-iz.de\/finanzen\/erfahrungen\/hfx\/#breadcrumb\"},\"inLanguage\":\"de\",\"potentialAction\":[{\"@type\":\"ReadAction\",\"target\":[\"https:\/\/www.l-iz.de\/finanzen\/erfahrungen\/hfx\/\"]}]},{\"@type\":\"BreadcrumbList\",\"@id\":\"https:\/\/www.l-iz.de\/finanzen\/erfahrungen\/hfx\/#breadcrumb\",\"itemListElement\":[{\"@type\":\"ListItem\",\"position\":1,\"name\":\"Startseite\",\"item\":\"https:\/\/www.l-iz.de\/finanzen\/\"},{\"@type\":\"ListItem\",\"position\":2,\"name\":\"HFX Trading Erfahrungen und Test 2023\"}]},{\"@type\":\"WebSite\",\"@id\":\"https:\/\/www.l-iz.de\/finanzen\/#website\",\"url\":\"https:\/\/www.l-iz.de\/finanzen\/\",\"name\":\"Leipziger Zeitung\",\"description\":\"Finanz-Anbieter Vergleich &amp; Test [yyyy]: Bewertungen + Erfahrungen\",\"publisher\":{\"@id\":\"https:\/\/www.l-iz.de\/finanzen\/#organization\"},\"potentialAction\":[{\"@type\":\"SearchAction\",\"target\":{\"@type\":\"EntryPoint\",\"urlTemplate\":\"https:\/\/www.l-iz.de\/finanzen\/?s={search_term_string}\"},\"query-input\":{\"@type\":\"PropertyValueSpecification\",\"valueRequired\":true,\"valueName\":\"search_term_string\"}}],\"inLanguage\":\"de\"},{\"@type\":\"Organization\",\"@id\":\"https:\/\/www.l-iz.de\/finanzen\/#organization\",\"name\":\"LZ Medien GmbH\",\"url\":\"https:\/\/www.l-iz.de\/finanzen\/\",\"logo\":{\"@type\":\"ImageObject\",\"inLanguage\":\"de\",\"@id\":\"https:\/\/www.l-iz.de\/finanzen\/#\/schema\/logo\/image\/\",\"url\":\"https:\/\/www.l-iz.de\/finanzen\/wp-content\/uploads\/2022\/09\/cropped-l-iz-logo.jpg\",\"contentUrl\":\"https:\/\/www.l-iz.de\/finanzen\/wp-content\/uploads\/2022\/09\/cropped-l-iz-logo.jpg\",\"width\":1280,\"height\":387,\"caption\":\"LZ Medien GmbH\"},\"image\":{\"@id\":\"https:\/\/www.l-iz.de\/finanzen\/#\/schema\/logo\/image\/\"},\"sameAs\":[\"https:\/\/www.facebook.com\/LeipzigerInternetZeitung\",\"https:\/\/www.youtube.com\/c\/L-izDe\"]}]}<\/script>\n<!-- \/ Yoast SEO plugin. -->","yoast_head_json":{"title":"HFX Trading Erfahrungen und Test 2026 - Leipziger Zeitung","robots":{"index":"index","follow":"follow","max-snippet":"max-snippet:-1","max-image-preview":"max-image-preview:large","max-video-preview":"max-video-preview:-1"},"canonical":"https:\/\/www.l-iz.de\/finanzen\/erfahrungen\/hfx\/","og_locale":"de_DE","og_type":"article","og_title":"HFX Trading Erfahrungen und Test [yyyy] - Leipziger Zeitung","og_description":"HFX Trading ist eine Plattform f\u00fcr den Handel mit W\u00e4hrungen, Indizes, Aktien und anderen Finanzinstrumenten. Es ist eine aufstrebende Handelsplattform, die einige der neuesten Technologien und Funktionen zur Unterst\u00fctzung des Handels bietet. Mit HFX Trading k\u00f6nnen H\u00e4ndler \u00fcber den Handel von Finanzinstrumenten wie Aktien, W\u00e4hrungen, Indizes und vieles mehr lernen. HFX Trading bietet eine breite [&hellip;]","og_url":"https:\/\/www.l-iz.de\/finanzen\/erfahrungen\/hfx\/","og_site_name":"Leipziger Zeitung","article_publisher":"https:\/\/www.facebook.com\/LeipzigerInternetZeitung","article_modified_time":"2023-09-26T06:42:24+00:00","twitter_card":"summary_large_image","twitter_misc":{"Gesch\u00e4tzte Lesezeit":"2\u00a0Minuten"},"schema":{"@context":"https:\/\/schema.org","@graph":[{"@type":"WebPage","@id":"https:\/\/www.l-iz.de\/finanzen\/erfahrungen\/hfx\/","url":"https:\/\/www.l-iz.de\/finanzen\/erfahrungen\/hfx\/","name":"HFX Trading Erfahrungen und Test [yyyy] - Leipziger Zeitung","isPartOf":{"@id":"https:\/\/www.l-iz.de\/finanzen\/#website"},"datePublished":"2023-04-04T19:32:03+00:00","dateModified":"2023-09-26T06:42:24+00:00","breadcrumb":{"@id":"https:\/\/www.l-iz.de\/finanzen\/erfahrungen\/hfx\/#breadcrumb"},"inLanguage":"de","potentialAction":[{"@type":"ReadAction","target":["https:\/\/www.l-iz.de\/finanzen\/erfahrungen\/hfx\/"]}]},{"@type":"BreadcrumbList","@id":"https:\/\/www.l-iz.de\/finanzen\/erfahrungen\/hfx\/#breadcrumb","itemListElement":[{"@type":"ListItem","position":1,"name":"Startseite","item":"https:\/\/www.l-iz.de\/finanzen\/"},{"@type":"ListItem","position":2,"name":"HFX Trading Erfahrungen und Test 2023"}]},{"@type":"WebSite","@id":"https:\/\/www.l-iz.de\/finanzen\/#website","url":"https:\/\/www.l-iz.de\/finanzen\/","name":"Leipziger Zeitung","description":"Finanz-Anbieter Vergleich &amp; Test [yyyy]: Bewertungen + Erfahrungen","publisher":{"@id":"https:\/\/www.l-iz.de\/finanzen\/#organization"},"potentialAction":[{"@type":"SearchAction","target":{"@type":"EntryPoint","urlTemplate":"https:\/\/www.l-iz.de\/finanzen\/?s={search_term_string}"},"query-input":{"@type":"PropertyValueSpecification","valueRequired":true,"valueName":"search_term_string"}}],"inLanguage":"de"},{"@type":"Organization","@id":"https:\/\/www.l-iz.de\/finanzen\/#organization","name":"LZ Medien GmbH","url":"https:\/\/www.l-iz.de\/finanzen\/","logo":{"@type":"ImageObject","inLanguage":"de","@id":"https:\/\/www.l-iz.de\/finanzen\/#\/schema\/logo\/image\/","url":"https:\/\/www.l-iz.de\/finanzen\/wp-content\/uploads\/2022\/09\/cropped-l-iz-logo.jpg","contentUrl":"https:\/\/www.l-iz.de\/finanzen\/wp-content\/uploads\/2022\/09\/cropped-l-iz-logo.jpg","width":1280,"height":387,"caption":"LZ Medien GmbH"},"image":{"@id":"https:\/\/www.l-iz.de\/finanzen\/#\/schema\/logo\/image\/"},"sameAs":["https:\/\/www.facebook.com\/LeipzigerInternetZeitung","https:\/\/www.youtube.com\/c\/L-izDe"]}]}},"_links":{"self":[{"href":"https:\/\/www.l-iz.de\/finanzen\/wp-json\/wp\/v2\/pages\/4437","targetHints":{"allow":["GET"]}}],"collection":[{"href":"https:\/\/www.l-iz.de\/finanzen\/wp-json\/wp\/v2\/pages"}],"about":[{"href":"https:\/\/www.l-iz.de\/finanzen\/wp-json\/wp\/v2\/types\/page"}],"author":[{"embeddable":true,"href":"https:\/\/www.l-iz.de\/finanzen\/wp-json\/wp\/v2\/users\/1"}],"replies":[{"embeddable":true,"href":"https:\/\/www.l-iz.de\/finanzen\/wp-json\/wp\/v2\/comments?post=4437"}],"version-history":[{"count":3,"href":"https:\/\/www.l-iz.de\/finanzen\/wp-json\/wp\/v2\/pages\/4437\/revisions"}],"predecessor-version":[{"id":8377,"href":"https:\/\/www.l-iz.de\/finanzen\/wp-json\/wp\/v2\/pages\/4437\/revisions\/8377"}],"wp:attachment":[{"href":"https:\/\/www.l-iz.de\/finanzen\/wp-json\/wp\/v2\/media?parent=4437"}],"curies":[{"name":"wp","href":"https:\/\/api.w.org\/{rel}","templated":true}]}}