{"id":9740,"date":"2024-02-15T00:00:00","date_gmt":"2024-02-14T23:00:00","guid":{"rendered":"https:\/\/www.l-iz.de\/finanzen\/lynx-vs-libertex\/"},"modified":"2024-02-19T09:55:05","modified_gmt":"2024-02-19T08:55:05","slug":"lynx-vs-libertex-2","status":"publish","type":"page","link":"https:\/\/www.l-iz.de\/finanzen\/lynx-vs-libertex\/","title":{"rendered":"Lynx oder Libertex: Welcher Broker ist 2026 besser?"},"content":{"rendered":"<h2>Lynx vs. Libertex \u2013 Welcher Broker ist der beste f\u00fcr dich?<\/h2>\n<p style=\"margin: 0px !important;padding: 0px !important;text-align: center\">\n\t<div class=\"space-shortcode-wrap space-shortcode-11 relative\">\n\t\t<div class=\"space-shortcode-wrap-ins relative\">\n\n\t\t\t\n\t\t\t<div class=\"space-organizations-7-archive-items box-100 relative\">\n\n\t\t\t\t\n\t\t\t\t<div class=\"space-organizations-8-archive-item box-100 relative\">\n\t\t\t\t\t<div class=\"space-organizations-8-archive-item-ins relative\">\n\t\t\t\t\t\t<div class=\"space-organizations-8-archive-item-bg box-100 relative\">\n\t\t\t\t\t\t\t<div class=\"space-organizations-8-archive-item-left box-33 relative\">\n\n\t\t\t\t\t\t\t\t\t<div class=\"space-organizations-8-archive-item-brand box-100 relative\">\n\t\t\t\t\t\t\t\t\t\t<div class=\"space-organizations-8-archive-item-brand-logo box-40 relative\">\n\n\t\t\t\t\t\t\t\t\t\t\t\t\t\t\t\t\t\t\t\t\t\t\t<a href=\"https:\/\/www.l-iz.de\/finanzen\/erfahrungen\/lynx\/\" title=\"Lynx Erfahrungen und Test 2026\">\n\t\t\t\t\t\t\t\t\t\t\t\t\t<img loading=\"lazy\" decoding=\"async\" width=\"225\" height=\"225\" src=\"https:\/\/www.l-iz.de\/finanzen\/wp-content\/uploads\/2023\/02\/lznx.png\" class=\"attachment-mercury-270-270 size-mercury-270-270\" alt=\"Lynx Erfahrungen und Test 2026\" srcset=\"https:\/\/www.l-iz.de\/finanzen\/wp-content\/uploads\/2023\/02\/lznx.png 225w, https:\/\/www.l-iz.de\/finanzen\/wp-content\/uploads\/2023\/02\/lznx-150x150.png 150w, https:\/\/www.l-iz.de\/finanzen\/wp-content\/uploads\/2023\/02\/lznx-40x40.png 40w, https:\/\/www.l-iz.de\/finanzen\/wp-content\/uploads\/2023\/02\/lznx-50x50.png 50w, https:\/\/www.l-iz.de\/finanzen\/wp-content\/uploads\/2023\/02\/lznx-100x100.png 100w, https:\/\/www.l-iz.de\/finanzen\/wp-content\/uploads\/2023\/02\/lznx-120x120.png 120w, https:\/\/www.l-iz.de\/finanzen\/wp-content\/uploads\/2023\/02\/lznx-135x135.png 135w, https:\/\/www.l-iz.de\/finanzen\/wp-content\/uploads\/2023\/02\/lznx-32x32.png 32w, https:\/\/www.l-iz.de\/finanzen\/wp-content\/uploads\/2023\/02\/lznx-80x80.png 80w\" sizes=\"auto, (max-width: 225px) 100vw, 225px\" \/>\t\t\t\t\t\t\t\t\t\t\t\t<\/a>\n\t\t\t\t\t\t\t\t\t\t\t\n\t\t\t\t\t\t\t\t\t\t<\/div>\n\t\t\t\t\t\t\t\t\t\t<div class=\"space-organizations-8-archive-item-brand-name text-center box-60 relative\">\n\t\t\t\t\t\t\t\t\t\t\t<div class=\"space-organizations-8-archive-item-brand-name-link box-100 relative\">\n\t\t\t\t\t\t\t\t\t\t\t\t<a href=\"https:\/\/www.l-iz.de\/finanzen\/erfahrungen\/lynx\/\" title=\"Lynx Erfahrungen und Test 2026\">Lynx Erfahrungen und Test 2026<\/a>\n\t\t\t\t\t\t\t\t\t\t\t<\/div>\n\n\t\t\t\t\t\t\t\t\t\t\t\t\t\t\t\t\t\t\t\t\t\t\t<div class=\"space-organizations-8-archive-item-stars-rating relative\">\n\t\t\t\t\t\t\t\t\t\t\t\t\t<div class=\"star-rating\"><div class=\"star star-full\" aria-hidden=\"true\"><\/div><div class=\"star star-full\" aria-hidden=\"true\"><\/div><div class=\"star star-full\" aria-hidden=\"true\"><\/div><div class=\"star star-full\" aria-hidden=\"true\"><\/div><div class=\"star star-half\" aria-hidden=\"true\"><\/div><\/div>\t\t\t\t\t\t\t\t\t\t\t\t<\/div>\n\t\t\t\t\t\t\t\t\t\t\t\n\t\t\t\t\t\t\t\t\t\t<\/div>\n\t\t\t\t\t\t\t\t\t<\/div>\n\n\t\t\t\t\t\t\t<\/div>\n\t\t\t\t\t\t\t<div class=\"space-organizations-8-archive-item-central box-33 relative\">\n\t\t\t\t\t\t\t\t<div class=\"space-organizations-8-archive-item-ins-pd relative\">\n\t\t\t\t\t\t\t\t\t<div class=\"space-organizations-8-archive-item-terms box-100 relative\">\n\t\t\t\t\t\t\t\t\t\t<a href=\"https:\/\/www.l-iz.de\/finanzen\/erfahrungen\/lynx\/\" data-internallinksmanager029f6b8e52c=\"603\" title=\"Lynx Erfahrungen und Test [yyyy]\">Lynx<\/a> ist ein Broker mit Schwerpunkt auf dem Handel mit Optionen und Futures.\t\t\t\t\t\t\t\t\t<\/div>\n\t\t\t\t\t\t\t\t<\/div>\n\t\t\t\t\t\t\t<\/div>\n\t\t\t\t\t\t\t<div class=\"space-organizations-8-archive-item-right box-33 relative\">\n\t\t\t\t\t\t\t\t\n\t\t\t\t\t\t\t\t\t<div class=\"space-organizations-8-archive-item-buttons box-100 relative\">\n\t\t\t\t\t\t\t\t\t\t<div class=\"space-organizations-8-archive-item-buttons-left box-50 text-center relative\">\n\n\t\t\t\t\t\t\t\t\t\t\t<div class=\"space-organizations-8-archive-item-button-one box-100 relative\">\n\t\t\t\t\t\t\t\t\t\t\t\t<a href=\"https:\/\/www.l-iz.de\/finanzen\/erfahrungen\/lynx\/\" title=\"Testbericht lesen\">Testbericht lesen<\/a>\n\t\t\t\t\t\t\t\t\t\t\t<\/div>\n\n\t\t\t\t\t\t\t\t\t\t\t\n\t\t\t\t\t\t\t\t\t\t\t\n\t\t\t\t\t\t\t\t\t\t<\/div>\n\t\t\t\t\t\t\t\t\t\t<div class=\"space-organizations-8-archive-item-buttons-right box-50 text-center relative\">\n\t\t\t\t\t\t\t\t\t\t\t<div class=\"space-organizations-8-archive-item-button-two relative\">\n\t\t\t\t\t\t\t\t\t\t\t\t<a href=\"https:\/\/www.l-iz.de\/finanzen\/zu\/lynx\/\" title=\"Zum Anbieter\" target=\"_blank\" rel=\"nofollow\">Zum Anbieter<\/a>\n\t\t\t\t\t\t\t\t\t\t\t<\/div>\n\t\t\t\t\t\t\t\t\t\t<\/div>\n\t\t\t\t\t\t\t\t\t<\/div>\n\t\t\t\t\t\t\t\n\t\t\t\t\t\t\t<\/div>\n\t\t\t\t\t\t<\/div>\n\n\t\t\t\t\t\t\t\t\t\t\t\t\n\t\t\t\t\t<\/div>\n\t\t\t\t<\/div>\n\n\t\t\t\t\n\t\t\t\t<div class=\"space-organizations-8-archive-item box-100 relative\">\n\t\t\t\t\t<div class=\"space-organizations-8-archive-item-ins relative\">\n\t\t\t\t\t\t<div class=\"space-organizations-8-archive-item-bg box-100 relative\">\n\t\t\t\t\t\t\t<div class=\"space-organizations-8-archive-item-left box-33 relative\">\n\n\t\t\t\t\t\t\t\t\t<div class=\"space-organizations-8-archive-item-brand box-100 relative\">\n\t\t\t\t\t\t\t\t\t\t<div class=\"space-organizations-8-archive-item-brand-logo box-40 relative\">\n\n\t\t\t\t\t\t\t\t\t\t\t\t\t\t\t\t\t\t\t\t\t\t\t<a href=\"https:\/\/www.l-iz.de\/finanzen\/erfahrungen\/libertex\/\" title=\"Libertex Erfahrungen und Test 2026\">\n\t\t\t\t\t\t\t\t\t\t\t\t\t<img loading=\"lazy\" decoding=\"async\" width=\"225\" height=\"225\" src=\"https:\/\/www.l-iz.de\/finanzen\/wp-content\/uploads\/2023\/07\/libertex-broker-erfahrungen.jpg\" class=\"attachment-mercury-270-270 size-mercury-270-270\" alt=\"Libertex Erfahrungen und Test 2026\" srcset=\"https:\/\/www.l-iz.de\/finanzen\/wp-content\/uploads\/2023\/07\/libertex-broker-erfahrungen.jpg 225w, https:\/\/www.l-iz.de\/finanzen\/wp-content\/uploads\/2023\/07\/libertex-broker-erfahrungen-150x150.jpg 150w, https:\/\/www.l-iz.de\/finanzen\/wp-content\/uploads\/2023\/07\/libertex-broker-erfahrungen-40x40.jpg 40w, https:\/\/www.l-iz.de\/finanzen\/wp-content\/uploads\/2023\/07\/libertex-broker-erfahrungen-50x50.jpg 50w, https:\/\/www.l-iz.de\/finanzen\/wp-content\/uploads\/2023\/07\/libertex-broker-erfahrungen-100x100.jpg 100w, https:\/\/www.l-iz.de\/finanzen\/wp-content\/uploads\/2023\/07\/libertex-broker-erfahrungen-120x120.jpg 120w, https:\/\/www.l-iz.de\/finanzen\/wp-content\/uploads\/2023\/07\/libertex-broker-erfahrungen-135x135.jpg 135w, https:\/\/www.l-iz.de\/finanzen\/wp-content\/uploads\/2023\/07\/libertex-broker-erfahrungen-32x32.jpg 32w, https:\/\/www.l-iz.de\/finanzen\/wp-content\/uploads\/2023\/07\/libertex-broker-erfahrungen-80x80.jpg 80w\" sizes=\"auto, (max-width: 225px) 100vw, 225px\" \/>\t\t\t\t\t\t\t\t\t\t\t\t<\/a>\n\t\t\t\t\t\t\t\t\t\t\t\n\t\t\t\t\t\t\t\t\t\t<\/div>\n\t\t\t\t\t\t\t\t\t\t<div class=\"space-organizations-8-archive-item-brand-name text-center box-60 relative\">\n\t\t\t\t\t\t\t\t\t\t\t<div class=\"space-organizations-8-archive-item-brand-name-link box-100 relative\">\n\t\t\t\t\t\t\t\t\t\t\t\t<a href=\"https:\/\/www.l-iz.de\/finanzen\/erfahrungen\/libertex\/\" title=\"Libertex Erfahrungen und Test 2026\">Libertex Erfahrungen und Test 2026<\/a>\n\t\t\t\t\t\t\t\t\t\t\t<\/div>\n\n\t\t\t\t\t\t\t\t\t\t\t\t\t\t\t\t\t\t\t\t\t\t\t<div class=\"space-organizations-8-archive-item-stars-rating relative\">\n\t\t\t\t\t\t\t\t\t\t\t\t\t<div class=\"star-rating\"><div class=\"star star-full\" aria-hidden=\"true\"><\/div><div class=\"star star-full\" aria-hidden=\"true\"><\/div><div class=\"star star-full\" aria-hidden=\"true\"><\/div><div class=\"star star-full\" aria-hidden=\"true\"><\/div><div class=\"star star-half\" aria-hidden=\"true\"><\/div><\/div>\t\t\t\t\t\t\t\t\t\t\t\t<\/div>\n\t\t\t\t\t\t\t\t\t\t\t\n\t\t\t\t\t\t\t\t\t\t<\/div>\n\t\t\t\t\t\t\t\t\t<\/div>\n\n\t\t\t\t\t\t\t<\/div>\n\t\t\t\t\t\t\t<div class=\"space-organizations-8-archive-item-central box-33 relative\">\n\t\t\t\t\t\t\t\t<div class=\"space-organizations-8-archive-item-ins-pd relative\">\n\t\t\t\t\t\t\t\t\t<div class=\"space-organizations-8-archive-item-terms box-100 relative\">\n\t\t\t\t\t\t\t\t\t\t<a href=\"https:\/\/www.l-iz.de\/finanzen\/?post_type=casino&amp;p=4362\" data-internallinksmanager029f6b8e52c=\"683\" title=\"Libertex Erfahrungen\">Libertex<\/a> ist eine Handelsplattform, die den Handel mit <a href=\"https:\/\/www.l-iz.de\/finanzen\/forex\/\" data-internallinksmanager029f6b8e52c=\"576\" title=\"Forex Erfahrungen\">Forex<\/a>, <a href=\"https:\/\/www.l-iz.de\/finanzen\/beste-aktien\/\" data-internallinksmanager029f6b8e52c=\"595\" title=\"Die besten Aktien [yyyy]\">Aktien<\/a>, Kryptow\u00e4hrungen und mehr erm\u00f6glicht und eine benutzerfreundliche Oberfl\u00e4che bietet.\t\t\t\t\t\t\t\t\t<\/div>\n\t\t\t\t\t\t\t\t<\/div>\n\t\t\t\t\t\t\t<\/div>\n\t\t\t\t\t\t\t<div class=\"space-organizations-8-archive-item-right box-33 relative\">\n\t\t\t\t\t\t\t\t\n\t\t\t\t\t\t\t\t\t<div class=\"space-organizations-8-archive-item-buttons box-100 relative\">\n\t\t\t\t\t\t\t\t\t\t<div class=\"space-organizations-8-archive-item-buttons-left box-50 text-center relative\">\n\n\t\t\t\t\t\t\t\t\t\t\t<div class=\"space-organizations-8-archive-item-button-one box-100 relative\">\n\t\t\t\t\t\t\t\t\t\t\t\t<a href=\"https:\/\/www.l-iz.de\/finanzen\/erfahrungen\/libertex\/\" title=\"Testbericht lesen\">Testbericht lesen<\/a>\n\t\t\t\t\t\t\t\t\t\t\t<\/div>\n\n\t\t\t\t\t\t\t\t\t\t\t\n\t\t\t\t\t\t\t\t\t\t\t\n\t\t\t\t\t\t\t\t\t\t<\/div>\n\t\t\t\t\t\t\t\t\t\t<div class=\"space-organizations-8-archive-item-buttons-right box-50 text-center relative\">\n\t\t\t\t\t\t\t\t\t\t\t<div class=\"space-organizations-8-archive-item-button-two relative\">\n\t\t\t\t\t\t\t\t\t\t\t\t<a href=\"https:\/\/www.l-iz.de\/finanzen\/zu\/libertex\/\" title=\"Zum Anbieter\" target=\"_blank\" rel=\"nofollow\">Zum Anbieter<\/a>\n\t\t\t\t\t\t\t\t\t\t\t<\/div>\n\t\t\t\t\t\t\t\t\t\t<\/div>\n\t\t\t\t\t\t\t\t\t<\/div>\n\t\t\t\t\t\t\t\n\t\t\t\t\t\t\t<\/div>\n\t\t\t\t\t\t<\/div>\n\n\t\t\t\t\t\t\t\t\t\t\t\t\n\t\t\t\t\t<\/div>\n\t\t\t\t<\/div>\n\n\t\t\t\t\n\t\t\t<\/div>\n\t\t\n\t\t<\/div>\n\t<\/div>\n\n\n<p>Als Trader hast du die Qual der Wahl, wenn es um die Auswahl des richtigen Brokers geht. Zwei der bekanntesten und beliebtesten Optionen sind Lynx und Libertex. Beide bieten eine breite Palette an handelbaren Assets, niedrige Geb\u00fchren und eine benutzerfreundliche Handelsplattform. Aber welcher Broker ist f\u00fcr dich besser geeignet? In diesem Artikel werden wir einen detaillierten Vergleich zwischen Lynx und Libertex durchf\u00fchren, um dir bei deiner Entscheidung zu helfen.<\/p>\n<h3>Lynx \u2013 Ein \u00dcberblick<\/h3>\n<p>Lynx ist ein niederl\u00e4ndischer Broker, der seit 2006 am Markt t\u00e4tig ist. Er ist Teil der <a href=\"https:\/\/www.l-iz.de\/finanzen\/erfahrungen\/interactive-brokers\/\" data-internallinksmanager029f6b8e52c=\"699\" title=\"Interactive Brokers Erfahrungen und Test [yyyy]\">Interactive Brokers<\/a> Group, einem der gr\u00f6\u00dften Brokerh\u00e4user der Welt. Lynx ist vor allem f\u00fcr seine professionelle Handelsplattform und seine niedrigen Geb\u00fchren bekannt. Der Broker bietet eine breite Palette an handelbaren Assets, darunter Aktien, Optionen, Futures, <a href=\"https:\/\/www.l-iz.de\/finanzen\/etfs\/\" data-internallinksmanager029f6b8e52c=\"444\" title=\"Was sind ETFs? Die besten Indexfonds im Vergleich\">ETFs<\/a> und W\u00e4hrungen.<\/p>\n<p>Libertex \u2013 Ein \u00dcberblick<\/p>\n<p>Libertex ist ein zypriotischer Broker, der seit 1997 aktiv ist. Er wird von der zypriotischen Finanzaufsichtsbeh\u00f6rde CySEC reguliert und ist in mehr als 110 L\u00e4ndern weltweit t\u00e4tig. Libertex ist vor allem f\u00fcr seine benutzerfreundliche Plattform und seine niedrigen Spreads bekannt. Der Broker bietet eine breite Palette an handelbaren Assets, darunter Aktien, W\u00e4hrungen, Indizes, Rohstoffe und Kryptow\u00e4hrungen.<\/p>\n<h2>Handelsplattform &#8211; Lynx vs Libertex<\/h2>\n<p>Lynx bietet seinen Kunden eine professionelle Handelsplattform namens <a href=\"https:\/\/www.l-iz.de\/finanzen\/trader-workstation\/\" data-internallinksmanager029f6b8e52c=\"545\" title=\"Trader Workstation\">Trader Workstation<\/a> (TWS) an. Diese Plattform ist bekannt f\u00fcr ihre hohe Funktionalit\u00e4t und ihre umfangreichen Charting-Tools. Sie ist sowohl f\u00fcr Anf\u00e4nger als auch f\u00fcr erfahrene Trader geeignet. Die TWS ist auch als mobile App f\u00fcr iOS- und Android-Ger\u00e4te verf\u00fcgbar.<\/p>\n<p>Libertex bietet seinen Kunden eine benutzerfreundliche Handelsplattform an, die sowohl als Web- als auch als mobile App verf\u00fcgbar ist. Die Plattform ist sehr einfach zu bedienen und bietet eine Vielzahl von Indikatoren und Charting-Tools. Sie eignet sich besonders f\u00fcr Anf\u00e4nger und weniger erfahrene Trader.<\/p>\n<h3>Geb\u00fchren &#8211; Lynx vs Libertex<\/h3>\n<p>Lynx und Libertex bieten beide niedrige Geb\u00fchren an. Bei Lynx zahlst du pro Trade eine Provision von 5 Euro plus 0,04% des Transaktionswerts. Bei Libertex zahlst du einen Spread, der je nach Asset variiert. Bei Aktien betr\u00e4gt der Spread beispielsweise 0,10%, bei Kryptow\u00e4hrungen 0,5%.<\/p>\n<h2>Zahlungsmethoden &#8211; Lynx vs Libertex<\/h2>\n<p>Beide Broker bieten eine Vielzahl von Zahlungsmethoden an, darunter Kreditkarte, Bank\u00fcberweisung und E-Wallets wie Skrill und Neteller.<\/p>\n<h3>Regulierung &#8211; Lynx vs Libertex<\/h3>\n<p>Lynx ist von der niederl\u00e4ndischen Finanzaufsichtsbeh\u00f6rde AFM reguliert, w\u00e4hrend Libertex von der zypriotischen Finanzaufsichtsbeh\u00f6rde CySEC reguliert wird. Beide Regulierungsbeh\u00f6rden gelten als zuverl\u00e4ssig und seri\u00f6s.<\/p>\n<h2>Fazit &#8211; Lynx vs Libertex<\/h2>\n<p>Sowohl Lynx als auch Libertex sind angesehene und zuverl\u00e4ssige Broker mit niedrigen Geb\u00fchren und einer breiten Palette an handelbaren Assets. Wenn du eine professionelle Handelsplattform bevorzugst und bereit bist, etwas h\u00f6here Geb\u00fchren zu zahlen, k\u00f6nnte Lynx die richtige Wahl f\u00fcr dich sein. Wenn du jedoch eine benutzerfreundliche Plattform und niedrige Spreads bevorzugst, k\u00f6nnte Libertex die bessere Option sein. Letztendlich h\u00e4ngt die Wahl des Brokers von deinen individuellen Bed\u00fcrfnissen und Vorlieben ab. Mach dir Zeit, um beide Plattformen zu testen und entscheide dann, welcher Broker am besten zu dir passt.<\/p>\n<p>Lynx und Libertex sind zwei bekannte Online-Handelsplattformen, die es Nutzern erm\u00f6glichen, mit verschiedenen Finanzinstrumenten zu handeln. Beide Plattformen bieten eine Vielzahl von Produkten an, darunter Aktien, W\u00e4hrungen, Indizes, Rohstoffe und Kryptow\u00e4hrungen. Doch welche Plattform ist die bessere Wahl f\u00fcr angehende Trader? In diesem Artikel werden wir einen detaillierten Vergleich zwischen Lynx und Libertex durchf\u00fchren und die Vor- und Nachteile jeder Plattform aufzeigen.<\/p>\n","protected":false},"excerpt":{"rendered":"<p>Lynx vs. Libertex \u2013 Welcher Broker ist der beste f\u00fcr dich? Als Trader hast du die Qual der Wahl, wenn es um die Auswahl des richtigen Brokers geht. Zwei der bekanntesten und beliebtesten Optionen sind Lynx und Libertex. Beide bieten eine breite Palette an handelbaren Assets, niedrige Geb\u00fchren und eine benutzerfreundliche Handelsplattform. Aber welcher Broker [&hellip;]<\/p>\n","protected":false},"author":1,"featured_media":0,"parent":0,"menu_order":0,"comment_status":"open","ping_status":"closed","template":"","meta":{"footnotes":""},"class_list":["post-9740","page","type-page","status-publish","hentry"],"yoast_head":"<!-- This site is optimized with the Yoast SEO plugin v25.4 - https:\/\/yoast.com\/wordpress\/plugins\/seo\/ -->\n<title>Lynx oder Libertex: Welcher Broker ist 2026 besser? - Leipziger Zeitung<\/title>\n<meta name=\"robots\" content=\"index, follow, max-snippet:-1, max-image-preview:large, max-video-preview:-1\" \/>\n<link rel=\"canonical\" href=\"https:\/\/www.l-iz.de\/finanzen\/lynx-vs-libertex\/\" \/>\n<meta property=\"og:locale\" content=\"de_DE\" \/>\n<meta property=\"og:type\" content=\"article\" \/>\n<meta property=\"og:title\" content=\"Lynx oder Libertex: Welcher Broker ist [yyyy] besser? - Leipziger Zeitung\" \/>\n<meta property=\"og:description\" content=\"Lynx vs. Libertex \u2013 Welcher Broker ist der beste f\u00fcr dich? Als Trader hast du die Qual der Wahl, wenn es um die Auswahl des richtigen Brokers geht. Zwei der bekanntesten und beliebtesten Optionen sind Lynx und Libertex. Beide bieten eine breite Palette an handelbaren Assets, niedrige Geb\u00fchren und eine benutzerfreundliche Handelsplattform. Aber welcher Broker [&hellip;]\" \/>\n<meta property=\"og:url\" content=\"https:\/\/www.l-iz.de\/finanzen\/lynx-vs-libertex\/\" \/>\n<meta property=\"og:site_name\" content=\"Leipziger Zeitung\" \/>\n<meta property=\"article:publisher\" content=\"https:\/\/www.facebook.com\/LeipzigerInternetZeitung\" \/>\n<meta property=\"article:modified_time\" content=\"2024-02-19T08:55:05+00:00\" \/>\n<meta name=\"twitter:card\" content=\"summary_large_image\" \/>\n<meta name=\"twitter:label1\" content=\"Gesch\u00e4tzte Lesezeit\" \/>\n\t<meta name=\"twitter:data1\" content=\"3\u00a0Minuten\" \/>\n<script type=\"application\/ld+json\" class=\"yoast-schema-graph\">{\"@context\":\"https:\/\/schema.org\",\"@graph\":[{\"@type\":\"WebPage\",\"@id\":\"https:\/\/www.l-iz.de\/finanzen\/lynx-vs-libertex\/\",\"url\":\"https:\/\/www.l-iz.de\/finanzen\/lynx-vs-libertex\/\",\"name\":\"Lynx oder Libertex: Welcher Broker ist [yyyy] besser? - Leipziger Zeitung\",\"isPartOf\":{\"@id\":\"https:\/\/www.l-iz.de\/finanzen\/#website\"},\"datePublished\":\"2024-02-14T23:00:00+00:00\",\"dateModified\":\"2024-02-19T08:55:05+00:00\",\"breadcrumb\":{\"@id\":\"https:\/\/www.l-iz.de\/finanzen\/lynx-vs-libertex\/#breadcrumb\"},\"inLanguage\":\"de\",\"potentialAction\":[{\"@type\":\"ReadAction\",\"target\":[\"https:\/\/www.l-iz.de\/finanzen\/lynx-vs-libertex\/\"]}]},{\"@type\":\"BreadcrumbList\",\"@id\":\"https:\/\/www.l-iz.de\/finanzen\/lynx-vs-libertex\/#breadcrumb\",\"itemListElement\":[{\"@type\":\"ListItem\",\"position\":1,\"name\":\"Startseite\",\"item\":\"https:\/\/www.l-iz.de\/finanzen\/\"},{\"@type\":\"ListItem\",\"position\":2,\"name\":\"Lynx oder Libertex: Welcher Broker ist 2024 besser?\"}]},{\"@type\":\"WebSite\",\"@id\":\"https:\/\/www.l-iz.de\/finanzen\/#website\",\"url\":\"https:\/\/www.l-iz.de\/finanzen\/\",\"name\":\"Leipziger Zeitung\",\"description\":\"Finanz-Anbieter Vergleich &amp; Test [yyyy]: Bewertungen + Erfahrungen\",\"publisher\":{\"@id\":\"https:\/\/www.l-iz.de\/finanzen\/#organization\"},\"potentialAction\":[{\"@type\":\"SearchAction\",\"target\":{\"@type\":\"EntryPoint\",\"urlTemplate\":\"https:\/\/www.l-iz.de\/finanzen\/?s={search_term_string}\"},\"query-input\":{\"@type\":\"PropertyValueSpecification\",\"valueRequired\":true,\"valueName\":\"search_term_string\"}}],\"inLanguage\":\"de\"},{\"@type\":\"Organization\",\"@id\":\"https:\/\/www.l-iz.de\/finanzen\/#organization\",\"name\":\"LZ Medien GmbH\",\"url\":\"https:\/\/www.l-iz.de\/finanzen\/\",\"logo\":{\"@type\":\"ImageObject\",\"inLanguage\":\"de\",\"@id\":\"https:\/\/www.l-iz.de\/finanzen\/#\/schema\/logo\/image\/\",\"url\":\"https:\/\/www.l-iz.de\/finanzen\/wp-content\/uploads\/2022\/09\/cropped-l-iz-logo.jpg\",\"contentUrl\":\"https:\/\/www.l-iz.de\/finanzen\/wp-content\/uploads\/2022\/09\/cropped-l-iz-logo.jpg\",\"width\":1280,\"height\":387,\"caption\":\"LZ Medien GmbH\"},\"image\":{\"@id\":\"https:\/\/www.l-iz.de\/finanzen\/#\/schema\/logo\/image\/\"},\"sameAs\":[\"https:\/\/www.facebook.com\/LeipzigerInternetZeitung\",\"https:\/\/www.youtube.com\/c\/L-izDe\"]}]}<\/script>\n<!-- \/ Yoast SEO plugin. -->","yoast_head_json":{"title":"Lynx oder Libertex: Welcher Broker ist 2026 besser? - Leipziger Zeitung","robots":{"index":"index","follow":"follow","max-snippet":"max-snippet:-1","max-image-preview":"max-image-preview:large","max-video-preview":"max-video-preview:-1"},"canonical":"https:\/\/www.l-iz.de\/finanzen\/lynx-vs-libertex\/","og_locale":"de_DE","og_type":"article","og_title":"Lynx oder Libertex: Welcher Broker ist [yyyy] besser? - Leipziger Zeitung","og_description":"Lynx vs. Libertex \u2013 Welcher Broker ist der beste f\u00fcr dich? Als Trader hast du die Qual der Wahl, wenn es um die Auswahl des richtigen Brokers geht. Zwei der bekanntesten und beliebtesten Optionen sind Lynx und Libertex. Beide bieten eine breite Palette an handelbaren Assets, niedrige Geb\u00fchren und eine benutzerfreundliche Handelsplattform. Aber welcher Broker [&hellip;]","og_url":"https:\/\/www.l-iz.de\/finanzen\/lynx-vs-libertex\/","og_site_name":"Leipziger Zeitung","article_publisher":"https:\/\/www.facebook.com\/LeipzigerInternetZeitung","article_modified_time":"2024-02-19T08:55:05+00:00","twitter_card":"summary_large_image","twitter_misc":{"Gesch\u00e4tzte Lesezeit":"3\u00a0Minuten"},"schema":{"@context":"https:\/\/schema.org","@graph":[{"@type":"WebPage","@id":"https:\/\/www.l-iz.de\/finanzen\/lynx-vs-libertex\/","url":"https:\/\/www.l-iz.de\/finanzen\/lynx-vs-libertex\/","name":"Lynx oder Libertex: Welcher Broker ist [yyyy] besser? - Leipziger Zeitung","isPartOf":{"@id":"https:\/\/www.l-iz.de\/finanzen\/#website"},"datePublished":"2024-02-14T23:00:00+00:00","dateModified":"2024-02-19T08:55:05+00:00","breadcrumb":{"@id":"https:\/\/www.l-iz.de\/finanzen\/lynx-vs-libertex\/#breadcrumb"},"inLanguage":"de","potentialAction":[{"@type":"ReadAction","target":["https:\/\/www.l-iz.de\/finanzen\/lynx-vs-libertex\/"]}]},{"@type":"BreadcrumbList","@id":"https:\/\/www.l-iz.de\/finanzen\/lynx-vs-libertex\/#breadcrumb","itemListElement":[{"@type":"ListItem","position":1,"name":"Startseite","item":"https:\/\/www.l-iz.de\/finanzen\/"},{"@type":"ListItem","position":2,"name":"Lynx oder Libertex: Welcher Broker ist 2024 besser?"}]},{"@type":"WebSite","@id":"https:\/\/www.l-iz.de\/finanzen\/#website","url":"https:\/\/www.l-iz.de\/finanzen\/","name":"Leipziger Zeitung","description":"Finanz-Anbieter Vergleich &amp; Test [yyyy]: Bewertungen + Erfahrungen","publisher":{"@id":"https:\/\/www.l-iz.de\/finanzen\/#organization"},"potentialAction":[{"@type":"SearchAction","target":{"@type":"EntryPoint","urlTemplate":"https:\/\/www.l-iz.de\/finanzen\/?s={search_term_string}"},"query-input":{"@type":"PropertyValueSpecification","valueRequired":true,"valueName":"search_term_string"}}],"inLanguage":"de"},{"@type":"Organization","@id":"https:\/\/www.l-iz.de\/finanzen\/#organization","name":"LZ Medien GmbH","url":"https:\/\/www.l-iz.de\/finanzen\/","logo":{"@type":"ImageObject","inLanguage":"de","@id":"https:\/\/www.l-iz.de\/finanzen\/#\/schema\/logo\/image\/","url":"https:\/\/www.l-iz.de\/finanzen\/wp-content\/uploads\/2022\/09\/cropped-l-iz-logo.jpg","contentUrl":"https:\/\/www.l-iz.de\/finanzen\/wp-content\/uploads\/2022\/09\/cropped-l-iz-logo.jpg","width":1280,"height":387,"caption":"LZ Medien GmbH"},"image":{"@id":"https:\/\/www.l-iz.de\/finanzen\/#\/schema\/logo\/image\/"},"sameAs":["https:\/\/www.facebook.com\/LeipzigerInternetZeitung","https:\/\/www.youtube.com\/c\/L-izDe"]}]}},"_links":{"self":[{"href":"https:\/\/www.l-iz.de\/finanzen\/wp-json\/wp\/v2\/pages\/9740","targetHints":{"allow":["GET"]}}],"collection":[{"href":"https:\/\/www.l-iz.de\/finanzen\/wp-json\/wp\/v2\/pages"}],"about":[{"href":"https:\/\/www.l-iz.de\/finanzen\/wp-json\/wp\/v2\/types\/page"}],"author":[{"embeddable":true,"href":"https:\/\/www.l-iz.de\/finanzen\/wp-json\/wp\/v2\/users\/1"}],"replies":[{"embeddable":true,"href":"https:\/\/www.l-iz.de\/finanzen\/wp-json\/wp\/v2\/comments?post=9740"}],"version-history":[{"count":2,"href":"https:\/\/www.l-iz.de\/finanzen\/wp-json\/wp\/v2\/pages\/9740\/revisions"}],"predecessor-version":[{"id":10224,"href":"https:\/\/www.l-iz.de\/finanzen\/wp-json\/wp\/v2\/pages\/9740\/revisions\/10224"}],"wp:attachment":[{"href":"https:\/\/www.l-iz.de\/finanzen\/wp-json\/wp\/v2\/media?parent=9740"}],"curies":[{"name":"wp","href":"https:\/\/api.w.org\/{rel}","templated":true}]}}