{"id":2698,"date":"2023-02-23T14:31:27","date_gmt":"2023-02-23T13:31:27","guid":{"rendered":"https:\/\/www.l-iz.de\/vpn\/?page_id=2698"},"modified":"2024-04-21T12:00:00","modified_gmt":"2024-04-21T10:00:00","slug":"die-beste-hr-software-fuer-optimierte-hr-ablaeufe","status":"publish","type":"page","link":"https:\/\/www.l-iz.de\/vpn\/die-beste-hr-software-fuer-optimierte-hr-ablaeufe\/","title":{"rendered":"Die beste HR-Software f\u00fcr optimierte HR-Abl\u00e4ufe"},"content":{"rendered":"<p>HR-Software ist zu einem unverzichtbaren Werkzeug f\u00fcr Unternehmen jeder Gr\u00f6\u00dfe geworden, da sie ihnen hilft, ihre Personalarbeit zu automatisieren und zu rationalisieren. Durch den Einsatz der besten HR-Software k\u00f6nnen Unternehmen ihre Belegschaft effizienter verwalten, ihre HR-Prozesse optimieren und die Produktivit\u00e4t steigern.<\/p>\n<p>In diesem Artikel stellen wir einige der besten auf dem Markt erh\u00e4ltlichen HR-Softwarel\u00f6sungen vor, die Unternehmen dabei helfen k\u00f6nnen, ihr Personalmanagement zu vereinfachen und die Einhaltung verschiedener Vorschriften zu gew\u00e4hrleisten.<\/p>\n<p>Workday<br \/>\nWorkday ist eine cloudbasierte HR-Software, die eine Reihe von Funktionen bietet, darunter Personalmanagement, Gehaltsabrechnung, Verwaltung von Sozialleistungen und Talentmanagement. Auf die Software kann von \u00fcberall aus zugegriffen werden, und ihre benutzerfreundliche Oberfl\u00e4che erm\u00f6glicht es den HR-Teams, Mitarbeiterdaten, Leistungen und Compliance einfach zu verwalten.<\/p>\n<p>BambooHR<br \/>\nBambooHR ist eine beliebte HR-Software f\u00fcr kleine und mittlere Unternehmen. BambooHR bietet ein umfassendes Set an HR-Tools, mit denen Unternehmen ihre Mitarbeiter verwalten, Fehlzeiten nachverfolgen und die Leistung verwalten k\u00f6nnen. Die intuitive Benutzeroberfl\u00e4che und das anpassbare Berichtssystem machen BambooHR zu einer perfekten L\u00f6sung f\u00fcr Unternehmen, die gerade erst mit HR-Software beginnen.<\/p>\n<p>ADP<br \/>\nADP ist eine Cloud-basierte HR-Softwarel\u00f6sung, die eine Reihe von HR-Funktionen bietet, darunter Gehaltsabrechnung, Verwaltung von Sozialleistungen und Talentmanagement. Sie bietet au\u00dferdem Analysetools, die HR-Teams helfen, ihre Mitarbeiter besser zu verstehen und datengest\u00fctzte Entscheidungen zu treffen.<\/p>\n<p>Namely<br \/>\nNamely ist eine moderne HR-Softwareplattform, die ein umfassendes Paket von HR-Tools bietet, darunter Gehaltsabrechnung, Verwaltung von Sozialleistungen, Zeiterfassung und Talentmanagement. Die benutzerfreundliche Oberfl\u00e4che und das anpassbare Berichtswesen machen Namely zu einer hervorragenden L\u00f6sung f\u00fcr mittelgro\u00dfe Unternehmen.<\/p>\n<p>SAP SuccessFactors<br \/>\nSAP SuccessFactors ist eine HR-Softwarel\u00f6sung, die eine Reihe von HR-Funktionen bietet, darunter Talentmanagement, Onboarding, Leistungsmanagement und Gehaltsabrechnung. Es handelt sich um eine Cloud-basierte L\u00f6sung, auf die von \u00fcberall aus zugegriffen werden kann, und ihre leistungsstarken Analysetools erm\u00f6glichen es Unternehmen, datengesteuerte Entscheidungen zu treffen.<\/p>\n<p>Fazit<\/p>\n<p>Die Auswahl der besten HR-Softwarel\u00f6sung kann eine schwierige Aufgabe sein, da es viele Optionen auf dem Markt gibt. Die oben aufgef\u00fchrten Softwareoptionen geh\u00f6ren zu den besten verf\u00fcgbaren L\u00f6sungen, die umfassende HR-Funktionen und benutzerfreundliche Schnittstellen bieten. Welche L\u00f6sung f\u00fcr Ihr Unternehmen am besten geeignet ist, h\u00e4ngt letztlich von Ihren spezifischen Anforderungen, der Gr\u00f6\u00dfe Ihres Unternehmens und Ihrem Budget ab. Wenn Sie diese Faktoren ber\u00fccksichtigen, k\u00f6nnen Sie die HR-Software ausw\u00e4hlen, die Ihren Anforderungen am besten entspricht und zur Rationalisierung Ihrer Personalarbeit beitr\u00e4gt.<\/p>\n","protected":false},"excerpt":{"rendered":"<p>HR-Software ist zu einem unverzichtbaren Werkzeug f\u00fcr Unternehmen jeder Gr\u00f6\u00dfe geworden, da sie ihnen hilft, ihre Personalarbeit zu automatisieren und zu rationalisieren. Durch den Einsatz der besten HR-Software k\u00f6nnen Unternehmen ihre Belegschaft effizienter verwalten, ihre HR-Prozesse optimieren und die Produktivit\u00e4t steigern. In diesem Artikel stellen wir einige der besten auf dem Markt erh\u00e4ltlichen HR-Softwarel\u00f6sungen vor, [&hellip;]<\/p>\n","protected":false},"author":2,"featured_media":0,"parent":0,"menu_order":0,"comment_status":"closed","ping_status":"closed","template":"","meta":{"_lmt_disableupdate":"","_lmt_disable":"","footnotes":""},"tags":[],"class_list":["post-2698","page","type-page","status-publish","hentry"],"yoast_head":"<!-- This site is optimized with the Yoast SEO plugin v27.4 - https:\/\/yoast.com\/product\/yoast-seo-wordpress\/ -->\n<title>Die beste HR-Software f\u00fcr optimierte HR-Abl\u00e4ufe - Leipziger Zeitung<\/title>\n<meta name=\"robots\" content=\"index, follow, max-snippet:-1, max-image-preview:large, max-video-preview:-1\" \/>\n<link rel=\"canonical\" href=\"https:\/\/www.l-iz.de\/vpn\/die-beste-hr-software-fuer-optimierte-hr-ablaeufe\/\" \/>\n<meta property=\"og:locale\" content=\"de_DE\" \/>\n<meta property=\"og:type\" content=\"article\" \/>\n<meta property=\"og:title\" content=\"Die beste HR-Software f\u00fcr optimierte HR-Abl\u00e4ufe - Leipziger Zeitung\" \/>\n<meta property=\"og:description\" content=\"HR-Software ist zu einem unverzichtbaren Werkzeug f\u00fcr Unternehmen jeder Gr\u00f6\u00dfe geworden, da sie ihnen hilft, ihre Personalarbeit zu automatisieren und zu rationalisieren. Durch den Einsatz der besten HR-Software k\u00f6nnen Unternehmen ihre Belegschaft effizienter verwalten, ihre HR-Prozesse optimieren und die Produktivit\u00e4t steigern. In diesem Artikel stellen wir einige der besten auf dem Markt erh\u00e4ltlichen HR-Softwarel\u00f6sungen vor, [&hellip;]\" \/>\n<meta property=\"og:url\" content=\"https:\/\/www.l-iz.de\/vpn\/die-beste-hr-software-fuer-optimierte-hr-ablaeufe\/\" \/>\n<meta property=\"og:site_name\" content=\"Leipziger Zeitung\" \/>\n<meta property=\"article:publisher\" content=\"https:\/\/www.facebook.com\/LeipzigerInternetZeitung\" \/>\n<meta property=\"article:modified_time\" content=\"2024-04-21T10:00:00+00:00\" \/>\n<meta name=\"twitter:card\" content=\"summary_large_image\" \/>\n<meta name=\"twitter:label1\" content=\"Gesch\u00e4tzte Lesezeit\" \/>\n\t<meta name=\"twitter:data1\" content=\"3\u00a0Minuten\" \/>\n<script type=\"application\/ld+json\" class=\"yoast-schema-graph\">{\"@context\":\"https:\\\/\\\/schema.org\",\"@graph\":[{\"@type\":\"WebPage\",\"@id\":\"https:\\\/\\\/soccerfield24.com\\\/die-beste-hr-software-fuer-optimierte-hr-ablaeufe\\\/\",\"url\":\"https:\\\/\\\/soccerfield24.com\\\/die-beste-hr-software-fuer-optimierte-hr-ablaeufe\\\/\",\"name\":\"Die beste HR-Software f\u00fcr optimierte HR-Abl\u00e4ufe - Leipziger Zeitung\",\"isPartOf\":{\"@id\":\"https:\\\/\\\/soccerfield24.com\\\/#website\"},\"datePublished\":\"2023-02-23T13:31:27+00:00\",\"dateModified\":\"2024-04-21T10:00:00+00:00\",\"breadcrumb\":{\"@id\":\"https:\\\/\\\/soccerfield24.com\\\/die-beste-hr-software-fuer-optimierte-hr-ablaeufe\\\/#breadcrumb\"},\"inLanguage\":\"de\",\"potentialAction\":[{\"@type\":\"ReadAction\",\"target\":[\"https:\\\/\\\/soccerfield24.com\\\/die-beste-hr-software-fuer-optimierte-hr-ablaeufe\\\/\"]}]},{\"@type\":\"BreadcrumbList\",\"@id\":\"https:\\\/\\\/soccerfield24.com\\\/die-beste-hr-software-fuer-optimierte-hr-ablaeufe\\\/#breadcrumb\",\"itemListElement\":[{\"@type\":\"ListItem\",\"position\":1,\"name\":\"Startseite\",\"item\":\"https:\\\/\\\/soccerfield24.com\\\/\"},{\"@type\":\"ListItem\",\"position\":2,\"name\":\"Die beste HR-Software f\u00fcr optimierte HR-Abl\u00e4ufe\"}]},{\"@type\":\"WebSite\",\"@id\":\"https:\\\/\\\/soccerfield24.com\\\/#website\",\"url\":\"https:\\\/\\\/soccerfield24.com\\\/\",\"name\":\"Leipziger Zeitung\",\"description\":\"VPN-Test: Die besten VPN-Anbieter im Vergleich [yyyy]\",\"publisher\":{\"@id\":\"https:\\\/\\\/soccerfield24.com\\\/#organization\"},\"potentialAction\":[{\"@type\":\"SearchAction\",\"target\":{\"@type\":\"EntryPoint\",\"urlTemplate\":\"https:\\\/\\\/soccerfield24.com\\\/?s={search_term_string}\"},\"query-input\":{\"@type\":\"PropertyValueSpecification\",\"valueRequired\":true,\"valueName\":\"search_term_string\"}}],\"inLanguage\":\"de\"},{\"@type\":\"Organization\",\"@id\":\"https:\\\/\\\/soccerfield24.com\\\/#organization\",\"name\":\"LZ Medien GmbH\",\"url\":\"https:\\\/\\\/soccerfield24.com\\\/\",\"logo\":{\"@type\":\"ImageObject\",\"inLanguage\":\"de\",\"@id\":\"https:\\\/\\\/soccerfield24.com\\\/#\\\/schema\\\/logo\\\/image\\\/\",\"url\":\"https:\\\/\\\/soccerfield24.com\\\/wp-content\\\/uploads\\\/2022\\\/09\\\/cropped-l-iz-logo.jpg\",\"contentUrl\":\"https:\\\/\\\/soccerfield24.com\\\/wp-content\\\/uploads\\\/2022\\\/09\\\/cropped-l-iz-logo.jpg\",\"width\":1280,\"height\":387,\"caption\":\"LZ Medien GmbH\"},\"image\":{\"@id\":\"https:\\\/\\\/soccerfield24.com\\\/#\\\/schema\\\/logo\\\/image\\\/\"},\"sameAs\":[\"https:\\\/\\\/www.facebook.com\\\/LeipzigerInternetZeitung\",\"https:\\\/\\\/www.youtube.com\\\/c\\\/L-izDe\"]}]}<\/script>\n<!-- \/ Yoast SEO plugin. -->","yoast_head_json":{"title":"Die beste HR-Software f\u00fcr optimierte HR-Abl\u00e4ufe - Leipziger Zeitung","robots":{"index":"index","follow":"follow","max-snippet":"max-snippet:-1","max-image-preview":"max-image-preview:large","max-video-preview":"max-video-preview:-1"},"canonical":"https:\/\/www.l-iz.de\/vpn\/die-beste-hr-software-fuer-optimierte-hr-ablaeufe\/","og_locale":"de_DE","og_type":"article","og_title":"Die beste HR-Software f\u00fcr optimierte HR-Abl\u00e4ufe - Leipziger Zeitung","og_description":"HR-Software ist zu einem unverzichtbaren Werkzeug f\u00fcr Unternehmen jeder Gr\u00f6\u00dfe geworden, da sie ihnen hilft, ihre Personalarbeit zu automatisieren und zu rationalisieren. Durch den Einsatz der besten HR-Software k\u00f6nnen Unternehmen ihre Belegschaft effizienter verwalten, ihre HR-Prozesse optimieren und die Produktivit\u00e4t steigern. In diesem Artikel stellen wir einige der besten auf dem Markt erh\u00e4ltlichen HR-Softwarel\u00f6sungen vor, [&hellip;]","og_url":"https:\/\/www.l-iz.de\/vpn\/die-beste-hr-software-fuer-optimierte-hr-ablaeufe\/","og_site_name":"Leipziger Zeitung","article_publisher":"https:\/\/www.facebook.com\/LeipzigerInternetZeitung","article_modified_time":"2024-04-21T10:00:00+00:00","twitter_card":"summary_large_image","twitter_misc":{"Gesch\u00e4tzte Lesezeit":"3\u00a0Minuten"},"schema":{"@context":"https:\/\/schema.org","@graph":[{"@type":"WebPage","@id":"https:\/\/www.l-iz.de\/vpn\/die-beste-hr-software-fuer-optimierte-hr-ablaeufe\/","url":"https:\/\/www.l-iz.de\/vpn\/die-beste-hr-software-fuer-optimierte-hr-ablaeufe\/","name":"Die beste HR-Software f\u00fcr optimierte HR-Abl\u00e4ufe - Leipziger Zeitung","isPartOf":{"@id":"https:\/\/www.l-iz.de\/vpn\/#website"},"datePublished":"2023-02-23T13:31:27+00:00","dateModified":"2024-04-21T10:00:00+00:00","breadcrumb":{"@id":"https:\/\/www.l-iz.de\/vpn\/die-beste-hr-software-fuer-optimierte-hr-ablaeufe\/#breadcrumb"},"inLanguage":"de","potentialAction":[{"@type":"ReadAction","target":["https:\/\/www.l-iz.de\/vpn\/die-beste-hr-software-fuer-optimierte-hr-ablaeufe\/"]}]},{"@type":"BreadcrumbList","@id":"https:\/\/www.l-iz.de\/vpn\/die-beste-hr-software-fuer-optimierte-hr-ablaeufe\/#breadcrumb","itemListElement":[{"@type":"ListItem","position":1,"name":"Startseite","item":"https:\/\/www.l-iz.de\/vpn\/"},{"@type":"ListItem","position":2,"name":"Die beste HR-Software f\u00fcr optimierte HR-Abl\u00e4ufe"}]},{"@type":"WebSite","@id":"https:\/\/www.l-iz.de\/vpn\/#website","url":"https:\/\/www.l-iz.de\/vpn\/","name":"Leipziger Zeitung","description":"VPN-Test: Die besten VPN-Anbieter im Vergleich [yyyy]","publisher":{"@id":"https:\/\/www.l-iz.de\/vpn\/#organization"},"potentialAction":[{"@type":"SearchAction","target":{"@type":"EntryPoint","urlTemplate":"https:\/\/www.l-iz.de\/vpn\/?s={search_term_string}"},"query-input":{"@type":"PropertyValueSpecification","valueRequired":true,"valueName":"search_term_string"}}],"inLanguage":"de"},{"@type":"Organization","@id":"https:\/\/www.l-iz.de\/vpn\/#organization","name":"LZ Medien GmbH","url":"https:\/\/www.l-iz.de\/vpn\/","logo":{"@type":"ImageObject","inLanguage":"de","@id":"https:\/\/www.l-iz.de\/vpn\/#\/schema\/logo\/image\/","url":"https:\/\/www.l-iz.de\/vpn\/wp-content\/uploads\/2022\/09\/cropped-l-iz-logo.jpg","contentUrl":"https:\/\/www.l-iz.de\/vpn\/wp-content\/uploads\/2022\/09\/cropped-l-iz-logo.jpg","width":1280,"height":387,"caption":"LZ Medien GmbH"},"image":{"@id":"https:\/\/www.l-iz.de\/vpn\/#\/schema\/logo\/image\/"},"sameAs":["https:\/\/www.facebook.com\/LeipzigerInternetZeitung","https:\/\/www.youtube.com\/c\/L-izDe"]}]}},"_links":{"self":[{"href":"https:\/\/www.l-iz.de\/vpn\/wp-json\/wp\/v2\/pages\/2698","targetHints":{"allow":["GET"]}}],"collection":[{"href":"https:\/\/www.l-iz.de\/vpn\/wp-json\/wp\/v2\/pages"}],"about":[{"href":"https:\/\/www.l-iz.de\/vpn\/wp-json\/wp\/v2\/types\/page"}],"author":[{"embeddable":true,"href":"https:\/\/www.l-iz.de\/vpn\/wp-json\/wp\/v2\/users\/2"}],"replies":[{"embeddable":true,"href":"https:\/\/www.l-iz.de\/vpn\/wp-json\/wp\/v2\/comments?post=2698"}],"version-history":[{"count":1,"href":"https:\/\/www.l-iz.de\/vpn\/wp-json\/wp\/v2\/pages\/2698\/revisions"}],"predecessor-version":[{"id":2699,"href":"https:\/\/www.l-iz.de\/vpn\/wp-json\/wp\/v2\/pages\/2698\/revisions\/2699"}],"wp:attachment":[{"href":"https:\/\/www.l-iz.de\/vpn\/wp-json\/wp\/v2\/media?parent=2698"}],"wp:term":[{"taxonomy":"post_tag","embeddable":true,"href":"https:\/\/www.l-iz.de\/vpn\/wp-json\/wp\/v2\/tags?post=2698"}],"curies":[{"name":"wp","href":"https:\/\/api.w.org\/{rel}","templated":true}]}}