{"id":3054,"date":"2023-03-22T17:55:18","date_gmt":"2023-03-22T16:55:18","guid":{"rendered":"https:\/\/www.l-iz.de\/vpn\/app-baukasten-vergleich\/"},"modified":"2024-04-21T12:00:00","modified_gmt":"2024-04-21T10:00:00","slug":"app-baukasten-vergleich","status":"publish","type":"page","link":"https:\/\/www.l-iz.de\/vpn\/app-baukasten-vergleich\/","title":{"rendered":"App Baukasten Vergleich"},"content":{"rendered":"<h2>App-Baukasten-Vergleich: Warum die richtige Wahl wichtig ist<\/h2>\n<p>Der Einsatz von App-Bauk\u00e4sten ist eine der besten M\u00f6glichkeiten, um eine benutzerdefinierte App in kurzer Zeit zu entwickeln. Wenn Sie versuchen, eine App zu erstellen, die Ihren spezifischen Anforderungen entspricht, ist es wichtig, den App-Baukasten zu w\u00e4hlen, der Ihnen die besten Funktionen bietet. Doch wie w\u00e4hlt man den richtigen App-Baukasten?<\/p>\n<p>Der beste Weg, um einen App-Baukasten zu finden, ist die Durchf\u00fchrung eines App-Baukasten-Vergleichs. Hierbei werden die verschiedenen App-Bauk\u00e4sten anhand ihrer Funktionen, Preise und Unterst\u00fctzungsoptionen miteinander verglichen. Dadurch k\u00f6nnen Sie leicht herausfinden, welches der beste App-Baukasten f\u00fcr Ihre Anforderungen ist.<\/p>\n<p>Es gibt eine Reihe von Faktoren, die Sie bei einem App-Baukasten-Vergleich ber\u00fccksichtigen m\u00fcssen. Zun\u00e4chst m\u00fcssen Sie die verschiedenen Funktionen der App-Bauk\u00e4sten vergleichen. Einige App-Bauk\u00e4sten bieten eine umfangreiche Funktionsvielfalt, w\u00e4hrend andere nur die grundlegendsten Funktionen haben. Untersuchen Sie also alle Funktionen, die Ihnen jeder App-Baukasten bietet, und entscheiden Sie, welche Funktionen f\u00fcr Sie am wichtigsten sind.<\/p>\n<p>Dar\u00fcber hinaus m\u00fcssen Sie auch die Preise aller App-Bauk\u00e4sten vergleichen. W\u00e4hrend einige App-Bauk\u00e4sten kostenlos sind, sind andere m\u00f6glicherweise viel teurer, da sie mehr Funktionen bieten. Vergleichen Sie also die Preise und entscheiden Sie, welcher App-Baukasten am besten zu Ihrem Budget passt.<\/p>\n<p>Schlie\u00dflich m\u00fcssen Sie auch die Unterst\u00fctzungsoptionen aller App-Bauk\u00e4sten vergleichen. Einige App-Bauk\u00e4sten bieten einen umfassenden Support, einschlie\u00dflich Live-Chat, Telefon und E-Mail. W\u00e4hrend andere m\u00f6glicherweise nur \u00fcber einen begrenzten Support verf\u00fcgen. F\u00fcr den Fall, dass Sie Unterst\u00fctzung ben\u00f6tigen, ist es wichtig, dass Sie sich f\u00fcr einen App-Baukasten entscheiden, der Ihnen umfassende Unterst\u00fctzung bietet.<\/p>\n<p>Der Vergleich verschiedener App-Bauk\u00e4sten ist ein wichtiger Schritt, um die richtige Wahl zu treffen. Durch einen App-Baukasten-Vergleich k\u00f6nnen Sie leicht herausfinden, welcher App-Baukasten die besten Funktionen, Preise und Unterst\u00fctzungsoptionen bietet. Dadurch k\u00f6nnen Sie eine App erstellen, die exakt Ihren Anforderungen entspricht.<\/p>\n","protected":false},"excerpt":{"rendered":"<p>App-Baukasten-Vergleich: Warum die richtige Wahl wichtig ist Der Einsatz von App-Bauk\u00e4sten ist eine der besten M\u00f6glichkeiten, um eine benutzerdefinierte App in kurzer Zeit zu entwickeln. Wenn Sie versuchen, eine App zu erstellen, die Ihren spezifischen Anforderungen entspricht, ist es wichtig, den App-Baukasten zu w\u00e4hlen, der Ihnen die besten Funktionen bietet. Doch wie w\u00e4hlt man den [&hellip;]<\/p>\n","protected":false},"author":1,"featured_media":0,"parent":0,"menu_order":0,"comment_status":"closed","ping_status":"closed","template":"","meta":{"_lmt_disableupdate":"","_lmt_disable":"","footnotes":""},"tags":[],"class_list":["post-3054","page","type-page","status-publish","hentry"],"yoast_head":"<!-- This site is optimized with the Yoast SEO plugin v27.2 - https:\/\/yoast.com\/product\/yoast-seo-wordpress\/ -->\n<title>App Baukasten Vergleich - Leipziger Zeitung<\/title>\n<meta name=\"robots\" content=\"index, follow, max-snippet:-1, max-image-preview:large, max-video-preview:-1\" \/>\n<link rel=\"canonical\" href=\"https:\/\/www.l-iz.de\/vpn\/app-baukasten-vergleich\/\" \/>\n<meta property=\"og:locale\" content=\"de_DE\" \/>\n<meta property=\"og:type\" content=\"article\" \/>\n<meta property=\"og:title\" content=\"App Baukasten Vergleich - Leipziger Zeitung\" \/>\n<meta property=\"og:description\" content=\"App-Baukasten-Vergleich: Warum die richtige Wahl wichtig ist Der Einsatz von App-Bauk\u00e4sten ist eine der besten M\u00f6glichkeiten, um eine benutzerdefinierte App in kurzer Zeit zu entwickeln. Wenn Sie versuchen, eine App zu erstellen, die Ihren spezifischen Anforderungen entspricht, ist es wichtig, den App-Baukasten zu w\u00e4hlen, der Ihnen die besten Funktionen bietet. Doch wie w\u00e4hlt man den [&hellip;]\" \/>\n<meta property=\"og:url\" content=\"https:\/\/www.l-iz.de\/vpn\/app-baukasten-vergleich\/\" \/>\n<meta property=\"og:site_name\" content=\"Leipziger Zeitung\" \/>\n<meta property=\"article:publisher\" content=\"https:\/\/www.facebook.com\/LeipzigerInternetZeitung\" \/>\n<meta property=\"article:modified_time\" content=\"2024-04-21T10:00:00+00:00\" \/>\n<meta name=\"twitter:card\" content=\"summary_large_image\" \/>\n<meta name=\"twitter:label1\" content=\"Gesch\u00e4tzte Lesezeit\" \/>\n\t<meta name=\"twitter:data1\" content=\"2\u00a0Minuten\" \/>\n<script type=\"application\/ld+json\" class=\"yoast-schema-graph\">{\"@context\":\"https:\/\/schema.org\",\"@graph\":[{\"@type\":\"WebPage\",\"@id\":\"https:\/\/www.l-iz.de\/vpn\/app-baukasten-vergleich\/\",\"url\":\"https:\/\/www.l-iz.de\/vpn\/app-baukasten-vergleich\/\",\"name\":\"App Baukasten Vergleich - Leipziger Zeitung\",\"isPartOf\":{\"@id\":\"https:\/\/www.l-iz.de\/vpn\/#website\"},\"datePublished\":\"2023-03-22T16:55:18+00:00\",\"dateModified\":\"2024-04-21T10:00:00+00:00\",\"breadcrumb\":{\"@id\":\"https:\/\/www.l-iz.de\/vpn\/app-baukasten-vergleich\/#breadcrumb\"},\"inLanguage\":\"de\",\"potentialAction\":[{\"@type\":\"ReadAction\",\"target\":[\"https:\/\/www.l-iz.de\/vpn\/app-baukasten-vergleich\/\"]}]},{\"@type\":\"BreadcrumbList\",\"@id\":\"https:\/\/www.l-iz.de\/vpn\/app-baukasten-vergleich\/#breadcrumb\",\"itemListElement\":[{\"@type\":\"ListItem\",\"position\":1,\"name\":\"Startseite\",\"item\":\"https:\/\/www.l-iz.de\/vpn\/\"},{\"@type\":\"ListItem\",\"position\":2,\"name\":\"App Baukasten Vergleich\"}]},{\"@type\":\"WebSite\",\"@id\":\"https:\/\/www.l-iz.de\/vpn\/#website\",\"url\":\"https:\/\/www.l-iz.de\/vpn\/\",\"name\":\"Leipziger Zeitung\",\"description\":\"VPN-Test: Die besten VPN-Anbieter im Vergleich [yyyy]\",\"publisher\":{\"@id\":\"https:\/\/www.l-iz.de\/vpn\/#organization\"},\"potentialAction\":[{\"@type\":\"SearchAction\",\"target\":{\"@type\":\"EntryPoint\",\"urlTemplate\":\"https:\/\/www.l-iz.de\/vpn\/?s={search_term_string}\"},\"query-input\":{\"@type\":\"PropertyValueSpecification\",\"valueRequired\":true,\"valueName\":\"search_term_string\"}}],\"inLanguage\":\"de\"},{\"@type\":\"Organization\",\"@id\":\"https:\/\/www.l-iz.de\/vpn\/#organization\",\"name\":\"LZ Medien GmbH\",\"url\":\"https:\/\/www.l-iz.de\/vpn\/\",\"logo\":{\"@type\":\"ImageObject\",\"inLanguage\":\"de\",\"@id\":\"https:\/\/www.l-iz.de\/vpn\/#\/schema\/logo\/image\/\",\"url\":\"https:\/\/www.l-iz.de\/vpn\/wp-content\/uploads\/2022\/09\/cropped-l-iz-logo.jpg\",\"contentUrl\":\"https:\/\/www.l-iz.de\/vpn\/wp-content\/uploads\/2022\/09\/cropped-l-iz-logo.jpg\",\"width\":1280,\"height\":387,\"caption\":\"LZ Medien GmbH\"},\"image\":{\"@id\":\"https:\/\/www.l-iz.de\/vpn\/#\/schema\/logo\/image\/\"},\"sameAs\":[\"https:\/\/www.facebook.com\/LeipzigerInternetZeitung\",\"https:\/\/www.youtube.com\/c\/L-izDe\"]}]}<\/script>\n<!-- \/ Yoast SEO plugin. -->","yoast_head_json":{"title":"App Baukasten Vergleich - Leipziger Zeitung","robots":{"index":"index","follow":"follow","max-snippet":"max-snippet:-1","max-image-preview":"max-image-preview:large","max-video-preview":"max-video-preview:-1"},"canonical":"https:\/\/www.l-iz.de\/vpn\/app-baukasten-vergleich\/","og_locale":"de_DE","og_type":"article","og_title":"App Baukasten Vergleich - Leipziger Zeitung","og_description":"App-Baukasten-Vergleich: Warum die richtige Wahl wichtig ist Der Einsatz von App-Bauk\u00e4sten ist eine der besten M\u00f6glichkeiten, um eine benutzerdefinierte App in kurzer Zeit zu entwickeln. Wenn Sie versuchen, eine App zu erstellen, die Ihren spezifischen Anforderungen entspricht, ist es wichtig, den App-Baukasten zu w\u00e4hlen, der Ihnen die besten Funktionen bietet. Doch wie w\u00e4hlt man den [&hellip;]","og_url":"https:\/\/www.l-iz.de\/vpn\/app-baukasten-vergleich\/","og_site_name":"Leipziger Zeitung","article_publisher":"https:\/\/www.facebook.com\/LeipzigerInternetZeitung","article_modified_time":"2024-04-21T10:00:00+00:00","twitter_card":"summary_large_image","twitter_misc":{"Gesch\u00e4tzte Lesezeit":"2\u00a0Minuten"},"schema":{"@context":"https:\/\/schema.org","@graph":[{"@type":"WebPage","@id":"https:\/\/www.l-iz.de\/vpn\/app-baukasten-vergleich\/","url":"https:\/\/www.l-iz.de\/vpn\/app-baukasten-vergleich\/","name":"App Baukasten Vergleich - Leipziger Zeitung","isPartOf":{"@id":"https:\/\/www.l-iz.de\/vpn\/#website"},"datePublished":"2023-03-22T16:55:18+00:00","dateModified":"2024-04-21T10:00:00+00:00","breadcrumb":{"@id":"https:\/\/www.l-iz.de\/vpn\/app-baukasten-vergleich\/#breadcrumb"},"inLanguage":"de","potentialAction":[{"@type":"ReadAction","target":["https:\/\/www.l-iz.de\/vpn\/app-baukasten-vergleich\/"]}]},{"@type":"BreadcrumbList","@id":"https:\/\/www.l-iz.de\/vpn\/app-baukasten-vergleich\/#breadcrumb","itemListElement":[{"@type":"ListItem","position":1,"name":"Startseite","item":"https:\/\/www.l-iz.de\/vpn\/"},{"@type":"ListItem","position":2,"name":"App Baukasten Vergleich"}]},{"@type":"WebSite","@id":"https:\/\/www.l-iz.de\/vpn\/#website","url":"https:\/\/www.l-iz.de\/vpn\/","name":"Leipziger Zeitung","description":"VPN-Test: Die besten VPN-Anbieter im Vergleich [yyyy]","publisher":{"@id":"https:\/\/www.l-iz.de\/vpn\/#organization"},"potentialAction":[{"@type":"SearchAction","target":{"@type":"EntryPoint","urlTemplate":"https:\/\/www.l-iz.de\/vpn\/?s={search_term_string}"},"query-input":{"@type":"PropertyValueSpecification","valueRequired":true,"valueName":"search_term_string"}}],"inLanguage":"de"},{"@type":"Organization","@id":"https:\/\/www.l-iz.de\/vpn\/#organization","name":"LZ Medien GmbH","url":"https:\/\/www.l-iz.de\/vpn\/","logo":{"@type":"ImageObject","inLanguage":"de","@id":"https:\/\/www.l-iz.de\/vpn\/#\/schema\/logo\/image\/","url":"https:\/\/www.l-iz.de\/vpn\/wp-content\/uploads\/2022\/09\/cropped-l-iz-logo.jpg","contentUrl":"https:\/\/www.l-iz.de\/vpn\/wp-content\/uploads\/2022\/09\/cropped-l-iz-logo.jpg","width":1280,"height":387,"caption":"LZ Medien GmbH"},"image":{"@id":"https:\/\/www.l-iz.de\/vpn\/#\/schema\/logo\/image\/"},"sameAs":["https:\/\/www.facebook.com\/LeipzigerInternetZeitung","https:\/\/www.youtube.com\/c\/L-izDe"]}]}},"_links":{"self":[{"href":"https:\/\/www.l-iz.de\/vpn\/wp-json\/wp\/v2\/pages\/3054","targetHints":{"allow":["GET"]}}],"collection":[{"href":"https:\/\/www.l-iz.de\/vpn\/wp-json\/wp\/v2\/pages"}],"about":[{"href":"https:\/\/www.l-iz.de\/vpn\/wp-json\/wp\/v2\/types\/page"}],"author":[{"embeddable":true,"href":"https:\/\/www.l-iz.de\/vpn\/wp-json\/wp\/v2\/users\/1"}],"replies":[{"embeddable":true,"href":"https:\/\/www.l-iz.de\/vpn\/wp-json\/wp\/v2\/comments?post=3054"}],"version-history":[{"count":2,"href":"https:\/\/www.l-iz.de\/vpn\/wp-json\/wp\/v2\/pages\/3054\/revisions"}],"predecessor-version":[{"id":3058,"href":"https:\/\/www.l-iz.de\/vpn\/wp-json\/wp\/v2\/pages\/3054\/revisions\/3058"}],"wp:attachment":[{"href":"https:\/\/www.l-iz.de\/vpn\/wp-json\/wp\/v2\/media?parent=3054"}],"wp:term":[{"taxonomy":"post_tag","embeddable":true,"href":"https:\/\/www.l-iz.de\/vpn\/wp-json\/wp\/v2\/tags?post=3054"}],"curies":[{"name":"wp","href":"https:\/\/api.w.org\/{rel}","templated":true}]}}