{"id":3063,"date":"2023-03-22T18:27:34","date_gmt":"2023-03-22T17:27:34","guid":{"rendered":"https:\/\/www.l-iz.de\/vpn\/beste-terminplaner-software\/"},"modified":"2024-04-21T12:00:00","modified_gmt":"2024-04-21T10:00:00","slug":"beste-terminplaner-software","status":"publish","type":"page","link":"https:\/\/www.l-iz.de\/vpn\/beste-terminplaner-software\/","title":{"rendered":"Beste Terminplaner Software"},"content":{"rendered":"<p>Terminplaner Software ist eine der grundlegenden Anwendungen, die von Unternehmen und Einzelpersonen in verschiedenen Branchen eingesetzt werden. Es ist eine sehr wertvolle Ressource, um wichtige Termine und Ereignisse zu planen, zu verwalten und zu \u00fcberwachen. Die beste Terminplaner-Software kann den Organisatoren helfen, wichtige Termine und Ereignisse effizient zu organisieren und zu verfolgen.<\/p>\n<p>Terminplaner-Software hilft den Benutzern, einige der st\u00f6rendsten Aufgaben zu verwalten. Dazu geh\u00f6rt die Erstellung eines Meetings, das Einrichten von Aktivit\u00e4ten, das Verfolgen des Status und das Erinnern an Fristen. Es vereinfacht auch die Verwaltung von Aufgaben und Projekten, indem es eine einfache M\u00f6glichkeit bietet, diese zu verfolgen.<\/p>\n<p>Die beste Terminplaner-Software bietet eine intuitiv gestaltete Benutzeroberfl\u00e4che, die eine intuitive und einfache Bedienung erm\u00f6glicht. Es bietet Benutzern eine visuelle Ansicht \u00fcber die verschiedenen Termine und Ereignisse, sodass sie leicht zu verfolgen sind. Es bietet auch Benutzern eine M\u00f6glichkeit, ihre Termine und Ereignisse zu organisieren und zu verfolgen, und es bietet Benutzern eine M\u00f6glichkeit, die Aktivit\u00e4ten verschiedener Benutzer zu verfolgen und aufzuzeichnen.<\/p>\n<p>Die besten Terminplaner-Softwarepakete bieten Benutzern die M\u00f6glichkeit, Termine zu planen, zu verfolgen und zu bearbeiten. Sie bieten Benutzern auch die M\u00f6glichkeit, einen Kalender zu erstellen und zu verwalten, den Benutzern die M\u00f6glichkeit zu geben, eine automatische Erinnerungsfunktion zu verwenden, so dass sie an wichtige Termine erinnert werden, und die M\u00f6glichkeit, Berichte zu erstellen.<\/p>\n<p>Die besten Terminplaner-Softwarepakete bieten Benutzern eine Vielzahl verschiedener Funktionen und Optionen, um ihnen bei der Planung und Verfolgung von Terminen und Ereignissen zu helfen. Dazu geh\u00f6ren die M\u00f6glichkeit, Ereignisse und Termine zu verfolgen, Benutzern die M\u00f6glichkeit zu geben, einen Kalender zu erstellen, Benutzern die M\u00f6glichkeit zu geben, Berichte zu erstellen, die M\u00f6glichkeit, Aufgaben zu erstellen und zu verfolgen, und die M\u00f6glichkeit, Erinnerungen zu erhalten.<\/p>\n<p>Einige der besten Terminplaner-Softwarepakete bieten Benutzern auch die M\u00f6glichkeit, verschiedene Kalender zu verwalten, sodass Benutzer jederzeit auf ihre Kalender zugreifen k\u00f6nnen. Diese Kalender k\u00f6nnen auf unterschiedlichen Ger\u00e4ten wie Laptops, Smartphones und Tablets verwendet werden.<\/p>\n<p>Eine der besten Terminplaner-Softwarepakete, die auf dem Markt erh\u00e4ltlich ist, ist Microsoft Outlook. Mit Microsoft Outlook k\u00f6nnen Benutzer ein einfaches und intuitives Interface verwenden, um ihre Termine und Ereignisse zu verfolgen. Es bietet Benutzern auch die M\u00f6glichkeit, verschiedene Kalender zu verwalten, Benutzern die M\u00f6glichkeit zu geben, Berichte zu erstellen, Benutzern die M\u00f6glichkeit zu geben, Aufgaben zu erstellen und zu verfolgen, und die M\u00f6glichkeit, Erinnerungen zu erhalten. Es ist eine der besten Terminplaner-Softwarepakete auf dem Markt.<\/p>\n","protected":false},"excerpt":{"rendered":"<p>Terminplaner Software ist eine der grundlegenden Anwendungen, die von Unternehmen und Einzelpersonen in verschiedenen Branchen eingesetzt werden. Es ist eine sehr wertvolle Ressource, um wichtige Termine und Ereignisse zu planen, zu verwalten und zu \u00fcberwachen. Die beste Terminplaner-Software kann den Organisatoren helfen, wichtige Termine und Ereignisse effizient zu organisieren und zu verfolgen. Terminplaner-Software hilft den [&hellip;]<\/p>\n","protected":false},"author":1,"featured_media":0,"parent":0,"menu_order":0,"comment_status":"closed","ping_status":"closed","template":"","meta":{"_lmt_disableupdate":"","_lmt_disable":"","footnotes":""},"tags":[],"class_list":["post-3063","page","type-page","status-publish","hentry"],"yoast_head":"<!-- This site is optimized with the Yoast SEO plugin v27.4 - https:\/\/yoast.com\/product\/yoast-seo-wordpress\/ -->\n<title>Beste Terminplaner Software - Leipziger Zeitung<\/title>\n<meta name=\"robots\" content=\"index, follow, max-snippet:-1, max-image-preview:large, max-video-preview:-1\" \/>\n<link rel=\"canonical\" href=\"https:\/\/www.l-iz.de\/vpn\/beste-terminplaner-software\/\" \/>\n<meta property=\"og:locale\" content=\"de_DE\" \/>\n<meta property=\"og:type\" content=\"article\" \/>\n<meta property=\"og:title\" content=\"Beste Terminplaner Software - Leipziger Zeitung\" \/>\n<meta property=\"og:description\" content=\"Terminplaner Software ist eine der grundlegenden Anwendungen, die von Unternehmen und Einzelpersonen in verschiedenen Branchen eingesetzt werden. Es ist eine sehr wertvolle Ressource, um wichtige Termine und Ereignisse zu planen, zu verwalten und zu \u00fcberwachen. Die beste Terminplaner-Software kann den Organisatoren helfen, wichtige Termine und Ereignisse effizient zu organisieren und zu verfolgen. Terminplaner-Software hilft den [&hellip;]\" \/>\n<meta property=\"og:url\" content=\"https:\/\/www.l-iz.de\/vpn\/beste-terminplaner-software\/\" \/>\n<meta property=\"og:site_name\" content=\"Leipziger Zeitung\" \/>\n<meta property=\"article:publisher\" content=\"https:\/\/www.facebook.com\/LeipzigerInternetZeitung\" \/>\n<meta property=\"article:modified_time\" content=\"2024-04-21T10:00:00+00:00\" \/>\n<meta name=\"twitter:card\" content=\"summary_large_image\" \/>\n<meta name=\"twitter:label1\" content=\"Gesch\u00e4tzte Lesezeit\" \/>\n\t<meta name=\"twitter:data1\" content=\"3\u00a0Minuten\" \/>\n<script type=\"application\/ld+json\" class=\"yoast-schema-graph\">{\"@context\":\"https:\\\/\\\/schema.org\",\"@graph\":[{\"@type\":\"WebPage\",\"@id\":\"https:\\\/\\\/soccerfield24.com\\\/beste-terminplaner-software\\\/\",\"url\":\"https:\\\/\\\/soccerfield24.com\\\/beste-terminplaner-software\\\/\",\"name\":\"Beste Terminplaner Software - Leipziger Zeitung\",\"isPartOf\":{\"@id\":\"https:\\\/\\\/soccerfield24.com\\\/#website\"},\"datePublished\":\"2023-03-22T17:27:34+00:00\",\"dateModified\":\"2024-04-21T10:00:00+00:00\",\"breadcrumb\":{\"@id\":\"https:\\\/\\\/soccerfield24.com\\\/beste-terminplaner-software\\\/#breadcrumb\"},\"inLanguage\":\"de\",\"potentialAction\":[{\"@type\":\"ReadAction\",\"target\":[\"https:\\\/\\\/soccerfield24.com\\\/beste-terminplaner-software\\\/\"]}]},{\"@type\":\"BreadcrumbList\",\"@id\":\"https:\\\/\\\/soccerfield24.com\\\/beste-terminplaner-software\\\/#breadcrumb\",\"itemListElement\":[{\"@type\":\"ListItem\",\"position\":1,\"name\":\"Startseite\",\"item\":\"https:\\\/\\\/soccerfield24.com\\\/\"},{\"@type\":\"ListItem\",\"position\":2,\"name\":\"Beste Terminplaner Software\"}]},{\"@type\":\"WebSite\",\"@id\":\"https:\\\/\\\/soccerfield24.com\\\/#website\",\"url\":\"https:\\\/\\\/soccerfield24.com\\\/\",\"name\":\"Leipziger Zeitung\",\"description\":\"VPN-Test: Die besten VPN-Anbieter im Vergleich [yyyy]\",\"publisher\":{\"@id\":\"https:\\\/\\\/soccerfield24.com\\\/#organization\"},\"potentialAction\":[{\"@type\":\"SearchAction\",\"target\":{\"@type\":\"EntryPoint\",\"urlTemplate\":\"https:\\\/\\\/soccerfield24.com\\\/?s={search_term_string}\"},\"query-input\":{\"@type\":\"PropertyValueSpecification\",\"valueRequired\":true,\"valueName\":\"search_term_string\"}}],\"inLanguage\":\"de\"},{\"@type\":\"Organization\",\"@id\":\"https:\\\/\\\/soccerfield24.com\\\/#organization\",\"name\":\"LZ Medien GmbH\",\"url\":\"https:\\\/\\\/soccerfield24.com\\\/\",\"logo\":{\"@type\":\"ImageObject\",\"inLanguage\":\"de\",\"@id\":\"https:\\\/\\\/soccerfield24.com\\\/#\\\/schema\\\/logo\\\/image\\\/\",\"url\":\"https:\\\/\\\/soccerfield24.com\\\/wp-content\\\/uploads\\\/2022\\\/09\\\/cropped-l-iz-logo.jpg\",\"contentUrl\":\"https:\\\/\\\/soccerfield24.com\\\/wp-content\\\/uploads\\\/2022\\\/09\\\/cropped-l-iz-logo.jpg\",\"width\":1280,\"height\":387,\"caption\":\"LZ Medien GmbH\"},\"image\":{\"@id\":\"https:\\\/\\\/soccerfield24.com\\\/#\\\/schema\\\/logo\\\/image\\\/\"},\"sameAs\":[\"https:\\\/\\\/www.facebook.com\\\/LeipzigerInternetZeitung\",\"https:\\\/\\\/www.youtube.com\\\/c\\\/L-izDe\"]}]}<\/script>\n<!-- \/ Yoast SEO plugin. -->","yoast_head_json":{"title":"Beste Terminplaner Software - Leipziger Zeitung","robots":{"index":"index","follow":"follow","max-snippet":"max-snippet:-1","max-image-preview":"max-image-preview:large","max-video-preview":"max-video-preview:-1"},"canonical":"https:\/\/www.l-iz.de\/vpn\/beste-terminplaner-software\/","og_locale":"de_DE","og_type":"article","og_title":"Beste Terminplaner Software - Leipziger Zeitung","og_description":"Terminplaner Software ist eine der grundlegenden Anwendungen, die von Unternehmen und Einzelpersonen in verschiedenen Branchen eingesetzt werden. Es ist eine sehr wertvolle Ressource, um wichtige Termine und Ereignisse zu planen, zu verwalten und zu \u00fcberwachen. Die beste Terminplaner-Software kann den Organisatoren helfen, wichtige Termine und Ereignisse effizient zu organisieren und zu verfolgen. Terminplaner-Software hilft den [&hellip;]","og_url":"https:\/\/www.l-iz.de\/vpn\/beste-terminplaner-software\/","og_site_name":"Leipziger Zeitung","article_publisher":"https:\/\/www.facebook.com\/LeipzigerInternetZeitung","article_modified_time":"2024-04-21T10:00:00+00:00","twitter_card":"summary_large_image","twitter_misc":{"Gesch\u00e4tzte Lesezeit":"3\u00a0Minuten"},"schema":{"@context":"https:\/\/schema.org","@graph":[{"@type":"WebPage","@id":"https:\/\/www.l-iz.de\/vpn\/beste-terminplaner-software\/","url":"https:\/\/www.l-iz.de\/vpn\/beste-terminplaner-software\/","name":"Beste Terminplaner Software - Leipziger Zeitung","isPartOf":{"@id":"https:\/\/www.l-iz.de\/vpn\/#website"},"datePublished":"2023-03-22T17:27:34+00:00","dateModified":"2024-04-21T10:00:00+00:00","breadcrumb":{"@id":"https:\/\/www.l-iz.de\/vpn\/beste-terminplaner-software\/#breadcrumb"},"inLanguage":"de","potentialAction":[{"@type":"ReadAction","target":["https:\/\/www.l-iz.de\/vpn\/beste-terminplaner-software\/"]}]},{"@type":"BreadcrumbList","@id":"https:\/\/www.l-iz.de\/vpn\/beste-terminplaner-software\/#breadcrumb","itemListElement":[{"@type":"ListItem","position":1,"name":"Startseite","item":"https:\/\/www.l-iz.de\/vpn\/"},{"@type":"ListItem","position":2,"name":"Beste Terminplaner Software"}]},{"@type":"WebSite","@id":"https:\/\/www.l-iz.de\/vpn\/#website","url":"https:\/\/www.l-iz.de\/vpn\/","name":"Leipziger Zeitung","description":"VPN-Test: Die besten VPN-Anbieter im Vergleich [yyyy]","publisher":{"@id":"https:\/\/www.l-iz.de\/vpn\/#organization"},"potentialAction":[{"@type":"SearchAction","target":{"@type":"EntryPoint","urlTemplate":"https:\/\/www.l-iz.de\/vpn\/?s={search_term_string}"},"query-input":{"@type":"PropertyValueSpecification","valueRequired":true,"valueName":"search_term_string"}}],"inLanguage":"de"},{"@type":"Organization","@id":"https:\/\/www.l-iz.de\/vpn\/#organization","name":"LZ Medien GmbH","url":"https:\/\/www.l-iz.de\/vpn\/","logo":{"@type":"ImageObject","inLanguage":"de","@id":"https:\/\/www.l-iz.de\/vpn\/#\/schema\/logo\/image\/","url":"https:\/\/www.l-iz.de\/vpn\/wp-content\/uploads\/2022\/09\/cropped-l-iz-logo.jpg","contentUrl":"https:\/\/www.l-iz.de\/vpn\/wp-content\/uploads\/2022\/09\/cropped-l-iz-logo.jpg","width":1280,"height":387,"caption":"LZ Medien GmbH"},"image":{"@id":"https:\/\/www.l-iz.de\/vpn\/#\/schema\/logo\/image\/"},"sameAs":["https:\/\/www.facebook.com\/LeipzigerInternetZeitung","https:\/\/www.youtube.com\/c\/L-izDe"]}]}},"_links":{"self":[{"href":"https:\/\/www.l-iz.de\/vpn\/wp-json\/wp\/v2\/pages\/3063","targetHints":{"allow":["GET"]}}],"collection":[{"href":"https:\/\/www.l-iz.de\/vpn\/wp-json\/wp\/v2\/pages"}],"about":[{"href":"https:\/\/www.l-iz.de\/vpn\/wp-json\/wp\/v2\/types\/page"}],"author":[{"embeddable":true,"href":"https:\/\/www.l-iz.de\/vpn\/wp-json\/wp\/v2\/users\/1"}],"replies":[{"embeddable":true,"href":"https:\/\/www.l-iz.de\/vpn\/wp-json\/wp\/v2\/comments?post=3063"}],"version-history":[{"count":1,"href":"https:\/\/www.l-iz.de\/vpn\/wp-json\/wp\/v2\/pages\/3063\/revisions"}],"predecessor-version":[{"id":3081,"href":"https:\/\/www.l-iz.de\/vpn\/wp-json\/wp\/v2\/pages\/3063\/revisions\/3081"}],"wp:attachment":[{"href":"https:\/\/www.l-iz.de\/vpn\/wp-json\/wp\/v2\/media?parent=3063"}],"wp:term":[{"taxonomy":"post_tag","embeddable":true,"href":"https:\/\/www.l-iz.de\/vpn\/wp-json\/wp\/v2\/tags?post=3063"}],"curies":[{"name":"wp","href":"https:\/\/api.w.org\/{rel}","templated":true}]}}