{"id":3068,"date":"2023-03-22T18:30:39","date_gmt":"2023-03-22T17:30:39","guid":{"rendered":"https:\/\/www.l-iz.de\/vpn\/virenscanner-fuer-iphone\/"},"modified":"2024-04-21T12:00:00","modified_gmt":"2024-04-21T10:00:00","slug":"virenscanner-fuer-iphone","status":"publish","type":"page","link":"https:\/\/www.l-iz.de\/vpn\/virenscanner-fuer-iphone\/","title":{"rendered":"Virenscanner f\u00fcr iPhone"},"content":{"rendered":"<p>Virenscanner f\u00fcr iPhone sind eine wichtige M\u00f6glichkeit, Ihr iPhone vor b\u00f6sartigen Viren und anderer Malware zu sch\u00fctzen. Obwohl iOS-Ger\u00e4te normalerweise von Natur aus ziemlich sicher sind, besteht ein gewisses Risiko, dass Ihr Ger\u00e4t durch Malware oder Viren gef\u00e4hrdet werden k\u00f6nnte. Ein Virenscanner f\u00fcr iPhone kann helfen, dieses Risiko zu minimieren, indem er Malware und Viren erkennt und beseitigt.<\/p>\n<p>Es gibt verschiedene Arten von Virenscannern f\u00fcr iPhone, die Ihnen helfen k\u00f6nnen, Ihr Ger\u00e4t sicher zu halten. Einige Virenscanner bieten vorbeugenden Schutz, indem sie alle Dateien scannen, die auf Ihr Ger\u00e4t heruntergeladen werden, bevor sie Zugriff darauf erhalten. Andere bieten auch Schutz vor Phishing-Angriffen, indem sie E-Mails und Webseiten scannen, bevor Sie darauf zugreifen.<\/p>\n<p>Vor der Installation eines Virenscanners f\u00fcr Ihr iPhone sollten Sie sicherstellen, dass das Programm alle Arten von Malware, einschlie\u00dflich Spyware, Trojaner, W\u00fcrmer und andere, erkennen kann. Sie sollten auch sicherstellen, dass das Programm regelm\u00e4\u00dfig auf Updates \u00fcberpr\u00fcft wird, damit es immer auf dem neuesten Stand ist und die neuesten Bedrohungen erkennen kann.<\/p>\n<p>Einige Virenscanner bieten auch Features wie Firewall-Schutz, die Ihnen helfen, unerw\u00fcnschte Verbindungen zu blockieren. Einige Virenscanner bieten auch eine Geld-zur\u00fcck-Garantie, sodass Sie sicher sein k\u00f6nnen, dass Sie Ihr Geld zur\u00fcckbekommen, wenn der Virenschutz aus irgendeinem Grund nicht funktioniert.<\/p>\n<p>Ein Virenscanner f\u00fcr iPhone ist eine gute Investition, da er Ihnen helfen kann, Ihr Ger\u00e4t vor Malware und Viren zu sch\u00fctzen. Ein Virenschutzprogramm ist eine einfache M\u00f6glichkeit, Ihr iPhone sicher zu halten, und er kann Ihnen helfen, sich vor einer Reihe von Bedrohungen zu sch\u00fctzen. Denken Sie jedoch daran, dass ein Virenschutzprogramm nur so gut ist wie seine Updates, also stellen Sie sicher, dass Sie das Programm regelm\u00e4\u00dfig aktualisieren, damit es alle aktuellen Bedrohungen erkennen kann.<\/p>\n","protected":false},"excerpt":{"rendered":"<p>Virenscanner f\u00fcr iPhone sind eine wichtige M\u00f6glichkeit, Ihr iPhone vor b\u00f6sartigen Viren und anderer Malware zu sch\u00fctzen. Obwohl iOS-Ger\u00e4te normalerweise von Natur aus ziemlich sicher sind, besteht ein gewisses Risiko, dass Ihr Ger\u00e4t durch Malware oder Viren gef\u00e4hrdet werden k\u00f6nnte. Ein Virenscanner f\u00fcr iPhone kann helfen, dieses Risiko zu minimieren, indem er Malware und Viren [&hellip;]<\/p>\n","protected":false},"author":1,"featured_media":0,"parent":0,"menu_order":0,"comment_status":"closed","ping_status":"closed","template":"","meta":{"_lmt_disableupdate":"","_lmt_disable":"","footnotes":""},"tags":[],"class_list":["post-3068","page","type-page","status-publish","hentry"],"yoast_head":"<!-- This site is optimized with the Yoast SEO plugin v27.4 - https:\/\/yoast.com\/product\/yoast-seo-wordpress\/ -->\n<title>Virenscanner f\u00fcr iPhone - Leipziger Zeitung<\/title>\n<meta name=\"robots\" content=\"index, follow, max-snippet:-1, max-image-preview:large, max-video-preview:-1\" \/>\n<link rel=\"canonical\" href=\"https:\/\/www.l-iz.de\/vpn\/virenscanner-fuer-iphone\/\" \/>\n<meta property=\"og:locale\" content=\"de_DE\" \/>\n<meta property=\"og:type\" content=\"article\" \/>\n<meta property=\"og:title\" content=\"Virenscanner f\u00fcr iPhone - Leipziger Zeitung\" \/>\n<meta property=\"og:description\" content=\"Virenscanner f\u00fcr iPhone sind eine wichtige M\u00f6glichkeit, Ihr iPhone vor b\u00f6sartigen Viren und anderer Malware zu sch\u00fctzen. Obwohl iOS-Ger\u00e4te normalerweise von Natur aus ziemlich sicher sind, besteht ein gewisses Risiko, dass Ihr Ger\u00e4t durch Malware oder Viren gef\u00e4hrdet werden k\u00f6nnte. Ein Virenscanner f\u00fcr iPhone kann helfen, dieses Risiko zu minimieren, indem er Malware und Viren [&hellip;]\" \/>\n<meta property=\"og:url\" content=\"https:\/\/www.l-iz.de\/vpn\/virenscanner-fuer-iphone\/\" \/>\n<meta property=\"og:site_name\" content=\"Leipziger Zeitung\" \/>\n<meta property=\"article:publisher\" content=\"https:\/\/www.facebook.com\/LeipzigerInternetZeitung\" \/>\n<meta property=\"article:modified_time\" content=\"2024-04-21T10:00:00+00:00\" \/>\n<meta name=\"twitter:card\" content=\"summary_large_image\" \/>\n<meta name=\"twitter:label1\" content=\"Gesch\u00e4tzte Lesezeit\" \/>\n\t<meta name=\"twitter:data1\" content=\"2\u00a0Minuten\" \/>\n<script type=\"application\/ld+json\" class=\"yoast-schema-graph\">{\"@context\":\"https:\\\/\\\/schema.org\",\"@graph\":[{\"@type\":\"WebPage\",\"@id\":\"https:\\\/\\\/soccerfield24.com\\\/virenscanner-fuer-iphone\\\/\",\"url\":\"https:\\\/\\\/soccerfield24.com\\\/virenscanner-fuer-iphone\\\/\",\"name\":\"Virenscanner f\u00fcr iPhone - Leipziger Zeitung\",\"isPartOf\":{\"@id\":\"https:\\\/\\\/soccerfield24.com\\\/#website\"},\"datePublished\":\"2023-03-22T17:30:39+00:00\",\"dateModified\":\"2024-04-21T10:00:00+00:00\",\"breadcrumb\":{\"@id\":\"https:\\\/\\\/soccerfield24.com\\\/virenscanner-fuer-iphone\\\/#breadcrumb\"},\"inLanguage\":\"de\",\"potentialAction\":[{\"@type\":\"ReadAction\",\"target\":[\"https:\\\/\\\/soccerfield24.com\\\/virenscanner-fuer-iphone\\\/\"]}]},{\"@type\":\"BreadcrumbList\",\"@id\":\"https:\\\/\\\/soccerfield24.com\\\/virenscanner-fuer-iphone\\\/#breadcrumb\",\"itemListElement\":[{\"@type\":\"ListItem\",\"position\":1,\"name\":\"Startseite\",\"item\":\"https:\\\/\\\/soccerfield24.com\\\/\"},{\"@type\":\"ListItem\",\"position\":2,\"name\":\"Virenscanner f\u00fcr iPhone\"}]},{\"@type\":\"WebSite\",\"@id\":\"https:\\\/\\\/soccerfield24.com\\\/#website\",\"url\":\"https:\\\/\\\/soccerfield24.com\\\/\",\"name\":\"Leipziger Zeitung\",\"description\":\"VPN-Test: Die besten VPN-Anbieter im Vergleich [yyyy]\",\"publisher\":{\"@id\":\"https:\\\/\\\/soccerfield24.com\\\/#organization\"},\"potentialAction\":[{\"@type\":\"SearchAction\",\"target\":{\"@type\":\"EntryPoint\",\"urlTemplate\":\"https:\\\/\\\/soccerfield24.com\\\/?s={search_term_string}\"},\"query-input\":{\"@type\":\"PropertyValueSpecification\",\"valueRequired\":true,\"valueName\":\"search_term_string\"}}],\"inLanguage\":\"de\"},{\"@type\":\"Organization\",\"@id\":\"https:\\\/\\\/soccerfield24.com\\\/#organization\",\"name\":\"LZ Medien GmbH\",\"url\":\"https:\\\/\\\/soccerfield24.com\\\/\",\"logo\":{\"@type\":\"ImageObject\",\"inLanguage\":\"de\",\"@id\":\"https:\\\/\\\/soccerfield24.com\\\/#\\\/schema\\\/logo\\\/image\\\/\",\"url\":\"https:\\\/\\\/soccerfield24.com\\\/wp-content\\\/uploads\\\/2022\\\/09\\\/cropped-l-iz-logo.jpg\",\"contentUrl\":\"https:\\\/\\\/soccerfield24.com\\\/wp-content\\\/uploads\\\/2022\\\/09\\\/cropped-l-iz-logo.jpg\",\"width\":1280,\"height\":387,\"caption\":\"LZ Medien GmbH\"},\"image\":{\"@id\":\"https:\\\/\\\/soccerfield24.com\\\/#\\\/schema\\\/logo\\\/image\\\/\"},\"sameAs\":[\"https:\\\/\\\/www.facebook.com\\\/LeipzigerInternetZeitung\",\"https:\\\/\\\/www.youtube.com\\\/c\\\/L-izDe\"]}]}<\/script>\n<!-- \/ Yoast SEO plugin. -->","yoast_head_json":{"title":"Virenscanner f\u00fcr iPhone - Leipziger Zeitung","robots":{"index":"index","follow":"follow","max-snippet":"max-snippet:-1","max-image-preview":"max-image-preview:large","max-video-preview":"max-video-preview:-1"},"canonical":"https:\/\/www.l-iz.de\/vpn\/virenscanner-fuer-iphone\/","og_locale":"de_DE","og_type":"article","og_title":"Virenscanner f\u00fcr iPhone - Leipziger Zeitung","og_description":"Virenscanner f\u00fcr iPhone sind eine wichtige M\u00f6glichkeit, Ihr iPhone vor b\u00f6sartigen Viren und anderer Malware zu sch\u00fctzen. Obwohl iOS-Ger\u00e4te normalerweise von Natur aus ziemlich sicher sind, besteht ein gewisses Risiko, dass Ihr Ger\u00e4t durch Malware oder Viren gef\u00e4hrdet werden k\u00f6nnte. Ein Virenscanner f\u00fcr iPhone kann helfen, dieses Risiko zu minimieren, indem er Malware und Viren [&hellip;]","og_url":"https:\/\/www.l-iz.de\/vpn\/virenscanner-fuer-iphone\/","og_site_name":"Leipziger Zeitung","article_publisher":"https:\/\/www.facebook.com\/LeipzigerInternetZeitung","article_modified_time":"2024-04-21T10:00:00+00:00","twitter_card":"summary_large_image","twitter_misc":{"Gesch\u00e4tzte Lesezeit":"2\u00a0Minuten"},"schema":{"@context":"https:\/\/schema.org","@graph":[{"@type":"WebPage","@id":"https:\/\/www.l-iz.de\/vpn\/virenscanner-fuer-iphone\/","url":"https:\/\/www.l-iz.de\/vpn\/virenscanner-fuer-iphone\/","name":"Virenscanner f\u00fcr iPhone - Leipziger Zeitung","isPartOf":{"@id":"https:\/\/www.l-iz.de\/vpn\/#website"},"datePublished":"2023-03-22T17:30:39+00:00","dateModified":"2024-04-21T10:00:00+00:00","breadcrumb":{"@id":"https:\/\/www.l-iz.de\/vpn\/virenscanner-fuer-iphone\/#breadcrumb"},"inLanguage":"de","potentialAction":[{"@type":"ReadAction","target":["https:\/\/www.l-iz.de\/vpn\/virenscanner-fuer-iphone\/"]}]},{"@type":"BreadcrumbList","@id":"https:\/\/www.l-iz.de\/vpn\/virenscanner-fuer-iphone\/#breadcrumb","itemListElement":[{"@type":"ListItem","position":1,"name":"Startseite","item":"https:\/\/www.l-iz.de\/vpn\/"},{"@type":"ListItem","position":2,"name":"Virenscanner f\u00fcr iPhone"}]},{"@type":"WebSite","@id":"https:\/\/www.l-iz.de\/vpn\/#website","url":"https:\/\/www.l-iz.de\/vpn\/","name":"Leipziger Zeitung","description":"VPN-Test: Die besten VPN-Anbieter im Vergleich [yyyy]","publisher":{"@id":"https:\/\/www.l-iz.de\/vpn\/#organization"},"potentialAction":[{"@type":"SearchAction","target":{"@type":"EntryPoint","urlTemplate":"https:\/\/www.l-iz.de\/vpn\/?s={search_term_string}"},"query-input":{"@type":"PropertyValueSpecification","valueRequired":true,"valueName":"search_term_string"}}],"inLanguage":"de"},{"@type":"Organization","@id":"https:\/\/www.l-iz.de\/vpn\/#organization","name":"LZ Medien GmbH","url":"https:\/\/www.l-iz.de\/vpn\/","logo":{"@type":"ImageObject","inLanguage":"de","@id":"https:\/\/www.l-iz.de\/vpn\/#\/schema\/logo\/image\/","url":"https:\/\/www.l-iz.de\/vpn\/wp-content\/uploads\/2022\/09\/cropped-l-iz-logo.jpg","contentUrl":"https:\/\/www.l-iz.de\/vpn\/wp-content\/uploads\/2022\/09\/cropped-l-iz-logo.jpg","width":1280,"height":387,"caption":"LZ Medien GmbH"},"image":{"@id":"https:\/\/www.l-iz.de\/vpn\/#\/schema\/logo\/image\/"},"sameAs":["https:\/\/www.facebook.com\/LeipzigerInternetZeitung","https:\/\/www.youtube.com\/c\/L-izDe"]}]}},"_links":{"self":[{"href":"https:\/\/www.l-iz.de\/vpn\/wp-json\/wp\/v2\/pages\/3068","targetHints":{"allow":["GET"]}}],"collection":[{"href":"https:\/\/www.l-iz.de\/vpn\/wp-json\/wp\/v2\/pages"}],"about":[{"href":"https:\/\/www.l-iz.de\/vpn\/wp-json\/wp\/v2\/types\/page"}],"author":[{"embeddable":true,"href":"https:\/\/www.l-iz.de\/vpn\/wp-json\/wp\/v2\/users\/1"}],"replies":[{"embeddable":true,"href":"https:\/\/www.l-iz.de\/vpn\/wp-json\/wp\/v2\/comments?post=3068"}],"version-history":[{"count":1,"href":"https:\/\/www.l-iz.de\/vpn\/wp-json\/wp\/v2\/pages\/3068\/revisions"}],"predecessor-version":[{"id":3073,"href":"https:\/\/www.l-iz.de\/vpn\/wp-json\/wp\/v2\/pages\/3068\/revisions\/3073"}],"wp:attachment":[{"href":"https:\/\/www.l-iz.de\/vpn\/wp-json\/wp\/v2\/media?parent=3068"}],"wp:term":[{"taxonomy":"post_tag","embeddable":true,"href":"https:\/\/www.l-iz.de\/vpn\/wp-json\/wp\/v2\/tags?post=3068"}],"curies":[{"name":"wp","href":"https:\/\/api.w.org\/{rel}","templated":true}]}}