{"id":3168,"date":"2023-03-22T20:30:33","date_gmt":"2023-03-22T19:30:33","guid":{"rendered":"https:\/\/www.l-iz.de\/vpn\/beste-passwort-manager-im-vergleich\/"},"modified":"2025-06-18T14:42:50","modified_gmt":"2025-06-18T12:42:50","slug":"beste-passwort-manager-im-vergleich","status":"publish","type":"page","link":"https:\/\/www.l-iz.de\/vpn\/beste-passwort-manager-im-vergleich\/","title":{"rendered":"Beste Passwort Manager Im Vergleich"},"content":{"rendered":"<p>Passwort Manager sind eines der wichtigsten Werkzeuge, die Menschen f\u00fcr den Schutz ihrer digitalen Identit\u00e4t verwenden k\u00f6nnen. Wenn Sie online sind, m\u00fcssen Sie m\u00f6glicherweise eine Vielzahl von Passw\u00f6rtern erstellen und verwalten, die verschiedene Konten sch\u00fctzen und Zugriff gew\u00e4hren. Es kann schwierig sein, sich alle Passw\u00f6rter zu merken, aber es ist entscheidend, dass sie sicher sind. Das ist, wo ein Passwort-Manager kommt. Ein Passwort-Manager ist eine Software, die Ihnen hilft, Ihre Passw\u00f6rter sicher zu speichern und zu verwalten, so dass Sie ein einziges, starkes Passwort verwenden m\u00fcssen, um auf Ihre Konten zuzugreifen.<\/p>\n\n\t<div class=\"space-shortcode-wrap space-shortcode-4 relative\">\n\t\t<div class=\"space-shortcode-wrap-ins relative\">\n\n\t\t\t\n\t\t\t<div class=\"space-organizations-3-archive-items box-100 relative\">\n\n\t\t\t\t\n\t\t\t\t<div class=\"space-organizations-3-archive-item box-100 relative\">\n\t\t\t\t\t<div class=\"space-organizations-3-archive-item-ins relative\">\n\t\t\t\t\t\t<div class=\"space-organizations-3-archive-item-logo box-50 relative\">\n\t\t\t\t\t\t\t<div class=\"space-organizations-3-archive-item-logo-ins box-100 text-center relative\">\n\n\t\t\t\t\t\t\t\t\t\t\t\t\t\t\t\t\t\t<div class=\"space-organizations-3-logo-title-box box-100 text-left relative\">\n\t\t\t\t\t\t\t\t\t\t\t<div class=\"space-organizations-3-logo-box relative\">\n\t\t\t\t\t\t\t\t\t\t\t\t<a href=\"https:\/\/www.l-iz.de\/vpn\/roboform-erfahrungen\/\" title=\"RoboForm Erfahrungen im Test 2025\">\n\t\t\t\t\t\t\t\t\t\t\t\t\t<img loading=\"lazy\" decoding=\"async\" width=\"50\" height=\"50\" src=\"https:\/\/www.l-iz.de\/vpn\/wp-content\/uploads\/2023\/03\/roboform-erfahrungen-logo-50x50.webp\" class=\"attachment-mercury-50-50 size-mercury-50-50\" alt=\"RoboForm Erfahrungen im Test 2025\" srcset=\"https:\/\/www.l-iz.de\/vpn\/wp-content\/uploads\/2023\/03\/roboform-erfahrungen-logo-50x50.webp 50w, https:\/\/www.l-iz.de\/vpn\/wp-content\/uploads\/2023\/03\/roboform-erfahrungen-logo-300x300.webp 300w, https:\/\/www.l-iz.de\/vpn\/wp-content\/uploads\/2023\/03\/roboform-erfahrungen-logo-150x150.webp 150w, https:\/\/www.l-iz.de\/vpn\/wp-content\/uploads\/2023\/03\/roboform-erfahrungen-logo-40x40.webp 40w, https:\/\/www.l-iz.de\/vpn\/wp-content\/uploads\/2023\/03\/roboform-erfahrungen-logo-100x100.webp 100w, https:\/\/www.l-iz.de\/vpn\/wp-content\/uploads\/2023\/03\/roboform-erfahrungen-logo-120x120.webp 120w, https:\/\/www.l-iz.de\/vpn\/wp-content\/uploads\/2023\/03\/roboform-erfahrungen-logo-135x135.webp 135w, https:\/\/www.l-iz.de\/vpn\/wp-content\/uploads\/2023\/03\/roboform-erfahrungen-logo-270x270.webp 270w, https:\/\/www.l-iz.de\/vpn\/wp-content\/uploads\/2023\/03\/roboform-erfahrungen-logo-32x32.webp 32w, https:\/\/www.l-iz.de\/vpn\/wp-content\/uploads\/2023\/03\/roboform-erfahrungen-logo-80x80.webp 80w, https:\/\/www.l-iz.de\/vpn\/wp-content\/uploads\/2023\/03\/roboform-erfahrungen-logo.webp 368w\" sizes=\"auto, (max-width: 50px) 100vw, 50px\" \/>\t\t\t\t\t\t\t\t\t\t\t\t<\/a>\n\t\t\t\t\t\t\t\t\t\t\t\t<div class=\"space-organizations-3-archive-item-count-2 absolute\">\n\t\t\t\t\t\t\t\t\t\t\t\t\t<span>1<\/span>\n\t\t\t\t\t\t\t\t\t\t\t\t<\/div>\n\t\t\t\t\t\t\t\t\t\t\t<\/div>\n\t\t\t\t\t\t\t\t\t\t\t<div class=\"space-organizations-3-title-box relative\">\n\t\t\t\t\t\t\t\t\t\t\t\t<a href=\"https:\/\/www.l-iz.de\/vpn\/roboform-erfahrungen\/\" title=\"RoboForm Erfahrungen im Test 2025\">RoboForm Erfahrungen im Test 2025<\/a>\n\t\t\t\t\t\t\t\t\t\t\t<\/div>\n\t\t\t\t\t\t\t\t\t\t<\/div>\n\t\t\t\t\t\t\t\t\t\t\t\t\t\t\t\t<\/div>\n\t\t\t\t\t\t\t\t\t\t\t\t\t<\/div>\n\t\t\t\t\t\t<div class=\"space-organizations-3-archive-item-rating box-25 relative\">\n\t\t\t\t\t\t\t<div class=\"space-organizations-3-archive-item-rating-ins box-100 text-center relative\">\n\n\t\t\t\t\t\t\t\t\n\t\t\t\t\t\t\t\t\t\t\t\t\t\t\t\t\t<div class=\"space-organizations-3-archive-item-rating-box relative\">\n\t\t\t\t\t\t\t\t\t\t<div class=\"star-rating\"><div class=\"star star-full\" aria-hidden=\"true\"><\/div><div class=\"star star-full\" aria-hidden=\"true\"><\/div><div class=\"star star-full\" aria-hidden=\"true\"><\/div><div class=\"star star-full\" aria-hidden=\"true\"><\/div><div class=\"star star-full\" aria-hidden=\"true\"><\/div><\/div>\t\t\t\t\t\t\t\t\t\t<span>5.0<\/span>\n\t\t\t\t\t\t\t\t\t<\/div>\n\t\t\t\t\t\t\t\t\n\t\t\t\t\t\t\t\t\n\t\t\t\t\t\t\t\t\t\t\t\t\t\t\t\t\n\t\t\t\t\t\t\t<\/div>\n\t\t\t\t\t\t<\/div>\n\t\t\t\t\t\t<div class=\"space-organizations-3-archive-item-button box-25 relative\">\n\t\t\t\t\t\t\t<div class=\"space-organizations-3-archive-item-button-ins box-100 text-center relative\">\n\t\t\t\t\t\t\t\t<a href=\"https:\/\/www.l-iz.de\/vpn\/zu\/roboform\/\" title=\"Zum Anbieter\" target=\"_blank\" rel=\"nofollow\"><i class=\"fas fa-check-circle\"><\/i> Zum Anbieter<\/a>\n\n\t\t\t\t\t\t\t\t<a href=\"https:\/\/www.l-iz.de\/vpn\/roboform-erfahrungen\/\" title=\"Testbericht lesen\"><i class=\"fas fa-arrow-alt-circle-right\"><\/i> Testbericht lesen<\/a>\n\t\t\t\t\t\t\t<\/div>\n\t\t\t\t\t\t<\/div>\n\t\t\t\t\t\t\t\t\t\t\t<\/div>\n\t\t\t\t<\/div>\n\n\t\t\t\t\n\t\t\t\t<div class=\"space-organizations-3-archive-item box-100 relative\">\n\t\t\t\t\t<div class=\"space-organizations-3-archive-item-ins relative\">\n\t\t\t\t\t\t<div class=\"space-organizations-3-archive-item-logo box-50 relative\">\n\t\t\t\t\t\t\t<div class=\"space-organizations-3-archive-item-logo-ins box-100 text-center relative\">\n\n\t\t\t\t\t\t\t\t\t\t\t\t\t\t\t\t\t\t<div class=\"space-organizations-3-logo-title-box box-100 text-left relative\">\n\t\t\t\t\t\t\t\t\t\t\t<div class=\"space-organizations-3-logo-box relative\">\n\t\t\t\t\t\t\t\t\t\t\t\t<a href=\"https:\/\/www.l-iz.de\/vpn\/erfahrungen\/nordpass\/\" title=\"NordPass Erfahrungen 2026\">\n\t\t\t\t\t\t\t\t\t\t\t\t\t<img loading=\"lazy\" decoding=\"async\" width=\"50\" height=\"50\" src=\"https:\/\/www.l-iz.de\/vpn\/wp-content\/uploads\/2023\/03\/nordpass-erfahrungen-logo-50x50.jpg\" class=\"attachment-mercury-50-50 size-mercury-50-50\" alt=\"NordPass Erfahrungen 2026\" srcset=\"https:\/\/www.l-iz.de\/vpn\/wp-content\/uploads\/2023\/03\/nordpass-erfahrungen-logo-50x50.jpg 50w, https:\/\/www.l-iz.de\/vpn\/wp-content\/uploads\/2023\/03\/nordpass-erfahrungen-logo-300x300.jpg 300w, https:\/\/www.l-iz.de\/vpn\/wp-content\/uploads\/2023\/03\/nordpass-erfahrungen-logo-150x150.jpg 150w, https:\/\/www.l-iz.de\/vpn\/wp-content\/uploads\/2023\/03\/nordpass-erfahrungen-logo-40x40.jpg 40w, https:\/\/www.l-iz.de\/vpn\/wp-content\/uploads\/2023\/03\/nordpass-erfahrungen-logo-100x100.jpg 100w, https:\/\/www.l-iz.de\/vpn\/wp-content\/uploads\/2023\/03\/nordpass-erfahrungen-logo-120x120.jpg 120w, https:\/\/www.l-iz.de\/vpn\/wp-content\/uploads\/2023\/03\/nordpass-erfahrungen-logo-135x135.jpg 135w, https:\/\/www.l-iz.de\/vpn\/wp-content\/uploads\/2023\/03\/nordpass-erfahrungen-logo-270x270.jpg 270w, https:\/\/www.l-iz.de\/vpn\/wp-content\/uploads\/2023\/03\/nordpass-erfahrungen-logo-450x450.jpg 450w, https:\/\/www.l-iz.de\/vpn\/wp-content\/uploads\/2023\/03\/nordpass-erfahrungen-logo-479x479.jpg 479w, https:\/\/www.l-iz.de\/vpn\/wp-content\/uploads\/2023\/03\/nordpass-erfahrungen-logo.jpg 512w, https:\/\/www.l-iz.de\/vpn\/wp-content\/uploads\/2023\/03\/nordpass-erfahrungen-logo-32x32.jpg 32w, https:\/\/www.l-iz.de\/vpn\/wp-content\/uploads\/2023\/03\/nordpass-erfahrungen-logo-80x80.jpg 80w\" sizes=\"auto, (max-width: 50px) 100vw, 50px\" \/>\t\t\t\t\t\t\t\t\t\t\t\t<\/a>\n\t\t\t\t\t\t\t\t\t\t\t\t<div class=\"space-organizations-3-archive-item-count-2 absolute\">\n\t\t\t\t\t\t\t\t\t\t\t\t\t<span>2<\/span>\n\t\t\t\t\t\t\t\t\t\t\t\t<\/div>\n\t\t\t\t\t\t\t\t\t\t\t<\/div>\n\t\t\t\t\t\t\t\t\t\t\t<div class=\"space-organizations-3-title-box relative\">\n\t\t\t\t\t\t\t\t\t\t\t\t<a href=\"https:\/\/www.l-iz.de\/vpn\/erfahrungen\/nordpass\/\" title=\"NordPass Erfahrungen 2026\">NordPass Erfahrungen 2026<\/a>\n\t\t\t\t\t\t\t\t\t\t\t<\/div>\n\t\t\t\t\t\t\t\t\t\t<\/div>\n\t\t\t\t\t\t\t\t\t\t\t\t\t\t\t\t<\/div>\n\t\t\t\t\t\t\t\t\t\t\t\t\t<\/div>\n\t\t\t\t\t\t<div class=\"space-organizations-3-archive-item-rating box-25 relative\">\n\t\t\t\t\t\t\t<div class=\"space-organizations-3-archive-item-rating-ins box-100 text-center relative\">\n\n\t\t\t\t\t\t\t\t\n\t\t\t\t\t\t\t\t\t\t\t\t\t\t\t\t\t<div class=\"space-organizations-3-archive-item-rating-box relative\">\n\t\t\t\t\t\t\t\t\t\t<div class=\"star-rating\"><div class=\"star star-full\" aria-hidden=\"true\"><\/div><div class=\"star star-full\" aria-hidden=\"true\"><\/div><div class=\"star star-full\" aria-hidden=\"true\"><\/div><div class=\"star star-full\" aria-hidden=\"true\"><\/div><div class=\"star star-half\" aria-hidden=\"true\"><\/div><\/div>\t\t\t\t\t\t\t\t\t\t<span>4.5<\/span>\n\t\t\t\t\t\t\t\t\t<\/div>\n\t\t\t\t\t\t\t\t\n\t\t\t\t\t\t\t\t\n\t\t\t\t\t\t\t\t\t\t\t\t\t\t\t\t\n\t\t\t\t\t\t\t<\/div>\n\t\t\t\t\t\t<\/div>\n\t\t\t\t\t\t<div class=\"space-organizations-3-archive-item-button box-25 relative\">\n\t\t\t\t\t\t\t<div class=\"space-organizations-3-archive-item-button-ins box-100 text-center relative\">\n\t\t\t\t\t\t\t\t<a href=\"https:\/\/www.l-iz.de\/vpn\/zu\/nordpass\/\" title=\"Zum Anbieter\" target=\"_blank\" rel=\"nofollow\"><i class=\"fas fa-check-circle\"><\/i> Zum Anbieter<\/a>\n\n\t\t\t\t\t\t\t\t<a href=\"https:\/\/www.l-iz.de\/vpn\/erfahrungen\/nordpass\/\" title=\"Testbericht lesen\"><i class=\"fas fa-arrow-alt-circle-right\"><\/i> Testbericht lesen<\/a>\n\t\t\t\t\t\t\t<\/div>\n\t\t\t\t\t\t<\/div>\n\t\t\t\t\t\t\t\t\t\t\t<\/div>\n\t\t\t\t<\/div>\n\n\t\t\t\t\n\t\t\t<\/div>\n\t\t\t\n\t\t<\/div>\n\t<\/div>\n\n\n<p>Es gibt viele Optionen auf dem Markt, aber es kann schwierig sein, herauszufinden, welcher der beste Passwort-Manager f\u00fcr Sie ist. Um Ihnen dabei zu helfen, haben wir einen Vergleich der besten Passwort-Manager durchgef\u00fchrt, damit Sie dasjenige finden k\u00f6nnen, das am besten zu Ihnen passt.<\/p>\n<p>Lassen Sie uns zun\u00e4chst einmal \u00fcber das LastPass-Tool sprechen. LastPass ist ein beliebter Passwort-Manager, der Ihnen hilft, alle Ihre Passw\u00f6rter zu speichern und zu verwalten. Es ist eine benutzerfreundliche Anwendung, die Ihnen die M\u00f6glichkeit bietet, ein einziges starkes Master-Passwort zu erstellen, mit dem Sie auf alle Ihre Konten zugreifen k\u00f6nnen. Es ist sicher, denn LastPass verwendet starke Verschl\u00fcsselung, um Ihre Daten zu sch\u00fctzen. Au\u00dferdem k\u00f6nnen Sie LastPass auf allen Ihren Ger\u00e4ten verwenden, einschlie\u00dflich Handys, Tablets, Desktops und Laptops.<\/p>\n<p>Eine andere gro\u00dfartige Option ist KeePass. KeePass ist ein freies Passwort-Management-Tool, das Ihnen dabei hilft, Ihre Passw\u00f6rter sicher zu speichern und zu verwalten. Es ist einfach zu bedienen und bietet eine starke Verschl\u00fcsselung, um Ihre Daten zu sch\u00fctzen. Au\u00dferdem ist es kostenlos und kann auf Windows, MacOS, Linux, iOS und Android verwendet werden.<\/p>\n<div class=\"space-organization-content-button relative\" style=\"text-align: center;\"><a title=\"Jetzt Roboform testen\" href=\"https:\/\/www.l-iz.de\/vpn\/zu\/roboform\/\" target=\"_blank\" rel=\"nofollow noopener\">Jetzt Passwort-Manager: Roboform testen<i class=\"fas fa-arrow-alt-circle-right\" aria-hidden=\"true\"><\/i><\/a><\/div>\n<p>&nbsp;<\/p>\n<p>Eine weitere Option ist Dashlane. Dashlane ist ein Passwort-Manager, der Ihnen dabei hilft, Ihre Passw\u00f6rter schnell und sicher zu speichern und zu verwalten. Es ist ein benutzerfreundliches Tool, das Ihnen die M\u00f6glichkeit bietet, ein einziges Master-Passwort zu erstellen, das Sie zum Zugriff auf alle Ihre Konten verwenden k\u00f6nnen. Au\u00dferdem ist Dashlane kompatibel mit Windows, MacOS, iOS und Android.<\/p>\n<p>Schlie\u00dflich ist 1Password eine weitere beliebte Option. 1Password ist ein leistungsstarkes Tool, mit dem Sie Ihre Passw\u00f6rter sicher speichern und verwalten k\u00f6nnen. Es bietet eine benutzerfreundliche Oberfl\u00e4che und eine starke Verschl\u00fcsselung, um Ihre Daten zu sch\u00fctzen. Es ist kompatibel mit Windows, MacOS, iOS und Android.<\/p>\n<p>Wenn Sie nach einem Passwort-Manager suchen, ist es wichtig, die verschiedenen Optionen zu vergleichen, um herauszufinden, welche am besten zu Ihnen passt. LastPass, KeePass, Dashlane und 1Password sind einige der besten Passwort-Manager auf dem Markt. Sie alle bieten starke Verschl\u00fcsselung, um Ihre Daten zu sch\u00fctzen, und sind auf verschiedenen Plattformen kompatibel. W\u00e4hlen Sie diejenige aus, die am besten zu Ihnen passt, und verwenden Sie sie, um Ihre Passw\u00f6rter sicher zu speichern und zu verwalten.<\/p>\n","protected":false},"excerpt":{"rendered":"<p>Passwort Manager sind eines der wichtigsten Werkzeuge, die Menschen f\u00fcr den Schutz ihrer digitalen Identit\u00e4t verwenden k\u00f6nnen. Wenn Sie online sind, m\u00fcssen Sie m\u00f6glicherweise eine Vielzahl von Passw\u00f6rtern erstellen und verwalten, die verschiedene Konten sch\u00fctzen und Zugriff gew\u00e4hren. Es kann schwierig sein, sich alle Passw\u00f6rter zu merken, aber es ist entscheidend, dass sie sicher sind. [&hellip;]<\/p>\n","protected":false},"author":1,"featured_media":0,"parent":0,"menu_order":0,"comment_status":"closed","ping_status":"closed","template":"","meta":{"_lmt_disableupdate":"no","_lmt_disable":"","footnotes":""},"tags":[],"class_list":["post-3168","page","type-page","status-publish","hentry"],"yoast_head":"<!-- This site is optimized with the Yoast SEO plugin v27.4 - https:\/\/yoast.com\/product\/yoast-seo-wordpress\/ -->\n<title>Beste Passwort Manager Im Vergleich - Leipziger Zeitung<\/title>\n<meta name=\"robots\" content=\"index, follow, max-snippet:-1, max-image-preview:large, max-video-preview:-1\" \/>\n<link rel=\"canonical\" href=\"https:\/\/www.l-iz.de\/vpn\/beste-passwort-manager-im-vergleich\/\" \/>\n<meta property=\"og:locale\" content=\"de_DE\" \/>\n<meta property=\"og:type\" content=\"article\" \/>\n<meta property=\"og:title\" content=\"Beste Passwort Manager Im Vergleich - Leipziger Zeitung\" \/>\n<meta property=\"og:description\" content=\"Passwort Manager sind eines der wichtigsten Werkzeuge, die Menschen f\u00fcr den Schutz ihrer digitalen Identit\u00e4t verwenden k\u00f6nnen. Wenn Sie online sind, m\u00fcssen Sie m\u00f6glicherweise eine Vielzahl von Passw\u00f6rtern erstellen und verwalten, die verschiedene Konten sch\u00fctzen und Zugriff gew\u00e4hren. Es kann schwierig sein, sich alle Passw\u00f6rter zu merken, aber es ist entscheidend, dass sie sicher sind. [&hellip;]\" \/>\n<meta property=\"og:url\" content=\"https:\/\/www.l-iz.de\/vpn\/beste-passwort-manager-im-vergleich\/\" \/>\n<meta property=\"og:site_name\" content=\"Leipziger Zeitung\" \/>\n<meta property=\"article:publisher\" content=\"https:\/\/www.facebook.com\/LeipzigerInternetZeitung\" \/>\n<meta property=\"article:modified_time\" content=\"2025-06-18T12:42:50+00:00\" \/>\n<meta name=\"twitter:card\" content=\"summary_large_image\" \/>\n<meta name=\"twitter:label1\" content=\"Gesch\u00e4tzte Lesezeit\" \/>\n\t<meta name=\"twitter:data1\" content=\"3\u00a0Minuten\" \/>\n<script type=\"application\/ld+json\" class=\"yoast-schema-graph\">{\"@context\":\"https:\\\/\\\/schema.org\",\"@graph\":[{\"@type\":\"WebPage\",\"@id\":\"https:\\\/\\\/soccerfield24.com\\\/beste-passwort-manager-im-vergleich\\\/\",\"url\":\"https:\\\/\\\/soccerfield24.com\\\/beste-passwort-manager-im-vergleich\\\/\",\"name\":\"Beste Passwort Manager Im Vergleich - Leipziger Zeitung\",\"isPartOf\":{\"@id\":\"https:\\\/\\\/soccerfield24.com\\\/#website\"},\"datePublished\":\"2023-03-22T19:30:33+00:00\",\"dateModified\":\"2025-06-18T12:42:50+00:00\",\"breadcrumb\":{\"@id\":\"https:\\\/\\\/soccerfield24.com\\\/beste-passwort-manager-im-vergleich\\\/#breadcrumb\"},\"inLanguage\":\"de\",\"potentialAction\":[{\"@type\":\"ReadAction\",\"target\":[\"https:\\\/\\\/soccerfield24.com\\\/beste-passwort-manager-im-vergleich\\\/\"]}]},{\"@type\":\"BreadcrumbList\",\"@id\":\"https:\\\/\\\/soccerfield24.com\\\/beste-passwort-manager-im-vergleich\\\/#breadcrumb\",\"itemListElement\":[{\"@type\":\"ListItem\",\"position\":1,\"name\":\"Startseite\",\"item\":\"https:\\\/\\\/soccerfield24.com\\\/\"},{\"@type\":\"ListItem\",\"position\":2,\"name\":\"Beste Passwort Manager Im Vergleich\"}]},{\"@type\":\"WebSite\",\"@id\":\"https:\\\/\\\/soccerfield24.com\\\/#website\",\"url\":\"https:\\\/\\\/soccerfield24.com\\\/\",\"name\":\"Leipziger Zeitung\",\"description\":\"VPN-Test: Die besten VPN-Anbieter im Vergleich [yyyy]\",\"publisher\":{\"@id\":\"https:\\\/\\\/soccerfield24.com\\\/#organization\"},\"potentialAction\":[{\"@type\":\"SearchAction\",\"target\":{\"@type\":\"EntryPoint\",\"urlTemplate\":\"https:\\\/\\\/soccerfield24.com\\\/?s={search_term_string}\"},\"query-input\":{\"@type\":\"PropertyValueSpecification\",\"valueRequired\":true,\"valueName\":\"search_term_string\"}}],\"inLanguage\":\"de\"},{\"@type\":\"Organization\",\"@id\":\"https:\\\/\\\/soccerfield24.com\\\/#organization\",\"name\":\"LZ Medien GmbH\",\"url\":\"https:\\\/\\\/soccerfield24.com\\\/\",\"logo\":{\"@type\":\"ImageObject\",\"inLanguage\":\"de\",\"@id\":\"https:\\\/\\\/soccerfield24.com\\\/#\\\/schema\\\/logo\\\/image\\\/\",\"url\":\"https:\\\/\\\/soccerfield24.com\\\/wp-content\\\/uploads\\\/2022\\\/09\\\/cropped-l-iz-logo.jpg\",\"contentUrl\":\"https:\\\/\\\/soccerfield24.com\\\/wp-content\\\/uploads\\\/2022\\\/09\\\/cropped-l-iz-logo.jpg\",\"width\":1280,\"height\":387,\"caption\":\"LZ Medien GmbH\"},\"image\":{\"@id\":\"https:\\\/\\\/soccerfield24.com\\\/#\\\/schema\\\/logo\\\/image\\\/\"},\"sameAs\":[\"https:\\\/\\\/www.facebook.com\\\/LeipzigerInternetZeitung\",\"https:\\\/\\\/www.youtube.com\\\/c\\\/L-izDe\"]}]}<\/script>\n<!-- \/ Yoast SEO plugin. -->","yoast_head_json":{"title":"Beste Passwort Manager Im Vergleich - Leipziger Zeitung","robots":{"index":"index","follow":"follow","max-snippet":"max-snippet:-1","max-image-preview":"max-image-preview:large","max-video-preview":"max-video-preview:-1"},"canonical":"https:\/\/www.l-iz.de\/vpn\/beste-passwort-manager-im-vergleich\/","og_locale":"de_DE","og_type":"article","og_title":"Beste Passwort Manager Im Vergleich - Leipziger Zeitung","og_description":"Passwort Manager sind eines der wichtigsten Werkzeuge, die Menschen f\u00fcr den Schutz ihrer digitalen Identit\u00e4t verwenden k\u00f6nnen. Wenn Sie online sind, m\u00fcssen Sie m\u00f6glicherweise eine Vielzahl von Passw\u00f6rtern erstellen und verwalten, die verschiedene Konten sch\u00fctzen und Zugriff gew\u00e4hren. Es kann schwierig sein, sich alle Passw\u00f6rter zu merken, aber es ist entscheidend, dass sie sicher sind. [&hellip;]","og_url":"https:\/\/www.l-iz.de\/vpn\/beste-passwort-manager-im-vergleich\/","og_site_name":"Leipziger Zeitung","article_publisher":"https:\/\/www.facebook.com\/LeipzigerInternetZeitung","article_modified_time":"2025-06-18T12:42:50+00:00","twitter_card":"summary_large_image","twitter_misc":{"Gesch\u00e4tzte Lesezeit":"3\u00a0Minuten"},"schema":{"@context":"https:\/\/schema.org","@graph":[{"@type":"WebPage","@id":"https:\/\/www.l-iz.de\/vpn\/beste-passwort-manager-im-vergleich\/","url":"https:\/\/www.l-iz.de\/vpn\/beste-passwort-manager-im-vergleich\/","name":"Beste Passwort Manager Im Vergleich - Leipziger Zeitung","isPartOf":{"@id":"https:\/\/www.l-iz.de\/vpn\/#website"},"datePublished":"2023-03-22T19:30:33+00:00","dateModified":"2025-06-18T12:42:50+00:00","breadcrumb":{"@id":"https:\/\/www.l-iz.de\/vpn\/beste-passwort-manager-im-vergleich\/#breadcrumb"},"inLanguage":"de","potentialAction":[{"@type":"ReadAction","target":["https:\/\/www.l-iz.de\/vpn\/beste-passwort-manager-im-vergleich\/"]}]},{"@type":"BreadcrumbList","@id":"https:\/\/www.l-iz.de\/vpn\/beste-passwort-manager-im-vergleich\/#breadcrumb","itemListElement":[{"@type":"ListItem","position":1,"name":"Startseite","item":"https:\/\/www.l-iz.de\/vpn\/"},{"@type":"ListItem","position":2,"name":"Beste Passwort Manager Im Vergleich"}]},{"@type":"WebSite","@id":"https:\/\/www.l-iz.de\/vpn\/#website","url":"https:\/\/www.l-iz.de\/vpn\/","name":"Leipziger Zeitung","description":"VPN-Test: Die besten VPN-Anbieter im Vergleich [yyyy]","publisher":{"@id":"https:\/\/www.l-iz.de\/vpn\/#organization"},"potentialAction":[{"@type":"SearchAction","target":{"@type":"EntryPoint","urlTemplate":"https:\/\/www.l-iz.de\/vpn\/?s={search_term_string}"},"query-input":{"@type":"PropertyValueSpecification","valueRequired":true,"valueName":"search_term_string"}}],"inLanguage":"de"},{"@type":"Organization","@id":"https:\/\/www.l-iz.de\/vpn\/#organization","name":"LZ Medien GmbH","url":"https:\/\/www.l-iz.de\/vpn\/","logo":{"@type":"ImageObject","inLanguage":"de","@id":"https:\/\/www.l-iz.de\/vpn\/#\/schema\/logo\/image\/","url":"https:\/\/www.l-iz.de\/vpn\/wp-content\/uploads\/2022\/09\/cropped-l-iz-logo.jpg","contentUrl":"https:\/\/www.l-iz.de\/vpn\/wp-content\/uploads\/2022\/09\/cropped-l-iz-logo.jpg","width":1280,"height":387,"caption":"LZ Medien GmbH"},"image":{"@id":"https:\/\/www.l-iz.de\/vpn\/#\/schema\/logo\/image\/"},"sameAs":["https:\/\/www.facebook.com\/LeipzigerInternetZeitung","https:\/\/www.youtube.com\/c\/L-izDe"]}]}},"_links":{"self":[{"href":"https:\/\/www.l-iz.de\/vpn\/wp-json\/wp\/v2\/pages\/3168","targetHints":{"allow":["GET"]}}],"collection":[{"href":"https:\/\/www.l-iz.de\/vpn\/wp-json\/wp\/v2\/pages"}],"about":[{"href":"https:\/\/www.l-iz.de\/vpn\/wp-json\/wp\/v2\/types\/page"}],"author":[{"embeddable":true,"href":"https:\/\/www.l-iz.de\/vpn\/wp-json\/wp\/v2\/users\/1"}],"replies":[{"embeddable":true,"href":"https:\/\/www.l-iz.de\/vpn\/wp-json\/wp\/v2\/comments?post=3168"}],"version-history":[{"count":3,"href":"https:\/\/www.l-iz.de\/vpn\/wp-json\/wp\/v2\/pages\/3168\/revisions"}],"predecessor-version":[{"id":10221,"href":"https:\/\/www.l-iz.de\/vpn\/wp-json\/wp\/v2\/pages\/3168\/revisions\/10221"}],"wp:attachment":[{"href":"https:\/\/www.l-iz.de\/vpn\/wp-json\/wp\/v2\/media?parent=3168"}],"wp:term":[{"taxonomy":"post_tag","embeddable":true,"href":"https:\/\/www.l-iz.de\/vpn\/wp-json\/wp\/v2\/tags?post=3168"}],"curies":[{"name":"wp","href":"https:\/\/api.w.org\/{rel}","templated":true}]}}