{"id":3172,"date":"2023-03-22T20:31:24","date_gmt":"2023-03-22T19:31:24","guid":{"rendered":"https:\/\/www.l-iz.de\/vpn\/avira-passwort-test\/"},"modified":"2024-04-21T12:00:00","modified_gmt":"2024-04-21T10:00:00","slug":"avira-passwort-test","status":"publish","type":"page","link":"https:\/\/www.l-iz.de\/vpn\/avira-passwort-test\/","title":{"rendered":"Avira Passwort Test"},"content":{"rendered":"<p>Avira Passwort Test ist ein einzigartiges Tool, das Benutzern dabei hilft, ihre Passwort-St\u00e4rke zu testen. Es verwendet eine Kombination aus maschinellem Lernen und modernen Algorithmen, um zu ermitteln, ob ein Passwort als stark oder schwach bewertet wird. Avira Passwort Test wird auf der offiziellen Website des Unternehmens angeboten und ist ein kostenloses Tool.<\/p>\n<p>Avira Passwort Test basiert auf der Avira-Technologie, die bekannt ist als der Marktf\u00fchrer in der Sicherheitsbranche. Der Test bietet Benutzern eine Einsch\u00e4tzung ihrer Passwort-St\u00e4rke, indem er verschiedene Formen von Passw\u00f6rtern auf Komplexit\u00e4t und Schutzniveau \u00fcberpr\u00fcft. Mit dem Test k\u00f6nnen Benutzer wichtige Informationen \u00fcber ihre Passwort-St\u00e4rke erhalten, die sie verwenden k\u00f6nnen, um ihre Sicherheit zu verbessern.<\/p>\n<p>Avira Passwort Test ist ein sehr einfach zu bedienendes Tool. Benutzer m\u00fcssen lediglich ihr Passwort in das Test-Tool eingeben und dann auf den Test-Button klicken. Der Test pr\u00fcft das Passwort nach seiner Komplexit\u00e4t und der Anzahl der verwendeten Zeichen. Er bewertet das Passwort auch nach der Anzahl der verschiedenen Zeichen, die verwendet werden, und der Anzahl der Zeichen, die in der gleichen Reihenfolge verwendet werden.<\/p>\n<p>Der Test gibt dem Benutzer auch Hinweise, wie er sein Passwort verbessern kann, sodass es zu einem sichereren Passwort wird. Zum Beispiel, indem er unterschiedliche Zeichenkombinationen in sein Passwort aufnimmt oder die Anzahl der Zeichen erh\u00f6ht. Avira Passwort Test kann auch Benutzern helfen, ihre Passw\u00f6rter leichter zu merken, indem sie sie in einem sicheren Passwort-Manager speichern.<\/p>\n<p>Avira Passwort Test ist ein sehr n\u00fctzliches Tool, das Benutzern dabei hilft, ihre Passw\u00f6rter zu sch\u00fctzen. Es ist einfach zu bedienen und bietet Benutzern wichtige Informationen, die sie verwenden k\u00f6nnen, um ihre Sicherheit zu verbessern. Der Test ist ein kostenloses Tool und kann auf der Avira-Website heruntergeladen werden. Benutzer, die ihren Passwort-Schutz verbessern m\u00f6chten, sollten daher auf jeden Fall Avira Passwort Test ausprobieren.<\/p>\n","protected":false},"excerpt":{"rendered":"<p>Avira Passwort Test ist ein einzigartiges Tool, das Benutzern dabei hilft, ihre Passwort-St\u00e4rke zu testen. Es verwendet eine Kombination aus maschinellem Lernen und modernen Algorithmen, um zu ermitteln, ob ein Passwort als stark oder schwach bewertet wird. Avira Passwort Test wird auf der offiziellen Website des Unternehmens angeboten und ist ein kostenloses Tool. Avira Passwort [&hellip;]<\/p>\n","protected":false},"author":1,"featured_media":0,"parent":0,"menu_order":0,"comment_status":"closed","ping_status":"closed","template":"","meta":{"_lmt_disableupdate":"","_lmt_disable":"","footnotes":""},"tags":[],"class_list":["post-3172","page","type-page","status-publish","hentry"],"yoast_head":"<!-- This site is optimized with the Yoast SEO plugin v27.4 - https:\/\/yoast.com\/product\/yoast-seo-wordpress\/ -->\n<title>Avira Passwort Test - Leipziger Zeitung<\/title>\n<meta name=\"robots\" content=\"index, follow, max-snippet:-1, max-image-preview:large, max-video-preview:-1\" \/>\n<link rel=\"canonical\" href=\"https:\/\/www.l-iz.de\/vpn\/avira-passwort-test\/\" \/>\n<meta property=\"og:locale\" content=\"de_DE\" \/>\n<meta property=\"og:type\" content=\"article\" \/>\n<meta property=\"og:title\" content=\"Avira Passwort Test - Leipziger Zeitung\" \/>\n<meta property=\"og:description\" content=\"Avira Passwort Test ist ein einzigartiges Tool, das Benutzern dabei hilft, ihre Passwort-St\u00e4rke zu testen. Es verwendet eine Kombination aus maschinellem Lernen und modernen Algorithmen, um zu ermitteln, ob ein Passwort als stark oder schwach bewertet wird. Avira Passwort Test wird auf der offiziellen Website des Unternehmens angeboten und ist ein kostenloses Tool. Avira Passwort [&hellip;]\" \/>\n<meta property=\"og:url\" content=\"https:\/\/www.l-iz.de\/vpn\/avira-passwort-test\/\" \/>\n<meta property=\"og:site_name\" content=\"Leipziger Zeitung\" \/>\n<meta property=\"article:publisher\" content=\"https:\/\/www.facebook.com\/LeipzigerInternetZeitung\" \/>\n<meta property=\"article:modified_time\" content=\"2024-04-21T10:00:00+00:00\" \/>\n<meta name=\"twitter:card\" content=\"summary_large_image\" \/>\n<meta name=\"twitter:label1\" content=\"Gesch\u00e4tzte Lesezeit\" \/>\n\t<meta name=\"twitter:data1\" content=\"2\u00a0Minuten\" \/>\n<script type=\"application\/ld+json\" class=\"yoast-schema-graph\">{\"@context\":\"https:\\\/\\\/schema.org\",\"@graph\":[{\"@type\":\"WebPage\",\"@id\":\"https:\\\/\\\/soccerfield24.com\\\/avira-passwort-test\\\/\",\"url\":\"https:\\\/\\\/soccerfield24.com\\\/avira-passwort-test\\\/\",\"name\":\"Avira Passwort Test - Leipziger Zeitung\",\"isPartOf\":{\"@id\":\"https:\\\/\\\/soccerfield24.com\\\/#website\"},\"datePublished\":\"2023-03-22T19:31:24+00:00\",\"dateModified\":\"2024-04-21T10:00:00+00:00\",\"breadcrumb\":{\"@id\":\"https:\\\/\\\/soccerfield24.com\\\/avira-passwort-test\\\/#breadcrumb\"},\"inLanguage\":\"de\",\"potentialAction\":[{\"@type\":\"ReadAction\",\"target\":[\"https:\\\/\\\/soccerfield24.com\\\/avira-passwort-test\\\/\"]}]},{\"@type\":\"BreadcrumbList\",\"@id\":\"https:\\\/\\\/soccerfield24.com\\\/avira-passwort-test\\\/#breadcrumb\",\"itemListElement\":[{\"@type\":\"ListItem\",\"position\":1,\"name\":\"Startseite\",\"item\":\"https:\\\/\\\/soccerfield24.com\\\/\"},{\"@type\":\"ListItem\",\"position\":2,\"name\":\"Avira Passwort Test\"}]},{\"@type\":\"WebSite\",\"@id\":\"https:\\\/\\\/soccerfield24.com\\\/#website\",\"url\":\"https:\\\/\\\/soccerfield24.com\\\/\",\"name\":\"Leipziger Zeitung\",\"description\":\"VPN-Test: Die besten VPN-Anbieter im Vergleich [yyyy]\",\"publisher\":{\"@id\":\"https:\\\/\\\/soccerfield24.com\\\/#organization\"},\"potentialAction\":[{\"@type\":\"SearchAction\",\"target\":{\"@type\":\"EntryPoint\",\"urlTemplate\":\"https:\\\/\\\/soccerfield24.com\\\/?s={search_term_string}\"},\"query-input\":{\"@type\":\"PropertyValueSpecification\",\"valueRequired\":true,\"valueName\":\"search_term_string\"}}],\"inLanguage\":\"de\"},{\"@type\":\"Organization\",\"@id\":\"https:\\\/\\\/soccerfield24.com\\\/#organization\",\"name\":\"LZ Medien GmbH\",\"url\":\"https:\\\/\\\/soccerfield24.com\\\/\",\"logo\":{\"@type\":\"ImageObject\",\"inLanguage\":\"de\",\"@id\":\"https:\\\/\\\/soccerfield24.com\\\/#\\\/schema\\\/logo\\\/image\\\/\",\"url\":\"https:\\\/\\\/soccerfield24.com\\\/wp-content\\\/uploads\\\/2022\\\/09\\\/cropped-l-iz-logo.jpg\",\"contentUrl\":\"https:\\\/\\\/soccerfield24.com\\\/wp-content\\\/uploads\\\/2022\\\/09\\\/cropped-l-iz-logo.jpg\",\"width\":1280,\"height\":387,\"caption\":\"LZ Medien GmbH\"},\"image\":{\"@id\":\"https:\\\/\\\/soccerfield24.com\\\/#\\\/schema\\\/logo\\\/image\\\/\"},\"sameAs\":[\"https:\\\/\\\/www.facebook.com\\\/LeipzigerInternetZeitung\",\"https:\\\/\\\/www.youtube.com\\\/c\\\/L-izDe\"]}]}<\/script>\n<!-- \/ Yoast SEO plugin. -->","yoast_head_json":{"title":"Avira Passwort Test - Leipziger Zeitung","robots":{"index":"index","follow":"follow","max-snippet":"max-snippet:-1","max-image-preview":"max-image-preview:large","max-video-preview":"max-video-preview:-1"},"canonical":"https:\/\/www.l-iz.de\/vpn\/avira-passwort-test\/","og_locale":"de_DE","og_type":"article","og_title":"Avira Passwort Test - Leipziger Zeitung","og_description":"Avira Passwort Test ist ein einzigartiges Tool, das Benutzern dabei hilft, ihre Passwort-St\u00e4rke zu testen. Es verwendet eine Kombination aus maschinellem Lernen und modernen Algorithmen, um zu ermitteln, ob ein Passwort als stark oder schwach bewertet wird. Avira Passwort Test wird auf der offiziellen Website des Unternehmens angeboten und ist ein kostenloses Tool. Avira Passwort [&hellip;]","og_url":"https:\/\/www.l-iz.de\/vpn\/avira-passwort-test\/","og_site_name":"Leipziger Zeitung","article_publisher":"https:\/\/www.facebook.com\/LeipzigerInternetZeitung","article_modified_time":"2024-04-21T10:00:00+00:00","twitter_card":"summary_large_image","twitter_misc":{"Gesch\u00e4tzte Lesezeit":"2\u00a0Minuten"},"schema":{"@context":"https:\/\/schema.org","@graph":[{"@type":"WebPage","@id":"https:\/\/www.l-iz.de\/vpn\/avira-passwort-test\/","url":"https:\/\/www.l-iz.de\/vpn\/avira-passwort-test\/","name":"Avira Passwort Test - Leipziger Zeitung","isPartOf":{"@id":"https:\/\/www.l-iz.de\/vpn\/#website"},"datePublished":"2023-03-22T19:31:24+00:00","dateModified":"2024-04-21T10:00:00+00:00","breadcrumb":{"@id":"https:\/\/www.l-iz.de\/vpn\/avira-passwort-test\/#breadcrumb"},"inLanguage":"de","potentialAction":[{"@type":"ReadAction","target":["https:\/\/www.l-iz.de\/vpn\/avira-passwort-test\/"]}]},{"@type":"BreadcrumbList","@id":"https:\/\/www.l-iz.de\/vpn\/avira-passwort-test\/#breadcrumb","itemListElement":[{"@type":"ListItem","position":1,"name":"Startseite","item":"https:\/\/www.l-iz.de\/vpn\/"},{"@type":"ListItem","position":2,"name":"Avira Passwort Test"}]},{"@type":"WebSite","@id":"https:\/\/www.l-iz.de\/vpn\/#website","url":"https:\/\/www.l-iz.de\/vpn\/","name":"Leipziger Zeitung","description":"VPN-Test: Die besten VPN-Anbieter im Vergleich [yyyy]","publisher":{"@id":"https:\/\/www.l-iz.de\/vpn\/#organization"},"potentialAction":[{"@type":"SearchAction","target":{"@type":"EntryPoint","urlTemplate":"https:\/\/www.l-iz.de\/vpn\/?s={search_term_string}"},"query-input":{"@type":"PropertyValueSpecification","valueRequired":true,"valueName":"search_term_string"}}],"inLanguage":"de"},{"@type":"Organization","@id":"https:\/\/www.l-iz.de\/vpn\/#organization","name":"LZ Medien GmbH","url":"https:\/\/www.l-iz.de\/vpn\/","logo":{"@type":"ImageObject","inLanguage":"de","@id":"https:\/\/www.l-iz.de\/vpn\/#\/schema\/logo\/image\/","url":"https:\/\/www.l-iz.de\/vpn\/wp-content\/uploads\/2022\/09\/cropped-l-iz-logo.jpg","contentUrl":"https:\/\/www.l-iz.de\/vpn\/wp-content\/uploads\/2022\/09\/cropped-l-iz-logo.jpg","width":1280,"height":387,"caption":"LZ Medien GmbH"},"image":{"@id":"https:\/\/www.l-iz.de\/vpn\/#\/schema\/logo\/image\/"},"sameAs":["https:\/\/www.facebook.com\/LeipzigerInternetZeitung","https:\/\/www.youtube.com\/c\/L-izDe"]}]}},"_links":{"self":[{"href":"https:\/\/www.l-iz.de\/vpn\/wp-json\/wp\/v2\/pages\/3172","targetHints":{"allow":["GET"]}}],"collection":[{"href":"https:\/\/www.l-iz.de\/vpn\/wp-json\/wp\/v2\/pages"}],"about":[{"href":"https:\/\/www.l-iz.de\/vpn\/wp-json\/wp\/v2\/types\/page"}],"author":[{"embeddable":true,"href":"https:\/\/www.l-iz.de\/vpn\/wp-json\/wp\/v2\/users\/1"}],"replies":[{"embeddable":true,"href":"https:\/\/www.l-iz.de\/vpn\/wp-json\/wp\/v2\/comments?post=3172"}],"version-history":[{"count":1,"href":"https:\/\/www.l-iz.de\/vpn\/wp-json\/wp\/v2\/pages\/3172\/revisions"}],"predecessor-version":[{"id":8626,"href":"https:\/\/www.l-iz.de\/vpn\/wp-json\/wp\/v2\/pages\/3172\/revisions\/8626"}],"wp:attachment":[{"href":"https:\/\/www.l-iz.de\/vpn\/wp-json\/wp\/v2\/media?parent=3172"}],"wp:term":[{"taxonomy":"post_tag","embeddable":true,"href":"https:\/\/www.l-iz.de\/vpn\/wp-json\/wp\/v2\/tags?post=3172"}],"curies":[{"name":"wp","href":"https:\/\/api.w.org\/{rel}","templated":true}]}}