{"id":3460,"date":"2023-03-22T23:54:33","date_gmt":"2023-03-22T22:54:33","guid":{"rendered":"https:\/\/www.l-iz.de\/vpn\/bester-vpn-anbieter-fuer-niue-nu\/"},"modified":"2024-04-21T12:00:00","modified_gmt":"2024-04-21T10:00:00","slug":"bester-vpn-anbieter-fuer-niue-nu","status":"publish","type":"page","link":"https:\/\/www.l-iz.de\/vpn\/bester-vpn-anbieter-fuer-niue-nu\/","title":{"rendered":"Bester VPN Anbieter f\u00fcr Niue"},"content":{"rendered":"<p>Der beste VPN-Anbieter f\u00fcr Niue ist NordVPN. NordVPN ist ein preisg\u00fcnstiger und vielseitiger VPN-Anbieter mit einer Vielzahl von Funktionen, die sowohl Einsteigern als auch Experten gerecht werden. NordVPN bietet eine breite Palette an Dienstleistungen, die abh\u00e4ngig von Ihren Anforderungen und Ihrem Budget ausgew\u00e4hlt werden k\u00f6nnen. NordVPN bietet eine sichere, verschl\u00fcsselte Verbindung, um Ihre Identit\u00e4t und Ihre Online-Aktivit\u00e4ten zu sch\u00fctzen und Ihnen einen sicheren Zugriff auf Inhalte zu erm\u00f6glichen.<\/p>\n\n\t<div class=\"space-shortcode-wrap space-shortcode-4 relative\">\n\t\t<div class=\"space-shortcode-wrap-ins relative\">\n\n\t\t\t\n\t\t\t<div class=\"space-organizations-3-archive-items box-100 relative\">\n\n\t\t\t\t\n\t\t\t\t<div class=\"space-organizations-3-archive-item box-100 relative\">\n\t\t\t\t\t<div class=\"space-organizations-3-archive-item-ins relative\">\n\t\t\t\t\t\t<div class=\"space-organizations-3-archive-item-logo box-50 relative\">\n\t\t\t\t\t\t\t<div class=\"space-organizations-3-archive-item-logo-ins box-100 text-center relative\">\n\n\t\t\t\t\t\t\t\t\t\t\t\t\t\t\t\t\t\t<div class=\"space-organizations-3-logo-title-box box-100 text-left relative\">\n\t\t\t\t\t\t\t\t\t\t\t<div class=\"space-organizations-3-logo-box relative\">\n\t\t\t\t\t\t\t\t\t\t\t\t<a href=\"https:\/\/www.l-iz.de\/vpn\/erfahrungen\/wix-erfahrungen\/\" title=\"Wix Erfahrungen 2026\">\n\t\t\t\t\t\t\t\t\t\t\t\t\t<img loading=\"lazy\" decoding=\"async\" width=\"50\" height=\"50\" src=\"https:\/\/www.l-iz.de\/vpn\/wp-content\/uploads\/2025\/05\/wix-logo-50x50.jpg\" class=\"attachment-mercury-50-50 size-mercury-50-50\" alt=\"Wix Erfahrungen 2026\" srcset=\"https:\/\/www.l-iz.de\/vpn\/wp-content\/uploads\/2025\/05\/wix-logo-50x50.jpg 50w, https:\/\/www.l-iz.de\/vpn\/wp-content\/uploads\/2025\/05\/wix-logo-300x300.jpg 300w, https:\/\/www.l-iz.de\/vpn\/wp-content\/uploads\/2025\/05\/wix-logo-150x150.jpg 150w, https:\/\/www.l-iz.de\/vpn\/wp-content\/uploads\/2025\/05\/wix-logo-40x40.jpg 40w, https:\/\/www.l-iz.de\/vpn\/wp-content\/uploads\/2025\/05\/wix-logo-100x100.jpg 100w, https:\/\/www.l-iz.de\/vpn\/wp-content\/uploads\/2025\/05\/wix-logo-120x120.jpg 120w, https:\/\/www.l-iz.de\/vpn\/wp-content\/uploads\/2025\/05\/wix-logo-135x135.jpg 135w, https:\/\/www.l-iz.de\/vpn\/wp-content\/uploads\/2025\/05\/wix-logo-270x270.jpg 270w, https:\/\/www.l-iz.de\/vpn\/wp-content\/uploads\/2025\/05\/wix-logo-32x32.jpg 32w, https:\/\/www.l-iz.de\/vpn\/wp-content\/uploads\/2025\/05\/wix-logo-80x80.jpg 80w, https:\/\/www.l-iz.de\/vpn\/wp-content\/uploads\/2025\/05\/wix-logo.jpg 366w\" sizes=\"auto, (max-width: 50px) 100vw, 50px\" \/>\t\t\t\t\t\t\t\t\t\t\t\t<\/a>\n\t\t\t\t\t\t\t\t\t\t\t\t<div class=\"space-organizations-3-archive-item-count-2 absolute\">\n\t\t\t\t\t\t\t\t\t\t\t\t\t<span>1<\/span>\n\t\t\t\t\t\t\t\t\t\t\t\t<\/div>\n\t\t\t\t\t\t\t\t\t\t\t<\/div>\n\t\t\t\t\t\t\t\t\t\t\t<div class=\"space-organizations-3-title-box relative\">\n\t\t\t\t\t\t\t\t\t\t\t\t<a href=\"https:\/\/www.l-iz.de\/vpn\/erfahrungen\/wix-erfahrungen\/\" title=\"Wix Erfahrungen 2026\">Wix Erfahrungen 2026<\/a>\n\t\t\t\t\t\t\t\t\t\t\t<\/div>\n\t\t\t\t\t\t\t\t\t\t<\/div>\n\t\t\t\t\t\t\t\t\t\t\t\t\t\t\t\t<\/div>\n\t\t\t\t\t\t\t\t\t\t\t\t\t<\/div>\n\t\t\t\t\t\t<div class=\"space-organizations-3-archive-item-rating box-25 relative\">\n\t\t\t\t\t\t\t<div class=\"space-organizations-3-archive-item-rating-ins box-100 text-center relative\">\n\n\t\t\t\t\t\t\t\t\n\t\t\t\t\t\t\t\t\t\t\t\t\t\t\t\t\t<div class=\"space-organizations-3-archive-item-rating-box relative\">\n\t\t\t\t\t\t\t\t\t\t<div class=\"star-rating\"><div class=\"star star-full\" aria-hidden=\"true\"><\/div><div class=\"star star-full\" aria-hidden=\"true\"><\/div><div class=\"star star-full\" aria-hidden=\"true\"><\/div><div class=\"star star-full\" aria-hidden=\"true\"><\/div><div class=\"star star-full\" aria-hidden=\"true\"><\/div><\/div>\t\t\t\t\t\t\t\t\t\t<span>5.0<\/span>\n\t\t\t\t\t\t\t\t\t<\/div>\n\t\t\t\t\t\t\t\t\n\t\t\t\t\t\t\t\t\n\t\t\t\t\t\t\t\t\t\t\t\t\t\t\t\t\n\t\t\t\t\t\t\t<\/div>\n\t\t\t\t\t\t<\/div>\n\t\t\t\t\t\t<div class=\"space-organizations-3-archive-item-button box-25 relative\">\n\t\t\t\t\t\t\t<div class=\"space-organizations-3-archive-item-button-ins box-100 text-center relative\">\n\t\t\t\t\t\t\t\t<a href=\"https:\/\/www.l-iz.de\/vpn\/zu\/wix-website\/\" title=\"Zum Anbieter\" target=\"_blank\" rel=\"nofollow\"><i class=\"fas fa-check-circle\"><\/i> Zum Anbieter<\/a>\n\n\t\t\t\t\t\t\t\t<a href=\"https:\/\/www.l-iz.de\/vpn\/erfahrungen\/wix-erfahrungen\/\" title=\"Testbericht lesen\"><i class=\"fas fa-arrow-alt-circle-right\"><\/i> Testbericht lesen<\/a>\n\t\t\t\t\t\t\t<\/div>\n\t\t\t\t\t\t<\/div>\n\t\t\t\t\t\t\t\t\t\t\t<\/div>\n\t\t\t\t<\/div>\n\n\t\t\t\t\n\t\t\t\t<div class=\"space-organizations-3-archive-item box-100 relative\">\n\t\t\t\t\t<div class=\"space-organizations-3-archive-item-ins relative\">\n\t\t\t\t\t\t<div class=\"space-organizations-3-archive-item-logo box-50 relative\">\n\t\t\t\t\t\t\t<div class=\"space-organizations-3-archive-item-logo-ins box-100 text-center relative\">\n\n\t\t\t\t\t\t\t\t\t\t\t\t\t\t\t\t\t\t<div class=\"space-organizations-3-logo-title-box box-100 text-left relative\">\n\t\t\t\t\t\t\t\t\t\t\t<div class=\"space-organizations-3-logo-box relative\">\n\t\t\t\t\t\t\t\t\t\t\t\t<a href=\"https:\/\/www.l-iz.de\/vpn\/erfahrungen\/ionos-hosting\/\" title=\"Ionos Hosting Erfahrungen\">\n\t\t\t\t\t\t\t\t\t\t\t\t\t<img loading=\"lazy\" decoding=\"async\" width=\"50\" height=\"50\" src=\"https:\/\/www.l-iz.de\/vpn\/wp-content\/uploads\/2023\/02\/ionos-50x50.png\" class=\"attachment-mercury-50-50 size-mercury-50-50\" alt=\"Ionos Hosting Erfahrungen\" srcset=\"https:\/\/www.l-iz.de\/vpn\/wp-content\/uploads\/2023\/02\/ionos-50x50.png 50w, https:\/\/www.l-iz.de\/vpn\/wp-content\/uploads\/2023\/02\/ionos-150x150.png 150w, https:\/\/www.l-iz.de\/vpn\/wp-content\/uploads\/2023\/02\/ionos-100x100.png 100w, https:\/\/www.l-iz.de\/vpn\/wp-content\/uploads\/2023\/02\/ionos-120x120.png 120w, https:\/\/www.l-iz.de\/vpn\/wp-content\/uploads\/2023\/02\/ionos-135x135.png 135w\" sizes=\"auto, (max-width: 50px) 100vw, 50px\" \/>\t\t\t\t\t\t\t\t\t\t\t\t<\/a>\n\t\t\t\t\t\t\t\t\t\t\t\t<div class=\"space-organizations-3-archive-item-count-2 absolute\">\n\t\t\t\t\t\t\t\t\t\t\t\t\t<span>2<\/span>\n\t\t\t\t\t\t\t\t\t\t\t\t<\/div>\n\t\t\t\t\t\t\t\t\t\t\t<\/div>\n\t\t\t\t\t\t\t\t\t\t\t<div class=\"space-organizations-3-title-box relative\">\n\t\t\t\t\t\t\t\t\t\t\t\t<a href=\"https:\/\/www.l-iz.de\/vpn\/erfahrungen\/ionos-hosting\/\" title=\"Ionos Hosting Erfahrungen\">Ionos Hosting Erfahrungen<\/a>\n\t\t\t\t\t\t\t\t\t\t\t<\/div>\n\t\t\t\t\t\t\t\t\t\t<\/div>\n\t\t\t\t\t\t\t\t\t\t\t\t\t\t\t\t<\/div>\n\t\t\t\t\t\t\t\t\t\t\t\t\t<\/div>\n\t\t\t\t\t\t<div class=\"space-organizations-3-archive-item-rating box-25 relative\">\n\t\t\t\t\t\t\t<div class=\"space-organizations-3-archive-item-rating-ins box-100 text-center relative\">\n\n\t\t\t\t\t\t\t\t\n\t\t\t\t\t\t\t\t\t\t\t\t\t\t\t\t\t<div class=\"space-organizations-3-archive-item-rating-box relative\">\n\t\t\t\t\t\t\t\t\t\t<div class=\"star-rating\"><div class=\"star star-full\" aria-hidden=\"true\"><\/div><div class=\"star star-full\" aria-hidden=\"true\"><\/div><div class=\"star star-full\" aria-hidden=\"true\"><\/div><div class=\"star star-full\" aria-hidden=\"true\"><\/div><div class=\"star star-full\" aria-hidden=\"true\"><\/div><\/div>\t\t\t\t\t\t\t\t\t\t<span>5.0<\/span>\n\t\t\t\t\t\t\t\t\t<\/div>\n\t\t\t\t\t\t\t\t\n\t\t\t\t\t\t\t\t\n\t\t\t\t\t\t\t\t\t\t\t\t\t\t\t\t\n\t\t\t\t\t\t\t<\/div>\n\t\t\t\t\t\t<\/div>\n\t\t\t\t\t\t<div class=\"space-organizations-3-archive-item-button box-25 relative\">\n\t\t\t\t\t\t\t<div class=\"space-organizations-3-archive-item-button-ins box-100 text-center relative\">\n\t\t\t\t\t\t\t\t<a href=\"https:\/\/www.l-iz.de\/vpn\/zu\/ionos-hosting\/\" title=\"Zum Anbieter\" target=\"_blank\" rel=\"nofollow\"><i class=\"fas fa-check-circle\"><\/i> Zum Anbieter<\/a>\n\n\t\t\t\t\t\t\t\t<a href=\"https:\/\/www.l-iz.de\/vpn\/erfahrungen\/ionos-hosting\/\" title=\"Testbericht lesen\"><i class=\"fas fa-arrow-alt-circle-right\"><\/i> Testbericht lesen<\/a>\n\t\t\t\t\t\t\t<\/div>\n\t\t\t\t\t\t<\/div>\n\t\t\t\t\t\t\t\t\t\t\t<\/div>\n\t\t\t\t<\/div>\n\n\t\t\t\t\n\t\t\t\t<div class=\"space-organizations-3-archive-item box-100 relative\">\n\t\t\t\t\t<div class=\"space-organizations-3-archive-item-ins relative\">\n\t\t\t\t\t\t<div class=\"space-organizations-3-archive-item-logo box-50 relative\">\n\t\t\t\t\t\t\t<div class=\"space-organizations-3-archive-item-logo-ins box-100 text-center relative\">\n\n\t\t\t\t\t\t\t\t\t\t\t\t\t\t\t\t\t\t<div class=\"space-organizations-3-logo-title-box box-100 text-left relative\">\n\t\t\t\t\t\t\t\t\t\t\t<div class=\"space-organizations-3-logo-box relative\">\n\t\t\t\t\t\t\t\t\t\t\t\t<a href=\"https:\/\/www.l-iz.de\/vpn\/roboform-erfahrungen\/\" title=\"RoboForm Erfahrungen im Test 2025\">\n\t\t\t\t\t\t\t\t\t\t\t\t\t<img loading=\"lazy\" decoding=\"async\" width=\"50\" height=\"50\" src=\"https:\/\/www.l-iz.de\/vpn\/wp-content\/uploads\/2023\/03\/roboform-erfahrungen-logo-50x50.webp\" class=\"attachment-mercury-50-50 size-mercury-50-50\" alt=\"RoboForm Erfahrungen im Test 2025\" srcset=\"https:\/\/www.l-iz.de\/vpn\/wp-content\/uploads\/2023\/03\/roboform-erfahrungen-logo-50x50.webp 50w, https:\/\/www.l-iz.de\/vpn\/wp-content\/uploads\/2023\/03\/roboform-erfahrungen-logo-300x300.webp 300w, https:\/\/www.l-iz.de\/vpn\/wp-content\/uploads\/2023\/03\/roboform-erfahrungen-logo-150x150.webp 150w, https:\/\/www.l-iz.de\/vpn\/wp-content\/uploads\/2023\/03\/roboform-erfahrungen-logo-40x40.webp 40w, https:\/\/www.l-iz.de\/vpn\/wp-content\/uploads\/2023\/03\/roboform-erfahrungen-logo-100x100.webp 100w, https:\/\/www.l-iz.de\/vpn\/wp-content\/uploads\/2023\/03\/roboform-erfahrungen-logo-120x120.webp 120w, https:\/\/www.l-iz.de\/vpn\/wp-content\/uploads\/2023\/03\/roboform-erfahrungen-logo-135x135.webp 135w, https:\/\/www.l-iz.de\/vpn\/wp-content\/uploads\/2023\/03\/roboform-erfahrungen-logo-270x270.webp 270w, https:\/\/www.l-iz.de\/vpn\/wp-content\/uploads\/2023\/03\/roboform-erfahrungen-logo-32x32.webp 32w, https:\/\/www.l-iz.de\/vpn\/wp-content\/uploads\/2023\/03\/roboform-erfahrungen-logo-80x80.webp 80w, https:\/\/www.l-iz.de\/vpn\/wp-content\/uploads\/2023\/03\/roboform-erfahrungen-logo.webp 368w\" sizes=\"auto, (max-width: 50px) 100vw, 50px\" \/>\t\t\t\t\t\t\t\t\t\t\t\t<\/a>\n\t\t\t\t\t\t\t\t\t\t\t\t<div class=\"space-organizations-3-archive-item-count-2 absolute\">\n\t\t\t\t\t\t\t\t\t\t\t\t\t<span>3<\/span>\n\t\t\t\t\t\t\t\t\t\t\t\t<\/div>\n\t\t\t\t\t\t\t\t\t\t\t<\/div>\n\t\t\t\t\t\t\t\t\t\t\t<div class=\"space-organizations-3-title-box relative\">\n\t\t\t\t\t\t\t\t\t\t\t\t<a href=\"https:\/\/www.l-iz.de\/vpn\/roboform-erfahrungen\/\" title=\"RoboForm Erfahrungen im Test 2025\">RoboForm Erfahrungen im Test 2025<\/a>\n\t\t\t\t\t\t\t\t\t\t\t<\/div>\n\t\t\t\t\t\t\t\t\t\t<\/div>\n\t\t\t\t\t\t\t\t\t\t\t\t\t\t\t\t<\/div>\n\t\t\t\t\t\t\t\t\t\t\t\t\t<\/div>\n\t\t\t\t\t\t<div class=\"space-organizations-3-archive-item-rating box-25 relative\">\n\t\t\t\t\t\t\t<div class=\"space-organizations-3-archive-item-rating-ins box-100 text-center relative\">\n\n\t\t\t\t\t\t\t\t\n\t\t\t\t\t\t\t\t\t\t\t\t\t\t\t\t\t<div class=\"space-organizations-3-archive-item-rating-box relative\">\n\t\t\t\t\t\t\t\t\t\t<div class=\"star-rating\"><div class=\"star star-full\" aria-hidden=\"true\"><\/div><div class=\"star star-full\" aria-hidden=\"true\"><\/div><div class=\"star star-full\" aria-hidden=\"true\"><\/div><div class=\"star star-full\" aria-hidden=\"true\"><\/div><div class=\"star star-full\" aria-hidden=\"true\"><\/div><\/div>\t\t\t\t\t\t\t\t\t\t<span>5.0<\/span>\n\t\t\t\t\t\t\t\t\t<\/div>\n\t\t\t\t\t\t\t\t\n\t\t\t\t\t\t\t\t\n\t\t\t\t\t\t\t\t\t\t\t\t\t\t\t\t\n\t\t\t\t\t\t\t<\/div>\n\t\t\t\t\t\t<\/div>\n\t\t\t\t\t\t<div class=\"space-organizations-3-archive-item-button box-25 relative\">\n\t\t\t\t\t\t\t<div class=\"space-organizations-3-archive-item-button-ins box-100 text-center relative\">\n\t\t\t\t\t\t\t\t<a href=\"https:\/\/www.l-iz.de\/vpn\/zu\/roboform\/\" title=\"Zum Anbieter\" target=\"_blank\" rel=\"nofollow\"><i class=\"fas fa-check-circle\"><\/i> Zum Anbieter<\/a>\n\n\t\t\t\t\t\t\t\t<a href=\"https:\/\/www.l-iz.de\/vpn\/roboform-erfahrungen\/\" title=\"Testbericht lesen\"><i class=\"fas fa-arrow-alt-circle-right\"><\/i> Testbericht lesen<\/a>\n\t\t\t\t\t\t\t<\/div>\n\t\t\t\t\t\t<\/div>\n\t\t\t\t\t\t\t\t\t\t\t<\/div>\n\t\t\t\t<\/div>\n\n\t\t\t\t\n\t\t\t<\/div>\n\t\t\t\n\t\t<\/div>\n\t<\/div>\n\n\n<p>NordVPN bietet eine Vielzahl von Servern in Niue und \u00fcberall auf der Welt. Dadurch k\u00f6nnen Nutzer von Niue auf Inhalte aus der ganzen Welt zugreifen. NordVPN bietet eine vollst\u00e4ndige Bandbreitenkontrolle, sodass Sie die Bandbreite, die Sie ben\u00f6tigen, problemlos anpassen k\u00f6nnen. Dar\u00fcber hinaus bietet NordVPN unbegrenzte Bandbreite und eine hohe Verbindungsgeschwindigkeit, damit Sie Videos und andere Inhalte problemlos streamen k\u00f6nnen.<\/p>\n<p>NordVPN bietet eine Vielzahl an Sicherheitsfunktionen, darunter kostenlose Kill-Switch-Funktionen, DNS-Leck-Schutz und 256-Bit-Verschl\u00fcsselung. Mit diesen Funktionen k\u00f6nnen Benutzer aus Niue sicher und privat im Internet surfen, ohne sich Sorgen machen zu m\u00fcssen, dass ihre Daten gestohlen werden. Dar\u00fcber hinaus bietet NordVPN eine No-Logs-Richtlinie, die garantiert, dass Ihre Daten niemals an Dritte weitergegeben werden.<\/p>\n<p>NordVPN ist auf allen g\u00e4ngigen Plattformen verf\u00fcgbar, einschlie\u00dflich Windows, Mac, iOS, Android und sogar Linux. Es ist auch kompatibel mit Router-Einstellungen, sodass Benutzer aus Niue alle ihre Ger\u00e4te gleichzeitig sch\u00fctzen k\u00f6nnen. NordVPN bietet seinen Benutzern auch einen 24-Stunden-Kundendienst, sodass Sie jederzeit professionelle Unterst\u00fctzung erhalten k\u00f6nnen.<\/p>\n<p>NordVPN ist ein vielseitiger und leistungsstarker VPN-Anbieter, der Benutzern aus Niue eine sichere, zuverl\u00e4ssige und bequeme M\u00f6glichkeit bietet, im Internet zu surfen. Es bietet eine Vielzahl von Funktionen, die sowohl Einsteigern als auch Experten gerecht werden, einschlie\u00dflich einer hohen Verbindungsgeschwindigkeit, unbegrenzter Bandbreite, leistungsstarken Sicherheitsfunktionen und einer leistungsstarken Router-Kompatibilit\u00e4t. NordVPN ist der beste VPN-Anbieter f\u00fcr Niue, und Benutzer k\u00f6nnen sich sicher sein, dass ihre Daten sicher und privat bleiben.<\/p>\n","protected":false},"excerpt":{"rendered":"<p>Der beste VPN-Anbieter f\u00fcr Niue ist NordVPN. NordVPN ist ein preisg\u00fcnstiger und vielseitiger VPN-Anbieter mit einer Vielzahl von Funktionen, die sowohl Einsteigern als auch Experten gerecht werden. NordVPN bietet eine breite Palette an Dienstleistungen, die abh\u00e4ngig von Ihren Anforderungen und Ihrem Budget ausgew\u00e4hlt werden k\u00f6nnen. NordVPN bietet eine sichere, verschl\u00fcsselte Verbindung, um Ihre Identit\u00e4t und [&hellip;]<\/p>\n","protected":false},"author":1,"featured_media":0,"parent":0,"menu_order":0,"comment_status":"closed","ping_status":"closed","template":"","meta":{"_lmt_disableupdate":"","_lmt_disable":"","footnotes":""},"tags":[],"class_list":["post-3460","page","type-page","status-publish","hentry"],"yoast_head":"<!-- This site is optimized with the Yoast SEO plugin v27.2 - https:\/\/yoast.com\/product\/yoast-seo-wordpress\/ -->\n<title>Bester VPN Anbieter f\u00fcr Niue - Leipziger Zeitung<\/title>\n<meta name=\"robots\" content=\"index, follow, max-snippet:-1, max-image-preview:large, max-video-preview:-1\" \/>\n<link rel=\"canonical\" href=\"https:\/\/www.l-iz.de\/vpn\/bester-vpn-anbieter-fuer-niue-nu\/\" \/>\n<meta property=\"og:locale\" content=\"de_DE\" \/>\n<meta property=\"og:type\" content=\"article\" \/>\n<meta property=\"og:title\" content=\"Bester VPN Anbieter f\u00fcr Niue - Leipziger Zeitung\" \/>\n<meta property=\"og:description\" content=\"Der beste VPN-Anbieter f\u00fcr Niue ist NordVPN. NordVPN ist ein preisg\u00fcnstiger und vielseitiger VPN-Anbieter mit einer Vielzahl von Funktionen, die sowohl Einsteigern als auch Experten gerecht werden. NordVPN bietet eine breite Palette an Dienstleistungen, die abh\u00e4ngig von Ihren Anforderungen und Ihrem Budget ausgew\u00e4hlt werden k\u00f6nnen. NordVPN bietet eine sichere, verschl\u00fcsselte Verbindung, um Ihre Identit\u00e4t und [&hellip;]\" \/>\n<meta property=\"og:url\" content=\"https:\/\/www.l-iz.de\/vpn\/bester-vpn-anbieter-fuer-niue-nu\/\" \/>\n<meta property=\"og:site_name\" content=\"Leipziger Zeitung\" \/>\n<meta property=\"article:publisher\" content=\"https:\/\/www.facebook.com\/LeipzigerInternetZeitung\" \/>\n<meta property=\"article:modified_time\" content=\"2024-04-21T10:00:00+00:00\" \/>\n<meta name=\"twitter:card\" content=\"summary_large_image\" \/>\n<meta name=\"twitter:label1\" content=\"Gesch\u00e4tzte Lesezeit\" \/>\n\t<meta name=\"twitter:data1\" content=\"2\u00a0Minuten\" \/>\n<script type=\"application\/ld+json\" class=\"yoast-schema-graph\">{\"@context\":\"https:\/\/schema.org\",\"@graph\":[{\"@type\":\"WebPage\",\"@id\":\"https:\/\/www.l-iz.de\/vpn\/bester-vpn-anbieter-fuer-niue-nu\/\",\"url\":\"https:\/\/www.l-iz.de\/vpn\/bester-vpn-anbieter-fuer-niue-nu\/\",\"name\":\"Bester VPN Anbieter f\u00fcr Niue - Leipziger Zeitung\",\"isPartOf\":{\"@id\":\"https:\/\/www.l-iz.de\/vpn\/#website\"},\"datePublished\":\"2023-03-22T22:54:33+00:00\",\"dateModified\":\"2024-04-21T10:00:00+00:00\",\"breadcrumb\":{\"@id\":\"https:\/\/www.l-iz.de\/vpn\/bester-vpn-anbieter-fuer-niue-nu\/#breadcrumb\"},\"inLanguage\":\"de\",\"potentialAction\":[{\"@type\":\"ReadAction\",\"target\":[\"https:\/\/www.l-iz.de\/vpn\/bester-vpn-anbieter-fuer-niue-nu\/\"]}]},{\"@type\":\"BreadcrumbList\",\"@id\":\"https:\/\/www.l-iz.de\/vpn\/bester-vpn-anbieter-fuer-niue-nu\/#breadcrumb\",\"itemListElement\":[{\"@type\":\"ListItem\",\"position\":1,\"name\":\"Startseite\",\"item\":\"https:\/\/www.l-iz.de\/vpn\/\"},{\"@type\":\"ListItem\",\"position\":2,\"name\":\"Bester VPN Anbieter f\u00fcr Niue\"}]},{\"@type\":\"WebSite\",\"@id\":\"https:\/\/www.l-iz.de\/vpn\/#website\",\"url\":\"https:\/\/www.l-iz.de\/vpn\/\",\"name\":\"Leipziger Zeitung\",\"description\":\"VPN-Test: Die besten VPN-Anbieter im Vergleich [yyyy]\",\"publisher\":{\"@id\":\"https:\/\/www.l-iz.de\/vpn\/#organization\"},\"potentialAction\":[{\"@type\":\"SearchAction\",\"target\":{\"@type\":\"EntryPoint\",\"urlTemplate\":\"https:\/\/www.l-iz.de\/vpn\/?s={search_term_string}\"},\"query-input\":{\"@type\":\"PropertyValueSpecification\",\"valueRequired\":true,\"valueName\":\"search_term_string\"}}],\"inLanguage\":\"de\"},{\"@type\":\"Organization\",\"@id\":\"https:\/\/www.l-iz.de\/vpn\/#organization\",\"name\":\"LZ Medien GmbH\",\"url\":\"https:\/\/www.l-iz.de\/vpn\/\",\"logo\":{\"@type\":\"ImageObject\",\"inLanguage\":\"de\",\"@id\":\"https:\/\/www.l-iz.de\/vpn\/#\/schema\/logo\/image\/\",\"url\":\"https:\/\/www.l-iz.de\/vpn\/wp-content\/uploads\/2022\/09\/cropped-l-iz-logo.jpg\",\"contentUrl\":\"https:\/\/www.l-iz.de\/vpn\/wp-content\/uploads\/2022\/09\/cropped-l-iz-logo.jpg\",\"width\":1280,\"height\":387,\"caption\":\"LZ Medien GmbH\"},\"image\":{\"@id\":\"https:\/\/www.l-iz.de\/vpn\/#\/schema\/logo\/image\/\"},\"sameAs\":[\"https:\/\/www.facebook.com\/LeipzigerInternetZeitung\",\"https:\/\/www.youtube.com\/c\/L-izDe\"]}]}<\/script>\n<!-- \/ Yoast SEO plugin. -->","yoast_head_json":{"title":"Bester VPN Anbieter f\u00fcr Niue - Leipziger Zeitung","robots":{"index":"index","follow":"follow","max-snippet":"max-snippet:-1","max-image-preview":"max-image-preview:large","max-video-preview":"max-video-preview:-1"},"canonical":"https:\/\/www.l-iz.de\/vpn\/bester-vpn-anbieter-fuer-niue-nu\/","og_locale":"de_DE","og_type":"article","og_title":"Bester VPN Anbieter f\u00fcr Niue - Leipziger Zeitung","og_description":"Der beste VPN-Anbieter f\u00fcr Niue ist NordVPN. NordVPN ist ein preisg\u00fcnstiger und vielseitiger VPN-Anbieter mit einer Vielzahl von Funktionen, die sowohl Einsteigern als auch Experten gerecht werden. NordVPN bietet eine breite Palette an Dienstleistungen, die abh\u00e4ngig von Ihren Anforderungen und Ihrem Budget ausgew\u00e4hlt werden k\u00f6nnen. NordVPN bietet eine sichere, verschl\u00fcsselte Verbindung, um Ihre Identit\u00e4t und [&hellip;]","og_url":"https:\/\/www.l-iz.de\/vpn\/bester-vpn-anbieter-fuer-niue-nu\/","og_site_name":"Leipziger Zeitung","article_publisher":"https:\/\/www.facebook.com\/LeipzigerInternetZeitung","article_modified_time":"2024-04-21T10:00:00+00:00","twitter_card":"summary_large_image","twitter_misc":{"Gesch\u00e4tzte Lesezeit":"2\u00a0Minuten"},"schema":{"@context":"https:\/\/schema.org","@graph":[{"@type":"WebPage","@id":"https:\/\/www.l-iz.de\/vpn\/bester-vpn-anbieter-fuer-niue-nu\/","url":"https:\/\/www.l-iz.de\/vpn\/bester-vpn-anbieter-fuer-niue-nu\/","name":"Bester VPN Anbieter f\u00fcr Niue - Leipziger Zeitung","isPartOf":{"@id":"https:\/\/www.l-iz.de\/vpn\/#website"},"datePublished":"2023-03-22T22:54:33+00:00","dateModified":"2024-04-21T10:00:00+00:00","breadcrumb":{"@id":"https:\/\/www.l-iz.de\/vpn\/bester-vpn-anbieter-fuer-niue-nu\/#breadcrumb"},"inLanguage":"de","potentialAction":[{"@type":"ReadAction","target":["https:\/\/www.l-iz.de\/vpn\/bester-vpn-anbieter-fuer-niue-nu\/"]}]},{"@type":"BreadcrumbList","@id":"https:\/\/www.l-iz.de\/vpn\/bester-vpn-anbieter-fuer-niue-nu\/#breadcrumb","itemListElement":[{"@type":"ListItem","position":1,"name":"Startseite","item":"https:\/\/www.l-iz.de\/vpn\/"},{"@type":"ListItem","position":2,"name":"Bester VPN Anbieter f\u00fcr Niue"}]},{"@type":"WebSite","@id":"https:\/\/www.l-iz.de\/vpn\/#website","url":"https:\/\/www.l-iz.de\/vpn\/","name":"Leipziger Zeitung","description":"VPN-Test: Die besten VPN-Anbieter im Vergleich [yyyy]","publisher":{"@id":"https:\/\/www.l-iz.de\/vpn\/#organization"},"potentialAction":[{"@type":"SearchAction","target":{"@type":"EntryPoint","urlTemplate":"https:\/\/www.l-iz.de\/vpn\/?s={search_term_string}"},"query-input":{"@type":"PropertyValueSpecification","valueRequired":true,"valueName":"search_term_string"}}],"inLanguage":"de"},{"@type":"Organization","@id":"https:\/\/www.l-iz.de\/vpn\/#organization","name":"LZ Medien GmbH","url":"https:\/\/www.l-iz.de\/vpn\/","logo":{"@type":"ImageObject","inLanguage":"de","@id":"https:\/\/www.l-iz.de\/vpn\/#\/schema\/logo\/image\/","url":"https:\/\/www.l-iz.de\/vpn\/wp-content\/uploads\/2022\/09\/cropped-l-iz-logo.jpg","contentUrl":"https:\/\/www.l-iz.de\/vpn\/wp-content\/uploads\/2022\/09\/cropped-l-iz-logo.jpg","width":1280,"height":387,"caption":"LZ Medien GmbH"},"image":{"@id":"https:\/\/www.l-iz.de\/vpn\/#\/schema\/logo\/image\/"},"sameAs":["https:\/\/www.facebook.com\/LeipzigerInternetZeitung","https:\/\/www.youtube.com\/c\/L-izDe"]}]}},"_links":{"self":[{"href":"https:\/\/www.l-iz.de\/vpn\/wp-json\/wp\/v2\/pages\/3460","targetHints":{"allow":["GET"]}}],"collection":[{"href":"https:\/\/www.l-iz.de\/vpn\/wp-json\/wp\/v2\/pages"}],"about":[{"href":"https:\/\/www.l-iz.de\/vpn\/wp-json\/wp\/v2\/types\/page"}],"author":[{"embeddable":true,"href":"https:\/\/www.l-iz.de\/vpn\/wp-json\/wp\/v2\/users\/1"}],"replies":[{"embeddable":true,"href":"https:\/\/www.l-iz.de\/vpn\/wp-json\/wp\/v2\/comments?post=3460"}],"version-history":[{"count":2,"href":"https:\/\/www.l-iz.de\/vpn\/wp-json\/wp\/v2\/pages\/3460\/revisions"}],"predecessor-version":[{"id":3494,"href":"https:\/\/www.l-iz.de\/vpn\/wp-json\/wp\/v2\/pages\/3460\/revisions\/3494"}],"wp:attachment":[{"href":"https:\/\/www.l-iz.de\/vpn\/wp-json\/wp\/v2\/media?parent=3460"}],"wp:term":[{"taxonomy":"post_tag","embeddable":true,"href":"https:\/\/www.l-iz.de\/vpn\/wp-json\/wp\/v2\/tags?post=3460"}],"curies":[{"name":"wp","href":"https:\/\/api.w.org\/{rel}","templated":true}]}}