{"id":387,"date":"2022-09-27T16:36:57","date_gmt":"2022-09-27T14:36:57","guid":{"rendered":"http:\/\/www.l-iz.de\/vpn\/nordvpn-wie-viele-geraete\/"},"modified":"2024-04-21T12:00:00","modified_gmt":"2024-04-21T10:00:00","slug":"nordvpn-wie-viele-geraete","status":"publish","type":"page","link":"https:\/\/www.l-iz.de\/vpn\/nordvpn-wie-viele-geraete\/","title":{"rendered":"Wie viele Ger\u00e4te kann ich mit NordVPN nutzen?"},"content":{"rendered":"<p>Sie k\u00f6nnen bis zu 6 Ger\u00e4te mit einem einzigen NordVPN-Konto verwenden. Das macht es zu einer guten Wahl f\u00fcr Familien oder kleine Unternehmen, die mehrere Ger\u00e4te sch\u00fctzen m\u00fcssen. Und mit der Geld-zur\u00fcck-Garantie von NordVPN k\u00f6nnen Sie es risikofrei ausprobieren. NordVPN ist auch einer der wenigen VPNs, die dedizierte IP-Adressen anbieten. Das bedeutet, dass Sie Ihre eigene, einzigartige IP-Adresse haben k\u00f6nnen, mit der Sie auf bestimmte Websites zugreifen k\u00f6nnen, die f\u00fcr alle anderen gesperrt sind. Und mit der strikten No-Log-Politik von NordVPN k\u00f6nnen Sie sicher sein, dass Ihre Daten immer sicher und gesch\u00fctzt sind. Warum also warten? Testen Sie NordVPN noch heute und sehen Sie selbst, wie es Ihnen helfen kann, online gesch\u00fctzt zu bleiben.<\/p>\n<table>\n<thead>\n<tr>\n<th>NordVPN-Abonnement<\/th>\n<th>Anzahl der gleichzeitigen Verbindungen<\/th>\n<\/tr>\n<\/thead>\n<tbody>\n<tr>\n<td>Monatliches Abonnement<\/td>\n<td>Bis zu 6 Ger\u00e4te<\/td>\n<\/tr>\n<tr>\n<td>Jahresabonnement<\/td>\n<td>Bis zu 6 Ger\u00e4te<\/td>\n<\/tr>\n<tr>\n<td>2-Jahres-Abonnement<\/td>\n<td>Bis zu 6 Ger\u00e4te<\/td>\n<\/tr>\n<tr>\n<td>3-Jahres-Abonnement<\/td>\n<td>Bis zu 6 Ger\u00e4te<\/td>\n<\/tr>\n<\/tbody>\n<\/table>\n<div class=\"space-organization-content-button relative\" style=\"text-align: center;\"><a title=\"Jetzt NordVPN 30 Tage kostenlos\" href=\"https:\/\/www.l-iz.de\/vpn\/zu\/nordvpn\/\" target=\"_blank\" rel=\"nofollow noopener\">Jetzt NordVPN 30 Tage kostenlos <i class=\"fas fa-arrow-alt-circle-right\" aria-hidden=\"true\"><\/i><\/a><\/div>\n<p>Es ist wichtig zu beachten, dass die Anzahl der gleichzeitigen Verbindungen f\u00fcr jedes Abonnement auf 6 begrenzt ist, unabh\u00e4ngig davon, wie viele Ger\u00e4te insgesamt mit einem NordVPN-Konto verbunden sind. Wenn du versuchst, dich mit einem siebten Ger\u00e4t zu verbinden, wird die \u00e4lteste Verbindung automatisch getrennt, um Platz f\u00fcr das neue Ger\u00e4t zu schaffen.<\/p>\n<p>Es ist auch zu beachten, dass die Verbindung mit einem NordVPN-Konto auf verschiedenen Ger\u00e4ten und Plattformen, einschlie\u00dflich Windows, Mac, Android, iOS, Linux und anderen, m\u00f6glich ist. Die Unterst\u00fctzung f\u00fcr verschiedene Plattformen kann jedoch je nach Abonnement variieren.<\/p>\n<p>Mit NordVPN k\u00f6nnen Sie bis zu sechs Ger\u00e4te gleichzeitig mit einem einzigen Konto verbinden. Das bedeutet, dass Sie Ihre Computer, Laptops, Smartphones und Tablets alle gleichzeitig sch\u00fctzen k\u00f6nnen. Dar\u00fcber hinaus bietet NordVPN eine Reihe von Funktionen, die es ideal f\u00fcr die Online-Sicherheit machen. Zum Beispiel gew\u00e4hrleistet die milit\u00e4rische Verschl\u00fcsselung, dass Ihre Daten vor Hackern und staatlicher \u00dcberwachung sicher sind. Dar\u00fcber hinaus bedeutet die strikte No-Logs-Politik, dass Ihre Privatsph\u00e4re immer gesch\u00fctzt ist. Daher ist NordVPN die perfekte L\u00f6sung f\u00fcr alle, die ihre Online-Aktivit\u00e4ten sicher und privat halten wollen.<\/p>\n<h3>Anzahl der gleichzeitigen Verbindungen f\u00fcr verschiedene VPN-Anbieter neben NordVPN<\/h3>\n<table>\n<thead>\n<tr>\n<th>VPN-Anbieter<\/th>\n<th>Anzahl der gleichzeitigen Verbindungen<\/th>\n<\/tr>\n<\/thead>\n<tbody>\n<tr>\n<td>NordVPN<\/td>\n<td>Bis zu 6 Ger\u00e4te<\/td>\n<\/tr>\n<tr>\n<td>ExpressVPN<\/td>\n<td>Bis zu 5 Ger\u00e4te<\/td>\n<\/tr>\n<tr>\n<td>CyberGhost<\/td>\n<td>Bis zu 7 Ger\u00e4te<\/td>\n<\/tr>\n<tr>\n<td>Surfshark<\/td>\n<td>Unbegrenzte Ger\u00e4teverbindungen<\/td>\n<\/tr>\n<tr>\n<td>Private Internet Access (PIA)<\/td>\n<td>Bis zu 10 Ger\u00e4te<\/td>\n<\/tr>\n<tr>\n<td>IPVanish<\/td>\n<td>Bis zu 10 Ger\u00e4te<\/td>\n<\/tr>\n<\/tbody>\n<\/table>\n<div class=\"w-full border-b border-black\/10 dark:border-gray-900\/50 text-gray-800 dark:text-gray-100 group dark:bg-gray-800\">\n<div class=\"text-base gap-4 md:gap-6 m-auto md:max-w-2xl lg:max-w-2xl xl:max-w-3xl p-4 md:py-6 flex lg:px-0\">\n<div class=\"relative flex w-[calc(100%-50px)] flex-col gap-1 md:gap-3 lg:w-[calc(100%-115px)]\">\n<div class=\"flex flex-grow flex-col gap-3\">\n<div><\/div>\n<div class=\"space-organization-content-button relative\" style=\"text-align: center;\"><a title=\"Jetzt NordVPN 30 Tage kostenlos\" href=\"https:\/\/www.l-iz.de\/vpn\/zu\/nordvpn\/\" target=\"_blank\" rel=\"nofollow noopener\">Jetzt NordVPN 30 Tage kostenlos <i class=\"fas fa-arrow-alt-circle-right\" aria-hidden=\"true\"><\/i><\/a><\/div>\n<h2 class=\"min-h-[20px] flex flex-col items-start gap-4 whitespace-pre-wrap\">NordVPN funktioniert auf all deinen Ger\u00e4ten<\/h2>\n<\/div>\n<div class=\"text-gray-400 flex self-end lg:self-center justify-center mt-2 gap-3 md:gap-4 lg:gap-1 lg:absolute lg:top-0 lg:translate-x-full lg:right-0 lg:mt-0 lg:pl-2 visible\"><\/div>\n<div class=\"flex justify-between\">NordVPN ist ein erstklassiger VPN-Service, der auf einer Vielzahl von Ger\u00e4ten funktioniert. Ob du einen Computer, ein Smartphone, ein Tablet oder ein anderes internetf\u00e4higes Ger\u00e4t hast, NordVPN kann auf nahezu allen Plattformen und Betriebssystemen installiert werden.<\/div>\n<\/div>\n<\/div>\n<\/div>\n<div class=\"w-full border-b border-black\/10 dark:border-gray-900\/50 text-gray-800 dark:text-gray-100 group bg-gray-50 dark:bg-[#444654]\">\n<div class=\"text-base gap-4 md:gap-6 m-auto md:max-w-2xl lg:max-w-2xl xl:max-w-3xl p-4 md:py-6 flex lg:px-0\">\n<div class=\"relative flex w-[calc(100%-50px)] flex-col gap-1 md:gap-3 lg:w-[calc(100%-115px)]\">\n<div class=\"flex flex-grow flex-col gap-3\">\n<div class=\"min-h-[20px] flex flex-col items-start gap-4 whitespace-pre-wrap\">\n<div class=\"markdown prose w-full break-words dark:prose-invert light\">\n<p>Das Einrichten von NordVPN auf deinen Ger\u00e4ten ist einfach und unkompliziert. Hier sind einige der unterst\u00fctzten Plattformen und Betriebssysteme, auf denen NordVPN funktioniert:<\/p>\n<ol>\n<li>Windows: NordVPN kann auf allen Windows-Computern mit Windows 7 oder h\u00f6her installiert werden. Nachdem du die NordVPN-App heruntergeladen hast, kannst du dich mit einem Klick auf &#8222;Verbinden&#8220; mit dem VPN-Server deiner Wahl verbinden.<\/li>\n<li>Mac: NordVPN ist auch mit macOS kompatibel. Die Installation ist einfach und dauert nur wenige Minuten. Nachdem du die NordVPN-App installiert hast, kannst du dich mit einem Klick auf &#8222;Verbinden&#8220; mit dem VPN-Server deiner Wahl verbinden.<\/li>\n<li>Android: Die NordVPN-App ist im Google Play Store erh\u00e4ltlich und kann auf allen Android-Ger\u00e4ten mit Android 4.4 oder h\u00f6her installiert werden. Die App ist benutzerfreundlich und erm\u00f6glicht es Benutzern, sich mit einem Klick auf &#8222;Verbinden&#8220; mit dem VPN-Server ihrer Wahl zu verbinden.<\/li>\n<li>iOS: NordVPN ist auch auf iOS-Ger\u00e4ten wie iPhones und iPads verf\u00fcgbar. Die NordVPN-App kann im App Store heruntergeladen werden und unterst\u00fctzt iOS 9.0 oder h\u00f6her. Benutzer k\u00f6nnen sich mit einem Klick auf &#8222;Verbinden&#8220; mit dem VPN-Server ihrer Wahl verbinden.<\/li>\n<li>Linux: NordVPN kann auch auf Linux-Computern installiert werden. Die Installation kann je nach Distribution etwas komplizierter sein, aber NordVPN bietet detaillierte Anleitungen f\u00fcr die meisten Distributionen an.<\/li>\n<li>Andere Plattformen: NordVPN unterst\u00fctzt auch andere Plattformen wie Amazon Fire TV, Android TV, Chromebook, Raspberry Pi und mehr.<\/li>\n<\/ol>\n<p>Es ist wichtig zu beachten, dass NordVPN auf bis zu 6 Ger\u00e4ten gleichzeitig verwendet werden kann. Dies bedeutet, dass du NordVPN auf deinem Computer, deinem Smartphone, deinem Tablet und anderen Ger\u00e4ten gleichzeitig verwenden kannst, ohne zus\u00e4tzliche Kosten oder Einschr\u00e4nkungen.<\/p>\n<p>Insgesamt ist NordVPN eine ausgezeichnete Wahl f\u00fcr alle, die ihre Online-Privatsph\u00e4re und Sicherheit verbessern m\u00f6chten. Mit Unterst\u00fctzung f\u00fcr eine Vielzahl von Ger\u00e4ten und Plattformen, einem benutzerfreundlichen Interface und einem hervorragenden Kundenservice bietet NordVPN alles, was du f\u00fcr ein sicheres und privates Online-Erlebnis ben\u00f6tigst.<\/p>\n<\/div>\n<\/div>\n<\/div>\n<\/div>\n<\/div>\n<\/div>\n<div class=\"space-organization-content-button relative\" style=\"text-align: center;\"><a title=\"Jetzt NordVPN 30 Tage kostenlos\" href=\"https:\/\/www.l-iz.de\/vpn\/zu\/nordvpn\/\" target=\"_blank\" rel=\"nofollow noopener\">Jetzt NordVPN 30 Tage kostenlos <i class=\"fas fa-arrow-alt-circle-right\" aria-hidden=\"true\"><\/i><\/a><\/div>\n","protected":false},"excerpt":{"rendered":"<p>Wie viele Ger\u00e4te NordVPN<\/p>\n","protected":false},"author":1,"featured_media":0,"parent":0,"menu_order":0,"comment_status":"closed","ping_status":"closed","template":"","meta":{"_lmt_disableupdate":"","_lmt_disable":"","footnotes":""},"tags":[],"class_list":["post-387","page","type-page","status-publish","hentry"],"yoast_head":"<!-- This site is optimized with the Yoast SEO plugin v27.4 - https:\/\/yoast.com\/product\/yoast-seo-wordpress\/ -->\n<title>Wie viele Ger\u00e4te kann ich mit NordVPN nutzen? - Leipziger Zeitung<\/title>\n<meta name=\"robots\" content=\"index, follow, max-snippet:-1, max-image-preview:large, max-video-preview:-1\" \/>\n<link rel=\"canonical\" href=\"https:\/\/www.l-iz.de\/vpn\/nordvpn-wie-viele-geraete\/\" \/>\n<meta property=\"og:locale\" content=\"de_DE\" \/>\n<meta property=\"og:type\" content=\"article\" \/>\n<meta property=\"og:title\" content=\"Wie viele Ger\u00e4te kann ich mit NordVPN nutzen? - Leipziger Zeitung\" \/>\n<meta property=\"og:description\" content=\"Wie viele Ger\u00e4te NordVPN\" \/>\n<meta property=\"og:url\" content=\"https:\/\/www.l-iz.de\/vpn\/nordvpn-wie-viele-geraete\/\" \/>\n<meta property=\"og:site_name\" content=\"Leipziger Zeitung\" \/>\n<meta property=\"article:publisher\" content=\"https:\/\/www.facebook.com\/LeipzigerInternetZeitung\" \/>\n<meta property=\"article:modified_time\" content=\"2024-04-21T10:00:00+00:00\" \/>\n<meta name=\"twitter:card\" content=\"summary_large_image\" \/>\n<meta name=\"twitter:label1\" content=\"Gesch\u00e4tzte Lesezeit\" \/>\n\t<meta name=\"twitter:data1\" content=\"4\u00a0Minuten\" \/>\n<script type=\"application\/ld+json\" class=\"yoast-schema-graph\">{\"@context\":\"https:\\\/\\\/schema.org\",\"@graph\":[{\"@type\":\"WebPage\",\"@id\":\"https:\\\/\\\/soccerfield24.com\\\/nordvpn-wie-viele-geraete\\\/\",\"url\":\"https:\\\/\\\/soccerfield24.com\\\/nordvpn-wie-viele-geraete\\\/\",\"name\":\"Wie viele Ger\u00e4te kann ich mit NordVPN nutzen? - Leipziger Zeitung\",\"isPartOf\":{\"@id\":\"https:\\\/\\\/soccerfield24.com\\\/#website\"},\"datePublished\":\"2022-09-27T14:36:57+00:00\",\"dateModified\":\"2024-04-21T10:00:00+00:00\",\"breadcrumb\":{\"@id\":\"https:\\\/\\\/soccerfield24.com\\\/nordvpn-wie-viele-geraete\\\/#breadcrumb\"},\"inLanguage\":\"de\",\"potentialAction\":[{\"@type\":\"ReadAction\",\"target\":[\"https:\\\/\\\/soccerfield24.com\\\/nordvpn-wie-viele-geraete\\\/\"]}]},{\"@type\":\"BreadcrumbList\",\"@id\":\"https:\\\/\\\/soccerfield24.com\\\/nordvpn-wie-viele-geraete\\\/#breadcrumb\",\"itemListElement\":[{\"@type\":\"ListItem\",\"position\":1,\"name\":\"Startseite\",\"item\":\"https:\\\/\\\/soccerfield24.com\\\/\"},{\"@type\":\"ListItem\",\"position\":2,\"name\":\"Wie viele Ger\u00e4te kann ich mit NordVPN nutzen?\"}]},{\"@type\":\"WebSite\",\"@id\":\"https:\\\/\\\/soccerfield24.com\\\/#website\",\"url\":\"https:\\\/\\\/soccerfield24.com\\\/\",\"name\":\"Leipziger Zeitung\",\"description\":\"VPN-Test: Die besten VPN-Anbieter im Vergleich [yyyy]\",\"publisher\":{\"@id\":\"https:\\\/\\\/soccerfield24.com\\\/#organization\"},\"potentialAction\":[{\"@type\":\"SearchAction\",\"target\":{\"@type\":\"EntryPoint\",\"urlTemplate\":\"https:\\\/\\\/soccerfield24.com\\\/?s={search_term_string}\"},\"query-input\":{\"@type\":\"PropertyValueSpecification\",\"valueRequired\":true,\"valueName\":\"search_term_string\"}}],\"inLanguage\":\"de\"},{\"@type\":\"Organization\",\"@id\":\"https:\\\/\\\/soccerfield24.com\\\/#organization\",\"name\":\"LZ Medien GmbH\",\"url\":\"https:\\\/\\\/soccerfield24.com\\\/\",\"logo\":{\"@type\":\"ImageObject\",\"inLanguage\":\"de\",\"@id\":\"https:\\\/\\\/soccerfield24.com\\\/#\\\/schema\\\/logo\\\/image\\\/\",\"url\":\"https:\\\/\\\/soccerfield24.com\\\/wp-content\\\/uploads\\\/2022\\\/09\\\/cropped-l-iz-logo.jpg\",\"contentUrl\":\"https:\\\/\\\/soccerfield24.com\\\/wp-content\\\/uploads\\\/2022\\\/09\\\/cropped-l-iz-logo.jpg\",\"width\":1280,\"height\":387,\"caption\":\"LZ Medien GmbH\"},\"image\":{\"@id\":\"https:\\\/\\\/soccerfield24.com\\\/#\\\/schema\\\/logo\\\/image\\\/\"},\"sameAs\":[\"https:\\\/\\\/www.facebook.com\\\/LeipzigerInternetZeitung\",\"https:\\\/\\\/www.youtube.com\\\/c\\\/L-izDe\"]}]}<\/script>\n<!-- \/ Yoast SEO plugin. -->","yoast_head_json":{"title":"Wie viele Ger\u00e4te kann ich mit NordVPN nutzen? - Leipziger Zeitung","robots":{"index":"index","follow":"follow","max-snippet":"max-snippet:-1","max-image-preview":"max-image-preview:large","max-video-preview":"max-video-preview:-1"},"canonical":"https:\/\/www.l-iz.de\/vpn\/nordvpn-wie-viele-geraete\/","og_locale":"de_DE","og_type":"article","og_title":"Wie viele Ger\u00e4te kann ich mit NordVPN nutzen? - Leipziger Zeitung","og_description":"Wie viele Ger\u00e4te NordVPN","og_url":"https:\/\/www.l-iz.de\/vpn\/nordvpn-wie-viele-geraete\/","og_site_name":"Leipziger Zeitung","article_publisher":"https:\/\/www.facebook.com\/LeipzigerInternetZeitung","article_modified_time":"2024-04-21T10:00:00+00:00","twitter_card":"summary_large_image","twitter_misc":{"Gesch\u00e4tzte Lesezeit":"4\u00a0Minuten"},"schema":{"@context":"https:\/\/schema.org","@graph":[{"@type":"WebPage","@id":"https:\/\/www.l-iz.de\/vpn\/nordvpn-wie-viele-geraete\/","url":"https:\/\/www.l-iz.de\/vpn\/nordvpn-wie-viele-geraete\/","name":"Wie viele Ger\u00e4te kann ich mit NordVPN nutzen? - Leipziger Zeitung","isPartOf":{"@id":"https:\/\/www.l-iz.de\/vpn\/#website"},"datePublished":"2022-09-27T14:36:57+00:00","dateModified":"2024-04-21T10:00:00+00:00","breadcrumb":{"@id":"https:\/\/www.l-iz.de\/vpn\/nordvpn-wie-viele-geraete\/#breadcrumb"},"inLanguage":"de","potentialAction":[{"@type":"ReadAction","target":["https:\/\/www.l-iz.de\/vpn\/nordvpn-wie-viele-geraete\/"]}]},{"@type":"BreadcrumbList","@id":"https:\/\/www.l-iz.de\/vpn\/nordvpn-wie-viele-geraete\/#breadcrumb","itemListElement":[{"@type":"ListItem","position":1,"name":"Startseite","item":"https:\/\/www.l-iz.de\/vpn\/"},{"@type":"ListItem","position":2,"name":"Wie viele Ger\u00e4te kann ich mit NordVPN nutzen?"}]},{"@type":"WebSite","@id":"https:\/\/www.l-iz.de\/vpn\/#website","url":"https:\/\/www.l-iz.de\/vpn\/","name":"Leipziger Zeitung","description":"VPN-Test: Die besten VPN-Anbieter im Vergleich [yyyy]","publisher":{"@id":"https:\/\/www.l-iz.de\/vpn\/#organization"},"potentialAction":[{"@type":"SearchAction","target":{"@type":"EntryPoint","urlTemplate":"https:\/\/www.l-iz.de\/vpn\/?s={search_term_string}"},"query-input":{"@type":"PropertyValueSpecification","valueRequired":true,"valueName":"search_term_string"}}],"inLanguage":"de"},{"@type":"Organization","@id":"https:\/\/www.l-iz.de\/vpn\/#organization","name":"LZ Medien GmbH","url":"https:\/\/www.l-iz.de\/vpn\/","logo":{"@type":"ImageObject","inLanguage":"de","@id":"https:\/\/www.l-iz.de\/vpn\/#\/schema\/logo\/image\/","url":"https:\/\/www.l-iz.de\/vpn\/wp-content\/uploads\/2022\/09\/cropped-l-iz-logo.jpg","contentUrl":"https:\/\/www.l-iz.de\/vpn\/wp-content\/uploads\/2022\/09\/cropped-l-iz-logo.jpg","width":1280,"height":387,"caption":"LZ Medien GmbH"},"image":{"@id":"https:\/\/www.l-iz.de\/vpn\/#\/schema\/logo\/image\/"},"sameAs":["https:\/\/www.facebook.com\/LeipzigerInternetZeitung","https:\/\/www.youtube.com\/c\/L-izDe"]}]}},"_links":{"self":[{"href":"https:\/\/www.l-iz.de\/vpn\/wp-json\/wp\/v2\/pages\/387","targetHints":{"allow":["GET"]}}],"collection":[{"href":"https:\/\/www.l-iz.de\/vpn\/wp-json\/wp\/v2\/pages"}],"about":[{"href":"https:\/\/www.l-iz.de\/vpn\/wp-json\/wp\/v2\/types\/page"}],"author":[{"embeddable":true,"href":"https:\/\/www.l-iz.de\/vpn\/wp-json\/wp\/v2\/users\/1"}],"replies":[{"embeddable":true,"href":"https:\/\/www.l-iz.de\/vpn\/wp-json\/wp\/v2\/comments?post=387"}],"version-history":[{"count":4,"href":"https:\/\/www.l-iz.de\/vpn\/wp-json\/wp\/v2\/pages\/387\/revisions"}],"predecessor-version":[{"id":2918,"href":"https:\/\/www.l-iz.de\/vpn\/wp-json\/wp\/v2\/pages\/387\/revisions\/2918"}],"wp:attachment":[{"href":"https:\/\/www.l-iz.de\/vpn\/wp-json\/wp\/v2\/media?parent=387"}],"wp:term":[{"taxonomy":"post_tag","embeddable":true,"href":"https:\/\/www.l-iz.de\/vpn\/wp-json\/wp\/v2\/tags?post=387"}],"curies":[{"name":"wp","href":"https:\/\/api.w.org\/{rel}","templated":true}]}}