{"id":4048,"date":"2023-03-25T14:46:07","date_gmt":"2023-03-25T13:46:07","guid":{"rendered":"https:\/\/www.l-iz.de\/vpn\/nft-marktplatz-vergleich\/"},"modified":"2024-04-21T12:00:00","modified_gmt":"2024-04-21T10:00:00","slug":"nft-marktplatz-vergleich","status":"publish","type":"page","link":"https:\/\/www.l-iz.de\/vpn\/nft-marktplatz-vergleich\/","title":{"rendered":"NFT-Marktplatz-Vergleich"},"content":{"rendered":"<p>Der Handel mit Non-Fungible Token (NFT) ist ein neuer Trend im Krypto-Markt. Mit NFTs k\u00f6nnen Sie einzigartige digitale Gegenst\u00e4nde wie Kunstwerke, Kryptokollektionen, digitale Sammlerst\u00fccke und vieles mehr erwerben.<\/p>\nEines der wichtigsten Dinge beim Kauf von NFTs ist die Auswahl der richtigen Marktpl\u00e4tze. Da es eine begrenzte Anzahl von Marktpl\u00e4tzen gibt, ist es wichtig, die verschiedenen Optionen zu vergleichen, bevor man eine Entscheidung trifft. Ein NFT-Marktplatz-Vergleich kann Ihnen dabei helfen, die richtige Wahl zu treffen.<\/p>\n<p>Der erste Schritt beim Vergleichen von NFT-Marktpl\u00e4tzen ist die Kontrolle der Geb\u00fchren. Viele Marktpl\u00e4tze berechnen Geb\u00fchren f\u00fcr Ein- und Auszahlungen, sowie f\u00fcr den Handel selbst. Es ist wichtig, die H\u00f6he dieser Geb\u00fchren im Vergleich zu anderen Marktpl\u00e4tzen zu vergleichen, um sicherzustellen, dass man ein gutes Preis-Leistungs-Verh\u00e4ltnis erh\u00e4lt.<\/p>\n<p>Der n\u00e4chste Schritt bei einem NFT-Marktplatz-Vergleich ist die Untersuchung des Anlageprodukts. Es ist wichtig, die verschiedenen Arten von Token zu vergleichen, die auf jedem Marktplatz angeboten werden. Es ist auch wichtig, die Liquidit\u00e4t jedes Marktplatzes zu \u00fcberpr\u00fcfen, da es einige geben kann, die nicht so liquide sind wie andere.<\/p>\n<p>Der letzte Schritt bei einem NFT-Marktplatz-Vergleich ist die Untersuchung der Sicherheit. Es ist wichtig, die verschiedenen Sicherheitsma\u00dfnahmen zu untersuchen, die jeder Marktplatz implementiert. Diese k\u00f6nnen eine Verschl\u00fcsselung, eine Einzahlungsversicherung, ein Verifizierungsprozess, ein Anti-Geldw\u00e4sche-Programm, ein Cyber-Sicherheitsprogramm und vieles mehr umfassen.<\/p>\n<p>Wenn Sie alle oben genannten Schritte unternehmen, haben Sie eine fundierte Entscheidung getroffen, welcher NFT-Marktplatz am besten zu Ihnen und Ihren Bed\u00fcrfnissen passt. Erst wenn Sie sicher sind, dass Sie den richtigen Marktplatz ausgew\u00e4hlt haben, sollten Sie mit dem Kauf von NFTs fortfahren.<\/p>\n","protected":false},"excerpt":{"rendered":"<p>Der Handel mit Non-Fungible Token (NFT) ist ein neuer Trend im Krypto-Markt. Mit NFTs k\u00f6nnen Sie einzigartige digitale Gegenst\u00e4nde wie Kunstwerke, Kryptokollektionen, digitale Sammlerst\u00fccke und vieles mehr erwerben. Eines der wichtigsten Dinge beim Kauf von NFTs ist die Auswahl der richtigen Marktpl\u00e4tze. Da es eine begrenzte Anzahl von Marktpl\u00e4tzen gibt, ist es wichtig, die verschiedenen [&hellip;]<\/p>\n","protected":false},"author":1,"featured_media":0,"parent":0,"menu_order":0,"comment_status":"closed","ping_status":"closed","template":"","meta":{"_lmt_disableupdate":"","_lmt_disable":"","footnotes":""},"tags":[],"class_list":["post-4048","page","type-page","status-publish","hentry"],"yoast_head":"<!-- This site is optimized with the Yoast SEO plugin v27.4 - https:\/\/yoast.com\/product\/yoast-seo-wordpress\/ -->\n<title>NFT-Marktplatz-Vergleich - Leipziger Zeitung<\/title>\n<meta name=\"robots\" content=\"index, follow, max-snippet:-1, max-image-preview:large, max-video-preview:-1\" \/>\n<link rel=\"canonical\" href=\"https:\/\/www.l-iz.de\/vpn\/nft-marktplatz-vergleich\/\" \/>\n<meta property=\"og:locale\" content=\"de_DE\" \/>\n<meta property=\"og:type\" content=\"article\" \/>\n<meta property=\"og:title\" content=\"NFT-Marktplatz-Vergleich - Leipziger Zeitung\" \/>\n<meta property=\"og:description\" content=\"Der Handel mit Non-Fungible Token (NFT) ist ein neuer Trend im Krypto-Markt. Mit NFTs k\u00f6nnen Sie einzigartige digitale Gegenst\u00e4nde wie Kunstwerke, Kryptokollektionen, digitale Sammlerst\u00fccke und vieles mehr erwerben. Eines der wichtigsten Dinge beim Kauf von NFTs ist die Auswahl der richtigen Marktpl\u00e4tze. Da es eine begrenzte Anzahl von Marktpl\u00e4tzen gibt, ist es wichtig, die verschiedenen [&hellip;]\" \/>\n<meta property=\"og:url\" content=\"https:\/\/www.l-iz.de\/vpn\/nft-marktplatz-vergleich\/\" \/>\n<meta property=\"og:site_name\" content=\"Leipziger Zeitung\" \/>\n<meta property=\"article:publisher\" content=\"https:\/\/www.facebook.com\/LeipzigerInternetZeitung\" \/>\n<meta property=\"article:modified_time\" content=\"2024-04-21T10:00:00+00:00\" \/>\n<meta name=\"twitter:card\" content=\"summary_large_image\" \/>\n<meta name=\"twitter:label1\" content=\"Gesch\u00e4tzte Lesezeit\" \/>\n\t<meta name=\"twitter:data1\" content=\"1\u00a0Minute\" \/>\n<script type=\"application\/ld+json\" class=\"yoast-schema-graph\">{\"@context\":\"https:\\\/\\\/schema.org\",\"@graph\":[{\"@type\":\"WebPage\",\"@id\":\"https:\\\/\\\/soccerfield24.com\\\/nft-marktplatz-vergleich\\\/\",\"url\":\"https:\\\/\\\/soccerfield24.com\\\/nft-marktplatz-vergleich\\\/\",\"name\":\"NFT-Marktplatz-Vergleich - Leipziger Zeitung\",\"isPartOf\":{\"@id\":\"https:\\\/\\\/soccerfield24.com\\\/#website\"},\"datePublished\":\"2023-03-25T13:46:07+00:00\",\"dateModified\":\"2024-04-21T10:00:00+00:00\",\"breadcrumb\":{\"@id\":\"https:\\\/\\\/soccerfield24.com\\\/nft-marktplatz-vergleich\\\/#breadcrumb\"},\"inLanguage\":\"de\",\"potentialAction\":[{\"@type\":\"ReadAction\",\"target\":[\"https:\\\/\\\/soccerfield24.com\\\/nft-marktplatz-vergleich\\\/\"]}]},{\"@type\":\"BreadcrumbList\",\"@id\":\"https:\\\/\\\/soccerfield24.com\\\/nft-marktplatz-vergleich\\\/#breadcrumb\",\"itemListElement\":[{\"@type\":\"ListItem\",\"position\":1,\"name\":\"Startseite\",\"item\":\"https:\\\/\\\/soccerfield24.com\\\/\"},{\"@type\":\"ListItem\",\"position\":2,\"name\":\"NFT-Marktplatz-Vergleich\"}]},{\"@type\":\"WebSite\",\"@id\":\"https:\\\/\\\/soccerfield24.com\\\/#website\",\"url\":\"https:\\\/\\\/soccerfield24.com\\\/\",\"name\":\"Leipziger Zeitung\",\"description\":\"VPN-Test: Die besten VPN-Anbieter im Vergleich [yyyy]\",\"publisher\":{\"@id\":\"https:\\\/\\\/soccerfield24.com\\\/#organization\"},\"potentialAction\":[{\"@type\":\"SearchAction\",\"target\":{\"@type\":\"EntryPoint\",\"urlTemplate\":\"https:\\\/\\\/soccerfield24.com\\\/?s={search_term_string}\"},\"query-input\":{\"@type\":\"PropertyValueSpecification\",\"valueRequired\":true,\"valueName\":\"search_term_string\"}}],\"inLanguage\":\"de\"},{\"@type\":\"Organization\",\"@id\":\"https:\\\/\\\/soccerfield24.com\\\/#organization\",\"name\":\"LZ Medien GmbH\",\"url\":\"https:\\\/\\\/soccerfield24.com\\\/\",\"logo\":{\"@type\":\"ImageObject\",\"inLanguage\":\"de\",\"@id\":\"https:\\\/\\\/soccerfield24.com\\\/#\\\/schema\\\/logo\\\/image\\\/\",\"url\":\"https:\\\/\\\/soccerfield24.com\\\/wp-content\\\/uploads\\\/2022\\\/09\\\/cropped-l-iz-logo.jpg\",\"contentUrl\":\"https:\\\/\\\/soccerfield24.com\\\/wp-content\\\/uploads\\\/2022\\\/09\\\/cropped-l-iz-logo.jpg\",\"width\":1280,\"height\":387,\"caption\":\"LZ Medien GmbH\"},\"image\":{\"@id\":\"https:\\\/\\\/soccerfield24.com\\\/#\\\/schema\\\/logo\\\/image\\\/\"},\"sameAs\":[\"https:\\\/\\\/www.facebook.com\\\/LeipzigerInternetZeitung\",\"https:\\\/\\\/www.youtube.com\\\/c\\\/L-izDe\"]}]}<\/script>\n<!-- \/ Yoast SEO plugin. -->","yoast_head_json":{"title":"NFT-Marktplatz-Vergleich - Leipziger Zeitung","robots":{"index":"index","follow":"follow","max-snippet":"max-snippet:-1","max-image-preview":"max-image-preview:large","max-video-preview":"max-video-preview:-1"},"canonical":"https:\/\/www.l-iz.de\/vpn\/nft-marktplatz-vergleich\/","og_locale":"de_DE","og_type":"article","og_title":"NFT-Marktplatz-Vergleich - Leipziger Zeitung","og_description":"Der Handel mit Non-Fungible Token (NFT) ist ein neuer Trend im Krypto-Markt. Mit NFTs k\u00f6nnen Sie einzigartige digitale Gegenst\u00e4nde wie Kunstwerke, Kryptokollektionen, digitale Sammlerst\u00fccke und vieles mehr erwerben. Eines der wichtigsten Dinge beim Kauf von NFTs ist die Auswahl der richtigen Marktpl\u00e4tze. Da es eine begrenzte Anzahl von Marktpl\u00e4tzen gibt, ist es wichtig, die verschiedenen [&hellip;]","og_url":"https:\/\/www.l-iz.de\/vpn\/nft-marktplatz-vergleich\/","og_site_name":"Leipziger Zeitung","article_publisher":"https:\/\/www.facebook.com\/LeipzigerInternetZeitung","article_modified_time":"2024-04-21T10:00:00+00:00","twitter_card":"summary_large_image","twitter_misc":{"Gesch\u00e4tzte Lesezeit":"1\u00a0Minute"},"schema":{"@context":"https:\/\/schema.org","@graph":[{"@type":"WebPage","@id":"https:\/\/www.l-iz.de\/vpn\/nft-marktplatz-vergleich\/","url":"https:\/\/www.l-iz.de\/vpn\/nft-marktplatz-vergleich\/","name":"NFT-Marktplatz-Vergleich - Leipziger Zeitung","isPartOf":{"@id":"https:\/\/www.l-iz.de\/vpn\/#website"},"datePublished":"2023-03-25T13:46:07+00:00","dateModified":"2024-04-21T10:00:00+00:00","breadcrumb":{"@id":"https:\/\/www.l-iz.de\/vpn\/nft-marktplatz-vergleich\/#breadcrumb"},"inLanguage":"de","potentialAction":[{"@type":"ReadAction","target":["https:\/\/www.l-iz.de\/vpn\/nft-marktplatz-vergleich\/"]}]},{"@type":"BreadcrumbList","@id":"https:\/\/www.l-iz.de\/vpn\/nft-marktplatz-vergleich\/#breadcrumb","itemListElement":[{"@type":"ListItem","position":1,"name":"Startseite","item":"https:\/\/www.l-iz.de\/vpn\/"},{"@type":"ListItem","position":2,"name":"NFT-Marktplatz-Vergleich"}]},{"@type":"WebSite","@id":"https:\/\/www.l-iz.de\/vpn\/#website","url":"https:\/\/www.l-iz.de\/vpn\/","name":"Leipziger Zeitung","description":"VPN-Test: Die besten VPN-Anbieter im Vergleich [yyyy]","publisher":{"@id":"https:\/\/www.l-iz.de\/vpn\/#organization"},"potentialAction":[{"@type":"SearchAction","target":{"@type":"EntryPoint","urlTemplate":"https:\/\/www.l-iz.de\/vpn\/?s={search_term_string}"},"query-input":{"@type":"PropertyValueSpecification","valueRequired":true,"valueName":"search_term_string"}}],"inLanguage":"de"},{"@type":"Organization","@id":"https:\/\/www.l-iz.de\/vpn\/#organization","name":"LZ Medien GmbH","url":"https:\/\/www.l-iz.de\/vpn\/","logo":{"@type":"ImageObject","inLanguage":"de","@id":"https:\/\/www.l-iz.de\/vpn\/#\/schema\/logo\/image\/","url":"https:\/\/www.l-iz.de\/vpn\/wp-content\/uploads\/2022\/09\/cropped-l-iz-logo.jpg","contentUrl":"https:\/\/www.l-iz.de\/vpn\/wp-content\/uploads\/2022\/09\/cropped-l-iz-logo.jpg","width":1280,"height":387,"caption":"LZ Medien GmbH"},"image":{"@id":"https:\/\/www.l-iz.de\/vpn\/#\/schema\/logo\/image\/"},"sameAs":["https:\/\/www.facebook.com\/LeipzigerInternetZeitung","https:\/\/www.youtube.com\/c\/L-izDe"]}]}},"_links":{"self":[{"href":"https:\/\/www.l-iz.de\/vpn\/wp-json\/wp\/v2\/pages\/4048","targetHints":{"allow":["GET"]}}],"collection":[{"href":"https:\/\/www.l-iz.de\/vpn\/wp-json\/wp\/v2\/pages"}],"about":[{"href":"https:\/\/www.l-iz.de\/vpn\/wp-json\/wp\/v2\/types\/page"}],"author":[{"embeddable":true,"href":"https:\/\/www.l-iz.de\/vpn\/wp-json\/wp\/v2\/users\/1"}],"replies":[{"embeddable":true,"href":"https:\/\/www.l-iz.de\/vpn\/wp-json\/wp\/v2\/comments?post=4048"}],"version-history":[{"count":1,"href":"https:\/\/www.l-iz.de\/vpn\/wp-json\/wp\/v2\/pages\/4048\/revisions"}],"predecessor-version":[{"id":8973,"href":"https:\/\/www.l-iz.de\/vpn\/wp-json\/wp\/v2\/pages\/4048\/revisions\/8973"}],"wp:attachment":[{"href":"https:\/\/www.l-iz.de\/vpn\/wp-json\/wp\/v2\/media?parent=4048"}],"wp:term":[{"taxonomy":"post_tag","embeddable":true,"href":"https:\/\/www.l-iz.de\/vpn\/wp-json\/wp\/v2\/tags?post=4048"}],"curies":[{"name":"wp","href":"https:\/\/api.w.org\/{rel}","templated":true}]}}