{"id":409,"date":"2022-09-27T16:36:57","date_gmt":"2022-09-27T14:36:57","guid":{"rendered":"http:\/\/www.l-iz.de\/vpn\/freie-testversion-von-nordvpn\/"},"modified":"2024-04-21T12:00:00","modified_gmt":"2024-04-21T10:00:00","slug":"freie-testversion-von-nordvpn","status":"publish","type":"page","link":"https:\/\/www.l-iz.de\/vpn\/freie-testversion-von-nordvpn\/","title":{"rendered":"So erhalten Sie eine kostenlose Testversion von NordVPN im Jahr 2026"},"content":{"rendered":"<p><img loading=\"lazy\" decoding=\"async\" class=\"size-medium wp-image-2903 alignright\" src=\"https:\/\/www.l-iz.de\/vpn\/wp-content\/uploads\/2023\/03\/vpn-4330220_640-300x157.jpg\" alt=\"\" width=\"300\" height=\"157\" srcset=\"https:\/\/www.l-iz.de\/vpn\/wp-content\/uploads\/2023\/03\/vpn-4330220_640-300x157.jpg 300w, https:\/\/www.l-iz.de\/vpn\/wp-content\/uploads\/2023\/03\/vpn-4330220_640-77x40.jpg 77w, https:\/\/www.l-iz.de\/vpn\/wp-content\/uploads\/2023\/03\/vpn-4330220_640-61x32.jpg 61w, https:\/\/www.l-iz.de\/vpn\/wp-content\/uploads\/2023\/03\/vpn-4330220_640-153x80.jpg 153w, https:\/\/www.l-iz.de\/vpn\/wp-content\/uploads\/2023\/03\/vpn-4330220_640-259x135.jpg 259w, https:\/\/www.l-iz.de\/vpn\/wp-content\/uploads\/2023\/03\/vpn-4330220_640.jpg 640w\" sizes=\"auto, (max-width: 300px) 100vw, 300px\" \/><\/p>\n<p>Wenn Sie auf der Suche nach einem VPN-Dienst sind, der eine kostenlose Testversion anbietet, ist NordVPN eine gute Option. Um die kostenlose Testversion zu erhalten, m\u00fcssen Sie sich lediglich f\u00fcr ein Konto auf der NordVPN-Website anmelden. Sobald Sie das getan haben, k\u00f6nnen Sie den NordVPN-Client herunterladen und ihn 30 Tage lang kostenlos nutzen. Nach Ablauf der kostenlosen Testphase m\u00fcssen Sie entscheiden, ob Sie den Dienst weiter nutzen m\u00f6chten.<\/p>\n<div class=\"space-organization-content-button relative\" style=\"text-align: center;\"><a title=\"Jetzt NordVPN 30 Tage kostenlos\" href=\"https:\/\/www.l-iz.de\/vpn\/zu\/nordvpn\/\" target=\"_blank\" rel=\"nofollow noopener\">Jetzt NordVPN 30 Tage kostenlos <i class=\"fas fa-arrow-alt-circle-right\" aria-hidden=\"true\"><\/i><\/a><\/div>\n<h2>Schritt-f\u00fcr-Schritt-Anleitung: So bekommst du NordVPN f\u00fcr 30 Tage kostenlos<\/h2>\n<h3>Hier ist eine Schritt-f\u00fcr-Schritt-Anleitung, wie man NordVPN f\u00fcr 30 Tage kostenlos bekommt:<\/h3>\n<table>\n<thead>\n<tr>\n<th>Schritt<\/th>\n<th>Beschreibung<\/th>\n<\/tr>\n<\/thead>\n<tbody>\n<tr>\n<td>Schritt 1<\/td>\n<td>Besuche die offizielle NordVPN-Website.<\/td>\n<\/tr>\n<tr>\n<td>Schritt 2<\/td>\n<td>Klicke auf &#8222;Jetzt kaufen&#8220;.<\/td>\n<\/tr>\n<tr>\n<td>Schritt 3<\/td>\n<td>W\u00e4hle einen Plan aus.<\/td>\n<\/tr>\n<tr>\n<td>Schritt 4<\/td>\n<td>Gib deine E-Mail-Adresse und Zahlungsinformationen ein.<\/td>\n<\/tr>\n<tr>\n<td>Schritt 5<\/td>\n<td>Klicke auf &#8222;Zahlung abschlie\u00dfen&#8220;.<\/td>\n<\/tr>\n<tr>\n<td>Schritt 6<\/td>\n<td>Lade die NordVPN-App auf dein Ger\u00e4t herunter und installiere sie.<\/td>\n<\/tr>\n<tr>\n<td>Schritt 7<\/td>\n<td>Melde dich bei deinem NordVPN-Konto an.<\/td>\n<\/tr>\n<tr>\n<td>Schritt 8<\/td>\n<td>Klicke auf &#8222;Mein Konto&#8220;.<\/td>\n<\/tr>\n<tr>\n<td>Schritt 9<\/td>\n<td>W\u00e4hle &#8222;Abonnements verwalten&#8220; aus.<\/td>\n<\/tr>\n<tr>\n<td>Schritt 10<\/td>\n<td>Klicke auf &#8222;Kostenlose Stornierung&#8220;.<\/td>\n<\/tr>\n<tr>\n<td>Schritt 11<\/td>\n<td>Best\u00e4tige die Stornierung.<\/td>\n<\/tr>\n<tr>\n<td>Schritt 12<\/td>\n<td>Dein NordVPN-Abonnement wird automatisch am Ende des kostenlosen 30-t\u00e4gigen Testzeitraums storniert.<\/td>\n<\/tr>\n<\/tbody>\n<\/table>\n<p>Es ist wichtig zu beachten, dass NordVPN eine 30-t\u00e4gige Geld-zur\u00fcck-Garantie anbietet. Wenn du das Abonnement innerhalb dieser Frist k\u00fcndigst, erh\u00e4ltst du eine vollst\u00e4ndige R\u00fcckerstattung. Achte darauf, die Stornierung rechtzeitig durchzuf\u00fchren, wenn du das Abonnement nicht verl\u00e4ngern m\u00f6chtest, um eine unerw\u00fcnschte Verl\u00e4ngerung und Geb\u00fchren zu vermeiden.<\/p>\n<div class=\"space-organization-content-button relative\" style=\"text-align: center;\"><a title=\"Jetzt NordVPN 30 Tage kostenlos\" href=\"https:\/\/www.l-iz.de\/vpn\/zu\/nordvpn\/\" target=\"_blank\" rel=\"nofollow noopener\">Jetzt NordVPN 30 Tage kostenlos <i class=\"fas fa-arrow-alt-circle-right\" aria-hidden=\"true\"><\/i><\/a><\/div>\n<p>Wenn ja, k\u00f6nnen Sie sich einfach f\u00fcr ein Abonnement anmelden und NordVPN ohne Unterbrechung weiter nutzen. Wenn Sie sich jedoch entscheiden, dass Sie den Dienst nicht mehr nutzen m\u00f6chten, k\u00fcndigen Sie einfach Ihr Abonnement und es entstehen Ihnen keine Kosten. So oder so, eine kostenlose Testversion von NordVPN ist einfach und gibt Ihnen die M\u00f6glichkeit, den Dienst auszuprobieren, bevor Sie sich verpflichten.<\/p>\n<div class=\"space-organization-content-button relative\" style=\"text-align: center;\"><a title=\"Jetzt NordVPN 30 Tage kostenlos\" href=\"https:\/\/www.l-iz.de\/vpn\/zu\/nordvpn\/\" target=\"_blank\" rel=\"nofollow noopener\">Jetzt NordVPN 30 Tage kostenlos <i class=\"fas fa-arrow-alt-circle-right\" aria-hidden=\"true\"><\/i><\/a><\/div>\n<h2>Holen Sie sich die Testversion in 3 einfachen Schritten<\/h2>\n<p>Sie m\u00f6chten die neueste Software ausprobieren, bevor Sie eine Verpflichtung eingehen? Viele Unternehmen bieten Testversionen ihrer Produkte an, mit denen Sie sie ausprobieren k\u00f6nnen, bevor Sie sich f\u00fcr den Kauf der Vollversion entscheiden. In den meisten F\u00e4llen ist die Anmeldung f\u00fcr eine Testversion ein unkomplizierter Vorgang, der in wenigen Minuten abgeschlossen ist. Hier erfahren Sie, wie Sie loslegen k\u00f6nnen:<\/p>\n<p>Besuchen Sie zun\u00e4chst die Website des Unternehmens und suchen Sie nach der Testversion der Software, die Sie ausprobieren m\u00f6chten. Oft wird diese auf der Startseite oder im Produktbereich angezeigt. Wenn Sie sie nicht auf Anhieb finden, versuchen Sie es mit einer Suche nach &#8222;Testversion&#8220; oder &#8222;kostenlose Testversion&#8220; Sobald Sie die entsprechende Seite gefunden haben, klicken Sie auf die Schaltfl\u00e4che &#8222;Herunterladen&#8220; oder &#8222;Kostenlose Testversion&#8220;.<\/p>\n<p>Folgen Sie dann den Anweisungen zum Herunterladen und Installieren der Software. In vielen F\u00e4llen k\u00f6nnen Sie die Testversion sofort nach Abschluss der Installation verwenden. Bei einigen Testversionen m\u00fcssen Sie jedoch im Voraus Kreditkarteninformationen eingeben. Wenn dies der Fall ist, sollten Sie das Programm vor Ablauf des Testzeitraums k\u00fcndigen, um eine Belastung zu vermeiden.<\/p>\n<div class=\"space-organization-content-button relative\" style=\"text-align: center;\"><a title=\"Jetzt NordVPN 30 Tage kostenlos\" href=\"https:\/\/www.l-iz.de\/vpn\/zu\/nordvpn\/\" target=\"_blank\" rel=\"nofollow noopener\">Jetzt NordVPN 30 Tage kostenlos <i class=\"fas fa-arrow-alt-circle-right\" aria-hidden=\"true\"><\/i><\/a><\/div>\n<p>Nehmen Sie sich schlie\u00dflich etwas Zeit, um die Funktionen der Software zu erkunden und herauszufinden, ob sie das Richtige f\u00fcr Sie ist. Die meisten Testversionen haben eine Laufzeit von 7 bis 30 Tagen, so dass Sie gen\u00fcgend Zeit haben, um zu entscheiden, ob Sie die Vollversion kaufen m\u00f6chten. Wenn Sie sich f\u00fcr den Kauf entscheiden, k\u00f6nnen Sie dies in der Regel direkt in der Software selbst tun; wenn nicht, besuchen Sie einfach die Website des Unternehmens und suchen Sie nach der Schaltfl\u00e4che &#8222;Jetzt kaufen&#8220;.<\/p>\n<h3>NordVPN kostenlos testen: Kurzanleitung zur Installation<\/h3>\n<p>NordVPN kostenlos auszuprobieren ist ganz einfach &#8211; folgen Sie einfach diesen schnellen und einfachen Installationsanweisungen. Rufen Sie zun\u00e4chst die NordVPN-Website auf und erstellen Sie ein Konto. Danach laden Sie die NordVPN-App auf Ihr Ger\u00e4t herunter. \u00d6ffnen Sie dann die App und melden Sie sich mit Ihren Kontodaten an. Sobald Sie dies getan haben, k\u00f6nnen Sie sich mit einem der NordVPN-Server in \u00fcber 60 L\u00e4ndern weltweit verbinden. Und das war&#8217;s! Jetzt k\u00f6nnen Sie mit NordVPN sicher und anonym im Internet surfen. Warum probieren Sie es also nicht gleich aus? Es ist ja schlie\u00dflich kostenlos.<\/p>\n<h2>Kostenlose Testversion mit Geld-zur\u00fcck-Garantie<\/h2>\n<p>Heutzutage scheint es, als ob jedes Unternehmen eine kostenlose Testversion mit Geld-zur\u00fcck-Garantie anbietet. Diese Angebote k\u00f6nnen zwar verlockend sein, aber es ist wichtig, das Kleingedruckte zu lesen, bevor man sich anmeldet. In vielen F\u00e4llen sind die Garantiebedingungen so streng, dass es fast unm\u00f6glich ist, sein Geld zur\u00fcckzubekommen. Bei einigen Unternehmen m\u00fcssen Sie beispielsweise innerhalb einer bestimmten Anzahl von Tagen k\u00fcndigen, und wenn Sie dieses Zeitfenster verpassen, haben Sie Pech gehabt. Andere schr\u00e4nken die Nutzung des Produkts w\u00e4hrend des Testzeitraums ein, so dass es schwierig ist, den Wert des Produkts richtig einzusch\u00e4tzen. Bevor Sie ein kostenloses Testangebot in Anspruch nehmen, sollten Sie sich gr\u00fcndlich informieren und die Bedingungen und Konditionen verstehen. Andernfalls k\u00f6nnten Sie Ihre Entscheidung am Ende bereuen.<\/p>\n<h2>Warum NordVPN w\u00e4hlen?<\/h2>\n<p>NordVPN ist ein f\u00fchrender VPN-Anbieter mit \u00fcber 12 Millionen Kunden weltweit. NordVPN bietet eine einzigartige Kombination aus Sicherheit, Datenschutz und Geschwindigkeit und ist damit das perfekte VPN f\u00fcr Online-Aktivit\u00e4ten wie Streaming, Browsing und Gaming. NordVPN hat eine strikte No-Logs-Politik, die sicherstellt, dass Ihre Online-Aktivit\u00e4ten niemals verfolgt oder \u00fcberwacht werden. Dar\u00fcber hinaus verwendet NordVPN eine milit\u00e4rische Verschl\u00fcsselung, um Ihre Daten vor Hackern und Cyberkriminellen zu sch\u00fctzen. NordVPN bietet au\u00dferdem eine schnelle und zuverl\u00e4ssige Verbindung mit unbegrenzter Bandbreite. Egal, ob Sie zu Hause oder unterwegs sind, NordVPN hat alles f\u00fcr Sie.<\/p>\n<h3>NordVPN H\u00e4ufig gestellte Fragen<\/h3>\n<p>NordVPN ist einer der beliebtesten VPN-Anbieter auf dem Markt, und es ist nicht schwer zu erkennen, warum. NordVPN bietet eine gro\u00dfartige Mischung aus Sicherheit, Geschwindigkeit und Kompatibilit\u00e4t, und das zu einem wettbewerbsf\u00e4higen Preis. Doch wie jeder komplexe Dienst kann auch NordVPN verwirrend sein, und es gibt viele Funktionen, die nicht sofort ersichtlich sind. Hier finden Sie einige Antworten auf h\u00e4ufig gestellte Fragen zu NordVPN.<\/p>\n<h3>Was ist ein VPN?<\/h3>\n<p>Ein VPN (virtuelles privates Netzwerk) ist eine Art von Sicherheitssoftware, die es Ihnen erm\u00f6glicht, Ihren Internetverkehr zu verschl\u00fcsseln und online anonym zu bleiben. Dies geschieht, indem Ihr Datenverkehr \u00fcber einen Server an einem anderen Ort geleitet wird, was es f\u00fcr andere schwierig macht, Ihre Aktivit\u00e4ten zu verfolgen oder Ihre IP-Adresse zu identifizieren.<\/p>\n<h3>Warum brauche ich ein VPN?<\/h3>\n<p>Es gibt viele Gr\u00fcnde, warum Sie ein VPN verwenden m\u00f6chten. Vielleicht m\u00f6chten Sie Websites freigeben, die in Ihrem Land blockiert sind, oder Sie m\u00f6chten sicherstellen, dass Ihre Daten sicher sind, wenn Sie \u00f6ffentliches WLAN nutzen. Vielleicht machen Sie sich Sorgen um Ihre Online-Privatsph\u00e4re, oder Sie m\u00f6chten vermeiden, dass Sie von Werbetreibenden verfolgt werden. Was auch immer Ihre Gr\u00fcnde sind, ein VPN kann Ihnen Sicherheit beim Surfen im Internet geben.<\/p>\n<h3>Wie funktioniert NordVPN?<\/h3>\n<p>NordVPN leitet Ihren Datenverkehr \u00fcber einen seiner Server an einem anderen Standort weiter. Dieser Server fungiert als Mittelsmann zwischen Ihnen und der Website, auf die Sie zugreifen m\u00f6chten, so dass Ihre echte IP-Adresse verborgen bleibt. NordVPN verschl\u00fcsselt au\u00dferdem Ihren gesamten Datenverkehr mit der milit\u00e4rischen AES-256-Verschl\u00fcsselung, die es f\u00fcr jeden unm\u00f6glich macht, Ihre Aktivit\u00e4ten auszusp\u00e4hen.<\/p>\n<h3>Ist NordVPN sicher?<\/h3>\n<p>Ja, NordVPN ist sicher in der Nutzung. NordVPN ist ein hoch angesehener und bekannter VPN-Anbieter, der \u00fcber strenge Richtlinien zum Schutz Ihrer Privatsph\u00e4re verf\u00fcgt. Dar\u00fcber hinaus verwendet NordVPN eine starke AES-256-Verschl\u00fcsselung, um Ihre Daten vor Abh\u00f6rern zu sch\u00fctzen. Insgesamt ist NordVPN eine ausgezeichnete Wahl, wenn Sie einen zuverl\u00e4ssigen und sicheren VPN-Anbieter suchen.<\/p>\n<div class=\"space-organization-content-button relative\" style=\"text-align: center;\"><a title=\"Jetzt NordVPN 30 Tage kostenlos\" href=\"https:\/\/www.l-iz.de\/vpn\/zu\/nordvpn\/\" target=\"_blank\" rel=\"nofollow noopener\">Jetzt NordVPN 30 Tage kostenlos <i class=\"fas fa-arrow-alt-circle-right\" aria-hidden=\"true\"><\/i><\/a><\/div>\n","protected":false},"excerpt":{"rendered":"<p>Wie Sie eine kostenlose Testversion von NordVPN im Jahr 2022 erhalten.<\/p>\n","protected":false},"author":1,"featured_media":0,"parent":0,"menu_order":0,"comment_status":"closed","ping_status":"closed","template":"","meta":{"_lmt_disableupdate":"no","_lmt_disable":"","footnotes":""},"tags":[],"class_list":["post-409","page","type-page","status-publish","hentry"],"yoast_head":"<!-- This site is optimized with the Yoast SEO plugin v27.4 - https:\/\/yoast.com\/product\/yoast-seo-wordpress\/ -->\n<title>So erhalten Sie eine kostenlose Testversion von NordVPN im Jahr 2026 - Leipziger Zeitung<\/title>\n<meta name=\"robots\" content=\"index, follow, max-snippet:-1, max-image-preview:large, max-video-preview:-1\" \/>\n<link rel=\"canonical\" href=\"https:\/\/www.l-iz.de\/vpn\/freie-testversion-von-nordvpn\/\" \/>\n<meta property=\"og:locale\" content=\"de_DE\" \/>\n<meta property=\"og:type\" content=\"article\" \/>\n<meta property=\"og:title\" content=\"So erhalten Sie eine kostenlose Testversion von NordVPN im Jahr [yyyy] - Leipziger Zeitung\" \/>\n<meta property=\"og:description\" content=\"Wie Sie eine kostenlose Testversion von NordVPN im Jahr 2022 erhalten.\" \/>\n<meta property=\"og:url\" content=\"https:\/\/www.l-iz.de\/vpn\/freie-testversion-von-nordvpn\/\" \/>\n<meta property=\"og:site_name\" content=\"Leipziger Zeitung\" \/>\n<meta property=\"article:publisher\" content=\"https:\/\/www.facebook.com\/LeipzigerInternetZeitung\" \/>\n<meta property=\"article:modified_time\" content=\"2024-04-21T10:00:00+00:00\" \/>\n<meta property=\"og:image\" content=\"https:\/\/www.l-iz.de\/vpn\/wp-content\/uploads\/2023\/03\/vpn-4330220_640-300x157.jpg\" \/>\n<meta name=\"twitter:card\" content=\"summary_large_image\" \/>\n<meta name=\"twitter:label1\" content=\"Gesch\u00e4tzte Lesezeit\" \/>\n\t<meta name=\"twitter:data1\" content=\"7\u00a0Minuten\" \/>\n<script type=\"application\/ld+json\" class=\"yoast-schema-graph\">{\"@context\":\"https:\\\/\\\/schema.org\",\"@graph\":[{\"@type\":\"WebPage\",\"@id\":\"https:\\\/\\\/soccerfield24.com\\\/freie-testversion-von-nordvpn\\\/\",\"url\":\"https:\\\/\\\/soccerfield24.com\\\/freie-testversion-von-nordvpn\\\/\",\"name\":\"So erhalten Sie eine kostenlose Testversion von NordVPN im Jahr [yyyy] - Leipziger Zeitung\",\"isPartOf\":{\"@id\":\"https:\\\/\\\/soccerfield24.com\\\/#website\"},\"primaryImageOfPage\":{\"@id\":\"https:\\\/\\\/soccerfield24.com\\\/freie-testversion-von-nordvpn\\\/#primaryimage\"},\"image\":{\"@id\":\"https:\\\/\\\/soccerfield24.com\\\/freie-testversion-von-nordvpn\\\/#primaryimage\"},\"thumbnailUrl\":\"https:\\\/\\\/soccerfield24.com\\\/wp-content\\\/uploads\\\/2023\\\/03\\\/vpn-4330220_640-300x157.jpg\",\"datePublished\":\"2022-09-27T14:36:57+00:00\",\"dateModified\":\"2024-04-21T10:00:00+00:00\",\"breadcrumb\":{\"@id\":\"https:\\\/\\\/soccerfield24.com\\\/freie-testversion-von-nordvpn\\\/#breadcrumb\"},\"inLanguage\":\"de\",\"potentialAction\":[{\"@type\":\"ReadAction\",\"target\":[\"https:\\\/\\\/soccerfield24.com\\\/freie-testversion-von-nordvpn\\\/\"]}]},{\"@type\":\"ImageObject\",\"inLanguage\":\"de\",\"@id\":\"https:\\\/\\\/soccerfield24.com\\\/freie-testversion-von-nordvpn\\\/#primaryimage\",\"url\":\"https:\\\/\\\/soccerfield24.com\\\/wp-content\\\/uploads\\\/2023\\\/03\\\/vpn-4330220_640.jpg\",\"contentUrl\":\"https:\\\/\\\/soccerfield24.com\\\/wp-content\\\/uploads\\\/2023\\\/03\\\/vpn-4330220_640.jpg\",\"width\":640,\"height\":334},{\"@type\":\"BreadcrumbList\",\"@id\":\"https:\\\/\\\/soccerfield24.com\\\/freie-testversion-von-nordvpn\\\/#breadcrumb\",\"itemListElement\":[{\"@type\":\"ListItem\",\"position\":1,\"name\":\"Startseite\",\"item\":\"https:\\\/\\\/soccerfield24.com\\\/\"},{\"@type\":\"ListItem\",\"position\":2,\"name\":\"So erhalten Sie eine kostenlose Testversion von NordVPN im Jahr 2024\"}]},{\"@type\":\"WebSite\",\"@id\":\"https:\\\/\\\/soccerfield24.com\\\/#website\",\"url\":\"https:\\\/\\\/soccerfield24.com\\\/\",\"name\":\"Leipziger Zeitung\",\"description\":\"VPN-Test: Die besten VPN-Anbieter im Vergleich [yyyy]\",\"publisher\":{\"@id\":\"https:\\\/\\\/soccerfield24.com\\\/#organization\"},\"potentialAction\":[{\"@type\":\"SearchAction\",\"target\":{\"@type\":\"EntryPoint\",\"urlTemplate\":\"https:\\\/\\\/soccerfield24.com\\\/?s={search_term_string}\"},\"query-input\":{\"@type\":\"PropertyValueSpecification\",\"valueRequired\":true,\"valueName\":\"search_term_string\"}}],\"inLanguage\":\"de\"},{\"@type\":\"Organization\",\"@id\":\"https:\\\/\\\/soccerfield24.com\\\/#organization\",\"name\":\"LZ Medien GmbH\",\"url\":\"https:\\\/\\\/soccerfield24.com\\\/\",\"logo\":{\"@type\":\"ImageObject\",\"inLanguage\":\"de\",\"@id\":\"https:\\\/\\\/soccerfield24.com\\\/#\\\/schema\\\/logo\\\/image\\\/\",\"url\":\"https:\\\/\\\/soccerfield24.com\\\/wp-content\\\/uploads\\\/2022\\\/09\\\/cropped-l-iz-logo.jpg\",\"contentUrl\":\"https:\\\/\\\/soccerfield24.com\\\/wp-content\\\/uploads\\\/2022\\\/09\\\/cropped-l-iz-logo.jpg\",\"width\":1280,\"height\":387,\"caption\":\"LZ Medien GmbH\"},\"image\":{\"@id\":\"https:\\\/\\\/soccerfield24.com\\\/#\\\/schema\\\/logo\\\/image\\\/\"},\"sameAs\":[\"https:\\\/\\\/www.facebook.com\\\/LeipzigerInternetZeitung\",\"https:\\\/\\\/www.youtube.com\\\/c\\\/L-izDe\"]}]}<\/script>\n<!-- \/ Yoast SEO plugin. -->","yoast_head_json":{"title":"So erhalten Sie eine kostenlose Testversion von NordVPN im Jahr 2026 - Leipziger Zeitung","robots":{"index":"index","follow":"follow","max-snippet":"max-snippet:-1","max-image-preview":"max-image-preview:large","max-video-preview":"max-video-preview:-1"},"canonical":"https:\/\/www.l-iz.de\/vpn\/freie-testversion-von-nordvpn\/","og_locale":"de_DE","og_type":"article","og_title":"So erhalten Sie eine kostenlose Testversion von NordVPN im Jahr [yyyy] - Leipziger Zeitung","og_description":"Wie Sie eine kostenlose Testversion von NordVPN im Jahr 2022 erhalten.","og_url":"https:\/\/www.l-iz.de\/vpn\/freie-testversion-von-nordvpn\/","og_site_name":"Leipziger Zeitung","article_publisher":"https:\/\/www.facebook.com\/LeipzigerInternetZeitung","article_modified_time":"2024-04-21T10:00:00+00:00","og_image":[{"url":"https:\/\/www.l-iz.de\/vpn\/wp-content\/uploads\/2023\/03\/vpn-4330220_640-300x157.jpg","type":"","width":"","height":""}],"twitter_card":"summary_large_image","twitter_misc":{"Gesch\u00e4tzte Lesezeit":"7\u00a0Minuten"},"schema":{"@context":"https:\/\/schema.org","@graph":[{"@type":"WebPage","@id":"https:\/\/www.l-iz.de\/vpn\/freie-testversion-von-nordvpn\/","url":"https:\/\/www.l-iz.de\/vpn\/freie-testversion-von-nordvpn\/","name":"So erhalten Sie eine kostenlose Testversion von NordVPN im Jahr [yyyy] - Leipziger Zeitung","isPartOf":{"@id":"https:\/\/www.l-iz.de\/vpn\/#website"},"primaryImageOfPage":{"@id":"https:\/\/www.l-iz.de\/vpn\/freie-testversion-von-nordvpn\/#primaryimage"},"image":{"@id":"https:\/\/www.l-iz.de\/vpn\/freie-testversion-von-nordvpn\/#primaryimage"},"thumbnailUrl":"https:\/\/www.l-iz.de\/vpn\/wp-content\/uploads\/2023\/03\/vpn-4330220_640-300x157.jpg","datePublished":"2022-09-27T14:36:57+00:00","dateModified":"2024-04-21T10:00:00+00:00","breadcrumb":{"@id":"https:\/\/www.l-iz.de\/vpn\/freie-testversion-von-nordvpn\/#breadcrumb"},"inLanguage":"de","potentialAction":[{"@type":"ReadAction","target":["https:\/\/www.l-iz.de\/vpn\/freie-testversion-von-nordvpn\/"]}]},{"@type":"ImageObject","inLanguage":"de","@id":"https:\/\/www.l-iz.de\/vpn\/freie-testversion-von-nordvpn\/#primaryimage","url":"https:\/\/www.l-iz.de\/vpn\/wp-content\/uploads\/2023\/03\/vpn-4330220_640.jpg","contentUrl":"https:\/\/www.l-iz.de\/vpn\/wp-content\/uploads\/2023\/03\/vpn-4330220_640.jpg","width":640,"height":334},{"@type":"BreadcrumbList","@id":"https:\/\/www.l-iz.de\/vpn\/freie-testversion-von-nordvpn\/#breadcrumb","itemListElement":[{"@type":"ListItem","position":1,"name":"Startseite","item":"https:\/\/www.l-iz.de\/vpn\/"},{"@type":"ListItem","position":2,"name":"So erhalten Sie eine kostenlose Testversion von NordVPN im Jahr 2024"}]},{"@type":"WebSite","@id":"https:\/\/www.l-iz.de\/vpn\/#website","url":"https:\/\/www.l-iz.de\/vpn\/","name":"Leipziger Zeitung","description":"VPN-Test: Die besten VPN-Anbieter im Vergleich [yyyy]","publisher":{"@id":"https:\/\/www.l-iz.de\/vpn\/#organization"},"potentialAction":[{"@type":"SearchAction","target":{"@type":"EntryPoint","urlTemplate":"https:\/\/www.l-iz.de\/vpn\/?s={search_term_string}"},"query-input":{"@type":"PropertyValueSpecification","valueRequired":true,"valueName":"search_term_string"}}],"inLanguage":"de"},{"@type":"Organization","@id":"https:\/\/www.l-iz.de\/vpn\/#organization","name":"LZ Medien GmbH","url":"https:\/\/www.l-iz.de\/vpn\/","logo":{"@type":"ImageObject","inLanguage":"de","@id":"https:\/\/www.l-iz.de\/vpn\/#\/schema\/logo\/image\/","url":"https:\/\/www.l-iz.de\/vpn\/wp-content\/uploads\/2022\/09\/cropped-l-iz-logo.jpg","contentUrl":"https:\/\/www.l-iz.de\/vpn\/wp-content\/uploads\/2022\/09\/cropped-l-iz-logo.jpg","width":1280,"height":387,"caption":"LZ Medien GmbH"},"image":{"@id":"https:\/\/www.l-iz.de\/vpn\/#\/schema\/logo\/image\/"},"sameAs":["https:\/\/www.facebook.com\/LeipzigerInternetZeitung","https:\/\/www.youtube.com\/c\/L-izDe"]}]}},"_links":{"self":[{"href":"https:\/\/www.l-iz.de\/vpn\/wp-json\/wp\/v2\/pages\/409","targetHints":{"allow":["GET"]}}],"collection":[{"href":"https:\/\/www.l-iz.de\/vpn\/wp-json\/wp\/v2\/pages"}],"about":[{"href":"https:\/\/www.l-iz.de\/vpn\/wp-json\/wp\/v2\/types\/page"}],"author":[{"embeddable":true,"href":"https:\/\/www.l-iz.de\/vpn\/wp-json\/wp\/v2\/users\/1"}],"replies":[{"embeddable":true,"href":"https:\/\/www.l-iz.de\/vpn\/wp-json\/wp\/v2\/comments?post=409"}],"version-history":[{"count":9,"href":"https:\/\/www.l-iz.de\/vpn\/wp-json\/wp\/v2\/pages\/409\/revisions"}],"predecessor-version":[{"id":8278,"href":"https:\/\/www.l-iz.de\/vpn\/wp-json\/wp\/v2\/pages\/409\/revisions\/8278"}],"wp:attachment":[{"href":"https:\/\/www.l-iz.de\/vpn\/wp-json\/wp\/v2\/media?parent=409"}],"wp:term":[{"taxonomy":"post_tag","embeddable":true,"href":"https:\/\/www.l-iz.de\/vpn\/wp-json\/wp\/v2\/tags?post=409"}],"curies":[{"name":"wp","href":"https:\/\/api.w.org\/{rel}","templated":true}]}}