{"id":4166,"date":"2023-03-29T16:06:17","date_gmt":"2023-03-29T14:06:17","guid":{"rendered":"https:\/\/www.l-iz.de\/vpn\/nordvpn-oder-protonvpn\/"},"modified":"2024-04-21T12:00:00","modified_gmt":"2024-04-21T10:00:00","slug":"nordvpn-oder-protonvpn","status":"publish","type":"page","link":"https:\/\/www.l-iz.de\/vpn\/nordvpn-oder-protonvpn\/","title":{"rendered":"NordVPN oder ProtonVPN"},"content":{"rendered":"<p>Sowohl NordVPN als auch ProtonVPN sind VPN-Dienste, die es Ihnen erm\u00f6glichen, eine verschl\u00fcsselte Verbindung zu einem anderen Server herzustellen. Mit einem VPN k\u00f6nnen Sie Ihre IP-Adresse maskieren und so Ihre Aktivit\u00e4ten online anonymisieren. Beide Dienste bieten \u00e4hnliche Funktionen, aber es gibt ein paar Unterschiede, die Sie kennen sollten, bevor Sie sich f\u00fcr einen entscheiden.<\/p>\n\r\n\t<div class=\"space-shortcode-wrap space-shortcode-11 relative\">\r\n\t\t<div class=\"space-shortcode-wrap-ins relative\">\r\n\r\n\t\t\t\r\n\t\t\t<div class=\"space-organizations-7-archive-items box-100 relative\">\r\n\r\n\t\t\t\t\r\n\t\t\t\t<div class=\"space-organizations-8-archive-item box-100 relative\">\r\n\t\t\t\t\t<div class=\"space-organizations-8-archive-item-ins relative\">\r\n\t\t\t\t\t\t<div class=\"space-organizations-8-archive-item-bg box-100 relative\">\r\n\t\t\t\t\t\t\t<div class=\"space-organizations-8-archive-item-left box-33 relative\">\r\n\r\n\t\t\t\t\t\t\t\t\t<div class=\"space-organizations-8-archive-item-brand box-100 relative\">\r\n\t\t\t\t\t\t\t\t\t\t<div class=\"space-organizations-8-archive-item-brand-logo box-40 relative\">\r\n\r\n\t\t\t\t\t\t\t\t\t\t\t\t\t\t\t\t\t\t\t\t\t\t\t<a href=\"https:\/\/www.l-iz.de\/vpn\/erfahrungen\/nordvpn\/\" title=\"NordVPN Test und Erfahrungen 2026: Seri\u00f6s &#038; sicher?\">\r\n\t\t\t\t\t\t\t\t\t\t\t\t\t<img loading=\"lazy\" decoding=\"async\" width=\"225\" height=\"225\" src=\"https:\/\/www.l-iz.de\/vpn\/wp-content\/uploads\/2022\/09\/nordvpn.png\" class=\"attachment-mercury-270-270 size-mercury-270-270\" alt=\"NordVPN Test und Erfahrungen 2026: Seri\u00f6s &#038; sicher?\" srcset=\"https:\/\/www.l-iz.de\/vpn\/wp-content\/uploads\/2022\/09\/nordvpn.png 225w, https:\/\/www.l-iz.de\/vpn\/wp-content\/uploads\/2022\/09\/nordvpn-150x150.png 150w, https:\/\/www.l-iz.de\/vpn\/wp-content\/uploads\/2022\/09\/nordvpn-40x40.png 40w, https:\/\/www.l-iz.de\/vpn\/wp-content\/uploads\/2022\/09\/nordvpn-50x50.png 50w, https:\/\/www.l-iz.de\/vpn\/wp-content\/uploads\/2022\/09\/nordvpn-100x100.png 100w, https:\/\/www.l-iz.de\/vpn\/wp-content\/uploads\/2022\/09\/nordvpn-120x120.png 120w, https:\/\/www.l-iz.de\/vpn\/wp-content\/uploads\/2022\/09\/nordvpn-135x135.png 135w, https:\/\/www.l-iz.de\/vpn\/wp-content\/uploads\/2022\/09\/nordvpn-32x32.png 32w, https:\/\/www.l-iz.de\/vpn\/wp-content\/uploads\/2022\/09\/nordvpn-80x80.png 80w\" sizes=\"auto, (max-width: 225px) 100vw, 225px\" \/>\t\t\t\t\t\t\t\t\t\t\t\t<\/a>\r\n\t\t\t\t\t\t\t\t\t\t\t\r\n\t\t\t\t\t\t\t\t\t\t<\/div>\r\n\t\t\t\t\t\t\t\t\t\t<div class=\"space-organizations-8-archive-item-brand-name text-center box-60 relative\">\r\n\t\t\t\t\t\t\t\t\t\t\t<div class=\"space-organizations-8-archive-item-brand-name-link box-100 relative\">\r\n\t\t\t\t\t\t\t\t\t\t\t\t<a href=\"https:\/\/www.l-iz.de\/vpn\/erfahrungen\/nordvpn\/\" title=\"NordVPN Test und Erfahrungen 2026: Seri\u00f6s &#038; sicher?\">NordVPN Test und Erfahrungen 2026: Seri\u00f6s &#038; sicher?<\/a>\r\n\t\t\t\t\t\t\t\t\t\t\t<\/div>\r\n\r\n\t\t\t\t\t\t\t\t\t\t\t\t\t\t\t\t\t\t\t\t\t\t\t<div class=\"space-organizations-8-archive-item-stars-rating relative\">\r\n\t\t\t\t\t\t\t\t\t\t\t\t\t<div class=\"star-rating\"><div class=\"star star-full\" aria-hidden=\"true\"><\/div><div class=\"star star-full\" aria-hidden=\"true\"><\/div><div class=\"star star-full\" aria-hidden=\"true\"><\/div><div class=\"star star-full\" aria-hidden=\"true\"><\/div><div class=\"star star-full\" aria-hidden=\"true\"><\/div><\/div>\t\t\t\t\t\t\t\t\t\t\t\t<\/div>\r\n\t\t\t\t\t\t\t\t\t\t\t\r\n\t\t\t\t\t\t\t\t\t\t<\/div>\r\n\t\t\t\t\t\t\t\t\t<\/div>\r\n\r\n\t\t\t\t\t\t\t<\/div>\r\n\t\t\t\t\t\t\t<div class=\"space-organizations-8-archive-item-central box-33 relative\">\r\n\t\t\t\t\t\t\t\t<div class=\"space-organizations-8-archive-item-ins-pd relative\">\r\n\t\t\t\t\t\t\t\t\t<div class=\"space-organizations-8-archive-item-terms box-100 relative\">\r\n\t\t\t\t\t\t\t\t\t\t<p>NordVPN ist ein popul\u00e4rer Anbieter mit Servern weltweit.<\/p>\t\t\t\t\t\t\t\t\t<\/div>\r\n\t\t\t\t\t\t\t\t<\/div>\r\n\t\t\t\t\t\t\t<\/div>\r\n\t\t\t\t\t\t\t<div class=\"space-organizations-8-archive-item-right box-33 relative\">\r\n\t\t\t\t\t\t\t\t\r\n\t\t\t\t\t\t\t\t\t<div class=\"space-organizations-8-archive-item-buttons box-100 relative\">\r\n\t\t\t\t\t\t\t\t\t\t<div class=\"space-organizations-8-archive-item-buttons-left box-50 text-center relative\">\r\n\r\n\t\t\t\t\t\t\t\t\t\t\t<div class=\"space-organizations-8-archive-item-button-one box-100 relative\">\r\n\t\t\t\t\t\t\t\t\t\t\t\t<a href=\"https:\/\/www.l-iz.de\/vpn\/erfahrungen\/nordvpn\/\" title=\"Testbericht lesen\">Testbericht lesen<\/a>\r\n\t\t\t\t\t\t\t\t\t\t\t<\/div>\r\n\r\n\t\t\t\t\t\t\t\t\t\t\t\r\n\t\t\t\t\t\t\t\t\t\t\t\r\n\t\t\t\t\t\t\t\t\t\t<\/div>\r\n\t\t\t\t\t\t\t\t\t\t<div class=\"space-organizations-8-archive-item-buttons-right box-50 text-center relative\">\r\n\t\t\t\t\t\t\t\t\t\t\t<div class=\"space-organizations-8-archive-item-button-two relative\">\r\n\t\t\t\t\t\t\t\t\t\t\t\t<a href=\"https:\/\/www.l-iz.de\/vpn\/zu\/nordvpn\/\" title=\"Zum Anbieter\" target=\"_blank\" rel=\"nofollow\">Zum Anbieter<\/a>\r\n\t\t\t\t\t\t\t\t\t\t\t<\/div>\r\n\t\t\t\t\t\t\t\t\t\t<\/div>\r\n\t\t\t\t\t\t\t\t\t<\/div>\r\n\t\t\t\t\t\t\t\r\n\t\t\t\t\t\t\t<\/div>\r\n\t\t\t\t\t\t<\/div>\r\n\r\n\t\t\t\t\t\t\t\t\t\t\t\t\r\n\t\t\t\t\t<\/div>\r\n\t\t\t\t<\/div>\r\n\r\n\t\t\t\t\r\n\t\t\t\t<div class=\"space-organizations-8-archive-item box-100 relative\">\r\n\t\t\t\t\t<div class=\"space-organizations-8-archive-item-ins relative\">\r\n\t\t\t\t\t\t<div class=\"space-organizations-8-archive-item-bg box-100 relative\">\r\n\t\t\t\t\t\t\t<div class=\"space-organizations-8-archive-item-left box-33 relative\">\r\n\r\n\t\t\t\t\t\t\t\t\t<div class=\"space-organizations-8-archive-item-brand box-100 relative\">\r\n\t\t\t\t\t\t\t\t\t\t<div class=\"space-organizations-8-archive-item-brand-logo box-40 relative\">\r\n\r\n\t\t\t\t\t\t\t\t\t\t\t\t\t\t\t\t\t\t\t\t\t\t\t<a href=\"https:\/\/www.l-iz.de\/vpn\/erfahrungen\/protonvpn\/\" title=\"ProtonVPN Testbericht und Erfahrungen 2026\">\r\n\t\t\t\t\t\t\t\t\t\t\t\t\t<img loading=\"lazy\" decoding=\"async\" width=\"270\" height=\"181\" src=\"https:\/\/www.l-iz.de\/vpn\/wp-content\/uploads\/2022\/09\/protonvpn-270x181.jpg\" class=\"attachment-mercury-270-270 size-mercury-270-270\" alt=\"ProtonVPN Testbericht und Erfahrungen 2026\" srcset=\"https:\/\/www.l-iz.de\/vpn\/wp-content\/uploads\/2022\/09\/protonvpn-270x181.jpg 270w, https:\/\/www.l-iz.de\/vpn\/wp-content\/uploads\/2022\/09\/protonvpn-49x32.jpg 49w\" sizes=\"auto, (max-width: 270px) 100vw, 270px\" \/>\t\t\t\t\t\t\t\t\t\t\t\t<\/a>\r\n\t\t\t\t\t\t\t\t\t\t\t\r\n\t\t\t\t\t\t\t\t\t\t<\/div>\r\n\t\t\t\t\t\t\t\t\t\t<div class=\"space-organizations-8-archive-item-brand-name text-center box-60 relative\">\r\n\t\t\t\t\t\t\t\t\t\t\t<div class=\"space-organizations-8-archive-item-brand-name-link box-100 relative\">\r\n\t\t\t\t\t\t\t\t\t\t\t\t<a href=\"https:\/\/www.l-iz.de\/vpn\/erfahrungen\/protonvpn\/\" title=\"ProtonVPN Testbericht und Erfahrungen 2026\">ProtonVPN Testbericht und Erfahrungen 2026<\/a>\r\n\t\t\t\t\t\t\t\t\t\t\t<\/div>\r\n\r\n\t\t\t\t\t\t\t\t\t\t\t\t\t\t\t\t\t\t\t\t\t\t\t<div class=\"space-organizations-8-archive-item-stars-rating relative\">\r\n\t\t\t\t\t\t\t\t\t\t\t\t\t<div class=\"star-rating\"><div class=\"star star-full\" aria-hidden=\"true\"><\/div><div class=\"star star-full\" aria-hidden=\"true\"><\/div><div class=\"star star-full\" aria-hidden=\"true\"><\/div><div class=\"star star-half\" aria-hidden=\"true\"><\/div><div class=\"star star-empty\" aria-hidden=\"true\"><\/div><\/div>\t\t\t\t\t\t\t\t\t\t\t\t<\/div>\r\n\t\t\t\t\t\t\t\t\t\t\t\r\n\t\t\t\t\t\t\t\t\t\t<\/div>\r\n\t\t\t\t\t\t\t\t\t<\/div>\r\n\r\n\t\t\t\t\t\t\t<\/div>\r\n\t\t\t\t\t\t\t<div class=\"space-organizations-8-archive-item-central box-33 relative\">\r\n\t\t\t\t\t\t\t\t<div class=\"space-organizations-8-archive-item-ins-pd relative\">\r\n\t\t\t\t\t\t\t\t\t<div class=\"space-organizations-8-archive-item-terms box-100 relative\">\r\n\t\t\t\t\t\t\t\t\t\t\t\t\t\t\t\t\t\t\t<\/div>\r\n\t\t\t\t\t\t\t\t<\/div>\r\n\t\t\t\t\t\t\t<\/div>\r\n\t\t\t\t\t\t\t<div class=\"space-organizations-8-archive-item-right box-33 relative\">\r\n\t\t\t\t\t\t\t\t\r\n\t\t\t\t\t\t\t\t\t<div class=\"space-organizations-8-archive-item-buttons box-100 relative\">\r\n\t\t\t\t\t\t\t\t\t\t<div class=\"space-organizations-8-archive-item-buttons-left box-50 text-center relative\">\r\n\r\n\t\t\t\t\t\t\t\t\t\t\t<div class=\"space-organizations-8-archive-item-button-one box-100 relative\">\r\n\t\t\t\t\t\t\t\t\t\t\t\t<a href=\"https:\/\/www.l-iz.de\/vpn\/erfahrungen\/protonvpn\/\" title=\"Testbericht lesen\">Testbericht lesen<\/a>\r\n\t\t\t\t\t\t\t\t\t\t\t<\/div>\r\n\r\n\t\t\t\t\t\t\t\t\t\t\t\r\n\t\t\t\t\t\t\t\t\t\t\t\r\n\t\t\t\t\t\t\t\t\t\t<\/div>\r\n\t\t\t\t\t\t\t\t\t\t<div class=\"space-organizations-8-archive-item-buttons-right box-50 text-center relative\">\r\n\t\t\t\t\t\t\t\t\t\t\t<div class=\"space-organizations-8-archive-item-button-two relative\">\r\n\t\t\t\t\t\t\t\t\t\t\t\t<a href=\"https:\/\/www.l-iz.de\/vpn\/zu\/protonvpn\/\" title=\"Zum Anbieter\" target=\"_blank\" rel=\"nofollow\">Zum Anbieter<\/a>\r\n\t\t\t\t\t\t\t\t\t\t\t<\/div>\r\n\t\t\t\t\t\t\t\t\t\t<\/div>\r\n\t\t\t\t\t\t\t\t\t<\/div>\r\n\t\t\t\t\t\t\t\r\n\t\t\t\t\t\t\t<\/div>\r\n\t\t\t\t\t\t<\/div>\r\n\r\n\t\t\t\t\t\t\t\t\t\t\t\t\r\n\t\t\t\t\t<\/div>\r\n\t\t\t\t<\/div>\r\n\r\n\t\t\t\t\r\n\t\t\t<\/div>\r\n\t\t\r\n\t\t<\/div>\r\n\t<\/div>\r\n\r\n\n<p><a class=\"rotext\" href=\"https:\/\/www.l-iz.de\/vpn\/zu\/nordvpn\/\">NordVPN ist ein einfach zu bedienender und vertrauensw\u00fcrdiger VPN-Dienst,<\/a> der Ihnen eine schnelle und sichere Verbindung zu einem anderen Server bietet. Mit seiner ausgekl\u00fcgelten Technologie k\u00f6nnen Sie Ihre Online-Aktivit\u00e4ten anonymisieren und sicherstellen, dass niemand Ihre Identit\u00e4t herausfinden kann. Es bietet seinen Nutzern eine verschl\u00fcsselte Verbindung, um sicherzustellen, dass Ihre Daten vor Hackern und anderen Betr\u00fcgern gesch\u00fctzt sind. Au\u00dferdem bietet NordVPN eine Vielzahl von Serverstandorten auf der ganzen Welt, so dass Sie Zugriff auf verschiedene Webdienste und Websites haben, die vielleicht blockiert sind.<\/p>\n<table>\n<thead>\n<tr>\n<th>Funktion<\/th>\n<th>NordVPN<\/th>\n<th>ProtonVPN<\/th>\n<\/tr>\n<\/thead>\n<tbody>\n<tr>\n<td>Serverstandorte<\/td>\n<td>5,500+ in 59 L\u00e4ndern<\/td>\n<td>1000+ in 50 L\u00e4ndern<\/td>\n<\/tr>\n<tr>\n<td>Verschl\u00fcsselung<\/td>\n<td>AES-256-Bit<\/td>\n<td>AES-256-Bit<\/td>\n<\/tr>\n<tr>\n<td>Protokolle<\/td>\n<td>OpenVPN, IKEv2\/IPsec, NordLynx (WireGuard)<\/td>\n<td>OpenVPN, IKEv2\/IPsec, WireGuard<\/td>\n<\/tr>\n<tr>\n<td>Geschwindigkeit<\/td>\n<td>Sehr schnell<\/td>\n<td>Sehr schnell<\/td>\n<\/tr>\n<tr>\n<td>Benutzerfreundlichkeit<\/td>\n<td>Einfache Bedienung, benutzerfreundliche Apps<\/td>\n<td>Einfache Bedienung, benutzerfreundliche Apps<\/td>\n<\/tr>\n<tr>\n<td>Datenschutzrichtlinie<\/td>\n<td>Keine Protokollierung von Daten<\/td>\n<td>Keine Protokollierung von Daten<\/td>\n<\/tr>\n<tr>\n<td>Zus\u00e4tzliche Funktionen<\/td>\n<td>CyberSec, Double VPN, Onion over VPN<\/td>\n<td>Secure Core, Tor-Integration, Secure Streaming<\/td>\n<\/tr>\n<tr>\n<td>Preise (monatlich)<\/td>\n<td>Ab $3.49<\/td>\n<td>Ab $4<\/td>\n<\/tr>\n<\/tbody>\n<\/table>\n<p>ProtonVPN ist ein sicherer und zuverl\u00e4ssiger VPN-Dienst, der ebenfalls eine verschl\u00fcsselte Verbindung zu einem anderen Server bietet. Es bietet seinen Nutzern eine sichere und anonyme Verbindung, so dass Ihre Daten vor Hackern, Betr\u00fcgern und anderen Angriffen gesch\u00fctzt sind. ProtonVPN bietet seinen Nutzern ein hohes Ma\u00df an Sicherheit und Datenschutz, indem es verschiedene Sicherheitsprotokolle wie OpenVPN, IKEv2 und andere unterst\u00fctzt. Es bietet auch eine Vielzahl von Serverstandorten auf der ganzen Welt, so dass Sie Zugriff auf verschiedene Websites und Webdienste haben, die in Ihrem Land m\u00f6glicherweise blockiert sind.<\/p>\n<p>Im Vergleich zu NordVPN ist ProtonVPN etwas teurer, aber es bietet einige zus\u00e4tzliche Funktionen, die seinen Preis rechtfertigen. Zum Beispiel bietet es ein kostenloses Konto, aber es erm\u00f6glicht Ihnen nicht, vollen Zugriff auf alle Funktionen zu haben. Es bietet auch eine Reihe von zus\u00e4tzlichen Sicherheitsfunktionen wie eine Kill Switch-Funktion, die Ihnen erm\u00f6glicht, Ihre Verbindung zu beenden, wenn Ihre Verbindung unterbrochen wird, und eine Multi-Hop-Funktion, mit der Sie Ihre Verbindung \u00fcber mehrere Server routen k\u00f6nnen.<\/p>\n<p>Beide VPN-Dienste bieten eine gro\u00dfartige M\u00f6glichkeit, Ihre Online-Aktivit\u00e4ten zu sch\u00fctzen und zu anonymisieren. Wenn Sie nach einem sicheren und zuverl\u00e4ssigen VPN-Dienst suchen, sollten Sie sich f\u00fcr einen von ihnen entscheiden. Beide bieten verschiedene Funktionen, so dass Sie den Dienst ausw\u00e4hlen k\u00f6nnen, der am besten zu Ihren Bed\u00fcrfnissen passt. Vergleichen Sie die Funktionen und Preise, um den richtigen Dienst f\u00fcr Sie zu finden.<\/p>\n","protected":false},"excerpt":{"rendered":"<p>Sowohl NordVPN als auch ProtonVPN sind VPN-Dienste, die es Ihnen erm\u00f6glichen, eine verschl\u00fcsselte Verbindung zu einem anderen Server herzustellen. Mit einem VPN k\u00f6nnen Sie Ihre IP-Adresse maskieren und so Ihre Aktivit\u00e4ten online anonymisieren. Beide Dienste bieten \u00e4hnliche Funktionen, aber es gibt ein paar Unterschiede, die Sie kennen sollten, bevor Sie sich f\u00fcr einen entscheiden. NordVPN [&hellip;]<\/p>\n","protected":false},"author":1,"featured_media":0,"parent":0,"menu_order":0,"comment_status":"closed","ping_status":"closed","template":"","meta":{"_lmt_disableupdate":"","_lmt_disable":"","footnotes":""},"tags":[],"class_list":["post-4166","page","type-page","status-publish","hentry"],"yoast_head":"<!-- This site is optimized with the Yoast SEO plugin v27.4 - https:\/\/yoast.com\/product\/yoast-seo-wordpress\/ -->\n<title>NordVPN oder ProtonVPN - Leipziger Zeitung<\/title>\n<meta name=\"robots\" content=\"index, follow, max-snippet:-1, max-image-preview:large, max-video-preview:-1\" \/>\n<link rel=\"canonical\" href=\"https:\/\/www.l-iz.de\/vpn\/nordvpn-oder-protonvpn\/\" \/>\n<meta property=\"og:locale\" content=\"de_DE\" \/>\n<meta property=\"og:type\" content=\"article\" \/>\n<meta property=\"og:title\" content=\"NordVPN oder ProtonVPN - Leipziger Zeitung\" \/>\n<meta property=\"og:description\" content=\"Sowohl NordVPN als auch ProtonVPN sind VPN-Dienste, die es Ihnen erm\u00f6glichen, eine verschl\u00fcsselte Verbindung zu einem anderen Server herzustellen. Mit einem VPN k\u00f6nnen Sie Ihre IP-Adresse maskieren und so Ihre Aktivit\u00e4ten online anonymisieren. Beide Dienste bieten \u00e4hnliche Funktionen, aber es gibt ein paar Unterschiede, die Sie kennen sollten, bevor Sie sich f\u00fcr einen entscheiden. NordVPN [&hellip;]\" \/>\n<meta property=\"og:url\" content=\"https:\/\/www.l-iz.de\/vpn\/nordvpn-oder-protonvpn\/\" \/>\n<meta property=\"og:site_name\" content=\"Leipziger Zeitung\" \/>\n<meta property=\"article:publisher\" content=\"https:\/\/www.facebook.com\/LeipzigerInternetZeitung\" \/>\n<meta property=\"article:modified_time\" content=\"2024-04-21T10:00:00+00:00\" \/>\n<meta name=\"twitter:card\" content=\"summary_large_image\" \/>\n<meta name=\"twitter:label1\" content=\"Gesch\u00e4tzte Lesezeit\" \/>\n\t<meta name=\"twitter:data1\" content=\"2\u00a0Minuten\" \/>\n<script type=\"application\/ld+json\" class=\"yoast-schema-graph\">{\"@context\":\"https:\\\/\\\/schema.org\",\"@graph\":[{\"@type\":\"WebPage\",\"@id\":\"https:\\\/\\\/soccerfield24.com\\\/nordvpn-oder-protonvpn\\\/\",\"url\":\"https:\\\/\\\/soccerfield24.com\\\/nordvpn-oder-protonvpn\\\/\",\"name\":\"NordVPN oder ProtonVPN - Leipziger Zeitung\",\"isPartOf\":{\"@id\":\"https:\\\/\\\/soccerfield24.com\\\/#website\"},\"datePublished\":\"2023-03-29T14:06:17+00:00\",\"dateModified\":\"2024-04-21T10:00:00+00:00\",\"breadcrumb\":{\"@id\":\"https:\\\/\\\/soccerfield24.com\\\/nordvpn-oder-protonvpn\\\/#breadcrumb\"},\"inLanguage\":\"de\",\"potentialAction\":[{\"@type\":\"ReadAction\",\"target\":[\"https:\\\/\\\/soccerfield24.com\\\/nordvpn-oder-protonvpn\\\/\"]}]},{\"@type\":\"BreadcrumbList\",\"@id\":\"https:\\\/\\\/soccerfield24.com\\\/nordvpn-oder-protonvpn\\\/#breadcrumb\",\"itemListElement\":[{\"@type\":\"ListItem\",\"position\":1,\"name\":\"Startseite\",\"item\":\"https:\\\/\\\/soccerfield24.com\\\/\"},{\"@type\":\"ListItem\",\"position\":2,\"name\":\"NordVPN oder ProtonVPN\"}]},{\"@type\":\"WebSite\",\"@id\":\"https:\\\/\\\/soccerfield24.com\\\/#website\",\"url\":\"https:\\\/\\\/soccerfield24.com\\\/\",\"name\":\"Leipziger Zeitung\",\"description\":\"VPN-Test: Die besten VPN-Anbieter im Vergleich [yyyy]\",\"publisher\":{\"@id\":\"https:\\\/\\\/soccerfield24.com\\\/#organization\"},\"potentialAction\":[{\"@type\":\"SearchAction\",\"target\":{\"@type\":\"EntryPoint\",\"urlTemplate\":\"https:\\\/\\\/soccerfield24.com\\\/?s={search_term_string}\"},\"query-input\":{\"@type\":\"PropertyValueSpecification\",\"valueRequired\":true,\"valueName\":\"search_term_string\"}}],\"inLanguage\":\"de\"},{\"@type\":\"Organization\",\"@id\":\"https:\\\/\\\/soccerfield24.com\\\/#organization\",\"name\":\"LZ Medien GmbH\",\"url\":\"https:\\\/\\\/soccerfield24.com\\\/\",\"logo\":{\"@type\":\"ImageObject\",\"inLanguage\":\"de\",\"@id\":\"https:\\\/\\\/soccerfield24.com\\\/#\\\/schema\\\/logo\\\/image\\\/\",\"url\":\"https:\\\/\\\/soccerfield24.com\\\/wp-content\\\/uploads\\\/2022\\\/09\\\/cropped-l-iz-logo.jpg\",\"contentUrl\":\"https:\\\/\\\/soccerfield24.com\\\/wp-content\\\/uploads\\\/2022\\\/09\\\/cropped-l-iz-logo.jpg\",\"width\":1280,\"height\":387,\"caption\":\"LZ Medien GmbH\"},\"image\":{\"@id\":\"https:\\\/\\\/soccerfield24.com\\\/#\\\/schema\\\/logo\\\/image\\\/\"},\"sameAs\":[\"https:\\\/\\\/www.facebook.com\\\/LeipzigerInternetZeitung\",\"https:\\\/\\\/www.youtube.com\\\/c\\\/L-izDe\"]}]}<\/script>\n<!-- \/ Yoast SEO plugin. -->","yoast_head_json":{"title":"NordVPN oder ProtonVPN - Leipziger Zeitung","robots":{"index":"index","follow":"follow","max-snippet":"max-snippet:-1","max-image-preview":"max-image-preview:large","max-video-preview":"max-video-preview:-1"},"canonical":"https:\/\/www.l-iz.de\/vpn\/nordvpn-oder-protonvpn\/","og_locale":"de_DE","og_type":"article","og_title":"NordVPN oder ProtonVPN - Leipziger Zeitung","og_description":"Sowohl NordVPN als auch ProtonVPN sind VPN-Dienste, die es Ihnen erm\u00f6glichen, eine verschl\u00fcsselte Verbindung zu einem anderen Server herzustellen. Mit einem VPN k\u00f6nnen Sie Ihre IP-Adresse maskieren und so Ihre Aktivit\u00e4ten online anonymisieren. Beide Dienste bieten \u00e4hnliche Funktionen, aber es gibt ein paar Unterschiede, die Sie kennen sollten, bevor Sie sich f\u00fcr einen entscheiden. NordVPN [&hellip;]","og_url":"https:\/\/www.l-iz.de\/vpn\/nordvpn-oder-protonvpn\/","og_site_name":"Leipziger Zeitung","article_publisher":"https:\/\/www.facebook.com\/LeipzigerInternetZeitung","article_modified_time":"2024-04-21T10:00:00+00:00","twitter_card":"summary_large_image","twitter_misc":{"Gesch\u00e4tzte Lesezeit":"2\u00a0Minuten"},"schema":{"@context":"https:\/\/schema.org","@graph":[{"@type":"WebPage","@id":"https:\/\/www.l-iz.de\/vpn\/nordvpn-oder-protonvpn\/","url":"https:\/\/www.l-iz.de\/vpn\/nordvpn-oder-protonvpn\/","name":"NordVPN oder ProtonVPN - Leipziger Zeitung","isPartOf":{"@id":"https:\/\/www.l-iz.de\/vpn\/#website"},"datePublished":"2023-03-29T14:06:17+00:00","dateModified":"2024-04-21T10:00:00+00:00","breadcrumb":{"@id":"https:\/\/www.l-iz.de\/vpn\/nordvpn-oder-protonvpn\/#breadcrumb"},"inLanguage":"de","potentialAction":[{"@type":"ReadAction","target":["https:\/\/www.l-iz.de\/vpn\/nordvpn-oder-protonvpn\/"]}]},{"@type":"BreadcrumbList","@id":"https:\/\/www.l-iz.de\/vpn\/nordvpn-oder-protonvpn\/#breadcrumb","itemListElement":[{"@type":"ListItem","position":1,"name":"Startseite","item":"https:\/\/www.l-iz.de\/vpn\/"},{"@type":"ListItem","position":2,"name":"NordVPN oder ProtonVPN"}]},{"@type":"WebSite","@id":"https:\/\/www.l-iz.de\/vpn\/#website","url":"https:\/\/www.l-iz.de\/vpn\/","name":"Leipziger Zeitung","description":"VPN-Test: Die besten VPN-Anbieter im Vergleich [yyyy]","publisher":{"@id":"https:\/\/www.l-iz.de\/vpn\/#organization"},"potentialAction":[{"@type":"SearchAction","target":{"@type":"EntryPoint","urlTemplate":"https:\/\/www.l-iz.de\/vpn\/?s={search_term_string}"},"query-input":{"@type":"PropertyValueSpecification","valueRequired":true,"valueName":"search_term_string"}}],"inLanguage":"de"},{"@type":"Organization","@id":"https:\/\/www.l-iz.de\/vpn\/#organization","name":"LZ Medien GmbH","url":"https:\/\/www.l-iz.de\/vpn\/","logo":{"@type":"ImageObject","inLanguage":"de","@id":"https:\/\/www.l-iz.de\/vpn\/#\/schema\/logo\/image\/","url":"https:\/\/www.l-iz.de\/vpn\/wp-content\/uploads\/2022\/09\/cropped-l-iz-logo.jpg","contentUrl":"https:\/\/www.l-iz.de\/vpn\/wp-content\/uploads\/2022\/09\/cropped-l-iz-logo.jpg","width":1280,"height":387,"caption":"LZ Medien GmbH"},"image":{"@id":"https:\/\/www.l-iz.de\/vpn\/#\/schema\/logo\/image\/"},"sameAs":["https:\/\/www.facebook.com\/LeipzigerInternetZeitung","https:\/\/www.youtube.com\/c\/L-izDe"]}]}},"_links":{"self":[{"href":"https:\/\/www.l-iz.de\/vpn\/wp-json\/wp\/v2\/pages\/4166","targetHints":{"allow":["GET"]}}],"collection":[{"href":"https:\/\/www.l-iz.de\/vpn\/wp-json\/wp\/v2\/pages"}],"about":[{"href":"https:\/\/www.l-iz.de\/vpn\/wp-json\/wp\/v2\/types\/page"}],"author":[{"embeddable":true,"href":"https:\/\/www.l-iz.de\/vpn\/wp-json\/wp\/v2\/users\/1"}],"replies":[{"embeddable":true,"href":"https:\/\/www.l-iz.de\/vpn\/wp-json\/wp\/v2\/comments?post=4166"}],"version-history":[{"count":1,"href":"https:\/\/www.l-iz.de\/vpn\/wp-json\/wp\/v2\/pages\/4166\/revisions"}],"predecessor-version":[{"id":8170,"href":"https:\/\/www.l-iz.de\/vpn\/wp-json\/wp\/v2\/pages\/4166\/revisions\/8170"}],"wp:attachment":[{"href":"https:\/\/www.l-iz.de\/vpn\/wp-json\/wp\/v2\/media?parent=4166"}],"wp:term":[{"taxonomy":"post_tag","embeddable":true,"href":"https:\/\/www.l-iz.de\/vpn\/wp-json\/wp\/v2\/tags?post=4166"}],"curies":[{"name":"wp","href":"https:\/\/api.w.org\/{rel}","templated":true}]}}