{"id":4189,"date":"2023-03-29T16:20:12","date_gmt":"2023-03-29T14:20:12","guid":{"rendered":"https:\/\/www.l-iz.de\/vpn\/expressvpn-oder-avast-secureline\/"},"modified":"2024-04-21T12:00:00","modified_gmt":"2024-04-21T10:00:00","slug":"expressvpn-oder-avast-secureline","status":"publish","type":"page","link":"https:\/\/www.l-iz.de\/vpn\/expressvpn-oder-avast-secureline\/","title":{"rendered":"ExpressVPN oder Avast SecureLine"},"content":{"rendered":"<h2 class=\"whitespace-pre-wrap\">Avast SecureLine VPN gegen ExpressVPN: Ein umfassender Vergleich<\/h2>\n<p class=\"whitespace-pre-wrap\">In einer Zeit, in der Datenschutz und Sicherheit im Internet von h\u00f6chster Bedeutung sind, suchen Privatpersonen und Unternehmen gleicherma\u00dfen nach M\u00f6glichkeiten, ihre Daten beim Surfen oder Arbeiten online zu sch\u00fctzen. Eine der besten L\u00f6sungen ist der Einsatz eines Virtual Private Network (VPN). Sowohl ExpressVPN als auch Avast SecureLine VPN sind sichere, schnelle und zuverl\u00e4ssige VPNs, die sich sowohl f\u00fcr den privaten als auch f\u00fcr den beruflichen Gebrauch eignen. Doch welches der beiden ist am besten f\u00fcr Ihre individuellen Bed\u00fcrfnisse geeignet? Wir haben Avast SecureLine VPN gegen ExpressVPN anhand von Funktionen, Preisen und weiteren Faktoren verglichen, um Ihnen bei der Entscheidung zu helfen.<\/p>\n<h3 class=\"whitespace-pre-wrap\">Avast SecureLine VPN gegen ExpressVPN: Auf einen Blick<\/h3>\n<p class=\"whitespace-pre-wrap\">Avast bietet eine Reihe von Datenschutz- und Sicherheitstools an, allen voran seine Antivirus-Software. Sein VPN ist ein einzelnes Produkt f\u00fcr diejenigen, die nichts Anderes wollen, als sich mit einem Server zu verbinden, um ihre Internetaktivit\u00e4ten zu sch\u00fctzen und ihre IP-Adresse zu verschleiern. Es ist eine kosteng\u00fcnstige Option und erm\u00f6glicht Ihnen, bis zu zehn Ger\u00e4te mit einem einzigen Konto zu verbinden.<\/p>\n<p class=\"whitespace-pre-wrap\">ExpressVPN ist ein Vorreiter in der VPN-Welt. Es ist eine beliebte Wahl, da es zuverl\u00e4ssig ist, schnelle Verbindungen bietet und Server in 94 L\u00e4ndern hat. Alle Abonnenten erhalten als Bonus einen Werbeblocker, aber alle Auswahl- und Funktionsm\u00f6glichkeiten summieren sich zu einem Premium-Preis &#8211; ExpressVPN ist eine der teuersten Optionen.<\/p>\n<h4 class=\"whitespace-pre-wrap\">Avast SecureLine VPN<\/h4>\n<p class=\"whitespace-pre-wrap\">Preis (j\u00e4hrlich): 59,88 \u20ac Maximale Anzahl an Ger\u00e4ten: 10 Server-Standorte: 34<\/p>\n<h3 class=\"whitespace-pre-wrap\">ExpressVPN<\/h3>\n<p class=\"whitespace-pre-wrap\">Preis (j\u00e4hrlich): 80,04 \u20ac Maximale Anzahl an Ger\u00e4ten: 5 Server-Standorte: 94<\/p>\n<h2 class=\"whitespace-pre-wrap\">Wie Avast SecureLine VPN und ExpressVPN im Vergleich abschneiden<\/h2>\n<p class=\"whitespace-pre-wrap\">Beim Vergleich von Avast SecureLine VPN gegen ExpressVPN haben wir mehr als nur die Preise ber\u00fccksichtigt, aber das ist ein guter Ausgangspunkt. Avast SecureLine VPNs Jahresplan ist deutlich g\u00fcnstiger als ExpressVPN &#8211; Sie sparen mehr als 40 \u20ac. Es ist auch wichtig zu bedenken, ob Sie den VPN-Service auf Ihren Ger\u00e4ten nutzen k\u00f6nnen. ExpressVPN funktioniert auf mehr Plattformen als Avast SecureLine VPN.<\/p>\n<p class=\"whitespace-pre-wrap\">Avast SecureLine VPN erlaubt Ihnen doppelt so viele verbundene Ger\u00e4te wie ExpressVPN, aber bedenken Sie, dass ExpressVPN Ihnen erm\u00f6glicht, Ihren Router mit einem VPN zu verbinden, so dass Sie viele Ger\u00e4te in einem gesch\u00fctzten Heimnetzwerk abdecken k\u00f6nnen. ExpressVPN \u00fcbertrifft Avast deutlich mit 50 weiteren Server-Standorten &#8211; das bedeutet eine viel gr\u00f6\u00dfere Auswahl, wo Sie sich verbinden m\u00f6chten.<\/p>\n<p class=\"whitespace-pre-wrap\">Beide VPN-Dienste bieten Ihnen eine 30-Tage-Geld-zur\u00fcck-Garantie, so dass Sie, falls Sie mit der Geschwindigkeit des Dienstes oder den Server-Standorten (oder irgendetwas anderem) nicht zufrieden sind, innerhalb dieses Monats eine R\u00fcckerstattung erhalten k\u00f6nnen. Sie bieten auch 24\/7-Kundensupport, aber Avast bietet zus\u00e4tzlich einen telefonischen Support, der bei VPN-Diensten eher un\u00fcblich ist.<\/p>\n<p class=\"whitespace-pre-wrap\">Hinweis: Wir haben keinen Vergleich der verwendeten Sicherheitsprotokolle aufgenommen, da das Wichtigste ist, dass VPN-Dienste Industriestandard-AES-256-Bit-Schl\u00fcssel verwenden, was sowohl bei Avast SecureLine VPN als auch bei ExpressVPN der Fall ist.<\/p>\n<h3 class=\"whitespace-pre-wrap\">Allround-Schutz<\/h3>\n<p class=\"whitespace-pre-wrap\">Obwohl keiner der VPN-Dienste Schadsoftware-Schutz als Funktion oder Add-on anbietet, hat Avast ein separates Produkt, das seine Antivirus-Software mit einem integrierten VPN kombiniert, bekannt als Avast One. Wenn Sie sowohl Ihre Online-Aktivit\u00e4ten als auch Ihre Downloads und Klicks sch\u00fctzen m\u00f6chten, k\u00f6nnte dies die bessere Wahl f\u00fcr Sie sein. ExpressVPN bietet nichts Vergleichbares.<\/p>\n<h3 class=\"whitespace-pre-wrap\">Werbeblocker &#8211; ExpressVPN vs Avast SecureLine<\/h3>\n<p class=\"whitespace-pre-wrap\">ExpressVPN beinhaltet einen Werbeblocker, den das Unternehmen als Threat Manager bezeichnet. Dieser blockiert Websites, die Tracker auf Ihnen verwenden, so dass Sie keine verwandten Anzeigen mehr sehen sollten, die sonst in Ihren sozialen Medien-Feeds auftauchen w\u00fcrden. Im Wesentlichen ist dies ein DNS-Blocker. Avast SecureLine VPN enth\u00e4lt diese Funktion nicht.<\/p>\n<h2 class=\"whitespace-pre-wrap\">Fazit: ExpressVPN vs Avast SecureLine<\/h2>\n<p class=\"whitespace-pre-wrap\">\u00a0Avast SecureLine VPN ist zwar g\u00fcnstiger, aber ExpressVPN bietet mehr Funktionen und Vorteile.<\/p>\n","protected":false},"excerpt":{"rendered":"<p>Avast SecureLine VPN gegen ExpressVPN: Ein umfassender Vergleich In einer Zeit, in der Datenschutz und Sicherheit im Internet von h\u00f6chster Bedeutung sind, suchen Privatpersonen und Unternehmen gleicherma\u00dfen nach M\u00f6glichkeiten, ihre Daten beim Surfen oder Arbeiten online zu sch\u00fctzen. Eine der besten L\u00f6sungen ist der Einsatz eines Virtual Private Network (VPN). Sowohl ExpressVPN als auch Avast [&hellip;]<\/p>\n","protected":false},"author":1,"featured_media":0,"parent":0,"menu_order":0,"comment_status":"closed","ping_status":"closed","template":"","meta":{"_lmt_disableupdate":"","_lmt_disable":"","footnotes":""},"tags":[],"class_list":["post-4189","page","type-page","status-publish","hentry"],"yoast_head":"<!-- This site is optimized with the Yoast SEO plugin v27.4 - https:\/\/yoast.com\/product\/yoast-seo-wordpress\/ -->\n<title>ExpressVPN oder Avast SecureLine - Leipziger Zeitung<\/title>\n<meta name=\"robots\" content=\"index, follow, max-snippet:-1, max-image-preview:large, max-video-preview:-1\" \/>\n<link rel=\"canonical\" href=\"https:\/\/www.l-iz.de\/vpn\/expressvpn-oder-avast-secureline\/\" \/>\n<meta property=\"og:locale\" content=\"de_DE\" \/>\n<meta property=\"og:type\" content=\"article\" \/>\n<meta property=\"og:title\" content=\"ExpressVPN oder Avast SecureLine - Leipziger Zeitung\" \/>\n<meta property=\"og:description\" content=\"Avast SecureLine VPN gegen ExpressVPN: Ein umfassender Vergleich In einer Zeit, in der Datenschutz und Sicherheit im Internet von h\u00f6chster Bedeutung sind, suchen Privatpersonen und Unternehmen gleicherma\u00dfen nach M\u00f6glichkeiten, ihre Daten beim Surfen oder Arbeiten online zu sch\u00fctzen. Eine der besten L\u00f6sungen ist der Einsatz eines Virtual Private Network (VPN). Sowohl ExpressVPN als auch Avast [&hellip;]\" \/>\n<meta property=\"og:url\" content=\"https:\/\/www.l-iz.de\/vpn\/expressvpn-oder-avast-secureline\/\" \/>\n<meta property=\"og:site_name\" content=\"Leipziger Zeitung\" \/>\n<meta property=\"article:publisher\" content=\"https:\/\/www.facebook.com\/LeipzigerInternetZeitung\" \/>\n<meta property=\"article:modified_time\" content=\"2024-04-21T10:00:00+00:00\" \/>\n<meta name=\"twitter:card\" content=\"summary_large_image\" \/>\n<meta name=\"twitter:label1\" content=\"Gesch\u00e4tzte Lesezeit\" \/>\n\t<meta name=\"twitter:data1\" content=\"3\u00a0Minuten\" \/>\n<script type=\"application\/ld+json\" class=\"yoast-schema-graph\">{\"@context\":\"https:\\\/\\\/schema.org\",\"@graph\":[{\"@type\":\"WebPage\",\"@id\":\"https:\\\/\\\/soccerfield24.com\\\/expressvpn-oder-avast-secureline\\\/\",\"url\":\"https:\\\/\\\/soccerfield24.com\\\/expressvpn-oder-avast-secureline\\\/\",\"name\":\"ExpressVPN oder Avast SecureLine - Leipziger Zeitung\",\"isPartOf\":{\"@id\":\"https:\\\/\\\/soccerfield24.com\\\/#website\"},\"datePublished\":\"2023-03-29T14:20:12+00:00\",\"dateModified\":\"2024-04-21T10:00:00+00:00\",\"breadcrumb\":{\"@id\":\"https:\\\/\\\/soccerfield24.com\\\/expressvpn-oder-avast-secureline\\\/#breadcrumb\"},\"inLanguage\":\"de\",\"potentialAction\":[{\"@type\":\"ReadAction\",\"target\":[\"https:\\\/\\\/soccerfield24.com\\\/expressvpn-oder-avast-secureline\\\/\"]}]},{\"@type\":\"BreadcrumbList\",\"@id\":\"https:\\\/\\\/soccerfield24.com\\\/expressvpn-oder-avast-secureline\\\/#breadcrumb\",\"itemListElement\":[{\"@type\":\"ListItem\",\"position\":1,\"name\":\"Startseite\",\"item\":\"https:\\\/\\\/soccerfield24.com\\\/\"},{\"@type\":\"ListItem\",\"position\":2,\"name\":\"ExpressVPN oder Avast SecureLine\"}]},{\"@type\":\"WebSite\",\"@id\":\"https:\\\/\\\/soccerfield24.com\\\/#website\",\"url\":\"https:\\\/\\\/soccerfield24.com\\\/\",\"name\":\"Leipziger Zeitung\",\"description\":\"VPN-Test: Die besten VPN-Anbieter im Vergleich [yyyy]\",\"publisher\":{\"@id\":\"https:\\\/\\\/soccerfield24.com\\\/#organization\"},\"potentialAction\":[{\"@type\":\"SearchAction\",\"target\":{\"@type\":\"EntryPoint\",\"urlTemplate\":\"https:\\\/\\\/soccerfield24.com\\\/?s={search_term_string}\"},\"query-input\":{\"@type\":\"PropertyValueSpecification\",\"valueRequired\":true,\"valueName\":\"search_term_string\"}}],\"inLanguage\":\"de\"},{\"@type\":\"Organization\",\"@id\":\"https:\\\/\\\/soccerfield24.com\\\/#organization\",\"name\":\"LZ Medien GmbH\",\"url\":\"https:\\\/\\\/soccerfield24.com\\\/\",\"logo\":{\"@type\":\"ImageObject\",\"inLanguage\":\"de\",\"@id\":\"https:\\\/\\\/soccerfield24.com\\\/#\\\/schema\\\/logo\\\/image\\\/\",\"url\":\"https:\\\/\\\/soccerfield24.com\\\/wp-content\\\/uploads\\\/2022\\\/09\\\/cropped-l-iz-logo.jpg\",\"contentUrl\":\"https:\\\/\\\/soccerfield24.com\\\/wp-content\\\/uploads\\\/2022\\\/09\\\/cropped-l-iz-logo.jpg\",\"width\":1280,\"height\":387,\"caption\":\"LZ Medien GmbH\"},\"image\":{\"@id\":\"https:\\\/\\\/soccerfield24.com\\\/#\\\/schema\\\/logo\\\/image\\\/\"},\"sameAs\":[\"https:\\\/\\\/www.facebook.com\\\/LeipzigerInternetZeitung\",\"https:\\\/\\\/www.youtube.com\\\/c\\\/L-izDe\"]}]}<\/script>\n<!-- \/ Yoast SEO plugin. -->","yoast_head_json":{"title":"ExpressVPN oder Avast SecureLine - Leipziger Zeitung","robots":{"index":"index","follow":"follow","max-snippet":"max-snippet:-1","max-image-preview":"max-image-preview:large","max-video-preview":"max-video-preview:-1"},"canonical":"https:\/\/www.l-iz.de\/vpn\/expressvpn-oder-avast-secureline\/","og_locale":"de_DE","og_type":"article","og_title":"ExpressVPN oder Avast SecureLine - Leipziger Zeitung","og_description":"Avast SecureLine VPN gegen ExpressVPN: Ein umfassender Vergleich In einer Zeit, in der Datenschutz und Sicherheit im Internet von h\u00f6chster Bedeutung sind, suchen Privatpersonen und Unternehmen gleicherma\u00dfen nach M\u00f6glichkeiten, ihre Daten beim Surfen oder Arbeiten online zu sch\u00fctzen. Eine der besten L\u00f6sungen ist der Einsatz eines Virtual Private Network (VPN). Sowohl ExpressVPN als auch Avast [&hellip;]","og_url":"https:\/\/www.l-iz.de\/vpn\/expressvpn-oder-avast-secureline\/","og_site_name":"Leipziger Zeitung","article_publisher":"https:\/\/www.facebook.com\/LeipzigerInternetZeitung","article_modified_time":"2024-04-21T10:00:00+00:00","twitter_card":"summary_large_image","twitter_misc":{"Gesch\u00e4tzte Lesezeit":"3\u00a0Minuten"},"schema":{"@context":"https:\/\/schema.org","@graph":[{"@type":"WebPage","@id":"https:\/\/www.l-iz.de\/vpn\/expressvpn-oder-avast-secureline\/","url":"https:\/\/www.l-iz.de\/vpn\/expressvpn-oder-avast-secureline\/","name":"ExpressVPN oder Avast SecureLine - Leipziger Zeitung","isPartOf":{"@id":"https:\/\/www.l-iz.de\/vpn\/#website"},"datePublished":"2023-03-29T14:20:12+00:00","dateModified":"2024-04-21T10:00:00+00:00","breadcrumb":{"@id":"https:\/\/www.l-iz.de\/vpn\/expressvpn-oder-avast-secureline\/#breadcrumb"},"inLanguage":"de","potentialAction":[{"@type":"ReadAction","target":["https:\/\/www.l-iz.de\/vpn\/expressvpn-oder-avast-secureline\/"]}]},{"@type":"BreadcrumbList","@id":"https:\/\/www.l-iz.de\/vpn\/expressvpn-oder-avast-secureline\/#breadcrumb","itemListElement":[{"@type":"ListItem","position":1,"name":"Startseite","item":"https:\/\/www.l-iz.de\/vpn\/"},{"@type":"ListItem","position":2,"name":"ExpressVPN oder Avast SecureLine"}]},{"@type":"WebSite","@id":"https:\/\/www.l-iz.de\/vpn\/#website","url":"https:\/\/www.l-iz.de\/vpn\/","name":"Leipziger Zeitung","description":"VPN-Test: Die besten VPN-Anbieter im Vergleich [yyyy]","publisher":{"@id":"https:\/\/www.l-iz.de\/vpn\/#organization"},"potentialAction":[{"@type":"SearchAction","target":{"@type":"EntryPoint","urlTemplate":"https:\/\/www.l-iz.de\/vpn\/?s={search_term_string}"},"query-input":{"@type":"PropertyValueSpecification","valueRequired":true,"valueName":"search_term_string"}}],"inLanguage":"de"},{"@type":"Organization","@id":"https:\/\/www.l-iz.de\/vpn\/#organization","name":"LZ Medien GmbH","url":"https:\/\/www.l-iz.de\/vpn\/","logo":{"@type":"ImageObject","inLanguage":"de","@id":"https:\/\/www.l-iz.de\/vpn\/#\/schema\/logo\/image\/","url":"https:\/\/www.l-iz.de\/vpn\/wp-content\/uploads\/2022\/09\/cropped-l-iz-logo.jpg","contentUrl":"https:\/\/www.l-iz.de\/vpn\/wp-content\/uploads\/2022\/09\/cropped-l-iz-logo.jpg","width":1280,"height":387,"caption":"LZ Medien GmbH"},"image":{"@id":"https:\/\/www.l-iz.de\/vpn\/#\/schema\/logo\/image\/"},"sameAs":["https:\/\/www.facebook.com\/LeipzigerInternetZeitung","https:\/\/www.youtube.com\/c\/L-izDe"]}]}},"_links":{"self":[{"href":"https:\/\/www.l-iz.de\/vpn\/wp-json\/wp\/v2\/pages\/4189","targetHints":{"allow":["GET"]}}],"collection":[{"href":"https:\/\/www.l-iz.de\/vpn\/wp-json\/wp\/v2\/pages"}],"about":[{"href":"https:\/\/www.l-iz.de\/vpn\/wp-json\/wp\/v2\/types\/page"}],"author":[{"embeddable":true,"href":"https:\/\/www.l-iz.de\/vpn\/wp-json\/wp\/v2\/users\/1"}],"replies":[{"embeddable":true,"href":"https:\/\/www.l-iz.de\/vpn\/wp-json\/wp\/v2\/comments?post=4189"}],"version-history":[{"count":1,"href":"https:\/\/www.l-iz.de\/vpn\/wp-json\/wp\/v2\/pages\/4189\/revisions"}],"predecessor-version":[{"id":8164,"href":"https:\/\/www.l-iz.de\/vpn\/wp-json\/wp\/v2\/pages\/4189\/revisions\/8164"}],"wp:attachment":[{"href":"https:\/\/www.l-iz.de\/vpn\/wp-json\/wp\/v2\/media?parent=4189"}],"wp:term":[{"taxonomy":"post_tag","embeddable":true,"href":"https:\/\/www.l-iz.de\/vpn\/wp-json\/wp\/v2\/tags?post=4189"}],"curies":[{"name":"wp","href":"https:\/\/api.w.org\/{rel}","templated":true}]}}