{"id":4242,"date":"2023-03-29T18:03:15","date_gmt":"2023-03-29T16:03:15","guid":{"rendered":"https:\/\/www.l-iz.de\/vpn\/bester-vpn-anbieter-fuer-dazn\/"},"modified":"2024-04-21T12:00:00","modified_gmt":"2024-04-21T10:00:00","slug":"bester-vpn-anbieter-fuer-dazn","status":"publish","type":"page","link":"https:\/\/www.l-iz.de\/vpn\/bester-vpn-anbieter-fuer-dazn\/","title":{"rendered":"Bester VPN Anbieter f\u00fcr DAZN"},"content":{"rendered":"<p>Wenn Sie ein DAZN-Konto haben und nach einem guten VPN suchen, sind Sie hier genau richtig. In diesem Artikel werden wir die besten VPN-Anbieter f\u00fcr DAZN vorstellen, damit Sie eine informierte Wahl treffen k\u00f6nnen.<\/p>\n\n\t<div class=\"space-shortcode-wrap space-shortcode-4 relative\">\n\t\t<div class=\"space-shortcode-wrap-ins relative\">\n\n\t\t\t\n\t\t\t<div class=\"space-organizations-3-archive-items box-100 relative\">\n\n\t\t\t\t\n\t\t\t\t<div class=\"space-organizations-3-archive-item box-100 relative\">\n\t\t\t\t\t<div class=\"space-organizations-3-archive-item-ins relative\">\n\t\t\t\t\t\t<div class=\"space-organizations-3-archive-item-logo box-50 relative\">\n\t\t\t\t\t\t\t<div class=\"space-organizations-3-archive-item-logo-ins box-100 text-center relative\">\n\n\t\t\t\t\t\t\t\t\t\t\t\t\t\t\t\t\t\t<div class=\"space-organizations-3-logo-title-box box-100 text-left relative\">\n\t\t\t\t\t\t\t\t\t\t\t<div class=\"space-organizations-3-logo-box relative\">\n\t\t\t\t\t\t\t\t\t\t\t\t<a href=\"https:\/\/www.l-iz.de\/vpn\/erfahrungen\/nordvpn\/\" title=\"NordVPN Test und Erfahrungen 2026: Seri\u00f6s &#038; sicher?\">\n\t\t\t\t\t\t\t\t\t\t\t\t\t<img loading=\"lazy\" decoding=\"async\" width=\"50\" height=\"50\" src=\"https:\/\/www.l-iz.de\/vpn\/wp-content\/uploads\/2022\/09\/nordvpn-50x50.png\" class=\"attachment-mercury-50-50 size-mercury-50-50\" alt=\"NordVPN Test und Erfahrungen 2026: Seri\u00f6s &#038; sicher?\" srcset=\"https:\/\/www.l-iz.de\/vpn\/wp-content\/uploads\/2022\/09\/nordvpn-50x50.png 50w, https:\/\/www.l-iz.de\/vpn\/wp-content\/uploads\/2022\/09\/nordvpn-150x150.png 150w, https:\/\/www.l-iz.de\/vpn\/wp-content\/uploads\/2022\/09\/nordvpn-40x40.png 40w, https:\/\/www.l-iz.de\/vpn\/wp-content\/uploads\/2022\/09\/nordvpn-100x100.png 100w, https:\/\/www.l-iz.de\/vpn\/wp-content\/uploads\/2022\/09\/nordvpn-120x120.png 120w, https:\/\/www.l-iz.de\/vpn\/wp-content\/uploads\/2022\/09\/nordvpn-135x135.png 135w, https:\/\/www.l-iz.de\/vpn\/wp-content\/uploads\/2022\/09\/nordvpn-32x32.png 32w, https:\/\/www.l-iz.de\/vpn\/wp-content\/uploads\/2022\/09\/nordvpn-80x80.png 80w, https:\/\/www.l-iz.de\/vpn\/wp-content\/uploads\/2022\/09\/nordvpn.png 225w\" sizes=\"auto, (max-width: 50px) 100vw, 50px\" \/>\t\t\t\t\t\t\t\t\t\t\t\t<\/a>\n\t\t\t\t\t\t\t\t\t\t\t\t<div class=\"space-organizations-3-archive-item-count-2 absolute\">\n\t\t\t\t\t\t\t\t\t\t\t\t\t<span>1<\/span>\n\t\t\t\t\t\t\t\t\t\t\t\t<\/div>\n\t\t\t\t\t\t\t\t\t\t\t<\/div>\n\t\t\t\t\t\t\t\t\t\t\t<div class=\"space-organizations-3-title-box relative\">\n\t\t\t\t\t\t\t\t\t\t\t\t<a href=\"https:\/\/www.l-iz.de\/vpn\/erfahrungen\/nordvpn\/\" title=\"NordVPN Test und Erfahrungen 2026: Seri\u00f6s &#038; sicher?\">NordVPN Test und Erfahrungen 2026: Seri\u00f6s &#038; sicher?<\/a>\n\t\t\t\t\t\t\t\t\t\t\t<\/div>\n\t\t\t\t\t\t\t\t\t\t<\/div>\n\t\t\t\t\t\t\t\t\t\t\t\t\t\t\t\t<\/div>\n\t\t\t\t\t\t\t\t\t\t\t\t\t<\/div>\n\t\t\t\t\t\t<div class=\"space-organizations-3-archive-item-rating box-25 relative\">\n\t\t\t\t\t\t\t<div class=\"space-organizations-3-archive-item-rating-ins box-100 text-center relative\">\n\n\t\t\t\t\t\t\t\t\n\t\t\t\t\t\t\t\t\t\t\t\t\t\t\t\t\t<div class=\"space-organizations-3-archive-item-rating-box relative\">\n\t\t\t\t\t\t\t\t\t\t<div class=\"star-rating\"><div class=\"star star-full\" aria-hidden=\"true\"><\/div><div class=\"star star-full\" aria-hidden=\"true\"><\/div><div class=\"star star-full\" aria-hidden=\"true\"><\/div><div class=\"star star-full\" aria-hidden=\"true\"><\/div><div class=\"star star-full\" aria-hidden=\"true\"><\/div><\/div>\t\t\t\t\t\t\t\t\t\t<span>5.0<\/span>\n\t\t\t\t\t\t\t\t\t<\/div>\n\t\t\t\t\t\t\t\t\n\t\t\t\t\t\t\t\t\n\t\t\t\t\t\t\t\t\t\t\t\t\t\t\t\t\n\t\t\t\t\t\t\t<\/div>\n\t\t\t\t\t\t<\/div>\n\t\t\t\t\t\t<div class=\"space-organizations-3-archive-item-button box-25 relative\">\n\t\t\t\t\t\t\t<div class=\"space-organizations-3-archive-item-button-ins box-100 text-center relative\">\n\t\t\t\t\t\t\t\t<a href=\"https:\/\/www.l-iz.de\/vpn\/zu\/nordvpn\/\" title=\"Zum Anbieter\" target=\"_blank\" rel=\"nofollow\"><i class=\"fas fa-check-circle\"><\/i> Zum Anbieter<\/a>\n\n\t\t\t\t\t\t\t\t<a href=\"https:\/\/www.l-iz.de\/vpn\/erfahrungen\/nordvpn\/\" title=\"Testbericht lesen\"><i class=\"fas fa-arrow-alt-circle-right\"><\/i> Testbericht lesen<\/a>\n\t\t\t\t\t\t\t<\/div>\n\t\t\t\t\t\t<\/div>\n\t\t\t\t\t\t\t\t\t\t\t<\/div>\n\t\t\t\t<\/div>\n\n\t\t\t\t\n\t\t\t\t<div class=\"space-organizations-3-archive-item box-100 relative\">\n\t\t\t\t\t<div class=\"space-organizations-3-archive-item-ins relative\">\n\t\t\t\t\t\t<div class=\"space-organizations-3-archive-item-logo box-50 relative\">\n\t\t\t\t\t\t\t<div class=\"space-organizations-3-archive-item-logo-ins box-100 text-center relative\">\n\n\t\t\t\t\t\t\t\t\t\t\t\t\t\t\t\t\t\t<div class=\"space-organizations-3-logo-title-box box-100 text-left relative\">\n\t\t\t\t\t\t\t\t\t\t\t<div class=\"space-organizations-3-logo-box relative\">\n\t\t\t\t\t\t\t\t\t\t\t\t<a href=\"https:\/\/www.l-iz.de\/vpn\/erfahrungen\/cyberghost\/\" title=\"CyberGhost Test 2026: Erfahrungen und Bewertungen\">\n\t\t\t\t\t\t\t\t\t\t\t\t\t<img loading=\"lazy\" decoding=\"async\" width=\"50\" height=\"50\" src=\"https:\/\/www.l-iz.de\/vpn\/wp-content\/uploads\/2022\/09\/cyberghost-vpn-erfahrungen-logo-50x50.webp\" class=\"attachment-mercury-50-50 size-mercury-50-50\" alt=\"CyberGhost Test 2026: Erfahrungen und Bewertungen\" srcset=\"https:\/\/www.l-iz.de\/vpn\/wp-content\/uploads\/2022\/09\/cyberghost-vpn-erfahrungen-logo-50x50.webp 50w, https:\/\/www.l-iz.de\/vpn\/wp-content\/uploads\/2022\/09\/cyberghost-vpn-erfahrungen-logo-150x150.webp 150w, https:\/\/www.l-iz.de\/vpn\/wp-content\/uploads\/2022\/09\/cyberghost-vpn-erfahrungen-logo-40x40.webp 40w, https:\/\/www.l-iz.de\/vpn\/wp-content\/uploads\/2022\/09\/cyberghost-vpn-erfahrungen-logo-100x100.webp 100w, https:\/\/www.l-iz.de\/vpn\/wp-content\/uploads\/2022\/09\/cyberghost-vpn-erfahrungen-logo-120x120.webp 120w, https:\/\/www.l-iz.de\/vpn\/wp-content\/uploads\/2022\/09\/cyberghost-vpn-erfahrungen-logo-135x135.webp 135w, https:\/\/www.l-iz.de\/vpn\/wp-content\/uploads\/2022\/09\/cyberghost-vpn-erfahrungen-logo-32x32.webp 32w, https:\/\/www.l-iz.de\/vpn\/wp-content\/uploads\/2022\/09\/cyberghost-vpn-erfahrungen-logo-80x80.webp 80w, https:\/\/www.l-iz.de\/vpn\/wp-content\/uploads\/2022\/09\/cyberghost-vpn-erfahrungen-logo.webp 225w\" sizes=\"auto, (max-width: 50px) 100vw, 50px\" \/>\t\t\t\t\t\t\t\t\t\t\t\t<\/a>\n\t\t\t\t\t\t\t\t\t\t\t\t<div class=\"space-organizations-3-archive-item-count-2 absolute\">\n\t\t\t\t\t\t\t\t\t\t\t\t\t<span>2<\/span>\n\t\t\t\t\t\t\t\t\t\t\t\t<\/div>\n\t\t\t\t\t\t\t\t\t\t\t<\/div>\n\t\t\t\t\t\t\t\t\t\t\t<div class=\"space-organizations-3-title-box relative\">\n\t\t\t\t\t\t\t\t\t\t\t\t<a href=\"https:\/\/www.l-iz.de\/vpn\/erfahrungen\/cyberghost\/\" title=\"CyberGhost Test 2026: Erfahrungen und Bewertungen\">CyberGhost Test 2026: Erfahrungen und Bewertungen<\/a>\n\t\t\t\t\t\t\t\t\t\t\t<\/div>\n\t\t\t\t\t\t\t\t\t\t<\/div>\n\t\t\t\t\t\t\t\t\t\t\t\t\t\t\t\t<\/div>\n\t\t\t\t\t\t\t\t\t\t\t\t\t<\/div>\n\t\t\t\t\t\t<div class=\"space-organizations-3-archive-item-rating box-25 relative\">\n\t\t\t\t\t\t\t<div class=\"space-organizations-3-archive-item-rating-ins box-100 text-center relative\">\n\n\t\t\t\t\t\t\t\t\n\t\t\t\t\t\t\t\t\t\t\t\t\t\t\t\t\t<div class=\"space-organizations-3-archive-item-rating-box relative\">\n\t\t\t\t\t\t\t\t\t\t<div class=\"star-rating\"><div class=\"star star-full\" aria-hidden=\"true\"><\/div><div class=\"star star-full\" aria-hidden=\"true\"><\/div><div class=\"star star-full\" aria-hidden=\"true\"><\/div><div class=\"star star-full\" aria-hidden=\"true\"><\/div><div class=\"star star-half\" aria-hidden=\"true\"><\/div><\/div>\t\t\t\t\t\t\t\t\t\t<span>4.8<\/span>\n\t\t\t\t\t\t\t\t\t<\/div>\n\t\t\t\t\t\t\t\t\n\t\t\t\t\t\t\t\t\n\t\t\t\t\t\t\t\t\t\t\t\t\t\t\t\t\n\t\t\t\t\t\t\t<\/div>\n\t\t\t\t\t\t<\/div>\n\t\t\t\t\t\t<div class=\"space-organizations-3-archive-item-button box-25 relative\">\n\t\t\t\t\t\t\t<div class=\"space-organizations-3-archive-item-button-ins box-100 text-center relative\">\n\t\t\t\t\t\t\t\t<a href=\"https:\/\/www.l-iz.de\/vpn\/zu\/cyberghost\/\" title=\"Zum Anbieter\" target=\"_blank\" rel=\"nofollow\"><i class=\"fas fa-check-circle\"><\/i> Zum Anbieter<\/a>\n\n\t\t\t\t\t\t\t\t<a href=\"https:\/\/www.l-iz.de\/vpn\/erfahrungen\/cyberghost\/\" title=\"Testbericht lesen\"><i class=\"fas fa-arrow-alt-circle-right\"><\/i> Testbericht lesen<\/a>\n\t\t\t\t\t\t\t<\/div>\n\t\t\t\t\t\t<\/div>\n\t\t\t\t\t\t\t\t\t\t\t<\/div>\n\t\t\t\t<\/div>\n\n\t\t\t\t\n\t\t\t\t<div class=\"space-organizations-3-archive-item box-100 relative\">\n\t\t\t\t\t<div class=\"space-organizations-3-archive-item-ins relative\">\n\t\t\t\t\t\t<div class=\"space-organizations-3-archive-item-logo box-50 relative\">\n\t\t\t\t\t\t\t<div class=\"space-organizations-3-archive-item-logo-ins box-100 text-center relative\">\n\n\t\t\t\t\t\t\t\t\t\t\t\t\t\t\t\t\t\t<div class=\"space-organizations-3-logo-title-box box-100 text-left relative\">\n\t\t\t\t\t\t\t\t\t\t\t<div class=\"space-organizations-3-logo-box relative\">\n\t\t\t\t\t\t\t\t\t\t\t\t<a href=\"https:\/\/www.l-iz.de\/vpn\/erfahrungen\/totalvpn\/\" title=\"TotalVPN Test und Erfahrung &#8211; Wie gut ist der VPN-Dienst im Praxistest?\">\n\t\t\t\t\t\t\t\t\t\t\t\t\t<img loading=\"lazy\" decoding=\"async\" width=\"50\" height=\"50\" src=\"https:\/\/www.l-iz.de\/vpn\/wp-content\/uploads\/2022\/09\/total-vpn-product-50x50.png\" class=\"attachment-mercury-50-50 size-mercury-50-50\" alt=\"TotalVPN Test und Erfahrung &#8211; Wie gut ist der VPN-Dienst im Praxistest?\" srcset=\"https:\/\/www.l-iz.de\/vpn\/wp-content\/uploads\/2022\/09\/total-vpn-product-50x50.png 50w, https:\/\/www.l-iz.de\/vpn\/wp-content\/uploads\/2022\/09\/total-vpn-product-300x300.png 300w, https:\/\/www.l-iz.de\/vpn\/wp-content\/uploads\/2022\/09\/total-vpn-product-150x150.png 150w, https:\/\/www.l-iz.de\/vpn\/wp-content\/uploads\/2022\/09\/total-vpn-product-40x40.png 40w, https:\/\/www.l-iz.de\/vpn\/wp-content\/uploads\/2022\/09\/total-vpn-product-100x100.png 100w, https:\/\/www.l-iz.de\/vpn\/wp-content\/uploads\/2022\/09\/total-vpn-product-120x120.png 120w, https:\/\/www.l-iz.de\/vpn\/wp-content\/uploads\/2022\/09\/total-vpn-product-135x135.png 135w, https:\/\/www.l-iz.de\/vpn\/wp-content\/uploads\/2022\/09\/total-vpn-product-270x270.png 270w, https:\/\/www.l-iz.de\/vpn\/wp-content\/uploads\/2022\/09\/total-vpn-product-32x32.png 32w, https:\/\/www.l-iz.de\/vpn\/wp-content\/uploads\/2022\/09\/total-vpn-product-80x80.png 80w, https:\/\/www.l-iz.de\/vpn\/wp-content\/uploads\/2022\/09\/total-vpn-product.png 400w\" sizes=\"auto, (max-width: 50px) 100vw, 50px\" \/>\t\t\t\t\t\t\t\t\t\t\t\t<\/a>\n\t\t\t\t\t\t\t\t\t\t\t\t<div class=\"space-organizations-3-archive-item-count-2 absolute\">\n\t\t\t\t\t\t\t\t\t\t\t\t\t<span>3<\/span>\n\t\t\t\t\t\t\t\t\t\t\t\t<\/div>\n\t\t\t\t\t\t\t\t\t\t\t<\/div>\n\t\t\t\t\t\t\t\t\t\t\t<div class=\"space-organizations-3-title-box relative\">\n\t\t\t\t\t\t\t\t\t\t\t\t<a href=\"https:\/\/www.l-iz.de\/vpn\/erfahrungen\/totalvpn\/\" title=\"TotalVPN Test und Erfahrung &#8211; Wie gut ist der VPN-Dienst im Praxistest?\">TotalVPN Test und Erfahrung &#8211; Wie gut ist der VPN-Dienst im Praxistest?<\/a>\n\t\t\t\t\t\t\t\t\t\t\t<\/div>\n\t\t\t\t\t\t\t\t\t\t<\/div>\n\t\t\t\t\t\t\t\t\t\t\t\t\t\t\t\t<\/div>\n\t\t\t\t\t\t\t\t\t\t\t\t\t<\/div>\n\t\t\t\t\t\t<div class=\"space-organizations-3-archive-item-rating box-25 relative\">\n\t\t\t\t\t\t\t<div class=\"space-organizations-3-archive-item-rating-ins box-100 text-center relative\">\n\n\t\t\t\t\t\t\t\t\n\t\t\t\t\t\t\t\t\t\t\t\t\t\t\t\t\t<div class=\"space-organizations-3-archive-item-rating-box relative\">\n\t\t\t\t\t\t\t\t\t\t<div class=\"star-rating\"><div class=\"star star-full\" aria-hidden=\"true\"><\/div><div class=\"star star-full\" aria-hidden=\"true\"><\/div><div class=\"star star-full\" aria-hidden=\"true\"><\/div><div class=\"star star-full\" aria-hidden=\"true\"><\/div><div class=\"star star-half\" aria-hidden=\"true\"><\/div><\/div>\t\t\t\t\t\t\t\t\t\t<span>4.5<\/span>\n\t\t\t\t\t\t\t\t\t<\/div>\n\t\t\t\t\t\t\t\t\n\t\t\t\t\t\t\t\t\n\t\t\t\t\t\t\t\t\t\t\t\t\t\t\t\t\n\t\t\t\t\t\t\t<\/div>\n\t\t\t\t\t\t<\/div>\n\t\t\t\t\t\t<div class=\"space-organizations-3-archive-item-button box-25 relative\">\n\t\t\t\t\t\t\t<div class=\"space-organizations-3-archive-item-button-ins box-100 text-center relative\">\n\t\t\t\t\t\t\t\t<a href=\"https:\/\/www.l-iz.de\/vpn\/zu\/totalvpn\/\" title=\"Zum Anbieter\" target=\"_blank\" rel=\"nofollow\"><i class=\"fas fa-check-circle\"><\/i> Zum Anbieter<\/a>\n\n\t\t\t\t\t\t\t\t<a href=\"https:\/\/www.l-iz.de\/vpn\/erfahrungen\/totalvpn\/\" title=\"Testbericht lesen\"><i class=\"fas fa-arrow-alt-circle-right\"><\/i> Testbericht lesen<\/a>\n\t\t\t\t\t\t\t<\/div>\n\t\t\t\t\t\t<\/div>\n\t\t\t\t\t\t\t\t\t\t\t<\/div>\n\t\t\t\t<\/div>\n\n\t\t\t\t\n\t\t\t<\/div>\n\t\t\t\n\t\t<\/div>\n\t<\/div>\n\nEin Virtual Private Network (VPN) erm\u00f6glicht es Ihnen, auf Webinhalte zuzugreifen, die normalerweise f\u00fcr Ihr Land oder Ihre Region nicht verf\u00fcgbar sind. Es verbirgt auch Ihre IP-Adresse und macht Sie so vor Hackern und Werbetreibenden unsichtbar. Mit einem VPN k\u00f6nnen Sie auch Ihre Privatsph\u00e4re und Online-Sicherheit verbessern.<\/p>\n<p>DAZN ist eine beliebte Streaming-Plattform, die es Ihnen erm\u00f6glicht, Sport- und Unterhaltungsinhalte zu sehen. Es hat einige der besten Inhalte der Welt, aber leider ist es nicht in allen L\u00e4ndern verf\u00fcgbar. Wenn Sie ein VPN verwenden, k\u00f6nnen Sie jedoch auf DAZN-Inhalte aus allen Teilen der Welt zugreifen.<\/p>\n<div class=\"space-organization-content-button relative\" style=\"text-align: center;\"><a title=\"Jetzt DAZN 27% g\u00fcnstiger auf Amazon bestellen\" href=\"https:\/\/www.l-iz.de\/vpn\/zu\/dazn\/\" target=\"_blank\" rel=\"nofollow noopener\">Jetzt DAZN 27% g\u00fcnstiger auf Amazon bestellen <i class=\"fas fa-arrow-alt-circle-right\" aria-hidden=\"true\"><\/i><\/a><\/div>\n<p>Das Beste an VPNs ist, dass sie schnell, sicher und benutzerfreundlich sind. Es gibt viele VPNs auf dem Markt, aber nicht alle sind gleich. Um sicherzustellen, dass Sie das beste VPN f\u00fcr DAZN erhalten, haben wir eine Liste der besten VPN-Anbieter zusammengestellt.<\/p>\n<p>1. ExpressVPN: ExpressVPN ist eines der besten VPNs f\u00fcr DAZN. Es ist schnell und zuverl\u00e4ssig und bietet Ihnen ein hohes Ma\u00df an Sicherheit. Es hat eine riesige Server-Liste, die sich \u00fcber 94 L\u00e4nder erstreckt. Mit ExpressVPN k\u00f6nnen Sie auf DAZN-Inhalte aus aller Welt zugreifen.<\/p>\n<p>2. NordVPN: NordVPN ist ein beliebter VPN-Anbieter, der f\u00fcr seine Sicherheit und Privatsph\u00e4re bekannt ist. Es hat eine riesige Server-Liste, die sich \u00fcber 59 L\u00e4nder erstreckt. Mit NordVPN k\u00f6nnen Sie auf DAZN-Inhalte aus aller Welt zugreifen.<\/p>\n<p>3. Surfshark: Surfshark ist ein weiterer beliebter VPN-Anbieter, der sich auf Sicherheit und Privatsph\u00e4re spezialisiert hat. Es hat eine gro\u00dfe Server-Liste, die sich \u00fcber 63 L\u00e4nder erstreckt. Mit Surfshark k\u00f6nnen Sie auf DAZN-Inhalte aus aller Welt zugreifen.<\/p>\n<p>4. CyberGhost: CyberGhost ist ein leistungsstarker VPN-Anbieter, der f\u00fcr seine Benutzerfreundlichkeit bekannt ist. Es hat eine gro\u00dfe Server-Liste, die sich \u00fcber 59 L\u00e4nder erstreckt. Mit CyberGhost k\u00f6nnen Sie auf DAZN-Inhalte aus aller Welt zugreifen.<\/p>\n<p>5. IPVanish: IPVanish ist ein weiterer beliebter VPN-Anbieter. Es hat eine gro\u00dfe Server-Liste, die sich \u00fcber 75 L\u00e4nder erstreckt. Mit IPVanish k\u00f6nnen Sie auf DAZN-Inhalte aus aller Welt zugreifen.<\/p>\n<p>Wenn Sie ein VPN f\u00fcr DAZN suchen, gibt es keinen Mangel an Optionen. Diese 5 VPN-Anbieter sind jedoch die besten, die Sie derzeit erhalten k\u00f6nnen. Sie sind schnell, sicher und benutzerfreundlich und bieten Ihnen Zugang zu DAZN-Inhalten aus aller Welt. Wir hoffen, dass Ihnen dieser Artikel geholfen hat, eine informierte Entscheidung zu treffen.<\/p>\n<div class=\"space-organization-content-button relative\" style=\"text-align: center;\"><a title=\"Jetzt DAZN 27% g\u00fcnstiger auf Amazon bestellen\" href=\"https:\/\/www.l-iz.de\/vpn\/zu\/dazn\/\" target=\"_blank\" rel=\"nofollow noopener\">Jetzt DAZN 27% g\u00fcnstiger auf Amazon bestellen <i class=\"fas fa-arrow-alt-circle-right\" aria-hidden=\"true\"><\/i><\/a><\/div>\n","protected":false},"excerpt":{"rendered":"<p>Wenn Sie ein DAZN-Konto haben und nach einem guten VPN suchen, sind Sie hier genau richtig. In diesem Artikel werden wir die besten VPN-Anbieter f\u00fcr DAZN vorstellen, damit Sie eine informierte Wahl treffen k\u00f6nnen. Ein Virtual Private Network (VPN) erm\u00f6glicht es Ihnen, auf Webinhalte zuzugreifen, die normalerweise f\u00fcr Ihr Land oder Ihre Region nicht verf\u00fcgbar [&hellip;]<\/p>\n","protected":false},"author":1,"featured_media":0,"parent":0,"menu_order":0,"comment_status":"closed","ping_status":"closed","template":"","meta":{"_lmt_disableupdate":"","_lmt_disable":"","footnotes":""},"tags":[],"class_list":["post-4242","page","type-page","status-publish","hentry"],"yoast_head":"<!-- This site is optimized with the Yoast SEO plugin v27.4 - https:\/\/yoast.com\/product\/yoast-seo-wordpress\/ -->\n<title>Bester VPN Anbieter f\u00fcr DAZN - Leipziger Zeitung<\/title>\n<meta name=\"robots\" content=\"index, follow, max-snippet:-1, max-image-preview:large, max-video-preview:-1\" \/>\n<link rel=\"canonical\" href=\"https:\/\/www.l-iz.de\/vpn\/bester-vpn-anbieter-fuer-dazn\/\" \/>\n<meta property=\"og:locale\" content=\"de_DE\" \/>\n<meta property=\"og:type\" content=\"article\" \/>\n<meta property=\"og:title\" content=\"Bester VPN Anbieter f\u00fcr DAZN - Leipziger Zeitung\" \/>\n<meta property=\"og:description\" content=\"Wenn Sie ein DAZN-Konto haben und nach einem guten VPN suchen, sind Sie hier genau richtig. In diesem Artikel werden wir die besten VPN-Anbieter f\u00fcr DAZN vorstellen, damit Sie eine informierte Wahl treffen k\u00f6nnen. Ein Virtual Private Network (VPN) erm\u00f6glicht es Ihnen, auf Webinhalte zuzugreifen, die normalerweise f\u00fcr Ihr Land oder Ihre Region nicht verf\u00fcgbar [&hellip;]\" \/>\n<meta property=\"og:url\" content=\"https:\/\/www.l-iz.de\/vpn\/bester-vpn-anbieter-fuer-dazn\/\" \/>\n<meta property=\"og:site_name\" content=\"Leipziger Zeitung\" \/>\n<meta property=\"article:publisher\" content=\"https:\/\/www.facebook.com\/LeipzigerInternetZeitung\" \/>\n<meta property=\"article:modified_time\" content=\"2024-04-21T10:00:00+00:00\" \/>\n<meta name=\"twitter:card\" content=\"summary_large_image\" \/>\n<meta name=\"twitter:label1\" content=\"Gesch\u00e4tzte Lesezeit\" \/>\n\t<meta name=\"twitter:data1\" content=\"3\u00a0Minuten\" \/>\n<script type=\"application\/ld+json\" class=\"yoast-schema-graph\">{\"@context\":\"https:\\\/\\\/schema.org\",\"@graph\":[{\"@type\":\"WebPage\",\"@id\":\"https:\\\/\\\/soccerfield24.com\\\/bester-vpn-anbieter-fuer-dazn\\\/\",\"url\":\"https:\\\/\\\/soccerfield24.com\\\/bester-vpn-anbieter-fuer-dazn\\\/\",\"name\":\"Bester VPN Anbieter f\u00fcr DAZN - Leipziger Zeitung\",\"isPartOf\":{\"@id\":\"https:\\\/\\\/soccerfield24.com\\\/#website\"},\"datePublished\":\"2023-03-29T16:03:15+00:00\",\"dateModified\":\"2024-04-21T10:00:00+00:00\",\"breadcrumb\":{\"@id\":\"https:\\\/\\\/soccerfield24.com\\\/bester-vpn-anbieter-fuer-dazn\\\/#breadcrumb\"},\"inLanguage\":\"de\",\"potentialAction\":[{\"@type\":\"ReadAction\",\"target\":[\"https:\\\/\\\/soccerfield24.com\\\/bester-vpn-anbieter-fuer-dazn\\\/\"]}]},{\"@type\":\"BreadcrumbList\",\"@id\":\"https:\\\/\\\/soccerfield24.com\\\/bester-vpn-anbieter-fuer-dazn\\\/#breadcrumb\",\"itemListElement\":[{\"@type\":\"ListItem\",\"position\":1,\"name\":\"Startseite\",\"item\":\"https:\\\/\\\/soccerfield24.com\\\/\"},{\"@type\":\"ListItem\",\"position\":2,\"name\":\"Bester VPN Anbieter f\u00fcr DAZN\"}]},{\"@type\":\"WebSite\",\"@id\":\"https:\\\/\\\/soccerfield24.com\\\/#website\",\"url\":\"https:\\\/\\\/soccerfield24.com\\\/\",\"name\":\"Leipziger Zeitung\",\"description\":\"VPN-Test: Die besten VPN-Anbieter im Vergleich [yyyy]\",\"publisher\":{\"@id\":\"https:\\\/\\\/soccerfield24.com\\\/#organization\"},\"potentialAction\":[{\"@type\":\"SearchAction\",\"target\":{\"@type\":\"EntryPoint\",\"urlTemplate\":\"https:\\\/\\\/soccerfield24.com\\\/?s={search_term_string}\"},\"query-input\":{\"@type\":\"PropertyValueSpecification\",\"valueRequired\":true,\"valueName\":\"search_term_string\"}}],\"inLanguage\":\"de\"},{\"@type\":\"Organization\",\"@id\":\"https:\\\/\\\/soccerfield24.com\\\/#organization\",\"name\":\"LZ Medien GmbH\",\"url\":\"https:\\\/\\\/soccerfield24.com\\\/\",\"logo\":{\"@type\":\"ImageObject\",\"inLanguage\":\"de\",\"@id\":\"https:\\\/\\\/soccerfield24.com\\\/#\\\/schema\\\/logo\\\/image\\\/\",\"url\":\"https:\\\/\\\/soccerfield24.com\\\/wp-content\\\/uploads\\\/2022\\\/09\\\/cropped-l-iz-logo.jpg\",\"contentUrl\":\"https:\\\/\\\/soccerfield24.com\\\/wp-content\\\/uploads\\\/2022\\\/09\\\/cropped-l-iz-logo.jpg\",\"width\":1280,\"height\":387,\"caption\":\"LZ Medien GmbH\"},\"image\":{\"@id\":\"https:\\\/\\\/soccerfield24.com\\\/#\\\/schema\\\/logo\\\/image\\\/\"},\"sameAs\":[\"https:\\\/\\\/www.facebook.com\\\/LeipzigerInternetZeitung\",\"https:\\\/\\\/www.youtube.com\\\/c\\\/L-izDe\"]}]}<\/script>\n<!-- \/ Yoast SEO plugin. -->","yoast_head_json":{"title":"Bester VPN Anbieter f\u00fcr DAZN - Leipziger Zeitung","robots":{"index":"index","follow":"follow","max-snippet":"max-snippet:-1","max-image-preview":"max-image-preview:large","max-video-preview":"max-video-preview:-1"},"canonical":"https:\/\/www.l-iz.de\/vpn\/bester-vpn-anbieter-fuer-dazn\/","og_locale":"de_DE","og_type":"article","og_title":"Bester VPN Anbieter f\u00fcr DAZN - Leipziger Zeitung","og_description":"Wenn Sie ein DAZN-Konto haben und nach einem guten VPN suchen, sind Sie hier genau richtig. In diesem Artikel werden wir die besten VPN-Anbieter f\u00fcr DAZN vorstellen, damit Sie eine informierte Wahl treffen k\u00f6nnen. Ein Virtual Private Network (VPN) erm\u00f6glicht es Ihnen, auf Webinhalte zuzugreifen, die normalerweise f\u00fcr Ihr Land oder Ihre Region nicht verf\u00fcgbar [&hellip;]","og_url":"https:\/\/www.l-iz.de\/vpn\/bester-vpn-anbieter-fuer-dazn\/","og_site_name":"Leipziger Zeitung","article_publisher":"https:\/\/www.facebook.com\/LeipzigerInternetZeitung","article_modified_time":"2024-04-21T10:00:00+00:00","twitter_card":"summary_large_image","twitter_misc":{"Gesch\u00e4tzte Lesezeit":"3\u00a0Minuten"},"schema":{"@context":"https:\/\/schema.org","@graph":[{"@type":"WebPage","@id":"https:\/\/www.l-iz.de\/vpn\/bester-vpn-anbieter-fuer-dazn\/","url":"https:\/\/www.l-iz.de\/vpn\/bester-vpn-anbieter-fuer-dazn\/","name":"Bester VPN Anbieter f\u00fcr DAZN - Leipziger Zeitung","isPartOf":{"@id":"https:\/\/www.l-iz.de\/vpn\/#website"},"datePublished":"2023-03-29T16:03:15+00:00","dateModified":"2024-04-21T10:00:00+00:00","breadcrumb":{"@id":"https:\/\/www.l-iz.de\/vpn\/bester-vpn-anbieter-fuer-dazn\/#breadcrumb"},"inLanguage":"de","potentialAction":[{"@type":"ReadAction","target":["https:\/\/www.l-iz.de\/vpn\/bester-vpn-anbieter-fuer-dazn\/"]}]},{"@type":"BreadcrumbList","@id":"https:\/\/www.l-iz.de\/vpn\/bester-vpn-anbieter-fuer-dazn\/#breadcrumb","itemListElement":[{"@type":"ListItem","position":1,"name":"Startseite","item":"https:\/\/www.l-iz.de\/vpn\/"},{"@type":"ListItem","position":2,"name":"Bester VPN Anbieter f\u00fcr DAZN"}]},{"@type":"WebSite","@id":"https:\/\/www.l-iz.de\/vpn\/#website","url":"https:\/\/www.l-iz.de\/vpn\/","name":"Leipziger Zeitung","description":"VPN-Test: Die besten VPN-Anbieter im Vergleich [yyyy]","publisher":{"@id":"https:\/\/www.l-iz.de\/vpn\/#organization"},"potentialAction":[{"@type":"SearchAction","target":{"@type":"EntryPoint","urlTemplate":"https:\/\/www.l-iz.de\/vpn\/?s={search_term_string}"},"query-input":{"@type":"PropertyValueSpecification","valueRequired":true,"valueName":"search_term_string"}}],"inLanguage":"de"},{"@type":"Organization","@id":"https:\/\/www.l-iz.de\/vpn\/#organization","name":"LZ Medien GmbH","url":"https:\/\/www.l-iz.de\/vpn\/","logo":{"@type":"ImageObject","inLanguage":"de","@id":"https:\/\/www.l-iz.de\/vpn\/#\/schema\/logo\/image\/","url":"https:\/\/www.l-iz.de\/vpn\/wp-content\/uploads\/2022\/09\/cropped-l-iz-logo.jpg","contentUrl":"https:\/\/www.l-iz.de\/vpn\/wp-content\/uploads\/2022\/09\/cropped-l-iz-logo.jpg","width":1280,"height":387,"caption":"LZ Medien GmbH"},"image":{"@id":"https:\/\/www.l-iz.de\/vpn\/#\/schema\/logo\/image\/"},"sameAs":["https:\/\/www.facebook.com\/LeipzigerInternetZeitung","https:\/\/www.youtube.com\/c\/L-izDe"]}]}},"_links":{"self":[{"href":"https:\/\/www.l-iz.de\/vpn\/wp-json\/wp\/v2\/pages\/4242","targetHints":{"allow":["GET"]}}],"collection":[{"href":"https:\/\/www.l-iz.de\/vpn\/wp-json\/wp\/v2\/pages"}],"about":[{"href":"https:\/\/www.l-iz.de\/vpn\/wp-json\/wp\/v2\/types\/page"}],"author":[{"embeddable":true,"href":"https:\/\/www.l-iz.de\/vpn\/wp-json\/wp\/v2\/users\/1"}],"replies":[{"embeddable":true,"href":"https:\/\/www.l-iz.de\/vpn\/wp-json\/wp\/v2\/comments?post=4242"}],"version-history":[{"count":2,"href":"https:\/\/www.l-iz.de\/vpn\/wp-json\/wp\/v2\/pages\/4242\/revisions"}],"predecessor-version":[{"id":6935,"href":"https:\/\/www.l-iz.de\/vpn\/wp-json\/wp\/v2\/pages\/4242\/revisions\/6935"}],"wp:attachment":[{"href":"https:\/\/www.l-iz.de\/vpn\/wp-json\/wp\/v2\/media?parent=4242"}],"wp:term":[{"taxonomy":"post_tag","embeddable":true,"href":"https:\/\/www.l-iz.de\/vpn\/wp-json\/wp\/v2\/tags?post=4242"}],"curies":[{"name":"wp","href":"https:\/\/api.w.org\/{rel}","templated":true}]}}