{"id":429,"date":"2022-09-27T16:36:57","date_gmt":"2022-09-27T14:36:57","guid":{"rendered":"http:\/\/www.l-iz.de\/vpn\/vpn-lg-tv\/"},"modified":"2024-04-21T12:00:00","modified_gmt":"2024-04-21T10:00:00","slug":"vpn-lg-tv","status":"publish","type":"page","link":"https:\/\/www.l-iz.de\/vpn\/vpn-lg-tv\/","title":{"rendered":"VPN f\u00fcr LG Smart TV &#8211; Diese 3 Optionen gibt es"},"content":{"rendered":"<p><img loading=\"lazy\" decoding=\"async\" class=\"size-medium wp-image-2122 alignright\" src=\"https:\/\/www.l-iz.de\/vpn\/wp-content\/uploads\/2022\/10\/computer-7336152_1280-300x196.png\" alt=\"\" width=\"300\" height=\"196\" srcset=\"https:\/\/www.l-iz.de\/vpn\/wp-content\/uploads\/2022\/10\/computer-7336152_1280-300x196.png 300w, https:\/\/www.l-iz.de\/vpn\/wp-content\/uploads\/2022\/10\/computer-7336152_1280-1024x669.png 1024w, https:\/\/www.l-iz.de\/vpn\/wp-content\/uploads\/2022\/10\/computer-7336152_1280-768x502.png 768w, https:\/\/www.l-iz.de\/vpn\/wp-content\/uploads\/2022\/10\/computer-7336152_1280-61x40.png 61w, https:\/\/www.l-iz.de\/vpn\/wp-content\/uploads\/2022\/10\/computer-7336152_1280-49x32.png 49w, https:\/\/www.l-iz.de\/vpn\/wp-content\/uploads\/2022\/10\/computer-7336152_1280-122x80.png 122w, https:\/\/www.l-iz.de\/vpn\/wp-content\/uploads\/2022\/10\/computer-7336152_1280-207x135.png 207w, https:\/\/www.l-iz.de\/vpn\/wp-content\/uploads\/2022\/10\/computer-7336152_1280.png 1280w\" sizes=\"auto, (max-width: 300px) 100vw, 300px\" \/>Ein virtuelles privates Netzwerk (VPN) ist f\u00fcr viele Internetnutzer ein unverzichtbares Werkzeug. Indem es Ihren Internetverkehr verschl\u00fcsselt und \u00fcber einen Server in einem anderen Land leitet, kann ein VPN Ihnen helfen, online sicher zu bleiben. Es kann jedoch schwierig sein, ein VPN zu finden, das gut mit Ihrem LG Smart TV funktioniert. Es gibt nur eine Handvoll Anbieter, die spezielle Apps f\u00fcr LG-Fernseher anbieten, und nicht alle sind gleich. In diesem Artikel werfen wir einen Blick auf drei der besten VPNs f\u00fcr LG Smart TVs.<\/p>\n\n\t<div class=\"space-shortcode-wrap space-shortcode-4 relative\">\n\t\t<div class=\"space-shortcode-wrap-ins relative\">\n\n\t\t\t\n\t\t\t<div class=\"space-organizations-3-archive-items box-100 relative\">\n\n\t\t\t\t\n\t\t\t\t<div class=\"space-organizations-3-archive-item box-100 relative\">\n\t\t\t\t\t<div class=\"space-organizations-3-archive-item-ins relative\">\n\t\t\t\t\t\t<div class=\"space-organizations-3-archive-item-logo box-50 relative\">\n\t\t\t\t\t\t\t<div class=\"space-organizations-3-archive-item-logo-ins box-100 text-center relative\">\n\n\t\t\t\t\t\t\t\t\t\t\t\t\t\t\t\t\t\t<div class=\"space-organizations-3-logo-title-box box-100 text-left relative\">\n\t\t\t\t\t\t\t\t\t\t\t<div class=\"space-organizations-3-logo-box relative\">\n\t\t\t\t\t\t\t\t\t\t\t\t<a href=\"https:\/\/www.l-iz.de\/vpn\/erfahrungen\/wix-erfahrungen\/\" title=\"Wix Erfahrungen 2026\">\n\t\t\t\t\t\t\t\t\t\t\t\t\t<img loading=\"lazy\" decoding=\"async\" width=\"50\" height=\"50\" src=\"https:\/\/www.l-iz.de\/vpn\/wp-content\/uploads\/2025\/05\/wix-logo-50x50.jpg\" class=\"attachment-mercury-50-50 size-mercury-50-50\" alt=\"Wix Erfahrungen 2026\" srcset=\"https:\/\/www.l-iz.de\/vpn\/wp-content\/uploads\/2025\/05\/wix-logo-50x50.jpg 50w, https:\/\/www.l-iz.de\/vpn\/wp-content\/uploads\/2025\/05\/wix-logo-300x300.jpg 300w, https:\/\/www.l-iz.de\/vpn\/wp-content\/uploads\/2025\/05\/wix-logo-150x150.jpg 150w, https:\/\/www.l-iz.de\/vpn\/wp-content\/uploads\/2025\/05\/wix-logo-40x40.jpg 40w, https:\/\/www.l-iz.de\/vpn\/wp-content\/uploads\/2025\/05\/wix-logo-100x100.jpg 100w, https:\/\/www.l-iz.de\/vpn\/wp-content\/uploads\/2025\/05\/wix-logo-120x120.jpg 120w, https:\/\/www.l-iz.de\/vpn\/wp-content\/uploads\/2025\/05\/wix-logo-135x135.jpg 135w, https:\/\/www.l-iz.de\/vpn\/wp-content\/uploads\/2025\/05\/wix-logo-270x270.jpg 270w, https:\/\/www.l-iz.de\/vpn\/wp-content\/uploads\/2025\/05\/wix-logo-32x32.jpg 32w, https:\/\/www.l-iz.de\/vpn\/wp-content\/uploads\/2025\/05\/wix-logo-80x80.jpg 80w, https:\/\/www.l-iz.de\/vpn\/wp-content\/uploads\/2025\/05\/wix-logo.jpg 366w\" sizes=\"auto, (max-width: 50px) 100vw, 50px\" \/>\t\t\t\t\t\t\t\t\t\t\t\t<\/a>\n\t\t\t\t\t\t\t\t\t\t\t\t<div class=\"space-organizations-3-archive-item-count-2 absolute\">\n\t\t\t\t\t\t\t\t\t\t\t\t\t<span>1<\/span>\n\t\t\t\t\t\t\t\t\t\t\t\t<\/div>\n\t\t\t\t\t\t\t\t\t\t\t<\/div>\n\t\t\t\t\t\t\t\t\t\t\t<div class=\"space-organizations-3-title-box relative\">\n\t\t\t\t\t\t\t\t\t\t\t\t<a href=\"https:\/\/www.l-iz.de\/vpn\/erfahrungen\/wix-erfahrungen\/\" title=\"Wix Erfahrungen 2026\">Wix Erfahrungen 2026<\/a>\n\t\t\t\t\t\t\t\t\t\t\t<\/div>\n\t\t\t\t\t\t\t\t\t\t<\/div>\n\t\t\t\t\t\t\t\t\t\t\t\t\t\t\t\t<\/div>\n\t\t\t\t\t\t\t\t\t\t\t\t\t<\/div>\n\t\t\t\t\t\t<div class=\"space-organizations-3-archive-item-rating box-25 relative\">\n\t\t\t\t\t\t\t<div class=\"space-organizations-3-archive-item-rating-ins box-100 text-center relative\">\n\n\t\t\t\t\t\t\t\t\n\t\t\t\t\t\t\t\t\t\t\t\t\t\t\t\t\t<div class=\"space-organizations-3-archive-item-rating-box relative\">\n\t\t\t\t\t\t\t\t\t\t<div class=\"star-rating\"><div class=\"star star-full\" aria-hidden=\"true\"><\/div><div class=\"star star-full\" aria-hidden=\"true\"><\/div><div class=\"star star-full\" aria-hidden=\"true\"><\/div><div class=\"star star-full\" aria-hidden=\"true\"><\/div><div class=\"star star-full\" aria-hidden=\"true\"><\/div><\/div>\t\t\t\t\t\t\t\t\t\t<span>5.0<\/span>\n\t\t\t\t\t\t\t\t\t<\/div>\n\t\t\t\t\t\t\t\t\n\t\t\t\t\t\t\t\t\n\t\t\t\t\t\t\t\t\t\t\t\t\t\t\t\t\n\t\t\t\t\t\t\t<\/div>\n\t\t\t\t\t\t<\/div>\n\t\t\t\t\t\t<div class=\"space-organizations-3-archive-item-button box-25 relative\">\n\t\t\t\t\t\t\t<div class=\"space-organizations-3-archive-item-button-ins box-100 text-center relative\">\n\t\t\t\t\t\t\t\t<a href=\"https:\/\/www.l-iz.de\/vpn\/zu\/wix-website\/\" title=\"Zum Anbieter\" target=\"_blank\" rel=\"nofollow\"><i class=\"fas fa-check-circle\"><\/i> Zum Anbieter<\/a>\n\n\t\t\t\t\t\t\t\t<a href=\"https:\/\/www.l-iz.de\/vpn\/erfahrungen\/wix-erfahrungen\/\" title=\"Testbericht lesen\"><i class=\"fas fa-arrow-alt-circle-right\"><\/i> Testbericht lesen<\/a>\n\t\t\t\t\t\t\t<\/div>\n\t\t\t\t\t\t<\/div>\n\t\t\t\t\t\t\t\t\t\t\t<\/div>\n\t\t\t\t<\/div>\n\n\t\t\t\t\n\t\t\t\t<div class=\"space-organizations-3-archive-item box-100 relative\">\n\t\t\t\t\t<div class=\"space-organizations-3-archive-item-ins relative\">\n\t\t\t\t\t\t<div class=\"space-organizations-3-archive-item-logo box-50 relative\">\n\t\t\t\t\t\t\t<div class=\"space-organizations-3-archive-item-logo-ins box-100 text-center relative\">\n\n\t\t\t\t\t\t\t\t\t\t\t\t\t\t\t\t\t\t<div class=\"space-organizations-3-logo-title-box box-100 text-left relative\">\n\t\t\t\t\t\t\t\t\t\t\t<div class=\"space-organizations-3-logo-box relative\">\n\t\t\t\t\t\t\t\t\t\t\t\t<a href=\"https:\/\/www.l-iz.de\/vpn\/erfahrungen\/ionos-hosting\/\" title=\"Ionos Hosting Erfahrungen\">\n\t\t\t\t\t\t\t\t\t\t\t\t\t<img loading=\"lazy\" decoding=\"async\" width=\"50\" height=\"50\" src=\"https:\/\/www.l-iz.de\/vpn\/wp-content\/uploads\/2023\/02\/ionos-50x50.png\" class=\"attachment-mercury-50-50 size-mercury-50-50\" alt=\"Ionos Hosting Erfahrungen\" srcset=\"https:\/\/www.l-iz.de\/vpn\/wp-content\/uploads\/2023\/02\/ionos-50x50.png 50w, https:\/\/www.l-iz.de\/vpn\/wp-content\/uploads\/2023\/02\/ionos-150x150.png 150w, https:\/\/www.l-iz.de\/vpn\/wp-content\/uploads\/2023\/02\/ionos-100x100.png 100w, https:\/\/www.l-iz.de\/vpn\/wp-content\/uploads\/2023\/02\/ionos-120x120.png 120w, https:\/\/www.l-iz.de\/vpn\/wp-content\/uploads\/2023\/02\/ionos-135x135.png 135w\" sizes=\"auto, (max-width: 50px) 100vw, 50px\" \/>\t\t\t\t\t\t\t\t\t\t\t\t<\/a>\n\t\t\t\t\t\t\t\t\t\t\t\t<div class=\"space-organizations-3-archive-item-count-2 absolute\">\n\t\t\t\t\t\t\t\t\t\t\t\t\t<span>2<\/span>\n\t\t\t\t\t\t\t\t\t\t\t\t<\/div>\n\t\t\t\t\t\t\t\t\t\t\t<\/div>\n\t\t\t\t\t\t\t\t\t\t\t<div class=\"space-organizations-3-title-box relative\">\n\t\t\t\t\t\t\t\t\t\t\t\t<a href=\"https:\/\/www.l-iz.de\/vpn\/erfahrungen\/ionos-hosting\/\" title=\"Ionos Hosting Erfahrungen\">Ionos Hosting Erfahrungen<\/a>\n\t\t\t\t\t\t\t\t\t\t\t<\/div>\n\t\t\t\t\t\t\t\t\t\t<\/div>\n\t\t\t\t\t\t\t\t\t\t\t\t\t\t\t\t<\/div>\n\t\t\t\t\t\t\t\t\t\t\t\t\t<\/div>\n\t\t\t\t\t\t<div class=\"space-organizations-3-archive-item-rating box-25 relative\">\n\t\t\t\t\t\t\t<div class=\"space-organizations-3-archive-item-rating-ins box-100 text-center relative\">\n\n\t\t\t\t\t\t\t\t\n\t\t\t\t\t\t\t\t\t\t\t\t\t\t\t\t\t<div class=\"space-organizations-3-archive-item-rating-box relative\">\n\t\t\t\t\t\t\t\t\t\t<div class=\"star-rating\"><div class=\"star star-full\" aria-hidden=\"true\"><\/div><div class=\"star star-full\" aria-hidden=\"true\"><\/div><div class=\"star star-full\" aria-hidden=\"true\"><\/div><div class=\"star star-full\" aria-hidden=\"true\"><\/div><div class=\"star star-full\" aria-hidden=\"true\"><\/div><\/div>\t\t\t\t\t\t\t\t\t\t<span>5.0<\/span>\n\t\t\t\t\t\t\t\t\t<\/div>\n\t\t\t\t\t\t\t\t\n\t\t\t\t\t\t\t\t\n\t\t\t\t\t\t\t\t\t\t\t\t\t\t\t\t\n\t\t\t\t\t\t\t<\/div>\n\t\t\t\t\t\t<\/div>\n\t\t\t\t\t\t<div class=\"space-organizations-3-archive-item-button box-25 relative\">\n\t\t\t\t\t\t\t<div class=\"space-organizations-3-archive-item-button-ins box-100 text-center relative\">\n\t\t\t\t\t\t\t\t<a href=\"https:\/\/www.l-iz.de\/vpn\/zu\/ionos-hosting\/\" title=\"Zum Anbieter\" target=\"_blank\" rel=\"nofollow\"><i class=\"fas fa-check-circle\"><\/i> Zum Anbieter<\/a>\n\n\t\t\t\t\t\t\t\t<a href=\"https:\/\/www.l-iz.de\/vpn\/erfahrungen\/ionos-hosting\/\" title=\"Testbericht lesen\"><i class=\"fas fa-arrow-alt-circle-right\"><\/i> Testbericht lesen<\/a>\n\t\t\t\t\t\t\t<\/div>\n\t\t\t\t\t\t<\/div>\n\t\t\t\t\t\t\t\t\t\t\t<\/div>\n\t\t\t\t<\/div>\n\n\t\t\t\t\n\t\t\t<\/div>\n\t\t\t\n\t\t<\/div>\n\t<\/div>\n\n\n<h2><strong>So richten Sie die SmartDNS-VPN-Funktion auf Ihrem LG TV ein<\/strong><\/h2>\n<p>Wenn Sie die SmartDNS-VPN-Funktion auf Ihrem LG TV einrichten m\u00f6chten, befolgen Sie diese Schritte:<\/p>\n<ol>\n<li>Stellen Sie sicher, dass das Ger\u00e4t, auf dem Sie diese Anleitung verwenden, mit dem gleichen Netzwerk wie Ihr LG TV verbunden ist. Wenn Ihr LG TV beispielsweise mit dem Wi-Fi-Netzwerk &#8222;Wi-Fi_123&#8220; verbunden ist, stellen Sie sicher, dass Ihr aktuelles Ger\u00e4t mit demselben WLAN-Netzwerk verbunden ist.<\/li>\n<li>Melden Sie sich in Ihrem NordVPN-Konto an und gehen Sie zum Bereich &#8222;Dienste&#8220;.<\/li>\n<li>Aktivieren Sie in der Kategorie &#8222;SmartDNS&#8220; die Funktion. Dadurch wird Ihre IP-Adresse zur Whitelist hinzugef\u00fcgt, und Sie k\u00f6nnen SmartDNS im Netzwerk Ihres LG TV verwenden.<\/li>\n<\/ol>\n<h2><strong>Jetzt richten Sie die SmartDNS-VPN-Funktion auf Ihrem LG TV ein:<\/strong><\/h2>\n<ol>\n<li>Schalten Sie Ihren LG Smart TV ein und \u00f6ffnen Sie das Einstellungsmen\u00fc.<\/li>\n<li>Gehen Sie zu &#8222;Netzwerk&#8220; und w\u00e4hlen Sie &#8222;Netzwerkverbindung&#8220; aus.<\/li>\n<li>Stellen Sie sicher, dass Ihr LG Smart TV mit dem gleichen Netzwerk wie Ihr aktuelles Ger\u00e4t verbunden ist.<\/li>\n<li>W\u00e4hlen Sie Ihr Netzwerk aus und dann &#8222;Andere Netzwerkliste&#8220;.<\/li>\n<li>Klicken Sie auf &#8222;Experteneinstellung&#8220;.<\/li>\n<li>W\u00e4hlen Sie Ihre Netzwerkverbindung aus.<\/li>\n<li>Gehen Sie zu &#8222;DNS-Modus&#8220; und w\u00e4hlen Sie &#8222;Manuell&#8220;. Geben Sie dann die DNS-Server-IP-Adressen 103.86.99.103 (und 103.86.96.103, falls m\u00f6glich) ein und best\u00e4tigen Sie mit &#8222;OK&#8220;.<\/li>\n<\/ol>\n<p>Das war es! Die SmartDNS-VPN-Funktion ist jetzt auf Ihrem LG TV aktiviert, und Sie k\u00f6nnen Ihre Inhalte genie\u00dfen. Viel Spa\u00df beim Ansehen!<\/p>\n<p>NordVPN ist einer der beliebtesten VPN-Anbieter auf dem Markt, und das aus gutem Grund. Er ist einfach zu bedienen, bietet zuverl\u00e4ssige Verbindungen und hat eine gro\u00dfe Auswahl an Serverstandorten zur Verf\u00fcgung. ExpressVPN ist eine weitere hervorragende Option f\u00fcr LG Smart TV-Nutzer. Es verf\u00fcgt \u00fcber starke Sicherheitsfunktionen, schnelle Geschwindigkeiten und einen 24\/7-Kundensupport. Und schlie\u00dflich ist Surfshark eine gro\u00dfartige, budgetfreundliche Wahl, die dennoch alle Funktionen bietet, die Sie ben\u00f6tigen, um Ihren LG-Fernseher sicher zu halten. F\u00fcr welches VPN Sie sich auch entscheiden, Sie k\u00f6nnen sicher sein, dass Ihr Surfen im Internet gesch\u00fctzt ist, w\u00e4hrend Sie Ihre Lieblingssendungen und -filme auf Ihrem LG TV genie\u00dfen.<\/p>\n<h2>Was ein Smart TV VPN leisten kann<\/h2>\n<p>Ein Smart TV VPN kann den Nutzern viele Vorteile bringen. Durch die Verschl\u00fcsselung aller Daten, die zum und vom Fernseher gesendet werden, kann es helfen, Ihre Privatsph\u00e4re vor Hackern und staatlicher \u00dcberwachung zu sch\u00fctzen. Au\u00dferdem k\u00f6nnen Sie mit einem VPN auf geografisch eingeschr\u00e4nkte Inhalte zugreifen, z. B. auf Videos und Websites, die nur in bestimmten L\u00e4ndern verf\u00fcgbar sind. Und schlie\u00dflich kann ein VPN die Leistung Ihres Fernsehers verbessern, indem es Internet\u00fcberlastungen reduziert und die Verbindungsgeschwindigkeit erh\u00f6ht. Ganz gleich, ob Sie Ihre Privatsph\u00e4re sch\u00fctzen, ausl\u00e4ndische Inhalte ansehen oder einfach die Leistung Ihres Fernsehers verbessern m\u00f6chten, ein Smart TV VPN ist auf jeden Fall eine \u00dcberlegung wert.<\/p>\n<h3>Was LG Smart TVs alles k\u00f6nnen<\/h3>\n<p>LG Smart TVs sind mehr als nur eine M\u00f6glichkeit, Ihre Lieblingssendungen zu sehen. Mit der integrierten LG webOS-Plattform bieten diese Fernseher eine einfache und bequeme M\u00f6glichkeit, auf eine Vielzahl von Streaming-Inhalten zuzugreifen, darunter Filme, Fernsehsendungen, Musik und vieles mehr. Dar\u00fcber hinaus bietet die webOS-Plattform Zugang zu einer Vielzahl von Apps, mit denen Sie Ihr Fernseherlebnis ganz nach Ihren W\u00fcnschen gestalten k\u00f6nnen. Und mit der Magic Remote ist es ein Leichtes, durch die webOS-Plattform zu navigieren und die Inhalte zu finden, die Sie suchen. Ganz gleich, ob Sie nach einer M\u00f6glichkeit suchen, Ihre Lieblingssendungen zu sehen, oder ob Sie ein anpassbares Fernseherlebnis w\u00fcnschen, ein LG Smart TV ist eine gro\u00dfartige Option.<\/p>\n<h3>Wie kann ich ein VPN auf meinem LG Smart TV verwenden?<\/h3>\n<p>LG Smart TVs sind mehr als nur eine M\u00f6glichkeit, Ihre Lieblingssendungen zu sehen. Mit der integrierten LG webOS-Plattform bieten diese Fernseher eine einfache und bequeme M\u00f6glichkeit, auf eine Vielzahl von Streaming-Inhalten zuzugreifen, darunter Filme, Fernsehsendungen, Musik und vieles mehr. Dar\u00fcber hinaus bietet die webOS-Plattform Zugang zu einer Vielzahl von Apps, mit denen Sie Ihr Fernseherlebnis ganz nach Ihren W\u00fcnschen gestalten k\u00f6nnen. Und mit der Magic Remote ist es ein Leichtes, durch die webOS-Plattform zu navigieren und die Inhalte zu finden, die Sie suchen. Ganz gleich, ob Sie nach einer M\u00f6glichkeit suchen, Ihre Lieblingssendungen zu sehen, oder ob Sie ein anpassbares Fernseherlebnis w\u00fcnschen, ein LG Smart TV ist eine gro\u00dfartige Option.<\/p>\n<h2>Die besten VPN-Anbieter<\/h2>\n<p>In der heutigen Online-Welt ist ein VPN-Anbieter ein Muss. Ein VPN (Virtual Private Network) erm\u00f6glicht es Ihnen, anonym und sicher im Internet zu surfen. Indem es Ihre Daten verschl\u00fcsselt und Ihre IP-Adresse verbirgt, macht es ein VPN f\u00fcr Dritte unm\u00f6glich, Ihre Online-Aktivit\u00e4ten zu verfolgen. Dies ist besonders wichtig, wenn Sie h\u00e4ufig \u00f6ffentliche Wi-Fi-Netzwerke nutzen, da diese oft unsicher sind und Hacker leicht Zugang haben. Bei der Auswahl eines VPN-Anbieters ist es wichtig, dass Sie einen Anbieter finden, der ein hohes Ma\u00df an Sicherheit und Datenschutz bietet. NordVPN ist eine gro\u00dfartige Option, da es milit\u00e4rische Verschl\u00fcsselung bietet und keine Protokolle \u00fcber Ihre Aktivit\u00e4ten f\u00fchrt. ExpressVPN ist eine weitere ausgezeichnete Wahl mit schnellen Geschwindigkeiten und einer benutzerfreundlichen Oberfl\u00e4che. Ganz gleich, ob Sie Ihre Privatsph\u00e4re sch\u00fctzen oder geografisch eingeschr\u00e4nkte Inhalte freigeben m\u00f6chten, es gibt einen VPN-Anbieter, der Ihnen dabei helfen kann.<\/p>\n","protected":false},"excerpt":{"rendered":"<p>VPN f\u00fcr LG Smart TVs &#8211; es gibt diese 3 Optionen<\/p>\n","protected":false},"author":1,"featured_media":0,"parent":0,"menu_order":0,"comment_status":"closed","ping_status":"closed","template":"","meta":{"_lmt_disableupdate":"","_lmt_disable":"","footnotes":""},"tags":[],"class_list":["post-429","page","type-page","status-publish","hentry"],"yoast_head":"<!-- This site is optimized with the Yoast SEO plugin v27.2 - https:\/\/yoast.com\/product\/yoast-seo-wordpress\/ -->\n<title>VPN f\u00fcr LG Smart TV - Diese 3 Optionen gibt es - Leipziger Zeitung<\/title>\n<meta name=\"robots\" content=\"index, follow, max-snippet:-1, max-image-preview:large, max-video-preview:-1\" \/>\n<link rel=\"canonical\" href=\"https:\/\/www.l-iz.de\/vpn\/vpn-lg-tv\/\" \/>\n<meta property=\"og:locale\" content=\"de_DE\" \/>\n<meta property=\"og:type\" content=\"article\" \/>\n<meta property=\"og:title\" content=\"VPN f\u00fcr LG Smart TV - Diese 3 Optionen gibt es - Leipziger Zeitung\" \/>\n<meta property=\"og:description\" content=\"VPN f\u00fcr LG Smart TVs - es gibt diese 3 Optionen\" \/>\n<meta property=\"og:url\" content=\"https:\/\/www.l-iz.de\/vpn\/vpn-lg-tv\/\" \/>\n<meta property=\"og:site_name\" content=\"Leipziger Zeitung\" \/>\n<meta property=\"article:publisher\" content=\"https:\/\/www.facebook.com\/LeipzigerInternetZeitung\" \/>\n<meta property=\"article:modified_time\" content=\"2024-04-21T10:00:00+00:00\" \/>\n<meta property=\"og:image\" content=\"https:\/\/www.l-iz.de\/vpn\/wp-content\/uploads\/2022\/10\/computer-7336152_1280-300x196.png\" \/>\n<meta name=\"twitter:card\" content=\"summary_large_image\" \/>\n<meta name=\"twitter:label1\" content=\"Gesch\u00e4tzte Lesezeit\" \/>\n\t<meta name=\"twitter:data1\" content=\"6\u00a0Minuten\" \/>\n<script type=\"application\/ld+json\" class=\"yoast-schema-graph\">{\"@context\":\"https:\/\/schema.org\",\"@graph\":[{\"@type\":\"WebPage\",\"@id\":\"https:\/\/www.l-iz.de\/vpn\/vpn-lg-tv\/\",\"url\":\"https:\/\/www.l-iz.de\/vpn\/vpn-lg-tv\/\",\"name\":\"VPN f\u00fcr LG Smart TV - Diese 3 Optionen gibt es - Leipziger Zeitung\",\"isPartOf\":{\"@id\":\"https:\/\/www.l-iz.de\/vpn\/#website\"},\"primaryImageOfPage\":{\"@id\":\"https:\/\/www.l-iz.de\/vpn\/vpn-lg-tv\/#primaryimage\"},\"image\":{\"@id\":\"https:\/\/www.l-iz.de\/vpn\/vpn-lg-tv\/#primaryimage\"},\"thumbnailUrl\":\"https:\/\/www.l-iz.de\/vpn\/wp-content\/uploads\/2022\/10\/computer-7336152_1280-300x196.png\",\"datePublished\":\"2022-09-27T14:36:57+00:00\",\"dateModified\":\"2024-04-21T10:00:00+00:00\",\"breadcrumb\":{\"@id\":\"https:\/\/www.l-iz.de\/vpn\/vpn-lg-tv\/#breadcrumb\"},\"inLanguage\":\"de\",\"potentialAction\":[{\"@type\":\"ReadAction\",\"target\":[\"https:\/\/www.l-iz.de\/vpn\/vpn-lg-tv\/\"]}]},{\"@type\":\"ImageObject\",\"inLanguage\":\"de\",\"@id\":\"https:\/\/www.l-iz.de\/vpn\/vpn-lg-tv\/#primaryimage\",\"url\":\"https:\/\/www.l-iz.de\/vpn\/wp-content\/uploads\/2022\/10\/computer-7336152_1280.png\",\"contentUrl\":\"https:\/\/www.l-iz.de\/vpn\/wp-content\/uploads\/2022\/10\/computer-7336152_1280.png\",\"width\":1280,\"height\":836},{\"@type\":\"BreadcrumbList\",\"@id\":\"https:\/\/www.l-iz.de\/vpn\/vpn-lg-tv\/#breadcrumb\",\"itemListElement\":[{\"@type\":\"ListItem\",\"position\":1,\"name\":\"Startseite\",\"item\":\"https:\/\/www.l-iz.de\/vpn\/\"},{\"@type\":\"ListItem\",\"position\":2,\"name\":\"VPN f\u00fcr LG Smart TV &#8211; Diese 3 Optionen gibt es\"}]},{\"@type\":\"WebSite\",\"@id\":\"https:\/\/www.l-iz.de\/vpn\/#website\",\"url\":\"https:\/\/www.l-iz.de\/vpn\/\",\"name\":\"Leipziger Zeitung\",\"description\":\"VPN-Test: Die besten VPN-Anbieter im Vergleich [yyyy]\",\"publisher\":{\"@id\":\"https:\/\/www.l-iz.de\/vpn\/#organization\"},\"potentialAction\":[{\"@type\":\"SearchAction\",\"target\":{\"@type\":\"EntryPoint\",\"urlTemplate\":\"https:\/\/www.l-iz.de\/vpn\/?s={search_term_string}\"},\"query-input\":{\"@type\":\"PropertyValueSpecification\",\"valueRequired\":true,\"valueName\":\"search_term_string\"}}],\"inLanguage\":\"de\"},{\"@type\":\"Organization\",\"@id\":\"https:\/\/www.l-iz.de\/vpn\/#organization\",\"name\":\"LZ Medien GmbH\",\"url\":\"https:\/\/www.l-iz.de\/vpn\/\",\"logo\":{\"@type\":\"ImageObject\",\"inLanguage\":\"de\",\"@id\":\"https:\/\/www.l-iz.de\/vpn\/#\/schema\/logo\/image\/\",\"url\":\"https:\/\/www.l-iz.de\/vpn\/wp-content\/uploads\/2022\/09\/cropped-l-iz-logo.jpg\",\"contentUrl\":\"https:\/\/www.l-iz.de\/vpn\/wp-content\/uploads\/2022\/09\/cropped-l-iz-logo.jpg\",\"width\":1280,\"height\":387,\"caption\":\"LZ Medien GmbH\"},\"image\":{\"@id\":\"https:\/\/www.l-iz.de\/vpn\/#\/schema\/logo\/image\/\"},\"sameAs\":[\"https:\/\/www.facebook.com\/LeipzigerInternetZeitung\",\"https:\/\/www.youtube.com\/c\/L-izDe\"]}]}<\/script>\n<!-- \/ Yoast SEO plugin. -->","yoast_head_json":{"title":"VPN f\u00fcr LG Smart TV - Diese 3 Optionen gibt es - Leipziger Zeitung","robots":{"index":"index","follow":"follow","max-snippet":"max-snippet:-1","max-image-preview":"max-image-preview:large","max-video-preview":"max-video-preview:-1"},"canonical":"https:\/\/www.l-iz.de\/vpn\/vpn-lg-tv\/","og_locale":"de_DE","og_type":"article","og_title":"VPN f\u00fcr LG Smart TV - Diese 3 Optionen gibt es - Leipziger Zeitung","og_description":"VPN f\u00fcr LG Smart TVs - es gibt diese 3 Optionen","og_url":"https:\/\/www.l-iz.de\/vpn\/vpn-lg-tv\/","og_site_name":"Leipziger Zeitung","article_publisher":"https:\/\/www.facebook.com\/LeipzigerInternetZeitung","article_modified_time":"2024-04-21T10:00:00+00:00","og_image":[{"url":"https:\/\/www.l-iz.de\/vpn\/wp-content\/uploads\/2022\/10\/computer-7336152_1280-300x196.png","type":"","width":"","height":""}],"twitter_card":"summary_large_image","twitter_misc":{"Gesch\u00e4tzte Lesezeit":"6\u00a0Minuten"},"schema":{"@context":"https:\/\/schema.org","@graph":[{"@type":"WebPage","@id":"https:\/\/www.l-iz.de\/vpn\/vpn-lg-tv\/","url":"https:\/\/www.l-iz.de\/vpn\/vpn-lg-tv\/","name":"VPN f\u00fcr LG Smart TV - Diese 3 Optionen gibt es - Leipziger Zeitung","isPartOf":{"@id":"https:\/\/www.l-iz.de\/vpn\/#website"},"primaryImageOfPage":{"@id":"https:\/\/www.l-iz.de\/vpn\/vpn-lg-tv\/#primaryimage"},"image":{"@id":"https:\/\/www.l-iz.de\/vpn\/vpn-lg-tv\/#primaryimage"},"thumbnailUrl":"https:\/\/www.l-iz.de\/vpn\/wp-content\/uploads\/2022\/10\/computer-7336152_1280-300x196.png","datePublished":"2022-09-27T14:36:57+00:00","dateModified":"2024-04-21T10:00:00+00:00","breadcrumb":{"@id":"https:\/\/www.l-iz.de\/vpn\/vpn-lg-tv\/#breadcrumb"},"inLanguage":"de","potentialAction":[{"@type":"ReadAction","target":["https:\/\/www.l-iz.de\/vpn\/vpn-lg-tv\/"]}]},{"@type":"ImageObject","inLanguage":"de","@id":"https:\/\/www.l-iz.de\/vpn\/vpn-lg-tv\/#primaryimage","url":"https:\/\/www.l-iz.de\/vpn\/wp-content\/uploads\/2022\/10\/computer-7336152_1280.png","contentUrl":"https:\/\/www.l-iz.de\/vpn\/wp-content\/uploads\/2022\/10\/computer-7336152_1280.png","width":1280,"height":836},{"@type":"BreadcrumbList","@id":"https:\/\/www.l-iz.de\/vpn\/vpn-lg-tv\/#breadcrumb","itemListElement":[{"@type":"ListItem","position":1,"name":"Startseite","item":"https:\/\/www.l-iz.de\/vpn\/"},{"@type":"ListItem","position":2,"name":"VPN f\u00fcr LG Smart TV &#8211; Diese 3 Optionen gibt es"}]},{"@type":"WebSite","@id":"https:\/\/www.l-iz.de\/vpn\/#website","url":"https:\/\/www.l-iz.de\/vpn\/","name":"Leipziger Zeitung","description":"VPN-Test: Die besten VPN-Anbieter im Vergleich [yyyy]","publisher":{"@id":"https:\/\/www.l-iz.de\/vpn\/#organization"},"potentialAction":[{"@type":"SearchAction","target":{"@type":"EntryPoint","urlTemplate":"https:\/\/www.l-iz.de\/vpn\/?s={search_term_string}"},"query-input":{"@type":"PropertyValueSpecification","valueRequired":true,"valueName":"search_term_string"}}],"inLanguage":"de"},{"@type":"Organization","@id":"https:\/\/www.l-iz.de\/vpn\/#organization","name":"LZ Medien GmbH","url":"https:\/\/www.l-iz.de\/vpn\/","logo":{"@type":"ImageObject","inLanguage":"de","@id":"https:\/\/www.l-iz.de\/vpn\/#\/schema\/logo\/image\/","url":"https:\/\/www.l-iz.de\/vpn\/wp-content\/uploads\/2022\/09\/cropped-l-iz-logo.jpg","contentUrl":"https:\/\/www.l-iz.de\/vpn\/wp-content\/uploads\/2022\/09\/cropped-l-iz-logo.jpg","width":1280,"height":387,"caption":"LZ Medien GmbH"},"image":{"@id":"https:\/\/www.l-iz.de\/vpn\/#\/schema\/logo\/image\/"},"sameAs":["https:\/\/www.facebook.com\/LeipzigerInternetZeitung","https:\/\/www.youtube.com\/c\/L-izDe"]}]}},"_links":{"self":[{"href":"https:\/\/www.l-iz.de\/vpn\/wp-json\/wp\/v2\/pages\/429","targetHints":{"allow":["GET"]}}],"collection":[{"href":"https:\/\/www.l-iz.de\/vpn\/wp-json\/wp\/v2\/pages"}],"about":[{"href":"https:\/\/www.l-iz.de\/vpn\/wp-json\/wp\/v2\/types\/page"}],"author":[{"embeddable":true,"href":"https:\/\/www.l-iz.de\/vpn\/wp-json\/wp\/v2\/users\/1"}],"replies":[{"embeddable":true,"href":"https:\/\/www.l-iz.de\/vpn\/wp-json\/wp\/v2\/comments?post=429"}],"version-history":[{"count":6,"href":"https:\/\/www.l-iz.de\/vpn\/wp-json\/wp\/v2\/pages\/429\/revisions"}],"predecessor-version":[{"id":7807,"href":"https:\/\/www.l-iz.de\/vpn\/wp-json\/wp\/v2\/pages\/429\/revisions\/7807"}],"wp:attachment":[{"href":"https:\/\/www.l-iz.de\/vpn\/wp-json\/wp\/v2\/media?parent=429"}],"wp:term":[{"taxonomy":"post_tag","embeddable":true,"href":"https:\/\/www.l-iz.de\/vpn\/wp-json\/wp\/v2\/tags?post=429"}],"curies":[{"name":"wp","href":"https:\/\/api.w.org\/{rel}","templated":true}]}}