{"id":4409,"date":"2023-04-04T21:10:30","date_gmt":"2023-04-04T19:10:30","guid":{"rendered":"https:\/\/www.l-iz.de\/vpn\/heldental\/"},"modified":"2024-04-21T12:00:00","modified_gmt":"2024-04-21T10:00:00","slug":"heldental","status":"publish","type":"page","link":"https:\/\/www.l-iz.de\/vpn\/heldental\/","title":{"rendered":"Heldental"},"content":{"rendered":"<p>Heldental ist eine Kleinstadt im Landkreis L\u00fcneburg im Osten Niedersachsens. Mit rund 1.800 Einwohnern ist Heldental eines der kleinsten D\u00f6rfer des Kreises. Da es sich um eine l\u00e4ndliche Gegend handelt, spielt die Landwirtschaft hier eine wichtige Rolle. Es gibt einige kleine Bauernh\u00f6fe, die regionalen und biologischen Gem\u00fcse- und Obstprodukte anbieten.<\/p>\nHeldental ist aber nicht nur f\u00fcr seine l\u00e4ndliche Sch\u00f6nheit bekannt. Seit vielen Jahren finden hier j\u00e4hrlich Kultur- und Musikfestivals statt, bei denen K\u00fcnstler und Musiker aus ganz Deutschland zusammenkommen. Diese Festivals sind immer sehr beliebt und werden von Einwohnern und Besuchern gleicherma\u00dfen gesch\u00e4tzt.<\/p>\n<p>Auch wenn Heldental relativ klein ist, gibt es viele Sehensw\u00fcrdigkeiten in der Umgebung. Die bekannteste ist vielleicht die historische Burg von Heldental, die aus dem 11. Jahrhundert stammt und heute als Museum dient. Sie ist ein beliebtes Ausflugsziel f\u00fcr Touristen und Einheimische. Es gibt auch viele alte Kirchen in der Umgebung, die jedes Jahr viele Besucher anziehen.<\/p>\n<p>Heldental ist ein friedliches Dorf, in dem die Menschen nett sind und die Natur genie\u00dfen. Es gibt viele sch\u00f6ne Wander- und Radwege, die zu Landschaften und Sehensw\u00fcrdigkeiten f\u00fchren. Es gibt auch einige Badeseen in der Umgebung, in denen man schwimmen und sich erholen kann.<\/p>\n<p>F\u00fcr diejenigen, die das Gef\u00fchl haben, dass sie hier ein paar Tage bleiben m\u00f6chten, gibt es zahlreiche Hotels und Pensionen in der Umgebung. Hier k\u00f6nnen die G\u00e4ste die Ruhe und die Sch\u00f6nheit der Natur genie\u00dfen und die vielen Sehensw\u00fcrdigkeiten und Aktivit\u00e4ten erkunden.<\/p>\n<p>Heldental ist ein Ort, an dem man sich entspannen und eine sch\u00f6ne Zeit verbringen kann. Es ist eine l\u00e4ndliche Gegend, die man unbedingt besuchen sollte, wenn man nach Deutschland reist. Es ist ein ideales Ziel f\u00fcr Naturliebhaber und Kulturliebhaber, die frische Luft und eine friedliche Atmosph\u00e4re genie\u00dfen m\u00f6chten.<\/p>\n","protected":false},"excerpt":{"rendered":"<p>Heldental ist eine Kleinstadt im Landkreis L\u00fcneburg im Osten Niedersachsens. Mit rund 1.800 Einwohnern ist Heldental eines der kleinsten D\u00f6rfer des Kreises. Da es sich um eine l\u00e4ndliche Gegend handelt, spielt die Landwirtschaft hier eine wichtige Rolle. Es gibt einige kleine Bauernh\u00f6fe, die regionalen und biologischen Gem\u00fcse- und Obstprodukte anbieten. Heldental ist aber nicht nur [&hellip;]<\/p>\n","protected":false},"author":1,"featured_media":0,"parent":0,"menu_order":0,"comment_status":"closed","ping_status":"closed","template":"","meta":{"_lmt_disableupdate":"","_lmt_disable":"","footnotes":""},"tags":[],"class_list":["post-4409","page","type-page","status-publish","hentry"],"yoast_head":"<!-- This site is optimized with the Yoast SEO plugin v27.4 - https:\/\/yoast.com\/product\/yoast-seo-wordpress\/ -->\n<title>Heldental - Leipziger Zeitung<\/title>\n<meta name=\"robots\" content=\"index, follow, max-snippet:-1, max-image-preview:large, max-video-preview:-1\" \/>\n<link rel=\"canonical\" href=\"https:\/\/www.l-iz.de\/vpn\/heldental\/\" \/>\n<meta property=\"og:locale\" content=\"de_DE\" \/>\n<meta property=\"og:type\" content=\"article\" \/>\n<meta property=\"og:title\" content=\"Heldental - Leipziger Zeitung\" \/>\n<meta property=\"og:description\" content=\"Heldental ist eine Kleinstadt im Landkreis L\u00fcneburg im Osten Niedersachsens. Mit rund 1.800 Einwohnern ist Heldental eines der kleinsten D\u00f6rfer des Kreises. Da es sich um eine l\u00e4ndliche Gegend handelt, spielt die Landwirtschaft hier eine wichtige Rolle. Es gibt einige kleine Bauernh\u00f6fe, die regionalen und biologischen Gem\u00fcse- und Obstprodukte anbieten. Heldental ist aber nicht nur [&hellip;]\" \/>\n<meta property=\"og:url\" content=\"https:\/\/www.l-iz.de\/vpn\/heldental\/\" \/>\n<meta property=\"og:site_name\" content=\"Leipziger Zeitung\" \/>\n<meta property=\"article:publisher\" content=\"https:\/\/www.facebook.com\/LeipzigerInternetZeitung\" \/>\n<meta property=\"article:modified_time\" content=\"2024-04-21T10:00:00+00:00\" \/>\n<meta name=\"twitter:card\" content=\"summary_large_image\" \/>\n<meta name=\"twitter:label1\" content=\"Gesch\u00e4tzte Lesezeit\" \/>\n\t<meta name=\"twitter:data1\" content=\"2\u00a0Minuten\" \/>\n<script type=\"application\/ld+json\" class=\"yoast-schema-graph\">{\"@context\":\"https:\\\/\\\/schema.org\",\"@graph\":[{\"@type\":\"WebPage\",\"@id\":\"https:\\\/\\\/soccerfield24.com\\\/heldental\\\/\",\"url\":\"https:\\\/\\\/soccerfield24.com\\\/heldental\\\/\",\"name\":\"Heldental - Leipziger Zeitung\",\"isPartOf\":{\"@id\":\"https:\\\/\\\/soccerfield24.com\\\/#website\"},\"datePublished\":\"2023-04-04T19:10:30+00:00\",\"dateModified\":\"2024-04-21T10:00:00+00:00\",\"breadcrumb\":{\"@id\":\"https:\\\/\\\/soccerfield24.com\\\/heldental\\\/#breadcrumb\"},\"inLanguage\":\"de\",\"potentialAction\":[{\"@type\":\"ReadAction\",\"target\":[\"https:\\\/\\\/soccerfield24.com\\\/heldental\\\/\"]}]},{\"@type\":\"BreadcrumbList\",\"@id\":\"https:\\\/\\\/soccerfield24.com\\\/heldental\\\/#breadcrumb\",\"itemListElement\":[{\"@type\":\"ListItem\",\"position\":1,\"name\":\"Startseite\",\"item\":\"https:\\\/\\\/soccerfield24.com\\\/\"},{\"@type\":\"ListItem\",\"position\":2,\"name\":\"Heldental\"}]},{\"@type\":\"WebSite\",\"@id\":\"https:\\\/\\\/soccerfield24.com\\\/#website\",\"url\":\"https:\\\/\\\/soccerfield24.com\\\/\",\"name\":\"Leipziger Zeitung\",\"description\":\"VPN-Test: Die besten VPN-Anbieter im Vergleich [yyyy]\",\"publisher\":{\"@id\":\"https:\\\/\\\/soccerfield24.com\\\/#organization\"},\"potentialAction\":[{\"@type\":\"SearchAction\",\"target\":{\"@type\":\"EntryPoint\",\"urlTemplate\":\"https:\\\/\\\/soccerfield24.com\\\/?s={search_term_string}\"},\"query-input\":{\"@type\":\"PropertyValueSpecification\",\"valueRequired\":true,\"valueName\":\"search_term_string\"}}],\"inLanguage\":\"de\"},{\"@type\":\"Organization\",\"@id\":\"https:\\\/\\\/soccerfield24.com\\\/#organization\",\"name\":\"LZ Medien GmbH\",\"url\":\"https:\\\/\\\/soccerfield24.com\\\/\",\"logo\":{\"@type\":\"ImageObject\",\"inLanguage\":\"de\",\"@id\":\"https:\\\/\\\/soccerfield24.com\\\/#\\\/schema\\\/logo\\\/image\\\/\",\"url\":\"https:\\\/\\\/soccerfield24.com\\\/wp-content\\\/uploads\\\/2022\\\/09\\\/cropped-l-iz-logo.jpg\",\"contentUrl\":\"https:\\\/\\\/soccerfield24.com\\\/wp-content\\\/uploads\\\/2022\\\/09\\\/cropped-l-iz-logo.jpg\",\"width\":1280,\"height\":387,\"caption\":\"LZ Medien GmbH\"},\"image\":{\"@id\":\"https:\\\/\\\/soccerfield24.com\\\/#\\\/schema\\\/logo\\\/image\\\/\"},\"sameAs\":[\"https:\\\/\\\/www.facebook.com\\\/LeipzigerInternetZeitung\",\"https:\\\/\\\/www.youtube.com\\\/c\\\/L-izDe\"]}]}<\/script>\n<!-- \/ Yoast SEO plugin. -->","yoast_head_json":{"title":"Heldental - Leipziger Zeitung","robots":{"index":"index","follow":"follow","max-snippet":"max-snippet:-1","max-image-preview":"max-image-preview:large","max-video-preview":"max-video-preview:-1"},"canonical":"https:\/\/www.l-iz.de\/vpn\/heldental\/","og_locale":"de_DE","og_type":"article","og_title":"Heldental - Leipziger Zeitung","og_description":"Heldental ist eine Kleinstadt im Landkreis L\u00fcneburg im Osten Niedersachsens. Mit rund 1.800 Einwohnern ist Heldental eines der kleinsten D\u00f6rfer des Kreises. Da es sich um eine l\u00e4ndliche Gegend handelt, spielt die Landwirtschaft hier eine wichtige Rolle. Es gibt einige kleine Bauernh\u00f6fe, die regionalen und biologischen Gem\u00fcse- und Obstprodukte anbieten. Heldental ist aber nicht nur [&hellip;]","og_url":"https:\/\/www.l-iz.de\/vpn\/heldental\/","og_site_name":"Leipziger Zeitung","article_publisher":"https:\/\/www.facebook.com\/LeipzigerInternetZeitung","article_modified_time":"2024-04-21T10:00:00+00:00","twitter_card":"summary_large_image","twitter_misc":{"Gesch\u00e4tzte Lesezeit":"2\u00a0Minuten"},"schema":{"@context":"https:\/\/schema.org","@graph":[{"@type":"WebPage","@id":"https:\/\/www.l-iz.de\/vpn\/heldental\/","url":"https:\/\/www.l-iz.de\/vpn\/heldental\/","name":"Heldental - Leipziger Zeitung","isPartOf":{"@id":"https:\/\/www.l-iz.de\/vpn\/#website"},"datePublished":"2023-04-04T19:10:30+00:00","dateModified":"2024-04-21T10:00:00+00:00","breadcrumb":{"@id":"https:\/\/www.l-iz.de\/vpn\/heldental\/#breadcrumb"},"inLanguage":"de","potentialAction":[{"@type":"ReadAction","target":["https:\/\/www.l-iz.de\/vpn\/heldental\/"]}]},{"@type":"BreadcrumbList","@id":"https:\/\/www.l-iz.de\/vpn\/heldental\/#breadcrumb","itemListElement":[{"@type":"ListItem","position":1,"name":"Startseite","item":"https:\/\/www.l-iz.de\/vpn\/"},{"@type":"ListItem","position":2,"name":"Heldental"}]},{"@type":"WebSite","@id":"https:\/\/www.l-iz.de\/vpn\/#website","url":"https:\/\/www.l-iz.de\/vpn\/","name":"Leipziger Zeitung","description":"VPN-Test: Die besten VPN-Anbieter im Vergleich [yyyy]","publisher":{"@id":"https:\/\/www.l-iz.de\/vpn\/#organization"},"potentialAction":[{"@type":"SearchAction","target":{"@type":"EntryPoint","urlTemplate":"https:\/\/www.l-iz.de\/vpn\/?s={search_term_string}"},"query-input":{"@type":"PropertyValueSpecification","valueRequired":true,"valueName":"search_term_string"}}],"inLanguage":"de"},{"@type":"Organization","@id":"https:\/\/www.l-iz.de\/vpn\/#organization","name":"LZ Medien GmbH","url":"https:\/\/www.l-iz.de\/vpn\/","logo":{"@type":"ImageObject","inLanguage":"de","@id":"https:\/\/www.l-iz.de\/vpn\/#\/schema\/logo\/image\/","url":"https:\/\/www.l-iz.de\/vpn\/wp-content\/uploads\/2022\/09\/cropped-l-iz-logo.jpg","contentUrl":"https:\/\/www.l-iz.de\/vpn\/wp-content\/uploads\/2022\/09\/cropped-l-iz-logo.jpg","width":1280,"height":387,"caption":"LZ Medien GmbH"},"image":{"@id":"https:\/\/www.l-iz.de\/vpn\/#\/schema\/logo\/image\/"},"sameAs":["https:\/\/www.facebook.com\/LeipzigerInternetZeitung","https:\/\/www.youtube.com\/c\/L-izDe"]}]}},"_links":{"self":[{"href":"https:\/\/www.l-iz.de\/vpn\/wp-json\/wp\/v2\/pages\/4409","targetHints":{"allow":["GET"]}}],"collection":[{"href":"https:\/\/www.l-iz.de\/vpn\/wp-json\/wp\/v2\/pages"}],"about":[{"href":"https:\/\/www.l-iz.de\/vpn\/wp-json\/wp\/v2\/types\/page"}],"author":[{"embeddable":true,"href":"https:\/\/www.l-iz.de\/vpn\/wp-json\/wp\/v2\/users\/1"}],"replies":[{"embeddable":true,"href":"https:\/\/www.l-iz.de\/vpn\/wp-json\/wp\/v2\/comments?post=4409"}],"version-history":[{"count":1,"href":"https:\/\/www.l-iz.de\/vpn\/wp-json\/wp\/v2\/pages\/4409\/revisions"}],"predecessor-version":[{"id":8918,"href":"https:\/\/www.l-iz.de\/vpn\/wp-json\/wp\/v2\/pages\/4409\/revisions\/8918"}],"wp:attachment":[{"href":"https:\/\/www.l-iz.de\/vpn\/wp-json\/wp\/v2\/media?parent=4409"}],"wp:term":[{"taxonomy":"post_tag","embeddable":true,"href":"https:\/\/www.l-iz.de\/vpn\/wp-json\/wp\/v2\/tags?post=4409"}],"curies":[{"name":"wp","href":"https:\/\/api.w.org\/{rel}","templated":true}]}}