{"id":4853,"date":"2023-05-01T08:50:12","date_gmt":"2023-05-01T06:50:12","guid":{"rendered":"https:\/\/www.l-iz.de\/vpn\/?page_id=4853"},"modified":"2024-04-21T12:00:00","modified_gmt":"2024-04-21T10:00:00","slug":"bester-vpn-anbieter-fuer-dell-xps-13","status":"publish","type":"page","link":"https:\/\/www.l-iz.de\/vpn\/bester-vpn-anbieter-fuer-dell-xps-13\/","title":{"rendered":"Bester VPN Anbieter f\u00fcr Dell XPS 13"},"content":{"rendered":"<p>Dell XPS 13 ist einer der leistungsst\u00e4rksten und am besten aussehenden Laptops auf dem Markt und eine hervorragende Wahl f\u00fcr alle, die mit einem leistungsstarken, zuverl\u00e4ssigen und langlebigen Laptop arbeiten m\u00f6chten. Obwohl Dell XPS 13 ein hervorragender Laptop ist, m\u00fcssen Sie in Betracht ziehen, einen Virtual Private Network (VPN) zu verwenden, um die Datensicherheit zu verbessern und Ihre Privatsph\u00e4re zu sch\u00fctzen. In diesem Artikel werden wir uns einige der besten VPN-Anbieter ansehen, die Sie f\u00fcr Ihren Dell XPS 13 verwenden k\u00f6nnen.<\/p>\n\n\t<div class=\"space-shortcode-wrap space-shortcode-4 relative\">\n\t\t<div class=\"space-shortcode-wrap-ins relative\">\n\n\t\t\t\n\t\t\t<div class=\"space-organizations-3-archive-items box-100 relative\">\n\n\t\t\t\t\n\t\t\t\t<div class=\"space-organizations-3-archive-item box-100 relative\">\n\t\t\t\t\t<div class=\"space-organizations-3-archive-item-ins relative\">\n\t\t\t\t\t\t<div class=\"space-organizations-3-archive-item-logo box-50 relative\">\n\t\t\t\t\t\t\t<div class=\"space-organizations-3-archive-item-logo-ins box-100 text-center relative\">\n\n\t\t\t\t\t\t\t\t\t\t\t\t\t\t\t\t\t\t<div class=\"space-organizations-3-logo-title-box box-100 text-left relative\">\n\t\t\t\t\t\t\t\t\t\t\t<div class=\"space-organizations-3-logo-box relative\">\n\t\t\t\t\t\t\t\t\t\t\t\t<a href=\"https:\/\/www.l-iz.de\/vpn\/erfahrungen\/cyberghost\/\" title=\"CyberGhost Test 2026: Erfahrungen und Bewertungen\">\n\t\t\t\t\t\t\t\t\t\t\t\t\t<img loading=\"lazy\" decoding=\"async\" width=\"50\" height=\"50\" src=\"https:\/\/www.l-iz.de\/vpn\/wp-content\/uploads\/2022\/09\/cyberghost-vpn-erfahrungen-logo-50x50.webp\" class=\"attachment-mercury-50-50 size-mercury-50-50\" alt=\"CyberGhost Test 2026: Erfahrungen und Bewertungen\" srcset=\"https:\/\/www.l-iz.de\/vpn\/wp-content\/uploads\/2022\/09\/cyberghost-vpn-erfahrungen-logo-50x50.webp 50w, https:\/\/www.l-iz.de\/vpn\/wp-content\/uploads\/2022\/09\/cyberghost-vpn-erfahrungen-logo-150x150.webp 150w, https:\/\/www.l-iz.de\/vpn\/wp-content\/uploads\/2022\/09\/cyberghost-vpn-erfahrungen-logo-40x40.webp 40w, https:\/\/www.l-iz.de\/vpn\/wp-content\/uploads\/2022\/09\/cyberghost-vpn-erfahrungen-logo-100x100.webp 100w, https:\/\/www.l-iz.de\/vpn\/wp-content\/uploads\/2022\/09\/cyberghost-vpn-erfahrungen-logo-120x120.webp 120w, https:\/\/www.l-iz.de\/vpn\/wp-content\/uploads\/2022\/09\/cyberghost-vpn-erfahrungen-logo-135x135.webp 135w, https:\/\/www.l-iz.de\/vpn\/wp-content\/uploads\/2022\/09\/cyberghost-vpn-erfahrungen-logo-32x32.webp 32w, https:\/\/www.l-iz.de\/vpn\/wp-content\/uploads\/2022\/09\/cyberghost-vpn-erfahrungen-logo-80x80.webp 80w, https:\/\/www.l-iz.de\/vpn\/wp-content\/uploads\/2022\/09\/cyberghost-vpn-erfahrungen-logo.webp 225w\" sizes=\"auto, (max-width: 50px) 100vw, 50px\" \/>\t\t\t\t\t\t\t\t\t\t\t\t<\/a>\n\t\t\t\t\t\t\t\t\t\t\t\t<div class=\"space-organizations-3-archive-item-count-2 absolute\">\n\t\t\t\t\t\t\t\t\t\t\t\t\t<span>1<\/span>\n\t\t\t\t\t\t\t\t\t\t\t\t<\/div>\n\t\t\t\t\t\t\t\t\t\t\t<\/div>\n\t\t\t\t\t\t\t\t\t\t\t<div class=\"space-organizations-3-title-box relative\">\n\t\t\t\t\t\t\t\t\t\t\t\t<a href=\"https:\/\/www.l-iz.de\/vpn\/erfahrungen\/cyberghost\/\" title=\"CyberGhost Test 2026: Erfahrungen und Bewertungen\">CyberGhost Test 2026: Erfahrungen und Bewertungen<\/a>\n\t\t\t\t\t\t\t\t\t\t\t<\/div>\n\t\t\t\t\t\t\t\t\t\t<\/div>\n\t\t\t\t\t\t\t\t\t\t\t\t\t\t\t\t<\/div>\n\t\t\t\t\t\t\t\t\t\t\t\t\t<\/div>\n\t\t\t\t\t\t<div class=\"space-organizations-3-archive-item-rating box-25 relative\">\n\t\t\t\t\t\t\t<div class=\"space-organizations-3-archive-item-rating-ins box-100 text-center relative\">\n\n\t\t\t\t\t\t\t\t\n\t\t\t\t\t\t\t\t\t\t\t\t\t\t\t\t\t<div class=\"space-organizations-3-archive-item-rating-box relative\">\n\t\t\t\t\t\t\t\t\t\t<div class=\"star-rating\"><div class=\"star star-full\" aria-hidden=\"true\"><\/div><div class=\"star star-full\" aria-hidden=\"true\"><\/div><div class=\"star star-full\" aria-hidden=\"true\"><\/div><div class=\"star star-full\" aria-hidden=\"true\"><\/div><div class=\"star star-full\" aria-hidden=\"true\"><\/div><\/div>\t\t\t\t\t\t\t\t\t\t<span>5.0<\/span>\n\t\t\t\t\t\t\t\t\t<\/div>\n\t\t\t\t\t\t\t\t\n\t\t\t\t\t\t\t\t\n\t\t\t\t\t\t\t\t\t\t\t\t\t\t\t\t\n\t\t\t\t\t\t\t<\/div>\n\t\t\t\t\t\t<\/div>\n\t\t\t\t\t\t<div class=\"space-organizations-3-archive-item-button box-25 relative\">\n\t\t\t\t\t\t\t<div class=\"space-organizations-3-archive-item-button-ins box-100 text-center relative\">\n\t\t\t\t\t\t\t\t<a href=\"https:\/\/www.l-iz.de\/vpn\/zu\/cyberghost\/\" title=\"Zum Anbieter\" target=\"_blank\" rel=\"nofollow\"><i class=\"fas fa-check-circle\"><\/i> Zum Anbieter<\/a>\n\n\t\t\t\t\t\t\t\t<a href=\"https:\/\/www.l-iz.de\/vpn\/erfahrungen\/cyberghost\/\" title=\"Testbericht lesen\"><i class=\"fas fa-arrow-alt-circle-right\"><\/i> Testbericht lesen<\/a>\n\t\t\t\t\t\t\t<\/div>\n\t\t\t\t\t\t<\/div>\n\t\t\t\t\t\t\t\t\t\t\t<\/div>\n\t\t\t\t<\/div>\n\n\t\t\t\t\n\t\t\t\t<div class=\"space-organizations-3-archive-item box-100 relative\">\n\t\t\t\t\t<div class=\"space-organizations-3-archive-item-ins relative\">\n\t\t\t\t\t\t<div class=\"space-organizations-3-archive-item-logo box-50 relative\">\n\t\t\t\t\t\t\t<div class=\"space-organizations-3-archive-item-logo-ins box-100 text-center relative\">\n\n\t\t\t\t\t\t\t\t\t\t\t\t\t\t\t\t\t\t<div class=\"space-organizations-3-logo-title-box box-100 text-left relative\">\n\t\t\t\t\t\t\t\t\t\t\t<div class=\"space-organizations-3-logo-box relative\">\n\t\t\t\t\t\t\t\t\t\t\t\t<a href=\"https:\/\/www.l-iz.de\/vpn\/erfahrungen\/nordvpn\/\" title=\"NordVPN Test und Erfahrungen 2026: Seri\u00f6s &#038; sicher?\">\n\t\t\t\t\t\t\t\t\t\t\t\t\t<img loading=\"lazy\" decoding=\"async\" width=\"50\" height=\"50\" src=\"https:\/\/www.l-iz.de\/vpn\/wp-content\/uploads\/2022\/09\/nordvpn-50x50.png\" class=\"attachment-mercury-50-50 size-mercury-50-50\" alt=\"NordVPN Test und Erfahrungen 2026: Seri\u00f6s &#038; sicher?\" srcset=\"https:\/\/www.l-iz.de\/vpn\/wp-content\/uploads\/2022\/09\/nordvpn-50x50.png 50w, https:\/\/www.l-iz.de\/vpn\/wp-content\/uploads\/2022\/09\/nordvpn-150x150.png 150w, https:\/\/www.l-iz.de\/vpn\/wp-content\/uploads\/2022\/09\/nordvpn-40x40.png 40w, https:\/\/www.l-iz.de\/vpn\/wp-content\/uploads\/2022\/09\/nordvpn-100x100.png 100w, https:\/\/www.l-iz.de\/vpn\/wp-content\/uploads\/2022\/09\/nordvpn-120x120.png 120w, https:\/\/www.l-iz.de\/vpn\/wp-content\/uploads\/2022\/09\/nordvpn-135x135.png 135w, https:\/\/www.l-iz.de\/vpn\/wp-content\/uploads\/2022\/09\/nordvpn-32x32.png 32w, https:\/\/www.l-iz.de\/vpn\/wp-content\/uploads\/2022\/09\/nordvpn-80x80.png 80w, https:\/\/www.l-iz.de\/vpn\/wp-content\/uploads\/2022\/09\/nordvpn.png 225w\" sizes=\"auto, (max-width: 50px) 100vw, 50px\" \/>\t\t\t\t\t\t\t\t\t\t\t\t<\/a>\n\t\t\t\t\t\t\t\t\t\t\t\t<div class=\"space-organizations-3-archive-item-count-2 absolute\">\n\t\t\t\t\t\t\t\t\t\t\t\t\t<span>2<\/span>\n\t\t\t\t\t\t\t\t\t\t\t\t<\/div>\n\t\t\t\t\t\t\t\t\t\t\t<\/div>\n\t\t\t\t\t\t\t\t\t\t\t<div class=\"space-organizations-3-title-box relative\">\n\t\t\t\t\t\t\t\t\t\t\t\t<a href=\"https:\/\/www.l-iz.de\/vpn\/erfahrungen\/nordvpn\/\" title=\"NordVPN Test und Erfahrungen 2026: Seri\u00f6s &#038; sicher?\">NordVPN Test und Erfahrungen 2026: Seri\u00f6s &#038; sicher?<\/a>\n\t\t\t\t\t\t\t\t\t\t\t<\/div>\n\t\t\t\t\t\t\t\t\t\t<\/div>\n\t\t\t\t\t\t\t\t\t\t\t\t\t\t\t\t<\/div>\n\t\t\t\t\t\t\t\t\t\t\t\t\t<\/div>\n\t\t\t\t\t\t<div class=\"space-organizations-3-archive-item-rating box-25 relative\">\n\t\t\t\t\t\t\t<div class=\"space-organizations-3-archive-item-rating-ins box-100 text-center relative\">\n\n\t\t\t\t\t\t\t\t\n\t\t\t\t\t\t\t\t\t\t\t\t\t\t\t\t\t<div class=\"space-organizations-3-archive-item-rating-box relative\">\n\t\t\t\t\t\t\t\t\t\t<div class=\"star-rating\"><div class=\"star star-full\" aria-hidden=\"true\"><\/div><div class=\"star star-full\" aria-hidden=\"true\"><\/div><div class=\"star star-full\" aria-hidden=\"true\"><\/div><div class=\"star star-full\" aria-hidden=\"true\"><\/div><div class=\"star star-half\" aria-hidden=\"true\"><\/div><\/div>\t\t\t\t\t\t\t\t\t\t<span>4.8<\/span>\n\t\t\t\t\t\t\t\t\t<\/div>\n\t\t\t\t\t\t\t\t\n\t\t\t\t\t\t\t\t\n\t\t\t\t\t\t\t\t\t\t\t\t\t\t\t\t\n\t\t\t\t\t\t\t<\/div>\n\t\t\t\t\t\t<\/div>\n\t\t\t\t\t\t<div class=\"space-organizations-3-archive-item-button box-25 relative\">\n\t\t\t\t\t\t\t<div class=\"space-organizations-3-archive-item-button-ins box-100 text-center relative\">\n\t\t\t\t\t\t\t\t<a href=\"https:\/\/www.l-iz.de\/vpn\/zu\/nordvpn\/\" title=\"Zum Anbieter\" target=\"_blank\" rel=\"nofollow\"><i class=\"fas fa-check-circle\"><\/i> Zum Anbieter<\/a>\n\n\t\t\t\t\t\t\t\t<a href=\"https:\/\/www.l-iz.de\/vpn\/erfahrungen\/nordvpn\/\" title=\"Testbericht lesen\"><i class=\"fas fa-arrow-alt-circle-right\"><\/i> Testbericht lesen<\/a>\n\t\t\t\t\t\t\t<\/div>\n\t\t\t\t\t\t<\/div>\n\t\t\t\t\t\t\t\t\t\t\t<\/div>\n\t\t\t\t<\/div>\n\n\t\t\t\t\n\t\t\t\t<div class=\"space-organizations-3-archive-item box-100 relative\">\n\t\t\t\t\t<div class=\"space-organizations-3-archive-item-ins relative\">\n\t\t\t\t\t\t<div class=\"space-organizations-3-archive-item-logo box-50 relative\">\n\t\t\t\t\t\t\t<div class=\"space-organizations-3-archive-item-logo-ins box-100 text-center relative\">\n\n\t\t\t\t\t\t\t\t\t\t\t\t\t\t\t\t\t\t<div class=\"space-organizations-3-logo-title-box box-100 text-left relative\">\n\t\t\t\t\t\t\t\t\t\t\t<div class=\"space-organizations-3-logo-box relative\">\n\t\t\t\t\t\t\t\t\t\t\t\t<a href=\"https:\/\/www.l-iz.de\/vpn\/erfahrungen\/surfshark\/\" title=\"Surfshark VPN Test und Erfahrungen 2026\">\n\t\t\t\t\t\t\t\t\t\t\t\t\t<img loading=\"lazy\" decoding=\"async\" width=\"50\" height=\"50\" src=\"https:\/\/www.l-iz.de\/vpn\/wp-content\/uploads\/2022\/09\/surfshark-50x50.png\" class=\"attachment-mercury-50-50 size-mercury-50-50\" alt=\"Surfshark VPN Test und Erfahrungen 2026\" srcset=\"https:\/\/www.l-iz.de\/vpn\/wp-content\/uploads\/2022\/09\/surfshark-50x50.png 50w, https:\/\/www.l-iz.de\/vpn\/wp-content\/uploads\/2022\/09\/surfshark-40x40.png 40w, https:\/\/www.l-iz.de\/vpn\/wp-content\/uploads\/2022\/09\/surfshark-100x100.png 100w, https:\/\/www.l-iz.de\/vpn\/wp-content\/uploads\/2022\/09\/surfshark-120x120.png 120w, https:\/\/www.l-iz.de\/vpn\/wp-content\/uploads\/2022\/09\/surfshark-32x32.png 32w, https:\/\/www.l-iz.de\/vpn\/wp-content\/uploads\/2022\/09\/surfshark-80x80.png 80w, https:\/\/www.l-iz.de\/vpn\/wp-content\/uploads\/2022\/09\/surfshark.png 127w\" sizes=\"auto, (max-width: 50px) 100vw, 50px\" \/>\t\t\t\t\t\t\t\t\t\t\t\t<\/a>\n\t\t\t\t\t\t\t\t\t\t\t\t<div class=\"space-organizations-3-archive-item-count-2 absolute\">\n\t\t\t\t\t\t\t\t\t\t\t\t\t<span>3<\/span>\n\t\t\t\t\t\t\t\t\t\t\t\t<\/div>\n\t\t\t\t\t\t\t\t\t\t\t<\/div>\n\t\t\t\t\t\t\t\t\t\t\t<div class=\"space-organizations-3-title-box relative\">\n\t\t\t\t\t\t\t\t\t\t\t\t<a href=\"https:\/\/www.l-iz.de\/vpn\/erfahrungen\/surfshark\/\" title=\"Surfshark VPN Test und Erfahrungen 2026\">Surfshark VPN Test und Erfahrungen 2026<\/a>\n\t\t\t\t\t\t\t\t\t\t\t<\/div>\n\t\t\t\t\t\t\t\t\t\t<\/div>\n\t\t\t\t\t\t\t\t\t\t\t\t\t\t\t\t<\/div>\n\t\t\t\t\t\t\t\t\t\t\t\t\t<\/div>\n\t\t\t\t\t\t<div class=\"space-organizations-3-archive-item-rating box-25 relative\">\n\t\t\t\t\t\t\t<div class=\"space-organizations-3-archive-item-rating-ins box-100 text-center relative\">\n\n\t\t\t\t\t\t\t\t\n\t\t\t\t\t\t\t\t\t\t\t\t\t\t\t\t\t<div class=\"space-organizations-3-archive-item-rating-box relative\">\n\t\t\t\t\t\t\t\t\t\t<div class=\"star-rating\"><div class=\"star star-full\" aria-hidden=\"true\"><\/div><div class=\"star star-full\" aria-hidden=\"true\"><\/div><div class=\"star star-full\" aria-hidden=\"true\"><\/div><div class=\"star star-full\" aria-hidden=\"true\"><\/div><div class=\"star star-half\" aria-hidden=\"true\"><\/div><\/div>\t\t\t\t\t\t\t\t\t\t<span>4.5<\/span>\n\t\t\t\t\t\t\t\t\t<\/div>\n\t\t\t\t\t\t\t\t\n\t\t\t\t\t\t\t\t\n\t\t\t\t\t\t\t\t\t\t\t\t\t\t\t\t\n\t\t\t\t\t\t\t<\/div>\n\t\t\t\t\t\t<\/div>\n\t\t\t\t\t\t<div class=\"space-organizations-3-archive-item-button box-25 relative\">\n\t\t\t\t\t\t\t<div class=\"space-organizations-3-archive-item-button-ins box-100 text-center relative\">\n\t\t\t\t\t\t\t\t<a href=\"https:\/\/www.l-iz.de\/vpn\/zu\/surfshark\/\" title=\"Zum Anbieter\" target=\"_blank\" rel=\"nofollow\"><i class=\"fas fa-check-circle\"><\/i> Zum Anbieter<\/a>\n\n\t\t\t\t\t\t\t\t<a href=\"https:\/\/www.l-iz.de\/vpn\/erfahrungen\/surfshark\/\" title=\"Testbericht lesen\"><i class=\"fas fa-arrow-alt-circle-right\"><\/i> Testbericht lesen<\/a>\n\t\t\t\t\t\t\t<\/div>\n\t\t\t\t\t\t<\/div>\n\t\t\t\t\t\t\t\t\t\t\t<\/div>\n\t\t\t\t<\/div>\n\n\t\t\t\t\n\t\t\t<\/div>\n\t\t\t\n\t\t<\/div>\n\t<\/div>\n\nDer erste VPN-Anbieter, den wir uns ansehen werden, ist ExpressVPN. ExpressVPN ist ein leistungsstarker VPN-Anbieter, der seit 2009 besteht und zu den am h\u00e4ufigsten empfohlenen VPNs der Branche z\u00e4hlt. ExpressVPN bietet eine einfache Einrichtung, eine starke Verschl\u00fcsselung und eine gro\u00dfe Auswahl an Servern in mehr als 90 L\u00e4ndern. Sie bieten auch eine lebenslange Garantie, sodass Sie sich keine Sorgen machen m\u00fcssen, dass Sie Ihr Geld verschwenden.<\/p>\n<p>Der n\u00e4chste VPN-Anbieter, den wir uns ansehen werden, ist NordVPN. NordVPN ist ein zuverl\u00e4ssiger Anbieter, der seit 2012 besteht und eine der am h\u00e4ufigsten empfohlenen Marken der Welt ist. NordVPN bietet eine starke Verschl\u00fcsselung, \u00fcber 5400 Server in 59 L\u00e4ndern und sogar eine dedizierte IP-Adresse, die Ihnen ein Maximum an Privatsph\u00e4re gew\u00e4hrleistet. NordVPN bietet auch eine 30-Tage-Geld-zur\u00fcck-Garantie, sodass Sie sicher sein k\u00f6nnen, dass Sie Ihr Geld nicht verschwenden.<\/p>\n<p>Der letzte VPN-Anbieter, den wir uns ansehen werden, ist Private Internet Access (PIA). Private Internet Access ist ein sehr bekannter Anbieter, der seit 2010 besteht und ein beliebtes VPN f\u00fcr alle ist, die ein Maximum an Sicherheit und Privatsph\u00e4re w\u00fcnschen. Private Internet Access bietet eine robuste Verschl\u00fcsselung, eine gro\u00dfe Auswahl an Servern in mehr als 30 L\u00e4ndern und eine 7-t\u00e4gige Geld-zur\u00fcck-Garantie, sodass Sie sicher sein k\u00f6nnen, dass Sie Ihr Geld nicht verschwenden.<\/p>\n<p>Insgesamt sind diese drei VPN-Anbieter die besten Optionen f\u00fcr den Dell XPS 13. ExpressVPN bietet einfache Einrichtung, starke Verschl\u00fcsselung und eine riesige Auswahl an Servern. NordVPN bietet eine starke Verschl\u00fcsselung, eine gro\u00dfe Auswahl an Servern und eine dedizierte IP-Adresse. Private Internet Access bietet ebenfalls eine robuste Verschl\u00fcsselung, eine gro\u00dfe Auswahl an Servern und eine 7-t\u00e4gige Geld-zur\u00fcck-Garantie. Es ist wichtig, dass Sie sich die Zeit nehmen, um die verschiedenen Optionen zu vergleichen, um sicherzustellen, dass Sie den besten Anbieter f\u00fcr Ihre Bed\u00fcrfnisse w\u00e4hlen.<\/p>\n","protected":false},"excerpt":{"rendered":"<p>Dell XPS 13 ist einer der leistungsst\u00e4rksten und am besten aussehenden Laptops auf dem Markt und eine hervorragende Wahl f\u00fcr alle, die mit einem leistungsstarken, zuverl\u00e4ssigen und langlebigen Laptop arbeiten m\u00f6chten. Obwohl Dell XPS 13 ein hervorragender Laptop ist, m\u00fcssen Sie in Betracht ziehen, einen Virtual Private Network (VPN) zu verwenden, um die Datensicherheit zu [&hellip;]<\/p>\n","protected":false},"author":1,"featured_media":0,"parent":0,"menu_order":0,"comment_status":"closed","ping_status":"closed","template":"","meta":{"_lmt_disableupdate":"","_lmt_disable":"","footnotes":""},"tags":[],"class_list":["post-4853","page","type-page","status-publish","hentry"],"yoast_head":"<!-- This site is optimized with the Yoast SEO plugin v27.2 - https:\/\/yoast.com\/product\/yoast-seo-wordpress\/ -->\n<title>Bester VPN Anbieter f\u00fcr Dell XPS 13 - Leipziger Zeitung<\/title>\n<meta name=\"robots\" content=\"index, follow, max-snippet:-1, max-image-preview:large, max-video-preview:-1\" \/>\n<link rel=\"canonical\" href=\"https:\/\/www.l-iz.de\/vpn\/bester-vpn-anbieter-fuer-dell-xps-13\/\" \/>\n<meta property=\"og:locale\" content=\"de_DE\" \/>\n<meta property=\"og:type\" content=\"article\" \/>\n<meta property=\"og:title\" content=\"Bester VPN Anbieter f\u00fcr Dell XPS 13 - Leipziger Zeitung\" \/>\n<meta property=\"og:description\" content=\"Dell XPS 13 ist einer der leistungsst\u00e4rksten und am besten aussehenden Laptops auf dem Markt und eine hervorragende Wahl f\u00fcr alle, die mit einem leistungsstarken, zuverl\u00e4ssigen und langlebigen Laptop arbeiten m\u00f6chten. Obwohl Dell XPS 13 ein hervorragender Laptop ist, m\u00fcssen Sie in Betracht ziehen, einen Virtual Private Network (VPN) zu verwenden, um die Datensicherheit zu [&hellip;]\" \/>\n<meta property=\"og:url\" content=\"https:\/\/www.l-iz.de\/vpn\/bester-vpn-anbieter-fuer-dell-xps-13\/\" \/>\n<meta property=\"og:site_name\" content=\"Leipziger Zeitung\" \/>\n<meta property=\"article:publisher\" content=\"https:\/\/www.facebook.com\/LeipzigerInternetZeitung\" \/>\n<meta property=\"article:modified_time\" content=\"2024-04-21T10:00:00+00:00\" \/>\n<meta name=\"twitter:card\" content=\"summary_large_image\" \/>\n<meta name=\"twitter:label1\" content=\"Gesch\u00e4tzte Lesezeit\" \/>\n\t<meta name=\"twitter:data1\" content=\"3\u00a0Minuten\" \/>\n<script type=\"application\/ld+json\" class=\"yoast-schema-graph\">{\"@context\":\"https:\/\/schema.org\",\"@graph\":[{\"@type\":\"WebPage\",\"@id\":\"https:\/\/www.l-iz.de\/vpn\/bester-vpn-anbieter-fuer-dell-xps-13\/\",\"url\":\"https:\/\/www.l-iz.de\/vpn\/bester-vpn-anbieter-fuer-dell-xps-13\/\",\"name\":\"Bester VPN Anbieter f\u00fcr Dell XPS 13 - Leipziger Zeitung\",\"isPartOf\":{\"@id\":\"https:\/\/www.l-iz.de\/vpn\/#website\"},\"datePublished\":\"2023-05-01T06:50:12+00:00\",\"dateModified\":\"2024-04-21T10:00:00+00:00\",\"breadcrumb\":{\"@id\":\"https:\/\/www.l-iz.de\/vpn\/bester-vpn-anbieter-fuer-dell-xps-13\/#breadcrumb\"},\"inLanguage\":\"de\",\"potentialAction\":[{\"@type\":\"ReadAction\",\"target\":[\"https:\/\/www.l-iz.de\/vpn\/bester-vpn-anbieter-fuer-dell-xps-13\/\"]}]},{\"@type\":\"BreadcrumbList\",\"@id\":\"https:\/\/www.l-iz.de\/vpn\/bester-vpn-anbieter-fuer-dell-xps-13\/#breadcrumb\",\"itemListElement\":[{\"@type\":\"ListItem\",\"position\":1,\"name\":\"Startseite\",\"item\":\"https:\/\/www.l-iz.de\/vpn\/\"},{\"@type\":\"ListItem\",\"position\":2,\"name\":\"Bester VPN Anbieter f\u00fcr Dell XPS 13\"}]},{\"@type\":\"WebSite\",\"@id\":\"https:\/\/www.l-iz.de\/vpn\/#website\",\"url\":\"https:\/\/www.l-iz.de\/vpn\/\",\"name\":\"Leipziger Zeitung\",\"description\":\"VPN-Test: Die besten VPN-Anbieter im Vergleich [yyyy]\",\"publisher\":{\"@id\":\"https:\/\/www.l-iz.de\/vpn\/#organization\"},\"potentialAction\":[{\"@type\":\"SearchAction\",\"target\":{\"@type\":\"EntryPoint\",\"urlTemplate\":\"https:\/\/www.l-iz.de\/vpn\/?s={search_term_string}\"},\"query-input\":{\"@type\":\"PropertyValueSpecification\",\"valueRequired\":true,\"valueName\":\"search_term_string\"}}],\"inLanguage\":\"de\"},{\"@type\":\"Organization\",\"@id\":\"https:\/\/www.l-iz.de\/vpn\/#organization\",\"name\":\"LZ Medien GmbH\",\"url\":\"https:\/\/www.l-iz.de\/vpn\/\",\"logo\":{\"@type\":\"ImageObject\",\"inLanguage\":\"de\",\"@id\":\"https:\/\/www.l-iz.de\/vpn\/#\/schema\/logo\/image\/\",\"url\":\"https:\/\/www.l-iz.de\/vpn\/wp-content\/uploads\/2022\/09\/cropped-l-iz-logo.jpg\",\"contentUrl\":\"https:\/\/www.l-iz.de\/vpn\/wp-content\/uploads\/2022\/09\/cropped-l-iz-logo.jpg\",\"width\":1280,\"height\":387,\"caption\":\"LZ Medien GmbH\"},\"image\":{\"@id\":\"https:\/\/www.l-iz.de\/vpn\/#\/schema\/logo\/image\/\"},\"sameAs\":[\"https:\/\/www.facebook.com\/LeipzigerInternetZeitung\",\"https:\/\/www.youtube.com\/c\/L-izDe\"]}]}<\/script>\n<!-- \/ Yoast SEO plugin. -->","yoast_head_json":{"title":"Bester VPN Anbieter f\u00fcr Dell XPS 13 - Leipziger Zeitung","robots":{"index":"index","follow":"follow","max-snippet":"max-snippet:-1","max-image-preview":"max-image-preview:large","max-video-preview":"max-video-preview:-1"},"canonical":"https:\/\/www.l-iz.de\/vpn\/bester-vpn-anbieter-fuer-dell-xps-13\/","og_locale":"de_DE","og_type":"article","og_title":"Bester VPN Anbieter f\u00fcr Dell XPS 13 - Leipziger Zeitung","og_description":"Dell XPS 13 ist einer der leistungsst\u00e4rksten und am besten aussehenden Laptops auf dem Markt und eine hervorragende Wahl f\u00fcr alle, die mit einem leistungsstarken, zuverl\u00e4ssigen und langlebigen Laptop arbeiten m\u00f6chten. Obwohl Dell XPS 13 ein hervorragender Laptop ist, m\u00fcssen Sie in Betracht ziehen, einen Virtual Private Network (VPN) zu verwenden, um die Datensicherheit zu [&hellip;]","og_url":"https:\/\/www.l-iz.de\/vpn\/bester-vpn-anbieter-fuer-dell-xps-13\/","og_site_name":"Leipziger Zeitung","article_publisher":"https:\/\/www.facebook.com\/LeipzigerInternetZeitung","article_modified_time":"2024-04-21T10:00:00+00:00","twitter_card":"summary_large_image","twitter_misc":{"Gesch\u00e4tzte Lesezeit":"3\u00a0Minuten"},"schema":{"@context":"https:\/\/schema.org","@graph":[{"@type":"WebPage","@id":"https:\/\/www.l-iz.de\/vpn\/bester-vpn-anbieter-fuer-dell-xps-13\/","url":"https:\/\/www.l-iz.de\/vpn\/bester-vpn-anbieter-fuer-dell-xps-13\/","name":"Bester VPN Anbieter f\u00fcr Dell XPS 13 - Leipziger Zeitung","isPartOf":{"@id":"https:\/\/www.l-iz.de\/vpn\/#website"},"datePublished":"2023-05-01T06:50:12+00:00","dateModified":"2024-04-21T10:00:00+00:00","breadcrumb":{"@id":"https:\/\/www.l-iz.de\/vpn\/bester-vpn-anbieter-fuer-dell-xps-13\/#breadcrumb"},"inLanguage":"de","potentialAction":[{"@type":"ReadAction","target":["https:\/\/www.l-iz.de\/vpn\/bester-vpn-anbieter-fuer-dell-xps-13\/"]}]},{"@type":"BreadcrumbList","@id":"https:\/\/www.l-iz.de\/vpn\/bester-vpn-anbieter-fuer-dell-xps-13\/#breadcrumb","itemListElement":[{"@type":"ListItem","position":1,"name":"Startseite","item":"https:\/\/www.l-iz.de\/vpn\/"},{"@type":"ListItem","position":2,"name":"Bester VPN Anbieter f\u00fcr Dell XPS 13"}]},{"@type":"WebSite","@id":"https:\/\/www.l-iz.de\/vpn\/#website","url":"https:\/\/www.l-iz.de\/vpn\/","name":"Leipziger Zeitung","description":"VPN-Test: Die besten VPN-Anbieter im Vergleich [yyyy]","publisher":{"@id":"https:\/\/www.l-iz.de\/vpn\/#organization"},"potentialAction":[{"@type":"SearchAction","target":{"@type":"EntryPoint","urlTemplate":"https:\/\/www.l-iz.de\/vpn\/?s={search_term_string}"},"query-input":{"@type":"PropertyValueSpecification","valueRequired":true,"valueName":"search_term_string"}}],"inLanguage":"de"},{"@type":"Organization","@id":"https:\/\/www.l-iz.de\/vpn\/#organization","name":"LZ Medien GmbH","url":"https:\/\/www.l-iz.de\/vpn\/","logo":{"@type":"ImageObject","inLanguage":"de","@id":"https:\/\/www.l-iz.de\/vpn\/#\/schema\/logo\/image\/","url":"https:\/\/www.l-iz.de\/vpn\/wp-content\/uploads\/2022\/09\/cropped-l-iz-logo.jpg","contentUrl":"https:\/\/www.l-iz.de\/vpn\/wp-content\/uploads\/2022\/09\/cropped-l-iz-logo.jpg","width":1280,"height":387,"caption":"LZ Medien GmbH"},"image":{"@id":"https:\/\/www.l-iz.de\/vpn\/#\/schema\/logo\/image\/"},"sameAs":["https:\/\/www.facebook.com\/LeipzigerInternetZeitung","https:\/\/www.youtube.com\/c\/L-izDe"]}]}},"_links":{"self":[{"href":"https:\/\/www.l-iz.de\/vpn\/wp-json\/wp\/v2\/pages\/4853","targetHints":{"allow":["GET"]}}],"collection":[{"href":"https:\/\/www.l-iz.de\/vpn\/wp-json\/wp\/v2\/pages"}],"about":[{"href":"https:\/\/www.l-iz.de\/vpn\/wp-json\/wp\/v2\/types\/page"}],"author":[{"embeddable":true,"href":"https:\/\/www.l-iz.de\/vpn\/wp-json\/wp\/v2\/users\/1"}],"replies":[{"embeddable":true,"href":"https:\/\/www.l-iz.de\/vpn\/wp-json\/wp\/v2\/comments?post=4853"}],"version-history":[{"count":2,"href":"https:\/\/www.l-iz.de\/vpn\/wp-json\/wp\/v2\/pages\/4853\/revisions"}],"predecessor-version":[{"id":7297,"href":"https:\/\/www.l-iz.de\/vpn\/wp-json\/wp\/v2\/pages\/4853\/revisions\/7297"}],"wp:attachment":[{"href":"https:\/\/www.l-iz.de\/vpn\/wp-json\/wp\/v2\/media?parent=4853"}],"wp:term":[{"taxonomy":"post_tag","embeddable":true,"href":"https:\/\/www.l-iz.de\/vpn\/wp-json\/wp\/v2\/tags?post=4853"}],"curies":[{"name":"wp","href":"https:\/\/api.w.org\/{rel}","templated":true}]}}