{"id":6677,"date":"2023-05-11T19:16:46","date_gmt":"2023-05-11T17:16:46","guid":{"rendered":"https:\/\/www.l-iz.de\/vpn\/?page_id=6677"},"modified":"2024-04-21T12:00:00","modified_gmt":"2024-04-21T10:00:00","slug":"bard-mit-vpn-nutzen","status":"publish","type":"page","link":"https:\/\/www.l-iz.de\/vpn\/bard-mit-vpn-nutzen\/","title":{"rendered":"Chatbot Bard mit VPN benutzen"},"content":{"rendered":"<h2>Wie man den neuen Chatbot Bard mit einem VPN nutzt<\/h2>\n<p>Google hat einen neuen Chatbot namens Bard entwickelt, der nun in den USA und Gro\u00dfbritannien verf\u00fcgbar ist. Mit dieser neuen Technologie will Google mit anderen Chatbots wie Bing Chat und ChatGPT konkurrieren, die bereits auf dem Markt etabliert sind. Bard soll in der Lage sein, detaillierte Fragen zu beantworten, kreative Antworten auf schwierige Anfragen zu geben und auch in Back-and-Forth-Unterhaltungen zu engagieren.<\/p>\n<p>Wenn Sie jedoch in einem Land leben, in dem Bard noch nicht verf\u00fcgbar ist, gibt es eine M\u00f6glichkeit, den Chatbot trotzdem zu nutzen: Sie k\u00f6nnen ein Virtual Private Network (VPN) verwenden. Mit einem VPN k\u00f6nnen Sie Ihre Online-Identit\u00e4t verschleiern, indem Sie Ihre IP-Adresse \u00e4ndern. Sie k\u00f6nnen sich mit einem Server in einem Land verbinden, in dem Bard verf\u00fcgbar ist, und den Chatbot von dort aus nutzen.<\/p>\n<div class=\"space-organization-content-button relative\" style=\"text-align: center;\"><a title=\"Jetzt CyberGhost 45 Tage kostenlos testen\" href=\"https:\/\/www.l-iz.de\/vpn\/zu\/cyberghost\/\" target=\"_blank\" rel=\"nofollow noopener\">Jetzt CyberGhost 45 Tage kostenlos testen<\/a><\/div>\n<p>&nbsp;<\/p>\n<h2>Hier sind die Schritte, die Sie befolgen sollten, um Bard mit einem VPN zu nutzen:<\/h2>\n<ol>\n<li>W\u00e4hlen Sie ein VPN aus: Es gibt viele VPN-Anbieter auf dem Markt, aber Sie sollten einen w\u00e4hlen, der zuverl\u00e4ssig und sicher ist. Eine der besten Optionen ist <a href=\"https:\/\/www.l-iz.de\/vpn\/zu\/cyberghost\/\">CyberGhost<\/a>.<\/li>\n<li>Laden Sie die VPN-Software herunter: Nachdem Sie sich f\u00fcr einen VPN-Anbieter entschieden haben, m\u00fcssen Sie die entsprechende Software herunterladen und auf Ihrem Ger\u00e4t installieren.<\/li>\n<li>Verbinden Sie sich mit einem Server in einem unterst\u00fctzten Land: Starten Sie die VPN-Software und w\u00e4hlen Sie einen Server in einem unterst\u00fctzten Land aus, in dem Bard verf\u00fcgbar ist. Wenn Sie zum Beispiel in Deutschland leben, k\u00f6nnen Sie sich mit einem Server in den USA oder Gro\u00dfbritannien verbinden.<\/li>\n<li>Gehen Sie auf die Bard-Website und melden Sie sich an: Sobald Sie mit dem VPN-Server verbunden sind, k\u00f6nnen Sie die Bard-Website besuchen und sich f\u00fcr den Dienst anmelden.<\/li>\n<li>Nutzen Sie Bard wie gewohnt: Nachdem Sie sich erfolgreich angemeldet haben, k\u00f6nnen Sie Bard wie gewohnt nutzen und Antworten auf Ihre Fragen erhalten.<\/li>\n<\/ol>\n<p>&nbsp;<\/p>\n<p>Insgesamt ist die Verwendung eines VPNs eine einfache M\u00f6glichkeit, um den neuen Chatbot Bard von Google zu nutzen, auch wenn er in Ihrem Land noch nicht verf\u00fcgbar ist.<\/p>\n<div class=\"space-organization-content-button relative\" style=\"text-align: center;\"><a title=\"Jetzt CyberGhost 45 Tage kostenlos testen\" href=\"https:\/\/www.l-iz.de\/vpn\/zu\/cyberghost\/\" target=\"_blank\" rel=\"nofollow noopener\">Jetzt CyberGhost 45 Tage kostenlos testen<\/a><\/div>\n<p>&nbsp;<\/p>\n<h2>Fazit<\/h2>\n<p>Bard ist ein innovativer Chatbot, der Google dabei helfen soll, im Wettbewerb mit anderen AI-Chatbots wie Bing Chat und ChatGPT zu bestehen. Derzeit ist Bard nur in den USA und im Vereinigten K\u00f6nigreich verf\u00fcgbar, aber mit einem VPN k\u00f6nnen Sie den Dienst auch au\u00dferhalb dieser L\u00e4nder nutzen. Es ist jedoch wichtig, ein zuverl\u00e4ssiges VPN auszuw\u00e4hlen und die Auswirkungen auf die Internetleistung zu ber\u00fccksichtigen.<\/p>\n","protected":false},"excerpt":{"rendered":"<p>Wie man den neuen Chatbot Bard mit einem VPN nutzt Google hat einen neuen Chatbot namens Bard entwickelt, der nun in den USA und Gro\u00dfbritannien verf\u00fcgbar ist. Mit dieser neuen Technologie will Google mit anderen Chatbots wie Bing Chat und ChatGPT konkurrieren, die bereits auf dem Markt etabliert sind. Bard soll in der Lage sein, [&hellip;]<\/p>\n","protected":false},"author":1,"featured_media":0,"parent":0,"menu_order":0,"comment_status":"closed","ping_status":"closed","template":"","meta":{"_lmt_disableupdate":"","_lmt_disable":"","footnotes":""},"tags":[],"class_list":["post-6677","page","type-page","status-publish","hentry"],"yoast_head":"<!-- This site is optimized with the Yoast SEO plugin v27.4 - https:\/\/yoast.com\/product\/yoast-seo-wordpress\/ -->\n<title>Chatbot Bard mit VPN benutzen - Leipziger Zeitung<\/title>\n<meta name=\"robots\" content=\"index, follow, max-snippet:-1, max-image-preview:large, max-video-preview:-1\" \/>\n<link rel=\"canonical\" href=\"https:\/\/www.l-iz.de\/vpn\/bard-mit-vpn-nutzen\/\" \/>\n<meta property=\"og:locale\" content=\"de_DE\" \/>\n<meta property=\"og:type\" content=\"article\" \/>\n<meta property=\"og:title\" content=\"Chatbot Bard mit VPN benutzen - Leipziger Zeitung\" \/>\n<meta property=\"og:description\" content=\"Wie man den neuen Chatbot Bard mit einem VPN nutzt Google hat einen neuen Chatbot namens Bard entwickelt, der nun in den USA und Gro\u00dfbritannien verf\u00fcgbar ist. Mit dieser neuen Technologie will Google mit anderen Chatbots wie Bing Chat und ChatGPT konkurrieren, die bereits auf dem Markt etabliert sind. Bard soll in der Lage sein, [&hellip;]\" \/>\n<meta property=\"og:url\" content=\"https:\/\/www.l-iz.de\/vpn\/bard-mit-vpn-nutzen\/\" \/>\n<meta property=\"og:site_name\" content=\"Leipziger Zeitung\" \/>\n<meta property=\"article:publisher\" content=\"https:\/\/www.facebook.com\/LeipzigerInternetZeitung\" \/>\n<meta property=\"article:modified_time\" content=\"2024-04-21T10:00:00+00:00\" \/>\n<meta name=\"twitter:card\" content=\"summary_large_image\" \/>\n<meta name=\"twitter:label1\" content=\"Gesch\u00e4tzte Lesezeit\" \/>\n\t<meta name=\"twitter:data1\" content=\"3\u00a0Minuten\" \/>\n<script type=\"application\/ld+json\" class=\"yoast-schema-graph\">{\"@context\":\"https:\\\/\\\/schema.org\",\"@graph\":[{\"@type\":\"WebPage\",\"@id\":\"https:\\\/\\\/soccerfield24.com\\\/bard-mit-vpn-nutzen\\\/\",\"url\":\"https:\\\/\\\/soccerfield24.com\\\/bard-mit-vpn-nutzen\\\/\",\"name\":\"Chatbot Bard mit VPN benutzen - Leipziger Zeitung\",\"isPartOf\":{\"@id\":\"https:\\\/\\\/soccerfield24.com\\\/#website\"},\"datePublished\":\"2023-05-11T17:16:46+00:00\",\"dateModified\":\"2024-04-21T10:00:00+00:00\",\"breadcrumb\":{\"@id\":\"https:\\\/\\\/soccerfield24.com\\\/bard-mit-vpn-nutzen\\\/#breadcrumb\"},\"inLanguage\":\"de\",\"potentialAction\":[{\"@type\":\"ReadAction\",\"target\":[\"https:\\\/\\\/soccerfield24.com\\\/bard-mit-vpn-nutzen\\\/\"]}]},{\"@type\":\"BreadcrumbList\",\"@id\":\"https:\\\/\\\/soccerfield24.com\\\/bard-mit-vpn-nutzen\\\/#breadcrumb\",\"itemListElement\":[{\"@type\":\"ListItem\",\"position\":1,\"name\":\"Startseite\",\"item\":\"https:\\\/\\\/soccerfield24.com\\\/\"},{\"@type\":\"ListItem\",\"position\":2,\"name\":\"Chatbot Bard mit VPN benutzen\"}]},{\"@type\":\"WebSite\",\"@id\":\"https:\\\/\\\/soccerfield24.com\\\/#website\",\"url\":\"https:\\\/\\\/soccerfield24.com\\\/\",\"name\":\"Leipziger Zeitung\",\"description\":\"VPN-Test: Die besten VPN-Anbieter im Vergleich [yyyy]\",\"publisher\":{\"@id\":\"https:\\\/\\\/soccerfield24.com\\\/#organization\"},\"potentialAction\":[{\"@type\":\"SearchAction\",\"target\":{\"@type\":\"EntryPoint\",\"urlTemplate\":\"https:\\\/\\\/soccerfield24.com\\\/?s={search_term_string}\"},\"query-input\":{\"@type\":\"PropertyValueSpecification\",\"valueRequired\":true,\"valueName\":\"search_term_string\"}}],\"inLanguage\":\"de\"},{\"@type\":\"Organization\",\"@id\":\"https:\\\/\\\/soccerfield24.com\\\/#organization\",\"name\":\"LZ Medien GmbH\",\"url\":\"https:\\\/\\\/soccerfield24.com\\\/\",\"logo\":{\"@type\":\"ImageObject\",\"inLanguage\":\"de\",\"@id\":\"https:\\\/\\\/soccerfield24.com\\\/#\\\/schema\\\/logo\\\/image\\\/\",\"url\":\"https:\\\/\\\/soccerfield24.com\\\/wp-content\\\/uploads\\\/2022\\\/09\\\/cropped-l-iz-logo.jpg\",\"contentUrl\":\"https:\\\/\\\/soccerfield24.com\\\/wp-content\\\/uploads\\\/2022\\\/09\\\/cropped-l-iz-logo.jpg\",\"width\":1280,\"height\":387,\"caption\":\"LZ Medien GmbH\"},\"image\":{\"@id\":\"https:\\\/\\\/soccerfield24.com\\\/#\\\/schema\\\/logo\\\/image\\\/\"},\"sameAs\":[\"https:\\\/\\\/www.facebook.com\\\/LeipzigerInternetZeitung\",\"https:\\\/\\\/www.youtube.com\\\/c\\\/L-izDe\"]}]}<\/script>\n<!-- \/ Yoast SEO plugin. -->","yoast_head_json":{"title":"Chatbot Bard mit VPN benutzen - Leipziger Zeitung","robots":{"index":"index","follow":"follow","max-snippet":"max-snippet:-1","max-image-preview":"max-image-preview:large","max-video-preview":"max-video-preview:-1"},"canonical":"https:\/\/www.l-iz.de\/vpn\/bard-mit-vpn-nutzen\/","og_locale":"de_DE","og_type":"article","og_title":"Chatbot Bard mit VPN benutzen - Leipziger Zeitung","og_description":"Wie man den neuen Chatbot Bard mit einem VPN nutzt Google hat einen neuen Chatbot namens Bard entwickelt, der nun in den USA und Gro\u00dfbritannien verf\u00fcgbar ist. Mit dieser neuen Technologie will Google mit anderen Chatbots wie Bing Chat und ChatGPT konkurrieren, die bereits auf dem Markt etabliert sind. Bard soll in der Lage sein, [&hellip;]","og_url":"https:\/\/www.l-iz.de\/vpn\/bard-mit-vpn-nutzen\/","og_site_name":"Leipziger Zeitung","article_publisher":"https:\/\/www.facebook.com\/LeipzigerInternetZeitung","article_modified_time":"2024-04-21T10:00:00+00:00","twitter_card":"summary_large_image","twitter_misc":{"Gesch\u00e4tzte Lesezeit":"3\u00a0Minuten"},"schema":{"@context":"https:\/\/schema.org","@graph":[{"@type":"WebPage","@id":"https:\/\/www.l-iz.de\/vpn\/bard-mit-vpn-nutzen\/","url":"https:\/\/www.l-iz.de\/vpn\/bard-mit-vpn-nutzen\/","name":"Chatbot Bard mit VPN benutzen - Leipziger Zeitung","isPartOf":{"@id":"https:\/\/www.l-iz.de\/vpn\/#website"},"datePublished":"2023-05-11T17:16:46+00:00","dateModified":"2024-04-21T10:00:00+00:00","breadcrumb":{"@id":"https:\/\/www.l-iz.de\/vpn\/bard-mit-vpn-nutzen\/#breadcrumb"},"inLanguage":"de","potentialAction":[{"@type":"ReadAction","target":["https:\/\/www.l-iz.de\/vpn\/bard-mit-vpn-nutzen\/"]}]},{"@type":"BreadcrumbList","@id":"https:\/\/www.l-iz.de\/vpn\/bard-mit-vpn-nutzen\/#breadcrumb","itemListElement":[{"@type":"ListItem","position":1,"name":"Startseite","item":"https:\/\/www.l-iz.de\/vpn\/"},{"@type":"ListItem","position":2,"name":"Chatbot Bard mit VPN benutzen"}]},{"@type":"WebSite","@id":"https:\/\/www.l-iz.de\/vpn\/#website","url":"https:\/\/www.l-iz.de\/vpn\/","name":"Leipziger Zeitung","description":"VPN-Test: Die besten VPN-Anbieter im Vergleich [yyyy]","publisher":{"@id":"https:\/\/www.l-iz.de\/vpn\/#organization"},"potentialAction":[{"@type":"SearchAction","target":{"@type":"EntryPoint","urlTemplate":"https:\/\/www.l-iz.de\/vpn\/?s={search_term_string}"},"query-input":{"@type":"PropertyValueSpecification","valueRequired":true,"valueName":"search_term_string"}}],"inLanguage":"de"},{"@type":"Organization","@id":"https:\/\/www.l-iz.de\/vpn\/#organization","name":"LZ Medien GmbH","url":"https:\/\/www.l-iz.de\/vpn\/","logo":{"@type":"ImageObject","inLanguage":"de","@id":"https:\/\/www.l-iz.de\/vpn\/#\/schema\/logo\/image\/","url":"https:\/\/www.l-iz.de\/vpn\/wp-content\/uploads\/2022\/09\/cropped-l-iz-logo.jpg","contentUrl":"https:\/\/www.l-iz.de\/vpn\/wp-content\/uploads\/2022\/09\/cropped-l-iz-logo.jpg","width":1280,"height":387,"caption":"LZ Medien GmbH"},"image":{"@id":"https:\/\/www.l-iz.de\/vpn\/#\/schema\/logo\/image\/"},"sameAs":["https:\/\/www.facebook.com\/LeipzigerInternetZeitung","https:\/\/www.youtube.com\/c\/L-izDe"]}]}},"_links":{"self":[{"href":"https:\/\/www.l-iz.de\/vpn\/wp-json\/wp\/v2\/pages\/6677","targetHints":{"allow":["GET"]}}],"collection":[{"href":"https:\/\/www.l-iz.de\/vpn\/wp-json\/wp\/v2\/pages"}],"about":[{"href":"https:\/\/www.l-iz.de\/vpn\/wp-json\/wp\/v2\/types\/page"}],"author":[{"embeddable":true,"href":"https:\/\/www.l-iz.de\/vpn\/wp-json\/wp\/v2\/users\/1"}],"replies":[{"embeddable":true,"href":"https:\/\/www.l-iz.de\/vpn\/wp-json\/wp\/v2\/comments?post=6677"}],"version-history":[{"count":1,"href":"https:\/\/www.l-iz.de\/vpn\/wp-json\/wp\/v2\/pages\/6677\/revisions"}],"predecessor-version":[{"id":6678,"href":"https:\/\/www.l-iz.de\/vpn\/wp-json\/wp\/v2\/pages\/6677\/revisions\/6678"}],"wp:attachment":[{"href":"https:\/\/www.l-iz.de\/vpn\/wp-json\/wp\/v2\/media?parent=6677"}],"wp:term":[{"taxonomy":"post_tag","embeddable":true,"href":"https:\/\/www.l-iz.de\/vpn\/wp-json\/wp\/v2\/tags?post=6677"}],"curies":[{"name":"wp","href":"https:\/\/api.w.org\/{rel}","templated":true}]}}