{"id":7375,"date":"2023-09-05T00:00:00","date_gmt":"2023-09-04T22:00:00","guid":{"rendered":"https:\/\/www.l-iz.de\/vpn\/salvadorianische-ip-adresse-erhalten\/"},"modified":"2024-04-21T12:00:00","modified_gmt":"2024-04-21T10:00:00","slug":"salvadorianische-ip-adresse-erhalten","status":"publish","type":"page","link":"https:\/\/www.l-iz.de\/vpn\/salvadorianische-ip-adresse-erhalten\/","title":{"rendered":"Salvadorianische IP-Adresse vort\u00e4uschen 2026 &#8211; Mit Virtual Private Network nach El Salvador"},"content":{"rendered":"<p>Um eine salvadorianische IP-Adresse vorzut\u00e4uschen, m\u00fcssen Sie ein VPN (Virtual Private Network) verwenden. Dies bedeutet, dass Sie eine Virtual Private Network-Verbindung auf Ihrem Computer oder Mobilger\u00e4t herstellen, um eine IP-Adresse aus einem anderen Land zu bekommen. Sie k\u00f6nnen dann auf Websites und Dienste zugreifen, als w\u00fcrden Sie in einem anderen Land sein. Es gibt viele VPN-Anbieter, die Ihnen eine salvadorianische IP-Adresse zur Verf\u00fcgung stellen k\u00f6nnen. Stellen Sie sicher, dass Sie ein zuverl\u00e4ssiges VPN ausw\u00e4hlen, das eine sichere Verschl\u00fcsselung bietet.<\/p>\n<div class=\"de1\">[aces-casinos-4 items_number=&#8220;10&#8243; external_link=&#8220;1&#8243; category=&#8220;51&#8243; items_id=&#8220;&#8220; game_id=&#8220;&#8220; show_title=&#8220;1&#8243; order=&#8220;DESC&#8220; orderby=&#8220;rating&#8220; title=&#8220;&#8220;<\/div>\n<p>Ein VPN verbirgt Ihre echte IP-Adresse und erm\u00f6glicht Ihnen, das Internet mit einer IP-Adresse aus einem anderen Land zu surfen. Wenn Sie also eine salvadorianische IP-Adresse vort\u00e4uschen m\u00f6chten, m\u00fcssen Sie sich einfach bei einem VPN-Anbieter anmelden und ein salvadorianisches VPN ausw\u00e4hlen. Sie k\u00f6nnen sich auch f\u00fcr ein kostenloses VPN entscheiden, wenn Sie nicht viel Geld ausgeben m\u00f6chten.<\/p>\n<p>Es gibt verschiedene M\u00f6glichkeiten, eine salvadorianische IP-Adresse vorzut\u00e4uschen. Eine M\u00f6glichkeit ist die Verwendung eines Virtual Private Network (VPN). Mit einem VPN k\u00f6nnen Benutzer ihre IP-Adresse \u00e4ndern und den Standort erscheinen lassen, als ob sie an einem anderen Ort sind. Ein anderer Weg, um eine salvadorianische IP-Adresse vorzut\u00e4uschen, besteht darin, einen Proxyserver zu verwenden. Dieser Proxyserver kann als Mittelsmann zwischen dem Web-Browser des Benutzers und der Website dienen, die er besucht. Dadurch kann der Benutzer eine salvadorianische IP-Adresse vort\u00e4uschen. Eine weitere M\u00f6glichkeit ist die Verwendung eines Smart DNS-Dienstes. Dieser Dienst \u00e4ndert die DNS-Einstellungen des Benutzers, so dass es erscheint, als ob er in El Salvador ist.<\/p>\n","protected":false},"excerpt":{"rendered":"<p>Um eine salvadorianische IP-Adresse vorzut\u00e4uschen, m\u00fcssen Sie ein VPN (Virtual Private Network) verwenden. Dies bedeutet, dass Sie eine Virtual Private Network-Verbindung auf Ihrem Computer oder Mobilger\u00e4t herstellen, um eine IP-Adresse aus einem anderen Land zu bekommen. Sie k\u00f6nnen dann auf Websites und Dienste zugreifen, als w\u00fcrden Sie in einem anderen Land sein. Es gibt viele [&hellip;]<\/p>\n","protected":false},"author":1,"featured_media":0,"parent":0,"menu_order":0,"comment_status":"open","ping_status":"closed","template":"","meta":{"_lmt_disableupdate":"","_lmt_disable":"","footnotes":""},"tags":[],"class_list":["post-7375","page","type-page","status-publish","hentry"],"yoast_head":"<!-- This site is optimized with the Yoast SEO plugin v27.4 - https:\/\/yoast.com\/product\/yoast-seo-wordpress\/ -->\n<title>Salvadorianische IP-Adresse vort\u00e4uschen 2026 - Mit Virtual Private Network nach El Salvador - Leipziger Zeitung<\/title>\n<meta name=\"robots\" content=\"index, follow, max-snippet:-1, max-image-preview:large, max-video-preview:-1\" \/>\n<link rel=\"canonical\" href=\"https:\/\/www.l-iz.de\/vpn\/salvadorianische-ip-adresse-erhalten\/\" \/>\n<meta property=\"og:locale\" content=\"de_DE\" \/>\n<meta property=\"og:type\" content=\"article\" \/>\n<meta property=\"og:title\" content=\"Salvadorianische IP-Adresse vort\u00e4uschen [yyyy] - Mit Virtual Private Network nach El Salvador - Leipziger Zeitung\" \/>\n<meta property=\"og:description\" content=\"Um eine salvadorianische IP-Adresse vorzut\u00e4uschen, m\u00fcssen Sie ein VPN (Virtual Private Network) verwenden. Dies bedeutet, dass Sie eine Virtual Private Network-Verbindung auf Ihrem Computer oder Mobilger\u00e4t herstellen, um eine IP-Adresse aus einem anderen Land zu bekommen. Sie k\u00f6nnen dann auf Websites und Dienste zugreifen, als w\u00fcrden Sie in einem anderen Land sein. Es gibt viele [&hellip;]\" \/>\n<meta property=\"og:url\" content=\"https:\/\/www.l-iz.de\/vpn\/salvadorianische-ip-adresse-erhalten\/\" \/>\n<meta property=\"og:site_name\" content=\"Leipziger Zeitung\" \/>\n<meta property=\"article:publisher\" content=\"https:\/\/www.facebook.com\/LeipzigerInternetZeitung\" \/>\n<meta property=\"article:modified_time\" content=\"2024-04-21T10:00:00+00:00\" \/>\n<meta name=\"twitter:card\" content=\"summary_large_image\" \/>\n<meta name=\"twitter:label1\" content=\"Gesch\u00e4tzte Lesezeit\" \/>\n\t<meta name=\"twitter:data1\" content=\"5\u00a0Minuten\" \/>\n<script type=\"application\/ld+json\" class=\"yoast-schema-graph\">{\"@context\":\"https:\\\/\\\/schema.org\",\"@graph\":[{\"@type\":\"WebPage\",\"@id\":\"https:\\\/\\\/soccerfield24.com\\\/salvadorianische-ip-adresse-erhalten\\\/\",\"url\":\"https:\\\/\\\/soccerfield24.com\\\/salvadorianische-ip-adresse-erhalten\\\/\",\"name\":\"Salvadorianische IP-Adresse vort\u00e4uschen [yyyy] - Mit Virtual Private Network nach El Salvador - Leipziger Zeitung\",\"isPartOf\":{\"@id\":\"https:\\\/\\\/soccerfield24.com\\\/#website\"},\"datePublished\":\"2023-09-04T22:00:00+00:00\",\"dateModified\":\"2024-04-21T10:00:00+00:00\",\"breadcrumb\":{\"@id\":\"https:\\\/\\\/soccerfield24.com\\\/salvadorianische-ip-adresse-erhalten\\\/#breadcrumb\"},\"inLanguage\":\"de\",\"potentialAction\":[{\"@type\":\"ReadAction\",\"target\":[\"https:\\\/\\\/soccerfield24.com\\\/salvadorianische-ip-adresse-erhalten\\\/\"]}]},{\"@type\":\"BreadcrumbList\",\"@id\":\"https:\\\/\\\/soccerfield24.com\\\/salvadorianische-ip-adresse-erhalten\\\/#breadcrumb\",\"itemListElement\":[{\"@type\":\"ListItem\",\"position\":1,\"name\":\"Startseite\",\"item\":\"https:\\\/\\\/soccerfield24.com\\\/\"},{\"@type\":\"ListItem\",\"position\":2,\"name\":\"Salvadorianische IP-Adresse vort\u00e4uschen 2024 &#8211; Mit Virtual Private Network nach El Salvador\"}]},{\"@type\":\"WebSite\",\"@id\":\"https:\\\/\\\/soccerfield24.com\\\/#website\",\"url\":\"https:\\\/\\\/soccerfield24.com\\\/\",\"name\":\"Leipziger Zeitung\",\"description\":\"VPN-Test: Die besten VPN-Anbieter im Vergleich [yyyy]\",\"publisher\":{\"@id\":\"https:\\\/\\\/soccerfield24.com\\\/#organization\"},\"potentialAction\":[{\"@type\":\"SearchAction\",\"target\":{\"@type\":\"EntryPoint\",\"urlTemplate\":\"https:\\\/\\\/soccerfield24.com\\\/?s={search_term_string}\"},\"query-input\":{\"@type\":\"PropertyValueSpecification\",\"valueRequired\":true,\"valueName\":\"search_term_string\"}}],\"inLanguage\":\"de\"},{\"@type\":\"Organization\",\"@id\":\"https:\\\/\\\/soccerfield24.com\\\/#organization\",\"name\":\"LZ Medien GmbH\",\"url\":\"https:\\\/\\\/soccerfield24.com\\\/\",\"logo\":{\"@type\":\"ImageObject\",\"inLanguage\":\"de\",\"@id\":\"https:\\\/\\\/soccerfield24.com\\\/#\\\/schema\\\/logo\\\/image\\\/\",\"url\":\"https:\\\/\\\/soccerfield24.com\\\/wp-content\\\/uploads\\\/2022\\\/09\\\/cropped-l-iz-logo.jpg\",\"contentUrl\":\"https:\\\/\\\/soccerfield24.com\\\/wp-content\\\/uploads\\\/2022\\\/09\\\/cropped-l-iz-logo.jpg\",\"width\":1280,\"height\":387,\"caption\":\"LZ Medien GmbH\"},\"image\":{\"@id\":\"https:\\\/\\\/soccerfield24.com\\\/#\\\/schema\\\/logo\\\/image\\\/\"},\"sameAs\":[\"https:\\\/\\\/www.facebook.com\\\/LeipzigerInternetZeitung\",\"https:\\\/\\\/www.youtube.com\\\/c\\\/L-izDe\"]}]}<\/script>\n<!-- \/ Yoast SEO plugin. -->","yoast_head_json":{"title":"Salvadorianische IP-Adresse vort\u00e4uschen 2026 - Mit Virtual Private Network nach El Salvador - Leipziger Zeitung","robots":{"index":"index","follow":"follow","max-snippet":"max-snippet:-1","max-image-preview":"max-image-preview:large","max-video-preview":"max-video-preview:-1"},"canonical":"https:\/\/www.l-iz.de\/vpn\/salvadorianische-ip-adresse-erhalten\/","og_locale":"de_DE","og_type":"article","og_title":"Salvadorianische IP-Adresse vort\u00e4uschen [yyyy] - Mit Virtual Private Network nach El Salvador - Leipziger Zeitung","og_description":"Um eine salvadorianische IP-Adresse vorzut\u00e4uschen, m\u00fcssen Sie ein VPN (Virtual Private Network) verwenden. Dies bedeutet, dass Sie eine Virtual Private Network-Verbindung auf Ihrem Computer oder Mobilger\u00e4t herstellen, um eine IP-Adresse aus einem anderen Land zu bekommen. Sie k\u00f6nnen dann auf Websites und Dienste zugreifen, als w\u00fcrden Sie in einem anderen Land sein. Es gibt viele [&hellip;]","og_url":"https:\/\/www.l-iz.de\/vpn\/salvadorianische-ip-adresse-erhalten\/","og_site_name":"Leipziger Zeitung","article_publisher":"https:\/\/www.facebook.com\/LeipzigerInternetZeitung","article_modified_time":"2024-04-21T10:00:00+00:00","twitter_card":"summary_large_image","twitter_misc":{"Gesch\u00e4tzte Lesezeit":"5\u00a0Minuten"},"schema":{"@context":"https:\/\/schema.org","@graph":[{"@type":"WebPage","@id":"https:\/\/www.l-iz.de\/vpn\/salvadorianische-ip-adresse-erhalten\/","url":"https:\/\/www.l-iz.de\/vpn\/salvadorianische-ip-adresse-erhalten\/","name":"Salvadorianische IP-Adresse vort\u00e4uschen [yyyy] - Mit Virtual Private Network nach El Salvador - Leipziger Zeitung","isPartOf":{"@id":"https:\/\/www.l-iz.de\/vpn\/#website"},"datePublished":"2023-09-04T22:00:00+00:00","dateModified":"2024-04-21T10:00:00+00:00","breadcrumb":{"@id":"https:\/\/www.l-iz.de\/vpn\/salvadorianische-ip-adresse-erhalten\/#breadcrumb"},"inLanguage":"de","potentialAction":[{"@type":"ReadAction","target":["https:\/\/www.l-iz.de\/vpn\/salvadorianische-ip-adresse-erhalten\/"]}]},{"@type":"BreadcrumbList","@id":"https:\/\/www.l-iz.de\/vpn\/salvadorianische-ip-adresse-erhalten\/#breadcrumb","itemListElement":[{"@type":"ListItem","position":1,"name":"Startseite","item":"https:\/\/www.l-iz.de\/vpn\/"},{"@type":"ListItem","position":2,"name":"Salvadorianische IP-Adresse vort\u00e4uschen 2024 &#8211; Mit Virtual Private Network nach El Salvador"}]},{"@type":"WebSite","@id":"https:\/\/www.l-iz.de\/vpn\/#website","url":"https:\/\/www.l-iz.de\/vpn\/","name":"Leipziger Zeitung","description":"VPN-Test: Die besten VPN-Anbieter im Vergleich [yyyy]","publisher":{"@id":"https:\/\/www.l-iz.de\/vpn\/#organization"},"potentialAction":[{"@type":"SearchAction","target":{"@type":"EntryPoint","urlTemplate":"https:\/\/www.l-iz.de\/vpn\/?s={search_term_string}"},"query-input":{"@type":"PropertyValueSpecification","valueRequired":true,"valueName":"search_term_string"}}],"inLanguage":"de"},{"@type":"Organization","@id":"https:\/\/www.l-iz.de\/vpn\/#organization","name":"LZ Medien GmbH","url":"https:\/\/www.l-iz.de\/vpn\/","logo":{"@type":"ImageObject","inLanguage":"de","@id":"https:\/\/www.l-iz.de\/vpn\/#\/schema\/logo\/image\/","url":"https:\/\/www.l-iz.de\/vpn\/wp-content\/uploads\/2022\/09\/cropped-l-iz-logo.jpg","contentUrl":"https:\/\/www.l-iz.de\/vpn\/wp-content\/uploads\/2022\/09\/cropped-l-iz-logo.jpg","width":1280,"height":387,"caption":"LZ Medien GmbH"},"image":{"@id":"https:\/\/www.l-iz.de\/vpn\/#\/schema\/logo\/image\/"},"sameAs":["https:\/\/www.facebook.com\/LeipzigerInternetZeitung","https:\/\/www.youtube.com\/c\/L-izDe"]}]}},"_links":{"self":[{"href":"https:\/\/www.l-iz.de\/vpn\/wp-json\/wp\/v2\/pages\/7375","targetHints":{"allow":["GET"]}}],"collection":[{"href":"https:\/\/www.l-iz.de\/vpn\/wp-json\/wp\/v2\/pages"}],"about":[{"href":"https:\/\/www.l-iz.de\/vpn\/wp-json\/wp\/v2\/types\/page"}],"author":[{"embeddable":true,"href":"https:\/\/www.l-iz.de\/vpn\/wp-json\/wp\/v2\/users\/1"}],"replies":[{"embeddable":true,"href":"https:\/\/www.l-iz.de\/vpn\/wp-json\/wp\/v2\/comments?post=7375"}],"version-history":[{"count":2,"href":"https:\/\/www.l-iz.de\/vpn\/wp-json\/wp\/v2\/pages\/7375\/revisions"}],"predecessor-version":[{"id":8499,"href":"https:\/\/www.l-iz.de\/vpn\/wp-json\/wp\/v2\/pages\/7375\/revisions\/8499"}],"wp:attachment":[{"href":"https:\/\/www.l-iz.de\/vpn\/wp-json\/wp\/v2\/media?parent=7375"}],"wp:term":[{"taxonomy":"post_tag","embeddable":true,"href":"https:\/\/www.l-iz.de\/vpn\/wp-json\/wp\/v2\/tags?post=7375"}],"curies":[{"name":"wp","href":"https:\/\/api.w.org\/{rel}","templated":true}]}}