{"id":7393,"date":"2023-09-05T00:00:00","date_gmt":"2023-09-04T22:00:00","guid":{"rendered":"https:\/\/www.l-iz.de\/vpn\/guineische-ip-adresse-erhalten\/"},"modified":"2024-04-21T12:00:00","modified_gmt":"2024-04-21T10:00:00","slug":"guineische-ip-adresse-erhalten","status":"publish","type":"page","link":"https:\/\/www.l-iz.de\/vpn\/guineische-ip-adresse-erhalten\/","title":{"rendered":"Guineische IP-Adresse vort\u00e4uschen 2026 &#8211; Mit Virtual Private Network nach Guinea"},"content":{"rendered":"<p>Um eine guineische IP-Adresse vorzut\u00e4uschen, m\u00fcssen Sie ein Virtual Private Network (VPN) verwenden. Ein VPN erm\u00f6glicht es Ihnen, eine IP-Adresse an einem anderen Ort zu simulieren, indem es Ihren Datenverkehr durch seine Server leitet. Wenn Sie eine guineische IP-Adresse vort\u00e4uschen m\u00f6chten, m\u00fcssen Sie ein VPN w\u00e4hlen, das Server in Guinea hat. Einige gute Optionen sind NordVPN, IPVanish und ExpressVPN. Sobald Sie ein VPN ausgew\u00e4hlt haben, m\u00fcssen Sie es herunterladen und installieren, bevor Sie es verwenden k\u00f6nnen. Nachdem das VPN installiert ist, k\u00f6nnen Sie sich mit einem Server in Guinea verbinden und Ihre IP-Adresse wird dann als guineisch erscheinen, wenn Sie eine Website besuchen oder eine Anfrage senden.<\/p>\n<p>Um eine Guineische IP-Adresse vorzut\u00e4uschen, m\u00fcssen Sie einen VPN- oder Proxy-Dienst verwenden. Diese Dienste erm\u00f6glichen es Ihnen, Ihre IP-Adresse zu verschleiern und sich so als Benutzer aus Guinee auszugeben. Mit der richtigen Software k\u00f6nnen Sie eine Guineische IP-Adresse vort\u00e4uschen und sich so Zugriff auf Webinhalte und Dienste aus Guinee verschaffen.<\/p>\n<p>Um eine guineische IP-Adresse vorzut\u00e4uschen, m\u00fcssen Sie ein VPN verwenden, das einen Server in Guinea hat. Ein VPN l\u00e4sst Sie Ihre IP-Adresse verschleiern und durch eine ausl\u00e4ndische IP ersetzen, die von dem VPN-Server stammt. Nachdem Sie sich bei Ihrem VPN-Anbieter angemeldet haben, k\u00f6nnen Sie sich mit dem Server in Guinea verbinden und Ihre IP-Adresse in Guinea vort\u00e4uschen.<\/p>\n<p>Um eine guineische IP-Adresse vorzut\u00e4uschen, k\u00f6nnen Sie ein VPN (Virtual Private Network) oder einen Proxy-Server verwenden. Beide Methoden erm\u00f6glichen es Ihnen, Ihre IP-Adresse zu verschleiern und Ihren Standort zu \u00e4ndern, sodass Websites erkennen, dass Sie sich in Guinea befinden. Ein VPN verbindet Sie mit einem sicheren Server, der Ihre IP-Adresse verschleiert und Ihren Verkehr verschl\u00fcsselt, w\u00e4hrend ein Proxy-Server Ihren Verkehr \u00fcber einen anderen Server weiterleitet, sodass Sie eine andere IP-Adresse haben. Beide Methoden sind sicher, aber es kann einige Zeit dauern, bis Sie ein VPN oder einen Proxy-Server eingerichtet haben.<\/p>\n<p>Um eine Guineische IP-Adresse vorzut\u00e4uschen, m\u00fcssen Sie einen VPN-Dienst verwenden, der zuverl\u00e4ssige IP-Adressen in Guinea anbietet. Ein solcher Dienst erm\u00f6glicht es Ihnen, eine beliebige IP-Adresse aus dem Land auszuw\u00e4hlen und Ihre eigene zu maskieren. Der Dienst leitet Ihren Verkehr dann \u00fcber einen sicheren Tunnel an das Land weiter, wodurch es erscheint, als ob Sie dort sind. Alternativ k\u00f6nnen Sie auch einen Proxyserver verwenden, um eine Guineische IP-Adresse vorzut\u00e4uschen.<\/p>\n<p>Um eine Guineische IP-Adresse vorzut\u00e4uschen, kann man ein virtuelles privates Netzwerk (VPN) verwenden. Dies erm\u00f6glicht es, Ihre Daten \u00fcber einen anderen Standort zu senden und empfangen, als Ihren tats\u00e4chlichen Standort. Dadurch wird Ihre IP-Adresse zu der des VPN-Servers und es sieht so aus, als bef\u00e4nden Sie sich an dem Ort, an dem der Server ist. So k\u00f6nnen Sie die Einschr\u00e4nkungen, die Ihnen Ihr Internetanbieter oder Ihr Land auferlegt, umgehen.<\/p>\n<p>Es gibt verschiedene M\u00f6glichkeiten, eine Guineische IP-Adresse vorzut\u00e4uschen. Eine M\u00f6glichkeit ist, eine virtuelle private Netzwerkverbindung (VPN) zu verwenden. Diese erm\u00f6glicht es dem Benutzer, eine Internetverbindung \u00fcber ein anderes Land herzustellen und somit die entsprechende IP-Adresse anzunehmen. Eine andere M\u00f6glichkeit ist, einen Proxy-Server zu verwenden. Dieser erm\u00f6glicht es dem Benutzer, eine IP-Adresse eines anderen Landes anzunehmen, indem die Verbindung \u00fcber einen Server im jeweiligen Land l\u00e4uft. Eine weitere M\u00f6glichkeit besteht darin, das Tor-Netzwerk zu verwenden. Dies ist ein P2P-Netzwerk, das es dem Benutzer erm\u00f6glicht, seine Daten \u00fcber verschiedene Knoten auf der ganzen Welt zu senden, wodurch die urspr\u00fcnglic<\/p>\n<p>Um eine guineische IP-Adresse vorzut\u00e4uschen, m\u00fcssen Sie ein virtuelles privates Netzwerk (VPN) verwenden. Ein VPN erm\u00f6glicht es Ihnen, Ihre IP-Adresse zu \u00e4ndern, indem es Ihren Internetverkehr durch eine verschl\u00fcsselte Tunnelverbindung zu einem Server an einem anderen Ort umleitet. Somit wird Ihre reale IP-Adresse durch die IP-Adresse des VPN-Servers ersetzt, der in Guinea oder einem anderen Land Ihrer Wahl liegt. Wenn Sie ein VPN mit einem guineischen Server verwenden, wird Ihr Internetverkehr und Ihre IP-Adresse als stammen aus Guinea angezeigt.<\/p>\n<p>Sie k\u00f6nnen eine guineische IP-Adresse vort\u00e4uschen, indem Sie ein VPN (Virtual Private Network) oder einen Proxy-Server verwenden. Mit einem VPN k\u00f6nnen Sie eine virtuelle Verbindung zu einem Server herstellen, der sich in Guinee befindet. Dadurch wird Ihre IP-Adresse so aussehen, als bef\u00e4nde sie sich tats\u00e4chlich in Guinee. Mit einem Proxy-Server k\u00f6nnen Sie ebenfalls Ihre IP-Adresse vort\u00e4uschen, indem Sie Ihren Verkehr durch den Proxy-Server leiten. Der Server wird dann Ihre IP-Adresse so \u00e4ndern, dass es so aussieht, als w\u00e4re sie in Guinee.<\/p>\n<p>Es gibt keine M\u00f6glichkeit, eine Guineische IP-Adresse zu t\u00e4uschen. Eine IP-Adresse ist ein einzigartiger Identifikator, der Ihrem Computer zugewiesen wird, wenn Sie sich mit dem Internet verbinden. Da es sich um eine einzigartige Nummer handelt, ist es unm\u00f6glich, diese Nummer zu t\u00e4uschen.<\/p>\n<p>Um eine guineische IP-Adresse vorzut\u00e4uschen, kann man ein virtuelles privates Netzwerk (VPN) verwenden, um eine Verbindung zu einem Server in Guinea herzustellen. Dadurch erh\u00e4lt man ein guineisches IP-Adressenpaar, mit dem man im Internet surfen kann, als ob man tats\u00e4chlich in Guinea w\u00e4re. Es gibt verschiedene VPN-Anbieter, die solche Dienste anbieten, aber man sollte vorsichtig sein und einen sicheren Service w\u00e4hlen, da man sonst m\u00f6glicherweise seine Daten preisgibt.<\/p>\n","protected":false},"excerpt":{"rendered":"<p>Um eine guineische IP-Adresse vorzut\u00e4uschen, m\u00fcssen Sie ein Virtual Private Network (VPN) verwenden. Ein VPN erm\u00f6glicht es Ihnen, eine IP-Adresse an einem anderen Ort zu simulieren, indem es Ihren Datenverkehr durch seine Server leitet. Wenn Sie eine guineische IP-Adresse vort\u00e4uschen m\u00f6chten, m\u00fcssen Sie ein VPN w\u00e4hlen, das Server in Guinea hat. Einige gute Optionen sind [&hellip;]<\/p>\n","protected":false},"author":1,"featured_media":0,"parent":0,"menu_order":0,"comment_status":"open","ping_status":"closed","template":"","meta":{"_lmt_disableupdate":"","_lmt_disable":"","footnotes":""},"tags":[],"class_list":["post-7393","page","type-page","status-publish","hentry"],"yoast_head":"<!-- This site is optimized with the Yoast SEO plugin v27.2 - https:\/\/yoast.com\/product\/yoast-seo-wordpress\/ -->\n<title>Guineische IP-Adresse vort\u00e4uschen 2026 - Mit Virtual Private Network nach Guinea - Leipziger Zeitung<\/title>\n<meta name=\"robots\" content=\"index, follow, max-snippet:-1, max-image-preview:large, max-video-preview:-1\" \/>\n<link rel=\"canonical\" href=\"https:\/\/www.l-iz.de\/vpn\/guineische-ip-adresse-erhalten\/\" \/>\n<meta property=\"og:locale\" content=\"de_DE\" \/>\n<meta property=\"og:type\" content=\"article\" \/>\n<meta property=\"og:title\" content=\"Guineische IP-Adresse vort\u00e4uschen [yyyy] - Mit Virtual Private Network nach Guinea - Leipziger Zeitung\" \/>\n<meta property=\"og:description\" content=\"Um eine guineische IP-Adresse vorzut\u00e4uschen, m\u00fcssen Sie ein Virtual Private Network (VPN) verwenden. Ein VPN erm\u00f6glicht es Ihnen, eine IP-Adresse an einem anderen Ort zu simulieren, indem es Ihren Datenverkehr durch seine Server leitet. Wenn Sie eine guineische IP-Adresse vort\u00e4uschen m\u00f6chten, m\u00fcssen Sie ein VPN w\u00e4hlen, das Server in Guinea hat. Einige gute Optionen sind [&hellip;]\" \/>\n<meta property=\"og:url\" content=\"https:\/\/www.l-iz.de\/vpn\/guineische-ip-adresse-erhalten\/\" \/>\n<meta property=\"og:site_name\" content=\"Leipziger Zeitung\" \/>\n<meta property=\"article:publisher\" content=\"https:\/\/www.facebook.com\/LeipzigerInternetZeitung\" \/>\n<meta property=\"article:modified_time\" content=\"2024-04-21T10:00:00+00:00\" \/>\n<meta name=\"twitter:card\" content=\"summary_large_image\" \/>\n<meta name=\"twitter:label1\" content=\"Gesch\u00e4tzte Lesezeit\" \/>\n\t<meta name=\"twitter:data1\" content=\"4\u00a0Minuten\" \/>\n<script type=\"application\/ld+json\" class=\"yoast-schema-graph\">{\"@context\":\"https:\/\/schema.org\",\"@graph\":[{\"@type\":\"WebPage\",\"@id\":\"https:\/\/www.l-iz.de\/vpn\/guineische-ip-adresse-erhalten\/\",\"url\":\"https:\/\/www.l-iz.de\/vpn\/guineische-ip-adresse-erhalten\/\",\"name\":\"Guineische IP-Adresse vort\u00e4uschen [yyyy] - Mit Virtual Private Network nach Guinea - Leipziger Zeitung\",\"isPartOf\":{\"@id\":\"https:\/\/www.l-iz.de\/vpn\/#website\"},\"datePublished\":\"2023-09-04T22:00:00+00:00\",\"dateModified\":\"2024-04-21T10:00:00+00:00\",\"breadcrumb\":{\"@id\":\"https:\/\/www.l-iz.de\/vpn\/guineische-ip-adresse-erhalten\/#breadcrumb\"},\"inLanguage\":\"de\",\"potentialAction\":[{\"@type\":\"ReadAction\",\"target\":[\"https:\/\/www.l-iz.de\/vpn\/guineische-ip-adresse-erhalten\/\"]}]},{\"@type\":\"BreadcrumbList\",\"@id\":\"https:\/\/www.l-iz.de\/vpn\/guineische-ip-adresse-erhalten\/#breadcrumb\",\"itemListElement\":[{\"@type\":\"ListItem\",\"position\":1,\"name\":\"Startseite\",\"item\":\"https:\/\/www.l-iz.de\/vpn\/\"},{\"@type\":\"ListItem\",\"position\":2,\"name\":\"Guineische IP-Adresse vort\u00e4uschen 2024 &#8211; Mit Virtual Private Network nach Guinea\"}]},{\"@type\":\"WebSite\",\"@id\":\"https:\/\/www.l-iz.de\/vpn\/#website\",\"url\":\"https:\/\/www.l-iz.de\/vpn\/\",\"name\":\"Leipziger Zeitung\",\"description\":\"VPN-Test: Die besten VPN-Anbieter im Vergleich [yyyy]\",\"publisher\":{\"@id\":\"https:\/\/www.l-iz.de\/vpn\/#organization\"},\"potentialAction\":[{\"@type\":\"SearchAction\",\"target\":{\"@type\":\"EntryPoint\",\"urlTemplate\":\"https:\/\/www.l-iz.de\/vpn\/?s={search_term_string}\"},\"query-input\":{\"@type\":\"PropertyValueSpecification\",\"valueRequired\":true,\"valueName\":\"search_term_string\"}}],\"inLanguage\":\"de\"},{\"@type\":\"Organization\",\"@id\":\"https:\/\/www.l-iz.de\/vpn\/#organization\",\"name\":\"LZ Medien GmbH\",\"url\":\"https:\/\/www.l-iz.de\/vpn\/\",\"logo\":{\"@type\":\"ImageObject\",\"inLanguage\":\"de\",\"@id\":\"https:\/\/www.l-iz.de\/vpn\/#\/schema\/logo\/image\/\",\"url\":\"https:\/\/www.l-iz.de\/vpn\/wp-content\/uploads\/2022\/09\/cropped-l-iz-logo.jpg\",\"contentUrl\":\"https:\/\/www.l-iz.de\/vpn\/wp-content\/uploads\/2022\/09\/cropped-l-iz-logo.jpg\",\"width\":1280,\"height\":387,\"caption\":\"LZ Medien GmbH\"},\"image\":{\"@id\":\"https:\/\/www.l-iz.de\/vpn\/#\/schema\/logo\/image\/\"},\"sameAs\":[\"https:\/\/www.facebook.com\/LeipzigerInternetZeitung\",\"https:\/\/www.youtube.com\/c\/L-izDe\"]}]}<\/script>\n<!-- \/ Yoast SEO plugin. -->","yoast_head_json":{"title":"Guineische IP-Adresse vort\u00e4uschen 2026 - Mit Virtual Private Network nach Guinea - Leipziger Zeitung","robots":{"index":"index","follow":"follow","max-snippet":"max-snippet:-1","max-image-preview":"max-image-preview:large","max-video-preview":"max-video-preview:-1"},"canonical":"https:\/\/www.l-iz.de\/vpn\/guineische-ip-adresse-erhalten\/","og_locale":"de_DE","og_type":"article","og_title":"Guineische IP-Adresse vort\u00e4uschen [yyyy] - Mit Virtual Private Network nach Guinea - Leipziger Zeitung","og_description":"Um eine guineische IP-Adresse vorzut\u00e4uschen, m\u00fcssen Sie ein Virtual Private Network (VPN) verwenden. Ein VPN erm\u00f6glicht es Ihnen, eine IP-Adresse an einem anderen Ort zu simulieren, indem es Ihren Datenverkehr durch seine Server leitet. Wenn Sie eine guineische IP-Adresse vort\u00e4uschen m\u00f6chten, m\u00fcssen Sie ein VPN w\u00e4hlen, das Server in Guinea hat. Einige gute Optionen sind [&hellip;]","og_url":"https:\/\/www.l-iz.de\/vpn\/guineische-ip-adresse-erhalten\/","og_site_name":"Leipziger Zeitung","article_publisher":"https:\/\/www.facebook.com\/LeipzigerInternetZeitung","article_modified_time":"2024-04-21T10:00:00+00:00","twitter_card":"summary_large_image","twitter_misc":{"Gesch\u00e4tzte Lesezeit":"4\u00a0Minuten"},"schema":{"@context":"https:\/\/schema.org","@graph":[{"@type":"WebPage","@id":"https:\/\/www.l-iz.de\/vpn\/guineische-ip-adresse-erhalten\/","url":"https:\/\/www.l-iz.de\/vpn\/guineische-ip-adresse-erhalten\/","name":"Guineische IP-Adresse vort\u00e4uschen [yyyy] - Mit Virtual Private Network nach Guinea - Leipziger Zeitung","isPartOf":{"@id":"https:\/\/www.l-iz.de\/vpn\/#website"},"datePublished":"2023-09-04T22:00:00+00:00","dateModified":"2024-04-21T10:00:00+00:00","breadcrumb":{"@id":"https:\/\/www.l-iz.de\/vpn\/guineische-ip-adresse-erhalten\/#breadcrumb"},"inLanguage":"de","potentialAction":[{"@type":"ReadAction","target":["https:\/\/www.l-iz.de\/vpn\/guineische-ip-adresse-erhalten\/"]}]},{"@type":"BreadcrumbList","@id":"https:\/\/www.l-iz.de\/vpn\/guineische-ip-adresse-erhalten\/#breadcrumb","itemListElement":[{"@type":"ListItem","position":1,"name":"Startseite","item":"https:\/\/www.l-iz.de\/vpn\/"},{"@type":"ListItem","position":2,"name":"Guineische IP-Adresse vort\u00e4uschen 2024 &#8211; Mit Virtual Private Network nach Guinea"}]},{"@type":"WebSite","@id":"https:\/\/www.l-iz.de\/vpn\/#website","url":"https:\/\/www.l-iz.de\/vpn\/","name":"Leipziger Zeitung","description":"VPN-Test: Die besten VPN-Anbieter im Vergleich [yyyy]","publisher":{"@id":"https:\/\/www.l-iz.de\/vpn\/#organization"},"potentialAction":[{"@type":"SearchAction","target":{"@type":"EntryPoint","urlTemplate":"https:\/\/www.l-iz.de\/vpn\/?s={search_term_string}"},"query-input":{"@type":"PropertyValueSpecification","valueRequired":true,"valueName":"search_term_string"}}],"inLanguage":"de"},{"@type":"Organization","@id":"https:\/\/www.l-iz.de\/vpn\/#organization","name":"LZ Medien GmbH","url":"https:\/\/www.l-iz.de\/vpn\/","logo":{"@type":"ImageObject","inLanguage":"de","@id":"https:\/\/www.l-iz.de\/vpn\/#\/schema\/logo\/image\/","url":"https:\/\/www.l-iz.de\/vpn\/wp-content\/uploads\/2022\/09\/cropped-l-iz-logo.jpg","contentUrl":"https:\/\/www.l-iz.de\/vpn\/wp-content\/uploads\/2022\/09\/cropped-l-iz-logo.jpg","width":1280,"height":387,"caption":"LZ Medien GmbH"},"image":{"@id":"https:\/\/www.l-iz.de\/vpn\/#\/schema\/logo\/image\/"},"sameAs":["https:\/\/www.facebook.com\/LeipzigerInternetZeitung","https:\/\/www.youtube.com\/c\/L-izDe"]}]}},"_links":{"self":[{"href":"https:\/\/www.l-iz.de\/vpn\/wp-json\/wp\/v2\/pages\/7393","targetHints":{"allow":["GET"]}}],"collection":[{"href":"https:\/\/www.l-iz.de\/vpn\/wp-json\/wp\/v2\/pages"}],"about":[{"href":"https:\/\/www.l-iz.de\/vpn\/wp-json\/wp\/v2\/types\/page"}],"author":[{"embeddable":true,"href":"https:\/\/www.l-iz.de\/vpn\/wp-json\/wp\/v2\/users\/1"}],"replies":[{"embeddable":true,"href":"https:\/\/www.l-iz.de\/vpn\/wp-json\/wp\/v2\/comments?post=7393"}],"version-history":[{"count":1,"href":"https:\/\/www.l-iz.de\/vpn\/wp-json\/wp\/v2\/pages\/7393\/revisions"}],"predecessor-version":[{"id":8440,"href":"https:\/\/www.l-iz.de\/vpn\/wp-json\/wp\/v2\/pages\/7393\/revisions\/8440"}],"wp:attachment":[{"href":"https:\/\/www.l-iz.de\/vpn\/wp-json\/wp\/v2\/media?parent=7393"}],"wp:term":[{"taxonomy":"post_tag","embeddable":true,"href":"https:\/\/www.l-iz.de\/vpn\/wp-json\/wp\/v2\/tags?post=7393"}],"curies":[{"name":"wp","href":"https:\/\/api.w.org\/{rel}","templated":true}]}}