{"id":7809,"date":"2023-10-12T13:12:38","date_gmt":"2023-10-12T11:12:38","guid":{"rendered":"https:\/\/www.l-iz.de\/vpn\/?page_id=7809"},"modified":"2024-04-21T12:00:00","modified_gmt":"2024-04-21T10:00:00","slug":"vpn-trick-spare-90-youtube-premium-fuer-unter-1euro","status":"publish","type":"page","link":"https:\/\/www.l-iz.de\/vpn\/vpn-trick-spare-90-youtube-premium-fuer-unter-1euro\/","title":{"rendered":"VPN Trick &#8211; spare 90%: YouTube Premium f\u00fcr unter 1\u20ac"},"content":{"rendered":"<h2>G\u00fcnstiges YouTube Premium 2024: Ein umfassender Leitfaden<\/h2>\n<h3>Was ist YouTube Premium?<\/h3>\n<p><img loading=\"lazy\" decoding=\"async\" class=\"size-medium wp-image-7811 alignright\" src=\"https:\/\/www.l-iz.de\/vpn\/wp-content\/uploads\/2024\/10\/youtube-premium-vpn-300x225.jpg\" alt=\"Youtube Premium f\u00fcr unter 1\u20ac durch VPN.\" width=\"300\" height=\"225\" \/>YouTube Premium bietet zahlreiche Vorteile, die Sie mit einem Standardkonto nicht nutzen k\u00f6nnen. Es entfernt l\u00e4stige Werbung, erm\u00f6glicht das Herunterladen von Videos und das Abspielen im Hintergrund, w\u00e4hrend Sie andere Apps verwenden. Nat\u00fcrlich sind diese zus\u00e4tzlichen Funktionen nicht kostenlos, aber es gibt einen einfachen Trick, um ein g\u00fcnstiges YouTube Premium-Konto zu erhalten.<\/p>\n<h3>Schl\u00fcsselerkenntnisse:<\/h3>\n<ul>\n<li>YouTube Premium erm\u00f6glicht ein werbefreies YouTube-Erlebnis, das Herunterladen von Videos und das Ansehen im Hintergrund bei Verwendung anderer Apps. Deutsche Benutzer zahlen normalerweise 11,99\u20ac pro Monat f\u00fcr den Dienst.<\/li>\n<li>Mit einem VPN wie CyberGhost k\u00f6nnen Sie auf YouTube Premium f\u00fcr weniger als 1\u20ac pro Monat zugreifen.<\/li>\n<\/ul>\n<div class=\"space-organization-content-button relative\" style=\"text-align: center;\"><a title=\"Jetzt CyberGhost kostenlos testen\" href=\"https:\/\/www.l-iz.de\/vpn\/zu\/cyberghost\/\" target=\"_blank\" rel=\"nofollow noopener\">Jetzt CyberGhost 30 Tage kostenlos testen<i class=\"fas fa-arrow-alt-circle-right\" aria-hidden=\"true\"><\/i><\/a><\/div>\n<p>&nbsp;<\/p>\n<h2>G\u00fcnstiges YouTube Premium Abo f\u00fcr unter 1\u20ac &#8211; so geht&#8217;s<\/h2>\n<p>Um den besonders g\u00fcnstigen Preis f\u00fcr YouTube Premium zu nutzen, ben\u00f6tigen Sie zuerst ein Konto bei einem VPN-Anbieter, wir empfehlen <a href=\"https:\/\/www.l-iz.de\/vpn\/zu\/cyberghost\/\">CyberGhost<\/a> (Testsieger 2024). Viele der besten VPN-Anbieter bieten eine 30-t\u00e4gige Geld-zur\u00fcck-Garantie an. F\u00fcr diesen Prozess verwenden wir CyberGhost, einen Dienst, der Ihnen den Zugriff auf einen t\u00fcrkischen Server erm\u00f6glicht, den Sie ben\u00f6tigen, um das g\u00fcnstigste YouTube Premium-Abonnement zu erhalten.<\/p>\n<h3>Schritte zum Erstellen eines Kontos:<\/h3>\n<ol>\n<li>Besuchen Sie die <a href=\"https:\/\/www.l-iz.de\/vpn\/zu\/cyberghost\/\">CyberGhost-Webseite und er\u00f6ffnen ein Konto<\/a>.<\/li>\n<li>Verbinden Sie Ihr VPN mit einem Server in der T\u00fcrkei.<\/li>\n<li>Erstellen Sie ein neues Google-Konto und geben Sie Ihre Kreditkartendaten ein.<\/li>\n<li>Webseite von YouTube Premium aufrufen, Abo abschlie\u00dfen und VPN ausschalten.<\/li>\n<\/ol>\n<p>&nbsp;<\/p>\n<h2>Der beste VPN f\u00fcr YouTube Premium<\/h2>\n<h3>1. CyberGhost: Das beste VPN f\u00fcr YouTube Premium<\/h3>\n<p>CyberGhost bietet Apps und Erweiterungen f\u00fcr mehrere Betriebssysteme und Browser. Es bietet eine Internet-Trennschaltung, die Sie vom Internet trennt, wenn Ihr VPN ausf\u00e4llt, sowie Split-Tunneling und Werbeblockierung. Sie k\u00f6nnen aus einer Vielzahl von Servern in verschiedenen L\u00e4ndern w\u00e4hlen.<\/p>\n<div class=\"space-organization-content-button relative\" style=\"text-align: center;\"><a title=\"Jetzt CyberGhost kostenlos testen\" href=\"https:\/\/www.l-iz.de\/vpn\/zu\/cyberghost\/\" target=\"_blank\" rel=\"nofollow noopener\">Jetzt CyberGhost kostenlos testen<i class=\"fas fa-arrow-alt-circle-right\" aria-hidden=\"true\"><\/i><\/a><\/div>\n<p>&nbsp;<\/p>\n<h3>2. Andere VPN-Anbieter hatten bei unserem Test Probleme oder wurden von YouTube erkannt.<\/h3>\n<p>&nbsp;<\/p>\n<h2>Was bietet ein YouTube Premium-Abonnement?<\/h2>\n<p>YouTube Premium bietet gro\u00dfartige Vorteile, darunter die YouTube Music-App und Video-Downloads. Der gr\u00f6\u00dfte Vorteil von YouTube Premium ist, dass Sie werbefreie Videos erhalten, einschlie\u00dflich YouTube-Originals.<\/p>\n<p>&nbsp;<\/p>\n<h2>Was kostet eine YouTube Premium-Mitgliedschaft normalerweise?<\/h2>\n<p>Die Kosten f\u00fcr YouTube Premium h\u00e4ngen davon ab, in welchem Land Sie sich befinden. Ein monatliches Abonnement in den USA kostet 11,99\u20ac pro Monat oder 119,99\u20ac pro Jahr.<\/p>\n<div class=\"space-organization-content-button relative\" style=\"text-align: center;\"><a title=\"Jetzt CyberGhost kostenlos testen\" href=\"https:\/\/www.l-iz.de\/vpn\/zu\/cyberghost\/\" target=\"_blank\" rel=\"nofollow noopener\">Jetzt CyberGhost kostenlos testen<i class=\"fas fa-arrow-alt-circle-right\" aria-hidden=\"true\"><\/i><\/a><\/div>\n<p>&nbsp;<\/p>\n","protected":false},"excerpt":{"rendered":"<p>G\u00fcnstiges YouTube Premium 2024: Ein umfassender Leitfaden Was ist YouTube Premium? YouTube Premium bietet zahlreiche Vorteile, die Sie mit einem Standardkonto nicht nutzen k\u00f6nnen. Es entfernt l\u00e4stige Werbung, erm\u00f6glicht das Herunterladen von Videos und das Abspielen im Hintergrund, w\u00e4hrend Sie andere Apps verwenden. Nat\u00fcrlich sind diese zus\u00e4tzlichen Funktionen nicht kostenlos, aber es gibt einen einfachen [&hellip;]<\/p>\n","protected":false},"author":1,"featured_media":7811,"parent":0,"menu_order":0,"comment_status":"closed","ping_status":"closed","template":"","meta":{"_lmt_disableupdate":"","_lmt_disable":"","footnotes":""},"tags":[],"class_list":["post-7809","page","type-page","status-publish","has-post-thumbnail","hentry"],"yoast_head":"<!-- This site is optimized with the Yoast SEO plugin v27.2 - https:\/\/yoast.com\/product\/yoast-seo-wordpress\/ -->\n<title>VPN Trick - spare 90%: YouTube Premium f\u00fcr unter 1\u20ac - Leipziger Zeitung<\/title>\n<meta name=\"robots\" content=\"index, follow, max-snippet:-1, max-image-preview:large, max-video-preview:-1\" \/>\n<link rel=\"canonical\" href=\"https:\/\/www.l-iz.de\/vpn\/vpn-trick-spare-90-youtube-premium-fuer-unter-1euro\/\" \/>\n<meta property=\"og:locale\" content=\"de_DE\" \/>\n<meta property=\"og:type\" content=\"article\" \/>\n<meta property=\"og:title\" content=\"VPN Trick - spare 90%: YouTube Premium f\u00fcr unter 1\u20ac - Leipziger Zeitung\" \/>\n<meta property=\"og:description\" content=\"G\u00fcnstiges YouTube Premium 2024: Ein umfassender Leitfaden Was ist YouTube Premium? YouTube Premium bietet zahlreiche Vorteile, die Sie mit einem Standardkonto nicht nutzen k\u00f6nnen. Es entfernt l\u00e4stige Werbung, erm\u00f6glicht das Herunterladen von Videos und das Abspielen im Hintergrund, w\u00e4hrend Sie andere Apps verwenden. Nat\u00fcrlich sind diese zus\u00e4tzlichen Funktionen nicht kostenlos, aber es gibt einen einfachen [&hellip;]\" \/>\n<meta property=\"og:url\" content=\"https:\/\/www.l-iz.de\/vpn\/vpn-trick-spare-90-youtube-premium-fuer-unter-1euro\/\" \/>\n<meta property=\"og:site_name\" content=\"Leipziger Zeitung\" \/>\n<meta property=\"article:publisher\" content=\"https:\/\/www.facebook.com\/LeipzigerInternetZeitung\" \/>\n<meta property=\"article:modified_time\" content=\"2024-04-21T10:00:00+00:00\" \/>\n<meta property=\"og:image\" content=\"https:\/\/www.l-iz.de\/vpn\/wp-content\/uploads\/2023\/10\/youtube-premium-vpn.jpg\" \/>\n\t<meta property=\"og:image:width\" content=\"1920\" \/>\n\t<meta property=\"og:image:height\" content=\"1440\" \/>\n\t<meta property=\"og:image:type\" content=\"image\/jpeg\" \/>\n<meta name=\"twitter:card\" content=\"summary_large_image\" \/>\n<meta name=\"twitter:label1\" content=\"Gesch\u00e4tzte Lesezeit\" \/>\n\t<meta name=\"twitter:data1\" content=\"3\u00a0Minuten\" \/>\n<script type=\"application\/ld+json\" class=\"yoast-schema-graph\">{\"@context\":\"https:\/\/schema.org\",\"@graph\":[{\"@type\":\"WebPage\",\"@id\":\"https:\/\/www.l-iz.de\/vpn\/vpn-trick-spare-90-youtube-premium-fuer-unter-1euro\/\",\"url\":\"https:\/\/www.l-iz.de\/vpn\/vpn-trick-spare-90-youtube-premium-fuer-unter-1euro\/\",\"name\":\"VPN Trick - spare 90%: YouTube Premium f\u00fcr unter 1\u20ac - Leipziger Zeitung\",\"isPartOf\":{\"@id\":\"https:\/\/www.l-iz.de\/vpn\/#website\"},\"primaryImageOfPage\":{\"@id\":\"https:\/\/www.l-iz.de\/vpn\/vpn-trick-spare-90-youtube-premium-fuer-unter-1euro\/#primaryimage\"},\"image\":{\"@id\":\"https:\/\/www.l-iz.de\/vpn\/vpn-trick-spare-90-youtube-premium-fuer-unter-1euro\/#primaryimage\"},\"thumbnailUrl\":\"https:\/\/www.l-iz.de\/vpn\/wp-content\/uploads\/2023\/10\/youtube-premium-vpn.jpg\",\"datePublished\":\"2023-10-12T11:12:38+00:00\",\"dateModified\":\"2024-04-21T10:00:00+00:00\",\"breadcrumb\":{\"@id\":\"https:\/\/www.l-iz.de\/vpn\/vpn-trick-spare-90-youtube-premium-fuer-unter-1euro\/#breadcrumb\"},\"inLanguage\":\"de\",\"potentialAction\":[{\"@type\":\"ReadAction\",\"target\":[\"https:\/\/www.l-iz.de\/vpn\/vpn-trick-spare-90-youtube-premium-fuer-unter-1euro\/\"]}]},{\"@type\":\"ImageObject\",\"inLanguage\":\"de\",\"@id\":\"https:\/\/www.l-iz.de\/vpn\/vpn-trick-spare-90-youtube-premium-fuer-unter-1euro\/#primaryimage\",\"url\":\"https:\/\/www.l-iz.de\/vpn\/wp-content\/uploads\/2023\/10\/youtube-premium-vpn.jpg\",\"contentUrl\":\"https:\/\/www.l-iz.de\/vpn\/wp-content\/uploads\/2023\/10\/youtube-premium-vpn.jpg\",\"width\":1920,\"height\":1440,\"caption\":\"Youtube Premium f\u00fcr unter 1\u20ac durch VPN.\"},{\"@type\":\"BreadcrumbList\",\"@id\":\"https:\/\/www.l-iz.de\/vpn\/vpn-trick-spare-90-youtube-premium-fuer-unter-1euro\/#breadcrumb\",\"itemListElement\":[{\"@type\":\"ListItem\",\"position\":1,\"name\":\"Startseite\",\"item\":\"https:\/\/www.l-iz.de\/vpn\/\"},{\"@type\":\"ListItem\",\"position\":2,\"name\":\"VPN Trick &#8211; spare 90%: YouTube Premium f\u00fcr unter 1\u20ac\"}]},{\"@type\":\"WebSite\",\"@id\":\"https:\/\/www.l-iz.de\/vpn\/#website\",\"url\":\"https:\/\/www.l-iz.de\/vpn\/\",\"name\":\"Leipziger Zeitung\",\"description\":\"VPN-Test: Die besten VPN-Anbieter im Vergleich [yyyy]\",\"publisher\":{\"@id\":\"https:\/\/www.l-iz.de\/vpn\/#organization\"},\"potentialAction\":[{\"@type\":\"SearchAction\",\"target\":{\"@type\":\"EntryPoint\",\"urlTemplate\":\"https:\/\/www.l-iz.de\/vpn\/?s={search_term_string}\"},\"query-input\":{\"@type\":\"PropertyValueSpecification\",\"valueRequired\":true,\"valueName\":\"search_term_string\"}}],\"inLanguage\":\"de\"},{\"@type\":\"Organization\",\"@id\":\"https:\/\/www.l-iz.de\/vpn\/#organization\",\"name\":\"LZ Medien GmbH\",\"url\":\"https:\/\/www.l-iz.de\/vpn\/\",\"logo\":{\"@type\":\"ImageObject\",\"inLanguage\":\"de\",\"@id\":\"https:\/\/www.l-iz.de\/vpn\/#\/schema\/logo\/image\/\",\"url\":\"https:\/\/www.l-iz.de\/vpn\/wp-content\/uploads\/2022\/09\/cropped-l-iz-logo.jpg\",\"contentUrl\":\"https:\/\/www.l-iz.de\/vpn\/wp-content\/uploads\/2022\/09\/cropped-l-iz-logo.jpg\",\"width\":1280,\"height\":387,\"caption\":\"LZ Medien GmbH\"},\"image\":{\"@id\":\"https:\/\/www.l-iz.de\/vpn\/#\/schema\/logo\/image\/\"},\"sameAs\":[\"https:\/\/www.facebook.com\/LeipzigerInternetZeitung\",\"https:\/\/www.youtube.com\/c\/L-izDe\"]}]}<\/script>\n<!-- \/ Yoast SEO plugin. -->","yoast_head_json":{"title":"VPN Trick - spare 90%: YouTube Premium f\u00fcr unter 1\u20ac - Leipziger Zeitung","robots":{"index":"index","follow":"follow","max-snippet":"max-snippet:-1","max-image-preview":"max-image-preview:large","max-video-preview":"max-video-preview:-1"},"canonical":"https:\/\/www.l-iz.de\/vpn\/vpn-trick-spare-90-youtube-premium-fuer-unter-1euro\/","og_locale":"de_DE","og_type":"article","og_title":"VPN Trick - spare 90%: YouTube Premium f\u00fcr unter 1\u20ac - Leipziger Zeitung","og_description":"G\u00fcnstiges YouTube Premium 2024: Ein umfassender Leitfaden Was ist YouTube Premium? YouTube Premium bietet zahlreiche Vorteile, die Sie mit einem Standardkonto nicht nutzen k\u00f6nnen. Es entfernt l\u00e4stige Werbung, erm\u00f6glicht das Herunterladen von Videos und das Abspielen im Hintergrund, w\u00e4hrend Sie andere Apps verwenden. Nat\u00fcrlich sind diese zus\u00e4tzlichen Funktionen nicht kostenlos, aber es gibt einen einfachen [&hellip;]","og_url":"https:\/\/www.l-iz.de\/vpn\/vpn-trick-spare-90-youtube-premium-fuer-unter-1euro\/","og_site_name":"Leipziger Zeitung","article_publisher":"https:\/\/www.facebook.com\/LeipzigerInternetZeitung","article_modified_time":"2024-04-21T10:00:00+00:00","og_image":[{"width":1920,"height":1440,"url":"https:\/\/www.l-iz.de\/vpn\/wp-content\/uploads\/2023\/10\/youtube-premium-vpn.jpg","type":"image\/jpeg"}],"twitter_card":"summary_large_image","twitter_misc":{"Gesch\u00e4tzte Lesezeit":"3\u00a0Minuten"},"schema":{"@context":"https:\/\/schema.org","@graph":[{"@type":"WebPage","@id":"https:\/\/www.l-iz.de\/vpn\/vpn-trick-spare-90-youtube-premium-fuer-unter-1euro\/","url":"https:\/\/www.l-iz.de\/vpn\/vpn-trick-spare-90-youtube-premium-fuer-unter-1euro\/","name":"VPN Trick - spare 90%: YouTube Premium f\u00fcr unter 1\u20ac - Leipziger Zeitung","isPartOf":{"@id":"https:\/\/www.l-iz.de\/vpn\/#website"},"primaryImageOfPage":{"@id":"https:\/\/www.l-iz.de\/vpn\/vpn-trick-spare-90-youtube-premium-fuer-unter-1euro\/#primaryimage"},"image":{"@id":"https:\/\/www.l-iz.de\/vpn\/vpn-trick-spare-90-youtube-premium-fuer-unter-1euro\/#primaryimage"},"thumbnailUrl":"https:\/\/www.l-iz.de\/vpn\/wp-content\/uploads\/2023\/10\/youtube-premium-vpn.jpg","datePublished":"2023-10-12T11:12:38+00:00","dateModified":"2024-04-21T10:00:00+00:00","breadcrumb":{"@id":"https:\/\/www.l-iz.de\/vpn\/vpn-trick-spare-90-youtube-premium-fuer-unter-1euro\/#breadcrumb"},"inLanguage":"de","potentialAction":[{"@type":"ReadAction","target":["https:\/\/www.l-iz.de\/vpn\/vpn-trick-spare-90-youtube-premium-fuer-unter-1euro\/"]}]},{"@type":"ImageObject","inLanguage":"de","@id":"https:\/\/www.l-iz.de\/vpn\/vpn-trick-spare-90-youtube-premium-fuer-unter-1euro\/#primaryimage","url":"https:\/\/www.l-iz.de\/vpn\/wp-content\/uploads\/2023\/10\/youtube-premium-vpn.jpg","contentUrl":"https:\/\/www.l-iz.de\/vpn\/wp-content\/uploads\/2023\/10\/youtube-premium-vpn.jpg","width":1920,"height":1440,"caption":"Youtube Premium f\u00fcr unter 1\u20ac durch VPN."},{"@type":"BreadcrumbList","@id":"https:\/\/www.l-iz.de\/vpn\/vpn-trick-spare-90-youtube-premium-fuer-unter-1euro\/#breadcrumb","itemListElement":[{"@type":"ListItem","position":1,"name":"Startseite","item":"https:\/\/www.l-iz.de\/vpn\/"},{"@type":"ListItem","position":2,"name":"VPN Trick &#8211; spare 90%: YouTube Premium f\u00fcr unter 1\u20ac"}]},{"@type":"WebSite","@id":"https:\/\/www.l-iz.de\/vpn\/#website","url":"https:\/\/www.l-iz.de\/vpn\/","name":"Leipziger Zeitung","description":"VPN-Test: Die besten VPN-Anbieter im Vergleich [yyyy]","publisher":{"@id":"https:\/\/www.l-iz.de\/vpn\/#organization"},"potentialAction":[{"@type":"SearchAction","target":{"@type":"EntryPoint","urlTemplate":"https:\/\/www.l-iz.de\/vpn\/?s={search_term_string}"},"query-input":{"@type":"PropertyValueSpecification","valueRequired":true,"valueName":"search_term_string"}}],"inLanguage":"de"},{"@type":"Organization","@id":"https:\/\/www.l-iz.de\/vpn\/#organization","name":"LZ Medien GmbH","url":"https:\/\/www.l-iz.de\/vpn\/","logo":{"@type":"ImageObject","inLanguage":"de","@id":"https:\/\/www.l-iz.de\/vpn\/#\/schema\/logo\/image\/","url":"https:\/\/www.l-iz.de\/vpn\/wp-content\/uploads\/2022\/09\/cropped-l-iz-logo.jpg","contentUrl":"https:\/\/www.l-iz.de\/vpn\/wp-content\/uploads\/2022\/09\/cropped-l-iz-logo.jpg","width":1280,"height":387,"caption":"LZ Medien GmbH"},"image":{"@id":"https:\/\/www.l-iz.de\/vpn\/#\/schema\/logo\/image\/"},"sameAs":["https:\/\/www.facebook.com\/LeipzigerInternetZeitung","https:\/\/www.youtube.com\/c\/L-izDe"]}]}},"_links":{"self":[{"href":"https:\/\/www.l-iz.de\/vpn\/wp-json\/wp\/v2\/pages\/7809","targetHints":{"allow":["GET"]}}],"collection":[{"href":"https:\/\/www.l-iz.de\/vpn\/wp-json\/wp\/v2\/pages"}],"about":[{"href":"https:\/\/www.l-iz.de\/vpn\/wp-json\/wp\/v2\/types\/page"}],"author":[{"embeddable":true,"href":"https:\/\/www.l-iz.de\/vpn\/wp-json\/wp\/v2\/users\/1"}],"replies":[{"embeddable":true,"href":"https:\/\/www.l-iz.de\/vpn\/wp-json\/wp\/v2\/comments?post=7809"}],"version-history":[{"count":4,"href":"https:\/\/www.l-iz.de\/vpn\/wp-json\/wp\/v2\/pages\/7809\/revisions"}],"predecessor-version":[{"id":7814,"href":"https:\/\/www.l-iz.de\/vpn\/wp-json\/wp\/v2\/pages\/7809\/revisions\/7814"}],"wp:featuredmedia":[{"embeddable":true,"href":"https:\/\/www.l-iz.de\/vpn\/wp-json\/wp\/v2\/media\/7811"}],"wp:attachment":[{"href":"https:\/\/www.l-iz.de\/vpn\/wp-json\/wp\/v2\/media?parent=7809"}],"wp:term":[{"taxonomy":"post_tag","embeddable":true,"href":"https:\/\/www.l-iz.de\/vpn\/wp-json\/wp\/v2\/tags?post=7809"}],"curies":[{"name":"wp","href":"https:\/\/api.w.org\/{rel}","templated":true}]}}